{"id":75536,"date":"2024-01-18T17:49:54","date_gmt":"2024-01-18T16:49:54","guid":{"rendered":"https:\/\/somllavors.com\/producto\/cochecito-joolz-day-5\/"},"modified":"2025-12-03T23:18:43","modified_gmt":"2025-12-03T22:18:43","slug":"cochecito-joolz-day-5","status":"publish","type":"product","link":"https:\/\/somllavors.com\/es\/producte\/cochecito-joolz-day-5","title":{"rendered":"Cochecito Joolz Day 5"},"content":{"rendered":"<h1>Nuevo cochecito Joolz Day 5 &#8211; Comfortably protective<\/h1>\n<p>\u00a1Por fin llega el Joolz Day 5, el cochecito de alta gama con un capazo y una silla 100% ergon\u00f3mica! Se trata del primer cochecito en silla en forma de 4 que se convierte en una superficie totalmente plana cuando lo estiras. Se trata de una sillita revolucionaria ya que tanto la posici\u00f3n sentada como la posici\u00f3n estirada respetan al 100% las necesidades del ni\u00f1o.  <\/p>\n<p><em>\u275d <\/em>La silla ergon\u00f3mica del Joolz Day5 se reclina completamente, garantizando un sue\u00f1o \u00f3ptimo al ofrecer un mayor confort ergon\u00f3mico y una mayor libertad de movimientos para el peque. A diferencia de otras sillas de cochecitos en las que las camas del peque se colocan en los llamados \u00e1ngulos en zigzag durante el suelo, \u00e9ste tiene una clara distinci\u00f3n<em>.\u275e<\/em> <\/p>\n<p><strong>Experto en ergonom\u00eda Ir. J.F.M. Molenbroek <\/strong><\/p>\n<p>&lt;iframe width=&#8221;560&#8243; height=&#8221;315&#8243; src=&#8221;https:\/\/www.youtube.com\/embed\/TvFRJBb0VDI?si=mtCTUyUTlGbpF_Df&#8221; title=&#8221;YouTube video player&#8221; frameborder=&#8221;0&#8243; allow=&#8221;accelerometer; autoplay; clipboard-write; encrypted-media; gyroscope; picture-in-picture; web-share&#8221; allowfullscreen&gt;&lt;\/iframe&gt;<\/p>\n<p>&nbsp;<\/p>\n<div class=\"content-overlay__body--left\">\n<h3 class=\"content-overlay__body--subtitle\">Dimensiones y peso del Joolz Day 5:<\/h3>\n<p>Desplegado:<\/p>\n<ul>\n<li>Longitud: 88 &#8211; 94 cm<\/li>\n<li>Ancho: 60 cm<\/li>\n<li>Alto: 103 &#8211; 113 cm<\/li>\n<\/ul>\n<\/div>\n<div class=\"content-overlay__body--right\">\n<div>\n<p class=\"content-overlay__body--subtitle\">Plegado<\/p>\n<ul>\n<li>Longitud: 83 cm<\/li>\n<li>Ancho: 60 cm<\/li>\n<li>Alto: 46 cm<\/li>\n<\/ul>\n<p>Informaci\u00f3n de la marca:<\/p>\n<p>&#8211; Marca registrada en el registro de marcas: <strong>JOOLZ<\/strong><\/p>\n<p>&#8211; Nombre del fabricante (persona f\u00edsica o jur\u00eddica): <strong>Milk Design BV<\/strong><\/p>\n<p>&#8211; Direcci\u00f3n postal del fabricante: <strong>Distelweg, 89, 1031 HD Amsterdam (The Nederlands)<\/strong><\/p>\n<p>&#8211; Direcci\u00f3n electr\u00f3nica de contacto del fabricante (una direcci\u00f3n de correo electr\u00f3nico o URL para consultas de los clientes): <strong><a href=\"mailto:info@joolz.com\" target=\"_blank\" rel=\"noopener\">info@joolz.com<\/a><\/strong><\/p>\n<p>&#8211; Informaci\u00f3n general sobre la seguridad del producto: <strong><a href=\"mailto:info@joolz.com\" target=\"_blank\" rel=\"noopener\">info@joolz.com<\/a><\/strong><\/p>\n<p>&#8211; Informaci\u00f3n de contacto adicional: <strong><a href=\"mailto:info@joolz.com\" target=\"_blank\" rel=\"noopener\">info@joolz.com<\/a><\/strong><\/p>\n<\/div>\n<\/div>\n<p>&nbsp;<\/p>\n","protected":false},"excerpt":{"rendered":"<p>\u00a1Descubre el nuevo cochecito de gama premium <strong>Joolz Day 5!<\/strong> la actualizaci\u00f3n de quinta generaci\u00f3n de nuestro querido modelo Joolz Day, adorado por padres de todo el mundo. Este extraordinario cochecito 3 en 1 es un abrazo sobre ruedas, que combina el m\u00e1ximo confort y protecci\u00f3n con el mejor soporte para tu(s) peque\u00f1o(s). <\/p>\n<ul>\n<li>Con una impresionante valoraci\u00f3n de los consumidores de 4,8 sobre 5, el Joolz Day5 eleva cada caracter\u00edstica apreciada de su predecesor. Desarrollada con expertos para ofrecer el m\u00e1ximo confort ergon\u00f3mico, este cochecito se asegura de mantener a tu beb\u00e9 sano y sacando vayas donde vayas. <\/li>\n<li>Cabazo suave como una nube con colch\u00f3n hipoalerg\u00e9nico Tencel\u2122-Lyocell para el m\u00e1ximo confort,<\/li>\n<li>La capota no s\u00f3lo protege al beb\u00e9 de las influencias externas, sino que tambi\u00e9n crea un peque\u00f1o y acogedor escondrijo,<\/li>\n<li>Silla ergon\u00f3mica \u00fanica, patentada y desarrollada con expertos para ofrecer el m\u00e1ximo confort ergon\u00f3mico.<\/li>\n<li>Con s\u00f3lo 12 kg de peso, el Joolz Day5 es el cochecito confort premium m\u00e1s ligero y la combinaci\u00f3n perfecta de calidad, funcionalidad y dise\u00f1o premium.<\/li>\n<\/ul>\n<p>&nbsp;<\/p>\n","protected":false},"featured_media":54803,"template":"","meta":{"_acf_changed":false,"site-sidebar-layout":"default","site-content-layout":"default","ast-site-content-layout":"default","site-content-style":"default","site-sidebar-style":"default","ast-global-header-display":"","ast-banner-title-visibility":"","ast-main-header-display":"","ast-hfb-above-header-display":"","ast-hfb-below-header-display":"","ast-hfb-mobile-header-display":"","site-post-title":"","ast-breadcrumbs-content":"","ast-featured-img":"","footer-sml-layout":"","ast-disable-related-posts":"","theme-transparent-header-meta":"default","adv-header-id-meta":"","stick-header-meta":"","header-above-stick-meta":"","header-main-stick-meta":"","header-below-stick-meta":"","astra-migrate-meta-layouts":"default","ast-page-background-enabled":"default","ast-page-background-meta":{"desktop":{"background-color":"","background-image":"","background-repeat":"repeat","background-position":"center center","background-size":"auto","background-attachment":"scroll","background-type":"","background-media":"","overlay-type":"","overlay-color":"","overlay-opacity":"","overlay-gradient":""},"tablet":{"background-color":"","background-image":"","background-repeat":"repeat","background-position":"center center","background-size":"auto","background-attachment":"scroll","background-type":"","background-media":"","overlay-type":"","overlay-color":"","overlay-opacity":"","overlay-gradient":""},"mobile":{"background-color":"","background-image":"","background-repeat":"repeat","background-position":"center center","background-size":"auto","background-attachment":"scroll","background-type":"","background-media":"","overlay-type":"","overlay-color":"","overlay-opacity":"","overlay-gradient":""}},"ast-content-background-meta":{"desktop":{"background-color":"var(--ast-global-color-5)","background-image":"","background-repeat":"repeat","background-position":"center center","background-size":"auto","background-attachment":"scroll","background-type":"","background-media":"","overlay-type":"","overlay-color":"","overlay-opacity":"","overlay-gradient":""},"tablet":{"background-color":"var(--ast-global-color-5)","background-image":"","background-repeat":"repeat","background-position":"center center","background-size":"auto","background-attachment":"scroll","background-type":"","background-media":"","overlay-type":"","overlay-color":"","overlay-opacity":"","overlay-gradient":""},"mobile":{"background-color":"var(--ast-global-color-5)","background-image":"","background-repeat":"repeat","background-position":"center center","background-size":"auto","background-attachment":"scroll","background-type":"","background-media":"","overlay-type":"","overlay-color":"","overlay-opacity":"","overlay-gradient":""}}},"pwb-brand":[4305],"product_brand":[],"product_cat":[4615,4617],"product_tag":[5049,4524],"class_list":{"0":"post-75536","1":"product","2":"type-product","3":"status-publish","4":"has-post-thumbnail","6":"pwb-brand-joolz-cotxets","7":"product_cat-carritos-de-bebe","8":"product_cat-joolz-es","9":"product_tag-joolz-es","10":"product_tag-joolz-hub-es","11":"pa_color-forest-green-es","12":"pa_color-navy-blue-es","13":"pa_color-sage-green-es","14":"pa_color-sandy-taupe-es","15":"pa_color-space-black-es","16":"pa_color-stone-grey-es","17":"desktop-align-left","18":"tablet-align-left","19":"mobile-align-left","21":"first","22":"instock","23":"taxable","24":"shipping-taxable","25":"purchasable","26":"product-type-variable"},"acf":[],"yoast_head":"<!-- This site is optimized with the Yoast SEO Premium plugin v18.3 (Yoast SEO v27.4) - https:\/\/yoast.com\/product\/yoast-seo-premium-wordpress\/ -->\n<title>Cochecito Joolz Day 5 &#8212; Som Llavors<\/title>\n<meta name=\"description\" content=\"\u00a1Descubre el nuevo cochecito de gama premium Joolz Day 5! la actualizaci\u00f3n de quinta generaci\u00f3n de nuestro querido modelo Joolz Day, adorado por padres de todo el mundo. Este extraordinario cochecito 3 en 1 es un abrazo sobre ruedas, que combina el m\u00e1ximo confort y protecci\u00f3n con el mejor soporte para tu(s) peque\u00f1o(s).   Con una impresionante valoraci\u00f3n de los consumidores de 4,8 sobre 5, el Joolz Day5 eleva cada caracter\u00edstica apreciada de su predecesor. Desarrollada con expertos para ofrecer el m\u00e1ximo confort ergon\u00f3mico, este cochecito se asegura de mantener a tu beb\u00e9 sano y sacando vayas donde vayas.  Cabazo suave como una nube con colch\u00f3n hipoalerg\u00e9nico Tencel\u2122-Lyocell para el m\u00e1ximo confort,  La capota no s\u00f3lo protege al beb\u00e9 de las influencias externas, sino que tambi\u00e9n crea un peque\u00f1o y acogedor escondrijo,  Silla ergon\u00f3mica \u00fanica, patentada y desarrollada con expertos para ofrecer el m\u00e1ximo confort ergon\u00f3mico.  Con s\u00f3lo 12 kg de peso, el Joolz Day5 es el cochecito confort premium m\u00e1s ligero y la combinaci\u00f3n perfecta de calidad, funcionalidad y dise\u00f1o premium. &nbsp;\" \/>\n<meta name=\"robots\" content=\"index, follow, max-snippet:-1, max-image-preview:large, max-video-preview:-1\" \/>\n<link rel=\"canonical\" href=\"https:\/\/somllavors.com\/es\/producte\/cochecito-joolz-day-5\" \/>\n<meta property=\"og:locale\" content=\"es_ES\" \/>\n<meta property=\"og:type\" content=\"article\" \/>\n<meta property=\"og:title\" content=\"Cochecito Joolz Day 5\" \/>\n<meta property=\"og:description\" content=\"La teva botiga d\u2019ecocrian\u00e7a i espai d\u2019acompanyament a la maternitat\" \/>\n<meta property=\"og:url\" content=\"https:\/\/somllavors.com\/es\/producte\/cochecito-joolz-day-5\" \/>\n<meta property=\"og:site_name\" content=\"Som Llavors\" \/>\n<meta property=\"article:publisher\" content=\"https:\/\/www.facebook.com\/somllavorsvng\/?locale=ca_ES\" \/>\n<meta property=\"article:modified_time\" content=\"2025-12-03T22:18:43+00:00\" \/>\n<meta property=\"og:image\" content=\"https:\/\/somllavors.com\/wp-content\/uploads\/2024\/01\/540004_joolz_day5_sandytaupe_sp_01.webp\" \/>\n\t<meta property=\"og:image:width\" content=\"650\" \/>\n\t<meta property=\"og:image:height\" content=\"650\" \/>\n\t<meta property=\"og:image:type\" content=\"image\/webp\" \/>\n<meta name=\"twitter:card\" content=\"summary_large_image\" \/>\n<meta name=\"twitter:label1\" content=\"Availability\" \/>\n\t<meta name=\"twitter:data1\" content=\"Hay existencias\" \/>\n<script type=\"application\/ld+json\" class=\"yoast-schema-graph\">{\"@context\":\"https:\\\/\\\/schema.org\",\"@graph\":[{\"@type\":\"WebPage\",\"@id\":\"https:\\\/\\\/somllavors.com\\\/es\\\/producte\\\/cochecito-joolz-day-5\",\"url\":\"https:\\\/\\\/somllavors.com\\\/es\\\/producte\\\/cochecito-joolz-day-5\",\"name\":\"Cochecito Joolz Day 5 &#8212; Som Llavors\",\"isPartOf\":{\"@id\":\"https:\\\/\\\/somllavors.com\\\/es#website\"},\"primaryImageOfPage\":{\"@id\":\"https:\\\/\\\/somllavors.com\\\/es\\\/producte\\\/cochecito-joolz-day-5#primaryimage\"},\"image\":{\"@id\":\"https:\\\/\\\/somllavors.com\\\/es\\\/producte\\\/cochecito-joolz-day-5#primaryimage\"},\"thumbnailUrl\":\"https:\\\/\\\/somllavors.com\\\/wp-content\\\/uploads\\\/2024\\\/01\\\/540004_joolz_day5_sandytaupe_sp_01.webp\",\"datePublished\":\"2024-01-18T16:49:54+00:00\",\"dateModified\":\"2025-12-03T22:18:43+00:00\",\"description\":\"\u00a1Descubre el nuevo cochecito de gama premium Joolz Day 5! la actualizaci\u00f3n de quinta generaci\u00f3n de nuestro querido modelo Joolz Day, adorado por padres de todo el mundo. Este extraordinario cochecito 3 en 1 es un abrazo sobre ruedas, que combina el m\u00e1ximo confort y protecci\u00f3n con el mejor soporte para tu(s) peque\u00f1o(s). Con una impresionante valoraci\u00f3n de los consumidores de 4,8 sobre 5, el Joolz Day5 eleva cada caracter\u00edstica apreciada de su predecesor. Desarrollada con expertos para ofrecer el m\u00e1ximo confort ergon\u00f3mico, este cochecito se asegura de mantener a tu beb\u00e9 sano y sacando vayas donde vayas. Cabazo suave como una nube con colch\u00f3n hipoalerg\u00e9nico Tencel\u2122-Lyocell para el m\u00e1ximo confort, La capota no s\u00f3lo protege al beb\u00e9 de las influencias externas, sino que tambi\u00e9n crea un peque\u00f1o y acogedor escondrijo, Silla ergon\u00f3mica \u00fanica, patentada y desarrollada con expertos para ofrecer el m\u00e1ximo confort ergon\u00f3mico. Con s\u00f3lo 12 kg de peso, el Joolz Day5 es el cochecito confort premium m\u00e1s ligero y la combinaci\u00f3n perfecta de calidad, funcionalidad y dise\u00f1o premium. &nbsp;\",\"breadcrumb\":{\"@id\":\"https:\\\/\\\/somllavors.com\\\/es\\\/producte\\\/cochecito-joolz-day-5#breadcrumb\"},\"inLanguage\":\"es\",\"potentialAction\":[{\"@type\":\"ReadAction\",\"target\":[\"https:\\\/\\\/somllavors.com\\\/es\\\/producte\\\/cochecito-joolz-day-5\"]}]},{\"@type\":\"ImageObject\",\"inLanguage\":\"es\",\"@id\":\"https:\\\/\\\/somllavors.com\\\/es\\\/producte\\\/cochecito-joolz-day-5#primaryimage\",\"url\":\"https:\\\/\\\/somllavors.com\\\/wp-content\\\/uploads\\\/2024\\\/01\\\/540004_joolz_day5_sandytaupe_sp_01.webp\",\"contentUrl\":\"https:\\\/\\\/somllavors.com\\\/wp-content\\\/uploads\\\/2024\\\/01\\\/540004_joolz_day5_sandytaupe_sp_01.webp\",\"width\":650,\"height\":650,\"caption\":\"Carrito beb\u00e9 Joolz Day 5\"},{\"@type\":\"BreadcrumbList\",\"@id\":\"https:\\\/\\\/somllavors.com\\\/es\\\/producte\\\/cochecito-joolz-day-5#breadcrumb\",\"itemListElement\":[{\"@type\":\"ListItem\",\"position\":1,\"name\":\"Inici\",\"item\":\"https:\\\/\\\/somllavors.com\\\/es\"},{\"@type\":\"ListItem\",\"position\":2,\"name\":\"Tienda\",\"item\":\"https:\\\/\\\/somllavors.com\\\/es\\\/botiga-2\"},{\"@type\":\"ListItem\",\"position\":3,\"name\":\"Cochecito Joolz Day 5\"}]},{\"@type\":\"WebSite\",\"@id\":\"https:\\\/\\\/somllavors.com\\\/es#website\",\"url\":\"https:\\\/\\\/somllavors.com\\\/es\",\"name\":\"Som Llavors\",\"description\":\"Botiga de crian\u00e7a natural\",\"publisher\":{\"@id\":\"https:\\\/\\\/somllavors.com\\\/es#organization\"},\"alternateName\":\"Crian\u00e7a Natural i Sostenible\",\"potentialAction\":[{\"@type\":\"SearchAction\",\"target\":{\"@type\":\"EntryPoint\",\"urlTemplate\":\"https:\\\/\\\/somllavors.com\\\/es?s={search_term_string}\"},\"query-input\":{\"@type\":\"PropertyValueSpecification\",\"valueRequired\":true,\"valueName\":\"search_term_string\"}}],\"inLanguage\":\"es\"},{\"@type\":[\"Organization\",\"Place\",\"Store\"],\"@id\":\"https:\\\/\\\/somllavors.com\\\/es#organization\",\"name\":\"Som Llavors\",\"alternateName\":\"Crian\u00e7a Natural i Sostenible\",\"url\":\"https:\\\/\\\/somllavors.com\\\/es\",\"logo\":{\"@id\":\"https:\\\/\\\/somllavors.com\\\/es\\\/producte\\\/cochecito-joolz-day-5#local-main-organization-logo\"},\"image\":{\"@id\":\"https:\\\/\\\/somllavors.com\\\/es\\\/producte\\\/cochecito-joolz-day-5#local-main-organization-logo\"},\"sameAs\":[\"https:\\\/\\\/www.facebook.com\\\/somllavorsvng\\\/?locale=ca_ES\",\"https:\\\/\\\/www.instagram.com\\\/somllavors_vng\\\/\",\"https:\\\/\\\/www.youtube.com\\\/@somllavors\"],\"address\":{\"@id\":\"https:\\\/\\\/somllavors.com\\\/es\\\/producte\\\/cochecito-joolz-day-5#local-main-place-address\"},\"geo\":{\"@type\":\"GeoCoordinates\",\"latitude\":\"41.2257737\",\"longitude\":\"1.723258859\"},\"telephone\":[\"623152704\"],\"openingHoursSpecification\":[{\"@type\":\"OpeningHoursSpecification\",\"dayOfWeek\":[\"Monday\",\"Sunday\"],\"opens\":\"00:00\",\"closes\":\"00:00\"},{\"@type\":\"OpeningHoursSpecification\",\"dayOfWeek\":[\"Tuesday\",\"Wednesday\",\"Thursday\",\"Friday\"],\"opens\":\"10:00\",\"closes\":\"20:00\"},{\"@type\":\"OpeningHoursSpecification\",\"dayOfWeek\":[\"Saturday\"],\"opens\":\"10:00\",\"closes\":\"13:30\"}],\"email\":\"info@somllavors.com\"},{\"@type\":\"PostalAddress\",\"@id\":\"https:\\\/\\\/somllavors.com\\\/es\\\/producte\\\/cochecito-joolz-day-5#local-main-place-address\",\"streetAddress\":\"Carrer de l'aigua, 6\",\"addressLocality\":\"Vilanova i la Geltr\u00fa\",\"postalCode\":\"08800\",\"addressRegion\":\"Barcelona\",\"addressCountry\":\"ES\"},{\"@type\":\"ImageObject\",\"inLanguage\":\"es\",\"@id\":\"https:\\\/\\\/somllavors.com\\\/es\\\/producte\\\/cochecito-joolz-day-5#local-main-organization-logo\",\"url\":\"https:\\\/\\\/somllavors.com\\\/wp-content\\\/uploads\\\/Logotip-Som-Llavors.jpg\",\"contentUrl\":\"https:\\\/\\\/somllavors.com\\\/wp-content\\\/uploads\\\/Logotip-Som-Llavors.jpg\",\"width\":1444,\"height\":1323,\"caption\":\"Som Llavors\"}]}<\/script>\n<meta property=\"og:availability\" content=\"instock\" \/>\n<meta property=\"product:availability\" content=\"instock\" \/>\n<meta property=\"product:condition\" content=\"new\" \/>\n<meta name=\"geo.placename\" content=\"Vilanova i la Geltr\u00fa\" \/>\n<meta name=\"geo.position\" content=\"41.2257737;1.723258859\" \/>\n<meta name=\"geo.region\" content=\"Espa\u00f1a\" \/>\n<!-- \/ Yoast SEO Premium plugin. -->","yoast_head_json":{"title":"Cochecito Joolz Day 5 &#8212; Som Llavors","description":"\u00a1Descubre el nuevo cochecito de gama premium Joolz Day 5! la actualizaci\u00f3n de quinta generaci\u00f3n de nuestro querido modelo Joolz Day, adorado por padres de todo el mundo. Este extraordinario cochecito 3 en 1 es un abrazo sobre ruedas, que combina el m\u00e1ximo confort y protecci\u00f3n con el mejor soporte para tu(s) peque\u00f1o(s).   Con una impresionante valoraci\u00f3n de los consumidores de 4,8 sobre 5, el Joolz Day5 eleva cada caracter\u00edstica apreciada de su predecesor. Desarrollada con expertos para ofrecer el m\u00e1ximo confort ergon\u00f3mico, este cochecito se asegura de mantener a tu beb\u00e9 sano y sacando vayas donde vayas.  Cabazo suave como una nube con colch\u00f3n hipoalerg\u00e9nico Tencel\u2122-Lyocell para el m\u00e1ximo confort,  La capota no s\u00f3lo protege al beb\u00e9 de las influencias externas, sino que tambi\u00e9n crea un peque\u00f1o y acogedor escondrijo,  Silla ergon\u00f3mica \u00fanica, patentada y desarrollada con expertos para ofrecer el m\u00e1ximo confort ergon\u00f3mico.  Con s\u00f3lo 12 kg de peso, el Joolz Day5 es el cochecito confort premium m\u00e1s ligero y la combinaci\u00f3n perfecta de calidad, funcionalidad y dise\u00f1o premium. &nbsp;","robots":{"index":"index","follow":"follow","max-snippet":"max-snippet:-1","max-image-preview":"max-image-preview:large","max-video-preview":"max-video-preview:-1"},"canonical":"https:\/\/somllavors.com\/es\/producte\/cochecito-joolz-day-5","og_locale":"es_ES","og_type":"article","og_title":"Cochecito Joolz Day 5","og_description":"La teva botiga d\u2019ecocrian\u00e7a i espai d\u2019acompanyament a la maternitat","og_url":"https:\/\/somllavors.com\/es\/producte\/cochecito-joolz-day-5","og_site_name":"Som Llavors","article_publisher":"https:\/\/www.facebook.com\/somllavorsvng\/?locale=ca_ES","article_modified_time":"2025-12-03T22:18:43+00:00","og_image":[{"width":650,"height":650,"url":"https:\/\/somllavors.com\/wp-content\/uploads\/2024\/01\/540004_joolz_day5_sandytaupe_sp_01.webp","type":"image\/webp"}],"twitter_card":"summary_large_image","twitter_misc":{"Availability":"Hay existencias"},"schema":{"@context":"https:\/\/schema.org","@graph":[{"@type":"WebPage","@id":"https:\/\/somllavors.com\/es\/producte\/cochecito-joolz-day-5","url":"https:\/\/somllavors.com\/es\/producte\/cochecito-joolz-day-5","name":"Cochecito Joolz Day 5 &#8212; Som Llavors","isPartOf":{"@id":"https:\/\/somllavors.com\/es#website"},"primaryImageOfPage":{"@id":"https:\/\/somllavors.com\/es\/producte\/cochecito-joolz-day-5#primaryimage"},"image":{"@id":"https:\/\/somllavors.com\/es\/producte\/cochecito-joolz-day-5#primaryimage"},"thumbnailUrl":"https:\/\/somllavors.com\/wp-content\/uploads\/2024\/01\/540004_joolz_day5_sandytaupe_sp_01.webp","datePublished":"2024-01-18T16:49:54+00:00","dateModified":"2025-12-03T22:18:43+00:00","description":"\u00a1Descubre el nuevo cochecito de gama premium Joolz Day 5! la actualizaci\u00f3n de quinta generaci\u00f3n de nuestro querido modelo Joolz Day, adorado por padres de todo el mundo. Este extraordinario cochecito 3 en 1 es un abrazo sobre ruedas, que combina el m\u00e1ximo confort y protecci\u00f3n con el mejor soporte para tu(s) peque\u00f1o(s). Con una impresionante valoraci\u00f3n de los consumidores de 4,8 sobre 5, el Joolz Day5 eleva cada caracter\u00edstica apreciada de su predecesor. Desarrollada con expertos para ofrecer el m\u00e1ximo confort ergon\u00f3mico, este cochecito se asegura de mantener a tu beb\u00e9 sano y sacando vayas donde vayas. Cabazo suave como una nube con colch\u00f3n hipoalerg\u00e9nico Tencel\u2122-Lyocell para el m\u00e1ximo confort, La capota no s\u00f3lo protege al beb\u00e9 de las influencias externas, sino que tambi\u00e9n crea un peque\u00f1o y acogedor escondrijo, Silla ergon\u00f3mica \u00fanica, patentada y desarrollada con expertos para ofrecer el m\u00e1ximo confort ergon\u00f3mico. Con s\u00f3lo 12 kg de peso, el Joolz Day5 es el cochecito confort premium m\u00e1s ligero y la combinaci\u00f3n perfecta de calidad, funcionalidad y dise\u00f1o premium. &nbsp;","breadcrumb":{"@id":"https:\/\/somllavors.com\/es\/producte\/cochecito-joolz-day-5#breadcrumb"},"inLanguage":"es","potentialAction":[{"@type":"ReadAction","target":["https:\/\/somllavors.com\/es\/producte\/cochecito-joolz-day-5"]}]},{"@type":"ImageObject","inLanguage":"es","@id":"https:\/\/somllavors.com\/es\/producte\/cochecito-joolz-day-5#primaryimage","url":"https:\/\/somllavors.com\/wp-content\/uploads\/2024\/01\/540004_joolz_day5_sandytaupe_sp_01.webp","contentUrl":"https:\/\/somllavors.com\/wp-content\/uploads\/2024\/01\/540004_joolz_day5_sandytaupe_sp_01.webp","width":650,"height":650,"caption":"Carrito beb\u00e9 Joolz Day 5"},{"@type":"BreadcrumbList","@id":"https:\/\/somllavors.com\/es\/producte\/cochecito-joolz-day-5#breadcrumb","itemListElement":[{"@type":"ListItem","position":1,"name":"Inici","item":"https:\/\/somllavors.com\/es"},{"@type":"ListItem","position":2,"name":"Tienda","item":"https:\/\/somllavors.com\/es\/botiga-2"},{"@type":"ListItem","position":3,"name":"Cochecito Joolz Day 5"}]},{"@type":"WebSite","@id":"https:\/\/somllavors.com\/es#website","url":"https:\/\/somllavors.com\/es","name":"Som Llavors","description":"Botiga de crian\u00e7a natural","publisher":{"@id":"https:\/\/somllavors.com\/es#organization"},"alternateName":"Crian\u00e7a Natural i Sostenible","potentialAction":[{"@type":"SearchAction","target":{"@type":"EntryPoint","urlTemplate":"https:\/\/somllavors.com\/es?s={search_term_string}"},"query-input":{"@type":"PropertyValueSpecification","valueRequired":true,"valueName":"search_term_string"}}],"inLanguage":"es"},{"@type":["Organization","Place","Store"],"@id":"https:\/\/somllavors.com\/es#organization","name":"Som Llavors","alternateName":"Crian\u00e7a Natural i Sostenible","url":"https:\/\/somllavors.com\/es","logo":{"@id":"https:\/\/somllavors.com\/es\/producte\/cochecito-joolz-day-5#local-main-organization-logo"},"image":{"@id":"https:\/\/somllavors.com\/es\/producte\/cochecito-joolz-day-5#local-main-organization-logo"},"sameAs":["https:\/\/www.facebook.com\/somllavorsvng\/?locale=ca_ES","https:\/\/www.instagram.com\/somllavors_vng\/","https:\/\/www.youtube.com\/@somllavors"],"address":{"@id":"https:\/\/somllavors.com\/es\/producte\/cochecito-joolz-day-5#local-main-place-address"},"geo":{"@type":"GeoCoordinates","latitude":"41.2257737","longitude":"1.723258859"},"telephone":["623152704","623152704"],"openingHoursSpecification":[{"@type":"OpeningHoursSpecification","dayOfWeek":["Monday","Sunday"],"opens":"00:00","closes":"00:00"},{"@type":"OpeningHoursSpecification","dayOfWeek":["Tuesday","Wednesday","Thursday","Friday"],"opens":"10:00","closes":"20:00"},{"@type":"OpeningHoursSpecification","dayOfWeek":["Saturday"],"opens":"10:00","closes":"13:30"}],"email":"info@somllavors.com"},{"@type":"PostalAddress","@id":"https:\/\/somllavors.com\/es\/producte\/cochecito-joolz-day-5#local-main-place-address","streetAddress":"Carrer de l'aigua, 6","addressLocality":"Vilanova i la Geltr\u00fa","postalCode":"08800","addressRegion":"Barcelona","addressCountry":"ES"},{"@type":"ImageObject","inLanguage":"es","@id":"https:\/\/somllavors.com\/es\/producte\/cochecito-joolz-day-5#local-main-organization-logo","url":"https:\/\/somllavors.com\/wp-content\/uploads\/Logotip-Som-Llavors.jpg","contentUrl":"https:\/\/somllavors.com\/wp-content\/uploads\/Logotip-Som-Llavors.jpg","width":1444,"height":1323,"caption":"Som Llavors"}]},"og_availability":"instock","product_availability":"instock","product_condition":"new","geo.placename":"Vilanova i la Geltr\u00fa","geo.position":{"lat":"41.2257737","long":"1.723258859"},"geo.region":"Espa\u00f1a"},"brands":[{"id":4305,"name":"Joolz","slug":"joolz-cotxets"}],"_links":{"self":[{"href":"https:\/\/somllavors.com\/es\/wp-json\/wp\/v2\/product\/75536","targetHints":{"allow":["GET"]}}],"collection":[{"href":"https:\/\/somllavors.com\/es\/wp-json\/wp\/v2\/product"}],"about":[{"href":"https:\/\/somllavors.com\/es\/wp-json\/wp\/v2\/types\/product"}],"wp:featuredmedia":[{"embeddable":true,"href":"https:\/\/somllavors.com\/es\/wp-json\/wp\/v2\/media\/54803"}],"wp:attachment":[{"href":"https:\/\/somllavors.com\/es\/wp-json\/wp\/v2\/media?parent=75536"}],"wp:term":[{"taxonomy":"pwb-brand","embeddable":true,"href":"https:\/\/somllavors.com\/es\/wp-json\/wp\/v2\/pwb-brand?post=75536"},{"taxonomy":"product_brand","embeddable":true,"href":"https:\/\/somllavors.com\/es\/wp-json\/wp\/v2\/product_brand?post=75536"},{"taxonomy":"product_cat","embeddable":true,"href":"https:\/\/somllavors.com\/es\/wp-json\/wp\/v2\/product_cat?post=75536"},{"taxonomy":"product_tag","embeddable":true,"href":"https:\/\/somllavors.com\/es\/wp-json\/wp\/v2\/product_tag?post=75536"}],"curies":[{"name":"wp","href":"https:\/\/api.w.org\/{rel}","templated":true}]}}