{"id":75594,"date":"2025-03-29T12:21:48","date_gmt":"2025-03-29T11:21:48","guid":{"rendered":"https:\/\/somllavors.com\/producto\/babero-con-goma-safari-mostaza-doymon\/"},"modified":"2025-08-28T17:52:34","modified_gmt":"2025-08-28T15:52:34","slug":"babero-con-goma-safari-mostaza-doymon","status":"publish","type":"product","link":"https:\/\/somllavors.com\/es\/producte\/babero-con-goma-safari-mostaza-doymon","title":{"rendered":"Babero con goma Safari mostaza \u2013 Doymon"},"content":{"rendered":"<ul>\n<li>Medidas: 29 x 35 cm.<\/li>\n<li>Composici\u00f3n: Estampado 100% algod\u00f3n | Riso 60% bamb\u00fa &#8211; 40% algod\u00f3n.<\/li>\n<li>Cuidado: Lavar a 30\u00ba. Secadora suave. Se aconseja no planchar.  <\/li>\n<\/ul>\n","protected":false},"excerpt":{"rendered":"<p>Babero con goma alrededor del cuello, dise\u00f1ado para que los ni\u00f1os y ni\u00f1as se lo pongan y saquen f\u00e1cilmente, fomentando su autonom\u00eda.<\/p>\n<ul>\n<li>Con un forro de tela impermeable detr\u00e1s, este babero no s\u00f3lo es pr\u00e1ctico, sino tambi\u00e9n respetuoso con el medio ambiente.<\/li>\n<li>Es de rizo de bamb\u00fa extra suave y absorbente, ideal para tenerlo en casa o llevarlo a la escuela.<\/li>\n<\/ul>\n","protected":false},"featured_media":75008,"template":"","meta":{"_acf_changed":false,"site-sidebar-layout":"default","site-content-layout":"","ast-site-content-layout":"default","site-content-style":"default","site-sidebar-style":"default","ast-global-header-display":"","ast-banner-title-visibility":"","ast-main-header-display":"","ast-hfb-above-header-display":"","ast-hfb-below-header-display":"","ast-hfb-mobile-header-display":"","site-post-title":"","ast-breadcrumbs-content":"","ast-featured-img":"","footer-sml-layout":"","theme-transparent-header-meta":"default","adv-header-id-meta":"","stick-header-meta":"","header-above-stick-meta":"","header-main-stick-meta":"","header-below-stick-meta":"","astra-migrate-meta-layouts":"default","ast-page-background-enabled":"default","ast-page-background-meta":{"desktop":{"background-color":"","background-image":"","background-repeat":"repeat","background-position":"center center","background-size":"auto","background-attachment":"scroll","background-type":"","background-media":"","overlay-type":"","overlay-color":"","overlay-opacity":"","overlay-gradient":""},"tablet":{"background-color":"","background-image":"","background-repeat":"repeat","background-position":"center center","background-size":"auto","background-attachment":"scroll","background-type":"","background-media":"","overlay-type":"","overlay-color":"","overlay-opacity":"","overlay-gradient":""},"mobile":{"background-color":"","background-image":"","background-repeat":"repeat","background-position":"center center","background-size":"auto","background-attachment":"scroll","background-type":"","background-media":"","overlay-type":"","overlay-color":"","overlay-opacity":"","overlay-gradient":""}},"ast-content-background-meta":{"desktop":{"background-color":"var(--ast-global-color-5)","background-image":"","background-repeat":"repeat","background-position":"center center","background-size":"auto","background-attachment":"scroll","background-type":"","background-media":"","overlay-type":"","overlay-color":"","overlay-opacity":"","overlay-gradient":""},"tablet":{"background-color":"var(--ast-global-color-5)","background-image":"","background-repeat":"repeat","background-position":"center center","background-size":"auto","background-attachment":"scroll","background-type":"","background-media":"","overlay-type":"","overlay-color":"","overlay-opacity":"","overlay-gradient":""},"mobile":{"background-color":"var(--ast-global-color-5)","background-image":"","background-repeat":"repeat","background-position":"center center","background-size":"auto","background-attachment":"scroll","background-type":"","background-media":"","overlay-type":"","overlay-color":"","overlay-opacity":"","overlay-gradient":""}}},"pwb-brand":[4167],"product_brand":[],"product_cat":[4521,3460,3508,3611],"product_tag":[5564,2407,5117,2348],"class_list":{"0":"post-75594","1":"product","2":"type-product","3":"status-publish","4":"has-post-thumbnail","6":"pwb-brand-doymon","7":"product_cat-10-20e-es","8":"product_cat-baberos","9":"product_cat-batas-escolares-y-complementos","10":"product_cat-vuelta-al-cole","11":"product_tag-babero-es-2","12":"product_tag-bambu-es","13":"product_tag-doymon-es","14":"product_tag-vuelta-a-la-escuela","15":"desktop-align-left","16":"tablet-align-left","17":"mobile-align-left","19":"first","20":"outofstock","21":"taxable","22":"shipping-taxable","23":"purchasable","24":"product-type-simple"},"acf":[],"yoast_head":"<!-- This site is optimized with the Yoast SEO Premium plugin v18.3 (Yoast SEO v26.2) - https:\/\/yoast.com\/wordpress\/plugins\/seo\/ -->\n<title>Babero con goma Safari mostaza \u2013 Doymon &#8212; Som Llavors<\/title>\n<meta name=\"description\" content=\"Babero con goma alrededor del cuello, dise\u00f1ado para que los ni\u00f1os y ni\u00f1as se lo pongan y saquen f\u00e1cilmente, fomentando su autonom\u00eda.  Con un forro de tela impermeable detr\u00e1s, este babero no s\u00f3lo es pr\u00e1ctico, sino tambi\u00e9n respetuoso con el medio ambiente.  Es de rizo de bamb\u00fa extra suave y absorbente, ideal para tenerlo en casa o llevarlo a la escuela.\" \/>\n<meta name=\"robots\" content=\"index, follow, max-snippet:-1, max-image-preview:large, max-video-preview:-1\" \/>\n<link rel=\"canonical\" href=\"https:\/\/somllavors.com\/es\/producte\/babero-con-goma-safari-mostaza-doymon\" \/>\n<meta property=\"og:locale\" content=\"es_ES\" \/>\n<meta property=\"og:type\" content=\"article\" \/>\n<meta property=\"og:title\" content=\"Babero con goma Safari mostaza \u2013 Doymon\" \/>\n<meta property=\"og:description\" content=\"La teva botiga d\u2019ecocrian\u00e7a i espai d\u2019acompanyament a la maternitat\" \/>\n<meta property=\"og:url\" content=\"https:\/\/somllavors.com\/es\/producte\/babero-con-goma-safari-mostaza-doymon\" \/>\n<meta property=\"og:site_name\" content=\"Som Llavors\" \/>\n<meta property=\"article:publisher\" content=\"https:\/\/www.facebook.com\/somllavorsvng\/?locale=ca_ES\" \/>\n<meta property=\"article:modified_time\" content=\"2025-08-28T15:52:34+00:00\" \/>\n<meta property=\"og:image\" content=\"https:\/\/somllavors.com\/wp-content\/uploads\/2025\/03\/Som-Llavors-babero-safari-mostaza-600x600-1.jpeg\" \/>\n\t<meta property=\"og:image:width\" content=\"600\" \/>\n\t<meta property=\"og:image:height\" content=\"600\" \/>\n\t<meta property=\"og:image:type\" content=\"image\/jpeg\" \/>\n<meta name=\"twitter:card\" content=\"summary_large_image\" \/>\n<meta name=\"twitter:label1\" content=\"Precio\" \/>\n\t<meta name=\"twitter:data1\" content=\"10,95&euro; Iva incl\u00f2s\" \/>\n\t<meta name=\"twitter:label2\" content=\"Availability\" \/>\n\t<meta name=\"twitter:data2\" content=\"Out of stock\" \/>\n<script type=\"application\/ld+json\" class=\"yoast-schema-graph\">{\"@context\":\"https:\/\/schema.org\",\"@graph\":[{\"@type\":\"WebPage\",\"@id\":\"https:\/\/somllavors.com\/es\/producte\/babero-con-goma-safari-mostaza-doymon\",\"url\":\"https:\/\/somllavors.com\/es\/producte\/babero-con-goma-safari-mostaza-doymon\",\"name\":\"Babero con goma Safari mostaza \u2013 Doymon &#8212; Som Llavors\",\"isPartOf\":{\"@id\":\"https:\/\/somllavors.com\/es#website\"},\"primaryImageOfPage\":{\"@id\":\"https:\/\/somllavors.com\/es\/producte\/babero-con-goma-safari-mostaza-doymon#primaryimage\"},\"image\":{\"@id\":\"https:\/\/somllavors.com\/es\/producte\/babero-con-goma-safari-mostaza-doymon#primaryimage\"},\"thumbnailUrl\":\"https:\/\/somllavors.com\/wp-content\/uploads\/2025\/03\/Som-Llavors-babero-safari-mostaza-600x600-1.jpeg\",\"datePublished\":\"2025-03-29T11:21:48+00:00\",\"dateModified\":\"2025-08-28T15:52:34+00:00\",\"description\":\"Babero con goma alrededor del cuello, dise\u00f1ado para que los ni\u00f1os y ni\u00f1as se lo pongan y saquen f\u00e1cilmente, fomentando su autonom\u00eda. Con un forro de tela impermeable detr\u00e1s, este babero no s\u00f3lo es pr\u00e1ctico, sino tambi\u00e9n respetuoso con el medio ambiente. Es de rizo de bamb\u00fa extra suave y absorbente, ideal para tenerlo en casa o llevarlo a la escuela.\",\"breadcrumb\":{\"@id\":\"https:\/\/somllavors.com\/es\/producte\/babero-con-goma-safari-mostaza-doymon#breadcrumb\"},\"inLanguage\":\"es\",\"potentialAction\":[{\"@type\":\"ReadAction\",\"target\":[\"https:\/\/somllavors.com\/es\/producte\/babero-con-goma-safari-mostaza-doymon\"]}]},{\"@type\":\"ImageObject\",\"inLanguage\":\"es\",\"@id\":\"https:\/\/somllavors.com\/es\/producte\/babero-con-goma-safari-mostaza-doymon#primaryimage\",\"url\":\"https:\/\/somllavors.com\/wp-content\/uploads\/2025\/03\/Som-Llavors-babero-safari-mostaza-600x600-1.jpeg\",\"contentUrl\":\"https:\/\/somllavors.com\/wp-content\/uploads\/2025\/03\/Som-Llavors-babero-safari-mostaza-600x600-1.jpeg\",\"width\":600,\"height\":600,\"caption\":\"pitet amb goma al coll\"},{\"@type\":\"BreadcrumbList\",\"@id\":\"https:\/\/somllavors.com\/es\/producte\/babero-con-goma-safari-mostaza-doymon#breadcrumb\",\"itemListElement\":[{\"@type\":\"ListItem\",\"position\":1,\"name\":\"Inici\",\"item\":\"https:\/\/somllavors.com\/es\"},{\"@type\":\"ListItem\",\"position\":2,\"name\":\"Tienda\",\"item\":\"https:\/\/somllavors.com\/es\/botiga-2\"},{\"@type\":\"ListItem\",\"position\":3,\"name\":\"Babero con goma Safari mostaza \u2013 Doymon\"}]},{\"@type\":\"WebSite\",\"@id\":\"https:\/\/somllavors.com\/es#website\",\"url\":\"https:\/\/somllavors.com\/es\",\"name\":\"Som Llavors\",\"description\":\"Botiga de crian\u00e7a natural\",\"publisher\":{\"@id\":\"https:\/\/somllavors.com\/es#organization\"},\"alternateName\":\"Crian\u00e7a Natural i Sostenible\",\"potentialAction\":[{\"@type\":\"SearchAction\",\"target\":{\"@type\":\"EntryPoint\",\"urlTemplate\":\"https:\/\/somllavors.com\/es?s={search_term_string}\"},\"query-input\":{\"@type\":\"PropertyValueSpecification\",\"valueRequired\":true,\"valueName\":\"search_term_string\"}}],\"inLanguage\":\"es\"},{\"@type\":[\"Organization\",\"Place\",\"Store\"],\"@id\":\"https:\/\/somllavors.com\/es#organization\",\"name\":\"Som Llavors\",\"alternateName\":\"Crian\u00e7a Natural i Sostenible\",\"url\":\"https:\/\/somllavors.com\/es\",\"logo\":{\"@id\":\"https:\/\/somllavors.com\/es\/producte\/babero-con-goma-safari-mostaza-doymon#local-main-organization-logo\"},\"image\":{\"@id\":\"https:\/\/somllavors.com\/es\/producte\/babero-con-goma-safari-mostaza-doymon#local-main-organization-logo\"},\"sameAs\":[\"https:\/\/www.facebook.com\/somllavorsvng\/?locale=ca_ES\",\"https:\/\/www.instagram.com\/somllavors_vng\/\",\"https:\/\/www.youtube.com\/@somllavors\"],\"address\":{\"@id\":\"https:\/\/somllavors.com\/es\/producte\/babero-con-goma-safari-mostaza-doymon#local-main-place-address\"},\"geo\":{\"@type\":\"GeoCoordinates\",\"latitude\":\"41.2257737\",\"longitude\":\"1.723258859\"},\"telephone\":[\"623152704\"],\"openingHoursSpecification\":[{\"@type\":\"OpeningHoursSpecification\",\"dayOfWeek\":[\"Monday\",\"Sunday\"],\"opens\":\"00:00\",\"closes\":\"00:00\"},{\"@type\":\"OpeningHoursSpecification\",\"dayOfWeek\":[\"Tuesday\",\"Wednesday\",\"Thursday\",\"Friday\"],\"opens\":\"10:00\",\"closes\":\"20:00\"},{\"@type\":\"OpeningHoursSpecification\",\"dayOfWeek\":[\"Saturday\"],\"opens\":\"10:00\",\"closes\":\"13:30\"}],\"email\":\"info@somllavors.com\"},{\"@type\":\"PostalAddress\",\"@id\":\"https:\/\/somllavors.com\/es\/producte\/babero-con-goma-safari-mostaza-doymon#local-main-place-address\",\"streetAddress\":\"Carrer de l'aigua, 6\",\"addressLocality\":\"Vilanova i la Geltr\u00fa\",\"postalCode\":\"08800\",\"addressRegion\":\"Barcelona\",\"addressCountry\":\"ES\"},{\"@type\":\"ImageObject\",\"inLanguage\":\"es\",\"@id\":\"https:\/\/somllavors.com\/es\/producte\/babero-con-goma-safari-mostaza-doymon#local-main-organization-logo\",\"url\":\"https:\/\/somllavors.com\/wp-content\/uploads\/Logotip-Som-Llavors.jpg\",\"contentUrl\":\"https:\/\/somllavors.com\/wp-content\/uploads\/Logotip-Som-Llavors.jpg\",\"width\":1444,\"height\":1323,\"caption\":\"Som Llavors\"}]}<\/script>\n<meta property=\"product:price:amount\" content=\"10.95\" \/>\n<meta property=\"product:price:currency\" content=\"EUR\" \/>\n<meta property=\"og:availability\" content=\"out of stock\" \/>\n<meta property=\"product:availability\" content=\"out of stock\" \/>\n<meta property=\"product:condition\" content=\"new\" \/>\n<meta name=\"geo.placename\" content=\"Vilanova i la Geltr\u00fa\" \/>\n<meta name=\"geo.position\" content=\"41.2257737;1.723258859\" \/>\n<meta name=\"geo.region\" content=\"Espa\u00f1a\" \/>\n<!-- \/ Yoast SEO Premium plugin. -->","yoast_head_json":{"title":"Babero con goma Safari mostaza \u2013 Doymon &#8212; Som Llavors","description":"Babero con goma alrededor del cuello, dise\u00f1ado para que los ni\u00f1os y ni\u00f1as se lo pongan y saquen f\u00e1cilmente, fomentando su autonom\u00eda.  Con un forro de tela impermeable detr\u00e1s, este babero no s\u00f3lo es pr\u00e1ctico, sino tambi\u00e9n respetuoso con el medio ambiente.  Es de rizo de bamb\u00fa extra suave y absorbente, ideal para tenerlo en casa o llevarlo a la escuela.","robots":{"index":"index","follow":"follow","max-snippet":"max-snippet:-1","max-image-preview":"max-image-preview:large","max-video-preview":"max-video-preview:-1"},"canonical":"https:\/\/somllavors.com\/es\/producte\/babero-con-goma-safari-mostaza-doymon","og_locale":"es_ES","og_type":"article","og_title":"Babero con goma Safari mostaza \u2013 Doymon","og_description":"La teva botiga d\u2019ecocrian\u00e7a i espai d\u2019acompanyament a la maternitat","og_url":"https:\/\/somllavors.com\/es\/producte\/babero-con-goma-safari-mostaza-doymon","og_site_name":"Som Llavors","article_publisher":"https:\/\/www.facebook.com\/somllavorsvng\/?locale=ca_ES","article_modified_time":"2025-08-28T15:52:34+00:00","og_image":[{"width":600,"height":600,"url":"https:\/\/somllavors.com\/wp-content\/uploads\/2025\/03\/Som-Llavors-babero-safari-mostaza-600x600-1.jpeg","type":"image\/jpeg"}],"twitter_card":"summary_large_image","twitter_misc":{"Precio":"10,95&euro; Iva incl\u00f2s","Availability":"Out of stock"},"schema":{"@context":"https:\/\/schema.org","@graph":[{"@type":"WebPage","@id":"https:\/\/somllavors.com\/es\/producte\/babero-con-goma-safari-mostaza-doymon","url":"https:\/\/somllavors.com\/es\/producte\/babero-con-goma-safari-mostaza-doymon","name":"Babero con goma Safari mostaza \u2013 Doymon &#8212; Som Llavors","isPartOf":{"@id":"https:\/\/somllavors.com\/es#website"},"primaryImageOfPage":{"@id":"https:\/\/somllavors.com\/es\/producte\/babero-con-goma-safari-mostaza-doymon#primaryimage"},"image":{"@id":"https:\/\/somllavors.com\/es\/producte\/babero-con-goma-safari-mostaza-doymon#primaryimage"},"thumbnailUrl":"https:\/\/somllavors.com\/wp-content\/uploads\/2025\/03\/Som-Llavors-babero-safari-mostaza-600x600-1.jpeg","datePublished":"2025-03-29T11:21:48+00:00","dateModified":"2025-08-28T15:52:34+00:00","description":"Babero con goma alrededor del cuello, dise\u00f1ado para que los ni\u00f1os y ni\u00f1as se lo pongan y saquen f\u00e1cilmente, fomentando su autonom\u00eda. Con un forro de tela impermeable detr\u00e1s, este babero no s\u00f3lo es pr\u00e1ctico, sino tambi\u00e9n respetuoso con el medio ambiente. Es de rizo de bamb\u00fa extra suave y absorbente, ideal para tenerlo en casa o llevarlo a la escuela.","breadcrumb":{"@id":"https:\/\/somllavors.com\/es\/producte\/babero-con-goma-safari-mostaza-doymon#breadcrumb"},"inLanguage":"es","potentialAction":[{"@type":"ReadAction","target":["https:\/\/somllavors.com\/es\/producte\/babero-con-goma-safari-mostaza-doymon"]}]},{"@type":"ImageObject","inLanguage":"es","@id":"https:\/\/somllavors.com\/es\/producte\/babero-con-goma-safari-mostaza-doymon#primaryimage","url":"https:\/\/somllavors.com\/wp-content\/uploads\/2025\/03\/Som-Llavors-babero-safari-mostaza-600x600-1.jpeg","contentUrl":"https:\/\/somllavors.com\/wp-content\/uploads\/2025\/03\/Som-Llavors-babero-safari-mostaza-600x600-1.jpeg","width":600,"height":600,"caption":"pitet amb goma al coll"},{"@type":"BreadcrumbList","@id":"https:\/\/somllavors.com\/es\/producte\/babero-con-goma-safari-mostaza-doymon#breadcrumb","itemListElement":[{"@type":"ListItem","position":1,"name":"Inici","item":"https:\/\/somllavors.com\/es"},{"@type":"ListItem","position":2,"name":"Tienda","item":"https:\/\/somllavors.com\/es\/botiga-2"},{"@type":"ListItem","position":3,"name":"Babero con goma Safari mostaza \u2013 Doymon"}]},{"@type":"WebSite","@id":"https:\/\/somllavors.com\/es#website","url":"https:\/\/somllavors.com\/es","name":"Som Llavors","description":"Botiga de crian\u00e7a natural","publisher":{"@id":"https:\/\/somllavors.com\/es#organization"},"alternateName":"Crian\u00e7a Natural i Sostenible","potentialAction":[{"@type":"SearchAction","target":{"@type":"EntryPoint","urlTemplate":"https:\/\/somllavors.com\/es?s={search_term_string}"},"query-input":{"@type":"PropertyValueSpecification","valueRequired":true,"valueName":"search_term_string"}}],"inLanguage":"es"},{"@type":["Organization","Place","Store"],"@id":"https:\/\/somllavors.com\/es#organization","name":"Som Llavors","alternateName":"Crian\u00e7a Natural i Sostenible","url":"https:\/\/somllavors.com\/es","logo":{"@id":"https:\/\/somllavors.com\/es\/producte\/babero-con-goma-safari-mostaza-doymon#local-main-organization-logo"},"image":{"@id":"https:\/\/somllavors.com\/es\/producte\/babero-con-goma-safari-mostaza-doymon#local-main-organization-logo"},"sameAs":["https:\/\/www.facebook.com\/somllavorsvng\/?locale=ca_ES","https:\/\/www.instagram.com\/somllavors_vng\/","https:\/\/www.youtube.com\/@somllavors"],"address":{"@id":"https:\/\/somllavors.com\/es\/producte\/babero-con-goma-safari-mostaza-doymon#local-main-place-address"},"geo":{"@type":"GeoCoordinates","latitude":"41.2257737","longitude":"1.723258859"},"telephone":["623152704","623152704"],"openingHoursSpecification":[{"@type":"OpeningHoursSpecification","dayOfWeek":["Monday","Sunday"],"opens":"00:00","closes":"00:00"},{"@type":"OpeningHoursSpecification","dayOfWeek":["Tuesday","Wednesday","Thursday","Friday"],"opens":"10:00","closes":"20:00"},{"@type":"OpeningHoursSpecification","dayOfWeek":["Saturday"],"opens":"10:00","closes":"13:30"}],"email":"info@somllavors.com"},{"@type":"PostalAddress","@id":"https:\/\/somllavors.com\/es\/producte\/babero-con-goma-safari-mostaza-doymon#local-main-place-address","streetAddress":"Carrer de l'aigua, 6","addressLocality":"Vilanova i la Geltr\u00fa","postalCode":"08800","addressRegion":"Barcelona","addressCountry":"ES"},{"@type":"ImageObject","inLanguage":"es","@id":"https:\/\/somllavors.com\/es\/producte\/babero-con-goma-safari-mostaza-doymon#local-main-organization-logo","url":"https:\/\/somllavors.com\/wp-content\/uploads\/Logotip-Som-Llavors.jpg","contentUrl":"https:\/\/somllavors.com\/wp-content\/uploads\/Logotip-Som-Llavors.jpg","width":1444,"height":1323,"caption":"Som Llavors"}]},"product_price_amount":"10.95","product_price_currency":"EUR","og_availability":"out of stock","product_availability":"out of stock","product_condition":"new","geo.placename":"Vilanova i la Geltr\u00fa","geo.position":{"lat":"41.2257737","long":"1.723258859"},"geo.region":"Espa\u00f1a"},"brands":[{"id":4167,"name":"Doymon","slug":"doymon"}],"_links":{"self":[{"href":"https:\/\/somllavors.com\/es\/wp-json\/wp\/v2\/product\/75594","targetHints":{"allow":["GET"]}}],"collection":[{"href":"https:\/\/somllavors.com\/es\/wp-json\/wp\/v2\/product"}],"about":[{"href":"https:\/\/somllavors.com\/es\/wp-json\/wp\/v2\/types\/product"}],"wp:featuredmedia":[{"embeddable":true,"href":"https:\/\/somllavors.com\/es\/wp-json\/wp\/v2\/media\/75008"}],"wp:attachment":[{"href":"https:\/\/somllavors.com\/es\/wp-json\/wp\/v2\/media?parent=75594"}],"wp:term":[{"taxonomy":"pwb-brand","embeddable":true,"href":"https:\/\/somllavors.com\/es\/wp-json\/wp\/v2\/pwb-brand?post=75594"},{"taxonomy":"product_brand","embeddable":true,"href":"https:\/\/somllavors.com\/es\/wp-json\/wp\/v2\/product_brand?post=75594"},{"taxonomy":"product_cat","embeddable":true,"href":"https:\/\/somllavors.com\/es\/wp-json\/wp\/v2\/product_cat?post=75594"},{"taxonomy":"product_tag","embeddable":true,"href":"https:\/\/somllavors.com\/es\/wp-json\/wp\/v2\/product_tag?post=75594"}],"curies":[{"name":"wp","href":"https:\/\/api.w.org\/{rel}","templated":true}]}}