{"id":76124,"date":"2025-04-10T12:53:41","date_gmt":"2025-04-10T10:53:41","guid":{"rendered":"https:\/\/somllavors.com\/producto\/olimpo-arena-blanditos\/"},"modified":"2025-08-12T18:22:14","modified_gmt":"2025-08-12T16:22:14","slug":"olimpo-arena-blanditos","status":"publish","type":"product","link":"https:\/\/somllavors.com\/es\/producte\/olimpo-arena-blanditos","title":{"rendered":"Olimpo arena &#8211; Blanditos"},"content":{"rendered":"<h3 data-start=\"108\" data-end=\"155\"><strong data-start=\"108\" data-end=\"155\">\u00a1Nueva colecci\u00f3n de Blanditos en Som Llavors!<\/strong><\/h3>\n<p class=\"\" data-start=\"157\" data-end=\"380\">Ya tenemos disponibles las nuevas sandalias deportivas o de trekking, con una forma renovada y una sola mejorada para que puedas disfrutar de todas las aventuras con comodidad y libertad\u2026 \u00a1sin renunciar a tu calzado respetuoso!<\/p>\n<p class=\"\" data-start=\"382\" data-end=\"699\">Est\u00e1n fabricadas con microfibra y textil en tono marr\u00f3n y azul.<br data-start=\"512\" data-end=\"515\">El cierre con velcro facilita la autonom\u00eda, y la suela de goma antideslizante en beige\/amarillo aporta seguridad a cada paso. La plantilla textil es extra\u00edble para una limpieza m\u00e1s sencilla. <\/p>\n<p class=\"\" data-start=\"701\" data-end=\"799\"><strong data-start=\"701\" data-end=\"716\">Composici\u00f3n:<br data-start=\"716\" data-end=\"719\"><\/strong>Exterior en microfibra y textil<br data-start=\"750\" data-end=\"753\">Interior en textil<br data-start=\"771\" data-end=\"774\">Suela de goma antideslizante<\/p>\n<p class=\"\" data-start=\"801\" data-end=\"1156\"><strong data-start=\"801\" data-end=\"838\">Consejos de limpieza y mantenimiento:<br data-start=\"838\" data-end=\"841\"><\/strong>\ud83e\uddfc No lavar en la lavadora ni con agua abundante.<br data-start=\"891\" data-end=\"894\">\ud83e\uddfd Utiliza un pa\u00f1o h\u00famedo con jab\u00f3n neutro y, si es necesario, un cepillo suave para las costuras.<br data-start=\"982\" data-end=\"985\">\ud83d\udc63 Extrae la plantilla antes de limpiar (no la sumerjas, s\u00f3lo un pa\u00f1o h\u00famedo y mucho cuidado).<br data-start=\"1080\" data-end=\"1083\">\ud83c\udf2c\ufe0f Secar en un lugar seco, lejos de fuentes de calor y luz solar directa.<\/p>\n<p class=\"\" data-start=\"1158\" data-end=\"1331\">\ud83d\udc9a <em data-start=\"1161\" data-end=\"1331\">Te esperamos en Som Llavors para que las puedas ver, tocar y probar con calma. \u00a1Nos encanta acompa\u00f1arte en la elecci\u00f3n del calzado m\u00e1s adecuado para ti y tus criaturas! <\/em><\/p>\n","protected":false},"excerpt":{"rendered":"<p>Ya han llegado las nuevas sandalias deportivas Olimpo de Blanditos: m\u00e1s ligeras, con nueva forma y suela antideslizante para vivir mil aventuras con comodidad y respeto.<\/p>\n<p>&nbsp;<\/p>\n","protected":false},"featured_media":76349,"template":"","meta":{"_acf_changed":false,"site-sidebar-layout":"default","site-content-layout":"","ast-site-content-layout":"default","site-content-style":"default","site-sidebar-style":"default","ast-global-header-display":"","ast-banner-title-visibility":"","ast-main-header-display":"","ast-hfb-above-header-display":"","ast-hfb-below-header-display":"","ast-hfb-mobile-header-display":"","site-post-title":"","ast-breadcrumbs-content":"","ast-featured-img":"","footer-sml-layout":"","ast-disable-related-posts":"","theme-transparent-header-meta":"default","adv-header-id-meta":"","stick-header-meta":"","header-above-stick-meta":"","header-main-stick-meta":"","header-below-stick-meta":"","astra-migrate-meta-layouts":"default","ast-page-background-enabled":"default","ast-page-background-meta":{"desktop":{"background-color":"","background-image":"","background-repeat":"repeat","background-position":"center center","background-size":"auto","background-attachment":"scroll","background-type":"","background-media":"","overlay-type":"","overlay-color":"","overlay-opacity":"","overlay-gradient":""},"tablet":{"background-color":"","background-image":"","background-repeat":"repeat","background-position":"center center","background-size":"auto","background-attachment":"scroll","background-type":"","background-media":"","overlay-type":"","overlay-color":"","overlay-opacity":"","overlay-gradient":""},"mobile":{"background-color":"","background-image":"","background-repeat":"repeat","background-position":"center center","background-size":"auto","background-attachment":"scroll","background-type":"","background-media":"","overlay-type":"","overlay-color":"","overlay-opacity":"","overlay-gradient":""}},"ast-content-background-meta":{"desktop":{"background-color":"var(--ast-global-color-5)","background-image":"","background-repeat":"repeat","background-position":"center center","background-size":"auto","background-attachment":"scroll","background-type":"","background-media":"","overlay-type":"","overlay-color":"","overlay-opacity":"","overlay-gradient":""},"tablet":{"background-color":"var(--ast-global-color-5)","background-image":"","background-repeat":"repeat","background-position":"center center","background-size":"auto","background-attachment":"scroll","background-type":"","background-media":"","overlay-type":"","overlay-color":"","overlay-opacity":"","overlay-gradient":""},"mobile":{"background-color":"var(--ast-global-color-5)","background-image":"","background-repeat":"repeat","background-position":"center center","background-size":"auto","background-attachment":"scroll","background-type":"","background-media":"","overlay-type":"","overlay-color":"","overlay-opacity":"","overlay-gradient":""}}},"pwb-brand":[4111],"product_brand":[],"product_cat":[3524,4790],"product_tag":[5597],"class_list":{"0":"post-76124","1":"product","2":"type-product","3":"status-publish","4":"has-post-thumbnail","6":"pwb-brand-blanditos-calcat-respectuos-flexible","7":"product_cat-blanditos-es-calzado-respetuoso","8":"product_cat-tallas-grandes-es","9":"product_tag-sandalias-deportivas","10":"pa_talla-24-es","11":"pa_talla-25-es","12":"pa_talla-26-es","13":"pa_talla-27-es","14":"pa_talla-28-es","15":"pa_talla-29-es","16":"pa_talla-30-es","17":"pa_talla-31-es","18":"pa_talla-32-es","19":"pa_talla-33-es","20":"pa_talla-34-es","21":"desktop-align-left","22":"tablet-align-left","23":"mobile-align-left","25":"first","26":"instock","27":"taxable","28":"shipping-taxable","29":"purchasable","30":"product-type-variable"},"acf":[],"yoast_head":"<!-- This site is optimized with the Yoast SEO Premium plugin v18.3 (Yoast SEO v27.4) - https:\/\/yoast.com\/product\/yoast-seo-premium-wordpress\/ -->\n<title>Olimpo arena - Blanditos &#8212; Som Llavors<\/title>\n<meta name=\"description\" content=\"Ya han llegado las nuevas sandalias deportivas Olimpo de Blanditos: m\u00e1s ligeras, con nueva forma y suela antideslizante para vivir mil aventuras con comodidad y respeto. &nbsp;\" \/>\n<meta name=\"robots\" content=\"index, follow, max-snippet:-1, max-image-preview:large, max-video-preview:-1\" \/>\n<link rel=\"canonical\" href=\"https:\/\/somllavors.com\/es\/producte\/olimpo-arena-blanditos\" \/>\n<meta property=\"og:locale\" content=\"es_ES\" \/>\n<meta property=\"og:type\" content=\"article\" \/>\n<meta property=\"og:title\" content=\"Olimpo arena - Blanditos\" \/>\n<meta property=\"og:description\" content=\"La teva botiga d\u2019ecocrian\u00e7a i espai d\u2019acompanyament a la maternitat\" \/>\n<meta property=\"og:url\" content=\"https:\/\/somllavors.com\/es\/producte\/olimpo-arena-blanditos\" \/>\n<meta property=\"og:site_name\" content=\"Som Llavors\" \/>\n<meta property=\"article:publisher\" content=\"https:\/\/www.facebook.com\/somllavorsvng\/?locale=ca_ES\" \/>\n<meta property=\"article:modified_time\" content=\"2025-08-12T16:22:14+00:00\" \/>\n<meta property=\"og:image\" content=\"https:\/\/somllavors.com\/wp-content\/uploads\/2025\/04\/Som-Llavors-Olimpo-Blanditos-2.jpg\" \/>\n\t<meta property=\"og:image:width\" content=\"1080\" \/>\n\t<meta property=\"og:image:height\" content=\"1080\" \/>\n\t<meta property=\"og:image:type\" content=\"image\/jpeg\" \/>\n<meta name=\"twitter:card\" content=\"summary_large_image\" \/>\n<meta name=\"twitter:label1\" content=\"Availability\" \/>\n\t<meta name=\"twitter:data1\" content=\"Hay existencias\" \/>\n<script type=\"application\/ld+json\" class=\"yoast-schema-graph\">{\"@context\":\"https:\\\/\\\/schema.org\",\"@graph\":[{\"@type\":\"WebPage\",\"@id\":\"https:\\\/\\\/somllavors.com\\\/es\\\/producte\\\/olimpo-arena-blanditos\",\"url\":\"https:\\\/\\\/somllavors.com\\\/es\\\/producte\\\/olimpo-arena-blanditos\",\"name\":\"Olimpo arena - Blanditos &#8212; Som Llavors\",\"isPartOf\":{\"@id\":\"https:\\\/\\\/somllavors.com\\\/es#website\"},\"primaryImageOfPage\":{\"@id\":\"https:\\\/\\\/somllavors.com\\\/es\\\/producte\\\/olimpo-arena-blanditos#primaryimage\"},\"image\":{\"@id\":\"https:\\\/\\\/somllavors.com\\\/es\\\/producte\\\/olimpo-arena-blanditos#primaryimage\"},\"thumbnailUrl\":\"https:\\\/\\\/somllavors.com\\\/wp-content\\\/uploads\\\/2025\\\/04\\\/Som-Llavors-Olimpo-Blanditos-2.jpg\",\"datePublished\":\"2025-04-10T10:53:41+00:00\",\"dateModified\":\"2025-08-12T16:22:14+00:00\",\"description\":\"Ya han llegado las nuevas sandalias deportivas Olimpo de Blanditos: m\u00e1s ligeras, con nueva forma y suela antideslizante para vivir mil aventuras con comodidad y respeto. &nbsp;\",\"breadcrumb\":{\"@id\":\"https:\\\/\\\/somllavors.com\\\/es\\\/producte\\\/olimpo-arena-blanditos#breadcrumb\"},\"inLanguage\":\"es\",\"potentialAction\":[{\"@type\":\"ReadAction\",\"target\":[\"https:\\\/\\\/somllavors.com\\\/es\\\/producte\\\/olimpo-arena-blanditos\"]}]},{\"@type\":\"ImageObject\",\"inLanguage\":\"es\",\"@id\":\"https:\\\/\\\/somllavors.com\\\/es\\\/producte\\\/olimpo-arena-blanditos#primaryimage\",\"url\":\"https:\\\/\\\/somllavors.com\\\/wp-content\\\/uploads\\\/2025\\\/04\\\/Som-Llavors-Olimpo-Blanditos-2.jpg\",\"contentUrl\":\"https:\\\/\\\/somllavors.com\\\/wp-content\\\/uploads\\\/2025\\\/04\\\/Som-Llavors-Olimpo-Blanditos-2.jpg\",\"width\":1080,\"height\":1080,\"caption\":\"Olimpo Taupe Blanditos\"},{\"@type\":\"BreadcrumbList\",\"@id\":\"https:\\\/\\\/somllavors.com\\\/es\\\/producte\\\/olimpo-arena-blanditos#breadcrumb\",\"itemListElement\":[{\"@type\":\"ListItem\",\"position\":1,\"name\":\"Inici\",\"item\":\"https:\\\/\\\/somllavors.com\\\/es\"},{\"@type\":\"ListItem\",\"position\":2,\"name\":\"Tienda\",\"item\":\"https:\\\/\\\/somllavors.com\\\/es\\\/botiga-2\"},{\"@type\":\"ListItem\",\"position\":3,\"name\":\"Olimpo arena &#8211; Blanditos\"}]},{\"@type\":\"WebSite\",\"@id\":\"https:\\\/\\\/somllavors.com\\\/es#website\",\"url\":\"https:\\\/\\\/somllavors.com\\\/es\",\"name\":\"Som Llavors\",\"description\":\"Botiga de crian\u00e7a natural\",\"publisher\":{\"@id\":\"https:\\\/\\\/somllavors.com\\\/es#organization\"},\"alternateName\":\"Crian\u00e7a Natural i Sostenible\",\"potentialAction\":[{\"@type\":\"SearchAction\",\"target\":{\"@type\":\"EntryPoint\",\"urlTemplate\":\"https:\\\/\\\/somllavors.com\\\/es?s={search_term_string}\"},\"query-input\":{\"@type\":\"PropertyValueSpecification\",\"valueRequired\":true,\"valueName\":\"search_term_string\"}}],\"inLanguage\":\"es\"},{\"@type\":[\"Organization\",\"Place\",\"Store\"],\"@id\":\"https:\\\/\\\/somllavors.com\\\/es#organization\",\"name\":\"Som Llavors\",\"alternateName\":\"Crian\u00e7a Natural i Sostenible\",\"url\":\"https:\\\/\\\/somllavors.com\\\/es\",\"logo\":{\"@id\":\"https:\\\/\\\/somllavors.com\\\/es\\\/producte\\\/olimpo-arena-blanditos#local-main-organization-logo\"},\"image\":{\"@id\":\"https:\\\/\\\/somllavors.com\\\/es\\\/producte\\\/olimpo-arena-blanditos#local-main-organization-logo\"},\"sameAs\":[\"https:\\\/\\\/www.facebook.com\\\/somllavorsvng\\\/?locale=ca_ES\",\"https:\\\/\\\/www.instagram.com\\\/somllavors_vng\\\/\",\"https:\\\/\\\/www.youtube.com\\\/@somllavors\"],\"address\":{\"@id\":\"https:\\\/\\\/somllavors.com\\\/es\\\/producte\\\/olimpo-arena-blanditos#local-main-place-address\"},\"geo\":{\"@type\":\"GeoCoordinates\",\"latitude\":\"41.2257737\",\"longitude\":\"1.723258859\"},\"telephone\":[\"623152704\"],\"openingHoursSpecification\":[{\"@type\":\"OpeningHoursSpecification\",\"dayOfWeek\":[\"Monday\",\"Sunday\"],\"opens\":\"00:00\",\"closes\":\"00:00\"},{\"@type\":\"OpeningHoursSpecification\",\"dayOfWeek\":[\"Tuesday\",\"Wednesday\",\"Thursday\",\"Friday\"],\"opens\":\"10:00\",\"closes\":\"20:00\"},{\"@type\":\"OpeningHoursSpecification\",\"dayOfWeek\":[\"Saturday\"],\"opens\":\"10:00\",\"closes\":\"13:30\"}],\"email\":\"info@somllavors.com\"},{\"@type\":\"PostalAddress\",\"@id\":\"https:\\\/\\\/somllavors.com\\\/es\\\/producte\\\/olimpo-arena-blanditos#local-main-place-address\",\"streetAddress\":\"Carrer de l'aigua, 6\",\"addressLocality\":\"Vilanova i la Geltr\u00fa\",\"postalCode\":\"08800\",\"addressRegion\":\"Barcelona\",\"addressCountry\":\"ES\"},{\"@type\":\"ImageObject\",\"inLanguage\":\"es\",\"@id\":\"https:\\\/\\\/somllavors.com\\\/es\\\/producte\\\/olimpo-arena-blanditos#local-main-organization-logo\",\"url\":\"https:\\\/\\\/somllavors.com\\\/wp-content\\\/uploads\\\/Logotip-Som-Llavors.jpg\",\"contentUrl\":\"https:\\\/\\\/somllavors.com\\\/wp-content\\\/uploads\\\/Logotip-Som-Llavors.jpg\",\"width\":1444,\"height\":1323,\"caption\":\"Som Llavors\"}]}<\/script>\n<meta property=\"og:availability\" content=\"instock\" \/>\n<meta property=\"product:availability\" content=\"instock\" \/>\n<meta property=\"product:condition\" content=\"new\" \/>\n<meta name=\"geo.placename\" content=\"Vilanova i la Geltr\u00fa\" \/>\n<meta name=\"geo.position\" content=\"41.2257737;1.723258859\" \/>\n<meta name=\"geo.region\" content=\"Espa\u00f1a\" \/>\n<!-- \/ Yoast SEO Premium plugin. -->","yoast_head_json":{"title":"Olimpo arena - Blanditos &#8212; Som Llavors","description":"Ya han llegado las nuevas sandalias deportivas Olimpo de Blanditos: m\u00e1s ligeras, con nueva forma y suela antideslizante para vivir mil aventuras con comodidad y respeto. &nbsp;","robots":{"index":"index","follow":"follow","max-snippet":"max-snippet:-1","max-image-preview":"max-image-preview:large","max-video-preview":"max-video-preview:-1"},"canonical":"https:\/\/somllavors.com\/es\/producte\/olimpo-arena-blanditos","og_locale":"es_ES","og_type":"article","og_title":"Olimpo arena - Blanditos","og_description":"La teva botiga d\u2019ecocrian\u00e7a i espai d\u2019acompanyament a la maternitat","og_url":"https:\/\/somllavors.com\/es\/producte\/olimpo-arena-blanditos","og_site_name":"Som Llavors","article_publisher":"https:\/\/www.facebook.com\/somllavorsvng\/?locale=ca_ES","article_modified_time":"2025-08-12T16:22:14+00:00","og_image":[{"width":1080,"height":1080,"url":"https:\/\/somllavors.com\/wp-content\/uploads\/2025\/04\/Som-Llavors-Olimpo-Blanditos-2.jpg","type":"image\/jpeg"}],"twitter_card":"summary_large_image","twitter_misc":{"Availability":"Hay existencias"},"schema":{"@context":"https:\/\/schema.org","@graph":[{"@type":"WebPage","@id":"https:\/\/somllavors.com\/es\/producte\/olimpo-arena-blanditos","url":"https:\/\/somllavors.com\/es\/producte\/olimpo-arena-blanditos","name":"Olimpo arena - Blanditos &#8212; Som Llavors","isPartOf":{"@id":"https:\/\/somllavors.com\/es#website"},"primaryImageOfPage":{"@id":"https:\/\/somllavors.com\/es\/producte\/olimpo-arena-blanditos#primaryimage"},"image":{"@id":"https:\/\/somllavors.com\/es\/producte\/olimpo-arena-blanditos#primaryimage"},"thumbnailUrl":"https:\/\/somllavors.com\/wp-content\/uploads\/2025\/04\/Som-Llavors-Olimpo-Blanditos-2.jpg","datePublished":"2025-04-10T10:53:41+00:00","dateModified":"2025-08-12T16:22:14+00:00","description":"Ya han llegado las nuevas sandalias deportivas Olimpo de Blanditos: m\u00e1s ligeras, con nueva forma y suela antideslizante para vivir mil aventuras con comodidad y respeto. &nbsp;","breadcrumb":{"@id":"https:\/\/somllavors.com\/es\/producte\/olimpo-arena-blanditos#breadcrumb"},"inLanguage":"es","potentialAction":[{"@type":"ReadAction","target":["https:\/\/somllavors.com\/es\/producte\/olimpo-arena-blanditos"]}]},{"@type":"ImageObject","inLanguage":"es","@id":"https:\/\/somllavors.com\/es\/producte\/olimpo-arena-blanditos#primaryimage","url":"https:\/\/somllavors.com\/wp-content\/uploads\/2025\/04\/Som-Llavors-Olimpo-Blanditos-2.jpg","contentUrl":"https:\/\/somllavors.com\/wp-content\/uploads\/2025\/04\/Som-Llavors-Olimpo-Blanditos-2.jpg","width":1080,"height":1080,"caption":"Olimpo Taupe Blanditos"},{"@type":"BreadcrumbList","@id":"https:\/\/somllavors.com\/es\/producte\/olimpo-arena-blanditos#breadcrumb","itemListElement":[{"@type":"ListItem","position":1,"name":"Inici","item":"https:\/\/somllavors.com\/es"},{"@type":"ListItem","position":2,"name":"Tienda","item":"https:\/\/somllavors.com\/es\/botiga-2"},{"@type":"ListItem","position":3,"name":"Olimpo arena &#8211; Blanditos"}]},{"@type":"WebSite","@id":"https:\/\/somllavors.com\/es#website","url":"https:\/\/somllavors.com\/es","name":"Som Llavors","description":"Botiga de crian\u00e7a natural","publisher":{"@id":"https:\/\/somllavors.com\/es#organization"},"alternateName":"Crian\u00e7a Natural i Sostenible","potentialAction":[{"@type":"SearchAction","target":{"@type":"EntryPoint","urlTemplate":"https:\/\/somllavors.com\/es?s={search_term_string}"},"query-input":{"@type":"PropertyValueSpecification","valueRequired":true,"valueName":"search_term_string"}}],"inLanguage":"es"},{"@type":["Organization","Place","Store"],"@id":"https:\/\/somllavors.com\/es#organization","name":"Som Llavors","alternateName":"Crian\u00e7a Natural i Sostenible","url":"https:\/\/somllavors.com\/es","logo":{"@id":"https:\/\/somllavors.com\/es\/producte\/olimpo-arena-blanditos#local-main-organization-logo"},"image":{"@id":"https:\/\/somllavors.com\/es\/producte\/olimpo-arena-blanditos#local-main-organization-logo"},"sameAs":["https:\/\/www.facebook.com\/somllavorsvng\/?locale=ca_ES","https:\/\/www.instagram.com\/somllavors_vng\/","https:\/\/www.youtube.com\/@somllavors"],"address":{"@id":"https:\/\/somllavors.com\/es\/producte\/olimpo-arena-blanditos#local-main-place-address"},"geo":{"@type":"GeoCoordinates","latitude":"41.2257737","longitude":"1.723258859"},"telephone":["623152704","623152704"],"openingHoursSpecification":[{"@type":"OpeningHoursSpecification","dayOfWeek":["Monday","Sunday"],"opens":"00:00","closes":"00:00"},{"@type":"OpeningHoursSpecification","dayOfWeek":["Tuesday","Wednesday","Thursday","Friday"],"opens":"10:00","closes":"20:00"},{"@type":"OpeningHoursSpecification","dayOfWeek":["Saturday"],"opens":"10:00","closes":"13:30"}],"email":"info@somllavors.com"},{"@type":"PostalAddress","@id":"https:\/\/somllavors.com\/es\/producte\/olimpo-arena-blanditos#local-main-place-address","streetAddress":"Carrer de l'aigua, 6","addressLocality":"Vilanova i la Geltr\u00fa","postalCode":"08800","addressRegion":"Barcelona","addressCountry":"ES"},{"@type":"ImageObject","inLanguage":"es","@id":"https:\/\/somllavors.com\/es\/producte\/olimpo-arena-blanditos#local-main-organization-logo","url":"https:\/\/somllavors.com\/wp-content\/uploads\/Logotip-Som-Llavors.jpg","contentUrl":"https:\/\/somllavors.com\/wp-content\/uploads\/Logotip-Som-Llavors.jpg","width":1444,"height":1323,"caption":"Som Llavors"}]},"og_availability":"instock","product_availability":"instock","product_condition":"new","geo.placename":"Vilanova i la Geltr\u00fa","geo.position":{"lat":"41.2257737","long":"1.723258859"},"geo.region":"Espa\u00f1a"},"brands":[{"id":4111,"name":"Blanditos","slug":"blanditos-calcat-respectuos-flexible"}],"_links":{"self":[{"href":"https:\/\/somllavors.com\/es\/wp-json\/wp\/v2\/product\/76124","targetHints":{"allow":["GET"]}}],"collection":[{"href":"https:\/\/somllavors.com\/es\/wp-json\/wp\/v2\/product"}],"about":[{"href":"https:\/\/somllavors.com\/es\/wp-json\/wp\/v2\/types\/product"}],"wp:featuredmedia":[{"embeddable":true,"href":"https:\/\/somllavors.com\/es\/wp-json\/wp\/v2\/media\/76349"}],"wp:attachment":[{"href":"https:\/\/somllavors.com\/es\/wp-json\/wp\/v2\/media?parent=76124"}],"wp:term":[{"taxonomy":"pwb-brand","embeddable":true,"href":"https:\/\/somllavors.com\/es\/wp-json\/wp\/v2\/pwb-brand?post=76124"},{"taxonomy":"product_brand","embeddable":true,"href":"https:\/\/somllavors.com\/es\/wp-json\/wp\/v2\/product_brand?post=76124"},{"taxonomy":"product_cat","embeddable":true,"href":"https:\/\/somllavors.com\/es\/wp-json\/wp\/v2\/product_cat?post=76124"},{"taxonomy":"product_tag","embeddable":true,"href":"https:\/\/somllavors.com\/es\/wp-json\/wp\/v2\/product_tag?post=76124"}],"curies":[{"name":"wp","href":"https:\/\/api.w.org\/{rel}","templated":true}]}}