{"id":76172,"date":"2025-04-09T14:06:00","date_gmt":"2025-04-09T12:06:00","guid":{"rendered":"https:\/\/somllavors.com\/producto\/pajaros-amarillo-de-bambu-primavera-verano-attipas\/"},"modified":"2025-04-09T14:06:00","modified_gmt":"2025-04-09T12:06:00","slug":"pajaros-amarillo-de-bambu-primavera-verano-attipas","status":"publish","type":"product","link":"https:\/\/somllavors.com\/es\/producte\/pajaros-amarillo-de-bambu-primavera-verano-attipas","title":{"rendered":"Pajaros Amarillo de bamb\u00fa Primavera Verano &#8211; Attipas"},"content":{"rendered":"<h2>\u00bfPor qu\u00e9 elegir Attipas?<\/h2>\n<ul>\n<li>Puntera ancha y flexible: La libertad de movimiento en los deditos mejora el desarrollo cognitivo y motor.<\/li>\n<li>Movimiento libre: Attipas es lo m\u00e1s parecido a ir descalzo. Un calzado ligero, respetuoso con el crecimiento natural, proporcionando la libertad de movimiento.<\/li>\n<li>F\u00e1cil limpieza: Se pueden colocar en la lavadora. Lava tantas veces como necesites y disfruta de ellas enseguida, gracias a su secado extra-r\u00e1pido.<\/li>\n<li>Antideslizantes: Suelas antideslizantes que garantizan una pisada segura y estable para tu beb\u00e9.<\/li>\n<li>Suela fina: Suela extra-fina y ligera dise\u00f1ada para interferir el m\u00ednimo a la pisada y el contacto directo con el suelo, y todos los est\u00edmulos que percibe el beb\u00e9 a trav\u00e9s de la huella.<\/li>\n<li>Flexibles: Attipas se ajusta completamente al pie del beb\u00e9 otorg\u00e1ndole as\u00ed una completa flexibilidad y adaptabilidad tanto a la suela como a la parte del calcet\u00edn.<\/li>\n<li>Transpirables: Suela con micro-perforaciones para garantizar la ventilaci\u00f3n y reducir el calor de los pies del beb\u00e9.<\/li>\n<\/ul>\n<h3>Attipas de bamb\u00fa, ideales para primavera y verano!<\/h3>\n<p>&#8211; Material antibacteriano: Bamb\u00fa natural, fresco y transpirable, que evita malos olores.<br \/>\n&#8211; F\u00e1ciles de cuidar: Lavables a m\u00e1quina en programa delicado; secado en el aire.<br \/>\n&#8211; Flexibles y ligeras: Sin contrafuerte, con suela ultrafina que imita andar descalzo.<br \/>\n&#8211; Dise\u00f1o barefoot: Inspirado en caminar descalzo, permite que los deditos se muevan libremente, mejorando el equilibrio y los primeros pasos<\/p>\n<p>&nbsp;<\/p>\n<h4>Caracteristicas tecnicas<\/h4>\n<ul>\n<li>Materiales: 41.1% bamb\u00fa OEKO TEX + 30% nylon + 22.6% algod\u00f3n + 3.3% fibra de caucho + 3% poliuretano. Suela 100% TPR no t\u00f3xicos que pasan la prueba de formaldeh\u00eddo y silicio sin peligro de que se metan en la boca. <\/li>\n<li>Caracter\u00edsticas: Transpirable \/ Antibacteriano \/ Amplia puntera \/ Flexible \/ Antideslizante \/ Suela fina \/ F\u00e1cil limpieza \/ Super Ligero \/ Ancho especial.<\/li>\n<li>Datos de inter\u00e9s: Tejido fresco, se recomienda utilizar la tabla de medidas de cada modelo. No incluye ninguna plantilla disponible por separado. <\/li>\n<\/ul>\n<p>&nbsp;<\/p>\n<h3>Guia de tallas<\/h3>\n<p><img loading=\"lazy\" decoding=\"async\" class=\"alignnone wp-image-75839\" src=\"https:\/\/somllavors.com\/wp-content\/uploads\/2025\/04\/Attipas-guia-de-tallas-300x212.png\" alt=\"Attipas Guia de tallas\" width=\"1008\" height=\"712\" srcset=\"https:\/\/somllavors.com\/wp-content\/uploads\/2025\/04\/Attipas-guia-de-tallas-300x212.png 300w, https:\/\/somllavors.com\/wp-content\/uploads\/2025\/04\/Attipas-guia-de-tallas-1024x723.png 1024w, https:\/\/somllavors.com\/wp-content\/uploads\/2025\/04\/Attipas-guia-de-tallas-768x543.png 768w, https:\/\/somllavors.com\/wp-content\/uploads\/2025\/04\/Attipas-guia-de-tallas-1200x848.png 1200w, https:\/\/somllavors.com\/wp-content\/uploads\/2025\/04\/Attipas-guia-de-tallas.png 1257w\" sizes=\"auto, (max-width: 1008px) 100vw, 1008px\" \/><\/p>\n","protected":false},"excerpt":{"rendered":"<p>Las Attipas de Bamb\u00fa son un calzado suave y respetuoso con los pies. Gracias a su tejido antibacteriano de bamb\u00fa certificado OEKO TEX, ofrecen un cuidado extra para las pieles delicadas en cualquier estaci\u00f3n del a\u00f1o. <\/p>\n<p>Su dise\u00f1o con ca\u00f1a media\/baja es ideal para climas c\u00e1lidos adem\u00e1s de adaptarse c\u00f3modamente a piernas gorditas.<\/p>\n<p>Dispones de plantillas Attipes de venta por separado, ideales para mantener los pies secos en caso de sudoraci\u00f3n excesiva, o ajustar el calzado frente a una talla ligeramente grande.<\/p>\n","protected":false},"featured_media":75868,"template":"","meta":{"_acf_changed":false,"site-sidebar-layout":"default","site-content-layout":"","ast-site-content-layout":"default","site-content-style":"default","site-sidebar-style":"default","ast-global-header-display":"","ast-banner-title-visibility":"","ast-main-header-display":"","ast-hfb-above-header-display":"","ast-hfb-below-header-display":"","ast-hfb-mobile-header-display":"","site-post-title":"","ast-breadcrumbs-content":"","ast-featured-img":"","footer-sml-layout":"","ast-disable-related-posts":"","theme-transparent-header-meta":"default","adv-header-id-meta":"","stick-header-meta":"","header-above-stick-meta":"","header-main-stick-meta":"","header-below-stick-meta":"","astra-migrate-meta-layouts":"default","ast-page-background-enabled":"default","ast-page-background-meta":{"desktop":{"background-color":"","background-image":"","background-repeat":"repeat","background-position":"center center","background-size":"auto","background-attachment":"scroll","background-type":"","background-media":"","overlay-type":"","overlay-color":"","overlay-opacity":"","overlay-gradient":""},"tablet":{"background-color":"","background-image":"","background-repeat":"repeat","background-position":"center center","background-size":"auto","background-attachment":"scroll","background-type":"","background-media":"","overlay-type":"","overlay-color":"","overlay-opacity":"","overlay-gradient":""},"mobile":{"background-color":"","background-image":"","background-repeat":"repeat","background-position":"center center","background-size":"auto","background-attachment":"scroll","background-type":"","background-media":"","overlay-type":"","overlay-color":"","overlay-opacity":"","overlay-gradient":""}},"ast-content-background-meta":{"desktop":{"background-color":"var(--ast-global-color-5)","background-image":"","background-repeat":"repeat","background-position":"center center","background-size":"auto","background-attachment":"scroll","background-type":"","background-media":"","overlay-type":"","overlay-color":"","overlay-opacity":"","overlay-gradient":""},"tablet":{"background-color":"var(--ast-global-color-5)","background-image":"","background-repeat":"repeat","background-position":"center center","background-size":"auto","background-attachment":"scroll","background-type":"","background-media":"","overlay-type":"","overlay-color":"","overlay-opacity":"","overlay-gradient":""},"mobile":{"background-color":"var(--ast-global-color-5)","background-image":"","background-repeat":"repeat","background-position":"center center","background-size":"auto","background-attachment":"scroll","background-type":"","background-media":"","overlay-type":"","overlay-color":"","overlay-opacity":"","overlay-gradient":""}}},"pwb-brand":[4102],"product_brand":[],"product_cat":[3522,4777],"product_tag":[],"class_list":{"0":"post-76172","1":"product","2":"type-product","3":"status-publish","4":"has-post-thumbnail","6":"pwb-brand-attipas","7":"product_cat-attipas-es","8":"product_cat-tallas-pequenas-18-25","9":"pa_talla-19-es","10":"pa_talla-20-es","11":"pa_talla-215-es","12":"pa_talla-225-es","13":"desktop-align-left","14":"tablet-align-left","15":"mobile-align-left","17":"first","18":"instock","19":"taxable","20":"shipping-taxable","21":"purchasable","22":"product-type-variable"},"acf":[],"yoast_head":"<!-- This site is optimized with the Yoast SEO Premium plugin v18.3 (Yoast SEO v27.4) - https:\/\/yoast.com\/product\/yoast-seo-premium-wordpress\/ -->\n<title>Pajaros Amarillo de bamb\u00fa Primavera Verano - Attipas &#8212; Som Llavors<\/title>\n<meta name=\"description\" content=\"Las Attipas de Bamb\u00fa son un calzado suave y respetuoso con los pies. Gracias a su tejido antibacteriano de bamb\u00fa certificado OEKO TEX, ofrecen un cuidado extra para las pieles delicadas en cualquier estaci\u00f3n del a\u00f1o.  Su dise\u00f1o con ca\u00f1a media\/baja es ideal para climas c\u00e1lidos adem\u00e1s de adaptarse c\u00f3modamente a piernas gorditas. Dispones de plantillas Attipes de venta por separado, ideales para mantener los pies secos en caso de sudoraci\u00f3n excesiva, o ajustar el calzado frente a una talla ligeramente grande.\" \/>\n<meta name=\"robots\" content=\"index, follow, max-snippet:-1, max-image-preview:large, max-video-preview:-1\" \/>\n<link rel=\"canonical\" href=\"https:\/\/somllavors.com\/es\/producte\/pajaros-amarillo-de-bambu-primavera-verano-attipas\" \/>\n<meta property=\"og:locale\" content=\"es_ES\" \/>\n<meta property=\"og:type\" content=\"article\" \/>\n<meta property=\"og:title\" content=\"Pajaros Amarillo de bamb\u00fa Primavera Verano - Attipas\" \/>\n<meta property=\"og:description\" content=\"La teva botiga d\u2019ecocrian\u00e7a i espai d\u2019acompanyament a la maternitat\" \/>\n<meta property=\"og:url\" content=\"https:\/\/somllavors.com\/es\/producte\/pajaros-amarillo-de-bambu-primavera-verano-attipas\" \/>\n<meta property=\"og:site_name\" content=\"Som Llavors\" \/>\n<meta property=\"article:publisher\" content=\"https:\/\/www.facebook.com\/somllavorsvng\/?locale=ca_ES\" \/>\n<meta property=\"og:image\" content=\"https:\/\/somllavors.com\/wp-content\/uploads\/2025\/04\/abi01-dm-bird-yellow-1.jpg\" \/>\n\t<meta property=\"og:image:width\" content=\"1000\" \/>\n\t<meta property=\"og:image:height\" content=\"1000\" \/>\n\t<meta property=\"og:image:type\" content=\"image\/jpeg\" \/>\n<meta name=\"twitter:card\" content=\"summary_large_image\" \/>\n<meta name=\"twitter:label1\" content=\"Availability\" \/>\n\t<meta name=\"twitter:data1\" content=\"Hay existencias\" \/>\n<script type=\"application\/ld+json\" class=\"yoast-schema-graph\">{\"@context\":\"https:\\\/\\\/schema.org\",\"@graph\":[{\"@type\":\"WebPage\",\"@id\":\"https:\\\/\\\/somllavors.com\\\/es\\\/producte\\\/pajaros-amarillo-de-bambu-primavera-verano-attipas\",\"url\":\"https:\\\/\\\/somllavors.com\\\/es\\\/producte\\\/pajaros-amarillo-de-bambu-primavera-verano-attipas\",\"name\":\"Pajaros Amarillo de bamb\u00fa Primavera Verano - Attipas &#8212; Som Llavors\",\"isPartOf\":{\"@id\":\"https:\\\/\\\/somllavors.com\\\/es#website\"},\"primaryImageOfPage\":{\"@id\":\"https:\\\/\\\/somllavors.com\\\/es\\\/producte\\\/pajaros-amarillo-de-bambu-primavera-verano-attipas#primaryimage\"},\"image\":{\"@id\":\"https:\\\/\\\/somllavors.com\\\/es\\\/producte\\\/pajaros-amarillo-de-bambu-primavera-verano-attipas#primaryimage\"},\"thumbnailUrl\":\"https:\\\/\\\/somllavors.com\\\/wp-content\\\/uploads\\\/2025\\\/04\\\/abi01-dm-bird-yellow-1.jpg\",\"datePublished\":\"2025-04-09T12:06:00+00:00\",\"description\":\"Las Attipas de Bamb\u00fa son un calzado suave y respetuoso con los pies. Gracias a su tejido antibacteriano de bamb\u00fa certificado OEKO TEX, ofrecen un cuidado extra para las pieles delicadas en cualquier estaci\u00f3n del a\u00f1o. Su dise\u00f1o con ca\u00f1a media\\\/baja es ideal para climas c\u00e1lidos adem\u00e1s de adaptarse c\u00f3modamente a piernas gorditas. Dispones de plantillas Attipes de venta por separado, ideales para mantener los pies secos en caso de sudoraci\u00f3n excesiva, o ajustar el calzado frente a una talla ligeramente grande.\",\"breadcrumb\":{\"@id\":\"https:\\\/\\\/somllavors.com\\\/es\\\/producte\\\/pajaros-amarillo-de-bambu-primavera-verano-attipas#breadcrumb\"},\"inLanguage\":\"es\",\"potentialAction\":[{\"@type\":\"ReadAction\",\"target\":[\"https:\\\/\\\/somllavors.com\\\/es\\\/producte\\\/pajaros-amarillo-de-bambu-primavera-verano-attipas\"]}]},{\"@type\":\"ImageObject\",\"inLanguage\":\"es\",\"@id\":\"https:\\\/\\\/somllavors.com\\\/es\\\/producte\\\/pajaros-amarillo-de-bambu-primavera-verano-attipas#primaryimage\",\"url\":\"https:\\\/\\\/somllavors.com\\\/wp-content\\\/uploads\\\/2025\\\/04\\\/abi01-dm-bird-yellow-1.jpg\",\"contentUrl\":\"https:\\\/\\\/somllavors.com\\\/wp-content\\\/uploads\\\/2025\\\/04\\\/abi01-dm-bird-yellow-1.jpg\",\"width\":1000,\"height\":1000,\"caption\":\"attipas bamb\u00fa primavera estiu\"},{\"@type\":\"BreadcrumbList\",\"@id\":\"https:\\\/\\\/somllavors.com\\\/es\\\/producte\\\/pajaros-amarillo-de-bambu-primavera-verano-attipas#breadcrumb\",\"itemListElement\":[{\"@type\":\"ListItem\",\"position\":1,\"name\":\"Inici\",\"item\":\"https:\\\/\\\/somllavors.com\\\/es\"},{\"@type\":\"ListItem\",\"position\":2,\"name\":\"Tienda\",\"item\":\"https:\\\/\\\/somllavors.com\\\/es\\\/botiga-2\"},{\"@type\":\"ListItem\",\"position\":3,\"name\":\"Pajaros Amarillo de bamb\u00fa Primavera Verano &#8211; Attipas\"}]},{\"@type\":\"WebSite\",\"@id\":\"https:\\\/\\\/somllavors.com\\\/es#website\",\"url\":\"https:\\\/\\\/somllavors.com\\\/es\",\"name\":\"Som Llavors\",\"description\":\"Botiga de crian\u00e7a natural\",\"publisher\":{\"@id\":\"https:\\\/\\\/somllavors.com\\\/es#organization\"},\"alternateName\":\"Crian\u00e7a Natural i Sostenible\",\"potentialAction\":[{\"@type\":\"SearchAction\",\"target\":{\"@type\":\"EntryPoint\",\"urlTemplate\":\"https:\\\/\\\/somllavors.com\\\/es?s={search_term_string}\"},\"query-input\":{\"@type\":\"PropertyValueSpecification\",\"valueRequired\":true,\"valueName\":\"search_term_string\"}}],\"inLanguage\":\"es\"},{\"@type\":[\"Organization\",\"Place\",\"Store\"],\"@id\":\"https:\\\/\\\/somllavors.com\\\/es#organization\",\"name\":\"Som Llavors\",\"alternateName\":\"Crian\u00e7a Natural i Sostenible\",\"url\":\"https:\\\/\\\/somllavors.com\\\/es\",\"logo\":{\"@id\":\"https:\\\/\\\/somllavors.com\\\/es\\\/producte\\\/pajaros-amarillo-de-bambu-primavera-verano-attipas#local-main-organization-logo\"},\"image\":{\"@id\":\"https:\\\/\\\/somllavors.com\\\/es\\\/producte\\\/pajaros-amarillo-de-bambu-primavera-verano-attipas#local-main-organization-logo\"},\"sameAs\":[\"https:\\\/\\\/www.facebook.com\\\/somllavorsvng\\\/?locale=ca_ES\",\"https:\\\/\\\/www.instagram.com\\\/somllavors_vng\\\/\",\"https:\\\/\\\/www.youtube.com\\\/@somllavors\"],\"address\":{\"@id\":\"https:\\\/\\\/somllavors.com\\\/es\\\/producte\\\/pajaros-amarillo-de-bambu-primavera-verano-attipas#local-main-place-address\"},\"geo\":{\"@type\":\"GeoCoordinates\",\"latitude\":\"41.2257737\",\"longitude\":\"1.723258859\"},\"telephone\":[\"623152704\"],\"openingHoursSpecification\":[{\"@type\":\"OpeningHoursSpecification\",\"dayOfWeek\":[\"Monday\",\"Sunday\"],\"opens\":\"00:00\",\"closes\":\"00:00\"},{\"@type\":\"OpeningHoursSpecification\",\"dayOfWeek\":[\"Tuesday\",\"Wednesday\",\"Thursday\",\"Friday\"],\"opens\":\"10:00\",\"closes\":\"20:00\"},{\"@type\":\"OpeningHoursSpecification\",\"dayOfWeek\":[\"Saturday\"],\"opens\":\"10:00\",\"closes\":\"13:30\"}],\"email\":\"info@somllavors.com\"},{\"@type\":\"PostalAddress\",\"@id\":\"https:\\\/\\\/somllavors.com\\\/es\\\/producte\\\/pajaros-amarillo-de-bambu-primavera-verano-attipas#local-main-place-address\",\"streetAddress\":\"Carrer de l'aigua, 6\",\"addressLocality\":\"Vilanova i la Geltr\u00fa\",\"postalCode\":\"08800\",\"addressRegion\":\"Barcelona\",\"addressCountry\":\"ES\"},{\"@type\":\"ImageObject\",\"inLanguage\":\"es\",\"@id\":\"https:\\\/\\\/somllavors.com\\\/es\\\/producte\\\/pajaros-amarillo-de-bambu-primavera-verano-attipas#local-main-organization-logo\",\"url\":\"https:\\\/\\\/somllavors.com\\\/wp-content\\\/uploads\\\/Logotip-Som-Llavors.jpg\",\"contentUrl\":\"https:\\\/\\\/somllavors.com\\\/wp-content\\\/uploads\\\/Logotip-Som-Llavors.jpg\",\"width\":1444,\"height\":1323,\"caption\":\"Som Llavors\"}]}<\/script>\n<meta property=\"og:availability\" content=\"instock\" \/>\n<meta property=\"product:availability\" content=\"instock\" \/>\n<meta property=\"product:retailer_item_id\" content=\"ABI0104\" \/>\n<meta property=\"product:condition\" content=\"new\" \/>\n<meta name=\"geo.placename\" content=\"Vilanova i la Geltr\u00fa\" \/>\n<meta name=\"geo.position\" content=\"41.2257737;1.723258859\" \/>\n<meta name=\"geo.region\" content=\"Espa\u00f1a\" \/>\n<!-- \/ Yoast SEO Premium plugin. -->","yoast_head_json":{"title":"Pajaros Amarillo de bamb\u00fa Primavera Verano - Attipas &#8212; Som Llavors","description":"Las Attipas de Bamb\u00fa son un calzado suave y respetuoso con los pies. Gracias a su tejido antibacteriano de bamb\u00fa certificado OEKO TEX, ofrecen un cuidado extra para las pieles delicadas en cualquier estaci\u00f3n del a\u00f1o.  Su dise\u00f1o con ca\u00f1a media\/baja es ideal para climas c\u00e1lidos adem\u00e1s de adaptarse c\u00f3modamente a piernas gorditas. Dispones de plantillas Attipes de venta por separado, ideales para mantener los pies secos en caso de sudoraci\u00f3n excesiva, o ajustar el calzado frente a una talla ligeramente grande.","robots":{"index":"index","follow":"follow","max-snippet":"max-snippet:-1","max-image-preview":"max-image-preview:large","max-video-preview":"max-video-preview:-1"},"canonical":"https:\/\/somllavors.com\/es\/producte\/pajaros-amarillo-de-bambu-primavera-verano-attipas","og_locale":"es_ES","og_type":"article","og_title":"Pajaros Amarillo de bamb\u00fa Primavera Verano - Attipas","og_description":"La teva botiga d\u2019ecocrian\u00e7a i espai d\u2019acompanyament a la maternitat","og_url":"https:\/\/somllavors.com\/es\/producte\/pajaros-amarillo-de-bambu-primavera-verano-attipas","og_site_name":"Som Llavors","article_publisher":"https:\/\/www.facebook.com\/somllavorsvng\/?locale=ca_ES","og_image":[{"width":1000,"height":1000,"url":"https:\/\/somllavors.com\/wp-content\/uploads\/2025\/04\/abi01-dm-bird-yellow-1.jpg","type":"image\/jpeg"}],"twitter_card":"summary_large_image","twitter_misc":{"Availability":"Hay existencias"},"schema":{"@context":"https:\/\/schema.org","@graph":[{"@type":"WebPage","@id":"https:\/\/somllavors.com\/es\/producte\/pajaros-amarillo-de-bambu-primavera-verano-attipas","url":"https:\/\/somllavors.com\/es\/producte\/pajaros-amarillo-de-bambu-primavera-verano-attipas","name":"Pajaros Amarillo de bamb\u00fa Primavera Verano - Attipas &#8212; Som Llavors","isPartOf":{"@id":"https:\/\/somllavors.com\/es#website"},"primaryImageOfPage":{"@id":"https:\/\/somllavors.com\/es\/producte\/pajaros-amarillo-de-bambu-primavera-verano-attipas#primaryimage"},"image":{"@id":"https:\/\/somllavors.com\/es\/producte\/pajaros-amarillo-de-bambu-primavera-verano-attipas#primaryimage"},"thumbnailUrl":"https:\/\/somllavors.com\/wp-content\/uploads\/2025\/04\/abi01-dm-bird-yellow-1.jpg","datePublished":"2025-04-09T12:06:00+00:00","description":"Las Attipas de Bamb\u00fa son un calzado suave y respetuoso con los pies. Gracias a su tejido antibacteriano de bamb\u00fa certificado OEKO TEX, ofrecen un cuidado extra para las pieles delicadas en cualquier estaci\u00f3n del a\u00f1o. Su dise\u00f1o con ca\u00f1a media\/baja es ideal para climas c\u00e1lidos adem\u00e1s de adaptarse c\u00f3modamente a piernas gorditas. Dispones de plantillas Attipes de venta por separado, ideales para mantener los pies secos en caso de sudoraci\u00f3n excesiva, o ajustar el calzado frente a una talla ligeramente grande.","breadcrumb":{"@id":"https:\/\/somllavors.com\/es\/producte\/pajaros-amarillo-de-bambu-primavera-verano-attipas#breadcrumb"},"inLanguage":"es","potentialAction":[{"@type":"ReadAction","target":["https:\/\/somllavors.com\/es\/producte\/pajaros-amarillo-de-bambu-primavera-verano-attipas"]}]},{"@type":"ImageObject","inLanguage":"es","@id":"https:\/\/somllavors.com\/es\/producte\/pajaros-amarillo-de-bambu-primavera-verano-attipas#primaryimage","url":"https:\/\/somllavors.com\/wp-content\/uploads\/2025\/04\/abi01-dm-bird-yellow-1.jpg","contentUrl":"https:\/\/somllavors.com\/wp-content\/uploads\/2025\/04\/abi01-dm-bird-yellow-1.jpg","width":1000,"height":1000,"caption":"attipas bamb\u00fa primavera estiu"},{"@type":"BreadcrumbList","@id":"https:\/\/somllavors.com\/es\/producte\/pajaros-amarillo-de-bambu-primavera-verano-attipas#breadcrumb","itemListElement":[{"@type":"ListItem","position":1,"name":"Inici","item":"https:\/\/somllavors.com\/es"},{"@type":"ListItem","position":2,"name":"Tienda","item":"https:\/\/somllavors.com\/es\/botiga-2"},{"@type":"ListItem","position":3,"name":"Pajaros Amarillo de bamb\u00fa Primavera Verano &#8211; Attipas"}]},{"@type":"WebSite","@id":"https:\/\/somllavors.com\/es#website","url":"https:\/\/somllavors.com\/es","name":"Som Llavors","description":"Botiga de crian\u00e7a natural","publisher":{"@id":"https:\/\/somllavors.com\/es#organization"},"alternateName":"Crian\u00e7a Natural i Sostenible","potentialAction":[{"@type":"SearchAction","target":{"@type":"EntryPoint","urlTemplate":"https:\/\/somllavors.com\/es?s={search_term_string}"},"query-input":{"@type":"PropertyValueSpecification","valueRequired":true,"valueName":"search_term_string"}}],"inLanguage":"es"},{"@type":["Organization","Place","Store"],"@id":"https:\/\/somllavors.com\/es#organization","name":"Som Llavors","alternateName":"Crian\u00e7a Natural i Sostenible","url":"https:\/\/somllavors.com\/es","logo":{"@id":"https:\/\/somllavors.com\/es\/producte\/pajaros-amarillo-de-bambu-primavera-verano-attipas#local-main-organization-logo"},"image":{"@id":"https:\/\/somllavors.com\/es\/producte\/pajaros-amarillo-de-bambu-primavera-verano-attipas#local-main-organization-logo"},"sameAs":["https:\/\/www.facebook.com\/somllavorsvng\/?locale=ca_ES","https:\/\/www.instagram.com\/somllavors_vng\/","https:\/\/www.youtube.com\/@somllavors"],"address":{"@id":"https:\/\/somllavors.com\/es\/producte\/pajaros-amarillo-de-bambu-primavera-verano-attipas#local-main-place-address"},"geo":{"@type":"GeoCoordinates","latitude":"41.2257737","longitude":"1.723258859"},"telephone":["623152704","623152704"],"openingHoursSpecification":[{"@type":"OpeningHoursSpecification","dayOfWeek":["Monday","Sunday"],"opens":"00:00","closes":"00:00"},{"@type":"OpeningHoursSpecification","dayOfWeek":["Tuesday","Wednesday","Thursday","Friday"],"opens":"10:00","closes":"20:00"},{"@type":"OpeningHoursSpecification","dayOfWeek":["Saturday"],"opens":"10:00","closes":"13:30"}],"email":"info@somllavors.com"},{"@type":"PostalAddress","@id":"https:\/\/somllavors.com\/es\/producte\/pajaros-amarillo-de-bambu-primavera-verano-attipas#local-main-place-address","streetAddress":"Carrer de l'aigua, 6","addressLocality":"Vilanova i la Geltr\u00fa","postalCode":"08800","addressRegion":"Barcelona","addressCountry":"ES"},{"@type":"ImageObject","inLanguage":"es","@id":"https:\/\/somllavors.com\/es\/producte\/pajaros-amarillo-de-bambu-primavera-verano-attipas#local-main-organization-logo","url":"https:\/\/somllavors.com\/wp-content\/uploads\/Logotip-Som-Llavors.jpg","contentUrl":"https:\/\/somllavors.com\/wp-content\/uploads\/Logotip-Som-Llavors.jpg","width":1444,"height":1323,"caption":"Som Llavors"}]},"og_availability":"instock","product_availability":"instock","product_retailer_item_id":"ABI0104","product_condition":"new","geo.placename":"Vilanova i la Geltr\u00fa","geo.position":{"lat":"41.2257737","long":"1.723258859"},"geo.region":"Espa\u00f1a"},"brands":[{"id":4102,"name":"Attipas","slug":"attipas"}],"_links":{"self":[{"href":"https:\/\/somllavors.com\/es\/wp-json\/wp\/v2\/product\/76172","targetHints":{"allow":["GET"]}}],"collection":[{"href":"https:\/\/somllavors.com\/es\/wp-json\/wp\/v2\/product"}],"about":[{"href":"https:\/\/somllavors.com\/es\/wp-json\/wp\/v2\/types\/product"}],"wp:featuredmedia":[{"embeddable":true,"href":"https:\/\/somllavors.com\/es\/wp-json\/wp\/v2\/media\/75868"}],"wp:attachment":[{"href":"https:\/\/somllavors.com\/es\/wp-json\/wp\/v2\/media?parent=76172"}],"wp:term":[{"taxonomy":"pwb-brand","embeddable":true,"href":"https:\/\/somllavors.com\/es\/wp-json\/wp\/v2\/pwb-brand?post=76172"},{"taxonomy":"product_brand","embeddable":true,"href":"https:\/\/somllavors.com\/es\/wp-json\/wp\/v2\/product_brand?post=76172"},{"taxonomy":"product_cat","embeddable":true,"href":"https:\/\/somllavors.com\/es\/wp-json\/wp\/v2\/product_cat?post=76172"},{"taxonomy":"product_tag","embeddable":true,"href":"https:\/\/somllavors.com\/es\/wp-json\/wp\/v2\/product_tag?post=76172"}],"curies":[{"name":"wp","href":"https:\/\/api.w.org\/{rel}","templated":true}]}}