{"id":76703,"date":"2025-04-23T13:18:41","date_gmt":"2025-04-23T11:18:41","guid":{"rendered":"https:\/\/somllavors.com\/producto\/lona-respetuosa-pepito-oceano-modelo-primavera-2025-igor\/"},"modified":"2025-04-23T13:18:41","modified_gmt":"2025-04-23T11:18:41","slug":"lona-respetuosa-pepito-oceano-modelo-primavera-2025-igor","status":"publish","type":"product","link":"https:\/\/somllavors.com\/es\/producte\/lona-respetuosa-pepito-oceano-modelo-primavera-2025-igor","title":{"rendered":"Lona respetuosa Pepito Oceano &#8211; modelo Primavera 2025 &#8211; Igor"},"content":{"rendered":"<ul>\n<li>Lavar con agua fr\u00eda, sin plantilla.<\/li>\n<\/ul>\n<p><strong>Escojer la talla correcta<\/strong><\/p>\n<ul>\n<li>En cuanto a la elecci\u00f3n de la talla, debe medirse la longitud del pie del ni\u00f1o, desde el tal\u00f3n hasta el dedo m\u00e1s largo. De ancho, por la zona de los metatarsianos. Una vez obtenidos los cm que mide, escogeremos el calzado, teniendo en cuenta que se debe a\u00f1adir un margen de aproximadamente 1 cm de largo y de 0,3 mm de ancho y escoger aquella talla que est\u00e1 m\u00e1s cerca de estas medidas.<\/li>\n<li>Se recomienda que se midan los dos pies, ya que posiblemente hay uno mayor que el otro. Nos quedaremos con el que tenga una medida superior.<\/li>\n<li>Encontrar\u00e1 la gu\u00eda de tallas con las medidas de la plantilla en la \u00faltima foto<\/li>\n<\/ul>\n","protected":false},"excerpt":{"rendered":"<h2>\u00a1Nueva suela mejorada!<\/h2>\n<p>\u00a1Esta temporada Igor nos sorprende con una sola m\u00e1s amplia por la zona de la puntera!<\/p>\n<p>Zapato de lona de estilo pepito 100% algod\u00f3n, de concepto barefoot, cero drop, flexible, blandita y con plantilla extra\u00edble.<\/p>\n<ul>\n<li>Ideal para entretiempo y verano<\/li>\n<\/ul>\n<p>&nbsp;<\/p>\n<p>&nbsp;<\/p>\n","protected":false},"featured_media":76582,"template":"","meta":{"_acf_changed":false,"site-sidebar-layout":"default","site-content-layout":"","ast-site-content-layout":"default","site-content-style":"default","site-sidebar-style":"default","ast-global-header-display":"","ast-banner-title-visibility":"","ast-main-header-display":"","ast-hfb-above-header-display":"","ast-hfb-below-header-display":"","ast-hfb-mobile-header-display":"","site-post-title":"","ast-breadcrumbs-content":"","ast-featured-img":"","footer-sml-layout":"","theme-transparent-header-meta":"default","adv-header-id-meta":"","stick-header-meta":"","header-above-stick-meta":"","header-main-stick-meta":"","header-below-stick-meta":"","astra-migrate-meta-layouts":"default","ast-page-background-enabled":"default","ast-page-background-meta":{"desktop":{"background-color":"","background-image":"","background-repeat":"repeat","background-position":"center center","background-size":"auto","background-attachment":"scroll","background-type":"","background-media":"","overlay-type":"","overlay-color":"","overlay-opacity":"","overlay-gradient":""},"tablet":{"background-color":"","background-image":"","background-repeat":"repeat","background-position":"center center","background-size":"auto","background-attachment":"scroll","background-type":"","background-media":"","overlay-type":"","overlay-color":"","overlay-opacity":"","overlay-gradient":""},"mobile":{"background-color":"","background-image":"","background-repeat":"repeat","background-position":"center center","background-size":"auto","background-attachment":"scroll","background-type":"","background-media":"","overlay-type":"","overlay-color":"","overlay-opacity":"","overlay-gradient":""}},"ast-content-background-meta":{"desktop":{"background-color":"var(--ast-global-color-5)","background-image":"","background-repeat":"repeat","background-position":"center center","background-size":"auto","background-attachment":"scroll","background-type":"","background-media":"","overlay-type":"","overlay-color":"","overlay-opacity":"","overlay-gradient":""},"tablet":{"background-color":"var(--ast-global-color-5)","background-image":"","background-repeat":"repeat","background-position":"center center","background-size":"auto","background-attachment":"scroll","background-type":"","background-media":"","overlay-type":"","overlay-color":"","overlay-opacity":"","overlay-gradient":""},"mobile":{"background-color":"var(--ast-global-color-5)","background-image":"","background-repeat":"repeat","background-position":"center center","background-size":"auto","background-attachment":"scroll","background-type":"","background-media":"","overlay-type":"","overlay-color":"","overlay-opacity":"","overlay-gradient":""}}},"pwb-brand":[4275],"product_brand":[],"product_cat":[4612,4790,4777],"product_tag":[5600],"class_list":{"0":"post-76703","1":"product","2":"type-product","3":"status-publish","4":"has-post-thumbnail","6":"pwb-brand-igor","7":"product_cat-igor-es","8":"product_cat-tallas-grandes-es","9":"product_cat-tallas-pequenas-18-25","10":"product_tag-lona-igor-es","11":"pa_talla-20-es","12":"pa_talla-21-es","13":"pa_talla-22-es","14":"pa_talla-23-es","15":"pa_talla-24-es","16":"pa_talla-25-es","17":"pa_talla-26-es","18":"pa_talla-27-es","19":"desktop-align-left","20":"tablet-align-left","21":"mobile-align-left","23":"first","24":"instock","25":"taxable","26":"shipping-taxable","27":"purchasable","28":"product-type-variable"},"acf":[],"yoast_head":"<!-- This site is optimized with the Yoast SEO Premium plugin v18.3 (Yoast SEO v27.4) - https:\/\/yoast.com\/product\/yoast-seo-premium-wordpress\/ -->\n<title>Lona respetuosa Pepito Oceano - modelo Primavera 2025 - Igor &#8212; Som Llavors<\/title>\n<meta name=\"description\" content=\"\u00a1Nueva suela mejorada! \u00a1Esta temporada Igor nos sorprende con una sola m\u00e1s amplia por la zona de la puntera! Zapato de lona de estilo pepito 100% algod\u00f3n, de concepto barefoot, cero drop, flexible, blandita y con plantilla extra\u00edble.  Ideal para entretiempo y verano &nbsp; &nbsp;\" \/>\n<meta name=\"robots\" content=\"index, follow, max-snippet:-1, max-image-preview:large, max-video-preview:-1\" \/>\n<link rel=\"canonical\" href=\"https:\/\/somllavors.com\/es\/producte\/lona-respetuosa-pepito-oceano-modelo-primavera-2025-igor\" \/>\n<meta property=\"og:locale\" content=\"es_ES\" \/>\n<meta property=\"og:type\" content=\"article\" \/>\n<meta property=\"og:title\" content=\"Lona respetuosa Pepito Oceano - modelo Primavera 2025 - Igor\" \/>\n<meta property=\"og:description\" content=\"La teva botiga d\u2019ecocrian\u00e7a i espai d\u2019acompanyament a la maternitat\" \/>\n<meta property=\"og:url\" content=\"https:\/\/somllavors.com\/es\/producte\/lona-respetuosa-pepito-oceano-modelo-primavera-2025-igor\" \/>\n<meta property=\"og:site_name\" content=\"Som Llavors\" \/>\n<meta property=\"article:publisher\" content=\"https:\/\/www.facebook.com\/somllavorsvng\/?locale=ca_ES\" \/>\n<meta property=\"og:image\" content=\"https:\/\/somllavors.com\/wp-content\/uploads\/2025\/04\/Som-Llavors-Pepito-Igor-2.jpg\" \/>\n\t<meta property=\"og:image:width\" content=\"1080\" \/>\n\t<meta property=\"og:image:height\" content=\"1080\" \/>\n\t<meta property=\"og:image:type\" content=\"image\/jpeg\" \/>\n<meta name=\"twitter:card\" content=\"summary_large_image\" \/>\n<meta name=\"twitter:label1\" content=\"Availability\" \/>\n\t<meta name=\"twitter:data1\" content=\"Hay existencias\" \/>\n<script type=\"application\/ld+json\" class=\"yoast-schema-graph\">{\"@context\":\"https:\\\/\\\/schema.org\",\"@graph\":[{\"@type\":\"WebPage\",\"@id\":\"https:\\\/\\\/somllavors.com\\\/es\\\/producte\\\/lona-respetuosa-pepito-oceano-modelo-primavera-2025-igor\",\"url\":\"https:\\\/\\\/somllavors.com\\\/es\\\/producte\\\/lona-respetuosa-pepito-oceano-modelo-primavera-2025-igor\",\"name\":\"Lona respetuosa Pepito Oceano - modelo Primavera 2025 - Igor &#8212; Som Llavors\",\"isPartOf\":{\"@id\":\"https:\\\/\\\/somllavors.com\\\/es#website\"},\"primaryImageOfPage\":{\"@id\":\"https:\\\/\\\/somllavors.com\\\/es\\\/producte\\\/lona-respetuosa-pepito-oceano-modelo-primavera-2025-igor#primaryimage\"},\"image\":{\"@id\":\"https:\\\/\\\/somllavors.com\\\/es\\\/producte\\\/lona-respetuosa-pepito-oceano-modelo-primavera-2025-igor#primaryimage\"},\"thumbnailUrl\":\"https:\\\/\\\/somllavors.com\\\/wp-content\\\/uploads\\\/2025\\\/04\\\/Som-Llavors-Pepito-Igor-2.jpg\",\"datePublished\":\"2025-04-23T11:18:41+00:00\",\"description\":\"\u00a1Nueva suela mejorada! \u00a1Esta temporada Igor nos sorprende con una sola m\u00e1s amplia por la zona de la puntera! Zapato de lona de estilo pepito 100% algod\u00f3n, de concepto barefoot, cero drop, flexible, blandita y con plantilla extra\u00edble. Ideal para entretiempo y verano &nbsp; &nbsp;\",\"breadcrumb\":{\"@id\":\"https:\\\/\\\/somllavors.com\\\/es\\\/producte\\\/lona-respetuosa-pepito-oceano-modelo-primavera-2025-igor#breadcrumb\"},\"inLanguage\":\"es\",\"potentialAction\":[{\"@type\":\"ReadAction\",\"target\":[\"https:\\\/\\\/somllavors.com\\\/es\\\/producte\\\/lona-respetuosa-pepito-oceano-modelo-primavera-2025-igor\"]}]},{\"@type\":\"ImageObject\",\"inLanguage\":\"es\",\"@id\":\"https:\\\/\\\/somllavors.com\\\/es\\\/producte\\\/lona-respetuosa-pepito-oceano-modelo-primavera-2025-igor#primaryimage\",\"url\":\"https:\\\/\\\/somllavors.com\\\/wp-content\\\/uploads\\\/2025\\\/04\\\/Som-Llavors-Pepito-Igor-2.jpg\",\"contentUrl\":\"https:\\\/\\\/somllavors.com\\\/wp-content\\\/uploads\\\/2025\\\/04\\\/Som-Llavors-Pepito-Igor-2.jpg\",\"width\":1080,\"height\":1080,\"caption\":\"Lona pepito igor\"},{\"@type\":\"BreadcrumbList\",\"@id\":\"https:\\\/\\\/somllavors.com\\\/es\\\/producte\\\/lona-respetuosa-pepito-oceano-modelo-primavera-2025-igor#breadcrumb\",\"itemListElement\":[{\"@type\":\"ListItem\",\"position\":1,\"name\":\"Inici\",\"item\":\"https:\\\/\\\/somllavors.com\\\/es\"},{\"@type\":\"ListItem\",\"position\":2,\"name\":\"Tienda\",\"item\":\"https:\\\/\\\/somllavors.com\\\/es\\\/botiga-2\"},{\"@type\":\"ListItem\",\"position\":3,\"name\":\"Lona respetuosa Pepito Oceano &#8211; modelo Primavera 2025 &#8211; Igor\"}]},{\"@type\":\"WebSite\",\"@id\":\"https:\\\/\\\/somllavors.com\\\/es#website\",\"url\":\"https:\\\/\\\/somllavors.com\\\/es\",\"name\":\"Som Llavors\",\"description\":\"Botiga de crian\u00e7a natural\",\"publisher\":{\"@id\":\"https:\\\/\\\/somllavors.com\\\/es#organization\"},\"alternateName\":\"Crian\u00e7a Natural i Sostenible\",\"potentialAction\":[{\"@type\":\"SearchAction\",\"target\":{\"@type\":\"EntryPoint\",\"urlTemplate\":\"https:\\\/\\\/somllavors.com\\\/es?s={search_term_string}\"},\"query-input\":{\"@type\":\"PropertyValueSpecification\",\"valueRequired\":true,\"valueName\":\"search_term_string\"}}],\"inLanguage\":\"es\"},{\"@type\":[\"Organization\",\"Place\",\"Store\"],\"@id\":\"https:\\\/\\\/somllavors.com\\\/es#organization\",\"name\":\"Som Llavors\",\"alternateName\":\"Crian\u00e7a Natural i Sostenible\",\"url\":\"https:\\\/\\\/somllavors.com\\\/es\",\"logo\":{\"@id\":\"https:\\\/\\\/somllavors.com\\\/es\\\/producte\\\/lona-respetuosa-pepito-oceano-modelo-primavera-2025-igor#local-main-organization-logo\"},\"image\":{\"@id\":\"https:\\\/\\\/somllavors.com\\\/es\\\/producte\\\/lona-respetuosa-pepito-oceano-modelo-primavera-2025-igor#local-main-organization-logo\"},\"sameAs\":[\"https:\\\/\\\/www.facebook.com\\\/somllavorsvng\\\/?locale=ca_ES\",\"https:\\\/\\\/www.instagram.com\\\/somllavors_vng\\\/\",\"https:\\\/\\\/www.youtube.com\\\/@somllavors\"],\"address\":{\"@id\":\"https:\\\/\\\/somllavors.com\\\/es\\\/producte\\\/lona-respetuosa-pepito-oceano-modelo-primavera-2025-igor#local-main-place-address\"},\"geo\":{\"@type\":\"GeoCoordinates\",\"latitude\":\"41.2257737\",\"longitude\":\"1.723258859\"},\"telephone\":[\"623152704\"],\"openingHoursSpecification\":[{\"@type\":\"OpeningHoursSpecification\",\"dayOfWeek\":[\"Monday\",\"Sunday\"],\"opens\":\"00:00\",\"closes\":\"00:00\"},{\"@type\":\"OpeningHoursSpecification\",\"dayOfWeek\":[\"Tuesday\",\"Wednesday\",\"Thursday\",\"Friday\"],\"opens\":\"10:00\",\"closes\":\"20:00\"},{\"@type\":\"OpeningHoursSpecification\",\"dayOfWeek\":[\"Saturday\"],\"opens\":\"10:00\",\"closes\":\"13:30\"}],\"email\":\"info@somllavors.com\"},{\"@type\":\"PostalAddress\",\"@id\":\"https:\\\/\\\/somllavors.com\\\/es\\\/producte\\\/lona-respetuosa-pepito-oceano-modelo-primavera-2025-igor#local-main-place-address\",\"streetAddress\":\"Carrer de l'aigua, 6\",\"addressLocality\":\"Vilanova i la Geltr\u00fa\",\"postalCode\":\"08800\",\"addressRegion\":\"Barcelona\",\"addressCountry\":\"ES\"},{\"@type\":\"ImageObject\",\"inLanguage\":\"es\",\"@id\":\"https:\\\/\\\/somllavors.com\\\/es\\\/producte\\\/lona-respetuosa-pepito-oceano-modelo-primavera-2025-igor#local-main-organization-logo\",\"url\":\"https:\\\/\\\/somllavors.com\\\/wp-content\\\/uploads\\\/Logotip-Som-Llavors.jpg\",\"contentUrl\":\"https:\\\/\\\/somllavors.com\\\/wp-content\\\/uploads\\\/Logotip-Som-Llavors.jpg\",\"width\":1444,\"height\":1323,\"caption\":\"Som Llavors\"}]}<\/script>\n<meta property=\"og:availability\" content=\"instock\" \/>\n<meta property=\"product:availability\" content=\"instock\" \/>\n<meta property=\"product:retailer_item_id\" content=\"S10350-225\" \/>\n<meta property=\"product:condition\" content=\"new\" \/>\n<meta name=\"geo.placename\" content=\"Vilanova i la Geltr\u00fa\" \/>\n<meta name=\"geo.position\" content=\"41.2257737;1.723258859\" \/>\n<meta name=\"geo.region\" content=\"Espa\u00f1a\" \/>\n<!-- \/ Yoast SEO Premium plugin. -->","yoast_head_json":{"title":"Lona respetuosa Pepito Oceano - modelo Primavera 2025 - Igor &#8212; Som Llavors","description":"\u00a1Nueva suela mejorada! \u00a1Esta temporada Igor nos sorprende con una sola m\u00e1s amplia por la zona de la puntera! Zapato de lona de estilo pepito 100% algod\u00f3n, de concepto barefoot, cero drop, flexible, blandita y con plantilla extra\u00edble.  Ideal para entretiempo y verano &nbsp; &nbsp;","robots":{"index":"index","follow":"follow","max-snippet":"max-snippet:-1","max-image-preview":"max-image-preview:large","max-video-preview":"max-video-preview:-1"},"canonical":"https:\/\/somllavors.com\/es\/producte\/lona-respetuosa-pepito-oceano-modelo-primavera-2025-igor","og_locale":"es_ES","og_type":"article","og_title":"Lona respetuosa Pepito Oceano - modelo Primavera 2025 - Igor","og_description":"La teva botiga d\u2019ecocrian\u00e7a i espai d\u2019acompanyament a la maternitat","og_url":"https:\/\/somllavors.com\/es\/producte\/lona-respetuosa-pepito-oceano-modelo-primavera-2025-igor","og_site_name":"Som Llavors","article_publisher":"https:\/\/www.facebook.com\/somllavorsvng\/?locale=ca_ES","og_image":[{"width":1080,"height":1080,"url":"https:\/\/somllavors.com\/wp-content\/uploads\/2025\/04\/Som-Llavors-Pepito-Igor-2.jpg","type":"image\/jpeg"}],"twitter_card":"summary_large_image","twitter_misc":{"Availability":"Hay existencias"},"schema":{"@context":"https:\/\/schema.org","@graph":[{"@type":"WebPage","@id":"https:\/\/somllavors.com\/es\/producte\/lona-respetuosa-pepito-oceano-modelo-primavera-2025-igor","url":"https:\/\/somllavors.com\/es\/producte\/lona-respetuosa-pepito-oceano-modelo-primavera-2025-igor","name":"Lona respetuosa Pepito Oceano - modelo Primavera 2025 - Igor &#8212; Som Llavors","isPartOf":{"@id":"https:\/\/somllavors.com\/es#website"},"primaryImageOfPage":{"@id":"https:\/\/somllavors.com\/es\/producte\/lona-respetuosa-pepito-oceano-modelo-primavera-2025-igor#primaryimage"},"image":{"@id":"https:\/\/somllavors.com\/es\/producte\/lona-respetuosa-pepito-oceano-modelo-primavera-2025-igor#primaryimage"},"thumbnailUrl":"https:\/\/somllavors.com\/wp-content\/uploads\/2025\/04\/Som-Llavors-Pepito-Igor-2.jpg","datePublished":"2025-04-23T11:18:41+00:00","description":"\u00a1Nueva suela mejorada! \u00a1Esta temporada Igor nos sorprende con una sola m\u00e1s amplia por la zona de la puntera! Zapato de lona de estilo pepito 100% algod\u00f3n, de concepto barefoot, cero drop, flexible, blandita y con plantilla extra\u00edble. Ideal para entretiempo y verano &nbsp; &nbsp;","breadcrumb":{"@id":"https:\/\/somllavors.com\/es\/producte\/lona-respetuosa-pepito-oceano-modelo-primavera-2025-igor#breadcrumb"},"inLanguage":"es","potentialAction":[{"@type":"ReadAction","target":["https:\/\/somllavors.com\/es\/producte\/lona-respetuosa-pepito-oceano-modelo-primavera-2025-igor"]}]},{"@type":"ImageObject","inLanguage":"es","@id":"https:\/\/somllavors.com\/es\/producte\/lona-respetuosa-pepito-oceano-modelo-primavera-2025-igor#primaryimage","url":"https:\/\/somllavors.com\/wp-content\/uploads\/2025\/04\/Som-Llavors-Pepito-Igor-2.jpg","contentUrl":"https:\/\/somllavors.com\/wp-content\/uploads\/2025\/04\/Som-Llavors-Pepito-Igor-2.jpg","width":1080,"height":1080,"caption":"Lona pepito igor"},{"@type":"BreadcrumbList","@id":"https:\/\/somllavors.com\/es\/producte\/lona-respetuosa-pepito-oceano-modelo-primavera-2025-igor#breadcrumb","itemListElement":[{"@type":"ListItem","position":1,"name":"Inici","item":"https:\/\/somllavors.com\/es"},{"@type":"ListItem","position":2,"name":"Tienda","item":"https:\/\/somllavors.com\/es\/botiga-2"},{"@type":"ListItem","position":3,"name":"Lona respetuosa Pepito Oceano &#8211; modelo Primavera 2025 &#8211; Igor"}]},{"@type":"WebSite","@id":"https:\/\/somllavors.com\/es#website","url":"https:\/\/somllavors.com\/es","name":"Som Llavors","description":"Botiga de crian\u00e7a natural","publisher":{"@id":"https:\/\/somllavors.com\/es#organization"},"alternateName":"Crian\u00e7a Natural i Sostenible","potentialAction":[{"@type":"SearchAction","target":{"@type":"EntryPoint","urlTemplate":"https:\/\/somllavors.com\/es?s={search_term_string}"},"query-input":{"@type":"PropertyValueSpecification","valueRequired":true,"valueName":"search_term_string"}}],"inLanguage":"es"},{"@type":["Organization","Place","Store"],"@id":"https:\/\/somllavors.com\/es#organization","name":"Som Llavors","alternateName":"Crian\u00e7a Natural i Sostenible","url":"https:\/\/somllavors.com\/es","logo":{"@id":"https:\/\/somllavors.com\/es\/producte\/lona-respetuosa-pepito-oceano-modelo-primavera-2025-igor#local-main-organization-logo"},"image":{"@id":"https:\/\/somllavors.com\/es\/producte\/lona-respetuosa-pepito-oceano-modelo-primavera-2025-igor#local-main-organization-logo"},"sameAs":["https:\/\/www.facebook.com\/somllavorsvng\/?locale=ca_ES","https:\/\/www.instagram.com\/somllavors_vng\/","https:\/\/www.youtube.com\/@somllavors"],"address":{"@id":"https:\/\/somllavors.com\/es\/producte\/lona-respetuosa-pepito-oceano-modelo-primavera-2025-igor#local-main-place-address"},"geo":{"@type":"GeoCoordinates","latitude":"41.2257737","longitude":"1.723258859"},"telephone":["623152704","623152704"],"openingHoursSpecification":[{"@type":"OpeningHoursSpecification","dayOfWeek":["Monday","Sunday"],"opens":"00:00","closes":"00:00"},{"@type":"OpeningHoursSpecification","dayOfWeek":["Tuesday","Wednesday","Thursday","Friday"],"opens":"10:00","closes":"20:00"},{"@type":"OpeningHoursSpecification","dayOfWeek":["Saturday"],"opens":"10:00","closes":"13:30"}],"email":"info@somllavors.com"},{"@type":"PostalAddress","@id":"https:\/\/somllavors.com\/es\/producte\/lona-respetuosa-pepito-oceano-modelo-primavera-2025-igor#local-main-place-address","streetAddress":"Carrer de l'aigua, 6","addressLocality":"Vilanova i la Geltr\u00fa","postalCode":"08800","addressRegion":"Barcelona","addressCountry":"ES"},{"@type":"ImageObject","inLanguage":"es","@id":"https:\/\/somllavors.com\/es\/producte\/lona-respetuosa-pepito-oceano-modelo-primavera-2025-igor#local-main-organization-logo","url":"https:\/\/somllavors.com\/wp-content\/uploads\/Logotip-Som-Llavors.jpg","contentUrl":"https:\/\/somllavors.com\/wp-content\/uploads\/Logotip-Som-Llavors.jpg","width":1444,"height":1323,"caption":"Som Llavors"}]},"og_availability":"instock","product_availability":"instock","product_retailer_item_id":"S10350-225","product_condition":"new","geo.placename":"Vilanova i la Geltr\u00fa","geo.position":{"lat":"41.2257737","long":"1.723258859"},"geo.region":"Espa\u00f1a"},"brands":[{"id":4275,"name":"Igor","slug":"igor"}],"_links":{"self":[{"href":"https:\/\/somllavors.com\/es\/wp-json\/wp\/v2\/product\/76703","targetHints":{"allow":["GET"]}}],"collection":[{"href":"https:\/\/somllavors.com\/es\/wp-json\/wp\/v2\/product"}],"about":[{"href":"https:\/\/somllavors.com\/es\/wp-json\/wp\/v2\/types\/product"}],"wp:featuredmedia":[{"embeddable":true,"href":"https:\/\/somllavors.com\/es\/wp-json\/wp\/v2\/media\/76582"}],"wp:attachment":[{"href":"https:\/\/somllavors.com\/es\/wp-json\/wp\/v2\/media?parent=76703"}],"wp:term":[{"taxonomy":"pwb-brand","embeddable":true,"href":"https:\/\/somllavors.com\/es\/wp-json\/wp\/v2\/pwb-brand?post=76703"},{"taxonomy":"product_brand","embeddable":true,"href":"https:\/\/somllavors.com\/es\/wp-json\/wp\/v2\/product_brand?post=76703"},{"taxonomy":"product_cat","embeddable":true,"href":"https:\/\/somllavors.com\/es\/wp-json\/wp\/v2\/product_cat?post=76703"},{"taxonomy":"product_tag","embeddable":true,"href":"https:\/\/somllavors.com\/es\/wp-json\/wp\/v2\/product_tag?post=76703"}],"curies":[{"name":"wp","href":"https:\/\/api.w.org\/{rel}","templated":true}]}}