{"id":76830,"date":"2025-04-24T11:31:25","date_gmt":"2025-04-24T09:31:25","guid":{"rendered":"https:\/\/somllavors.com\/producto\/sandalias-romanas-respetuosas-corazones-zapy\/"},"modified":"2025-04-24T11:31:25","modified_gmt":"2025-04-24T09:31:25","slug":"sandalias-romanas-respetuosas-corazones-zapy","status":"publish","type":"product","link":"https:\/\/somllavors.com\/es\/producte\/sandalias-romanas-respetuosas-corazones-zapy","title":{"rendered":"Sandalias romanas respetuosas Corazones &#8211; Zapy"},"content":{"rendered":"<p><strong>Escojer la talla correcta<\/strong><\/p>\n<ul>\n<li>En cuanto a la elecci\u00f3n de la talla, debe medirse la longitud del pie del ni\u00f1o, desde el tal\u00f3n hasta el dedo m\u00e1s largo. De ancho, por la zona de los metatarsianos. Una vez obtenidos los cm que mide, escogeremos el calzado, teniendo en cuenta que se debe a\u00f1adir un margen de aproximadamente 1 cm de largo y de 0,3 mm de ancho y escoger aquella talla que est\u00e1 m\u00e1s cerca de estas medidas.<\/li>\n<li>Se recomienda que se midan los dos pies, ya que normalmente hay uno mayor. Nos quedaremos con el que tenga una medida superior.<\/li>\n<li>Encontrar\u00e1 la gu\u00eda de tallas con las medidas de la plantilla en la \u00faltima foto<\/li>\n<\/ul>\n","protected":false},"excerpt":{"rendered":"<p>Sandalias romanas respetuosas 100% Barefoot tipo &#8220;cangrejeras&#8221; de Zapy perfecto para verano estampadas con corazones y fondo blanco, ideales para pies estrechos y medios.<\/p>\n<ul>\n<li>Sistema de regulaci\u00f3n: velcro<\/li>\n<li>Material: piel<\/li>\n<li>Puntera reforzada con goma para proteger los deditos.<\/li>\n<li>Flexibles, sin drop y anchos por la puntera, para permitir la libertad de movimiento de los deditos.<\/li>\n<\/ul>\n","protected":false},"featured_media":76829,"template":"","meta":{"_acf_changed":false,"site-sidebar-layout":"default","site-content-layout":"","ast-site-content-layout":"default","site-content-style":"default","site-sidebar-style":"default","ast-global-header-display":"","ast-banner-title-visibility":"","ast-main-header-display":"","ast-hfb-above-header-display":"","ast-hfb-below-header-display":"","ast-hfb-mobile-header-display":"","site-post-title":"","ast-breadcrumbs-content":"","ast-featured-img":"","footer-sml-layout":"","ast-disable-related-posts":"","theme-transparent-header-meta":"default","adv-header-id-meta":"","stick-header-meta":"","header-above-stick-meta":"","header-main-stick-meta":"","header-below-stick-meta":"","astra-migrate-meta-layouts":"default","ast-page-background-enabled":"default","ast-page-background-meta":{"desktop":{"background-color":"","background-image":"","background-repeat":"repeat","background-position":"center center","background-size":"auto","background-attachment":"scroll","background-type":"","background-media":"","overlay-type":"","overlay-color":"","overlay-opacity":"","overlay-gradient":""},"tablet":{"background-color":"","background-image":"","background-repeat":"repeat","background-position":"center center","background-size":"auto","background-attachment":"scroll","background-type":"","background-media":"","overlay-type":"","overlay-color":"","overlay-opacity":"","overlay-gradient":""},"mobile":{"background-color":"","background-image":"","background-repeat":"repeat","background-position":"center center","background-size":"auto","background-attachment":"scroll","background-type":"","background-media":"","overlay-type":"","overlay-color":"","overlay-opacity":"","overlay-gradient":""}},"ast-content-background-meta":{"desktop":{"background-color":"var(--ast-global-color-5)","background-image":"","background-repeat":"repeat","background-position":"center center","background-size":"auto","background-attachment":"scroll","background-type":"","background-media":"","overlay-type":"","overlay-color":"","overlay-opacity":"","overlay-gradient":""},"tablet":{"background-color":"var(--ast-global-color-5)","background-image":"","background-repeat":"repeat","background-position":"center center","background-size":"auto","background-attachment":"scroll","background-type":"","background-media":"","overlay-type":"","overlay-color":"","overlay-opacity":"","overlay-gradient":""},"mobile":{"background-color":"var(--ast-global-color-5)","background-image":"","background-repeat":"repeat","background-position":"center center","background-size":"auto","background-attachment":"scroll","background-type":"","background-media":"","overlay-type":"","overlay-color":"","overlay-opacity":"","overlay-gradient":""}}},"pwb-brand":[4639],"product_brand":[],"product_cat":[4790,4777,4834],"product_tag":[5560],"class_list":{"0":"post-76830","1":"product","2":"type-product","3":"status-publish","4":"has-post-thumbnail","6":"pwb-brand-zapy","7":"product_cat-tallas-grandes-es","8":"product_cat-tallas-pequenas-18-25","9":"product_cat-zapy-es","10":"product_tag-sandalias-es-2","11":"pa_talla-20-es","12":"pa_talla-21-2","13":"pa_talla-22-es","14":"pa_talla-23-es","15":"pa_talla-24-es","16":"pa_talla-25-es","17":"pa_talla-26-es","18":"pa_talla-27-es","19":"pa_talla-28-es","20":"pa_talla-29-es","21":"desktop-align-left","22":"tablet-align-left","23":"mobile-align-left","25":"first","26":"instock","27":"taxable","28":"shipping-taxable","29":"purchasable","30":"product-type-variable"},"acf":[],"yoast_head":"<!-- This site is optimized with the Yoast SEO Premium plugin v18.3 (Yoast SEO v27.4) - https:\/\/yoast.com\/product\/yoast-seo-premium-wordpress\/ -->\n<title>Sandalias romanas respetuosas Corazones - Zapy &#8212; Som Llavors<\/title>\n<meta name=\"description\" content=\"Sandalias romanas respetuosas 100% Barefoot tipo &quot;cangrejeras&quot; de Zapy perfecto para verano estampadas con corazones y fondo blanco, ideales para pies estrechos y medios.  Sistema de regulaci\u00f3n: velcro  Material: piel  Puntera reforzada con goma para proteger los deditos.  Flexibles, sin drop y anchos por la puntera, para permitir la libertad de movimiento de los deditos.\" \/>\n<meta name=\"robots\" content=\"index, follow, max-snippet:-1, max-image-preview:large, max-video-preview:-1\" \/>\n<link rel=\"canonical\" href=\"https:\/\/somllavors.com\/es\/producte\/sandalias-romanas-respetuosas-corazones-zapy\" \/>\n<meta property=\"og:locale\" content=\"es_ES\" \/>\n<meta property=\"og:type\" content=\"article\" \/>\n<meta property=\"og:title\" content=\"Sandalias romanas respetuosas Corazones - Zapy\" \/>\n<meta property=\"og:description\" content=\"La teva botiga d\u2019ecocrian\u00e7a i espai d\u2019acompanyament a la maternitat\" \/>\n<meta property=\"og:url\" content=\"https:\/\/somllavors.com\/es\/producte\/sandalias-romanas-respetuosas-corazones-zapy\" \/>\n<meta property=\"og:site_name\" content=\"Som Llavors\" \/>\n<meta property=\"article:publisher\" content=\"https:\/\/www.facebook.com\/somllavorsvng\/?locale=ca_ES\" \/>\n<meta property=\"og:image\" content=\"https:\/\/somllavors.com\/wp-content\/uploads\/2025\/04\/Som-Llavors-Sandalia-Cors-zapy.jpg\" \/>\n\t<meta property=\"og:image:width\" content=\"1080\" \/>\n\t<meta property=\"og:image:height\" content=\"1080\" \/>\n\t<meta property=\"og:image:type\" content=\"image\/jpeg\" \/>\n<meta name=\"twitter:card\" content=\"summary_large_image\" \/>\n<meta name=\"twitter:label1\" content=\"Availability\" \/>\n\t<meta name=\"twitter:data1\" content=\"Hay existencias\" \/>\n<script type=\"application\/ld+json\" class=\"yoast-schema-graph\">{\"@context\":\"https:\\\/\\\/schema.org\",\"@graph\":[{\"@type\":\"WebPage\",\"@id\":\"https:\\\/\\\/somllavors.com\\\/es\\\/producte\\\/sandalias-romanas-respetuosas-corazones-zapy\",\"url\":\"https:\\\/\\\/somllavors.com\\\/es\\\/producte\\\/sandalias-romanas-respetuosas-corazones-zapy\",\"name\":\"Sandalias romanas respetuosas Corazones - Zapy &#8212; Som Llavors\",\"isPartOf\":{\"@id\":\"https:\\\/\\\/somllavors.com\\\/es#website\"},\"primaryImageOfPage\":{\"@id\":\"https:\\\/\\\/somllavors.com\\\/es\\\/producte\\\/sandalias-romanas-respetuosas-corazones-zapy#primaryimage\"},\"image\":{\"@id\":\"https:\\\/\\\/somllavors.com\\\/es\\\/producte\\\/sandalias-romanas-respetuosas-corazones-zapy#primaryimage\"},\"thumbnailUrl\":\"https:\\\/\\\/somllavors.com\\\/wp-content\\\/uploads\\\/2025\\\/04\\\/Som-Llavors-Sandalia-Cors-zapy.jpg\",\"datePublished\":\"2025-04-24T09:31:25+00:00\",\"description\":\"Sandalias romanas respetuosas 100% Barefoot tipo \\\"cangrejeras\\\" de Zapy perfecto para verano estampadas con corazones y fondo blanco, ideales para pies estrechos y medios. Sistema de regulaci\u00f3n: velcro Material: piel Puntera reforzada con goma para proteger los deditos. Flexibles, sin drop y anchos por la puntera, para permitir la libertad de movimiento de los deditos.\",\"breadcrumb\":{\"@id\":\"https:\\\/\\\/somllavors.com\\\/es\\\/producte\\\/sandalias-romanas-respetuosas-corazones-zapy#breadcrumb\"},\"inLanguage\":\"es\",\"potentialAction\":[{\"@type\":\"ReadAction\",\"target\":[\"https:\\\/\\\/somllavors.com\\\/es\\\/producte\\\/sandalias-romanas-respetuosas-corazones-zapy\"]}]},{\"@type\":\"ImageObject\",\"inLanguage\":\"es\",\"@id\":\"https:\\\/\\\/somllavors.com\\\/es\\\/producte\\\/sandalias-romanas-respetuosas-corazones-zapy#primaryimage\",\"url\":\"https:\\\/\\\/somllavors.com\\\/wp-content\\\/uploads\\\/2025\\\/04\\\/Som-Llavors-Sandalia-Cors-zapy.jpg\",\"contentUrl\":\"https:\\\/\\\/somllavors.com\\\/wp-content\\\/uploads\\\/2025\\\/04\\\/Som-Llavors-Sandalia-Cors-zapy.jpg\",\"width\":1080,\"height\":1080,\"caption\":\"sand\u00e0lies romanes respectuoses zapy\"},{\"@type\":\"BreadcrumbList\",\"@id\":\"https:\\\/\\\/somllavors.com\\\/es\\\/producte\\\/sandalias-romanas-respetuosas-corazones-zapy#breadcrumb\",\"itemListElement\":[{\"@type\":\"ListItem\",\"position\":1,\"name\":\"Inici\",\"item\":\"https:\\\/\\\/somllavors.com\\\/es\"},{\"@type\":\"ListItem\",\"position\":2,\"name\":\"Tienda\",\"item\":\"https:\\\/\\\/somllavors.com\\\/es\\\/botiga-2\"},{\"@type\":\"ListItem\",\"position\":3,\"name\":\"Sandalias romanas respetuosas Corazones &#8211; Zapy\"}]},{\"@type\":\"WebSite\",\"@id\":\"https:\\\/\\\/somllavors.com\\\/es#website\",\"url\":\"https:\\\/\\\/somllavors.com\\\/es\",\"name\":\"Som Llavors\",\"description\":\"Botiga de crian\u00e7a natural\",\"publisher\":{\"@id\":\"https:\\\/\\\/somllavors.com\\\/es#organization\"},\"alternateName\":\"Crian\u00e7a Natural i Sostenible\",\"potentialAction\":[{\"@type\":\"SearchAction\",\"target\":{\"@type\":\"EntryPoint\",\"urlTemplate\":\"https:\\\/\\\/somllavors.com\\\/es?s={search_term_string}\"},\"query-input\":{\"@type\":\"PropertyValueSpecification\",\"valueRequired\":true,\"valueName\":\"search_term_string\"}}],\"inLanguage\":\"es\"},{\"@type\":[\"Organization\",\"Place\",\"Store\"],\"@id\":\"https:\\\/\\\/somllavors.com\\\/es#organization\",\"name\":\"Som Llavors\",\"alternateName\":\"Crian\u00e7a Natural i Sostenible\",\"url\":\"https:\\\/\\\/somllavors.com\\\/es\",\"logo\":{\"@id\":\"https:\\\/\\\/somllavors.com\\\/es\\\/producte\\\/sandalias-romanas-respetuosas-corazones-zapy#local-main-organization-logo\"},\"image\":{\"@id\":\"https:\\\/\\\/somllavors.com\\\/es\\\/producte\\\/sandalias-romanas-respetuosas-corazones-zapy#local-main-organization-logo\"},\"sameAs\":[\"https:\\\/\\\/www.facebook.com\\\/somllavorsvng\\\/?locale=ca_ES\",\"https:\\\/\\\/www.instagram.com\\\/somllavors_vng\\\/\",\"https:\\\/\\\/www.youtube.com\\\/@somllavors\"],\"address\":{\"@id\":\"https:\\\/\\\/somllavors.com\\\/es\\\/producte\\\/sandalias-romanas-respetuosas-corazones-zapy#local-main-place-address\"},\"geo\":{\"@type\":\"GeoCoordinates\",\"latitude\":\"41.2257737\",\"longitude\":\"1.723258859\"},\"telephone\":[\"623152704\"],\"openingHoursSpecification\":[{\"@type\":\"OpeningHoursSpecification\",\"dayOfWeek\":[\"Monday\",\"Sunday\"],\"opens\":\"00:00\",\"closes\":\"00:00\"},{\"@type\":\"OpeningHoursSpecification\",\"dayOfWeek\":[\"Tuesday\",\"Wednesday\",\"Thursday\",\"Friday\"],\"opens\":\"10:00\",\"closes\":\"20:00\"},{\"@type\":\"OpeningHoursSpecification\",\"dayOfWeek\":[\"Saturday\"],\"opens\":\"10:00\",\"closes\":\"13:30\"}],\"email\":\"info@somllavors.com\"},{\"@type\":\"PostalAddress\",\"@id\":\"https:\\\/\\\/somllavors.com\\\/es\\\/producte\\\/sandalias-romanas-respetuosas-corazones-zapy#local-main-place-address\",\"streetAddress\":\"Carrer de l'aigua, 6\",\"addressLocality\":\"Vilanova i la Geltr\u00fa\",\"postalCode\":\"08800\",\"addressRegion\":\"Barcelona\",\"addressCountry\":\"ES\"},{\"@type\":\"ImageObject\",\"inLanguage\":\"es\",\"@id\":\"https:\\\/\\\/somllavors.com\\\/es\\\/producte\\\/sandalias-romanas-respetuosas-corazones-zapy#local-main-organization-logo\",\"url\":\"https:\\\/\\\/somllavors.com\\\/wp-content\\\/uploads\\\/Logotip-Som-Llavors.jpg\",\"contentUrl\":\"https:\\\/\\\/somllavors.com\\\/wp-content\\\/uploads\\\/Logotip-Som-Llavors.jpg\",\"width\":1444,\"height\":1323,\"caption\":\"Som Llavors\"}]}<\/script>\n<meta property=\"og:availability\" content=\"instock\" \/>\n<meta property=\"product:availability\" content=\"instock\" \/>\n<meta property=\"product:retailer_item_id\" content=\"AJ202401\" \/>\n<meta property=\"product:condition\" content=\"new\" \/>\n<meta name=\"geo.placename\" content=\"Vilanova i la Geltr\u00fa\" \/>\n<meta name=\"geo.position\" content=\"41.2257737;1.723258859\" \/>\n<meta name=\"geo.region\" content=\"Espa\u00f1a\" \/>\n<!-- \/ Yoast SEO Premium plugin. -->","yoast_head_json":{"title":"Sandalias romanas respetuosas Corazones - Zapy &#8212; Som Llavors","description":"Sandalias romanas respetuosas 100% Barefoot tipo \"cangrejeras\" de Zapy perfecto para verano estampadas con corazones y fondo blanco, ideales para pies estrechos y medios.  Sistema de regulaci\u00f3n: velcro  Material: piel  Puntera reforzada con goma para proteger los deditos.  Flexibles, sin drop y anchos por la puntera, para permitir la libertad de movimiento de los deditos.","robots":{"index":"index","follow":"follow","max-snippet":"max-snippet:-1","max-image-preview":"max-image-preview:large","max-video-preview":"max-video-preview:-1"},"canonical":"https:\/\/somllavors.com\/es\/producte\/sandalias-romanas-respetuosas-corazones-zapy","og_locale":"es_ES","og_type":"article","og_title":"Sandalias romanas respetuosas Corazones - Zapy","og_description":"La teva botiga d\u2019ecocrian\u00e7a i espai d\u2019acompanyament a la maternitat","og_url":"https:\/\/somllavors.com\/es\/producte\/sandalias-romanas-respetuosas-corazones-zapy","og_site_name":"Som Llavors","article_publisher":"https:\/\/www.facebook.com\/somllavorsvng\/?locale=ca_ES","og_image":[{"width":1080,"height":1080,"url":"https:\/\/somllavors.com\/wp-content\/uploads\/2025\/04\/Som-Llavors-Sandalia-Cors-zapy.jpg","type":"image\/jpeg"}],"twitter_card":"summary_large_image","twitter_misc":{"Availability":"Hay existencias"},"schema":{"@context":"https:\/\/schema.org","@graph":[{"@type":"WebPage","@id":"https:\/\/somllavors.com\/es\/producte\/sandalias-romanas-respetuosas-corazones-zapy","url":"https:\/\/somllavors.com\/es\/producte\/sandalias-romanas-respetuosas-corazones-zapy","name":"Sandalias romanas respetuosas Corazones - Zapy &#8212; Som Llavors","isPartOf":{"@id":"https:\/\/somllavors.com\/es#website"},"primaryImageOfPage":{"@id":"https:\/\/somllavors.com\/es\/producte\/sandalias-romanas-respetuosas-corazones-zapy#primaryimage"},"image":{"@id":"https:\/\/somllavors.com\/es\/producte\/sandalias-romanas-respetuosas-corazones-zapy#primaryimage"},"thumbnailUrl":"https:\/\/somllavors.com\/wp-content\/uploads\/2025\/04\/Som-Llavors-Sandalia-Cors-zapy.jpg","datePublished":"2025-04-24T09:31:25+00:00","description":"Sandalias romanas respetuosas 100% Barefoot tipo \"cangrejeras\" de Zapy perfecto para verano estampadas con corazones y fondo blanco, ideales para pies estrechos y medios. Sistema de regulaci\u00f3n: velcro Material: piel Puntera reforzada con goma para proteger los deditos. Flexibles, sin drop y anchos por la puntera, para permitir la libertad de movimiento de los deditos.","breadcrumb":{"@id":"https:\/\/somllavors.com\/es\/producte\/sandalias-romanas-respetuosas-corazones-zapy#breadcrumb"},"inLanguage":"es","potentialAction":[{"@type":"ReadAction","target":["https:\/\/somllavors.com\/es\/producte\/sandalias-romanas-respetuosas-corazones-zapy"]}]},{"@type":"ImageObject","inLanguage":"es","@id":"https:\/\/somllavors.com\/es\/producte\/sandalias-romanas-respetuosas-corazones-zapy#primaryimage","url":"https:\/\/somllavors.com\/wp-content\/uploads\/2025\/04\/Som-Llavors-Sandalia-Cors-zapy.jpg","contentUrl":"https:\/\/somllavors.com\/wp-content\/uploads\/2025\/04\/Som-Llavors-Sandalia-Cors-zapy.jpg","width":1080,"height":1080,"caption":"sand\u00e0lies romanes respectuoses zapy"},{"@type":"BreadcrumbList","@id":"https:\/\/somllavors.com\/es\/producte\/sandalias-romanas-respetuosas-corazones-zapy#breadcrumb","itemListElement":[{"@type":"ListItem","position":1,"name":"Inici","item":"https:\/\/somllavors.com\/es"},{"@type":"ListItem","position":2,"name":"Tienda","item":"https:\/\/somllavors.com\/es\/botiga-2"},{"@type":"ListItem","position":3,"name":"Sandalias romanas respetuosas Corazones &#8211; Zapy"}]},{"@type":"WebSite","@id":"https:\/\/somllavors.com\/es#website","url":"https:\/\/somllavors.com\/es","name":"Som Llavors","description":"Botiga de crian\u00e7a natural","publisher":{"@id":"https:\/\/somllavors.com\/es#organization"},"alternateName":"Crian\u00e7a Natural i Sostenible","potentialAction":[{"@type":"SearchAction","target":{"@type":"EntryPoint","urlTemplate":"https:\/\/somllavors.com\/es?s={search_term_string}"},"query-input":{"@type":"PropertyValueSpecification","valueRequired":true,"valueName":"search_term_string"}}],"inLanguage":"es"},{"@type":["Organization","Place","Store"],"@id":"https:\/\/somllavors.com\/es#organization","name":"Som Llavors","alternateName":"Crian\u00e7a Natural i Sostenible","url":"https:\/\/somllavors.com\/es","logo":{"@id":"https:\/\/somllavors.com\/es\/producte\/sandalias-romanas-respetuosas-corazones-zapy#local-main-organization-logo"},"image":{"@id":"https:\/\/somllavors.com\/es\/producte\/sandalias-romanas-respetuosas-corazones-zapy#local-main-organization-logo"},"sameAs":["https:\/\/www.facebook.com\/somllavorsvng\/?locale=ca_ES","https:\/\/www.instagram.com\/somllavors_vng\/","https:\/\/www.youtube.com\/@somllavors"],"address":{"@id":"https:\/\/somllavors.com\/es\/producte\/sandalias-romanas-respetuosas-corazones-zapy#local-main-place-address"},"geo":{"@type":"GeoCoordinates","latitude":"41.2257737","longitude":"1.723258859"},"telephone":["623152704","623152704"],"openingHoursSpecification":[{"@type":"OpeningHoursSpecification","dayOfWeek":["Monday","Sunday"],"opens":"00:00","closes":"00:00"},{"@type":"OpeningHoursSpecification","dayOfWeek":["Tuesday","Wednesday","Thursday","Friday"],"opens":"10:00","closes":"20:00"},{"@type":"OpeningHoursSpecification","dayOfWeek":["Saturday"],"opens":"10:00","closes":"13:30"}],"email":"info@somllavors.com"},{"@type":"PostalAddress","@id":"https:\/\/somllavors.com\/es\/producte\/sandalias-romanas-respetuosas-corazones-zapy#local-main-place-address","streetAddress":"Carrer de l'aigua, 6","addressLocality":"Vilanova i la Geltr\u00fa","postalCode":"08800","addressRegion":"Barcelona","addressCountry":"ES"},{"@type":"ImageObject","inLanguage":"es","@id":"https:\/\/somllavors.com\/es\/producte\/sandalias-romanas-respetuosas-corazones-zapy#local-main-organization-logo","url":"https:\/\/somllavors.com\/wp-content\/uploads\/Logotip-Som-Llavors.jpg","contentUrl":"https:\/\/somllavors.com\/wp-content\/uploads\/Logotip-Som-Llavors.jpg","width":1444,"height":1323,"caption":"Som Llavors"}]},"og_availability":"instock","product_availability":"instock","product_retailer_item_id":"AJ202401","product_condition":"new","geo.placename":"Vilanova i la Geltr\u00fa","geo.position":{"lat":"41.2257737","long":"1.723258859"},"geo.region":"Espa\u00f1a"},"brands":[{"id":4639,"name":"Zapy","slug":"zapy"}],"_links":{"self":[{"href":"https:\/\/somllavors.com\/es\/wp-json\/wp\/v2\/product\/76830","targetHints":{"allow":["GET"]}}],"collection":[{"href":"https:\/\/somllavors.com\/es\/wp-json\/wp\/v2\/product"}],"about":[{"href":"https:\/\/somllavors.com\/es\/wp-json\/wp\/v2\/types\/product"}],"wp:featuredmedia":[{"embeddable":true,"href":"https:\/\/somllavors.com\/es\/wp-json\/wp\/v2\/media\/76829"}],"wp:attachment":[{"href":"https:\/\/somllavors.com\/es\/wp-json\/wp\/v2\/media?parent=76830"}],"wp:term":[{"taxonomy":"pwb-brand","embeddable":true,"href":"https:\/\/somllavors.com\/es\/wp-json\/wp\/v2\/pwb-brand?post=76830"},{"taxonomy":"product_brand","embeddable":true,"href":"https:\/\/somllavors.com\/es\/wp-json\/wp\/v2\/product_brand?post=76830"},{"taxonomy":"product_cat","embeddable":true,"href":"https:\/\/somllavors.com\/es\/wp-json\/wp\/v2\/product_cat?post=76830"},{"taxonomy":"product_tag","embeddable":true,"href":"https:\/\/somllavors.com\/es\/wp-json\/wp\/v2\/product_tag?post=76830"}],"curies":[{"name":"wp","href":"https:\/\/api.w.org\/{rel}","templated":true}]}}