{"id":77387,"date":"2025-05-08T12:26:02","date_gmt":"2025-05-08T10:26:02","guid":{"rendered":"https:\/\/somllavors.com\/producto\/hamaca-new-born-set-antracita-para-la-trona-tripp-trapp-stokke\/"},"modified":"2025-05-08T12:26:02","modified_gmt":"2025-05-08T10:26:02","slug":"hamaca-new-born-set-antracita-para-la-trona-tripp-trapp-stokke","status":"publish","type":"product","link":"https:\/\/somllavors.com\/es\/producte\/hamaca-new-born-set-antracita-para-la-trona-tripp-trapp-stokke","title":{"rendered":"Hamaca &#8220;New born Set&#8221; Antracita para la trona Tripp Trapp &#8211; Stokke"},"content":{"rendered":"<p>El Newborn Set para Tripp Trapp\u00ae est\u00e1 dise\u00f1ado para favorecer la interacci\u00f3n desde el nacimiento. C\u00f3modo y ergon\u00f3mico, cuna al reci\u00e9n nacido elev\u00e1ndolo a tu altura en la mesa. Ahora, con 2 posiciones de \u00e1ngulo ajustable y un excelente soporte para las piernas, tu peque\u00f1o disfrutar\u00e1 de un lugar acogedor parecido a un nido, lo que permite el contacto visual, promoviendo la interacci\u00f3n durante las comidas y reuniones alrededor de la mesa, es una oportunidad fabulosa de tener cerca a tu beb\u00e9 mientras se aprietan los lazos. Seguro y f\u00e1cil de usar, el Newborn Set se puede ensamblar y desacoplar f\u00e1cilmente de la silla Tripp Trapp\u00ae. Los indicadores rojo y verde garantizan el correcto ensamblaje, y el arn\u00e9s de seguridad de 5 puntos con las fundas de arn\u00e9s mantiene al beb\u00e9 m\u00e1s seguro. El perchero de juguetes permite al beb\u00e9 tener sus juguetes preferidos al alcance de la mano para que se entretenga, a la vez que estimulas las capacidades motrices. Apto para beb\u00e9s y hasta 9 kg.      <\/p>\n<ul>\n<li>Permite utilizar la silla desde el nacimiento<\/li>\n<li>Arn\u00e9s de seguridad con 5 puntos de fijaci\u00f3n<\/li>\n<li>Ergon\u00f3mica y espaciosa con soporte \u00f3ptimo de las piernas<\/li>\n<li>Cuna c\u00f3modamente a tu beb\u00e9 a la vez que permite la libertad de movimiento<\/li>\n<li>2 \u00e1ngulos para la comodidad del beb\u00e9 que se ajustan con una sola mano<\/li>\n<li>Apto para beb\u00e9s y hasta 9 kg<\/li>\n<li>Los indicadores rojos cambian a verde cuando est\u00e1 correctamente ensamblado en la silla Tripp Trapp\u00ae<\/li>\n<li>Perforado para optimizar la circulaci\u00f3n del aire<\/li>\n<li>F\u00e1cil de utilizar, no se requieren herramientas para ensamblar y desacoplarlo de la silla<\/li>\n<li>C\u00f3moda funda que se puede extraer y lavar a m\u00e1quina<\/li>\n<li>Se adapta a cualquier silla Tripp Trapp\u00ae producida despu\u00e9s de mayo de 2003<\/li>\n<\/ul>\n","protected":false},"excerpt":{"rendered":"<p>Acerca a tu reci\u00e9n nacido a la mesa y al coraz\u00f3n de la familia.<\/p>\n<ul>\n<li>Permite utilizar la silla Tripp Trapp\u00ae desde el nacimiento<\/li>\n<li>Arn\u00e9s con 5 puntos de fijaci\u00f3n y fundas de arn\u00e9s para mayor comodidad<\/li>\n<li>\u00c1ngulo ajustable con una sola mano<\/li>\n<li>Apto para beb\u00e9s y hasta 9 kg<\/li>\n<li>Se adapta a cualquier silla Tripp Trapp\u00ae fabricada despu\u00e9s de mayo de 2003<\/li>\n<\/ul>\n","protected":false},"featured_media":77374,"template":"","meta":{"_acf_changed":false,"site-sidebar-layout":"default","site-content-layout":"","ast-site-content-layout":"default","site-content-style":"default","site-sidebar-style":"default","ast-global-header-display":"","ast-banner-title-visibility":"","ast-main-header-display":"","ast-hfb-above-header-display":"","ast-hfb-below-header-display":"","ast-hfb-mobile-header-display":"","site-post-title":"","ast-breadcrumbs-content":"","ast-featured-img":"","footer-sml-layout":"","ast-disable-related-posts":"","theme-transparent-header-meta":"default","adv-header-id-meta":"","stick-header-meta":"","header-above-stick-meta":"","header-main-stick-meta":"","header-below-stick-meta":"","astra-migrate-meta-layouts":"default","ast-page-background-enabled":"default","ast-page-background-meta":{"desktop":{"background-color":"","background-image":"","background-repeat":"repeat","background-position":"center center","background-size":"auto","background-attachment":"scroll","background-type":"","background-media":"","overlay-type":"","overlay-color":"","overlay-opacity":"","overlay-gradient":""},"tablet":{"background-color":"","background-image":"","background-repeat":"repeat","background-position":"center center","background-size":"auto","background-attachment":"scroll","background-type":"","background-media":"","overlay-type":"","overlay-color":"","overlay-opacity":"","overlay-gradient":""},"mobile":{"background-color":"","background-image":"","background-repeat":"repeat","background-position":"center center","background-size":"auto","background-attachment":"scroll","background-type":"","background-media":"","overlay-type":"","overlay-color":"","overlay-opacity":"","overlay-gradient":""}},"ast-content-background-meta":{"desktop":{"background-color":"var(--ast-global-color-5)","background-image":"","background-repeat":"repeat","background-position":"center center","background-size":"auto","background-attachment":"scroll","background-type":"","background-media":"","overlay-type":"","overlay-color":"","overlay-opacity":"","overlay-gradient":""},"tablet":{"background-color":"var(--ast-global-color-5)","background-image":"","background-repeat":"repeat","background-position":"center center","background-size":"auto","background-attachment":"scroll","background-type":"","background-media":"","overlay-type":"","overlay-color":"","overlay-opacity":"","overlay-gradient":""},"mobile":{"background-color":"var(--ast-global-color-5)","background-image":"","background-repeat":"repeat","background-position":"center center","background-size":"auto","background-attachment":"scroll","background-type":"","background-media":"","overlay-type":"","overlay-color":"","overlay-opacity":"","overlay-gradient":""}}},"pwb-brand":[4501],"product_brand":[],"product_cat":[3587,3507],"product_tag":[5605],"class_list":{"0":"post-77387","1":"product","2":"type-product","3":"status-publish","4":"has-post-thumbnail","6":"pwb-brand-stokke","7":"product_cat-muebles","8":"product_cat-tronas","9":"product_tag-tripp-trapp-es","10":"desktop-align-left","11":"tablet-align-left","12":"mobile-align-left","14":"first","15":"instock","16":"taxable","17":"shipping-taxable","18":"purchasable","19":"product-type-simple"},"acf":[],"yoast_head":"<!-- This site is optimized with the Yoast SEO Premium plugin v18.3 (Yoast SEO v27.4) - https:\/\/yoast.com\/product\/yoast-seo-premium-wordpress\/ -->\n<title>Hamaca &quot;New born Set&quot; Antracita para la trona Tripp Trapp - Stokke &#8212; Som Llavors<\/title>\n<meta name=\"description\" content=\"Acerca a tu reci\u00e9n nacido a la mesa y al coraz\u00f3n de la familia.  Permite utilizar la silla Tripp Trapp\u00ae desde el nacimiento  Arn\u00e9s con 5 puntos de fijaci\u00f3n y fundas de arn\u00e9s para mayor comodidad  \u00c1ngulo ajustable con una sola mano  Apto para beb\u00e9s y hasta 9 kg  Se adapta a cualquier silla Tripp Trapp\u00ae fabricada despu\u00e9s de mayo de 2003\" \/>\n<meta name=\"robots\" content=\"index, follow, max-snippet:-1, max-image-preview:large, max-video-preview:-1\" \/>\n<link rel=\"canonical\" href=\"https:\/\/somllavors.com\/es\/producte\/hamaca-new-born-set-antracita-para-la-trona-tripp-trapp-stokke\" \/>\n<meta property=\"og:locale\" content=\"es_ES\" \/>\n<meta property=\"og:type\" content=\"article\" \/>\n<meta property=\"og:title\" content=\"Hamaca &quot;New born Set&quot; Antracita para la trona Tripp Trapp - Stokke\" \/>\n<meta property=\"og:description\" content=\"La teva botiga d\u2019ecocrian\u00e7a i espai d\u2019acompanyament a la maternitat\" \/>\n<meta property=\"og:url\" content=\"https:\/\/somllavors.com\/es\/producte\/hamaca-new-born-set-antracita-para-la-trona-tripp-trapp-stokke\" \/>\n<meta property=\"og:site_name\" content=\"Som Llavors\" \/>\n<meta property=\"article:publisher\" content=\"https:\/\/www.facebook.com\/somllavorsvng\/?locale=ca_ES\" \/>\n<meta property=\"og:image\" content=\"https:\/\/somllavors.com\/wp-content\/uploads\/2025\/05\/TrippTrapp_NewbornSet_ToyHAnger_Black-Anthracite_240923-8432_eCom.webp\" \/>\n\t<meta property=\"og:image:width\" content=\"938\" \/>\n\t<meta property=\"og:image:height\" content=\"1072\" \/>\n\t<meta property=\"og:image:type\" content=\"image\/webp\" \/>\n<meta name=\"twitter:card\" content=\"summary_large_image\" \/>\n<meta name=\"twitter:label1\" content=\"Precio\" \/>\n\t<meta name=\"twitter:data1\" content=\"129,00&euro; Iva incl\u00f2s\" \/>\n\t<meta name=\"twitter:label2\" content=\"Availability\" \/>\n\t<meta name=\"twitter:data2\" content=\"Hay existencias\" \/>\n<script type=\"application\/ld+json\" class=\"yoast-schema-graph\">{\"@context\":\"https:\\\/\\\/schema.org\",\"@graph\":[{\"@type\":\"WebPage\",\"@id\":\"https:\\\/\\\/somllavors.com\\\/es\\\/producte\\\/hamaca-new-born-set-antracita-para-la-trona-tripp-trapp-stokke\",\"url\":\"https:\\\/\\\/somllavors.com\\\/es\\\/producte\\\/hamaca-new-born-set-antracita-para-la-trona-tripp-trapp-stokke\",\"name\":\"Hamaca \\\"New born Set\\\" Antracita para la trona Tripp Trapp - Stokke &#8212; Som Llavors\",\"isPartOf\":{\"@id\":\"https:\\\/\\\/somllavors.com\\\/es#website\"},\"primaryImageOfPage\":{\"@id\":\"https:\\\/\\\/somllavors.com\\\/es\\\/producte\\\/hamaca-new-born-set-antracita-para-la-trona-tripp-trapp-stokke#primaryimage\"},\"image\":{\"@id\":\"https:\\\/\\\/somllavors.com\\\/es\\\/producte\\\/hamaca-new-born-set-antracita-para-la-trona-tripp-trapp-stokke#primaryimage\"},\"thumbnailUrl\":\"https:\\\/\\\/somllavors.com\\\/wp-content\\\/uploads\\\/2025\\\/05\\\/TrippTrapp_NewbornSet_ToyHAnger_Black-Anthracite_240923-8432_eCom.webp\",\"datePublished\":\"2025-05-08T10:26:02+00:00\",\"description\":\"Acerca a tu reci\u00e9n nacido a la mesa y al coraz\u00f3n de la familia. Permite utilizar la silla Tripp Trapp\u00ae desde el nacimiento Arn\u00e9s con 5 puntos de fijaci\u00f3n y fundas de arn\u00e9s para mayor comodidad \u00c1ngulo ajustable con una sola mano Apto para beb\u00e9s y hasta 9 kg Se adapta a cualquier silla Tripp Trapp\u00ae fabricada despu\u00e9s de mayo de 2003\",\"breadcrumb\":{\"@id\":\"https:\\\/\\\/somllavors.com\\\/es\\\/producte\\\/hamaca-new-born-set-antracita-para-la-trona-tripp-trapp-stokke#breadcrumb\"},\"inLanguage\":\"es\",\"potentialAction\":[{\"@type\":\"ReadAction\",\"target\":[\"https:\\\/\\\/somllavors.com\\\/es\\\/producte\\\/hamaca-new-born-set-antracita-para-la-trona-tripp-trapp-stokke\"]}]},{\"@type\":\"ImageObject\",\"inLanguage\":\"es\",\"@id\":\"https:\\\/\\\/somllavors.com\\\/es\\\/producte\\\/hamaca-new-born-set-antracita-para-la-trona-tripp-trapp-stokke#primaryimage\",\"url\":\"https:\\\/\\\/somllavors.com\\\/wp-content\\\/uploads\\\/2025\\\/05\\\/TrippTrapp_NewbornSet_ToyHAnger_Black-Anthracite_240923-8432_eCom.webp\",\"contentUrl\":\"https:\\\/\\\/somllavors.com\\\/wp-content\\\/uploads\\\/2025\\\/05\\\/TrippTrapp_NewbornSet_ToyHAnger_Black-Anthracite_240923-8432_eCom.webp\",\"width\":938,\"height\":1072,\"caption\":\"New born set tripp trapp\"},{\"@type\":\"BreadcrumbList\",\"@id\":\"https:\\\/\\\/somllavors.com\\\/es\\\/producte\\\/hamaca-new-born-set-antracita-para-la-trona-tripp-trapp-stokke#breadcrumb\",\"itemListElement\":[{\"@type\":\"ListItem\",\"position\":1,\"name\":\"Inici\",\"item\":\"https:\\\/\\\/somllavors.com\\\/es\"},{\"@type\":\"ListItem\",\"position\":2,\"name\":\"Tienda\",\"item\":\"https:\\\/\\\/somllavors.com\\\/es\\\/botiga-2\"},{\"@type\":\"ListItem\",\"position\":3,\"name\":\"Hamaca &#8220;New born Set&#8221; Antracita para la trona Tripp Trapp &#8211; Stokke\"}]},{\"@type\":\"WebSite\",\"@id\":\"https:\\\/\\\/somllavors.com\\\/es#website\",\"url\":\"https:\\\/\\\/somllavors.com\\\/es\",\"name\":\"Som Llavors\",\"description\":\"Botiga de crian\u00e7a natural\",\"publisher\":{\"@id\":\"https:\\\/\\\/somllavors.com\\\/es#organization\"},\"alternateName\":\"Crian\u00e7a Natural i Sostenible\",\"potentialAction\":[{\"@type\":\"SearchAction\",\"target\":{\"@type\":\"EntryPoint\",\"urlTemplate\":\"https:\\\/\\\/somllavors.com\\\/es?s={search_term_string}\"},\"query-input\":{\"@type\":\"PropertyValueSpecification\",\"valueRequired\":true,\"valueName\":\"search_term_string\"}}],\"inLanguage\":\"es\"},{\"@type\":[\"Organization\",\"Place\",\"Store\"],\"@id\":\"https:\\\/\\\/somllavors.com\\\/es#organization\",\"name\":\"Som Llavors\",\"alternateName\":\"Crian\u00e7a Natural i Sostenible\",\"url\":\"https:\\\/\\\/somllavors.com\\\/es\",\"logo\":{\"@id\":\"https:\\\/\\\/somllavors.com\\\/es\\\/producte\\\/hamaca-new-born-set-antracita-para-la-trona-tripp-trapp-stokke#local-main-organization-logo\"},\"image\":{\"@id\":\"https:\\\/\\\/somllavors.com\\\/es\\\/producte\\\/hamaca-new-born-set-antracita-para-la-trona-tripp-trapp-stokke#local-main-organization-logo\"},\"sameAs\":[\"https:\\\/\\\/www.facebook.com\\\/somllavorsvng\\\/?locale=ca_ES\",\"https:\\\/\\\/www.instagram.com\\\/somllavors_vng\\\/\",\"https:\\\/\\\/www.youtube.com\\\/@somllavors\"],\"address\":{\"@id\":\"https:\\\/\\\/somllavors.com\\\/es\\\/producte\\\/hamaca-new-born-set-antracita-para-la-trona-tripp-trapp-stokke#local-main-place-address\"},\"geo\":{\"@type\":\"GeoCoordinates\",\"latitude\":\"41.2257737\",\"longitude\":\"1.723258859\"},\"telephone\":[\"623152704\"],\"openingHoursSpecification\":[{\"@type\":\"OpeningHoursSpecification\",\"dayOfWeek\":[\"Monday\",\"Sunday\"],\"opens\":\"00:00\",\"closes\":\"00:00\"},{\"@type\":\"OpeningHoursSpecification\",\"dayOfWeek\":[\"Tuesday\",\"Wednesday\",\"Thursday\",\"Friday\"],\"opens\":\"10:00\",\"closes\":\"20:00\"},{\"@type\":\"OpeningHoursSpecification\",\"dayOfWeek\":[\"Saturday\"],\"opens\":\"10:00\",\"closes\":\"13:30\"}],\"email\":\"info@somllavors.com\"},{\"@type\":\"PostalAddress\",\"@id\":\"https:\\\/\\\/somllavors.com\\\/es\\\/producte\\\/hamaca-new-born-set-antracita-para-la-trona-tripp-trapp-stokke#local-main-place-address\",\"streetAddress\":\"Carrer de l'aigua, 6\",\"addressLocality\":\"Vilanova i la Geltr\u00fa\",\"postalCode\":\"08800\",\"addressRegion\":\"Barcelona\",\"addressCountry\":\"ES\"},{\"@type\":\"ImageObject\",\"inLanguage\":\"es\",\"@id\":\"https:\\\/\\\/somllavors.com\\\/es\\\/producte\\\/hamaca-new-born-set-antracita-para-la-trona-tripp-trapp-stokke#local-main-organization-logo\",\"url\":\"https:\\\/\\\/somllavors.com\\\/wp-content\\\/uploads\\\/Logotip-Som-Llavors.jpg\",\"contentUrl\":\"https:\\\/\\\/somllavors.com\\\/wp-content\\\/uploads\\\/Logotip-Som-Llavors.jpg\",\"width\":1444,\"height\":1323,\"caption\":\"Som Llavors\"}]}<\/script>\n<meta property=\"product:price:amount\" content=\"129.00\" \/>\n<meta property=\"product:price:currency\" content=\"EUR\" \/>\n<meta property=\"og:availability\" content=\"instock\" \/>\n<meta property=\"product:availability\" content=\"instock\" \/>\n<meta property=\"product:retailer_item_id\" content=\"526104\" \/>\n<meta property=\"product:condition\" content=\"new\" \/>\n<meta name=\"geo.placename\" content=\"Vilanova i la Geltr\u00fa\" \/>\n<meta name=\"geo.position\" content=\"41.2257737;1.723258859\" \/>\n<meta name=\"geo.region\" content=\"Espa\u00f1a\" \/>\n<!-- \/ Yoast SEO Premium plugin. -->","yoast_head_json":{"title":"Hamaca \"New born Set\" Antracita para la trona Tripp Trapp - Stokke &#8212; Som Llavors","description":"Acerca a tu reci\u00e9n nacido a la mesa y al coraz\u00f3n de la familia.  Permite utilizar la silla Tripp Trapp\u00ae desde el nacimiento  Arn\u00e9s con 5 puntos de fijaci\u00f3n y fundas de arn\u00e9s para mayor comodidad  \u00c1ngulo ajustable con una sola mano  Apto para beb\u00e9s y hasta 9 kg  Se adapta a cualquier silla Tripp Trapp\u00ae fabricada despu\u00e9s de mayo de 2003","robots":{"index":"index","follow":"follow","max-snippet":"max-snippet:-1","max-image-preview":"max-image-preview:large","max-video-preview":"max-video-preview:-1"},"canonical":"https:\/\/somllavors.com\/es\/producte\/hamaca-new-born-set-antracita-para-la-trona-tripp-trapp-stokke","og_locale":"es_ES","og_type":"article","og_title":"Hamaca \"New born Set\" Antracita para la trona Tripp Trapp - Stokke","og_description":"La teva botiga d\u2019ecocrian\u00e7a i espai d\u2019acompanyament a la maternitat","og_url":"https:\/\/somllavors.com\/es\/producte\/hamaca-new-born-set-antracita-para-la-trona-tripp-trapp-stokke","og_site_name":"Som Llavors","article_publisher":"https:\/\/www.facebook.com\/somllavorsvng\/?locale=ca_ES","og_image":[{"width":938,"height":1072,"url":"https:\/\/somllavors.com\/wp-content\/uploads\/2025\/05\/TrippTrapp_NewbornSet_ToyHAnger_Black-Anthracite_240923-8432_eCom.webp","type":"image\/webp"}],"twitter_card":"summary_large_image","twitter_misc":{"Precio":"129,00&euro; Iva incl\u00f2s","Availability":"Hay existencias"},"schema":{"@context":"https:\/\/schema.org","@graph":[{"@type":"WebPage","@id":"https:\/\/somllavors.com\/es\/producte\/hamaca-new-born-set-antracita-para-la-trona-tripp-trapp-stokke","url":"https:\/\/somllavors.com\/es\/producte\/hamaca-new-born-set-antracita-para-la-trona-tripp-trapp-stokke","name":"Hamaca \"New born Set\" Antracita para la trona Tripp Trapp - Stokke &#8212; Som Llavors","isPartOf":{"@id":"https:\/\/somllavors.com\/es#website"},"primaryImageOfPage":{"@id":"https:\/\/somllavors.com\/es\/producte\/hamaca-new-born-set-antracita-para-la-trona-tripp-trapp-stokke#primaryimage"},"image":{"@id":"https:\/\/somllavors.com\/es\/producte\/hamaca-new-born-set-antracita-para-la-trona-tripp-trapp-stokke#primaryimage"},"thumbnailUrl":"https:\/\/somllavors.com\/wp-content\/uploads\/2025\/05\/TrippTrapp_NewbornSet_ToyHAnger_Black-Anthracite_240923-8432_eCom.webp","datePublished":"2025-05-08T10:26:02+00:00","description":"Acerca a tu reci\u00e9n nacido a la mesa y al coraz\u00f3n de la familia. Permite utilizar la silla Tripp Trapp\u00ae desde el nacimiento Arn\u00e9s con 5 puntos de fijaci\u00f3n y fundas de arn\u00e9s para mayor comodidad \u00c1ngulo ajustable con una sola mano Apto para beb\u00e9s y hasta 9 kg Se adapta a cualquier silla Tripp Trapp\u00ae fabricada despu\u00e9s de mayo de 2003","breadcrumb":{"@id":"https:\/\/somllavors.com\/es\/producte\/hamaca-new-born-set-antracita-para-la-trona-tripp-trapp-stokke#breadcrumb"},"inLanguage":"es","potentialAction":[{"@type":"ReadAction","target":["https:\/\/somllavors.com\/es\/producte\/hamaca-new-born-set-antracita-para-la-trona-tripp-trapp-stokke"]}]},{"@type":"ImageObject","inLanguage":"es","@id":"https:\/\/somllavors.com\/es\/producte\/hamaca-new-born-set-antracita-para-la-trona-tripp-trapp-stokke#primaryimage","url":"https:\/\/somllavors.com\/wp-content\/uploads\/2025\/05\/TrippTrapp_NewbornSet_ToyHAnger_Black-Anthracite_240923-8432_eCom.webp","contentUrl":"https:\/\/somllavors.com\/wp-content\/uploads\/2025\/05\/TrippTrapp_NewbornSet_ToyHAnger_Black-Anthracite_240923-8432_eCom.webp","width":938,"height":1072,"caption":"New born set tripp trapp"},{"@type":"BreadcrumbList","@id":"https:\/\/somllavors.com\/es\/producte\/hamaca-new-born-set-antracita-para-la-trona-tripp-trapp-stokke#breadcrumb","itemListElement":[{"@type":"ListItem","position":1,"name":"Inici","item":"https:\/\/somllavors.com\/es"},{"@type":"ListItem","position":2,"name":"Tienda","item":"https:\/\/somllavors.com\/es\/botiga-2"},{"@type":"ListItem","position":3,"name":"Hamaca &#8220;New born Set&#8221; Antracita para la trona Tripp Trapp &#8211; Stokke"}]},{"@type":"WebSite","@id":"https:\/\/somllavors.com\/es#website","url":"https:\/\/somllavors.com\/es","name":"Som Llavors","description":"Botiga de crian\u00e7a natural","publisher":{"@id":"https:\/\/somllavors.com\/es#organization"},"alternateName":"Crian\u00e7a Natural i Sostenible","potentialAction":[{"@type":"SearchAction","target":{"@type":"EntryPoint","urlTemplate":"https:\/\/somllavors.com\/es?s={search_term_string}"},"query-input":{"@type":"PropertyValueSpecification","valueRequired":true,"valueName":"search_term_string"}}],"inLanguage":"es"},{"@type":["Organization","Place","Store"],"@id":"https:\/\/somllavors.com\/es#organization","name":"Som Llavors","alternateName":"Crian\u00e7a Natural i Sostenible","url":"https:\/\/somllavors.com\/es","logo":{"@id":"https:\/\/somllavors.com\/es\/producte\/hamaca-new-born-set-antracita-para-la-trona-tripp-trapp-stokke#local-main-organization-logo"},"image":{"@id":"https:\/\/somllavors.com\/es\/producte\/hamaca-new-born-set-antracita-para-la-trona-tripp-trapp-stokke#local-main-organization-logo"},"sameAs":["https:\/\/www.facebook.com\/somllavorsvng\/?locale=ca_ES","https:\/\/www.instagram.com\/somllavors_vng\/","https:\/\/www.youtube.com\/@somllavors"],"address":{"@id":"https:\/\/somllavors.com\/es\/producte\/hamaca-new-born-set-antracita-para-la-trona-tripp-trapp-stokke#local-main-place-address"},"geo":{"@type":"GeoCoordinates","latitude":"41.2257737","longitude":"1.723258859"},"telephone":["623152704","623152704"],"openingHoursSpecification":[{"@type":"OpeningHoursSpecification","dayOfWeek":["Monday","Sunday"],"opens":"00:00","closes":"00:00"},{"@type":"OpeningHoursSpecification","dayOfWeek":["Tuesday","Wednesday","Thursday","Friday"],"opens":"10:00","closes":"20:00"},{"@type":"OpeningHoursSpecification","dayOfWeek":["Saturday"],"opens":"10:00","closes":"13:30"}],"email":"info@somllavors.com"},{"@type":"PostalAddress","@id":"https:\/\/somllavors.com\/es\/producte\/hamaca-new-born-set-antracita-para-la-trona-tripp-trapp-stokke#local-main-place-address","streetAddress":"Carrer de l'aigua, 6","addressLocality":"Vilanova i la Geltr\u00fa","postalCode":"08800","addressRegion":"Barcelona","addressCountry":"ES"},{"@type":"ImageObject","inLanguage":"es","@id":"https:\/\/somllavors.com\/es\/producte\/hamaca-new-born-set-antracita-para-la-trona-tripp-trapp-stokke#local-main-organization-logo","url":"https:\/\/somllavors.com\/wp-content\/uploads\/Logotip-Som-Llavors.jpg","contentUrl":"https:\/\/somllavors.com\/wp-content\/uploads\/Logotip-Som-Llavors.jpg","width":1444,"height":1323,"caption":"Som Llavors"}]},"product_price_amount":"129.00","product_price_currency":"EUR","og_availability":"instock","product_availability":"instock","product_retailer_item_id":"526104","product_condition":"new","geo.placename":"Vilanova i la Geltr\u00fa","geo.position":{"lat":"41.2257737","long":"1.723258859"},"geo.region":"Espa\u00f1a"},"brands":[{"id":4501,"name":"Stokke","slug":"stokke"}],"_links":{"self":[{"href":"https:\/\/somllavors.com\/es\/wp-json\/wp\/v2\/product\/77387","targetHints":{"allow":["GET"]}}],"collection":[{"href":"https:\/\/somllavors.com\/es\/wp-json\/wp\/v2\/product"}],"about":[{"href":"https:\/\/somllavors.com\/es\/wp-json\/wp\/v2\/types\/product"}],"wp:featuredmedia":[{"embeddable":true,"href":"https:\/\/somllavors.com\/es\/wp-json\/wp\/v2\/media\/77374"}],"wp:attachment":[{"href":"https:\/\/somllavors.com\/es\/wp-json\/wp\/v2\/media?parent=77387"}],"wp:term":[{"taxonomy":"pwb-brand","embeddable":true,"href":"https:\/\/somllavors.com\/es\/wp-json\/wp\/v2\/pwb-brand?post=77387"},{"taxonomy":"product_brand","embeddable":true,"href":"https:\/\/somllavors.com\/es\/wp-json\/wp\/v2\/product_brand?post=77387"},{"taxonomy":"product_cat","embeddable":true,"href":"https:\/\/somllavors.com\/es\/wp-json\/wp\/v2\/product_cat?post=77387"},{"taxonomy":"product_tag","embeddable":true,"href":"https:\/\/somllavors.com\/es\/wp-json\/wp\/v2\/product_tag?post=77387"}],"curies":[{"name":"wp","href":"https:\/\/api.w.org\/{rel}","templated":true}]}}