{"id":78149,"date":"2025-05-26T00:06:57","date_gmt":"2025-05-25T22:06:57","guid":{"rendered":"https:\/\/somllavors.com\/?post_type=product&p=78149"},"modified":"2025-10-13T01:27:53","modified_gmt":"2025-10-12T23:27:53","slug":"protector-de-lluvia-para-silla-de-passeo-aer2-joolz","status":"publish","type":"product","link":"https:\/\/somllavors.com\/es\/producte\/protector-de-lluvia-para-silla-de-passeo-aer2-joolz","title":{"rendered":"Protector de lluvia para silla de passeo Aer2 &#8211; Joolz"},"content":{"rendered":"<h3>Principales ventajas:<\/h3>\n<ul>\n<li>Protecci\u00f3n contra la lluvia<\/li>\n<li>Ventilaci\u00f3n<\/li>\n<\/ul>\n<h4>Compatible con:<\/h4>\n<ul>\n<li>JoolzAer+\/2<\/li>\n<\/ul>\n<h4>Caracter\u00edsticas clave<\/h4>\n<ul>\n<li>Protecci\u00f3n contra la lluvia<br \/>\nMant\u00e9n a tu beb\u00e9 c\u00f3modo y protegido de la lluvia, granizo, nieve o viento. \u00a1Con un look sofisticado para los d\u00edas de lluvia! <\/li>\n<li>Ventilaci\u00f3n<br \/>\nVentilaci\u00f3n \u00f3ptima gracias a la abertura y ventana que puedes abrir y cerrar f\u00e1cilmente.<\/li>\n<\/ul>\n<h4>Otras caracter\u00edsticas (ordenadas por importancia)<\/h4>\n<ul>\n<li>Cobertura ampliada para el modo reclinado completo<\/li>\n<li>Ajuste sencillo<\/li>\n<li>Bolsillo de almacenamiento integrado<\/li>\n<li>Ventilaci\u00f3n \u00f3ptima gracias a la ventana que puede abrir y cerrar f\u00e1cilmente.<\/li>\n<\/ul>\n<h4>Incluido en la caja<\/h4>\n<ul>\n<li>Protector de lluvia JoolzAer+\/2<\/li>\n<li>Bolsa (con lazo para colgar)<\/li>\n<\/ul>\n<p>Dimensiones del producto<br \/>\nN\/A<\/p>\n","protected":false},"excerpt":{"rendered":"<h3>Protector de lluvia para la silla de paseo Aer2 de Joolz<\/h3>\n<p>Disfruta de la libertad de salir cuando quieras. Un c\u00f3modo protector de lluvia impermeable para el cochecito. Cuando el clima haga de las suyas, ponlo y sale a la calle. Tu ni\u00f1o y tu cochecito se mantendr\u00e1n secos. Dise\u00f1ado para m\u00e1xima facilidad de uso, con cobertura ampliada para proteger a tu peque\u00f1o incluso en modo reclinado completo.    <\/p>\n<p>Se ajusta con gran facilidad gracias al sencillo sistema de botones en la parte trasera, y cuando el sol salga s\u00f3lo tienes que plegarlo en el bolsillo integrado para un almacenamiento compacto.<\/p>\n","protected":false},"featured_media":78129,"template":"","meta":{"_acf_changed":false,"site-sidebar-layout":"default","site-content-layout":"","ast-site-content-layout":"default","site-content-style":"default","site-sidebar-style":"default","ast-global-header-display":"","ast-banner-title-visibility":"","ast-main-header-display":"","ast-hfb-above-header-display":"","ast-hfb-below-header-display":"","ast-hfb-mobile-header-display":"","site-post-title":"","ast-breadcrumbs-content":"","ast-featured-img":"","footer-sml-layout":"","theme-transparent-header-meta":"default","adv-header-id-meta":"","stick-header-meta":"","header-above-stick-meta":"","header-main-stick-meta":"","header-below-stick-meta":"","astra-migrate-meta-layouts":"default","ast-page-background-enabled":"default","ast-page-background-meta":{"desktop":{"background-color":"","background-image":"","background-repeat":"repeat","background-position":"center center","background-size":"auto","background-attachment":"scroll","background-type":"","background-media":"","overlay-type":"","overlay-color":"","overlay-opacity":"","overlay-gradient":""},"tablet":{"background-color":"","background-image":"","background-repeat":"repeat","background-position":"center center","background-size":"auto","background-attachment":"scroll","background-type":"","background-media":"","overlay-type":"","overlay-color":"","overlay-opacity":"","overlay-gradient":""},"mobile":{"background-color":"","background-image":"","background-repeat":"repeat","background-position":"center center","background-size":"auto","background-attachment":"scroll","background-type":"","background-media":"","overlay-type":"","overlay-color":"","overlay-opacity":"","overlay-gradient":""}},"ast-content-background-meta":{"desktop":{"background-color":"var(--ast-global-color-5)","background-image":"","background-repeat":"repeat","background-position":"center center","background-size":"auto","background-attachment":"scroll","background-type":"","background-media":"","overlay-type":"","overlay-color":"","overlay-opacity":"","overlay-gradient":""},"tablet":{"background-color":"var(--ast-global-color-5)","background-image":"","background-repeat":"repeat","background-position":"center center","background-size":"auto","background-attachment":"scroll","background-type":"","background-media":"","overlay-type":"","overlay-color":"","overlay-opacity":"","overlay-gradient":""},"mobile":{"background-color":"var(--ast-global-color-5)","background-image":"","background-repeat":"repeat","background-position":"center center","background-size":"auto","background-attachment":"scroll","background-type":"","background-media":"","overlay-type":"","overlay-color":"","overlay-opacity":"","overlay-gradient":""}}},"pwb-brand":[4305],"product_brand":[],"product_cat":[4616],"product_tag":[5624],"class_list":{"0":"post-78149","1":"product","2":"type-product","3":"status-publish","4":"has-post-thumbnail","6":"pwb-brand-joolz-cotxets","7":"product_cat-accesorios-de-carritos","8":"product_tag-aer2-es","9":"desktop-align-left","10":"tablet-align-left","11":"mobile-align-left","13":"first","14":"instock","15":"taxable","16":"shipping-taxable","17":"purchasable","18":"product-type-simple"},"acf":[],"yoast_head":"<!-- This site is optimized with the Yoast SEO Premium plugin v18.3 (Yoast SEO v26.2) - https:\/\/yoast.com\/wordpress\/plugins\/seo\/ -->\n<title>Protector de lluvia para silla de passeo Aer2 - Joolz &#8212; Som Llavors<\/title>\n<meta name=\"description\" content=\"Protector de lluvia para la silla de paseo Aer2 de Joolz Disfruta de la libertad de salir cuando quieras. Un c\u00f3modo protector de lluvia impermeable para el cochecito. Cuando el clima haga de las suyas, ponlo y sale a la calle. Tu ni\u00f1o y tu cochecito se mantendr\u00e1n secos. Dise\u00f1ado para m\u00e1xima facilidad de uso, con cobertura ampliada para proteger a tu peque\u00f1o incluso en modo reclinado completo.   Se ajusta con gran facilidad gracias al sencillo sistema de botones en la parte trasera, y cuando el sol salga s\u00f3lo tienes que plegarlo en el bolsillo integrado para un almacenamiento compacto.\" \/>\n<meta name=\"robots\" content=\"index, follow, max-snippet:-1, max-image-preview:large, max-video-preview:-1\" \/>\n<link rel=\"canonical\" href=\"https:\/\/somllavors.com\/es\/producte\/protector-de-lluvia-para-silla-de-passeo-aer2-joolz\" \/>\n<meta property=\"og:locale\" content=\"es_ES\" \/>\n<meta property=\"og:type\" content=\"article\" \/>\n<meta property=\"og:title\" content=\"Protector de lluvia para silla de passeo Aer2 - Joolz\" \/>\n<meta property=\"og:description\" content=\"La teva botiga d\u2019ecocrian\u00e7a i espai d\u2019acompanyament a la maternitat\" \/>\n<meta property=\"og:url\" content=\"https:\/\/somllavors.com\/es\/producte\/protector-de-lluvia-para-silla-de-passeo-aer2-joolz\" \/>\n<meta property=\"og:site_name\" content=\"Som Llavors\" \/>\n<meta property=\"article:publisher\" content=\"https:\/\/www.facebook.com\/somllavorsvng\/?locale=ca_ES\" \/>\n<meta property=\"article:modified_time\" content=\"2025-10-12T23:27:53+00:00\" \/>\n<meta property=\"og:image\" content=\"https:\/\/somllavors.com\/wp-content\/uploads\/2025\/05\/Small-Sandy-taupe-Joolz-Aer2-Seat_-Raincover_Not-Extended.jpg\" \/>\n\t<meta property=\"og:image:width\" content=\"480\" \/>\n\t<meta property=\"og:image:height\" content=\"480\" \/>\n\t<meta property=\"og:image:type\" content=\"image\/jpeg\" \/>\n<meta name=\"twitter:card\" content=\"summary_large_image\" \/>\n<meta name=\"twitter:label1\" content=\"Precio\" \/>\n\t<meta name=\"twitter:data1\" content=\"34,95&euro; Iva incl\u00f2s\" \/>\n\t<meta name=\"twitter:label2\" content=\"Availability\" \/>\n\t<meta name=\"twitter:data2\" content=\"Hay existencias\" \/>\n<script type=\"application\/ld+json\" class=\"yoast-schema-graph\">{\"@context\":\"https:\/\/schema.org\",\"@graph\":[{\"@type\":\"WebPage\",\"@id\":\"https:\/\/somllavors.com\/es\/producte\/protector-de-lluvia-para-silla-de-passeo-aer2-joolz\",\"url\":\"https:\/\/somllavors.com\/es\/producte\/protector-de-lluvia-para-silla-de-passeo-aer2-joolz\",\"name\":\"Protector de lluvia para silla de passeo Aer2 - Joolz &#8212; Som Llavors\",\"isPartOf\":{\"@id\":\"https:\/\/somllavors.com\/es#website\"},\"primaryImageOfPage\":{\"@id\":\"https:\/\/somllavors.com\/es\/producte\/protector-de-lluvia-para-silla-de-passeo-aer2-joolz#primaryimage\"},\"image\":{\"@id\":\"https:\/\/somllavors.com\/es\/producte\/protector-de-lluvia-para-silla-de-passeo-aer2-joolz#primaryimage\"},\"thumbnailUrl\":\"https:\/\/somllavors.com\/wp-content\/uploads\/2025\/05\/Small-Sandy-taupe-Joolz-Aer2-Seat_-Raincover_Not-Extended.jpg\",\"datePublished\":\"2025-05-25T22:06:57+00:00\",\"dateModified\":\"2025-10-12T23:27:53+00:00\",\"description\":\"Protector de lluvia para la silla de paseo Aer2 de Joolz Disfruta de la libertad de salir cuando quieras. Un c\u00f3modo protector de lluvia impermeable para el cochecito. Cuando el clima haga de las suyas, ponlo y sale a la calle. Tu ni\u00f1o y tu cochecito se mantendr\u00e1n secos. Dise\u00f1ado para m\u00e1xima facilidad de uso, con cobertura ampliada para proteger a tu peque\u00f1o incluso en modo reclinado completo. Se ajusta con gran facilidad gracias al sencillo sistema de botones en la parte trasera, y cuando el sol salga s\u00f3lo tienes que plegarlo en el bolsillo integrado para un almacenamiento compacto.\",\"breadcrumb\":{\"@id\":\"https:\/\/somllavors.com\/es\/producte\/protector-de-lluvia-para-silla-de-passeo-aer2-joolz#breadcrumb\"},\"inLanguage\":\"es\",\"potentialAction\":[{\"@type\":\"ReadAction\",\"target\":[\"https:\/\/somllavors.com\/es\/producte\/protector-de-lluvia-para-silla-de-passeo-aer2-joolz\"]}]},{\"@type\":\"ImageObject\",\"inLanguage\":\"es\",\"@id\":\"https:\/\/somllavors.com\/es\/producte\/protector-de-lluvia-para-silla-de-passeo-aer2-joolz#primaryimage\",\"url\":\"https:\/\/somllavors.com\/wp-content\/uploads\/2025\/05\/Small-Sandy-taupe-Joolz-Aer2-Seat_-Raincover_Not-Extended.jpg\",\"contentUrl\":\"https:\/\/somllavors.com\/wp-content\/uploads\/2025\/05\/Small-Sandy-taupe-Joolz-Aer2-Seat_-Raincover_Not-Extended.jpg\",\"width\":480,\"height\":480,\"caption\":\"rain cover aer 2 joolz\"},{\"@type\":\"BreadcrumbList\",\"@id\":\"https:\/\/somllavors.com\/es\/producte\/protector-de-lluvia-para-silla-de-passeo-aer2-joolz#breadcrumb\",\"itemListElement\":[{\"@type\":\"ListItem\",\"position\":1,\"name\":\"Inici\",\"item\":\"https:\/\/somllavors.com\/es\"},{\"@type\":\"ListItem\",\"position\":2,\"name\":\"Tienda\",\"item\":\"https:\/\/somllavors.com\/es\/botiga-2\"},{\"@type\":\"ListItem\",\"position\":3,\"name\":\"Protector de lluvia para silla de passeo Aer2 &#8211; Joolz\"}]},{\"@type\":\"WebSite\",\"@id\":\"https:\/\/somllavors.com\/es#website\",\"url\":\"https:\/\/somllavors.com\/es\",\"name\":\"Som Llavors\",\"description\":\"Botiga de crian\u00e7a natural\",\"publisher\":{\"@id\":\"https:\/\/somllavors.com\/es#organization\"},\"alternateName\":\"Crian\u00e7a Natural i Sostenible\",\"potentialAction\":[{\"@type\":\"SearchAction\",\"target\":{\"@type\":\"EntryPoint\",\"urlTemplate\":\"https:\/\/somllavors.com\/es?s={search_term_string}\"},\"query-input\":{\"@type\":\"PropertyValueSpecification\",\"valueRequired\":true,\"valueName\":\"search_term_string\"}}],\"inLanguage\":\"es\"},{\"@type\":[\"Organization\",\"Place\",\"Store\"],\"@id\":\"https:\/\/somllavors.com\/es#organization\",\"name\":\"Som Llavors\",\"alternateName\":\"Crian\u00e7a Natural i Sostenible\",\"url\":\"https:\/\/somllavors.com\/es\",\"logo\":{\"@id\":\"https:\/\/somllavors.com\/es\/producte\/protector-de-lluvia-para-silla-de-passeo-aer2-joolz#local-main-organization-logo\"},\"image\":{\"@id\":\"https:\/\/somllavors.com\/es\/producte\/protector-de-lluvia-para-silla-de-passeo-aer2-joolz#local-main-organization-logo\"},\"sameAs\":[\"https:\/\/www.facebook.com\/somllavorsvng\/?locale=ca_ES\",\"https:\/\/www.instagram.com\/somllavors_vng\/\",\"https:\/\/www.youtube.com\/@somllavors\"],\"address\":{\"@id\":\"https:\/\/somllavors.com\/es\/producte\/protector-de-lluvia-para-silla-de-passeo-aer2-joolz#local-main-place-address\"},\"geo\":{\"@type\":\"GeoCoordinates\",\"latitude\":\"41.2257737\",\"longitude\":\"1.723258859\"},\"telephone\":[\"623152704\"],\"openingHoursSpecification\":[{\"@type\":\"OpeningHoursSpecification\",\"dayOfWeek\":[\"Monday\",\"Sunday\"],\"opens\":\"00:00\",\"closes\":\"00:00\"},{\"@type\":\"OpeningHoursSpecification\",\"dayOfWeek\":[\"Tuesday\",\"Wednesday\",\"Thursday\",\"Friday\"],\"opens\":\"10:00\",\"closes\":\"20:00\"},{\"@type\":\"OpeningHoursSpecification\",\"dayOfWeek\":[\"Saturday\"],\"opens\":\"10:00\",\"closes\":\"13:30\"}],\"email\":\"info@somllavors.com\"},{\"@type\":\"PostalAddress\",\"@id\":\"https:\/\/somllavors.com\/es\/producte\/protector-de-lluvia-para-silla-de-passeo-aer2-joolz#local-main-place-address\",\"streetAddress\":\"Carrer de l'aigua, 6\",\"addressLocality\":\"Vilanova i la Geltr\u00fa\",\"postalCode\":\"08800\",\"addressRegion\":\"Barcelona\",\"addressCountry\":\"ES\"},{\"@type\":\"ImageObject\",\"inLanguage\":\"es\",\"@id\":\"https:\/\/somllavors.com\/es\/producte\/protector-de-lluvia-para-silla-de-passeo-aer2-joolz#local-main-organization-logo\",\"url\":\"https:\/\/somllavors.com\/wp-content\/uploads\/Logotip-Som-Llavors.jpg\",\"contentUrl\":\"https:\/\/somllavors.com\/wp-content\/uploads\/Logotip-Som-Llavors.jpg\",\"width\":1444,\"height\":1323,\"caption\":\"Som Llavors\"}]}<\/script>\n<meta property=\"product:price:amount\" content=\"34.95\" \/>\n<meta property=\"product:price:currency\" content=\"EUR\" \/>\n<meta property=\"og:availability\" content=\"instock\" \/>\n<meta property=\"product:availability\" content=\"instock\" \/>\n<meta property=\"product:retailer_item_id\" content=\"320402\" \/>\n<meta property=\"product:condition\" content=\"new\" \/>\n<meta name=\"geo.placename\" content=\"Vilanova i la Geltr\u00fa\" \/>\n<meta name=\"geo.position\" content=\"41.2257737;1.723258859\" \/>\n<meta name=\"geo.region\" content=\"Espa\u00f1a\" \/>\n<!-- \/ Yoast SEO Premium plugin. -->","yoast_head_json":{"title":"Protector de lluvia para silla de passeo Aer2 - Joolz &#8212; Som Llavors","description":"Protector de lluvia para la silla de paseo Aer2 de Joolz Disfruta de la libertad de salir cuando quieras. Un c\u00f3modo protector de lluvia impermeable para el cochecito. Cuando el clima haga de las suyas, ponlo y sale a la calle. Tu ni\u00f1o y tu cochecito se mantendr\u00e1n secos. Dise\u00f1ado para m\u00e1xima facilidad de uso, con cobertura ampliada para proteger a tu peque\u00f1o incluso en modo reclinado completo.   Se ajusta con gran facilidad gracias al sencillo sistema de botones en la parte trasera, y cuando el sol salga s\u00f3lo tienes que plegarlo en el bolsillo integrado para un almacenamiento compacto.","robots":{"index":"index","follow":"follow","max-snippet":"max-snippet:-1","max-image-preview":"max-image-preview:large","max-video-preview":"max-video-preview:-1"},"canonical":"https:\/\/somllavors.com\/es\/producte\/protector-de-lluvia-para-silla-de-passeo-aer2-joolz","og_locale":"es_ES","og_type":"article","og_title":"Protector de lluvia para silla de passeo Aer2 - Joolz","og_description":"La teva botiga d\u2019ecocrian\u00e7a i espai d\u2019acompanyament a la maternitat","og_url":"https:\/\/somllavors.com\/es\/producte\/protector-de-lluvia-para-silla-de-passeo-aer2-joolz","og_site_name":"Som Llavors","article_publisher":"https:\/\/www.facebook.com\/somllavorsvng\/?locale=ca_ES","article_modified_time":"2025-10-12T23:27:53+00:00","og_image":[{"width":480,"height":480,"url":"https:\/\/somllavors.com\/wp-content\/uploads\/2025\/05\/Small-Sandy-taupe-Joolz-Aer2-Seat_-Raincover_Not-Extended.jpg","type":"image\/jpeg"}],"twitter_card":"summary_large_image","twitter_misc":{"Precio":"34,95&euro; Iva incl\u00f2s","Availability":"Hay existencias"},"schema":{"@context":"https:\/\/schema.org","@graph":[{"@type":"WebPage","@id":"https:\/\/somllavors.com\/es\/producte\/protector-de-lluvia-para-silla-de-passeo-aer2-joolz","url":"https:\/\/somllavors.com\/es\/producte\/protector-de-lluvia-para-silla-de-passeo-aer2-joolz","name":"Protector de lluvia para silla de passeo Aer2 - Joolz &#8212; Som Llavors","isPartOf":{"@id":"https:\/\/somllavors.com\/es#website"},"primaryImageOfPage":{"@id":"https:\/\/somllavors.com\/es\/producte\/protector-de-lluvia-para-silla-de-passeo-aer2-joolz#primaryimage"},"image":{"@id":"https:\/\/somllavors.com\/es\/producte\/protector-de-lluvia-para-silla-de-passeo-aer2-joolz#primaryimage"},"thumbnailUrl":"https:\/\/somllavors.com\/wp-content\/uploads\/2025\/05\/Small-Sandy-taupe-Joolz-Aer2-Seat_-Raincover_Not-Extended.jpg","datePublished":"2025-05-25T22:06:57+00:00","dateModified":"2025-10-12T23:27:53+00:00","description":"Protector de lluvia para la silla de paseo Aer2 de Joolz Disfruta de la libertad de salir cuando quieras. Un c\u00f3modo protector de lluvia impermeable para el cochecito. Cuando el clima haga de las suyas, ponlo y sale a la calle. Tu ni\u00f1o y tu cochecito se mantendr\u00e1n secos. Dise\u00f1ado para m\u00e1xima facilidad de uso, con cobertura ampliada para proteger a tu peque\u00f1o incluso en modo reclinado completo. Se ajusta con gran facilidad gracias al sencillo sistema de botones en la parte trasera, y cuando el sol salga s\u00f3lo tienes que plegarlo en el bolsillo integrado para un almacenamiento compacto.","breadcrumb":{"@id":"https:\/\/somllavors.com\/es\/producte\/protector-de-lluvia-para-silla-de-passeo-aer2-joolz#breadcrumb"},"inLanguage":"es","potentialAction":[{"@type":"ReadAction","target":["https:\/\/somllavors.com\/es\/producte\/protector-de-lluvia-para-silla-de-passeo-aer2-joolz"]}]},{"@type":"ImageObject","inLanguage":"es","@id":"https:\/\/somllavors.com\/es\/producte\/protector-de-lluvia-para-silla-de-passeo-aer2-joolz#primaryimage","url":"https:\/\/somllavors.com\/wp-content\/uploads\/2025\/05\/Small-Sandy-taupe-Joolz-Aer2-Seat_-Raincover_Not-Extended.jpg","contentUrl":"https:\/\/somllavors.com\/wp-content\/uploads\/2025\/05\/Small-Sandy-taupe-Joolz-Aer2-Seat_-Raincover_Not-Extended.jpg","width":480,"height":480,"caption":"rain cover aer 2 joolz"},{"@type":"BreadcrumbList","@id":"https:\/\/somllavors.com\/es\/producte\/protector-de-lluvia-para-silla-de-passeo-aer2-joolz#breadcrumb","itemListElement":[{"@type":"ListItem","position":1,"name":"Inici","item":"https:\/\/somllavors.com\/es"},{"@type":"ListItem","position":2,"name":"Tienda","item":"https:\/\/somllavors.com\/es\/botiga-2"},{"@type":"ListItem","position":3,"name":"Protector de lluvia para silla de passeo Aer2 &#8211; Joolz"}]},{"@type":"WebSite","@id":"https:\/\/somllavors.com\/es#website","url":"https:\/\/somllavors.com\/es","name":"Som Llavors","description":"Botiga de crian\u00e7a natural","publisher":{"@id":"https:\/\/somllavors.com\/es#organization"},"alternateName":"Crian\u00e7a Natural i Sostenible","potentialAction":[{"@type":"SearchAction","target":{"@type":"EntryPoint","urlTemplate":"https:\/\/somllavors.com\/es?s={search_term_string}"},"query-input":{"@type":"PropertyValueSpecification","valueRequired":true,"valueName":"search_term_string"}}],"inLanguage":"es"},{"@type":["Organization","Place","Store"],"@id":"https:\/\/somllavors.com\/es#organization","name":"Som Llavors","alternateName":"Crian\u00e7a Natural i Sostenible","url":"https:\/\/somllavors.com\/es","logo":{"@id":"https:\/\/somllavors.com\/es\/producte\/protector-de-lluvia-para-silla-de-passeo-aer2-joolz#local-main-organization-logo"},"image":{"@id":"https:\/\/somllavors.com\/es\/producte\/protector-de-lluvia-para-silla-de-passeo-aer2-joolz#local-main-organization-logo"},"sameAs":["https:\/\/www.facebook.com\/somllavorsvng\/?locale=ca_ES","https:\/\/www.instagram.com\/somllavors_vng\/","https:\/\/www.youtube.com\/@somllavors"],"address":{"@id":"https:\/\/somllavors.com\/es\/producte\/protector-de-lluvia-para-silla-de-passeo-aer2-joolz#local-main-place-address"},"geo":{"@type":"GeoCoordinates","latitude":"41.2257737","longitude":"1.723258859"},"telephone":["623152704","623152704"],"openingHoursSpecification":[{"@type":"OpeningHoursSpecification","dayOfWeek":["Monday","Sunday"],"opens":"00:00","closes":"00:00"},{"@type":"OpeningHoursSpecification","dayOfWeek":["Tuesday","Wednesday","Thursday","Friday"],"opens":"10:00","closes":"20:00"},{"@type":"OpeningHoursSpecification","dayOfWeek":["Saturday"],"opens":"10:00","closes":"13:30"}],"email":"info@somllavors.com"},{"@type":"PostalAddress","@id":"https:\/\/somllavors.com\/es\/producte\/protector-de-lluvia-para-silla-de-passeo-aer2-joolz#local-main-place-address","streetAddress":"Carrer de l'aigua, 6","addressLocality":"Vilanova i la Geltr\u00fa","postalCode":"08800","addressRegion":"Barcelona","addressCountry":"ES"},{"@type":"ImageObject","inLanguage":"es","@id":"https:\/\/somllavors.com\/es\/producte\/protector-de-lluvia-para-silla-de-passeo-aer2-joolz#local-main-organization-logo","url":"https:\/\/somllavors.com\/wp-content\/uploads\/Logotip-Som-Llavors.jpg","contentUrl":"https:\/\/somllavors.com\/wp-content\/uploads\/Logotip-Som-Llavors.jpg","width":1444,"height":1323,"caption":"Som Llavors"}]},"product_price_amount":"34.95","product_price_currency":"EUR","og_availability":"instock","product_availability":"instock","product_retailer_item_id":"320402","product_condition":"new","geo.placename":"Vilanova i la Geltr\u00fa","geo.position":{"lat":"41.2257737","long":"1.723258859"},"geo.region":"Espa\u00f1a"},"brands":[{"id":4305,"name":"Joolz","slug":"joolz-cotxets"}],"_links":{"self":[{"href":"https:\/\/somllavors.com\/es\/wp-json\/wp\/v2\/product\/78149","targetHints":{"allow":["GET"]}}],"collection":[{"href":"https:\/\/somllavors.com\/es\/wp-json\/wp\/v2\/product"}],"about":[{"href":"https:\/\/somllavors.com\/es\/wp-json\/wp\/v2\/types\/product"}],"wp:featuredmedia":[{"embeddable":true,"href":"https:\/\/somllavors.com\/es\/wp-json\/wp\/v2\/media\/78129"}],"wp:attachment":[{"href":"https:\/\/somllavors.com\/es\/wp-json\/wp\/v2\/media?parent=78149"}],"wp:term":[{"taxonomy":"pwb-brand","embeddable":true,"href":"https:\/\/somllavors.com\/es\/wp-json\/wp\/v2\/pwb-brand?post=78149"},{"taxonomy":"product_brand","embeddable":true,"href":"https:\/\/somllavors.com\/es\/wp-json\/wp\/v2\/product_brand?post=78149"},{"taxonomy":"product_cat","embeddable":true,"href":"https:\/\/somllavors.com\/es\/wp-json\/wp\/v2\/product_cat?post=78149"},{"taxonomy":"product_tag","embeddable":true,"href":"https:\/\/somllavors.com\/es\/wp-json\/wp\/v2\/product_tag?post=78149"}],"curies":[{"name":"wp","href":"https:\/\/api.w.org\/{rel}","templated":true}]}}