{"id":78151,"date":"2025-05-26T00:02:16","date_gmt":"2025-05-25T22:02:16","guid":{"rendered":"https:\/\/somllavors.com\/?post_type=product&p=78151"},"modified":"2025-12-19T19:31:27","modified_gmt":"2025-12-19T18:31:27","slug":"barra-plegable-para-silla-de-paseo-joolz-aer2","status":"publish","type":"product","link":"https:\/\/somllavors.com\/es\/producte\/barra-plegable-para-silla-de-paseo-joolz-aer2","title":{"rendered":"Barra plegable para silla de paseo Joolz Aer2"},"content":{"rendered":"<h3>Principales ventajas:<\/h3>\n<ul>\n<li>Sensaci\u00f3n extra de confort y seguridad<\/li>\n<li>Sistema de plegado con una sola mano en un clic<\/li>\n<\/ul>\n<h4>Compatible con:<\/h4>\n<ul>\n<li>JoolzAer2<\/li>\n<\/ul>\n<h4>Caracter\u00edsticas clave<\/h4>\n<ul>\n<li>Sensaci\u00f3n extra de confort y seguridad<br \/>\nCrea un espacio seguro y c\u00f3modo para ti peque\u00f1o, proporcionando un lugar familiar en el que sujetarse, y hace que cada paseo sea a\u00fan m\u00e1s c\u00f3modo.<\/li>\n<li>Sistema de plegado con una sola mano en un clic<br \/>\nCon tan s\u00f3lo un clic y una mano, la barra de seguridad se pliega sin problemas con la silla de paseo, por lo que no tendr\u00e1s que sacarla, por lo que plegar tu JoolzAer\u00b2 sea una operaci\u00f3n r\u00e1pida y sin complicaciones.<\/li>\n<\/ul>\n<h4>Otras caracter\u00edsticas (ordenadas por importancia)<\/h4>\n<ul>\n<li>Uso f\u00e1cil con una sola mano<\/li>\n<li>Se pueden pegar juguetes para mayor diversi\u00f3n<\/li>\n<li>Se pliega junto con la silla de paseo<\/li>\n<li>Combina con el manillar de eco piel<\/li>\n<\/ul>\n<h4>Incluido en la caja<\/h4>\n<ul>\n<li>Barra de seguridad plegable Joolz Aer 2<\/li>\n<\/ul>\n<h4>Dimensiones del producto<\/h4>\n<ul>\n<li>42x20x5cm<\/li>\n<\/ul>\n","protected":false},"excerpt":{"rendered":"<h3>Nueva Barra de seguridad plegable para Joolz Aer2<\/h3>\n<p>Es bueno tener algo familiar al que agarrarse cuando uno se aventura en el gran mundo. La barra de seguridad plegable JoolzAer\u00b2 a\u00f1ade un toque adicional de comodidad y seguridad para tu hijo, al tiempo que se practica para ti. Dise\u00f1ada para combinar con el elegante manillar de eco piel de la silla de paseo, este elegante accesorio se conecta sin esfuerzo y se pliega perfectamente con la silla, por lo que siempre est\u00e1s listo para salir.  <\/p>\n","protected":false},"featured_media":78110,"template":"","meta":{"_acf_changed":false,"site-sidebar-layout":"default","site-content-layout":"","ast-site-content-layout":"default","site-content-style":"default","site-sidebar-style":"default","ast-global-header-display":"","ast-banner-title-visibility":"","ast-main-header-display":"","ast-hfb-above-header-display":"","ast-hfb-below-header-display":"","ast-hfb-mobile-header-display":"","site-post-title":"","ast-breadcrumbs-content":"","ast-featured-img":"","footer-sml-layout":"","ast-disable-related-posts":"","theme-transparent-header-meta":"default","adv-header-id-meta":"","stick-header-meta":"","header-above-stick-meta":"","header-main-stick-meta":"","header-below-stick-meta":"","astra-migrate-meta-layouts":"default","ast-page-background-enabled":"default","ast-page-background-meta":{"desktop":{"background-color":"","background-image":"","background-repeat":"repeat","background-position":"center center","background-size":"auto","background-attachment":"scroll","background-type":"","background-media":"","overlay-type":"","overlay-color":"","overlay-opacity":"","overlay-gradient":""},"tablet":{"background-color":"","background-image":"","background-repeat":"repeat","background-position":"center center","background-size":"auto","background-attachment":"scroll","background-type":"","background-media":"","overlay-type":"","overlay-color":"","overlay-opacity":"","overlay-gradient":""},"mobile":{"background-color":"","background-image":"","background-repeat":"repeat","background-position":"center center","background-size":"auto","background-attachment":"scroll","background-type":"","background-media":"","overlay-type":"","overlay-color":"","overlay-opacity":"","overlay-gradient":""}},"ast-content-background-meta":{"desktop":{"background-color":"var(--ast-global-color-5)","background-image":"","background-repeat":"repeat","background-position":"center center","background-size":"auto","background-attachment":"scroll","background-type":"","background-media":"","overlay-type":"","overlay-color":"","overlay-opacity":"","overlay-gradient":""},"tablet":{"background-color":"var(--ast-global-color-5)","background-image":"","background-repeat":"repeat","background-position":"center center","background-size":"auto","background-attachment":"scroll","background-type":"","background-media":"","overlay-type":"","overlay-color":"","overlay-opacity":"","overlay-gradient":""},"mobile":{"background-color":"var(--ast-global-color-5)","background-image":"","background-repeat":"repeat","background-position":"center center","background-size":"auto","background-attachment":"scroll","background-type":"","background-media":"","overlay-type":"","overlay-color":"","overlay-opacity":"","overlay-gradient":""}}},"pwb-brand":[4305],"product_brand":[],"product_cat":[4616],"product_tag":[5624],"class_list":{"0":"post-78151","1":"product","2":"type-product","3":"status-publish","4":"has-post-thumbnail","6":"pwb-brand-joolz-cotxets","7":"product_cat-accesorios-de-carritos","8":"product_tag-aer2-es","9":"pa_color-black-carbon-2","10":"pa_color-mid-brown-carbon-2","11":"desktop-align-left","12":"tablet-align-left","13":"mobile-align-left","15":"first","16":"instock","17":"taxable","18":"shipping-taxable","19":"purchasable","20":"product-type-variable"},"acf":[],"yoast_head":"<!-- This site is optimized with the Yoast SEO Premium plugin v18.3 (Yoast SEO v27.4) - https:\/\/yoast.com\/product\/yoast-seo-premium-wordpress\/ -->\n<title>Barra plegable para silla de paseo Joolz Aer2 &#8212; Som Llavors<\/title>\n<meta name=\"description\" content=\"Nueva Barra de seguridad plegable para Joolz Aer2 Es bueno tener algo familiar al que agarrarse cuando uno se aventura en el gran mundo. La barra de seguridad plegable JoolzAer\u00b2 a\u00f1ade un toque adicional de comodidad y seguridad para tu hijo, al tiempo que se practica para ti. Dise\u00f1ada para combinar con el elegante manillar de eco piel de la silla de paseo, este elegante accesorio se conecta sin esfuerzo y se pliega perfectamente con la silla, por lo que siempre est\u00e1s listo para salir.\" \/>\n<meta name=\"robots\" content=\"index, follow, max-snippet:-1, max-image-preview:large, max-video-preview:-1\" \/>\n<link rel=\"canonical\" href=\"https:\/\/somllavors.com\/es\/producte\/barra-plegable-para-silla-de-paseo-joolz-aer2\" \/>\n<meta property=\"og:locale\" content=\"es_ES\" \/>\n<meta property=\"og:type\" content=\"article\" \/>\n<meta property=\"og:title\" content=\"Barra plegable para silla de paseo Joolz Aer2\" \/>\n<meta property=\"og:description\" content=\"La teva botiga d\u2019ecocrian\u00e7a i espai d\u2019acompanyament a la maternitat\" \/>\n<meta property=\"og:url\" content=\"https:\/\/somllavors.com\/es\/producte\/barra-plegable-para-silla-de-paseo-joolz-aer2\" \/>\n<meta property=\"og:site_name\" content=\"Som Llavors\" \/>\n<meta property=\"article:publisher\" content=\"https:\/\/www.facebook.com\/somllavorsvng\/?locale=ca_ES\" \/>\n<meta property=\"article:modified_time\" content=\"2025-12-19T18:31:27+00:00\" \/>\n<meta property=\"og:image\" content=\"https:\/\/somllavors.com\/wp-content\/uploads\/2025\/05\/Small-Joolz-Aer2-Bumperbar_Stand_Alone_Black.jpg\" \/>\n\t<meta property=\"og:image:width\" content=\"480\" \/>\n\t<meta property=\"og:image:height\" content=\"480\" \/>\n\t<meta property=\"og:image:type\" content=\"image\/jpeg\" \/>\n<meta name=\"twitter:card\" content=\"summary_large_image\" \/>\n<meta name=\"twitter:label1\" content=\"Availability\" \/>\n\t<meta name=\"twitter:data1\" content=\"Hay existencias\" \/>\n<script type=\"application\/ld+json\" class=\"yoast-schema-graph\">{\"@context\":\"https:\\\/\\\/schema.org\",\"@graph\":[{\"@type\":\"WebPage\",\"@id\":\"https:\\\/\\\/somllavors.com\\\/es\\\/producte\\\/barra-plegable-para-silla-de-paseo-joolz-aer2\",\"url\":\"https:\\\/\\\/somllavors.com\\\/es\\\/producte\\\/barra-plegable-para-silla-de-paseo-joolz-aer2\",\"name\":\"Barra plegable para silla de paseo Joolz Aer2 &#8212; Som Llavors\",\"isPartOf\":{\"@id\":\"https:\\\/\\\/somllavors.com\\\/es#website\"},\"primaryImageOfPage\":{\"@id\":\"https:\\\/\\\/somllavors.com\\\/es\\\/producte\\\/barra-plegable-para-silla-de-paseo-joolz-aer2#primaryimage\"},\"image\":{\"@id\":\"https:\\\/\\\/somllavors.com\\\/es\\\/producte\\\/barra-plegable-para-silla-de-paseo-joolz-aer2#primaryimage\"},\"thumbnailUrl\":\"https:\\\/\\\/somllavors.com\\\/wp-content\\\/uploads\\\/2025\\\/05\\\/Small-Joolz-Aer2-Bumperbar_Stand_Alone_Black.jpg\",\"datePublished\":\"2025-05-25T22:02:16+00:00\",\"dateModified\":\"2025-12-19T18:31:27+00:00\",\"description\":\"Nueva Barra de seguridad plegable para Joolz Aer2 Es bueno tener algo familiar al que agarrarse cuando uno se aventura en el gran mundo. La barra de seguridad plegable JoolzAer\u00b2 a\u00f1ade un toque adicional de comodidad y seguridad para tu hijo, al tiempo que se practica para ti. Dise\u00f1ada para combinar con el elegante manillar de eco piel de la silla de paseo, este elegante accesorio se conecta sin esfuerzo y se pliega perfectamente con la silla, por lo que siempre est\u00e1s listo para salir.\",\"breadcrumb\":{\"@id\":\"https:\\\/\\\/somllavors.com\\\/es\\\/producte\\\/barra-plegable-para-silla-de-paseo-joolz-aer2#breadcrumb\"},\"inLanguage\":\"es\",\"potentialAction\":[{\"@type\":\"ReadAction\",\"target\":[\"https:\\\/\\\/somllavors.com\\\/es\\\/producte\\\/barra-plegable-para-silla-de-paseo-joolz-aer2\"]}]},{\"@type\":\"ImageObject\",\"inLanguage\":\"es\",\"@id\":\"https:\\\/\\\/somllavors.com\\\/es\\\/producte\\\/barra-plegable-para-silla-de-paseo-joolz-aer2#primaryimage\",\"url\":\"https:\\\/\\\/somllavors.com\\\/wp-content\\\/uploads\\\/2025\\\/05\\\/Small-Joolz-Aer2-Bumperbar_Stand_Alone_Black.jpg\",\"contentUrl\":\"https:\\\/\\\/somllavors.com\\\/wp-content\\\/uploads\\\/2025\\\/05\\\/Small-Joolz-Aer2-Bumperbar_Stand_Alone_Black.jpg\",\"width\":480,\"height\":480,\"caption\":\"Foldable bumper bar Barra plegable aer2\"},{\"@type\":\"BreadcrumbList\",\"@id\":\"https:\\\/\\\/somllavors.com\\\/es\\\/producte\\\/barra-plegable-para-silla-de-paseo-joolz-aer2#breadcrumb\",\"itemListElement\":[{\"@type\":\"ListItem\",\"position\":1,\"name\":\"Inici\",\"item\":\"https:\\\/\\\/somllavors.com\\\/es\"},{\"@type\":\"ListItem\",\"position\":2,\"name\":\"Tienda\",\"item\":\"https:\\\/\\\/somllavors.com\\\/es\\\/botiga-2\"},{\"@type\":\"ListItem\",\"position\":3,\"name\":\"Barra plegable para silla de paseo Joolz Aer2\"}]},{\"@type\":\"WebSite\",\"@id\":\"https:\\\/\\\/somllavors.com\\\/es#website\",\"url\":\"https:\\\/\\\/somllavors.com\\\/es\",\"name\":\"Som Llavors\",\"description\":\"Botiga de crian\u00e7a natural\",\"publisher\":{\"@id\":\"https:\\\/\\\/somllavors.com\\\/es#organization\"},\"alternateName\":\"Crian\u00e7a Natural i Sostenible\",\"potentialAction\":[{\"@type\":\"SearchAction\",\"target\":{\"@type\":\"EntryPoint\",\"urlTemplate\":\"https:\\\/\\\/somllavors.com\\\/es?s={search_term_string}\"},\"query-input\":{\"@type\":\"PropertyValueSpecification\",\"valueRequired\":true,\"valueName\":\"search_term_string\"}}],\"inLanguage\":\"es\"},{\"@type\":[\"Organization\",\"Place\",\"Store\"],\"@id\":\"https:\\\/\\\/somllavors.com\\\/es#organization\",\"name\":\"Som Llavors\",\"alternateName\":\"Crian\u00e7a Natural i Sostenible\",\"url\":\"https:\\\/\\\/somllavors.com\\\/es\",\"logo\":{\"@id\":\"https:\\\/\\\/somllavors.com\\\/es\\\/producte\\\/barra-plegable-para-silla-de-paseo-joolz-aer2#local-main-organization-logo\"},\"image\":{\"@id\":\"https:\\\/\\\/somllavors.com\\\/es\\\/producte\\\/barra-plegable-para-silla-de-paseo-joolz-aer2#local-main-organization-logo\"},\"sameAs\":[\"https:\\\/\\\/www.facebook.com\\\/somllavorsvng\\\/?locale=ca_ES\",\"https:\\\/\\\/www.instagram.com\\\/somllavors_vng\\\/\",\"https:\\\/\\\/www.youtube.com\\\/@somllavors\"],\"address\":{\"@id\":\"https:\\\/\\\/somllavors.com\\\/es\\\/producte\\\/barra-plegable-para-silla-de-paseo-joolz-aer2#local-main-place-address\"},\"geo\":{\"@type\":\"GeoCoordinates\",\"latitude\":\"41.2257737\",\"longitude\":\"1.723258859\"},\"telephone\":[\"623152704\"],\"openingHoursSpecification\":[{\"@type\":\"OpeningHoursSpecification\",\"dayOfWeek\":[\"Monday\",\"Sunday\"],\"opens\":\"00:00\",\"closes\":\"00:00\"},{\"@type\":\"OpeningHoursSpecification\",\"dayOfWeek\":[\"Tuesday\",\"Wednesday\",\"Thursday\",\"Friday\"],\"opens\":\"10:00\",\"closes\":\"20:00\"},{\"@type\":\"OpeningHoursSpecification\",\"dayOfWeek\":[\"Saturday\"],\"opens\":\"10:00\",\"closes\":\"13:30\"}],\"email\":\"info@somllavors.com\"},{\"@type\":\"PostalAddress\",\"@id\":\"https:\\\/\\\/somllavors.com\\\/es\\\/producte\\\/barra-plegable-para-silla-de-paseo-joolz-aer2#local-main-place-address\",\"streetAddress\":\"Carrer de l'aigua, 6\",\"addressLocality\":\"Vilanova i la Geltr\u00fa\",\"postalCode\":\"08800\",\"addressRegion\":\"Barcelona\",\"addressCountry\":\"ES\"},{\"@type\":\"ImageObject\",\"inLanguage\":\"es\",\"@id\":\"https:\\\/\\\/somllavors.com\\\/es\\\/producte\\\/barra-plegable-para-silla-de-paseo-joolz-aer2#local-main-organization-logo\",\"url\":\"https:\\\/\\\/somllavors.com\\\/wp-content\\\/uploads\\\/Logotip-Som-Llavors.jpg\",\"contentUrl\":\"https:\\\/\\\/somllavors.com\\\/wp-content\\\/uploads\\\/Logotip-Som-Llavors.jpg\",\"width\":1444,\"height\":1323,\"caption\":\"Som Llavors\"}]}<\/script>\n<meta property=\"og:availability\" content=\"instock\" \/>\n<meta property=\"product:availability\" content=\"instock\" \/>\n<meta property=\"product:condition\" content=\"new\" \/>\n<meta name=\"geo.placename\" content=\"Vilanova i la Geltr\u00fa\" \/>\n<meta name=\"geo.position\" content=\"41.2257737;1.723258859\" \/>\n<meta name=\"geo.region\" content=\"Espa\u00f1a\" \/>\n<!-- \/ Yoast SEO Premium plugin. -->","yoast_head_json":{"title":"Barra plegable para silla de paseo Joolz Aer2 &#8212; Som Llavors","description":"Nueva Barra de seguridad plegable para Joolz Aer2 Es bueno tener algo familiar al que agarrarse cuando uno se aventura en el gran mundo. La barra de seguridad plegable JoolzAer\u00b2 a\u00f1ade un toque adicional de comodidad y seguridad para tu hijo, al tiempo que se practica para ti. Dise\u00f1ada para combinar con el elegante manillar de eco piel de la silla de paseo, este elegante accesorio se conecta sin esfuerzo y se pliega perfectamente con la silla, por lo que siempre est\u00e1s listo para salir.","robots":{"index":"index","follow":"follow","max-snippet":"max-snippet:-1","max-image-preview":"max-image-preview:large","max-video-preview":"max-video-preview:-1"},"canonical":"https:\/\/somllavors.com\/es\/producte\/barra-plegable-para-silla-de-paseo-joolz-aer2","og_locale":"es_ES","og_type":"article","og_title":"Barra plegable para silla de paseo Joolz Aer2","og_description":"La teva botiga d\u2019ecocrian\u00e7a i espai d\u2019acompanyament a la maternitat","og_url":"https:\/\/somllavors.com\/es\/producte\/barra-plegable-para-silla-de-paseo-joolz-aer2","og_site_name":"Som Llavors","article_publisher":"https:\/\/www.facebook.com\/somllavorsvng\/?locale=ca_ES","article_modified_time":"2025-12-19T18:31:27+00:00","og_image":[{"width":480,"height":480,"url":"https:\/\/somllavors.com\/wp-content\/uploads\/2025\/05\/Small-Joolz-Aer2-Bumperbar_Stand_Alone_Black.jpg","type":"image\/jpeg"}],"twitter_card":"summary_large_image","twitter_misc":{"Availability":"Hay existencias"},"schema":{"@context":"https:\/\/schema.org","@graph":[{"@type":"WebPage","@id":"https:\/\/somllavors.com\/es\/producte\/barra-plegable-para-silla-de-paseo-joolz-aer2","url":"https:\/\/somllavors.com\/es\/producte\/barra-plegable-para-silla-de-paseo-joolz-aer2","name":"Barra plegable para silla de paseo Joolz Aer2 &#8212; Som Llavors","isPartOf":{"@id":"https:\/\/somllavors.com\/es#website"},"primaryImageOfPage":{"@id":"https:\/\/somllavors.com\/es\/producte\/barra-plegable-para-silla-de-paseo-joolz-aer2#primaryimage"},"image":{"@id":"https:\/\/somllavors.com\/es\/producte\/barra-plegable-para-silla-de-paseo-joolz-aer2#primaryimage"},"thumbnailUrl":"https:\/\/somllavors.com\/wp-content\/uploads\/2025\/05\/Small-Joolz-Aer2-Bumperbar_Stand_Alone_Black.jpg","datePublished":"2025-05-25T22:02:16+00:00","dateModified":"2025-12-19T18:31:27+00:00","description":"Nueva Barra de seguridad plegable para Joolz Aer2 Es bueno tener algo familiar al que agarrarse cuando uno se aventura en el gran mundo. La barra de seguridad plegable JoolzAer\u00b2 a\u00f1ade un toque adicional de comodidad y seguridad para tu hijo, al tiempo que se practica para ti. Dise\u00f1ada para combinar con el elegante manillar de eco piel de la silla de paseo, este elegante accesorio se conecta sin esfuerzo y se pliega perfectamente con la silla, por lo que siempre est\u00e1s listo para salir.","breadcrumb":{"@id":"https:\/\/somllavors.com\/es\/producte\/barra-plegable-para-silla-de-paseo-joolz-aer2#breadcrumb"},"inLanguage":"es","potentialAction":[{"@type":"ReadAction","target":["https:\/\/somllavors.com\/es\/producte\/barra-plegable-para-silla-de-paseo-joolz-aer2"]}]},{"@type":"ImageObject","inLanguage":"es","@id":"https:\/\/somllavors.com\/es\/producte\/barra-plegable-para-silla-de-paseo-joolz-aer2#primaryimage","url":"https:\/\/somllavors.com\/wp-content\/uploads\/2025\/05\/Small-Joolz-Aer2-Bumperbar_Stand_Alone_Black.jpg","contentUrl":"https:\/\/somllavors.com\/wp-content\/uploads\/2025\/05\/Small-Joolz-Aer2-Bumperbar_Stand_Alone_Black.jpg","width":480,"height":480,"caption":"Foldable bumper bar Barra plegable aer2"},{"@type":"BreadcrumbList","@id":"https:\/\/somllavors.com\/es\/producte\/barra-plegable-para-silla-de-paseo-joolz-aer2#breadcrumb","itemListElement":[{"@type":"ListItem","position":1,"name":"Inici","item":"https:\/\/somllavors.com\/es"},{"@type":"ListItem","position":2,"name":"Tienda","item":"https:\/\/somllavors.com\/es\/botiga-2"},{"@type":"ListItem","position":3,"name":"Barra plegable para silla de paseo Joolz Aer2"}]},{"@type":"WebSite","@id":"https:\/\/somllavors.com\/es#website","url":"https:\/\/somllavors.com\/es","name":"Som Llavors","description":"Botiga de crian\u00e7a natural","publisher":{"@id":"https:\/\/somllavors.com\/es#organization"},"alternateName":"Crian\u00e7a Natural i Sostenible","potentialAction":[{"@type":"SearchAction","target":{"@type":"EntryPoint","urlTemplate":"https:\/\/somllavors.com\/es?s={search_term_string}"},"query-input":{"@type":"PropertyValueSpecification","valueRequired":true,"valueName":"search_term_string"}}],"inLanguage":"es"},{"@type":["Organization","Place","Store"],"@id":"https:\/\/somllavors.com\/es#organization","name":"Som Llavors","alternateName":"Crian\u00e7a Natural i Sostenible","url":"https:\/\/somllavors.com\/es","logo":{"@id":"https:\/\/somllavors.com\/es\/producte\/barra-plegable-para-silla-de-paseo-joolz-aer2#local-main-organization-logo"},"image":{"@id":"https:\/\/somllavors.com\/es\/producte\/barra-plegable-para-silla-de-paseo-joolz-aer2#local-main-organization-logo"},"sameAs":["https:\/\/www.facebook.com\/somllavorsvng\/?locale=ca_ES","https:\/\/www.instagram.com\/somllavors_vng\/","https:\/\/www.youtube.com\/@somllavors"],"address":{"@id":"https:\/\/somllavors.com\/es\/producte\/barra-plegable-para-silla-de-paseo-joolz-aer2#local-main-place-address"},"geo":{"@type":"GeoCoordinates","latitude":"41.2257737","longitude":"1.723258859"},"telephone":["623152704","623152704"],"openingHoursSpecification":[{"@type":"OpeningHoursSpecification","dayOfWeek":["Monday","Sunday"],"opens":"00:00","closes":"00:00"},{"@type":"OpeningHoursSpecification","dayOfWeek":["Tuesday","Wednesday","Thursday","Friday"],"opens":"10:00","closes":"20:00"},{"@type":"OpeningHoursSpecification","dayOfWeek":["Saturday"],"opens":"10:00","closes":"13:30"}],"email":"info@somllavors.com"},{"@type":"PostalAddress","@id":"https:\/\/somllavors.com\/es\/producte\/barra-plegable-para-silla-de-paseo-joolz-aer2#local-main-place-address","streetAddress":"Carrer de l'aigua, 6","addressLocality":"Vilanova i la Geltr\u00fa","postalCode":"08800","addressRegion":"Barcelona","addressCountry":"ES"},{"@type":"ImageObject","inLanguage":"es","@id":"https:\/\/somllavors.com\/es\/producte\/barra-plegable-para-silla-de-paseo-joolz-aer2#local-main-organization-logo","url":"https:\/\/somllavors.com\/wp-content\/uploads\/Logotip-Som-Llavors.jpg","contentUrl":"https:\/\/somllavors.com\/wp-content\/uploads\/Logotip-Som-Llavors.jpg","width":1444,"height":1323,"caption":"Som Llavors"}]},"og_availability":"instock","product_availability":"instock","product_condition":"new","geo.placename":"Vilanova i la Geltr\u00fa","geo.position":{"lat":"41.2257737","long":"1.723258859"},"geo.region":"Espa\u00f1a"},"brands":[{"id":4305,"name":"Joolz","slug":"joolz-cotxets"}],"_links":{"self":[{"href":"https:\/\/somllavors.com\/es\/wp-json\/wp\/v2\/product\/78151","targetHints":{"allow":["GET"]}}],"collection":[{"href":"https:\/\/somllavors.com\/es\/wp-json\/wp\/v2\/product"}],"about":[{"href":"https:\/\/somllavors.com\/es\/wp-json\/wp\/v2\/types\/product"}],"wp:featuredmedia":[{"embeddable":true,"href":"https:\/\/somllavors.com\/es\/wp-json\/wp\/v2\/media\/78110"}],"wp:attachment":[{"href":"https:\/\/somllavors.com\/es\/wp-json\/wp\/v2\/media?parent=78151"}],"wp:term":[{"taxonomy":"pwb-brand","embeddable":true,"href":"https:\/\/somllavors.com\/es\/wp-json\/wp\/v2\/pwb-brand?post=78151"},{"taxonomy":"product_brand","embeddable":true,"href":"https:\/\/somllavors.com\/es\/wp-json\/wp\/v2\/product_brand?post=78151"},{"taxonomy":"product_cat","embeddable":true,"href":"https:\/\/somllavors.com\/es\/wp-json\/wp\/v2\/product_cat?post=78151"},{"taxonomy":"product_tag","embeddable":true,"href":"https:\/\/somllavors.com\/es\/wp-json\/wp\/v2\/product_tag?post=78151"}],"curies":[{"name":"wp","href":"https:\/\/api.w.org\/{rel}","templated":true}]}}