{"id":78177,"date":"2025-05-26T01:18:11","date_gmt":"2025-05-25T23:18:11","guid":{"rendered":"https:\/\/somllavors.com\/?post_type=product&#038;p=78177"},"modified":"2025-11-05T14:11:14","modified_gmt":"2025-11-05T13:11:14","slug":"patinete-con-asiento-para-silla-de-paseo-joolz-aer2","status":"publish","type":"product","link":"https:\/\/somllavors.com\/es\/producte\/patinete-con-asiento-para-silla-de-paseo-joolz-aer2","title":{"rendered":"Patinete con asiento para silla de paseo Joolz Aer2"},"content":{"rendered":"<h3>Principales ventajas<\/h3>\n<ul>\n<li>Olv\u00eddate de tener que llevar a los brazos a tu hijo<\/li>\n<li>Paseos en familia con la m\u00e1xima comodidad<\/li>\n<\/ul>\n<h4>Compatible con:<\/h4>\n<ul>\n<li>JoolzAer2<\/li>\n<\/ul>\n<h4>Caracter\u00edsticas clave<\/h4>\n<ul>\n<li>Olv\u00eddate de tener que llevar a los brazos a tu hijo<br \/>\nSimplemente conecta el patinete a la silla de paseo y tu ni\u00f1o podr\u00e1 disfrutar de un paseo detr\u00e1s de la silla.<\/li>\n<li>Paseos en familia con la m\u00e1xima comodidad<br \/>\nSi tu hijo quiere andar, simplemente sube el patinete y sigue caminando.<\/li>\n<\/ul>\n<h4>Otras caracter\u00edsticas<\/h4>\n<ul>\n<li>Asiento extra\u00edble para paseos largos<\/li>\n<li>Mucho espacio para ir de pie<\/li>\n<li>C\u00f3modo espacio para que los padres puedan caminar<\/li>\n<li>F\u00e1cil acceso al freno<\/li>\n<\/ul>\n<h5>Incluido en la caja<\/h5>\n<ul>\n<li>Patinete con asiento JoolzAer2<\/li>\n<\/ul>\n<h5>Dimensiones del producto<\/h5>\n<ul>\n<li>56 x 27 x 15 cm<\/li>\n<\/ul>\n<p>&nbsp;<\/p>\n<p>Informaci\u00f3n de la marca:<\/p>\n<p>&#8211; Marca registrada en el registro de marcas: <strong>JOOLZ<\/strong><\/p>\n<p>&#8211; Nombre del fabricante (persona f\u00edsica o jur\u00eddica): <strong>Milk Design BV<\/strong><\/p>\n<p>&#8211; Direcci\u00f3n postal del fabricante: <strong>Distelweg, 89, 1031 HD Amsterdam (The Nederlands)<\/strong><\/p>\n<p>&#8211; Direcci\u00f3n electr\u00f3nica de contacto del fabricante (una direcci\u00f3n de correo electr\u00f3nico o URL para consultas de los clientes): <strong><a href=\"mailto:info@joolz.com\" target=\"_blank\" rel=\"noopener\">info@joolz.com<\/a><\/strong><\/p>\n<p>&#8211; Informaci\u00f3n general sobre la seguridad del producto: <strong><a href=\"mailto:info@joolz.com\" target=\"_blank\" rel=\"noopener\">info@joolz.com<\/a><\/strong><\/p>\n<p>&#8211; Informaci\u00f3n de contacto adicional: <strong><a href=\"mailto:info@joolz.com\" target=\"_blank\" rel=\"noopener\">info@joolz.com<\/a><\/strong><\/p>\n","protected":false},"excerpt":{"rendered":"<h3>Patinete con asiento para hermanos mayores &#8211; Joolz<\/h3>\n<p>\u00bfListo para una aventura en familia? \u00a1El patinete JoolzAer2 es justo lo que necesitas! El accesorio perfecto para los padres y las madres que salen a pasear con dos ni\u00f1os. Eng\u00e1nchalo a tu JoolzAer2 con tan solo un clic y tu hijo ya puede ir contigo de pie o sentado.   <\/p>\n<p>\u00bfTu peque est\u00e1 lleno de energ\u00eda y quiere volver a andar? Simplemente levanta el patinete y sigue andando. \u00bfEs el momento de recogerse? No tienes que quitarlo. Simplemente pliega el patinete con tu JoolzAer2 en un paquete compacto y ya est\u00e1 guardado. \u00a1As\u00ed de sencillo!     <\/p>\n","protected":false},"featured_media":78176,"template":"","meta":{"_acf_changed":false,"site-sidebar-layout":"default","site-content-layout":"","ast-site-content-layout":"default","site-content-style":"default","site-sidebar-style":"default","ast-global-header-display":"","ast-banner-title-visibility":"","ast-main-header-display":"","ast-hfb-above-header-display":"","ast-hfb-below-header-display":"","ast-hfb-mobile-header-display":"","site-post-title":"","ast-breadcrumbs-content":"","ast-featured-img":"","footer-sml-layout":"","ast-disable-related-posts":"","theme-transparent-header-meta":"default","adv-header-id-meta":"","stick-header-meta":"","header-above-stick-meta":"","header-main-stick-meta":"","header-below-stick-meta":"","astra-migrate-meta-layouts":"default","ast-page-background-enabled":"default","ast-page-background-meta":{"desktop":{"background-color":"","background-image":"","background-repeat":"repeat","background-position":"center center","background-size":"auto","background-attachment":"scroll","background-type":"","background-media":"","overlay-type":"","overlay-color":"","overlay-opacity":"","overlay-gradient":""},"tablet":{"background-color":"","background-image":"","background-repeat":"repeat","background-position":"center center","background-size":"auto","background-attachment":"scroll","background-type":"","background-media":"","overlay-type":"","overlay-color":"","overlay-opacity":"","overlay-gradient":""},"mobile":{"background-color":"","background-image":"","background-repeat":"repeat","background-position":"center center","background-size":"auto","background-attachment":"scroll","background-type":"","background-media":"","overlay-type":"","overlay-color":"","overlay-opacity":"","overlay-gradient":""}},"ast-content-background-meta":{"desktop":{"background-color":"var(--ast-global-color-5)","background-image":"","background-repeat":"repeat","background-position":"center center","background-size":"auto","background-attachment":"scroll","background-type":"","background-media":"","overlay-type":"","overlay-color":"","overlay-opacity":"","overlay-gradient":""},"tablet":{"background-color":"var(--ast-global-color-5)","background-image":"","background-repeat":"repeat","background-position":"center center","background-size":"auto","background-attachment":"scroll","background-type":"","background-media":"","overlay-type":"","overlay-color":"","overlay-opacity":"","overlay-gradient":""},"mobile":{"background-color":"var(--ast-global-color-5)","background-image":"","background-repeat":"repeat","background-position":"center center","background-size":"auto","background-attachment":"scroll","background-type":"","background-media":"","overlay-type":"","overlay-color":"","overlay-opacity":"","overlay-gradient":""}}},"pwb-brand":[4305],"product_brand":[],"product_cat":[4616],"product_tag":[5624],"class_list":{"0":"post-78177","1":"product","2":"type-product","3":"status-publish","4":"has-post-thumbnail","6":"pwb-brand-joolz-cotxets","7":"product_cat-accesorios-de-carritos","8":"product_tag-aer2-es","9":"desktop-align-left","10":"tablet-align-left","11":"mobile-align-left","13":"first","14":"onbackorder","15":"taxable","16":"shipping-taxable","17":"purchasable","18":"product-type-simple"},"acf":[],"yoast_head":"<!-- This site is optimized with the Yoast SEO Premium plugin v18.3 (Yoast SEO v27.4) - https:\/\/yoast.com\/product\/yoast-seo-premium-wordpress\/ -->\n<title>Patinete con asiento para silla de paseo Joolz Aer2 &#8212; Som Llavors<\/title>\n<meta name=\"description\" content=\"Patinete con asiento para hermanos mayores - Joolz \u00bfListo para una aventura en familia? \u00a1El patinete JoolzAer2 es justo lo que necesitas! El accesorio perfecto para los padres y las madres que salen a pasear con dos ni\u00f1os. Eng\u00e1nchalo a tu JoolzAer2 con tan solo un clic y tu hijo ya puede ir contigo de pie o sentado.   \u00bfTu peque est\u00e1 lleno de energ\u00eda y quiere volver a andar? Simplemente levanta el patinete y sigue andando. \u00bfEs el momento de recogerse? No tienes que quitarlo. Simplemente pliega el patinete con tu JoolzAer2 en un paquete compacto y ya est\u00e1 guardado. \u00a1As\u00ed de sencillo!\" \/>\n<meta name=\"robots\" content=\"index, follow, max-snippet:-1, max-image-preview:large, max-video-preview:-1\" \/>\n<link rel=\"canonical\" href=\"https:\/\/somllavors.com\/es\/producte\/patinete-con-asiento-para-silla-de-paseo-joolz-aer2\" \/>\n<meta property=\"og:locale\" content=\"es_ES\" \/>\n<meta property=\"og:type\" content=\"article\" \/>\n<meta property=\"og:title\" content=\"Patinete con asiento para silla de paseo Joolz Aer2\" \/>\n<meta property=\"og:description\" content=\"La teva botiga d\u2019ecocrian\u00e7a i espai d\u2019acompanyament a la maternitat\" \/>\n<meta property=\"og:url\" content=\"https:\/\/somllavors.com\/es\/producte\/patinete-con-asiento-para-silla-de-paseo-joolz-aer2\" \/>\n<meta property=\"og:site_name\" content=\"Som Llavors\" \/>\n<meta property=\"article:publisher\" content=\"https:\/\/www.facebook.com\/somllavorsvng\/?locale=ca_ES\" \/>\n<meta property=\"article:modified_time\" content=\"2025-11-05T13:11:14+00:00\" \/>\n<meta property=\"og:image\" content=\"https:\/\/somllavors.com\/wp-content\/uploads\/2025\/05\/Small-Joolz-Aer2_Footboard_Cot_Flat-Side-View_Right_1_Dark-Navy-Blue.jpg\" \/>\n\t<meta property=\"og:image:width\" content=\"480\" \/>\n\t<meta property=\"og:image:height\" content=\"480\" \/>\n\t<meta property=\"og:image:type\" content=\"image\/jpeg\" \/>\n<meta name=\"twitter:card\" content=\"summary_large_image\" \/>\n<meta name=\"twitter:label1\" content=\"Precio\" \/>\n\t<meta name=\"twitter:data1\" content=\"114,95&euro; Iva incl\u00f2s\" \/>\n\t<meta name=\"twitter:label2\" content=\"Availability\" \/>\n\t<meta name=\"twitter:data2\" content=\"On backorder\" \/>\n<script type=\"application\/ld+json\" class=\"yoast-schema-graph\">{\"@context\":\"https:\\\/\\\/schema.org\",\"@graph\":[{\"@type\":\"WebPage\",\"@id\":\"https:\\\/\\\/somllavors.com\\\/es\\\/producte\\\/patinete-con-asiento-para-silla-de-paseo-joolz-aer2\",\"url\":\"https:\\\/\\\/somllavors.com\\\/es\\\/producte\\\/patinete-con-asiento-para-silla-de-paseo-joolz-aer2\",\"name\":\"Patinete con asiento para silla de paseo Joolz Aer2 &#8212; Som Llavors\",\"isPartOf\":{\"@id\":\"https:\\\/\\\/somllavors.com\\\/es#website\"},\"primaryImageOfPage\":{\"@id\":\"https:\\\/\\\/somllavors.com\\\/es\\\/producte\\\/patinete-con-asiento-para-silla-de-paseo-joolz-aer2#primaryimage\"},\"image\":{\"@id\":\"https:\\\/\\\/somllavors.com\\\/es\\\/producte\\\/patinete-con-asiento-para-silla-de-paseo-joolz-aer2#primaryimage\"},\"thumbnailUrl\":\"https:\\\/\\\/somllavors.com\\\/wp-content\\\/uploads\\\/2025\\\/05\\\/Small-Joolz-Aer2_Footboard_Cot_Flat-Side-View_Right_1_Dark-Navy-Blue.jpg\",\"datePublished\":\"2025-05-25T23:18:11+00:00\",\"dateModified\":\"2025-11-05T13:11:14+00:00\",\"description\":\"Patinete con asiento para hermanos mayores - Joolz \u00bfListo para una aventura en familia? \u00a1El patinete JoolzAer2 es justo lo que necesitas! El accesorio perfecto para los padres y las madres que salen a pasear con dos ni\u00f1os. Eng\u00e1nchalo a tu JoolzAer2 con tan solo un clic y tu hijo ya puede ir contigo de pie o sentado. \u00bfTu peque est\u00e1 lleno de energ\u00eda y quiere volver a andar? Simplemente levanta el patinete y sigue andando. \u00bfEs el momento de recogerse? No tienes que quitarlo. Simplemente pliega el patinete con tu JoolzAer2 en un paquete compacto y ya est\u00e1 guardado. \u00a1As\u00ed de sencillo!\",\"breadcrumb\":{\"@id\":\"https:\\\/\\\/somllavors.com\\\/es\\\/producte\\\/patinete-con-asiento-para-silla-de-paseo-joolz-aer2#breadcrumb\"},\"inLanguage\":\"es\",\"potentialAction\":[{\"@type\":\"ReadAction\",\"target\":[\"https:\\\/\\\/somllavors.com\\\/es\\\/producte\\\/patinete-con-asiento-para-silla-de-paseo-joolz-aer2\"]}]},{\"@type\":\"ImageObject\",\"inLanguage\":\"es\",\"@id\":\"https:\\\/\\\/somllavors.com\\\/es\\\/producte\\\/patinete-con-asiento-para-silla-de-paseo-joolz-aer2#primaryimage\",\"url\":\"https:\\\/\\\/somllavors.com\\\/wp-content\\\/uploads\\\/2025\\\/05\\\/Small-Joolz-Aer2_Footboard_Cot_Flat-Side-View_Right_1_Dark-Navy-Blue.jpg\",\"contentUrl\":\"https:\\\/\\\/somllavors.com\\\/wp-content\\\/uploads\\\/2025\\\/05\\\/Small-Joolz-Aer2_Footboard_Cot_Flat-Side-View_Right_1_Dark-Navy-Blue.jpg\",\"width\":480,\"height\":480,\"caption\":\"patinet germ\u00e0 gran Aer2 Joolz\"},{\"@type\":\"BreadcrumbList\",\"@id\":\"https:\\\/\\\/somllavors.com\\\/es\\\/producte\\\/patinete-con-asiento-para-silla-de-paseo-joolz-aer2#breadcrumb\",\"itemListElement\":[{\"@type\":\"ListItem\",\"position\":1,\"name\":\"Inici\",\"item\":\"https:\\\/\\\/somllavors.com\\\/es\"},{\"@type\":\"ListItem\",\"position\":2,\"name\":\"Tienda\",\"item\":\"https:\\\/\\\/somllavors.com\\\/es\\\/botiga-2\"},{\"@type\":\"ListItem\",\"position\":3,\"name\":\"Patinete con asiento para silla de paseo Joolz Aer2\"}]},{\"@type\":\"WebSite\",\"@id\":\"https:\\\/\\\/somllavors.com\\\/es#website\",\"url\":\"https:\\\/\\\/somllavors.com\\\/es\",\"name\":\"Som Llavors\",\"description\":\"Botiga de crian\u00e7a natural\",\"publisher\":{\"@id\":\"https:\\\/\\\/somllavors.com\\\/es#organization\"},\"alternateName\":\"Crian\u00e7a Natural i Sostenible\",\"potentialAction\":[{\"@type\":\"SearchAction\",\"target\":{\"@type\":\"EntryPoint\",\"urlTemplate\":\"https:\\\/\\\/somllavors.com\\\/es?s={search_term_string}\"},\"query-input\":{\"@type\":\"PropertyValueSpecification\",\"valueRequired\":true,\"valueName\":\"search_term_string\"}}],\"inLanguage\":\"es\"},{\"@type\":[\"Organization\",\"Place\",\"Store\"],\"@id\":\"https:\\\/\\\/somllavors.com\\\/es#organization\",\"name\":\"Som Llavors\",\"alternateName\":\"Crian\u00e7a Natural i Sostenible\",\"url\":\"https:\\\/\\\/somllavors.com\\\/es\",\"logo\":{\"@id\":\"https:\\\/\\\/somllavors.com\\\/es\\\/producte\\\/patinete-con-asiento-para-silla-de-paseo-joolz-aer2#local-main-organization-logo\"},\"image\":{\"@id\":\"https:\\\/\\\/somllavors.com\\\/es\\\/producte\\\/patinete-con-asiento-para-silla-de-paseo-joolz-aer2#local-main-organization-logo\"},\"sameAs\":[\"https:\\\/\\\/www.facebook.com\\\/somllavorsvng\\\/?locale=ca_ES\",\"https:\\\/\\\/www.instagram.com\\\/somllavors_vng\\\/\",\"https:\\\/\\\/www.youtube.com\\\/@somllavors\"],\"address\":{\"@id\":\"https:\\\/\\\/somllavors.com\\\/es\\\/producte\\\/patinete-con-asiento-para-silla-de-paseo-joolz-aer2#local-main-place-address\"},\"geo\":{\"@type\":\"GeoCoordinates\",\"latitude\":\"41.2257737\",\"longitude\":\"1.723258859\"},\"telephone\":[\"623152704\"],\"openingHoursSpecification\":[{\"@type\":\"OpeningHoursSpecification\",\"dayOfWeek\":[\"Monday\",\"Sunday\"],\"opens\":\"00:00\",\"closes\":\"00:00\"},{\"@type\":\"OpeningHoursSpecification\",\"dayOfWeek\":[\"Tuesday\",\"Wednesday\",\"Thursday\",\"Friday\"],\"opens\":\"10:00\",\"closes\":\"20:00\"},{\"@type\":\"OpeningHoursSpecification\",\"dayOfWeek\":[\"Saturday\"],\"opens\":\"10:00\",\"closes\":\"13:30\"}],\"email\":\"info@somllavors.com\"},{\"@type\":\"PostalAddress\",\"@id\":\"https:\\\/\\\/somllavors.com\\\/es\\\/producte\\\/patinete-con-asiento-para-silla-de-paseo-joolz-aer2#local-main-place-address\",\"streetAddress\":\"Carrer de l'aigua, 6\",\"addressLocality\":\"Vilanova i la Geltr\u00fa\",\"postalCode\":\"08800\",\"addressRegion\":\"Barcelona\",\"addressCountry\":\"ES\"},{\"@type\":\"ImageObject\",\"inLanguage\":\"es\",\"@id\":\"https:\\\/\\\/somllavors.com\\\/es\\\/producte\\\/patinete-con-asiento-para-silla-de-paseo-joolz-aer2#local-main-organization-logo\",\"url\":\"https:\\\/\\\/somllavors.com\\\/wp-content\\\/uploads\\\/Logotip-Som-Llavors.jpg\",\"contentUrl\":\"https:\\\/\\\/somllavors.com\\\/wp-content\\\/uploads\\\/Logotip-Som-Llavors.jpg\",\"width\":1444,\"height\":1323,\"caption\":\"Som Llavors\"}]}<\/script>\n<meta property=\"product:price:amount\" content=\"114.95\" \/>\n<meta property=\"product:price:currency\" content=\"EUR\" \/>\n<meta property=\"og:availability\" content=\"backorder\" \/>\n<meta property=\"product:availability\" content=\"available for order\" \/>\n<meta property=\"product:condition\" content=\"new\" \/>\n<meta name=\"geo.placename\" content=\"Vilanova i la Geltr\u00fa\" \/>\n<meta name=\"geo.position\" content=\"41.2257737;1.723258859\" \/>\n<meta name=\"geo.region\" content=\"Espa\u00f1a\" \/>\n<!-- \/ Yoast SEO Premium plugin. -->","yoast_head_json":{"title":"Patinete con asiento para silla de paseo Joolz Aer2 &#8212; Som Llavors","description":"Patinete con asiento para hermanos mayores - Joolz \u00bfListo para una aventura en familia? \u00a1El patinete JoolzAer2 es justo lo que necesitas! El accesorio perfecto para los padres y las madres que salen a pasear con dos ni\u00f1os. Eng\u00e1nchalo a tu JoolzAer2 con tan solo un clic y tu hijo ya puede ir contigo de pie o sentado.   \u00bfTu peque est\u00e1 lleno de energ\u00eda y quiere volver a andar? Simplemente levanta el patinete y sigue andando. \u00bfEs el momento de recogerse? No tienes que quitarlo. Simplemente pliega el patinete con tu JoolzAer2 en un paquete compacto y ya est\u00e1 guardado. \u00a1As\u00ed de sencillo!","robots":{"index":"index","follow":"follow","max-snippet":"max-snippet:-1","max-image-preview":"max-image-preview:large","max-video-preview":"max-video-preview:-1"},"canonical":"https:\/\/somllavors.com\/es\/producte\/patinete-con-asiento-para-silla-de-paseo-joolz-aer2","og_locale":"es_ES","og_type":"article","og_title":"Patinete con asiento para silla de paseo Joolz Aer2","og_description":"La teva botiga d\u2019ecocrian\u00e7a i espai d\u2019acompanyament a la maternitat","og_url":"https:\/\/somllavors.com\/es\/producte\/patinete-con-asiento-para-silla-de-paseo-joolz-aer2","og_site_name":"Som Llavors","article_publisher":"https:\/\/www.facebook.com\/somllavorsvng\/?locale=ca_ES","article_modified_time":"2025-11-05T13:11:14+00:00","og_image":[{"width":480,"height":480,"url":"https:\/\/somllavors.com\/wp-content\/uploads\/2025\/05\/Small-Joolz-Aer2_Footboard_Cot_Flat-Side-View_Right_1_Dark-Navy-Blue.jpg","type":"image\/jpeg"}],"twitter_card":"summary_large_image","twitter_misc":{"Precio":"114,95&euro; Iva incl\u00f2s","Availability":"On backorder"},"schema":{"@context":"https:\/\/schema.org","@graph":[{"@type":"WebPage","@id":"https:\/\/somllavors.com\/es\/producte\/patinete-con-asiento-para-silla-de-paseo-joolz-aer2","url":"https:\/\/somllavors.com\/es\/producte\/patinete-con-asiento-para-silla-de-paseo-joolz-aer2","name":"Patinete con asiento para silla de paseo Joolz Aer2 &#8212; Som Llavors","isPartOf":{"@id":"https:\/\/somllavors.com\/es#website"},"primaryImageOfPage":{"@id":"https:\/\/somllavors.com\/es\/producte\/patinete-con-asiento-para-silla-de-paseo-joolz-aer2#primaryimage"},"image":{"@id":"https:\/\/somllavors.com\/es\/producte\/patinete-con-asiento-para-silla-de-paseo-joolz-aer2#primaryimage"},"thumbnailUrl":"https:\/\/somllavors.com\/wp-content\/uploads\/2025\/05\/Small-Joolz-Aer2_Footboard_Cot_Flat-Side-View_Right_1_Dark-Navy-Blue.jpg","datePublished":"2025-05-25T23:18:11+00:00","dateModified":"2025-11-05T13:11:14+00:00","description":"Patinete con asiento para hermanos mayores - Joolz \u00bfListo para una aventura en familia? \u00a1El patinete JoolzAer2 es justo lo que necesitas! El accesorio perfecto para los padres y las madres que salen a pasear con dos ni\u00f1os. Eng\u00e1nchalo a tu JoolzAer2 con tan solo un clic y tu hijo ya puede ir contigo de pie o sentado. \u00bfTu peque est\u00e1 lleno de energ\u00eda y quiere volver a andar? Simplemente levanta el patinete y sigue andando. \u00bfEs el momento de recogerse? No tienes que quitarlo. Simplemente pliega el patinete con tu JoolzAer2 en un paquete compacto y ya est\u00e1 guardado. \u00a1As\u00ed de sencillo!","breadcrumb":{"@id":"https:\/\/somllavors.com\/es\/producte\/patinete-con-asiento-para-silla-de-paseo-joolz-aer2#breadcrumb"},"inLanguage":"es","potentialAction":[{"@type":"ReadAction","target":["https:\/\/somllavors.com\/es\/producte\/patinete-con-asiento-para-silla-de-paseo-joolz-aer2"]}]},{"@type":"ImageObject","inLanguage":"es","@id":"https:\/\/somllavors.com\/es\/producte\/patinete-con-asiento-para-silla-de-paseo-joolz-aer2#primaryimage","url":"https:\/\/somllavors.com\/wp-content\/uploads\/2025\/05\/Small-Joolz-Aer2_Footboard_Cot_Flat-Side-View_Right_1_Dark-Navy-Blue.jpg","contentUrl":"https:\/\/somllavors.com\/wp-content\/uploads\/2025\/05\/Small-Joolz-Aer2_Footboard_Cot_Flat-Side-View_Right_1_Dark-Navy-Blue.jpg","width":480,"height":480,"caption":"patinet germ\u00e0 gran Aer2 Joolz"},{"@type":"BreadcrumbList","@id":"https:\/\/somllavors.com\/es\/producte\/patinete-con-asiento-para-silla-de-paseo-joolz-aer2#breadcrumb","itemListElement":[{"@type":"ListItem","position":1,"name":"Inici","item":"https:\/\/somllavors.com\/es"},{"@type":"ListItem","position":2,"name":"Tienda","item":"https:\/\/somllavors.com\/es\/botiga-2"},{"@type":"ListItem","position":3,"name":"Patinete con asiento para silla de paseo Joolz Aer2"}]},{"@type":"WebSite","@id":"https:\/\/somllavors.com\/es#website","url":"https:\/\/somllavors.com\/es","name":"Som Llavors","description":"Botiga de crian\u00e7a natural","publisher":{"@id":"https:\/\/somllavors.com\/es#organization"},"alternateName":"Crian\u00e7a Natural i Sostenible","potentialAction":[{"@type":"SearchAction","target":{"@type":"EntryPoint","urlTemplate":"https:\/\/somllavors.com\/es?s={search_term_string}"},"query-input":{"@type":"PropertyValueSpecification","valueRequired":true,"valueName":"search_term_string"}}],"inLanguage":"es"},{"@type":["Organization","Place","Store"],"@id":"https:\/\/somllavors.com\/es#organization","name":"Som Llavors","alternateName":"Crian\u00e7a Natural i Sostenible","url":"https:\/\/somllavors.com\/es","logo":{"@id":"https:\/\/somllavors.com\/es\/producte\/patinete-con-asiento-para-silla-de-paseo-joolz-aer2#local-main-organization-logo"},"image":{"@id":"https:\/\/somllavors.com\/es\/producte\/patinete-con-asiento-para-silla-de-paseo-joolz-aer2#local-main-organization-logo"},"sameAs":["https:\/\/www.facebook.com\/somllavorsvng\/?locale=ca_ES","https:\/\/www.instagram.com\/somllavors_vng\/","https:\/\/www.youtube.com\/@somllavors"],"address":{"@id":"https:\/\/somllavors.com\/es\/producte\/patinete-con-asiento-para-silla-de-paseo-joolz-aer2#local-main-place-address"},"geo":{"@type":"GeoCoordinates","latitude":"41.2257737","longitude":"1.723258859"},"telephone":["623152704","623152704"],"openingHoursSpecification":[{"@type":"OpeningHoursSpecification","dayOfWeek":["Monday","Sunday"],"opens":"00:00","closes":"00:00"},{"@type":"OpeningHoursSpecification","dayOfWeek":["Tuesday","Wednesday","Thursday","Friday"],"opens":"10:00","closes":"20:00"},{"@type":"OpeningHoursSpecification","dayOfWeek":["Saturday"],"opens":"10:00","closes":"13:30"}],"email":"info@somllavors.com"},{"@type":"PostalAddress","@id":"https:\/\/somllavors.com\/es\/producte\/patinete-con-asiento-para-silla-de-paseo-joolz-aer2#local-main-place-address","streetAddress":"Carrer de l'aigua, 6","addressLocality":"Vilanova i la Geltr\u00fa","postalCode":"08800","addressRegion":"Barcelona","addressCountry":"ES"},{"@type":"ImageObject","inLanguage":"es","@id":"https:\/\/somllavors.com\/es\/producte\/patinete-con-asiento-para-silla-de-paseo-joolz-aer2#local-main-organization-logo","url":"https:\/\/somllavors.com\/wp-content\/uploads\/Logotip-Som-Llavors.jpg","contentUrl":"https:\/\/somllavors.com\/wp-content\/uploads\/Logotip-Som-Llavors.jpg","width":1444,"height":1323,"caption":"Som Llavors"}]},"product_price_amount":"114.95","product_price_currency":"EUR","og_availability":"backorder","product_availability":"available for order","product_condition":"new","geo.placename":"Vilanova i la Geltr\u00fa","geo.position":{"lat":"41.2257737","long":"1.723258859"},"geo.region":"Espa\u00f1a"},"brands":[{"id":4305,"name":"Joolz","slug":"joolz-cotxets"}],"_links":{"self":[{"href":"https:\/\/somllavors.com\/es\/wp-json\/wp\/v2\/product\/78177","targetHints":{"allow":["GET"]}}],"collection":[{"href":"https:\/\/somllavors.com\/es\/wp-json\/wp\/v2\/product"}],"about":[{"href":"https:\/\/somllavors.com\/es\/wp-json\/wp\/v2\/types\/product"}],"wp:featuredmedia":[{"embeddable":true,"href":"https:\/\/somllavors.com\/es\/wp-json\/wp\/v2\/media\/78176"}],"wp:attachment":[{"href":"https:\/\/somllavors.com\/es\/wp-json\/wp\/v2\/media?parent=78177"}],"wp:term":[{"taxonomy":"pwb-brand","embeddable":true,"href":"https:\/\/somllavors.com\/es\/wp-json\/wp\/v2\/pwb-brand?post=78177"},{"taxonomy":"product_brand","embeddable":true,"href":"https:\/\/somllavors.com\/es\/wp-json\/wp\/v2\/product_brand?post=78177"},{"taxonomy":"product_cat","embeddable":true,"href":"https:\/\/somllavors.com\/es\/wp-json\/wp\/v2\/product_cat?post=78177"},{"taxonomy":"product_tag","embeddable":true,"href":"https:\/\/somllavors.com\/es\/wp-json\/wp\/v2\/product_tag?post=78177"}],"curies":[{"name":"wp","href":"https:\/\/api.w.org\/{rel}","templated":true}]}}