{"id":78211,"date":"2025-05-21T09:24:24","date_gmt":"2025-05-21T07:24:24","guid":{"rendered":"https:\/\/somllavors.com\/?post_type=product&#038;p=78211"},"modified":"2025-12-22T17:52:56","modified_gmt":"2025-12-22T16:52:56","slug":"pitet-amb-manigues-xxl-18-36-mesos-red-panda-pop-in","status":"publish","type":"product","link":"https:\/\/somllavors.com\/es\/producte\/pitet-amb-manigues-xxl-18-36-mesos-red-panda-pop-in","title":{"rendered":"Pitet amb m\u00e0nigues XXL (18-36 mesos) Red Panda &#8211; Pop in"},"content":{"rendered":"<ul>\n<li>Talla: 18 &#8211; 36 mesos.<\/li>\n<li>Pr\u00e0ctic i f\u00e0cil, amb m\u00e0nigues per ajudar a mantenir l&#8217;infant net i sec durant els \u00e0pats i jocs.<\/li>\n<li>Esquena oberta per a m\u00e9s comoditat.<\/li>\n<li>Els snaps per al tancament de coll es troben en un costat per evitar que es clavin, amb dues posicions per ajustar-se millor a l&#8217;infant<\/li>\n<li>Butxaca \u00e0mplia al davant.<\/li>\n<li><span style=\"font-size: 16px;\">Impermeable i resistent a les taques, es neteja simplement passant un drap humit o tovalloleta.<\/span><\/li>\n<li>Cobreix per\u00f2 a el mateix temps \u00e9s transpirable.<\/li>\n<li>Es pot posar a la rentadora, a una temperatura m\u00e0xima de 40\u00baC. No usar agents qu\u00edmics ni suavitzant.<\/li>\n<li>Cada pitet Pop-in XXL realitzat en poli\u00e8ster reciclat, RPET, utilitza 5 ampolles de pl\u00e0stic, reutilitza ampolles de pl\u00e0stic que haguessin acabat en abocadors o mars. No nom\u00e9s disminueix la contaminaci\u00f3 de pl\u00e0stics sin\u00f3 que redueix els gasos d&#8217;efecte hivernacle, les emissions de carboni i l&#8217;energia emprada en la fabricaci\u00f3 del producte.<\/li>\n<li><span class=\"Y2IQFc\" lang=\"ca\">Composici\u00f3: 100% poli\u00e8ster reciclat d&#8217;ampolles de pl\u00e0stic RPET, amb revestiment de membrana TPU.<\/span><\/li>\n<\/ul>\n","protected":false},"excerpt":{"rendered":"<p>Pitets XXL amb m\u00e0nigues i oberts a l&#8217;esquena. Impermeable, anti taques i transpirable.<\/p>\n<p>&nbsp;<\/p>\n","protected":false},"featured_media":78216,"template":"","meta":{"_acf_changed":false,"site-sidebar-layout":"default","site-content-layout":"","ast-site-content-layout":"default","site-content-style":"default","site-sidebar-style":"default","ast-global-header-display":"","ast-banner-title-visibility":"","ast-main-header-display":"","ast-hfb-above-header-display":"","ast-hfb-below-header-display":"","ast-hfb-mobile-header-display":"","site-post-title":"","ast-breadcrumbs-content":"","ast-featured-img":"","footer-sml-layout":"","theme-transparent-header-meta":"default","adv-header-id-meta":"","stick-header-meta":"","header-above-stick-meta":"","header-main-stick-meta":"","header-below-stick-meta":"","astra-migrate-meta-layouts":"set","ast-page-background-enabled":"default","ast-page-background-meta":{"desktop":{"background-color":"","background-image":"","background-repeat":"repeat","background-position":"center center","background-size":"auto","background-attachment":"scroll","background-type":"","background-media":"","overlay-type":"","overlay-color":"","overlay-opacity":"","overlay-gradient":""},"tablet":{"background-color":"","background-image":"","background-repeat":"repeat","background-position":"center center","background-size":"auto","background-attachment":"scroll","background-type":"","background-media":"","overlay-type":"","overlay-color":"","overlay-opacity":"","overlay-gradient":""},"mobile":{"background-color":"","background-image":"","background-repeat":"repeat","background-position":"center center","background-size":"auto","background-attachment":"scroll","background-type":"","background-media":"","overlay-type":"","overlay-color":"","overlay-opacity":"","overlay-gradient":""}},"ast-content-background-meta":{"desktop":{"background-color":"var(--ast-global-color-5)","background-image":"","background-repeat":"repeat","background-position":"center center","background-size":"auto","background-attachment":"scroll","background-type":"","background-media":"","overlay-type":"","overlay-color":"","overlay-opacity":"","overlay-gradient":""},"tablet":{"background-color":"var(--ast-global-color-5)","background-image":"","background-repeat":"repeat","background-position":"center center","background-size":"auto","background-attachment":"scroll","background-type":"","background-media":"","overlay-type":"","overlay-color":"","overlay-opacity":"","overlay-gradient":""},"mobile":{"background-color":"var(--ast-global-color-5)","background-image":"","background-repeat":"repeat","background-position":"center center","background-size":"auto","background-attachment":"scroll","background-type":"","background-media":"","overlay-type":"","overlay-color":"","overlay-opacity":"","overlay-gradient":""}}},"pwb-brand":[4129],"product_brand":[],"product_cat":[378],"product_tag":[],"class_list":{"0":"post-78211","1":"product","2":"type-product","3":"status-publish","4":"has-post-thumbnail","6":"pwb-brand-close-parent","7":"product_cat-pitets","8":"desktop-align-left","9":"tablet-align-left","10":"mobile-align-left","12":"first","13":"outofstock","14":"taxable","15":"shipping-taxable","16":"purchasable","17":"product-type-simple"},"acf":[],"yoast_head":"<!-- This site is optimized with the Yoast SEO Premium plugin v18.3 (Yoast SEO v26.2) - https:\/\/yoast.com\/wordpress\/plugins\/seo\/ -->\n<title>Pitet amb m\u00e0nigues XXL (18-36 mesos) Red Panda - Pop in &#8212; Som Llavors<\/title>\n<meta name=\"description\" content=\"Pitets XXL amb m\u00e0nigues i oberts a l&#039;esquena. Impermeable, anti taques i transpirable.  &nbsp;\" \/>\n<meta name=\"robots\" content=\"index, follow, max-snippet:-1, max-image-preview:large, max-video-preview:-1\" \/>\n<link rel=\"canonical\" href=\"https:\/\/somllavors.com\/es\/producte\/pitet-amb-manigues-xxl-18-36-mesos-red-panda-pop-in\" \/>\n<meta property=\"og:locale\" content=\"es_ES\" \/>\n<meta property=\"og:type\" content=\"article\" \/>\n<meta property=\"og:title\" content=\"Pitet amb m\u00e0nigues XXL (18-36 mesos) Red Panda - Pop in\" \/>\n<meta property=\"og:description\" content=\"La teva botiga d\u2019ecocrian\u00e7a i espai d\u2019acompanyament a la maternitat\" \/>\n<meta property=\"og:url\" content=\"https:\/\/somllavors.com\/es\/producte\/pitet-amb-manigues-xxl-18-36-mesos-red-panda-pop-in\" \/>\n<meta property=\"og:site_name\" content=\"Som Llavors\" \/>\n<meta property=\"article:publisher\" content=\"https:\/\/www.facebook.com\/somllavorsvng\/?locale=ca_ES\" \/>\n<meta property=\"article:modified_time\" content=\"2025-12-22T16:52:56+00:00\" \/>\n<meta property=\"og:image\" content=\"https:\/\/somllavors.com\/wp-content\/uploads\/2025\/05\/babero-red-panda-xxl.jpg\" \/>\n\t<meta property=\"og:image:width\" content=\"1200\" \/>\n\t<meta property=\"og:image:height\" content=\"1372\" \/>\n\t<meta property=\"og:image:type\" content=\"image\/jpeg\" \/>\n<meta name=\"twitter:card\" content=\"summary_large_image\" \/>\n<meta name=\"twitter:label1\" content=\"Precio\" \/>\n\t<meta name=\"twitter:data1\" content=\"20,50&euro; Iva incl\u00f2s\" \/>\n\t<meta name=\"twitter:label2\" content=\"Availability\" \/>\n\t<meta name=\"twitter:data2\" content=\"Out of stock\" \/>\n<script type=\"application\/ld+json\" class=\"yoast-schema-graph\">{\"@context\":\"https:\/\/schema.org\",\"@graph\":[{\"@type\":\"WebPage\",\"@id\":\"https:\/\/somllavors.com\/es\/producte\/pitet-amb-manigues-xxl-18-36-mesos-red-panda-pop-in\",\"url\":\"https:\/\/somllavors.com\/es\/producte\/pitet-amb-manigues-xxl-18-36-mesos-red-panda-pop-in\",\"name\":\"Pitet amb m\u00e0nigues XXL (18-36 mesos) Red Panda - Pop in &#8212; Som Llavors\",\"isPartOf\":{\"@id\":\"https:\/\/somllavors.com\/es#website\"},\"primaryImageOfPage\":{\"@id\":\"https:\/\/somllavors.com\/es\/producte\/pitet-amb-manigues-xxl-18-36-mesos-red-panda-pop-in#primaryimage\"},\"image\":{\"@id\":\"https:\/\/somllavors.com\/es\/producte\/pitet-amb-manigues-xxl-18-36-mesos-red-panda-pop-in#primaryimage\"},\"thumbnailUrl\":\"https:\/\/somllavors.com\/wp-content\/uploads\/2025\/05\/babero-red-panda-xxl.jpg\",\"datePublished\":\"2025-05-21T07:24:24+00:00\",\"dateModified\":\"2025-12-22T16:52:56+00:00\",\"description\":\"Pitets XXL amb m\u00e0nigues i oberts a l'esquena. Impermeable, anti taques i transpirable. &nbsp;\",\"breadcrumb\":{\"@id\":\"https:\/\/somllavors.com\/es\/producte\/pitet-amb-manigues-xxl-18-36-mesos-red-panda-pop-in#breadcrumb\"},\"inLanguage\":\"es\",\"potentialAction\":[{\"@type\":\"ReadAction\",\"target\":[\"https:\/\/somllavors.com\/es\/producte\/pitet-amb-manigues-xxl-18-36-mesos-red-panda-pop-in\"]}]},{\"@type\":\"ImageObject\",\"inLanguage\":\"es\",\"@id\":\"https:\/\/somllavors.com\/es\/producte\/pitet-amb-manigues-xxl-18-36-mesos-red-panda-pop-in#primaryimage\",\"url\":\"https:\/\/somllavors.com\/wp-content\/uploads\/2025\/05\/babero-red-panda-xxl.jpg\",\"contentUrl\":\"https:\/\/somllavors.com\/wp-content\/uploads\/2025\/05\/babero-red-panda-xxl.jpg\",\"width\":1200,\"height\":1372,\"caption\":\"pitet impermeable som llavors vilanova i la Geltr\u00fa\"},{\"@type\":\"BreadcrumbList\",\"@id\":\"https:\/\/somllavors.com\/es\/producte\/pitet-amb-manigues-xxl-18-36-mesos-red-panda-pop-in#breadcrumb\",\"itemListElement\":[{\"@type\":\"ListItem\",\"position\":1,\"name\":\"Inici\",\"item\":\"https:\/\/somllavors.com\/es\"},{\"@type\":\"ListItem\",\"position\":2,\"name\":\"Tienda\",\"item\":\"https:\/\/somllavors.com\/es\/botiga-2\"},{\"@type\":\"ListItem\",\"position\":3,\"name\":\"Pitet amb m\u00e0nigues XXL (18-36 mesos) Red Panda &#8211; Pop in\"}]},{\"@type\":\"WebSite\",\"@id\":\"https:\/\/somllavors.com\/es#website\",\"url\":\"https:\/\/somllavors.com\/es\",\"name\":\"Som Llavors\",\"description\":\"Botiga de crian\u00e7a natural\",\"publisher\":{\"@id\":\"https:\/\/somllavors.com\/es#organization\"},\"alternateName\":\"Crian\u00e7a Natural i Sostenible\",\"potentialAction\":[{\"@type\":\"SearchAction\",\"target\":{\"@type\":\"EntryPoint\",\"urlTemplate\":\"https:\/\/somllavors.com\/es?s={search_term_string}\"},\"query-input\":{\"@type\":\"PropertyValueSpecification\",\"valueRequired\":true,\"valueName\":\"search_term_string\"}}],\"inLanguage\":\"es\"},{\"@type\":[\"Organization\",\"Place\",\"Store\"],\"@id\":\"https:\/\/somllavors.com\/es#organization\",\"name\":\"Som Llavors\",\"alternateName\":\"Crian\u00e7a Natural i Sostenible\",\"url\":\"https:\/\/somllavors.com\/es\",\"logo\":{\"@id\":\"https:\/\/somllavors.com\/es\/producte\/pitet-amb-manigues-xxl-18-36-mesos-red-panda-pop-in#local-main-organization-logo\"},\"image\":{\"@id\":\"https:\/\/somllavors.com\/es\/producte\/pitet-amb-manigues-xxl-18-36-mesos-red-panda-pop-in#local-main-organization-logo\"},\"sameAs\":[\"https:\/\/www.facebook.com\/somllavorsvng\/?locale=ca_ES\",\"https:\/\/www.instagram.com\/somllavors_vng\/\",\"https:\/\/www.youtube.com\/@somllavors\"],\"address\":{\"@id\":\"https:\/\/somllavors.com\/es\/producte\/pitet-amb-manigues-xxl-18-36-mesos-red-panda-pop-in#local-main-place-address\"},\"geo\":{\"@type\":\"GeoCoordinates\",\"latitude\":\"41.2257737\",\"longitude\":\"1.723258859\"},\"telephone\":[\"623152704\"],\"openingHoursSpecification\":[{\"@type\":\"OpeningHoursSpecification\",\"dayOfWeek\":[\"Monday\",\"Sunday\"],\"opens\":\"00:00\",\"closes\":\"00:00\"},{\"@type\":\"OpeningHoursSpecification\",\"dayOfWeek\":[\"Tuesday\",\"Wednesday\",\"Thursday\",\"Friday\"],\"opens\":\"10:00\",\"closes\":\"20:00\"},{\"@type\":\"OpeningHoursSpecification\",\"dayOfWeek\":[\"Saturday\"],\"opens\":\"10:00\",\"closes\":\"13:30\"}],\"email\":\"info@somllavors.com\"},{\"@type\":\"PostalAddress\",\"@id\":\"https:\/\/somllavors.com\/es\/producte\/pitet-amb-manigues-xxl-18-36-mesos-red-panda-pop-in#local-main-place-address\",\"streetAddress\":\"Carrer de l'aigua, 6\",\"addressLocality\":\"Vilanova i la Geltr\u00fa\",\"postalCode\":\"08800\",\"addressRegion\":\"Barcelona\",\"addressCountry\":\"ES\"},{\"@type\":\"ImageObject\",\"inLanguage\":\"es\",\"@id\":\"https:\/\/somllavors.com\/es\/producte\/pitet-amb-manigues-xxl-18-36-mesos-red-panda-pop-in#local-main-organization-logo\",\"url\":\"https:\/\/somllavors.com\/wp-content\/uploads\/Logotip-Som-Llavors.jpg\",\"contentUrl\":\"https:\/\/somllavors.com\/wp-content\/uploads\/Logotip-Som-Llavors.jpg\",\"width\":1444,\"height\":1323,\"caption\":\"Som Llavors\"}]}<\/script>\n<meta property=\"product:price:amount\" content=\"20.50\" \/>\n<meta property=\"product:price:currency\" content=\"EUR\" \/>\n<meta property=\"og:availability\" content=\"out of stock\" \/>\n<meta property=\"product:availability\" content=\"out of stock\" \/>\n<meta property=\"product:retailer_item_id\" content=\"BB-RP-XXL\" \/>\n<meta property=\"product:condition\" content=\"new\" \/>\n<meta name=\"geo.placename\" content=\"Vilanova i la Geltr\u00fa\" \/>\n<meta name=\"geo.position\" content=\"41.2257737;1.723258859\" \/>\n<meta name=\"geo.region\" content=\"Espa\u00f1a\" \/>\n<!-- \/ Yoast SEO Premium plugin. -->","yoast_head_json":{"title":"Pitet amb m\u00e0nigues XXL (18-36 mesos) Red Panda - Pop in &#8212; Som Llavors","description":"Pitets XXL amb m\u00e0nigues i oberts a l'esquena. Impermeable, anti taques i transpirable.  &nbsp;","robots":{"index":"index","follow":"follow","max-snippet":"max-snippet:-1","max-image-preview":"max-image-preview:large","max-video-preview":"max-video-preview:-1"},"canonical":"https:\/\/somllavors.com\/es\/producte\/pitet-amb-manigues-xxl-18-36-mesos-red-panda-pop-in","og_locale":"es_ES","og_type":"article","og_title":"Pitet amb m\u00e0nigues XXL (18-36 mesos) Red Panda - Pop in","og_description":"La teva botiga d\u2019ecocrian\u00e7a i espai d\u2019acompanyament a la maternitat","og_url":"https:\/\/somllavors.com\/es\/producte\/pitet-amb-manigues-xxl-18-36-mesos-red-panda-pop-in","og_site_name":"Som Llavors","article_publisher":"https:\/\/www.facebook.com\/somllavorsvng\/?locale=ca_ES","article_modified_time":"2025-12-22T16:52:56+00:00","og_image":[{"width":1200,"height":1372,"url":"https:\/\/somllavors.com\/wp-content\/uploads\/2025\/05\/babero-red-panda-xxl.jpg","type":"image\/jpeg"}],"twitter_card":"summary_large_image","twitter_misc":{"Precio":"20,50&euro; Iva incl\u00f2s","Availability":"Out of stock"},"schema":{"@context":"https:\/\/schema.org","@graph":[{"@type":"WebPage","@id":"https:\/\/somllavors.com\/es\/producte\/pitet-amb-manigues-xxl-18-36-mesos-red-panda-pop-in","url":"https:\/\/somllavors.com\/es\/producte\/pitet-amb-manigues-xxl-18-36-mesos-red-panda-pop-in","name":"Pitet amb m\u00e0nigues XXL (18-36 mesos) Red Panda - Pop in &#8212; Som Llavors","isPartOf":{"@id":"https:\/\/somllavors.com\/es#website"},"primaryImageOfPage":{"@id":"https:\/\/somllavors.com\/es\/producte\/pitet-amb-manigues-xxl-18-36-mesos-red-panda-pop-in#primaryimage"},"image":{"@id":"https:\/\/somllavors.com\/es\/producte\/pitet-amb-manigues-xxl-18-36-mesos-red-panda-pop-in#primaryimage"},"thumbnailUrl":"https:\/\/somllavors.com\/wp-content\/uploads\/2025\/05\/babero-red-panda-xxl.jpg","datePublished":"2025-05-21T07:24:24+00:00","dateModified":"2025-12-22T16:52:56+00:00","description":"Pitets XXL amb m\u00e0nigues i oberts a l'esquena. Impermeable, anti taques i transpirable. &nbsp;","breadcrumb":{"@id":"https:\/\/somllavors.com\/es\/producte\/pitet-amb-manigues-xxl-18-36-mesos-red-panda-pop-in#breadcrumb"},"inLanguage":"es","potentialAction":[{"@type":"ReadAction","target":["https:\/\/somllavors.com\/es\/producte\/pitet-amb-manigues-xxl-18-36-mesos-red-panda-pop-in"]}]},{"@type":"ImageObject","inLanguage":"es","@id":"https:\/\/somllavors.com\/es\/producte\/pitet-amb-manigues-xxl-18-36-mesos-red-panda-pop-in#primaryimage","url":"https:\/\/somllavors.com\/wp-content\/uploads\/2025\/05\/babero-red-panda-xxl.jpg","contentUrl":"https:\/\/somllavors.com\/wp-content\/uploads\/2025\/05\/babero-red-panda-xxl.jpg","width":1200,"height":1372,"caption":"pitet impermeable som llavors vilanova i la Geltr\u00fa"},{"@type":"BreadcrumbList","@id":"https:\/\/somllavors.com\/es\/producte\/pitet-amb-manigues-xxl-18-36-mesos-red-panda-pop-in#breadcrumb","itemListElement":[{"@type":"ListItem","position":1,"name":"Inici","item":"https:\/\/somllavors.com\/es"},{"@type":"ListItem","position":2,"name":"Tienda","item":"https:\/\/somllavors.com\/es\/botiga-2"},{"@type":"ListItem","position":3,"name":"Pitet amb m\u00e0nigues XXL (18-36 mesos) Red Panda &#8211; Pop in"}]},{"@type":"WebSite","@id":"https:\/\/somllavors.com\/es#website","url":"https:\/\/somllavors.com\/es","name":"Som Llavors","description":"Botiga de crian\u00e7a natural","publisher":{"@id":"https:\/\/somllavors.com\/es#organization"},"alternateName":"Crian\u00e7a Natural i Sostenible","potentialAction":[{"@type":"SearchAction","target":{"@type":"EntryPoint","urlTemplate":"https:\/\/somllavors.com\/es?s={search_term_string}"},"query-input":{"@type":"PropertyValueSpecification","valueRequired":true,"valueName":"search_term_string"}}],"inLanguage":"es"},{"@type":["Organization","Place","Store"],"@id":"https:\/\/somllavors.com\/es#organization","name":"Som Llavors","alternateName":"Crian\u00e7a Natural i Sostenible","url":"https:\/\/somllavors.com\/es","logo":{"@id":"https:\/\/somllavors.com\/es\/producte\/pitet-amb-manigues-xxl-18-36-mesos-red-panda-pop-in#local-main-organization-logo"},"image":{"@id":"https:\/\/somllavors.com\/es\/producte\/pitet-amb-manigues-xxl-18-36-mesos-red-panda-pop-in#local-main-organization-logo"},"sameAs":["https:\/\/www.facebook.com\/somllavorsvng\/?locale=ca_ES","https:\/\/www.instagram.com\/somllavors_vng\/","https:\/\/www.youtube.com\/@somllavors"],"address":{"@id":"https:\/\/somllavors.com\/es\/producte\/pitet-amb-manigues-xxl-18-36-mesos-red-panda-pop-in#local-main-place-address"},"geo":{"@type":"GeoCoordinates","latitude":"41.2257737","longitude":"1.723258859"},"telephone":["623152704","623152704"],"openingHoursSpecification":[{"@type":"OpeningHoursSpecification","dayOfWeek":["Monday","Sunday"],"opens":"00:00","closes":"00:00"},{"@type":"OpeningHoursSpecification","dayOfWeek":["Tuesday","Wednesday","Thursday","Friday"],"opens":"10:00","closes":"20:00"},{"@type":"OpeningHoursSpecification","dayOfWeek":["Saturday"],"opens":"10:00","closes":"13:30"}],"email":"info@somllavors.com"},{"@type":"PostalAddress","@id":"https:\/\/somllavors.com\/es\/producte\/pitet-amb-manigues-xxl-18-36-mesos-red-panda-pop-in#local-main-place-address","streetAddress":"Carrer de l'aigua, 6","addressLocality":"Vilanova i la Geltr\u00fa","postalCode":"08800","addressRegion":"Barcelona","addressCountry":"ES"},{"@type":"ImageObject","inLanguage":"es","@id":"https:\/\/somllavors.com\/es\/producte\/pitet-amb-manigues-xxl-18-36-mesos-red-panda-pop-in#local-main-organization-logo","url":"https:\/\/somllavors.com\/wp-content\/uploads\/Logotip-Som-Llavors.jpg","contentUrl":"https:\/\/somllavors.com\/wp-content\/uploads\/Logotip-Som-Llavors.jpg","width":1444,"height":1323,"caption":"Som Llavors"}]},"product_price_amount":"20.50","product_price_currency":"EUR","og_availability":"out of stock","product_availability":"out of stock","product_retailer_item_id":"BB-RP-XXL","product_condition":"new","geo.placename":"Vilanova i la Geltr\u00fa","geo.position":{"lat":"41.2257737","long":"1.723258859"},"geo.region":"Espa\u00f1a"},"brands":[{"id":4129,"name":"Close Parent","slug":"close-parent"}],"_links":{"self":[{"href":"https:\/\/somllavors.com\/es\/wp-json\/wp\/v2\/product\/78211","targetHints":{"allow":["GET"]}}],"collection":[{"href":"https:\/\/somllavors.com\/es\/wp-json\/wp\/v2\/product"}],"about":[{"href":"https:\/\/somllavors.com\/es\/wp-json\/wp\/v2\/types\/product"}],"wp:featuredmedia":[{"embeddable":true,"href":"https:\/\/somllavors.com\/es\/wp-json\/wp\/v2\/media\/78216"}],"wp:attachment":[{"href":"https:\/\/somllavors.com\/es\/wp-json\/wp\/v2\/media?parent=78211"}],"wp:term":[{"taxonomy":"pwb-brand","embeddable":true,"href":"https:\/\/somllavors.com\/es\/wp-json\/wp\/v2\/pwb-brand?post=78211"},{"taxonomy":"product_brand","embeddable":true,"href":"https:\/\/somllavors.com\/es\/wp-json\/wp\/v2\/product_brand?post=78211"},{"taxonomy":"product_cat","embeddable":true,"href":"https:\/\/somllavors.com\/es\/wp-json\/wp\/v2\/product_cat?post=78211"},{"taxonomy":"product_tag","embeddable":true,"href":"https:\/\/somllavors.com\/es\/wp-json\/wp\/v2\/product_tag?post=78211"}],"curies":[{"name":"wp","href":"https:\/\/api.w.org\/{rel}","templated":true}]}}