{"id":78405,"date":"2025-05-26T17:56:22","date_gmt":"2025-05-26T15:56:22","guid":{"rendered":"https:\/\/somllavors.com\/?post_type=product&#038;p=78405"},"modified":"2025-05-26T17:56:38","modified_gmt":"2025-05-26T15:56:38","slug":"un-amor-de-monstre","status":"publish","type":"product","link":"https:\/\/somllavors.com\/es\/producte\/un-amor-de-monstre","title":{"rendered":"Un Amor de Monstre"},"content":{"rendered":"<p><b>Una hist\u00f2ria tendra i dol\u00e7a com la mel, de les que t\u2019escalfen l\u2019\u00e0nima, sobre com de vegades, quan menys t\u2019ho esperes, l\u2019amor et troba.<\/b><\/p>\n<ul>\n<li>Gran <b>\u00e8xit internacional<\/b> (Regne Unit, It\u00e0lia, Portugal, Brasil, R\u00fassia, Xina,Turquia, Maced\u00f2nia, Pol\u00f2nia i Espanya).<\/li>\n<li>La tem\u00e0tica de l\u2019\u00e0lbum \u00e9s ideal per a les criatures, ja que \u00e9s una hist\u00f2ria de superaci\u00f3 que <b>tracta sobre l\u2019amor propi i sobre la import\u00e0ncia d\u2019acceptar-nos tal com som<\/b> i no comparar-nos amb els altres.<\/li>\n<li>T\u00e9 unes <b>il\u00b7lustracions a tot color<\/b> molt divertides.<\/li>\n<li>La hist\u00f2ria <b>convida a les criatures a posar en pr\u00e0ctica l\u2019empatia<\/b> gr\u00e0cies al personatge principal, un monstre que no acaba de trobar el seu lloc al m\u00f3n.<\/li>\n<li>Les hist\u00f2ries sobre monstres en clau positiva conformen una tem\u00e0tica molt atractiva per a petits lectors.<\/li>\n<li>La hist\u00f2ria transmet valors molt positius per a les criatures, com la <b>inclusi\u00f3<\/b>, la\u00a0<b>diversitat<\/b>, l\u2019<b>amor propi<\/b>\u00a0i el\u00a0<b>respecte pels altres<\/b>.<\/li>\n<\/ul>\n","protected":false},"excerpt":{"rendered":"<p><b>Un \u00e0lbum il\u00b7lustrat que demostra que l&#8217;amor sempre ens acaba trobant.<\/b><\/p>\n<p>A tothom li agraden les criatures bufones i peludetes, com els gatets, els conillets i els gossets. Per\u00f2 un monstre mig pelat amb ulls de mussol no agrada a ning\u00fa\u2026, oi? El nostre monstre abandona Vilabufona amb el prop\u00f2sit de trobar alg\u00fa que l\u2019estimi i un lloc on encaixar. I despr\u00e9s de viatjar i viatjar, quan ja est\u00e0 a punt de llan\u00e7ar la tovallola, descobreix que l\u2019amor sempre t\u2019acaba trobant.<\/p>\n","protected":false},"featured_media":78406,"template":"","meta":{"_acf_changed":false,"site-sidebar-layout":"default","site-content-layout":"","ast-site-content-layout":"default","site-content-style":"default","site-sidebar-style":"default","ast-global-header-display":"","ast-banner-title-visibility":"","ast-main-header-display":"","ast-hfb-above-header-display":"","ast-hfb-below-header-display":"","ast-hfb-mobile-header-display":"","site-post-title":"","ast-breadcrumbs-content":"","ast-featured-img":"","footer-sml-layout":"","theme-transparent-header-meta":"default","adv-header-id-meta":"","stick-header-meta":"","header-above-stick-meta":"","header-main-stick-meta":"","header-below-stick-meta":"","astra-migrate-meta-layouts":"set","ast-page-background-enabled":"default","ast-page-background-meta":{"desktop":{"background-color":"","background-image":"","background-repeat":"repeat","background-position":"center center","background-size":"auto","background-attachment":"scroll","background-type":"","background-media":"","overlay-type":"","overlay-color":"","overlay-opacity":"","overlay-gradient":""},"tablet":{"background-color":"","background-image":"","background-repeat":"repeat","background-position":"center center","background-size":"auto","background-attachment":"scroll","background-type":"","background-media":"","overlay-type":"","overlay-color":"","overlay-opacity":"","overlay-gradient":""},"mobile":{"background-color":"","background-image":"","background-repeat":"repeat","background-position":"center center","background-size":"auto","background-attachment":"scroll","background-type":"","background-media":"","overlay-type":"","overlay-color":"","overlay-opacity":"","overlay-gradient":""}},"ast-content-background-meta":{"desktop":{"background-color":"var(--ast-global-color-5)","background-image":"","background-repeat":"repeat","background-position":"center center","background-size":"auto","background-attachment":"scroll","background-type":"","background-media":"","overlay-type":"","overlay-color":"","overlay-opacity":"","overlay-gradient":""},"tablet":{"background-color":"var(--ast-global-color-5)","background-image":"","background-repeat":"repeat","background-position":"center center","background-size":"auto","background-attachment":"scroll","background-type":"","background-media":"","overlay-type":"","overlay-color":"","overlay-opacity":"","overlay-gradient":""},"mobile":{"background-color":"var(--ast-global-color-5)","background-image":"","background-repeat":"repeat","background-position":"center center","background-size":"auto","background-attachment":"scroll","background-type":"","background-media":"","overlay-type":"","overlay-color":"","overlay-opacity":"","overlay-gradient":""}}},"pwb-brand":[],"product_brand":[],"product_cat":[567],"product_tag":[5634,5635],"class_list":{"0":"post-78405","1":"product","2":"type-product","3":"status-publish","4":"has-post-thumbnail","6":"product_cat-infantils","7":"product_tag-baobab","8":"product_tag-rachel-bright","9":"desktop-align-left","10":"tablet-align-left","11":"mobile-align-left","13":"first","14":"instock","15":"taxable","16":"shipping-taxable","17":"purchasable","18":"product-type-simple"},"acf":[],"yoast_head":"<!-- This site is optimized with the Yoast SEO Premium plugin v18.3 (Yoast SEO v26.2) - https:\/\/yoast.com\/wordpress\/plugins\/seo\/ -->\n<title>Un Amor de Monstre &#8212; Som Llavors<\/title>\n<meta name=\"description\" content=\"Un \u00e0lbum il\u00b7lustrat que demostra que l&#039;amor sempre ens acaba trobant.  A tothom li agraden les criatures bufones i peludetes, com els gatets, els conillets i els gossets. Per\u00f2 un monstre mig pelat amb ulls de mussol no agrada a ning\u00fa\u2026, oi? El nostre monstre abandona Vilabufona amb el prop\u00f2sit de trobar alg\u00fa que l\u2019estimi i un lloc on encaixar. I despr\u00e9s de viatjar i viatjar, quan ja est\u00e0 a punt de llan\u00e7ar la tovallola, descobreix que l\u2019amor sempre t\u2019acaba trobant.\" \/>\n<meta name=\"robots\" content=\"index, follow, max-snippet:-1, max-image-preview:large, max-video-preview:-1\" \/>\n<link rel=\"canonical\" href=\"https:\/\/somllavors.com\/es\/producte\/un-amor-de-monstre\" \/>\n<meta property=\"og:locale\" content=\"es_ES\" \/>\n<meta property=\"og:type\" content=\"article\" \/>\n<meta property=\"og:title\" content=\"Un Amor de Monstre\" \/>\n<meta property=\"og:description\" content=\"La teva botiga d\u2019ecocrian\u00e7a i espai d\u2019acompanyament a la maternitat\" \/>\n<meta property=\"og:url\" content=\"https:\/\/somllavors.com\/es\/producte\/un-amor-de-monstre\" \/>\n<meta property=\"og:site_name\" content=\"Som Llavors\" \/>\n<meta property=\"article:publisher\" content=\"https:\/\/www.facebook.com\/somllavorsvng\/?locale=ca_ES\" \/>\n<meta property=\"article:modified_time\" content=\"2025-05-26T15:56:38+00:00\" \/>\n<meta property=\"og:image\" content=\"https:\/\/somllavors.com\/wp-content\/uploads\/2025\/05\/9788413898629.jpg\" \/>\n\t<meta property=\"og:image:width\" content=\"800\" \/>\n\t<meta property=\"og:image:height\" content=\"837\" \/>\n\t<meta property=\"og:image:type\" content=\"image\/jpeg\" \/>\n<meta name=\"twitter:card\" content=\"summary_large_image\" \/>\n<meta name=\"twitter:label1\" content=\"Precio\" \/>\n\t<meta name=\"twitter:data1\" content=\"14,95&euro; Iva incl\u00f2s\" \/>\n\t<meta name=\"twitter:label2\" content=\"Availability\" \/>\n\t<meta name=\"twitter:data2\" content=\"Hay existencias\" \/>\n<script type=\"application\/ld+json\" class=\"yoast-schema-graph\">{\"@context\":\"https:\/\/schema.org\",\"@graph\":[{\"@type\":\"WebPage\",\"@id\":\"https:\/\/somllavors.com\/es\/producte\/un-amor-de-monstre\",\"url\":\"https:\/\/somllavors.com\/es\/producte\/un-amor-de-monstre\",\"name\":\"Un Amor de Monstre &#8212; Som Llavors\",\"isPartOf\":{\"@id\":\"https:\/\/somllavors.com\/es#website\"},\"primaryImageOfPage\":{\"@id\":\"https:\/\/somllavors.com\/es\/producte\/un-amor-de-monstre#primaryimage\"},\"image\":{\"@id\":\"https:\/\/somllavors.com\/es\/producte\/un-amor-de-monstre#primaryimage\"},\"thumbnailUrl\":\"https:\/\/somllavors.com\/wp-content\/uploads\/2025\/05\/9788413898629.jpg\",\"datePublished\":\"2025-05-26T15:56:22+00:00\",\"dateModified\":\"2025-05-26T15:56:38+00:00\",\"description\":\"Un \u00e0lbum il\u00b7lustrat que demostra que l'amor sempre ens acaba trobant. A tothom li agraden les criatures bufones i peludetes, com els gatets, els conillets i els gossets. Per\u00f2 un monstre mig pelat amb ulls de mussol no agrada a ning\u00fa\u2026, oi? El nostre monstre abandona Vilabufona amb el prop\u00f2sit de trobar alg\u00fa que l\u2019estimi i un lloc on encaixar. I despr\u00e9s de viatjar i viatjar, quan ja est\u00e0 a punt de llan\u00e7ar la tovallola, descobreix que l\u2019amor sempre t\u2019acaba trobant.\",\"breadcrumb\":{\"@id\":\"https:\/\/somllavors.com\/es\/producte\/un-amor-de-monstre#breadcrumb\"},\"inLanguage\":\"es\",\"potentialAction\":[{\"@type\":\"ReadAction\",\"target\":[\"https:\/\/somllavors.com\/es\/producte\/un-amor-de-monstre\"]}]},{\"@type\":\"ImageObject\",\"inLanguage\":\"es\",\"@id\":\"https:\/\/somllavors.com\/es\/producte\/un-amor-de-monstre#primaryimage\",\"url\":\"https:\/\/somllavors.com\/wp-content\/uploads\/2025\/05\/9788413898629.jpg\",\"contentUrl\":\"https:\/\/somllavors.com\/wp-content\/uploads\/2025\/05\/9788413898629.jpg\",\"width\":800,\"height\":837,\"caption\":\"Un Amor de Monstre\"},{\"@type\":\"BreadcrumbList\",\"@id\":\"https:\/\/somllavors.com\/es\/producte\/un-amor-de-monstre#breadcrumb\",\"itemListElement\":[{\"@type\":\"ListItem\",\"position\":1,\"name\":\"Inici\",\"item\":\"https:\/\/somllavors.com\/es\"},{\"@type\":\"ListItem\",\"position\":2,\"name\":\"Tienda\",\"item\":\"https:\/\/somllavors.com\/es\/botiga-2\"},{\"@type\":\"ListItem\",\"position\":3,\"name\":\"Un Amor de Monstre\"}]},{\"@type\":\"WebSite\",\"@id\":\"https:\/\/somllavors.com\/es#website\",\"url\":\"https:\/\/somllavors.com\/es\",\"name\":\"Som Llavors\",\"description\":\"Botiga de crian\u00e7a natural\",\"publisher\":{\"@id\":\"https:\/\/somllavors.com\/es#organization\"},\"alternateName\":\"Crian\u00e7a Natural i Sostenible\",\"potentialAction\":[{\"@type\":\"SearchAction\",\"target\":{\"@type\":\"EntryPoint\",\"urlTemplate\":\"https:\/\/somllavors.com\/es?s={search_term_string}\"},\"query-input\":{\"@type\":\"PropertyValueSpecification\",\"valueRequired\":true,\"valueName\":\"search_term_string\"}}],\"inLanguage\":\"es\"},{\"@type\":[\"Organization\",\"Place\",\"Store\"],\"@id\":\"https:\/\/somllavors.com\/es#organization\",\"name\":\"Som Llavors\",\"alternateName\":\"Crian\u00e7a Natural i Sostenible\",\"url\":\"https:\/\/somllavors.com\/es\",\"logo\":{\"@id\":\"https:\/\/somllavors.com\/es\/producte\/un-amor-de-monstre#local-main-organization-logo\"},\"image\":{\"@id\":\"https:\/\/somllavors.com\/es\/producte\/un-amor-de-monstre#local-main-organization-logo\"},\"sameAs\":[\"https:\/\/www.facebook.com\/somllavorsvng\/?locale=ca_ES\",\"https:\/\/www.instagram.com\/somllavors_vng\/\",\"https:\/\/www.youtube.com\/@somllavors\"],\"address\":{\"@id\":\"https:\/\/somllavors.com\/es\/producte\/un-amor-de-monstre#local-main-place-address\"},\"geo\":{\"@type\":\"GeoCoordinates\",\"latitude\":\"41.2257737\",\"longitude\":\"1.723258859\"},\"telephone\":[\"623152704\"],\"openingHoursSpecification\":[{\"@type\":\"OpeningHoursSpecification\",\"dayOfWeek\":[\"Monday\",\"Sunday\"],\"opens\":\"00:00\",\"closes\":\"00:00\"},{\"@type\":\"OpeningHoursSpecification\",\"dayOfWeek\":[\"Tuesday\",\"Wednesday\",\"Thursday\",\"Friday\"],\"opens\":\"10:00\",\"closes\":\"20:00\"},{\"@type\":\"OpeningHoursSpecification\",\"dayOfWeek\":[\"Saturday\"],\"opens\":\"10:00\",\"closes\":\"13:30\"}],\"email\":\"info@somllavors.com\"},{\"@type\":\"PostalAddress\",\"@id\":\"https:\/\/somllavors.com\/es\/producte\/un-amor-de-monstre#local-main-place-address\",\"streetAddress\":\"Carrer de l'aigua, 6\",\"addressLocality\":\"Vilanova i la Geltr\u00fa\",\"postalCode\":\"08800\",\"addressRegion\":\"Barcelona\",\"addressCountry\":\"ES\"},{\"@type\":\"ImageObject\",\"inLanguage\":\"es\",\"@id\":\"https:\/\/somllavors.com\/es\/producte\/un-amor-de-monstre#local-main-organization-logo\",\"url\":\"https:\/\/somllavors.com\/wp-content\/uploads\/Logotip-Som-Llavors.jpg\",\"contentUrl\":\"https:\/\/somllavors.com\/wp-content\/uploads\/Logotip-Som-Llavors.jpg\",\"width\":1444,\"height\":1323,\"caption\":\"Som Llavors\"}]}<\/script>\n<meta property=\"product:price:amount\" content=\"14.95\" \/>\n<meta property=\"product:price:currency\" content=\"EUR\" \/>\n<meta property=\"og:availability\" content=\"instock\" \/>\n<meta property=\"product:availability\" content=\"instock\" \/>\n<meta property=\"product:retailer_item_id\" content=\"9788413898629\" \/>\n<meta property=\"product:condition\" content=\"new\" \/>\n<meta name=\"geo.placename\" content=\"Vilanova i la Geltr\u00fa\" \/>\n<meta name=\"geo.position\" content=\"41.2257737;1.723258859\" \/>\n<meta name=\"geo.region\" content=\"Espa\u00f1a\" \/>\n<!-- \/ Yoast SEO Premium plugin. -->","yoast_head_json":{"title":"Un Amor de Monstre &#8212; Som Llavors","description":"Un \u00e0lbum il\u00b7lustrat que demostra que l'amor sempre ens acaba trobant.  A tothom li agraden les criatures bufones i peludetes, com els gatets, els conillets i els gossets. Per\u00f2 un monstre mig pelat amb ulls de mussol no agrada a ning\u00fa\u2026, oi? El nostre monstre abandona Vilabufona amb el prop\u00f2sit de trobar alg\u00fa que l\u2019estimi i un lloc on encaixar. I despr\u00e9s de viatjar i viatjar, quan ja est\u00e0 a punt de llan\u00e7ar la tovallola, descobreix que l\u2019amor sempre t\u2019acaba trobant.","robots":{"index":"index","follow":"follow","max-snippet":"max-snippet:-1","max-image-preview":"max-image-preview:large","max-video-preview":"max-video-preview:-1"},"canonical":"https:\/\/somllavors.com\/es\/producte\/un-amor-de-monstre","og_locale":"es_ES","og_type":"article","og_title":"Un Amor de Monstre","og_description":"La teva botiga d\u2019ecocrian\u00e7a i espai d\u2019acompanyament a la maternitat","og_url":"https:\/\/somllavors.com\/es\/producte\/un-amor-de-monstre","og_site_name":"Som Llavors","article_publisher":"https:\/\/www.facebook.com\/somllavorsvng\/?locale=ca_ES","article_modified_time":"2025-05-26T15:56:38+00:00","og_image":[{"width":800,"height":837,"url":"https:\/\/somllavors.com\/wp-content\/uploads\/2025\/05\/9788413898629.jpg","type":"image\/jpeg"}],"twitter_card":"summary_large_image","twitter_misc":{"Precio":"14,95&euro; Iva incl\u00f2s","Availability":"Hay existencias"},"schema":{"@context":"https:\/\/schema.org","@graph":[{"@type":"WebPage","@id":"https:\/\/somllavors.com\/es\/producte\/un-amor-de-monstre","url":"https:\/\/somllavors.com\/es\/producte\/un-amor-de-monstre","name":"Un Amor de Monstre &#8212; Som Llavors","isPartOf":{"@id":"https:\/\/somllavors.com\/es#website"},"primaryImageOfPage":{"@id":"https:\/\/somllavors.com\/es\/producte\/un-amor-de-monstre#primaryimage"},"image":{"@id":"https:\/\/somllavors.com\/es\/producte\/un-amor-de-monstre#primaryimage"},"thumbnailUrl":"https:\/\/somllavors.com\/wp-content\/uploads\/2025\/05\/9788413898629.jpg","datePublished":"2025-05-26T15:56:22+00:00","dateModified":"2025-05-26T15:56:38+00:00","description":"Un \u00e0lbum il\u00b7lustrat que demostra que l'amor sempre ens acaba trobant. A tothom li agraden les criatures bufones i peludetes, com els gatets, els conillets i els gossets. Per\u00f2 un monstre mig pelat amb ulls de mussol no agrada a ning\u00fa\u2026, oi? El nostre monstre abandona Vilabufona amb el prop\u00f2sit de trobar alg\u00fa que l\u2019estimi i un lloc on encaixar. I despr\u00e9s de viatjar i viatjar, quan ja est\u00e0 a punt de llan\u00e7ar la tovallola, descobreix que l\u2019amor sempre t\u2019acaba trobant.","breadcrumb":{"@id":"https:\/\/somllavors.com\/es\/producte\/un-amor-de-monstre#breadcrumb"},"inLanguage":"es","potentialAction":[{"@type":"ReadAction","target":["https:\/\/somllavors.com\/es\/producte\/un-amor-de-monstre"]}]},{"@type":"ImageObject","inLanguage":"es","@id":"https:\/\/somllavors.com\/es\/producte\/un-amor-de-monstre#primaryimage","url":"https:\/\/somllavors.com\/wp-content\/uploads\/2025\/05\/9788413898629.jpg","contentUrl":"https:\/\/somllavors.com\/wp-content\/uploads\/2025\/05\/9788413898629.jpg","width":800,"height":837,"caption":"Un Amor de Monstre"},{"@type":"BreadcrumbList","@id":"https:\/\/somllavors.com\/es\/producte\/un-amor-de-monstre#breadcrumb","itemListElement":[{"@type":"ListItem","position":1,"name":"Inici","item":"https:\/\/somllavors.com\/es"},{"@type":"ListItem","position":2,"name":"Tienda","item":"https:\/\/somllavors.com\/es\/botiga-2"},{"@type":"ListItem","position":3,"name":"Un Amor de Monstre"}]},{"@type":"WebSite","@id":"https:\/\/somllavors.com\/es#website","url":"https:\/\/somllavors.com\/es","name":"Som Llavors","description":"Botiga de crian\u00e7a natural","publisher":{"@id":"https:\/\/somllavors.com\/es#organization"},"alternateName":"Crian\u00e7a Natural i Sostenible","potentialAction":[{"@type":"SearchAction","target":{"@type":"EntryPoint","urlTemplate":"https:\/\/somllavors.com\/es?s={search_term_string}"},"query-input":{"@type":"PropertyValueSpecification","valueRequired":true,"valueName":"search_term_string"}}],"inLanguage":"es"},{"@type":["Organization","Place","Store"],"@id":"https:\/\/somllavors.com\/es#organization","name":"Som Llavors","alternateName":"Crian\u00e7a Natural i Sostenible","url":"https:\/\/somllavors.com\/es","logo":{"@id":"https:\/\/somllavors.com\/es\/producte\/un-amor-de-monstre#local-main-organization-logo"},"image":{"@id":"https:\/\/somllavors.com\/es\/producte\/un-amor-de-monstre#local-main-organization-logo"},"sameAs":["https:\/\/www.facebook.com\/somllavorsvng\/?locale=ca_ES","https:\/\/www.instagram.com\/somllavors_vng\/","https:\/\/www.youtube.com\/@somllavors"],"address":{"@id":"https:\/\/somllavors.com\/es\/producte\/un-amor-de-monstre#local-main-place-address"},"geo":{"@type":"GeoCoordinates","latitude":"41.2257737","longitude":"1.723258859"},"telephone":["623152704","623152704"],"openingHoursSpecification":[{"@type":"OpeningHoursSpecification","dayOfWeek":["Monday","Sunday"],"opens":"00:00","closes":"00:00"},{"@type":"OpeningHoursSpecification","dayOfWeek":["Tuesday","Wednesday","Thursday","Friday"],"opens":"10:00","closes":"20:00"},{"@type":"OpeningHoursSpecification","dayOfWeek":["Saturday"],"opens":"10:00","closes":"13:30"}],"email":"info@somllavors.com"},{"@type":"PostalAddress","@id":"https:\/\/somllavors.com\/es\/producte\/un-amor-de-monstre#local-main-place-address","streetAddress":"Carrer de l'aigua, 6","addressLocality":"Vilanova i la Geltr\u00fa","postalCode":"08800","addressRegion":"Barcelona","addressCountry":"ES"},{"@type":"ImageObject","inLanguage":"es","@id":"https:\/\/somllavors.com\/es\/producte\/un-amor-de-monstre#local-main-organization-logo","url":"https:\/\/somllavors.com\/wp-content\/uploads\/Logotip-Som-Llavors.jpg","contentUrl":"https:\/\/somllavors.com\/wp-content\/uploads\/Logotip-Som-Llavors.jpg","width":1444,"height":1323,"caption":"Som Llavors"}]},"product_price_amount":"14.95","product_price_currency":"EUR","og_availability":"instock","product_availability":"instock","product_retailer_item_id":"9788413898629","product_condition":"new","geo.placename":"Vilanova i la Geltr\u00fa","geo.position":{"lat":"41.2257737","long":"1.723258859"},"geo.region":"Espa\u00f1a"},"brands":[],"_links":{"self":[{"href":"https:\/\/somllavors.com\/es\/wp-json\/wp\/v2\/product\/78405","targetHints":{"allow":["GET"]}}],"collection":[{"href":"https:\/\/somllavors.com\/es\/wp-json\/wp\/v2\/product"}],"about":[{"href":"https:\/\/somllavors.com\/es\/wp-json\/wp\/v2\/types\/product"}],"wp:featuredmedia":[{"embeddable":true,"href":"https:\/\/somllavors.com\/es\/wp-json\/wp\/v2\/media\/78406"}],"wp:attachment":[{"href":"https:\/\/somllavors.com\/es\/wp-json\/wp\/v2\/media?parent=78405"}],"wp:term":[{"taxonomy":"pwb-brand","embeddable":true,"href":"https:\/\/somllavors.com\/es\/wp-json\/wp\/v2\/pwb-brand?post=78405"},{"taxonomy":"product_brand","embeddable":true,"href":"https:\/\/somllavors.com\/es\/wp-json\/wp\/v2\/product_brand?post=78405"},{"taxonomy":"product_cat","embeddable":true,"href":"https:\/\/somllavors.com\/es\/wp-json\/wp\/v2\/product_cat?post=78405"},{"taxonomy":"product_tag","embeddable":true,"href":"https:\/\/somllavors.com\/es\/wp-json\/wp\/v2\/product_tag?post=78405"}],"curies":[{"name":"wp","href":"https:\/\/api.w.org\/{rel}","templated":true}]}}