{"id":78657,"date":"2025-06-02T10:50:58","date_gmt":"2025-06-02T08:50:58","guid":{"rendered":"https:\/\/somllavors.com\/producto\/biberon-de-cristal-wonderland-beig-120-ml-suavinex\/"},"modified":"2026-02-20T17:29:03","modified_gmt":"2026-02-20T16:29:03","slug":"biberon-de-cristal-wonderland-beig-120-ml-suavinex","status":"publish","type":"product","link":"https:\/\/somllavors.com\/es\/producte\/biberon-de-cristal-wonderland-beig-120-ml-suavinex","title":{"rendered":"Biber\u00f3n de Cristal Wonderland Beig 120 ml &#8211; Suavinex"},"content":{"rendered":"<p>&nbsp;<\/p>\n<ul>\n<li>Este biber\u00f3n es compatible con todas las tetinas SX Pro Suavinex, excepto las de la gama Zero.Zero.<\/li>\n<li>Biber\u00f3n de vidrio 100% reciclable.<\/li>\n<\/ul>\n<h3>Detalles de la tetina<\/h3>\n<ul>\n<li>Estos biberones incluyen tetina de Flujo Medio, recomendada para todos los l\u00edquidos de media densidad.<\/li>\n<li>Tetina Avalada por la Sociedad Espa\u00f1ola de Odontopediatr\u00eda, (SEOP).<\/li>\n<li>Tetina SX Pro fisiol\u00f3gica de silicona, plana y sim\u00e9trica. Dise\u00f1ada para respetar el desarrollo bucodental del beb\u00e9. <\/li>\n<\/ul>\n<h3>Consejos de uso<\/h3>\n<ul>\n<li>Apto para lavavajillas. (En programas no superiores a 60\u00ba). <\/li>\n<li>Apto para microondas.<\/li>\n<\/ul>\n","protected":false},"excerpt":{"rendered":"<h3>Biber\u00f3n de Cristal Wonderland Beig 120 ml de Suavinex<\/h3>\n<p>El biber\u00f3n cristal Wonderland Beig 120 ml de Suavinex Premium con tetina fisiol\u00f3gica SX Pro de flujo lento es ideal para beb\u00e9s a partir de 0+.<\/p>\n<p>Su tetina fabricada en silicona dispone de una peque\u00f1a abertura para dejar pasar poca cantidad de l\u00edquido. Con sistema antic\u00f3lico. <\/p>\n","protected":false},"featured_media":78573,"template":"","meta":{"_acf_changed":false,"site-sidebar-layout":"default","site-content-layout":"","ast-site-content-layout":"default","site-content-style":"default","site-sidebar-style":"default","ast-global-header-display":"","ast-banner-title-visibility":"","ast-main-header-display":"","ast-hfb-above-header-display":"","ast-hfb-below-header-display":"","ast-hfb-mobile-header-display":"","site-post-title":"","ast-breadcrumbs-content":"","ast-featured-img":"","footer-sml-layout":"","ast-disable-related-posts":"","theme-transparent-header-meta":"default","adv-header-id-meta":"","stick-header-meta":"","header-above-stick-meta":"","header-main-stick-meta":"","header-below-stick-meta":"","astra-migrate-meta-layouts":"default","ast-page-background-enabled":"default","ast-page-background-meta":{"desktop":{"background-color":"","background-image":"","background-repeat":"repeat","background-position":"center center","background-size":"auto","background-attachment":"scroll","background-type":"","background-media":"","overlay-type":"","overlay-color":"","overlay-opacity":"","overlay-gradient":""},"tablet":{"background-color":"","background-image":"","background-repeat":"repeat","background-position":"center center","background-size":"auto","background-attachment":"scroll","background-type":"","background-media":"","overlay-type":"","overlay-color":"","overlay-opacity":"","overlay-gradient":""},"mobile":{"background-color":"","background-image":"","background-repeat":"repeat","background-position":"center center","background-size":"auto","background-attachment":"scroll","background-type":"","background-media":"","overlay-type":"","overlay-color":"","overlay-opacity":"","overlay-gradient":""}},"ast-content-background-meta":{"desktop":{"background-color":"var(--ast-global-color-5)","background-image":"","background-repeat":"repeat","background-position":"center center","background-size":"auto","background-attachment":"scroll","background-type":"","background-media":"","overlay-type":"","overlay-color":"","overlay-opacity":"","overlay-gradient":""},"tablet":{"background-color":"var(--ast-global-color-5)","background-image":"","background-repeat":"repeat","background-position":"center center","background-size":"auto","background-attachment":"scroll","background-type":"","background-media":"","overlay-type":"","overlay-color":"","overlay-opacity":"","overlay-gradient":""},"mobile":{"background-color":"var(--ast-global-color-5)","background-image":"","background-repeat":"repeat","background-position":"center center","background-size":"auto","background-attachment":"scroll","background-type":"","background-media":"","overlay-type":"","overlay-color":"","overlay-opacity":"","overlay-gradient":""}}},"pwb-brand":[],"product_brand":[],"product_cat":[4824],"product_tag":[],"class_list":{"0":"post-78657","1":"product","2":"type-product","3":"status-publish","4":"has-post-thumbnail","6":"product_cat-biberones-es","7":"desktop-align-left","8":"tablet-align-left","9":"mobile-align-left","11":"first","12":"instock","13":"taxable","14":"shipping-taxable","15":"purchasable","16":"product-type-simple"},"acf":[],"yoast_head":"<!-- This site is optimized with the Yoast SEO Premium plugin v18.3 (Yoast SEO v27.4) - https:\/\/yoast.com\/product\/yoast-seo-premium-wordpress\/ -->\n<title>Biber\u00f3n de Cristal Wonderland Beig 120 ml - Suavinex &#8212; Som Llavors<\/title>\n<meta name=\"description\" content=\"Biber\u00f3n de Cristal Wonderland Beig 120 ml de Suavinex El biber\u00f3n cristal Wonderland Beig 120 ml de Suavinex Premium con tetina fisiol\u00f3gica SX Pro de flujo lento es ideal para beb\u00e9s a partir de 0+. Su tetina fabricada en silicona dispone de una peque\u00f1a abertura para dejar pasar poca cantidad de l\u00edquido. Con sistema antic\u00f3lico.\" \/>\n<meta name=\"robots\" content=\"index, follow, max-snippet:-1, max-image-preview:large, max-video-preview:-1\" \/>\n<link rel=\"canonical\" href=\"https:\/\/somllavors.com\/es\/producte\/biberon-de-cristal-wonderland-beig-120-ml-suavinex\" \/>\n<meta property=\"og:locale\" content=\"es_ES\" \/>\n<meta property=\"og:type\" content=\"article\" \/>\n<meta property=\"og:title\" content=\"Biber\u00f3n de Cristal Wonderland Beig 120 ml - Suavinex\" \/>\n<meta property=\"og:description\" content=\"La teva botiga d\u2019ecocrian\u00e7a i espai d\u2019acompanyament a la maternitat\" \/>\n<meta property=\"og:url\" content=\"https:\/\/somllavors.com\/es\/producte\/biberon-de-cristal-wonderland-beig-120-ml-suavinex\" \/>\n<meta property=\"og:site_name\" content=\"Som Llavors\" \/>\n<meta property=\"article:publisher\" content=\"https:\/\/www.facebook.com\/somllavorsvng\/?locale=ca_ES\" \/>\n<meta property=\"article:modified_time\" content=\"2026-02-20T16:29:03+00:00\" \/>\n<meta property=\"og:image\" content=\"https:\/\/somllavors.com\/wp-content\/uploads\/2025\/05\/8426420901093_02-scaled.jpg\" \/>\n\t<meta property=\"og:image:width\" content=\"2560\" \/>\n\t<meta property=\"og:image:height\" content=\"2560\" \/>\n\t<meta property=\"og:image:type\" content=\"image\/jpeg\" \/>\n<meta name=\"twitter:card\" content=\"summary_large_image\" \/>\n<meta name=\"twitter:label1\" content=\"Precio\" \/>\n\t<meta name=\"twitter:data1\" content=\"12,95&euro; Iva incl\u00f2s\" \/>\n\t<meta name=\"twitter:label2\" content=\"Availability\" \/>\n\t<meta name=\"twitter:data2\" content=\"Hay existencias\" \/>\n<script type=\"application\/ld+json\" class=\"yoast-schema-graph\">{\"@context\":\"https:\\\/\\\/schema.org\",\"@graph\":[{\"@type\":\"WebPage\",\"@id\":\"https:\\\/\\\/somllavors.com\\\/es\\\/producte\\\/biberon-de-cristal-wonderland-beig-120-ml-suavinex\",\"url\":\"https:\\\/\\\/somllavors.com\\\/es\\\/producte\\\/biberon-de-cristal-wonderland-beig-120-ml-suavinex\",\"name\":\"Biber\u00f3n de Cristal Wonderland Beig 120 ml - Suavinex &#8212; Som Llavors\",\"isPartOf\":{\"@id\":\"https:\\\/\\\/somllavors.com\\\/es#website\"},\"primaryImageOfPage\":{\"@id\":\"https:\\\/\\\/somllavors.com\\\/es\\\/producte\\\/biberon-de-cristal-wonderland-beig-120-ml-suavinex#primaryimage\"},\"image\":{\"@id\":\"https:\\\/\\\/somllavors.com\\\/es\\\/producte\\\/biberon-de-cristal-wonderland-beig-120-ml-suavinex#primaryimage\"},\"thumbnailUrl\":\"https:\\\/\\\/somllavors.com\\\/wp-content\\\/uploads\\\/2025\\\/05\\\/8426420901093_02-scaled.jpg\",\"datePublished\":\"2025-06-02T08:50:58+00:00\",\"dateModified\":\"2026-02-20T16:29:03+00:00\",\"description\":\"Biber\u00f3n de Cristal Wonderland Beig 120 ml de Suavinex El biber\u00f3n cristal Wonderland Beig 120 ml de Suavinex Premium con tetina fisiol\u00f3gica SX Pro de flujo lento es ideal para beb\u00e9s a partir de 0+. Su tetina fabricada en silicona dispone de una peque\u00f1a abertura para dejar pasar poca cantidad de l\u00edquido. Con sistema antic\u00f3lico.\",\"breadcrumb\":{\"@id\":\"https:\\\/\\\/somllavors.com\\\/es\\\/producte\\\/biberon-de-cristal-wonderland-beig-120-ml-suavinex#breadcrumb\"},\"inLanguage\":\"es\",\"potentialAction\":[{\"@type\":\"ReadAction\",\"target\":[\"https:\\\/\\\/somllavors.com\\\/es\\\/producte\\\/biberon-de-cristal-wonderland-beig-120-ml-suavinex\"]}]},{\"@type\":\"ImageObject\",\"inLanguage\":\"es\",\"@id\":\"https:\\\/\\\/somllavors.com\\\/es\\\/producte\\\/biberon-de-cristal-wonderland-beig-120-ml-suavinex#primaryimage\",\"url\":\"https:\\\/\\\/somllavors.com\\\/wp-content\\\/uploads\\\/2025\\\/05\\\/8426420901093_02-scaled.jpg\",\"contentUrl\":\"https:\\\/\\\/somllavors.com\\\/wp-content\\\/uploads\\\/2025\\\/05\\\/8426420901093_02-scaled.jpg\",\"width\":2560,\"height\":2560,\"caption\":\"biber\u00f3 vidre\"},{\"@type\":\"BreadcrumbList\",\"@id\":\"https:\\\/\\\/somllavors.com\\\/es\\\/producte\\\/biberon-de-cristal-wonderland-beig-120-ml-suavinex#breadcrumb\",\"itemListElement\":[{\"@type\":\"ListItem\",\"position\":1,\"name\":\"Inici\",\"item\":\"https:\\\/\\\/somllavors.com\\\/es\"},{\"@type\":\"ListItem\",\"position\":2,\"name\":\"Tienda\",\"item\":\"https:\\\/\\\/somllavors.com\\\/es\\\/botiga-2\"},{\"@type\":\"ListItem\",\"position\":3,\"name\":\"Biber\u00f3n de Cristal Wonderland Beig 120 ml &#8211; Suavinex\"}]},{\"@type\":\"WebSite\",\"@id\":\"https:\\\/\\\/somllavors.com\\\/es#website\",\"url\":\"https:\\\/\\\/somllavors.com\\\/es\",\"name\":\"Som Llavors\",\"description\":\"Botiga de crian\u00e7a natural\",\"publisher\":{\"@id\":\"https:\\\/\\\/somllavors.com\\\/es#organization\"},\"alternateName\":\"Crian\u00e7a Natural i Sostenible\",\"potentialAction\":[{\"@type\":\"SearchAction\",\"target\":{\"@type\":\"EntryPoint\",\"urlTemplate\":\"https:\\\/\\\/somllavors.com\\\/es?s={search_term_string}\"},\"query-input\":{\"@type\":\"PropertyValueSpecification\",\"valueRequired\":true,\"valueName\":\"search_term_string\"}}],\"inLanguage\":\"es\"},{\"@type\":[\"Organization\",\"Place\",\"Store\"],\"@id\":\"https:\\\/\\\/somllavors.com\\\/es#organization\",\"name\":\"Som Llavors\",\"alternateName\":\"Crian\u00e7a Natural i Sostenible\",\"url\":\"https:\\\/\\\/somllavors.com\\\/es\",\"logo\":{\"@id\":\"https:\\\/\\\/somllavors.com\\\/es\\\/producte\\\/biberon-de-cristal-wonderland-beig-120-ml-suavinex#local-main-organization-logo\"},\"image\":{\"@id\":\"https:\\\/\\\/somllavors.com\\\/es\\\/producte\\\/biberon-de-cristal-wonderland-beig-120-ml-suavinex#local-main-organization-logo\"},\"sameAs\":[\"https:\\\/\\\/www.facebook.com\\\/somllavorsvng\\\/?locale=ca_ES\",\"https:\\\/\\\/www.instagram.com\\\/somllavors_vng\\\/\",\"https:\\\/\\\/www.youtube.com\\\/@somllavors\"],\"address\":{\"@id\":\"https:\\\/\\\/somllavors.com\\\/es\\\/producte\\\/biberon-de-cristal-wonderland-beig-120-ml-suavinex#local-main-place-address\"},\"geo\":{\"@type\":\"GeoCoordinates\",\"latitude\":\"41.2257737\",\"longitude\":\"1.723258859\"},\"telephone\":[\"623152704\"],\"openingHoursSpecification\":[{\"@type\":\"OpeningHoursSpecification\",\"dayOfWeek\":[\"Monday\",\"Sunday\"],\"opens\":\"00:00\",\"closes\":\"00:00\"},{\"@type\":\"OpeningHoursSpecification\",\"dayOfWeek\":[\"Tuesday\",\"Wednesday\",\"Thursday\",\"Friday\"],\"opens\":\"10:00\",\"closes\":\"20:00\"},{\"@type\":\"OpeningHoursSpecification\",\"dayOfWeek\":[\"Saturday\"],\"opens\":\"10:00\",\"closes\":\"13:30\"}],\"email\":\"info@somllavors.com\"},{\"@type\":\"PostalAddress\",\"@id\":\"https:\\\/\\\/somllavors.com\\\/es\\\/producte\\\/biberon-de-cristal-wonderland-beig-120-ml-suavinex#local-main-place-address\",\"streetAddress\":\"Carrer de l'aigua, 6\",\"addressLocality\":\"Vilanova i la Geltr\u00fa\",\"postalCode\":\"08800\",\"addressRegion\":\"Barcelona\",\"addressCountry\":\"ES\"},{\"@type\":\"ImageObject\",\"inLanguage\":\"es\",\"@id\":\"https:\\\/\\\/somllavors.com\\\/es\\\/producte\\\/biberon-de-cristal-wonderland-beig-120-ml-suavinex#local-main-organization-logo\",\"url\":\"https:\\\/\\\/somllavors.com\\\/wp-content\\\/uploads\\\/Logotip-Som-Llavors.jpg\",\"contentUrl\":\"https:\\\/\\\/somllavors.com\\\/wp-content\\\/uploads\\\/Logotip-Som-Llavors.jpg\",\"width\":1444,\"height\":1323,\"caption\":\"Som Llavors\"}]}<\/script>\n<meta property=\"product:price:amount\" content=\"12.95\" \/>\n<meta property=\"product:price:currency\" content=\"EUR\" \/>\n<meta property=\"og:availability\" content=\"instock\" \/>\n<meta property=\"product:availability\" content=\"instock\" \/>\n<meta property=\"product:retailer_item_id\" content=\"308773\" \/>\n<meta property=\"product:condition\" content=\"new\" \/>\n<meta name=\"geo.placename\" content=\"Vilanova i la Geltr\u00fa\" \/>\n<meta name=\"geo.position\" content=\"41.2257737;1.723258859\" \/>\n<meta name=\"geo.region\" content=\"Espa\u00f1a\" \/>\n<!-- \/ Yoast SEO Premium plugin. -->","yoast_head_json":{"title":"Biber\u00f3n de Cristal Wonderland Beig 120 ml - Suavinex &#8212; Som Llavors","description":"Biber\u00f3n de Cristal Wonderland Beig 120 ml de Suavinex El biber\u00f3n cristal Wonderland Beig 120 ml de Suavinex Premium con tetina fisiol\u00f3gica SX Pro de flujo lento es ideal para beb\u00e9s a partir de 0+. Su tetina fabricada en silicona dispone de una peque\u00f1a abertura para dejar pasar poca cantidad de l\u00edquido. Con sistema antic\u00f3lico.","robots":{"index":"index","follow":"follow","max-snippet":"max-snippet:-1","max-image-preview":"max-image-preview:large","max-video-preview":"max-video-preview:-1"},"canonical":"https:\/\/somllavors.com\/es\/producte\/biberon-de-cristal-wonderland-beig-120-ml-suavinex","og_locale":"es_ES","og_type":"article","og_title":"Biber\u00f3n de Cristal Wonderland Beig 120 ml - Suavinex","og_description":"La teva botiga d\u2019ecocrian\u00e7a i espai d\u2019acompanyament a la maternitat","og_url":"https:\/\/somllavors.com\/es\/producte\/biberon-de-cristal-wonderland-beig-120-ml-suavinex","og_site_name":"Som Llavors","article_publisher":"https:\/\/www.facebook.com\/somllavorsvng\/?locale=ca_ES","article_modified_time":"2026-02-20T16:29:03+00:00","og_image":[{"width":2560,"height":2560,"url":"https:\/\/somllavors.com\/wp-content\/uploads\/2025\/05\/8426420901093_02-scaled.jpg","type":"image\/jpeg"}],"twitter_card":"summary_large_image","twitter_misc":{"Precio":"12,95&euro; Iva incl\u00f2s","Availability":"Hay existencias"},"schema":{"@context":"https:\/\/schema.org","@graph":[{"@type":"WebPage","@id":"https:\/\/somllavors.com\/es\/producte\/biberon-de-cristal-wonderland-beig-120-ml-suavinex","url":"https:\/\/somllavors.com\/es\/producte\/biberon-de-cristal-wonderland-beig-120-ml-suavinex","name":"Biber\u00f3n de Cristal Wonderland Beig 120 ml - Suavinex &#8212; Som Llavors","isPartOf":{"@id":"https:\/\/somllavors.com\/es#website"},"primaryImageOfPage":{"@id":"https:\/\/somllavors.com\/es\/producte\/biberon-de-cristal-wonderland-beig-120-ml-suavinex#primaryimage"},"image":{"@id":"https:\/\/somllavors.com\/es\/producte\/biberon-de-cristal-wonderland-beig-120-ml-suavinex#primaryimage"},"thumbnailUrl":"https:\/\/somllavors.com\/wp-content\/uploads\/2025\/05\/8426420901093_02-scaled.jpg","datePublished":"2025-06-02T08:50:58+00:00","dateModified":"2026-02-20T16:29:03+00:00","description":"Biber\u00f3n de Cristal Wonderland Beig 120 ml de Suavinex El biber\u00f3n cristal Wonderland Beig 120 ml de Suavinex Premium con tetina fisiol\u00f3gica SX Pro de flujo lento es ideal para beb\u00e9s a partir de 0+. Su tetina fabricada en silicona dispone de una peque\u00f1a abertura para dejar pasar poca cantidad de l\u00edquido. Con sistema antic\u00f3lico.","breadcrumb":{"@id":"https:\/\/somllavors.com\/es\/producte\/biberon-de-cristal-wonderland-beig-120-ml-suavinex#breadcrumb"},"inLanguage":"es","potentialAction":[{"@type":"ReadAction","target":["https:\/\/somllavors.com\/es\/producte\/biberon-de-cristal-wonderland-beig-120-ml-suavinex"]}]},{"@type":"ImageObject","inLanguage":"es","@id":"https:\/\/somllavors.com\/es\/producte\/biberon-de-cristal-wonderland-beig-120-ml-suavinex#primaryimage","url":"https:\/\/somllavors.com\/wp-content\/uploads\/2025\/05\/8426420901093_02-scaled.jpg","contentUrl":"https:\/\/somllavors.com\/wp-content\/uploads\/2025\/05\/8426420901093_02-scaled.jpg","width":2560,"height":2560,"caption":"biber\u00f3 vidre"},{"@type":"BreadcrumbList","@id":"https:\/\/somllavors.com\/es\/producte\/biberon-de-cristal-wonderland-beig-120-ml-suavinex#breadcrumb","itemListElement":[{"@type":"ListItem","position":1,"name":"Inici","item":"https:\/\/somllavors.com\/es"},{"@type":"ListItem","position":2,"name":"Tienda","item":"https:\/\/somllavors.com\/es\/botiga-2"},{"@type":"ListItem","position":3,"name":"Biber\u00f3n de Cristal Wonderland Beig 120 ml &#8211; Suavinex"}]},{"@type":"WebSite","@id":"https:\/\/somllavors.com\/es#website","url":"https:\/\/somllavors.com\/es","name":"Som Llavors","description":"Botiga de crian\u00e7a natural","publisher":{"@id":"https:\/\/somllavors.com\/es#organization"},"alternateName":"Crian\u00e7a Natural i Sostenible","potentialAction":[{"@type":"SearchAction","target":{"@type":"EntryPoint","urlTemplate":"https:\/\/somllavors.com\/es?s={search_term_string}"},"query-input":{"@type":"PropertyValueSpecification","valueRequired":true,"valueName":"search_term_string"}}],"inLanguage":"es"},{"@type":["Organization","Place","Store"],"@id":"https:\/\/somllavors.com\/es#organization","name":"Som Llavors","alternateName":"Crian\u00e7a Natural i Sostenible","url":"https:\/\/somllavors.com\/es","logo":{"@id":"https:\/\/somllavors.com\/es\/producte\/biberon-de-cristal-wonderland-beig-120-ml-suavinex#local-main-organization-logo"},"image":{"@id":"https:\/\/somllavors.com\/es\/producte\/biberon-de-cristal-wonderland-beig-120-ml-suavinex#local-main-organization-logo"},"sameAs":["https:\/\/www.facebook.com\/somllavorsvng\/?locale=ca_ES","https:\/\/www.instagram.com\/somllavors_vng\/","https:\/\/www.youtube.com\/@somllavors"],"address":{"@id":"https:\/\/somllavors.com\/es\/producte\/biberon-de-cristal-wonderland-beig-120-ml-suavinex#local-main-place-address"},"geo":{"@type":"GeoCoordinates","latitude":"41.2257737","longitude":"1.723258859"},"telephone":["623152704","623152704"],"openingHoursSpecification":[{"@type":"OpeningHoursSpecification","dayOfWeek":["Monday","Sunday"],"opens":"00:00","closes":"00:00"},{"@type":"OpeningHoursSpecification","dayOfWeek":["Tuesday","Wednesday","Thursday","Friday"],"opens":"10:00","closes":"20:00"},{"@type":"OpeningHoursSpecification","dayOfWeek":["Saturday"],"opens":"10:00","closes":"13:30"}],"email":"info@somllavors.com"},{"@type":"PostalAddress","@id":"https:\/\/somllavors.com\/es\/producte\/biberon-de-cristal-wonderland-beig-120-ml-suavinex#local-main-place-address","streetAddress":"Carrer de l'aigua, 6","addressLocality":"Vilanova i la Geltr\u00fa","postalCode":"08800","addressRegion":"Barcelona","addressCountry":"ES"},{"@type":"ImageObject","inLanguage":"es","@id":"https:\/\/somllavors.com\/es\/producte\/biberon-de-cristal-wonderland-beig-120-ml-suavinex#local-main-organization-logo","url":"https:\/\/somllavors.com\/wp-content\/uploads\/Logotip-Som-Llavors.jpg","contentUrl":"https:\/\/somllavors.com\/wp-content\/uploads\/Logotip-Som-Llavors.jpg","width":1444,"height":1323,"caption":"Som Llavors"}]},"product_price_amount":"12.95","product_price_currency":"EUR","og_availability":"instock","product_availability":"instock","product_retailer_item_id":"308773","product_condition":"new","geo.placename":"Vilanova i la Geltr\u00fa","geo.position":{"lat":"41.2257737","long":"1.723258859"},"geo.region":"Espa\u00f1a"},"brands":[],"_links":{"self":[{"href":"https:\/\/somllavors.com\/es\/wp-json\/wp\/v2\/product\/78657","targetHints":{"allow":["GET"]}}],"collection":[{"href":"https:\/\/somllavors.com\/es\/wp-json\/wp\/v2\/product"}],"about":[{"href":"https:\/\/somllavors.com\/es\/wp-json\/wp\/v2\/types\/product"}],"wp:featuredmedia":[{"embeddable":true,"href":"https:\/\/somllavors.com\/es\/wp-json\/wp\/v2\/media\/78573"}],"wp:attachment":[{"href":"https:\/\/somllavors.com\/es\/wp-json\/wp\/v2\/media?parent=78657"}],"wp:term":[{"taxonomy":"pwb-brand","embeddable":true,"href":"https:\/\/somllavors.com\/es\/wp-json\/wp\/v2\/pwb-brand?post=78657"},{"taxonomy":"product_brand","embeddable":true,"href":"https:\/\/somllavors.com\/es\/wp-json\/wp\/v2\/product_brand?post=78657"},{"taxonomy":"product_cat","embeddable":true,"href":"https:\/\/somllavors.com\/es\/wp-json\/wp\/v2\/product_cat?post=78657"},{"taxonomy":"product_tag","embeddable":true,"href":"https:\/\/somllavors.com\/es\/wp-json\/wp\/v2\/product_tag?post=78657"}],"curies":[{"name":"wp","href":"https:\/\/api.w.org\/{rel}","templated":true}]}}