{"id":78658,"date":"2025-06-02T10:27:58","date_gmt":"2025-06-02T08:27:58","guid":{"rendered":"https:\/\/somllavors.com\/producto\/cocina-de-madera-fsc-color-menta-little-dutch\/"},"modified":"2025-06-02T10:27:58","modified_gmt":"2025-06-02T08:27:58","slug":"cocina-de-madera-fsc-color-menta-little-dutch","status":"publish","type":"product","link":"https:\/\/somllavors.com\/es\/producte\/cocina-de-madera-fsc-color-menta-little-dutch","title":{"rendered":"Cocina de madera FSC color menta &#8211; Little Dutch"},"content":{"rendered":"<p>Madera certificada FSC proveniente de bosques gestionados de forma sostenible<br \/>\nMedidas: 58 x 28 x 91cm<\/p>\n","protected":false},"excerpt":{"rendered":"<p>\u00bfQu\u00e9 cocina el peque\u00f1o chef? Preparar los platos m\u00e1s deliciosos con esta adorable cocina de madera. Delaita a tu familia, tus mu\u00f1ecas favoritas o tus peluches con una comida casera. Con dos sartenes y una bater\u00eda de cocina podr\u00e1s convertirte en un m\u00e1ster chef.   <\/p>\n<p>La cocina ofrece todo lo que puedas imaginar. Puedes hornear un pastel en el horno, cocinar vegetales al fuego, no te olvides, l\u00e1vate las manos antes al fregadero. Adem\u00e1s tienes un set con sal y pimienta y un armario para guardar tu comida. Los ni\u00f1os peque\u00f1os quieren imitar a los adultos en sus rutinas diarias. Esta cocina ser\u00e1 un sue\u00f1o hecho realidad para los peque\u00f1os chefs. Inspira el juego simb\u00f3lico, la creatividad, las habilidades motoras y la imaginaci\u00f3n. Esta robusta cocina de madera en colores modernos crea una maravillosa \u00e1rea de juego en la habitaci\u00f3n de los ni\u00f1os pero puede quedarse genial en la sala tambi\u00e9n. Empar\u00e9jalo con la balanza y la tostadora.       <\/p>\n","protected":false},"featured_media":78557,"template":"","meta":{"_acf_changed":false,"site-sidebar-layout":"default","site-content-layout":"","ast-site-content-layout":"default","site-content-style":"default","site-sidebar-style":"default","ast-global-header-display":"","ast-banner-title-visibility":"","ast-main-header-display":"","ast-hfb-above-header-display":"","ast-hfb-below-header-display":"","ast-hfb-mobile-header-display":"","site-post-title":"","ast-breadcrumbs-content":"","ast-featured-img":"","footer-sml-layout":"","ast-disable-related-posts":"","theme-transparent-header-meta":"default","adv-header-id-meta":"","stick-header-meta":"","header-above-stick-meta":"","header-main-stick-meta":"","header-below-stick-meta":"","astra-migrate-meta-layouts":"default","ast-page-background-enabled":"default","ast-page-background-meta":{"desktop":{"background-color":"","background-image":"","background-repeat":"repeat","background-position":"center center","background-size":"auto","background-attachment":"scroll","background-type":"","background-media":"","overlay-type":"","overlay-color":"","overlay-opacity":"","overlay-gradient":""},"tablet":{"background-color":"","background-image":"","background-repeat":"repeat","background-position":"center center","background-size":"auto","background-attachment":"scroll","background-type":"","background-media":"","overlay-type":"","overlay-color":"","overlay-opacity":"","overlay-gradient":""},"mobile":{"background-color":"","background-image":"","background-repeat":"repeat","background-position":"center center","background-size":"auto","background-attachment":"scroll","background-type":"","background-media":"","overlay-type":"","overlay-color":"","overlay-opacity":"","overlay-gradient":""}},"ast-content-background-meta":{"desktop":{"background-color":"var(--ast-global-color-5)","background-image":"","background-repeat":"repeat","background-position":"center center","background-size":"auto","background-attachment":"scroll","background-type":"","background-media":"","overlay-type":"","overlay-color":"","overlay-opacity":"","overlay-gradient":""},"tablet":{"background-color":"var(--ast-global-color-5)","background-image":"","background-repeat":"repeat","background-position":"center center","background-size":"auto","background-attachment":"scroll","background-type":"","background-media":"","overlay-type":"","overlay-color":"","overlay-opacity":"","overlay-gradient":""},"mobile":{"background-color":"var(--ast-global-color-5)","background-image":"","background-repeat":"repeat","background-position":"center center","background-size":"auto","background-attachment":"scroll","background-type":"","background-media":"","overlay-type":"","overlay-color":"","overlay-opacity":"","overlay-gradient":""}}},"pwb-brand":[5336],"product_brand":[],"product_cat":[3373,3546],"product_tag":[],"class_list":{"0":"post-78658","1":"product","2":"type-product","3":"status-publish","4":"has-post-thumbnail","6":"pwb-brand-little-dutch","7":"product_cat-3-anos","8":"product_cat-juego-simbolico","9":"desktop-align-left","10":"tablet-align-left","11":"mobile-align-left","13":"first","14":"instock","15":"taxable","16":"shipping-taxable","17":"purchasable","18":"product-type-simple"},"acf":[],"yoast_head":"<!-- This site is optimized with the Yoast SEO Premium plugin v18.3 (Yoast SEO v27.4) - https:\/\/yoast.com\/product\/yoast-seo-premium-wordpress\/ -->\n<title>Cocina de madera FSC color menta - Little Dutch &#8212; Som Llavors<\/title>\n<meta name=\"description\" content=\"\u00bfQu\u00e9 cocina el peque\u00f1o chef? Preparar los platos m\u00e1s deliciosos con esta adorable cocina de madera. Delaita a tu familia, tus mu\u00f1ecas favoritas o tus peluches con una comida casera. Con dos sartenes y una bater\u00eda de cocina podr\u00e1s convertirte en un m\u00e1ster chef.   La cocina ofrece todo lo que puedas imaginar. Puedes hornear un pastel en el horno, cocinar vegetales al fuego, no te olvides, l\u00e1vate las manos antes al fregadero. Adem\u00e1s tienes un set con sal y pimienta y un armario para guardar tu comida. Los ni\u00f1os peque\u00f1os quieren imitar a los adultos en sus rutinas diarias. Esta cocina ser\u00e1 un sue\u00f1o hecho realidad para los peque\u00f1os chefs. Inspira el juego simb\u00f3lico, la creatividad, las habilidades motoras y la imaginaci\u00f3n. Esta robusta cocina de madera en colores modernos crea una maravillosa \u00e1rea de juego en la habitaci\u00f3n de los ni\u00f1os pero puede quedarse genial en la sala tambi\u00e9n. Empar\u00e9jalo con la balanza y la tostadora.\" \/>\n<meta name=\"robots\" content=\"index, follow, max-snippet:-1, max-image-preview:large, max-video-preview:-1\" \/>\n<link rel=\"canonical\" href=\"https:\/\/somllavors.com\/es\/producte\/cocina-de-madera-fsc-color-menta-little-dutch\" \/>\n<meta property=\"og:locale\" content=\"es_ES\" \/>\n<meta property=\"og:type\" content=\"article\" \/>\n<meta property=\"og:title\" content=\"Cocina de madera FSC color menta - Little Dutch\" \/>\n<meta property=\"og:description\" content=\"La teva botiga d\u2019ecocrian\u00e7a i espai d\u2019acompanyament a la maternitat\" \/>\n<meta property=\"og:url\" content=\"https:\/\/somllavors.com\/es\/producte\/cocina-de-madera-fsc-color-menta-little-dutch\" \/>\n<meta property=\"og:site_name\" content=\"Som Llavors\" \/>\n<meta property=\"article:publisher\" content=\"https:\/\/www.facebook.com\/somllavorsvng\/?locale=ca_ES\" \/>\n<meta property=\"og:image\" content=\"https:\/\/somllavors.com\/wp-content\/uploads\/2025\/06\/T8KY00011960.jpg\" \/>\n\t<meta property=\"og:image:width\" content=\"1080\" \/>\n\t<meta property=\"og:image:height\" content=\"1080\" \/>\n\t<meta property=\"og:image:type\" content=\"image\/jpeg\" \/>\n<meta name=\"twitter:card\" content=\"summary_large_image\" \/>\n<meta name=\"twitter:label1\" content=\"Precio\" \/>\n\t<meta name=\"twitter:data1\" content=\"129,95&euro; Iva incl\u00f2s\" \/>\n\t<meta name=\"twitter:label2\" content=\"Availability\" \/>\n\t<meta name=\"twitter:data2\" content=\"Hay existencias\" \/>\n<script type=\"application\/ld+json\" class=\"yoast-schema-graph\">{\"@context\":\"https:\\\/\\\/schema.org\",\"@graph\":[{\"@type\":\"WebPage\",\"@id\":\"https:\\\/\\\/somllavors.com\\\/es\\\/producte\\\/cocina-de-madera-fsc-color-menta-little-dutch\",\"url\":\"https:\\\/\\\/somllavors.com\\\/es\\\/producte\\\/cocina-de-madera-fsc-color-menta-little-dutch\",\"name\":\"Cocina de madera FSC color menta - Little Dutch &#8212; Som Llavors\",\"isPartOf\":{\"@id\":\"https:\\\/\\\/somllavors.com\\\/es#website\"},\"primaryImageOfPage\":{\"@id\":\"https:\\\/\\\/somllavors.com\\\/es\\\/producte\\\/cocina-de-madera-fsc-color-menta-little-dutch#primaryimage\"},\"image\":{\"@id\":\"https:\\\/\\\/somllavors.com\\\/es\\\/producte\\\/cocina-de-madera-fsc-color-menta-little-dutch#primaryimage\"},\"thumbnailUrl\":\"https:\\\/\\\/somllavors.com\\\/wp-content\\\/uploads\\\/2025\\\/06\\\/T8KY00011960.jpg\",\"datePublished\":\"2025-06-02T08:27:58+00:00\",\"description\":\"\u00bfQu\u00e9 cocina el peque\u00f1o chef? Preparar los platos m\u00e1s deliciosos con esta adorable cocina de madera. Delaita a tu familia, tus mu\u00f1ecas favoritas o tus peluches con una comida casera. Con dos sartenes y una bater\u00eda de cocina podr\u00e1s convertirte en un m\u00e1ster chef. La cocina ofrece todo lo que puedas imaginar. Puedes hornear un pastel en el horno, cocinar vegetales al fuego, no te olvides, l\u00e1vate las manos antes al fregadero. Adem\u00e1s tienes un set con sal y pimienta y un armario para guardar tu comida. Los ni\u00f1os peque\u00f1os quieren imitar a los adultos en sus rutinas diarias. Esta cocina ser\u00e1 un sue\u00f1o hecho realidad para los peque\u00f1os chefs. Inspira el juego simb\u00f3lico, la creatividad, las habilidades motoras y la imaginaci\u00f3n. Esta robusta cocina de madera en colores modernos crea una maravillosa \u00e1rea de juego en la habitaci\u00f3n de los ni\u00f1os pero puede quedarse genial en la sala tambi\u00e9n. Empar\u00e9jalo con la balanza y la tostadora.\",\"breadcrumb\":{\"@id\":\"https:\\\/\\\/somllavors.com\\\/es\\\/producte\\\/cocina-de-madera-fsc-color-menta-little-dutch#breadcrumb\"},\"inLanguage\":\"es\",\"potentialAction\":[{\"@type\":\"ReadAction\",\"target\":[\"https:\\\/\\\/somllavors.com\\\/es\\\/producte\\\/cocina-de-madera-fsc-color-menta-little-dutch\"]}]},{\"@type\":\"ImageObject\",\"inLanguage\":\"es\",\"@id\":\"https:\\\/\\\/somllavors.com\\\/es\\\/producte\\\/cocina-de-madera-fsc-color-menta-little-dutch#primaryimage\",\"url\":\"https:\\\/\\\/somllavors.com\\\/wp-content\\\/uploads\\\/2025\\\/06\\\/T8KY00011960.jpg\",\"contentUrl\":\"https:\\\/\\\/somllavors.com\\\/wp-content\\\/uploads\\\/2025\\\/06\\\/T8KY00011960.jpg\",\"width\":1080,\"height\":1080,\"caption\":\"cuineta fusta little dutch\"},{\"@type\":\"BreadcrumbList\",\"@id\":\"https:\\\/\\\/somllavors.com\\\/es\\\/producte\\\/cocina-de-madera-fsc-color-menta-little-dutch#breadcrumb\",\"itemListElement\":[{\"@type\":\"ListItem\",\"position\":1,\"name\":\"Inici\",\"item\":\"https:\\\/\\\/somllavors.com\\\/es\"},{\"@type\":\"ListItem\",\"position\":2,\"name\":\"Tienda\",\"item\":\"https:\\\/\\\/somllavors.com\\\/es\\\/botiga-2\"},{\"@type\":\"ListItem\",\"position\":3,\"name\":\"Cocina de madera FSC color menta &#8211; Little Dutch\"}]},{\"@type\":\"WebSite\",\"@id\":\"https:\\\/\\\/somllavors.com\\\/es#website\",\"url\":\"https:\\\/\\\/somllavors.com\\\/es\",\"name\":\"Som Llavors\",\"description\":\"Botiga de crian\u00e7a natural\",\"publisher\":{\"@id\":\"https:\\\/\\\/somllavors.com\\\/es#organization\"},\"alternateName\":\"Crian\u00e7a Natural i Sostenible\",\"potentialAction\":[{\"@type\":\"SearchAction\",\"target\":{\"@type\":\"EntryPoint\",\"urlTemplate\":\"https:\\\/\\\/somllavors.com\\\/es?s={search_term_string}\"},\"query-input\":{\"@type\":\"PropertyValueSpecification\",\"valueRequired\":true,\"valueName\":\"search_term_string\"}}],\"inLanguage\":\"es\"},{\"@type\":[\"Organization\",\"Place\",\"Store\"],\"@id\":\"https:\\\/\\\/somllavors.com\\\/es#organization\",\"name\":\"Som Llavors\",\"alternateName\":\"Crian\u00e7a Natural i Sostenible\",\"url\":\"https:\\\/\\\/somllavors.com\\\/es\",\"logo\":{\"@id\":\"https:\\\/\\\/somllavors.com\\\/es\\\/producte\\\/cocina-de-madera-fsc-color-menta-little-dutch#local-main-organization-logo\"},\"image\":{\"@id\":\"https:\\\/\\\/somllavors.com\\\/es\\\/producte\\\/cocina-de-madera-fsc-color-menta-little-dutch#local-main-organization-logo\"},\"sameAs\":[\"https:\\\/\\\/www.facebook.com\\\/somllavorsvng\\\/?locale=ca_ES\",\"https:\\\/\\\/www.instagram.com\\\/somllavors_vng\\\/\",\"https:\\\/\\\/www.youtube.com\\\/@somllavors\"],\"address\":{\"@id\":\"https:\\\/\\\/somllavors.com\\\/es\\\/producte\\\/cocina-de-madera-fsc-color-menta-little-dutch#local-main-place-address\"},\"geo\":{\"@type\":\"GeoCoordinates\",\"latitude\":\"41.2257737\",\"longitude\":\"1.723258859\"},\"telephone\":[\"623152704\"],\"openingHoursSpecification\":[{\"@type\":\"OpeningHoursSpecification\",\"dayOfWeek\":[\"Monday\",\"Sunday\"],\"opens\":\"00:00\",\"closes\":\"00:00\"},{\"@type\":\"OpeningHoursSpecification\",\"dayOfWeek\":[\"Tuesday\",\"Wednesday\",\"Thursday\",\"Friday\"],\"opens\":\"10:00\",\"closes\":\"20:00\"},{\"@type\":\"OpeningHoursSpecification\",\"dayOfWeek\":[\"Saturday\"],\"opens\":\"10:00\",\"closes\":\"13:30\"}],\"email\":\"info@somllavors.com\"},{\"@type\":\"PostalAddress\",\"@id\":\"https:\\\/\\\/somllavors.com\\\/es\\\/producte\\\/cocina-de-madera-fsc-color-menta-little-dutch#local-main-place-address\",\"streetAddress\":\"Carrer de l'aigua, 6\",\"addressLocality\":\"Vilanova i la Geltr\u00fa\",\"postalCode\":\"08800\",\"addressRegion\":\"Barcelona\",\"addressCountry\":\"ES\"},{\"@type\":\"ImageObject\",\"inLanguage\":\"es\",\"@id\":\"https:\\\/\\\/somllavors.com\\\/es\\\/producte\\\/cocina-de-madera-fsc-color-menta-little-dutch#local-main-organization-logo\",\"url\":\"https:\\\/\\\/somllavors.com\\\/wp-content\\\/uploads\\\/Logotip-Som-Llavors.jpg\",\"contentUrl\":\"https:\\\/\\\/somllavors.com\\\/wp-content\\\/uploads\\\/Logotip-Som-Llavors.jpg\",\"width\":1444,\"height\":1323,\"caption\":\"Som Llavors\"}]}<\/script>\n<meta property=\"product:price:amount\" content=\"129.95\" \/>\n<meta property=\"product:price:currency\" content=\"EUR\" \/>\n<meta property=\"og:availability\" content=\"instock\" \/>\n<meta property=\"product:availability\" content=\"instock\" \/>\n<meta property=\"product:retailer_item_id\" content=\"LD7088\" \/>\n<meta property=\"product:condition\" content=\"new\" \/>\n<meta name=\"geo.placename\" content=\"Vilanova i la Geltr\u00fa\" \/>\n<meta name=\"geo.position\" content=\"41.2257737;1.723258859\" \/>\n<meta name=\"geo.region\" content=\"Espa\u00f1a\" \/>\n<!-- \/ Yoast SEO Premium plugin. -->","yoast_head_json":{"title":"Cocina de madera FSC color menta - Little Dutch &#8212; Som Llavors","description":"\u00bfQu\u00e9 cocina el peque\u00f1o chef? Preparar los platos m\u00e1s deliciosos con esta adorable cocina de madera. Delaita a tu familia, tus mu\u00f1ecas favoritas o tus peluches con una comida casera. Con dos sartenes y una bater\u00eda de cocina podr\u00e1s convertirte en un m\u00e1ster chef.   La cocina ofrece todo lo que puedas imaginar. Puedes hornear un pastel en el horno, cocinar vegetales al fuego, no te olvides, l\u00e1vate las manos antes al fregadero. Adem\u00e1s tienes un set con sal y pimienta y un armario para guardar tu comida. Los ni\u00f1os peque\u00f1os quieren imitar a los adultos en sus rutinas diarias. Esta cocina ser\u00e1 un sue\u00f1o hecho realidad para los peque\u00f1os chefs. Inspira el juego simb\u00f3lico, la creatividad, las habilidades motoras y la imaginaci\u00f3n. Esta robusta cocina de madera en colores modernos crea una maravillosa \u00e1rea de juego en la habitaci\u00f3n de los ni\u00f1os pero puede quedarse genial en la sala tambi\u00e9n. Empar\u00e9jalo con la balanza y la tostadora.","robots":{"index":"index","follow":"follow","max-snippet":"max-snippet:-1","max-image-preview":"max-image-preview:large","max-video-preview":"max-video-preview:-1"},"canonical":"https:\/\/somllavors.com\/es\/producte\/cocina-de-madera-fsc-color-menta-little-dutch","og_locale":"es_ES","og_type":"article","og_title":"Cocina de madera FSC color menta - Little Dutch","og_description":"La teva botiga d\u2019ecocrian\u00e7a i espai d\u2019acompanyament a la maternitat","og_url":"https:\/\/somllavors.com\/es\/producte\/cocina-de-madera-fsc-color-menta-little-dutch","og_site_name":"Som Llavors","article_publisher":"https:\/\/www.facebook.com\/somllavorsvng\/?locale=ca_ES","og_image":[{"width":1080,"height":1080,"url":"https:\/\/somllavors.com\/wp-content\/uploads\/2025\/06\/T8KY00011960.jpg","type":"image\/jpeg"}],"twitter_card":"summary_large_image","twitter_misc":{"Precio":"129,95&euro; Iva incl\u00f2s","Availability":"Hay existencias"},"schema":{"@context":"https:\/\/schema.org","@graph":[{"@type":"WebPage","@id":"https:\/\/somllavors.com\/es\/producte\/cocina-de-madera-fsc-color-menta-little-dutch","url":"https:\/\/somllavors.com\/es\/producte\/cocina-de-madera-fsc-color-menta-little-dutch","name":"Cocina de madera FSC color menta - Little Dutch &#8212; Som Llavors","isPartOf":{"@id":"https:\/\/somllavors.com\/es#website"},"primaryImageOfPage":{"@id":"https:\/\/somllavors.com\/es\/producte\/cocina-de-madera-fsc-color-menta-little-dutch#primaryimage"},"image":{"@id":"https:\/\/somllavors.com\/es\/producte\/cocina-de-madera-fsc-color-menta-little-dutch#primaryimage"},"thumbnailUrl":"https:\/\/somllavors.com\/wp-content\/uploads\/2025\/06\/T8KY00011960.jpg","datePublished":"2025-06-02T08:27:58+00:00","description":"\u00bfQu\u00e9 cocina el peque\u00f1o chef? Preparar los platos m\u00e1s deliciosos con esta adorable cocina de madera. Delaita a tu familia, tus mu\u00f1ecas favoritas o tus peluches con una comida casera. Con dos sartenes y una bater\u00eda de cocina podr\u00e1s convertirte en un m\u00e1ster chef. La cocina ofrece todo lo que puedas imaginar. Puedes hornear un pastel en el horno, cocinar vegetales al fuego, no te olvides, l\u00e1vate las manos antes al fregadero. Adem\u00e1s tienes un set con sal y pimienta y un armario para guardar tu comida. Los ni\u00f1os peque\u00f1os quieren imitar a los adultos en sus rutinas diarias. Esta cocina ser\u00e1 un sue\u00f1o hecho realidad para los peque\u00f1os chefs. Inspira el juego simb\u00f3lico, la creatividad, las habilidades motoras y la imaginaci\u00f3n. Esta robusta cocina de madera en colores modernos crea una maravillosa \u00e1rea de juego en la habitaci\u00f3n de los ni\u00f1os pero puede quedarse genial en la sala tambi\u00e9n. Empar\u00e9jalo con la balanza y la tostadora.","breadcrumb":{"@id":"https:\/\/somllavors.com\/es\/producte\/cocina-de-madera-fsc-color-menta-little-dutch#breadcrumb"},"inLanguage":"es","potentialAction":[{"@type":"ReadAction","target":["https:\/\/somllavors.com\/es\/producte\/cocina-de-madera-fsc-color-menta-little-dutch"]}]},{"@type":"ImageObject","inLanguage":"es","@id":"https:\/\/somllavors.com\/es\/producte\/cocina-de-madera-fsc-color-menta-little-dutch#primaryimage","url":"https:\/\/somllavors.com\/wp-content\/uploads\/2025\/06\/T8KY00011960.jpg","contentUrl":"https:\/\/somllavors.com\/wp-content\/uploads\/2025\/06\/T8KY00011960.jpg","width":1080,"height":1080,"caption":"cuineta fusta little dutch"},{"@type":"BreadcrumbList","@id":"https:\/\/somllavors.com\/es\/producte\/cocina-de-madera-fsc-color-menta-little-dutch#breadcrumb","itemListElement":[{"@type":"ListItem","position":1,"name":"Inici","item":"https:\/\/somllavors.com\/es"},{"@type":"ListItem","position":2,"name":"Tienda","item":"https:\/\/somllavors.com\/es\/botiga-2"},{"@type":"ListItem","position":3,"name":"Cocina de madera FSC color menta &#8211; Little Dutch"}]},{"@type":"WebSite","@id":"https:\/\/somllavors.com\/es#website","url":"https:\/\/somllavors.com\/es","name":"Som Llavors","description":"Botiga de crian\u00e7a natural","publisher":{"@id":"https:\/\/somllavors.com\/es#organization"},"alternateName":"Crian\u00e7a Natural i Sostenible","potentialAction":[{"@type":"SearchAction","target":{"@type":"EntryPoint","urlTemplate":"https:\/\/somllavors.com\/es?s={search_term_string}"},"query-input":{"@type":"PropertyValueSpecification","valueRequired":true,"valueName":"search_term_string"}}],"inLanguage":"es"},{"@type":["Organization","Place","Store"],"@id":"https:\/\/somllavors.com\/es#organization","name":"Som Llavors","alternateName":"Crian\u00e7a Natural i Sostenible","url":"https:\/\/somllavors.com\/es","logo":{"@id":"https:\/\/somllavors.com\/es\/producte\/cocina-de-madera-fsc-color-menta-little-dutch#local-main-organization-logo"},"image":{"@id":"https:\/\/somllavors.com\/es\/producte\/cocina-de-madera-fsc-color-menta-little-dutch#local-main-organization-logo"},"sameAs":["https:\/\/www.facebook.com\/somllavorsvng\/?locale=ca_ES","https:\/\/www.instagram.com\/somllavors_vng\/","https:\/\/www.youtube.com\/@somllavors"],"address":{"@id":"https:\/\/somllavors.com\/es\/producte\/cocina-de-madera-fsc-color-menta-little-dutch#local-main-place-address"},"geo":{"@type":"GeoCoordinates","latitude":"41.2257737","longitude":"1.723258859"},"telephone":["623152704","623152704"],"openingHoursSpecification":[{"@type":"OpeningHoursSpecification","dayOfWeek":["Monday","Sunday"],"opens":"00:00","closes":"00:00"},{"@type":"OpeningHoursSpecification","dayOfWeek":["Tuesday","Wednesday","Thursday","Friday"],"opens":"10:00","closes":"20:00"},{"@type":"OpeningHoursSpecification","dayOfWeek":["Saturday"],"opens":"10:00","closes":"13:30"}],"email":"info@somllavors.com"},{"@type":"PostalAddress","@id":"https:\/\/somllavors.com\/es\/producte\/cocina-de-madera-fsc-color-menta-little-dutch#local-main-place-address","streetAddress":"Carrer de l'aigua, 6","addressLocality":"Vilanova i la Geltr\u00fa","postalCode":"08800","addressRegion":"Barcelona","addressCountry":"ES"},{"@type":"ImageObject","inLanguage":"es","@id":"https:\/\/somllavors.com\/es\/producte\/cocina-de-madera-fsc-color-menta-little-dutch#local-main-organization-logo","url":"https:\/\/somllavors.com\/wp-content\/uploads\/Logotip-Som-Llavors.jpg","contentUrl":"https:\/\/somllavors.com\/wp-content\/uploads\/Logotip-Som-Llavors.jpg","width":1444,"height":1323,"caption":"Som Llavors"}]},"product_price_amount":"129.95","product_price_currency":"EUR","og_availability":"instock","product_availability":"instock","product_retailer_item_id":"LD7088","product_condition":"new","geo.placename":"Vilanova i la Geltr\u00fa","geo.position":{"lat":"41.2257737","long":"1.723258859"},"geo.region":"Espa\u00f1a"},"brands":[{"id":5336,"name":"Little Dutch","slug":"little-dutch"}],"_links":{"self":[{"href":"https:\/\/somllavors.com\/es\/wp-json\/wp\/v2\/product\/78658","targetHints":{"allow":["GET"]}}],"collection":[{"href":"https:\/\/somllavors.com\/es\/wp-json\/wp\/v2\/product"}],"about":[{"href":"https:\/\/somllavors.com\/es\/wp-json\/wp\/v2\/types\/product"}],"wp:featuredmedia":[{"embeddable":true,"href":"https:\/\/somllavors.com\/es\/wp-json\/wp\/v2\/media\/78557"}],"wp:attachment":[{"href":"https:\/\/somllavors.com\/es\/wp-json\/wp\/v2\/media?parent=78658"}],"wp:term":[{"taxonomy":"pwb-brand","embeddable":true,"href":"https:\/\/somllavors.com\/es\/wp-json\/wp\/v2\/pwb-brand?post=78658"},{"taxonomy":"product_brand","embeddable":true,"href":"https:\/\/somllavors.com\/es\/wp-json\/wp\/v2\/product_brand?post=78658"},{"taxonomy":"product_cat","embeddable":true,"href":"https:\/\/somllavors.com\/es\/wp-json\/wp\/v2\/product_cat?post=78658"},{"taxonomy":"product_tag","embeddable":true,"href":"https:\/\/somllavors.com\/es\/wp-json\/wp\/v2\/product_tag?post=78658"}],"curies":[{"name":"wp","href":"https:\/\/api.w.org\/{rel}","templated":true}]}}