{"id":78904,"date":"2025-06-05T13:23:24","date_gmt":"2025-06-05T11:23:24","guid":{"rendered":"https:\/\/somllavors.com\/producto\/calienta-biberones-y-esterilizador-warmy-advanced-miniland-2\/"},"modified":"2025-06-05T13:23:24","modified_gmt":"2025-06-05T11:23:24","slug":"calienta-biberones-y-esterilizador-warmy-advanced-miniland-2","status":"publish","type":"product","link":"https:\/\/somllavors.com\/es\/producte\/calienta-biberones-y-esterilizador-warmy-advanced-miniland-2","title":{"rendered":"Calienta biberones y esterilizador warmy advanced &#8211; Miniland"},"content":{"rendered":"<h3>El calienta biberones y esterilizador digital m\u00e1s avanzado<\/h3>\n<p>&nbsp;<\/p>\n<p>Este calienta biberones es el \u00fanico producto del mercado que calcula autom\u00e1ticamente el tiempo de funcionamiento necesario a partir del tipo de comida, tama\u00f1o y temperatura inicial, consiguiendo un calentamiento r\u00e1pido, uniforme y la temperatura apropiada.<\/p>\n<h4>\nNo requiere medida de agua<\/h4>\n<p>Con warmy advanced no ser\u00e1 necesario calcular la cantidad de agua que depositamos en el dispositivo. Independientemente del tama\u00f1o y temperatura del biber\u00f3n o patito, los padres s\u00f3lo tendr\u00e1n que a\u00f1adir agua hasta el nivel indicado en el propio aparato. <\/p>\n<h4>\nTodo siempre bajo control con un manejo f\u00e1cil e intuitivo<\/h4>\n<p>&nbsp;<\/p>\n<p>Su pantalla retro iluminada intuitiva va guiando paso a paso en la elecci\u00f3n de la opci\u00f3n deseada, mostrando siempre toda la informaci\u00f3n del proceso resultando muy sencillo y r\u00e1pido de utilizar.<\/p>\n<h4>\nCalienta biberones y potitos de forma natural<\/h4>\n<p>Calienta y esteriliza de forma natural utilizando vapor de agua a alta temperatura, por tanto, tambi\u00e9n est\u00e1 indicado para el calentamiento de leche materna.<\/p>\n<h4>\nF\u00e1cil esterilizaci\u00f3n en el mismo dispositivo<\/h4>\n<p>warmy advanced permite esterilizar un biber\u00f3n y otros accesorios en el mismo dispositivo donde se realiza el calentamiento.<\/p>\n<h4>\nCalienta biberones y potitos para casa y coche<\/h4>\n<p>Se puede utilizar en casa y en el coche, gracias al adaptador incluido.<\/p>\n<h4>\nExclusiva campana de trit\u00e1n sin bpa<\/h4>\n<p>La campana de trit\u00e1n transparente es altamente resistente y de gran durabilidad. warmy advanced est\u00e1 fabricado sin BPA. <\/p>\n<h4>\nPermite programar la pr\u00f3xima toma de la noche antes de acostarse<\/h4>\n<p>warmy advanced permite programar dentro de cu\u00e1ntas horas empezar\u00e1 a calentarse la siguiente toma, de modo que los padres puedan descansar m\u00e1s pl\u00e1cidamente sabiendo que el biber\u00f3n estar\u00e1 listo cuando lo necesite.<\/p>\n<h4>\nAvisos visuales y sonoros, y m\u00e1xima seguridad<\/h4>\n<p>Un aviso visual y sonoro indica cu\u00e1ndo se ha terminado el calentamiento o cu\u00e1ndo se ha agotado el agua, desconect\u00e1ndose autom\u00e1ticamente.<\/p>\n","protected":false},"excerpt":{"rendered":"<p>Inteligente, todo en uno. Para casa y coche. warmy advanced le permite calentar y esterilizar biberones de forma natural utilizando vapor de agua a alta temperatura.<br \/>Tambi\u00e9n permite calentar leche materna y biberones, esterilizar accesorios y descongelar. Adem\u00e1s calcula autom\u00e1ticamente el tiempo de funcionamiento necesario a partir de la temperatura inicial, el tipo y el volumen de alimento que quieras preparar para conseguir un calentamiento r\u00e1pido, uniforme y la temperatura apropiada. Incluye tambi\u00e9n adaptador para utilizar en el coche.     <\/p>\n","protected":false},"featured_media":78801,"template":"","meta":{"_acf_changed":false,"site-sidebar-layout":"default","site-content-layout":"","ast-site-content-layout":"default","site-content-style":"default","site-sidebar-style":"default","ast-global-header-display":"","ast-banner-title-visibility":"","ast-main-header-display":"","ast-hfb-above-header-display":"","ast-hfb-below-header-display":"","ast-hfb-mobile-header-display":"","site-post-title":"","ast-breadcrumbs-content":"","ast-featured-img":"","footer-sml-layout":"","ast-disable-related-posts":"","theme-transparent-header-meta":"default","adv-header-id-meta":"","stick-header-meta":"","header-above-stick-meta":"","header-main-stick-meta":"","header-below-stick-meta":"","astra-migrate-meta-layouts":"default","ast-page-background-enabled":"default","ast-page-background-meta":{"desktop":{"background-color":"","background-image":"","background-repeat":"repeat","background-position":"center center","background-size":"auto","background-attachment":"scroll","background-type":"","background-media":"","overlay-type":"","overlay-color":"","overlay-opacity":"","overlay-gradient":""},"tablet":{"background-color":"","background-image":"","background-repeat":"repeat","background-position":"center center","background-size":"auto","background-attachment":"scroll","background-type":"","background-media":"","overlay-type":"","overlay-color":"","overlay-opacity":"","overlay-gradient":""},"mobile":{"background-color":"","background-image":"","background-repeat":"repeat","background-position":"center center","background-size":"auto","background-attachment":"scroll","background-type":"","background-media":"","overlay-type":"","overlay-color":"","overlay-opacity":"","overlay-gradient":""}},"ast-content-background-meta":{"desktop":{"background-color":"var(--ast-global-color-5)","background-image":"","background-repeat":"repeat","background-position":"center center","background-size":"auto","background-attachment":"scroll","background-type":"","background-media":"","overlay-type":"","overlay-color":"","overlay-opacity":"","overlay-gradient":""},"tablet":{"background-color":"var(--ast-global-color-5)","background-image":"","background-repeat":"repeat","background-position":"center center","background-size":"auto","background-attachment":"scroll","background-type":"","background-media":"","overlay-type":"","overlay-color":"","overlay-opacity":"","overlay-gradient":""},"mobile":{"background-color":"var(--ast-global-color-5)","background-image":"","background-repeat":"repeat","background-position":"center center","background-size":"auto","background-attachment":"scroll","background-type":"","background-media":"","overlay-type":"","overlay-color":"","overlay-opacity":"","overlay-gradient":""}}},"pwb-brand":[4328],"product_brand":[],"product_cat":[4825],"product_tag":[],"class_list":{"0":"post-78904","1":"product","2":"type-product","3":"status-publish","4":"has-post-thumbnail","6":"pwb-brand-miniland","7":"product_cat-calienta-biberones","8":"desktop-align-left","9":"tablet-align-left","10":"mobile-align-left","12":"first","13":"outofstock","14":"taxable","15":"shipping-taxable","16":"purchasable","17":"product-type-simple"},"acf":[],"yoast_head":"<!-- This site is optimized with the Yoast SEO Premium plugin v18.3 (Yoast SEO v27.4) - https:\/\/yoast.com\/product\/yoast-seo-premium-wordpress\/ -->\n<title>Calienta biberones y esterilizador warmy advanced - Miniland &#8212; Som Llavors<\/title>\n<meta name=\"description\" content=\"Inteligente, todo en uno. Para casa y coche. warmy advanced le permite calentar y esterilizar biberones de forma natural utilizando vapor de agua a alta temperatura.Tambi\u00e9n permite calentar leche materna y biberones, esterilizar accesorios y descongelar. Adem\u00e1s calcula autom\u00e1ticamente el tiempo de funcionamiento necesario a partir de la temperatura inicial, el tipo y el volumen de alimento que quieras preparar para conseguir un calentamiento r\u00e1pido, uniforme y la temperatura apropiada. Incluye tambi\u00e9n adaptador para utilizar en el coche.\" \/>\n<meta name=\"robots\" content=\"index, follow, max-snippet:-1, max-image-preview:large, max-video-preview:-1\" \/>\n<link rel=\"canonical\" href=\"https:\/\/somllavors.com\/es\/producte\/calienta-biberones-y-esterilizador-warmy-advanced-miniland-2\" \/>\n<meta property=\"og:locale\" content=\"es_ES\" \/>\n<meta property=\"og:type\" content=\"article\" \/>\n<meta property=\"og:title\" content=\"Calienta biberones y esterilizador warmy advanced - Miniland\" \/>\n<meta property=\"og:description\" content=\"La teva botiga d\u2019ecocrian\u00e7a i espai d\u2019acompanyament a la maternitat\" \/>\n<meta property=\"og:url\" content=\"https:\/\/somllavors.com\/es\/producte\/calienta-biberones-y-esterilizador-warmy-advanced-miniland-2\" \/>\n<meta property=\"og:site_name\" content=\"Som Llavors\" \/>\n<meta property=\"article:publisher\" content=\"https:\/\/www.facebook.com\/somllavorsvng\/?locale=ca_ES\" \/>\n<meta property=\"og:image\" content=\"https:\/\/somllavors.com\/wp-content\/uploads\/2025\/06\/5005089150_3.webp\" \/>\n\t<meta property=\"og:image:width\" content=\"1200\" \/>\n\t<meta property=\"og:image:height\" content=\"1200\" \/>\n\t<meta property=\"og:image:type\" content=\"image\/webp\" \/>\n<meta name=\"twitter:card\" content=\"summary_large_image\" \/>\n<meta name=\"twitter:label1\" content=\"Precio\" \/>\n\t<meta name=\"twitter:data1\" content=\"59,90&euro; Iva incl\u00f2s\" \/>\n\t<meta name=\"twitter:label2\" content=\"Availability\" \/>\n\t<meta name=\"twitter:data2\" content=\"Out of stock\" \/>\n<script type=\"application\/ld+json\" class=\"yoast-schema-graph\">{\"@context\":\"https:\\\/\\\/schema.org\",\"@graph\":[{\"@type\":\"WebPage\",\"@id\":\"https:\\\/\\\/somllavors.com\\\/es\\\/producte\\\/calienta-biberones-y-esterilizador-warmy-advanced-miniland-2\",\"url\":\"https:\\\/\\\/somllavors.com\\\/es\\\/producte\\\/calienta-biberones-y-esterilizador-warmy-advanced-miniland-2\",\"name\":\"Calienta biberones y esterilizador warmy advanced - Miniland &#8212; Som Llavors\",\"isPartOf\":{\"@id\":\"https:\\\/\\\/somllavors.com\\\/es#website\"},\"primaryImageOfPage\":{\"@id\":\"https:\\\/\\\/somllavors.com\\\/es\\\/producte\\\/calienta-biberones-y-esterilizador-warmy-advanced-miniland-2#primaryimage\"},\"image\":{\"@id\":\"https:\\\/\\\/somllavors.com\\\/es\\\/producte\\\/calienta-biberones-y-esterilizador-warmy-advanced-miniland-2#primaryimage\"},\"thumbnailUrl\":\"https:\\\/\\\/somllavors.com\\\/wp-content\\\/uploads\\\/2025\\\/06\\\/5005089150_3.webp\",\"datePublished\":\"2025-06-05T11:23:24+00:00\",\"description\":\"Inteligente, todo en uno. Para casa y coche. warmy advanced le permite calentar y esterilizar biberones de forma natural utilizando vapor de agua a alta temperatura.Tambi\u00e9n permite calentar leche materna y biberones, esterilizar accesorios y descongelar. Adem\u00e1s calcula autom\u00e1ticamente el tiempo de funcionamiento necesario a partir de la temperatura inicial, el tipo y el volumen de alimento que quieras preparar para conseguir un calentamiento r\u00e1pido, uniforme y la temperatura apropiada. Incluye tambi\u00e9n adaptador para utilizar en el coche.\",\"breadcrumb\":{\"@id\":\"https:\\\/\\\/somllavors.com\\\/es\\\/producte\\\/calienta-biberones-y-esterilizador-warmy-advanced-miniland-2#breadcrumb\"},\"inLanguage\":\"es\",\"potentialAction\":[{\"@type\":\"ReadAction\",\"target\":[\"https:\\\/\\\/somllavors.com\\\/es\\\/producte\\\/calienta-biberones-y-esterilizador-warmy-advanced-miniland-2\"]}]},{\"@type\":\"ImageObject\",\"inLanguage\":\"es\",\"@id\":\"https:\\\/\\\/somllavors.com\\\/es\\\/producte\\\/calienta-biberones-y-esterilizador-warmy-advanced-miniland-2#primaryimage\",\"url\":\"https:\\\/\\\/somllavors.com\\\/wp-content\\\/uploads\\\/2025\\\/06\\\/5005089150_3.webp\",\"contentUrl\":\"https:\\\/\\\/somllavors.com\\\/wp-content\\\/uploads\\\/2025\\\/06\\\/5005089150_3.webp\",\"width\":1200,\"height\":1200,\"caption\":\"escalfa biberons esterilitzador miniland\"},{\"@type\":\"BreadcrumbList\",\"@id\":\"https:\\\/\\\/somllavors.com\\\/es\\\/producte\\\/calienta-biberones-y-esterilizador-warmy-advanced-miniland-2#breadcrumb\",\"itemListElement\":[{\"@type\":\"ListItem\",\"position\":1,\"name\":\"Inici\",\"item\":\"https:\\\/\\\/somllavors.com\\\/es\"},{\"@type\":\"ListItem\",\"position\":2,\"name\":\"Tienda\",\"item\":\"https:\\\/\\\/somllavors.com\\\/es\\\/botiga-2\"},{\"@type\":\"ListItem\",\"position\":3,\"name\":\"Calienta biberones y esterilizador warmy advanced &#8211; Miniland\"}]},{\"@type\":\"WebSite\",\"@id\":\"https:\\\/\\\/somllavors.com\\\/es#website\",\"url\":\"https:\\\/\\\/somllavors.com\\\/es\",\"name\":\"Som Llavors\",\"description\":\"Botiga de crian\u00e7a natural\",\"publisher\":{\"@id\":\"https:\\\/\\\/somllavors.com\\\/es#organization\"},\"alternateName\":\"Crian\u00e7a Natural i Sostenible\",\"potentialAction\":[{\"@type\":\"SearchAction\",\"target\":{\"@type\":\"EntryPoint\",\"urlTemplate\":\"https:\\\/\\\/somllavors.com\\\/es?s={search_term_string}\"},\"query-input\":{\"@type\":\"PropertyValueSpecification\",\"valueRequired\":true,\"valueName\":\"search_term_string\"}}],\"inLanguage\":\"es\"},{\"@type\":[\"Organization\",\"Place\",\"Store\"],\"@id\":\"https:\\\/\\\/somllavors.com\\\/es#organization\",\"name\":\"Som Llavors\",\"alternateName\":\"Crian\u00e7a Natural i Sostenible\",\"url\":\"https:\\\/\\\/somllavors.com\\\/es\",\"logo\":{\"@id\":\"https:\\\/\\\/somllavors.com\\\/es\\\/producte\\\/calienta-biberones-y-esterilizador-warmy-advanced-miniland-2#local-main-organization-logo\"},\"image\":{\"@id\":\"https:\\\/\\\/somllavors.com\\\/es\\\/producte\\\/calienta-biberones-y-esterilizador-warmy-advanced-miniland-2#local-main-organization-logo\"},\"sameAs\":[\"https:\\\/\\\/www.facebook.com\\\/somllavorsvng\\\/?locale=ca_ES\",\"https:\\\/\\\/www.instagram.com\\\/somllavors_vng\\\/\",\"https:\\\/\\\/www.youtube.com\\\/@somllavors\"],\"address\":{\"@id\":\"https:\\\/\\\/somllavors.com\\\/es\\\/producte\\\/calienta-biberones-y-esterilizador-warmy-advanced-miniland-2#local-main-place-address\"},\"geo\":{\"@type\":\"GeoCoordinates\",\"latitude\":\"41.2257737\",\"longitude\":\"1.723258859\"},\"telephone\":[\"623152704\"],\"openingHoursSpecification\":[{\"@type\":\"OpeningHoursSpecification\",\"dayOfWeek\":[\"Monday\",\"Sunday\"],\"opens\":\"00:00\",\"closes\":\"00:00\"},{\"@type\":\"OpeningHoursSpecification\",\"dayOfWeek\":[\"Tuesday\",\"Wednesday\",\"Thursday\",\"Friday\"],\"opens\":\"10:00\",\"closes\":\"20:00\"},{\"@type\":\"OpeningHoursSpecification\",\"dayOfWeek\":[\"Saturday\"],\"opens\":\"10:00\",\"closes\":\"13:30\"}],\"email\":\"info@somllavors.com\"},{\"@type\":\"PostalAddress\",\"@id\":\"https:\\\/\\\/somllavors.com\\\/es\\\/producte\\\/calienta-biberones-y-esterilizador-warmy-advanced-miniland-2#local-main-place-address\",\"streetAddress\":\"Carrer de l'aigua, 6\",\"addressLocality\":\"Vilanova i la Geltr\u00fa\",\"postalCode\":\"08800\",\"addressRegion\":\"Barcelona\",\"addressCountry\":\"ES\"},{\"@type\":\"ImageObject\",\"inLanguage\":\"es\",\"@id\":\"https:\\\/\\\/somllavors.com\\\/es\\\/producte\\\/calienta-biberones-y-esterilizador-warmy-advanced-miniland-2#local-main-organization-logo\",\"url\":\"https:\\\/\\\/somllavors.com\\\/wp-content\\\/uploads\\\/Logotip-Som-Llavors.jpg\",\"contentUrl\":\"https:\\\/\\\/somllavors.com\\\/wp-content\\\/uploads\\\/Logotip-Som-Llavors.jpg\",\"width\":1444,\"height\":1323,\"caption\":\"Som Llavors\"}]}<\/script>\n<meta property=\"product:price:amount\" content=\"59.90\" \/>\n<meta property=\"product:price:currency\" content=\"EUR\" \/>\n<meta property=\"og:availability\" content=\"out of stock\" \/>\n<meta property=\"product:availability\" content=\"out of stock\" \/>\n<meta property=\"product:condition\" content=\"new\" \/>\n<meta name=\"geo.placename\" content=\"Vilanova i la Geltr\u00fa\" \/>\n<meta name=\"geo.position\" content=\"41.2257737;1.723258859\" \/>\n<meta name=\"geo.region\" content=\"Espa\u00f1a\" \/>\n<!-- \/ Yoast SEO Premium plugin. -->","yoast_head_json":{"title":"Calienta biberones y esterilizador warmy advanced - Miniland &#8212; Som Llavors","description":"Inteligente, todo en uno. Para casa y coche. warmy advanced le permite calentar y esterilizar biberones de forma natural utilizando vapor de agua a alta temperatura.Tambi\u00e9n permite calentar leche materna y biberones, esterilizar accesorios y descongelar. Adem\u00e1s calcula autom\u00e1ticamente el tiempo de funcionamiento necesario a partir de la temperatura inicial, el tipo y el volumen de alimento que quieras preparar para conseguir un calentamiento r\u00e1pido, uniforme y la temperatura apropiada. Incluye tambi\u00e9n adaptador para utilizar en el coche.","robots":{"index":"index","follow":"follow","max-snippet":"max-snippet:-1","max-image-preview":"max-image-preview:large","max-video-preview":"max-video-preview:-1"},"canonical":"https:\/\/somllavors.com\/es\/producte\/calienta-biberones-y-esterilizador-warmy-advanced-miniland-2","og_locale":"es_ES","og_type":"article","og_title":"Calienta biberones y esterilizador warmy advanced - Miniland","og_description":"La teva botiga d\u2019ecocrian\u00e7a i espai d\u2019acompanyament a la maternitat","og_url":"https:\/\/somllavors.com\/es\/producte\/calienta-biberones-y-esterilizador-warmy-advanced-miniland-2","og_site_name":"Som Llavors","article_publisher":"https:\/\/www.facebook.com\/somllavorsvng\/?locale=ca_ES","og_image":[{"width":1200,"height":1200,"url":"https:\/\/somllavors.com\/wp-content\/uploads\/2025\/06\/5005089150_3.webp","type":"image\/webp"}],"twitter_card":"summary_large_image","twitter_misc":{"Precio":"59,90&euro; Iva incl\u00f2s","Availability":"Out of stock"},"schema":{"@context":"https:\/\/schema.org","@graph":[{"@type":"WebPage","@id":"https:\/\/somllavors.com\/es\/producte\/calienta-biberones-y-esterilizador-warmy-advanced-miniland-2","url":"https:\/\/somllavors.com\/es\/producte\/calienta-biberones-y-esterilizador-warmy-advanced-miniland-2","name":"Calienta biberones y esterilizador warmy advanced - Miniland &#8212; Som Llavors","isPartOf":{"@id":"https:\/\/somllavors.com\/es#website"},"primaryImageOfPage":{"@id":"https:\/\/somllavors.com\/es\/producte\/calienta-biberones-y-esterilizador-warmy-advanced-miniland-2#primaryimage"},"image":{"@id":"https:\/\/somllavors.com\/es\/producte\/calienta-biberones-y-esterilizador-warmy-advanced-miniland-2#primaryimage"},"thumbnailUrl":"https:\/\/somllavors.com\/wp-content\/uploads\/2025\/06\/5005089150_3.webp","datePublished":"2025-06-05T11:23:24+00:00","description":"Inteligente, todo en uno. Para casa y coche. warmy advanced le permite calentar y esterilizar biberones de forma natural utilizando vapor de agua a alta temperatura.Tambi\u00e9n permite calentar leche materna y biberones, esterilizar accesorios y descongelar. Adem\u00e1s calcula autom\u00e1ticamente el tiempo de funcionamiento necesario a partir de la temperatura inicial, el tipo y el volumen de alimento que quieras preparar para conseguir un calentamiento r\u00e1pido, uniforme y la temperatura apropiada. Incluye tambi\u00e9n adaptador para utilizar en el coche.","breadcrumb":{"@id":"https:\/\/somllavors.com\/es\/producte\/calienta-biberones-y-esterilizador-warmy-advanced-miniland-2#breadcrumb"},"inLanguage":"es","potentialAction":[{"@type":"ReadAction","target":["https:\/\/somllavors.com\/es\/producte\/calienta-biberones-y-esterilizador-warmy-advanced-miniland-2"]}]},{"@type":"ImageObject","inLanguage":"es","@id":"https:\/\/somllavors.com\/es\/producte\/calienta-biberones-y-esterilizador-warmy-advanced-miniland-2#primaryimage","url":"https:\/\/somllavors.com\/wp-content\/uploads\/2025\/06\/5005089150_3.webp","contentUrl":"https:\/\/somllavors.com\/wp-content\/uploads\/2025\/06\/5005089150_3.webp","width":1200,"height":1200,"caption":"escalfa biberons esterilitzador miniland"},{"@type":"BreadcrumbList","@id":"https:\/\/somllavors.com\/es\/producte\/calienta-biberones-y-esterilizador-warmy-advanced-miniland-2#breadcrumb","itemListElement":[{"@type":"ListItem","position":1,"name":"Inici","item":"https:\/\/somllavors.com\/es"},{"@type":"ListItem","position":2,"name":"Tienda","item":"https:\/\/somllavors.com\/es\/botiga-2"},{"@type":"ListItem","position":3,"name":"Calienta biberones y esterilizador warmy advanced &#8211; Miniland"}]},{"@type":"WebSite","@id":"https:\/\/somllavors.com\/es#website","url":"https:\/\/somllavors.com\/es","name":"Som Llavors","description":"Botiga de crian\u00e7a natural","publisher":{"@id":"https:\/\/somllavors.com\/es#organization"},"alternateName":"Crian\u00e7a Natural i Sostenible","potentialAction":[{"@type":"SearchAction","target":{"@type":"EntryPoint","urlTemplate":"https:\/\/somllavors.com\/es?s={search_term_string}"},"query-input":{"@type":"PropertyValueSpecification","valueRequired":true,"valueName":"search_term_string"}}],"inLanguage":"es"},{"@type":["Organization","Place","Store"],"@id":"https:\/\/somllavors.com\/es#organization","name":"Som Llavors","alternateName":"Crian\u00e7a Natural i Sostenible","url":"https:\/\/somllavors.com\/es","logo":{"@id":"https:\/\/somllavors.com\/es\/producte\/calienta-biberones-y-esterilizador-warmy-advanced-miniland-2#local-main-organization-logo"},"image":{"@id":"https:\/\/somllavors.com\/es\/producte\/calienta-biberones-y-esterilizador-warmy-advanced-miniland-2#local-main-organization-logo"},"sameAs":["https:\/\/www.facebook.com\/somllavorsvng\/?locale=ca_ES","https:\/\/www.instagram.com\/somllavors_vng\/","https:\/\/www.youtube.com\/@somllavors"],"address":{"@id":"https:\/\/somllavors.com\/es\/producte\/calienta-biberones-y-esterilizador-warmy-advanced-miniland-2#local-main-place-address"},"geo":{"@type":"GeoCoordinates","latitude":"41.2257737","longitude":"1.723258859"},"telephone":["623152704","623152704"],"openingHoursSpecification":[{"@type":"OpeningHoursSpecification","dayOfWeek":["Monday","Sunday"],"opens":"00:00","closes":"00:00"},{"@type":"OpeningHoursSpecification","dayOfWeek":["Tuesday","Wednesday","Thursday","Friday"],"opens":"10:00","closes":"20:00"},{"@type":"OpeningHoursSpecification","dayOfWeek":["Saturday"],"opens":"10:00","closes":"13:30"}],"email":"info@somllavors.com"},{"@type":"PostalAddress","@id":"https:\/\/somllavors.com\/es\/producte\/calienta-biberones-y-esterilizador-warmy-advanced-miniland-2#local-main-place-address","streetAddress":"Carrer de l'aigua, 6","addressLocality":"Vilanova i la Geltr\u00fa","postalCode":"08800","addressRegion":"Barcelona","addressCountry":"ES"},{"@type":"ImageObject","inLanguage":"es","@id":"https:\/\/somllavors.com\/es\/producte\/calienta-biberones-y-esterilizador-warmy-advanced-miniland-2#local-main-organization-logo","url":"https:\/\/somllavors.com\/wp-content\/uploads\/Logotip-Som-Llavors.jpg","contentUrl":"https:\/\/somllavors.com\/wp-content\/uploads\/Logotip-Som-Llavors.jpg","width":1444,"height":1323,"caption":"Som Llavors"}]},"product_price_amount":"59.90","product_price_currency":"EUR","og_availability":"out of stock","product_availability":"out of stock","product_condition":"new","geo.placename":"Vilanova i la Geltr\u00fa","geo.position":{"lat":"41.2257737","long":"1.723258859"},"geo.region":"Espa\u00f1a"},"brands":[{"id":4328,"name":"Miniland","slug":"miniland"}],"_links":{"self":[{"href":"https:\/\/somllavors.com\/es\/wp-json\/wp\/v2\/product\/78904","targetHints":{"allow":["GET"]}}],"collection":[{"href":"https:\/\/somllavors.com\/es\/wp-json\/wp\/v2\/product"}],"about":[{"href":"https:\/\/somllavors.com\/es\/wp-json\/wp\/v2\/types\/product"}],"wp:featuredmedia":[{"embeddable":true,"href":"https:\/\/somllavors.com\/es\/wp-json\/wp\/v2\/media\/78801"}],"wp:attachment":[{"href":"https:\/\/somllavors.com\/es\/wp-json\/wp\/v2\/media?parent=78904"}],"wp:term":[{"taxonomy":"pwb-brand","embeddable":true,"href":"https:\/\/somllavors.com\/es\/wp-json\/wp\/v2\/pwb-brand?post=78904"},{"taxonomy":"product_brand","embeddable":true,"href":"https:\/\/somllavors.com\/es\/wp-json\/wp\/v2\/product_brand?post=78904"},{"taxonomy":"product_cat","embeddable":true,"href":"https:\/\/somllavors.com\/es\/wp-json\/wp\/v2\/product_cat?post=78904"},{"taxonomy":"product_tag","embeddable":true,"href":"https:\/\/somllavors.com\/es\/wp-json\/wp\/v2\/product_tag?post=78904"}],"curies":[{"name":"wp","href":"https:\/\/api.w.org\/{rel}","templated":true}]}}