{"id":78911,"date":"2025-06-04T09:23:05","date_gmt":"2025-06-04T07:23:05","guid":{"rendered":"https:\/\/somllavors.com\/producto\/auriculares-inalambricos-quinn-peach-sea-shell-liewood\/"},"modified":"2025-08-23T18:34:58","modified_gmt":"2025-08-23T16:34:58","slug":"auriculares-inalambricos-quinn-peach-sea-shell-liewood","status":"publish","type":"product","link":"https:\/\/somllavors.com\/es\/producte\/auriculares-inalambricos-quinn-peach-sea-shell-liewood","title":{"rendered":"Auriculares inal\u00e1mbricos Quinn Peach \/ Sea shell &#8211; Liewood"},"content":{"rendered":"<p>&nbsp;<\/p>\n<ul>\n<li>Diadema exterior: 100% ABS; FORRO: 100% poliuretano<\/li>\n<li>Fabricado en China<\/li>\n<li>Marcaje UKCA<\/li>\n<li>Marcaje CE<\/li>\n<li>ALTURA (CM) 7; ANCHO (CM) 17; LARGO (CM) 19. PLEGADO: ALTURA (CM) 7. PLEGADO: ANCHO (CM) 17. PLEGADO: LARGO (CM) 12. SIN EMBALAJE: PESO (GRAMOS) 175    <\/li>\n<\/ul>\n<p>AVISO! No apto para ni\u00f1os menores de 36 meses. \u2022 Piezas peque\u00f1as. Peligro de asfixia. \u2022 Mantenga el cable USB fuera del alcance de los ni\u00f1os menores de 3 a\u00f1os. \u2022 Riesgo de descarga el\u00e9ctrica si la fuente de alimentaci\u00f3n no se utiliza correctamente. La fuente de alimentaci\u00f3n no es adecuada para ni\u00f1os menores de 3 a\u00f1os. \u2022 Este producto contiene pilas recargables, debe cargarse bajo la supervisi\u00f3n de un adulto. \u2022 Para recargar la bater\u00eda, utilice s\u00f3lo la unidad de alimentaci\u00f3n desmontable que se incluye con este juguete. \u2022 La fuente de alimentaci\u00f3n que se utiliza con el juguete debe examinarse regularmente para detectar da\u00f1os en el cable, el enchufe, la carcasa y otras piezas y, en caso de estos da\u00f1os, el juguete no debe utilizarse con esta fuente de alimentaci\u00f3n hasta que se haya reparado el da\u00f1o. \u2022 La fuente de alimentaci\u00f3n no es un juguete. \u2022 No intente modificar ni reparar el producto. Esto podr\u00eda da\u00f1arlo y corre el riesgo de que la bater\u00eda genere calor, haga un cortocircuito o se encienda. \u2022 Mant\u00e9ngalo alejado del fuego, la luz solar directa, las altas temperaturas y\/o la humedad. \u2022 No utilice el producto si se sobrecalenta, tiene fugas, emite un olor u observa otras irregularidades. \u2022 L\u00e1celo al primer signo de da\u00f1o o debilidad. \u2022 No exponga el producto a la humedad.                <\/p>\n","protected":false},"excerpt":{"rendered":"<p>Auriculares inal\u00e1mbricos con el estampado caracter\u00edstico de LIEWOOD para disfrutar de la m\u00fasica desde muy chicos!<\/p>\n<ul>\n<li>Dise\u00f1o compacto y plegable<\/li>\n<li>Diadema y almohadas acolchadas c\u00f3modas<\/li>\n<li>Recargables con un cable USB-C incluido<\/li>\n<li>La bater\u00eda dura hasta 12 horas cuando est\u00e1 completamente cargada<\/li>\n<li>El l\u00edmite de sonido de 85 dB protege el o\u00eddo de los ni\u00f1os<\/li>\n<li>Ideal para viajar<\/li>\n<\/ul>\n","protected":false},"featured_media":78742,"template":"","meta":{"_acf_changed":false,"site-sidebar-layout":"default","site-content-layout":"","ast-site-content-layout":"default","site-content-style":"default","site-sidebar-style":"default","ast-global-header-display":"","ast-banner-title-visibility":"","ast-main-header-display":"","ast-hfb-above-header-display":"","ast-hfb-below-header-display":"","ast-hfb-mobile-header-display":"","site-post-title":"","ast-breadcrumbs-content":"","ast-featured-img":"","footer-sml-layout":"","ast-disable-related-posts":"","theme-transparent-header-meta":"default","adv-header-id-meta":"","stick-header-meta":"","header-above-stick-meta":"","header-main-stick-meta":"","header-below-stick-meta":"","astra-migrate-meta-layouts":"default","ast-page-background-enabled":"default","ast-page-background-meta":{"desktop":{"background-color":"","background-image":"","background-repeat":"repeat","background-position":"center center","background-size":"auto","background-attachment":"scroll","background-type":"","background-media":"","overlay-type":"","overlay-color":"","overlay-opacity":"","overlay-gradient":""},"tablet":{"background-color":"","background-image":"","background-repeat":"repeat","background-position":"center center","background-size":"auto","background-attachment":"scroll","background-type":"","background-media":"","overlay-type":"","overlay-color":"","overlay-opacity":"","overlay-gradient":""},"mobile":{"background-color":"","background-image":"","background-repeat":"repeat","background-position":"center center","background-size":"auto","background-attachment":"scroll","background-type":"","background-media":"","overlay-type":"","overlay-color":"","overlay-opacity":"","overlay-gradient":""}},"ast-content-background-meta":{"desktop":{"background-color":"var(--ast-global-color-5)","background-image":"","background-repeat":"repeat","background-position":"center center","background-size":"auto","background-attachment":"scroll","background-type":"","background-media":"","overlay-type":"","overlay-color":"","overlay-opacity":"","overlay-gradient":""},"tablet":{"background-color":"var(--ast-global-color-5)","background-image":"","background-repeat":"repeat","background-position":"center center","background-size":"auto","background-attachment":"scroll","background-type":"","background-media":"","overlay-type":"","overlay-color":"","overlay-opacity":"","overlay-gradient":""},"mobile":{"background-color":"var(--ast-global-color-5)","background-image":"","background-repeat":"repeat","background-position":"center center","background-size":"auto","background-attachment":"scroll","background-type":"","background-media":"","overlay-type":"","overlay-color":"","overlay-opacity":"","overlay-gradient":""}}},"pwb-brand":[4103],"product_brand":[],"product_cat":[3509,3373,3376,3377,3382],"product_tag":[5642],"class_list":{"0":"post-78911","1":"product","2":"type-product","3":"status-publish","4":"has-post-thumbnail","6":"pwb-brand-liewood","7":"product_cat-bienvenido-verano","8":"product_cat-3-anos","9":"product_cat-4-anos","10":"product_cat-6-anos","11":"product_cat-8-anos","12":"product_tag-viaje","13":"desktop-align-left","14":"tablet-align-left","15":"mobile-align-left","17":"first","18":"instock","19":"taxable","20":"shipping-taxable","21":"purchasable","22":"product-type-simple"},"acf":[],"yoast_head":"<!-- This site is optimized with the Yoast SEO Premium plugin v18.3 (Yoast SEO v27.4) - https:\/\/yoast.com\/product\/yoast-seo-premium-wordpress\/ -->\n<title>Auriculares inal\u00e1mbricos Quinn Peach \/ Sea shell - Liewood &#8212; Som Llavors<\/title>\n<meta name=\"description\" content=\"Auriculares inal\u00e1mbricos con el estampado caracter\u00edstico de LIEWOOD para disfrutar de la m\u00fasica desde muy chicos!  Dise\u00f1o compacto y plegable  Diadema y almohadas acolchadas c\u00f3modas  Recargables con un cable USB-C incluido  La bater\u00eda dura hasta 12 horas cuando est\u00e1 completamente cargada  El l\u00edmite de sonido de 85 dB protege el o\u00eddo de los ni\u00f1os  Ideal para viajar\" \/>\n<meta name=\"robots\" content=\"index, follow, max-snippet:-1, max-image-preview:large, max-video-preview:-1\" \/>\n<link rel=\"canonical\" href=\"https:\/\/somllavors.com\/es\/producte\/auriculares-inalambricos-quinn-peach-sea-shell-liewood\" \/>\n<meta property=\"og:locale\" content=\"es_ES\" \/>\n<meta property=\"og:type\" content=\"article\" \/>\n<meta property=\"og:title\" content=\"Auriculares inal\u00e1mbricos Quinn Peach \/ Sea shell - Liewood\" \/>\n<meta property=\"og:description\" content=\"La teva botiga d\u2019ecocrian\u00e7a i espai d\u2019acompanyament a la maternitat\" \/>\n<meta property=\"og:url\" content=\"https:\/\/somllavors.com\/es\/producte\/auriculares-inalambricos-quinn-peach-sea-shell-liewood\" \/>\n<meta property=\"og:site_name\" content=\"Som Llavors\" \/>\n<meta property=\"article:publisher\" content=\"https:\/\/www.facebook.com\/somllavorsvng\/?locale=ca_ES\" \/>\n<meta property=\"article:modified_time\" content=\"2025-08-23T16:34:58+00:00\" \/>\n<meta property=\"og:image\" content=\"https:\/\/somllavors.com\/wp-content\/uploads\/2025\/06\/Som-Llavors-Auriculars-Quinn-Liewood.jpg\" \/>\n\t<meta property=\"og:image:width\" content=\"1080\" \/>\n\t<meta property=\"og:image:height\" content=\"1080\" \/>\n\t<meta property=\"og:image:type\" content=\"image\/jpeg\" \/>\n<meta name=\"twitter:card\" content=\"summary_large_image\" \/>\n<meta name=\"twitter:label1\" content=\"Precio\" \/>\n\t<meta name=\"twitter:data1\" content=\"49,95&euro; Iva incl\u00f2s\" \/>\n\t<meta name=\"twitter:label2\" content=\"Availability\" \/>\n\t<meta name=\"twitter:data2\" content=\"Hay existencias\" \/>\n<script type=\"application\/ld+json\" class=\"yoast-schema-graph\">{\"@context\":\"https:\\\/\\\/schema.org\",\"@graph\":[{\"@type\":\"WebPage\",\"@id\":\"https:\\\/\\\/somllavors.com\\\/es\\\/producte\\\/auriculares-inalambricos-quinn-peach-sea-shell-liewood\",\"url\":\"https:\\\/\\\/somllavors.com\\\/es\\\/producte\\\/auriculares-inalambricos-quinn-peach-sea-shell-liewood\",\"name\":\"Auriculares inal\u00e1mbricos Quinn Peach \\\/ Sea shell - Liewood &#8212; Som Llavors\",\"isPartOf\":{\"@id\":\"https:\\\/\\\/somllavors.com\\\/es#website\"},\"primaryImageOfPage\":{\"@id\":\"https:\\\/\\\/somllavors.com\\\/es\\\/producte\\\/auriculares-inalambricos-quinn-peach-sea-shell-liewood#primaryimage\"},\"image\":{\"@id\":\"https:\\\/\\\/somllavors.com\\\/es\\\/producte\\\/auriculares-inalambricos-quinn-peach-sea-shell-liewood#primaryimage\"},\"thumbnailUrl\":\"https:\\\/\\\/somllavors.com\\\/wp-content\\\/uploads\\\/2025\\\/06\\\/Som-Llavors-Auriculars-Quinn-Liewood.jpg\",\"datePublished\":\"2025-06-04T07:23:05+00:00\",\"dateModified\":\"2025-08-23T16:34:58+00:00\",\"description\":\"Auriculares inal\u00e1mbricos con el estampado caracter\u00edstico de LIEWOOD para disfrutar de la m\u00fasica desde muy chicos! Dise\u00f1o compacto y plegable Diadema y almohadas acolchadas c\u00f3modas Recargables con un cable USB-C incluido La bater\u00eda dura hasta 12 horas cuando est\u00e1 completamente cargada El l\u00edmite de sonido de 85 dB protege el o\u00eddo de los ni\u00f1os Ideal para viajar\",\"breadcrumb\":{\"@id\":\"https:\\\/\\\/somllavors.com\\\/es\\\/producte\\\/auriculares-inalambricos-quinn-peach-sea-shell-liewood#breadcrumb\"},\"inLanguage\":\"es\",\"potentialAction\":[{\"@type\":\"ReadAction\",\"target\":[\"https:\\\/\\\/somllavors.com\\\/es\\\/producte\\\/auriculares-inalambricos-quinn-peach-sea-shell-liewood\"]}]},{\"@type\":\"ImageObject\",\"inLanguage\":\"es\",\"@id\":\"https:\\\/\\\/somllavors.com\\\/es\\\/producte\\\/auriculares-inalambricos-quinn-peach-sea-shell-liewood#primaryimage\",\"url\":\"https:\\\/\\\/somllavors.com\\\/wp-content\\\/uploads\\\/2025\\\/06\\\/Som-Llavors-Auriculars-Quinn-Liewood.jpg\",\"contentUrl\":\"https:\\\/\\\/somllavors.com\\\/wp-content\\\/uploads\\\/2025\\\/06\\\/Som-Llavors-Auriculars-Quinn-Liewood.jpg\",\"width\":1080,\"height\":1080,\"caption\":\"Auriculars infantil bluetooth liewood\"},{\"@type\":\"BreadcrumbList\",\"@id\":\"https:\\\/\\\/somllavors.com\\\/es\\\/producte\\\/auriculares-inalambricos-quinn-peach-sea-shell-liewood#breadcrumb\",\"itemListElement\":[{\"@type\":\"ListItem\",\"position\":1,\"name\":\"Inici\",\"item\":\"https:\\\/\\\/somllavors.com\\\/es\"},{\"@type\":\"ListItem\",\"position\":2,\"name\":\"Tienda\",\"item\":\"https:\\\/\\\/somllavors.com\\\/es\\\/botiga-2\"},{\"@type\":\"ListItem\",\"position\":3,\"name\":\"Auriculares inal\u00e1mbricos Quinn Peach \\\/ Sea shell &#8211; Liewood\"}]},{\"@type\":\"WebSite\",\"@id\":\"https:\\\/\\\/somllavors.com\\\/es#website\",\"url\":\"https:\\\/\\\/somllavors.com\\\/es\",\"name\":\"Som Llavors\",\"description\":\"Botiga de crian\u00e7a natural\",\"publisher\":{\"@id\":\"https:\\\/\\\/somllavors.com\\\/es#organization\"},\"alternateName\":\"Crian\u00e7a Natural i Sostenible\",\"potentialAction\":[{\"@type\":\"SearchAction\",\"target\":{\"@type\":\"EntryPoint\",\"urlTemplate\":\"https:\\\/\\\/somllavors.com\\\/es?s={search_term_string}\"},\"query-input\":{\"@type\":\"PropertyValueSpecification\",\"valueRequired\":true,\"valueName\":\"search_term_string\"}}],\"inLanguage\":\"es\"},{\"@type\":[\"Organization\",\"Place\",\"Store\"],\"@id\":\"https:\\\/\\\/somllavors.com\\\/es#organization\",\"name\":\"Som Llavors\",\"alternateName\":\"Crian\u00e7a Natural i Sostenible\",\"url\":\"https:\\\/\\\/somllavors.com\\\/es\",\"logo\":{\"@id\":\"https:\\\/\\\/somllavors.com\\\/es\\\/producte\\\/auriculares-inalambricos-quinn-peach-sea-shell-liewood#local-main-organization-logo\"},\"image\":{\"@id\":\"https:\\\/\\\/somllavors.com\\\/es\\\/producte\\\/auriculares-inalambricos-quinn-peach-sea-shell-liewood#local-main-organization-logo\"},\"sameAs\":[\"https:\\\/\\\/www.facebook.com\\\/somllavorsvng\\\/?locale=ca_ES\",\"https:\\\/\\\/www.instagram.com\\\/somllavors_vng\\\/\",\"https:\\\/\\\/www.youtube.com\\\/@somllavors\"],\"address\":{\"@id\":\"https:\\\/\\\/somllavors.com\\\/es\\\/producte\\\/auriculares-inalambricos-quinn-peach-sea-shell-liewood#local-main-place-address\"},\"geo\":{\"@type\":\"GeoCoordinates\",\"latitude\":\"41.2257737\",\"longitude\":\"1.723258859\"},\"telephone\":[\"623152704\"],\"openingHoursSpecification\":[{\"@type\":\"OpeningHoursSpecification\",\"dayOfWeek\":[\"Monday\",\"Sunday\"],\"opens\":\"00:00\",\"closes\":\"00:00\"},{\"@type\":\"OpeningHoursSpecification\",\"dayOfWeek\":[\"Tuesday\",\"Wednesday\",\"Thursday\",\"Friday\"],\"opens\":\"10:00\",\"closes\":\"20:00\"},{\"@type\":\"OpeningHoursSpecification\",\"dayOfWeek\":[\"Saturday\"],\"opens\":\"10:00\",\"closes\":\"13:30\"}],\"email\":\"info@somllavors.com\"},{\"@type\":\"PostalAddress\",\"@id\":\"https:\\\/\\\/somllavors.com\\\/es\\\/producte\\\/auriculares-inalambricos-quinn-peach-sea-shell-liewood#local-main-place-address\",\"streetAddress\":\"Carrer de l'aigua, 6\",\"addressLocality\":\"Vilanova i la Geltr\u00fa\",\"postalCode\":\"08800\",\"addressRegion\":\"Barcelona\",\"addressCountry\":\"ES\"},{\"@type\":\"ImageObject\",\"inLanguage\":\"es\",\"@id\":\"https:\\\/\\\/somllavors.com\\\/es\\\/producte\\\/auriculares-inalambricos-quinn-peach-sea-shell-liewood#local-main-organization-logo\",\"url\":\"https:\\\/\\\/somllavors.com\\\/wp-content\\\/uploads\\\/Logotip-Som-Llavors.jpg\",\"contentUrl\":\"https:\\\/\\\/somllavors.com\\\/wp-content\\\/uploads\\\/Logotip-Som-Llavors.jpg\",\"width\":1444,\"height\":1323,\"caption\":\"Som Llavors\"}]}<\/script>\n<meta property=\"product:price:amount\" content=\"49.95\" \/>\n<meta property=\"product:price:currency\" content=\"EUR\" \/>\n<meta property=\"og:availability\" content=\"instock\" \/>\n<meta property=\"product:availability\" content=\"instock\" \/>\n<meta property=\"product:retailer_item_id\" content=\"LW19891_1232\" \/>\n<meta property=\"product:condition\" content=\"new\" \/>\n<meta name=\"geo.placename\" content=\"Vilanova i la Geltr\u00fa\" \/>\n<meta name=\"geo.position\" content=\"41.2257737;1.723258859\" \/>\n<meta name=\"geo.region\" content=\"Espa\u00f1a\" \/>\n<!-- \/ Yoast SEO Premium plugin. -->","yoast_head_json":{"title":"Auriculares inal\u00e1mbricos Quinn Peach \/ Sea shell - Liewood &#8212; Som Llavors","description":"Auriculares inal\u00e1mbricos con el estampado caracter\u00edstico de LIEWOOD para disfrutar de la m\u00fasica desde muy chicos!  Dise\u00f1o compacto y plegable  Diadema y almohadas acolchadas c\u00f3modas  Recargables con un cable USB-C incluido  La bater\u00eda dura hasta 12 horas cuando est\u00e1 completamente cargada  El l\u00edmite de sonido de 85 dB protege el o\u00eddo de los ni\u00f1os  Ideal para viajar","robots":{"index":"index","follow":"follow","max-snippet":"max-snippet:-1","max-image-preview":"max-image-preview:large","max-video-preview":"max-video-preview:-1"},"canonical":"https:\/\/somllavors.com\/es\/producte\/auriculares-inalambricos-quinn-peach-sea-shell-liewood","og_locale":"es_ES","og_type":"article","og_title":"Auriculares inal\u00e1mbricos Quinn Peach \/ Sea shell - Liewood","og_description":"La teva botiga d\u2019ecocrian\u00e7a i espai d\u2019acompanyament a la maternitat","og_url":"https:\/\/somllavors.com\/es\/producte\/auriculares-inalambricos-quinn-peach-sea-shell-liewood","og_site_name":"Som Llavors","article_publisher":"https:\/\/www.facebook.com\/somllavorsvng\/?locale=ca_ES","article_modified_time":"2025-08-23T16:34:58+00:00","og_image":[{"width":1080,"height":1080,"url":"https:\/\/somllavors.com\/wp-content\/uploads\/2025\/06\/Som-Llavors-Auriculars-Quinn-Liewood.jpg","type":"image\/jpeg"}],"twitter_card":"summary_large_image","twitter_misc":{"Precio":"49,95&euro; Iva incl\u00f2s","Availability":"Hay existencias"},"schema":{"@context":"https:\/\/schema.org","@graph":[{"@type":"WebPage","@id":"https:\/\/somllavors.com\/es\/producte\/auriculares-inalambricos-quinn-peach-sea-shell-liewood","url":"https:\/\/somllavors.com\/es\/producte\/auriculares-inalambricos-quinn-peach-sea-shell-liewood","name":"Auriculares inal\u00e1mbricos Quinn Peach \/ Sea shell - Liewood &#8212; Som Llavors","isPartOf":{"@id":"https:\/\/somllavors.com\/es#website"},"primaryImageOfPage":{"@id":"https:\/\/somllavors.com\/es\/producte\/auriculares-inalambricos-quinn-peach-sea-shell-liewood#primaryimage"},"image":{"@id":"https:\/\/somllavors.com\/es\/producte\/auriculares-inalambricos-quinn-peach-sea-shell-liewood#primaryimage"},"thumbnailUrl":"https:\/\/somllavors.com\/wp-content\/uploads\/2025\/06\/Som-Llavors-Auriculars-Quinn-Liewood.jpg","datePublished":"2025-06-04T07:23:05+00:00","dateModified":"2025-08-23T16:34:58+00:00","description":"Auriculares inal\u00e1mbricos con el estampado caracter\u00edstico de LIEWOOD para disfrutar de la m\u00fasica desde muy chicos! Dise\u00f1o compacto y plegable Diadema y almohadas acolchadas c\u00f3modas Recargables con un cable USB-C incluido La bater\u00eda dura hasta 12 horas cuando est\u00e1 completamente cargada El l\u00edmite de sonido de 85 dB protege el o\u00eddo de los ni\u00f1os Ideal para viajar","breadcrumb":{"@id":"https:\/\/somllavors.com\/es\/producte\/auriculares-inalambricos-quinn-peach-sea-shell-liewood#breadcrumb"},"inLanguage":"es","potentialAction":[{"@type":"ReadAction","target":["https:\/\/somllavors.com\/es\/producte\/auriculares-inalambricos-quinn-peach-sea-shell-liewood"]}]},{"@type":"ImageObject","inLanguage":"es","@id":"https:\/\/somllavors.com\/es\/producte\/auriculares-inalambricos-quinn-peach-sea-shell-liewood#primaryimage","url":"https:\/\/somllavors.com\/wp-content\/uploads\/2025\/06\/Som-Llavors-Auriculars-Quinn-Liewood.jpg","contentUrl":"https:\/\/somllavors.com\/wp-content\/uploads\/2025\/06\/Som-Llavors-Auriculars-Quinn-Liewood.jpg","width":1080,"height":1080,"caption":"Auriculars infantil bluetooth liewood"},{"@type":"BreadcrumbList","@id":"https:\/\/somllavors.com\/es\/producte\/auriculares-inalambricos-quinn-peach-sea-shell-liewood#breadcrumb","itemListElement":[{"@type":"ListItem","position":1,"name":"Inici","item":"https:\/\/somllavors.com\/es"},{"@type":"ListItem","position":2,"name":"Tienda","item":"https:\/\/somllavors.com\/es\/botiga-2"},{"@type":"ListItem","position":3,"name":"Auriculares inal\u00e1mbricos Quinn Peach \/ Sea shell &#8211; Liewood"}]},{"@type":"WebSite","@id":"https:\/\/somllavors.com\/es#website","url":"https:\/\/somllavors.com\/es","name":"Som Llavors","description":"Botiga de crian\u00e7a natural","publisher":{"@id":"https:\/\/somllavors.com\/es#organization"},"alternateName":"Crian\u00e7a Natural i Sostenible","potentialAction":[{"@type":"SearchAction","target":{"@type":"EntryPoint","urlTemplate":"https:\/\/somllavors.com\/es?s={search_term_string}"},"query-input":{"@type":"PropertyValueSpecification","valueRequired":true,"valueName":"search_term_string"}}],"inLanguage":"es"},{"@type":["Organization","Place","Store"],"@id":"https:\/\/somllavors.com\/es#organization","name":"Som Llavors","alternateName":"Crian\u00e7a Natural i Sostenible","url":"https:\/\/somllavors.com\/es","logo":{"@id":"https:\/\/somllavors.com\/es\/producte\/auriculares-inalambricos-quinn-peach-sea-shell-liewood#local-main-organization-logo"},"image":{"@id":"https:\/\/somllavors.com\/es\/producte\/auriculares-inalambricos-quinn-peach-sea-shell-liewood#local-main-organization-logo"},"sameAs":["https:\/\/www.facebook.com\/somllavorsvng\/?locale=ca_ES","https:\/\/www.instagram.com\/somllavors_vng\/","https:\/\/www.youtube.com\/@somllavors"],"address":{"@id":"https:\/\/somllavors.com\/es\/producte\/auriculares-inalambricos-quinn-peach-sea-shell-liewood#local-main-place-address"},"geo":{"@type":"GeoCoordinates","latitude":"41.2257737","longitude":"1.723258859"},"telephone":["623152704","623152704"],"openingHoursSpecification":[{"@type":"OpeningHoursSpecification","dayOfWeek":["Monday","Sunday"],"opens":"00:00","closes":"00:00"},{"@type":"OpeningHoursSpecification","dayOfWeek":["Tuesday","Wednesday","Thursday","Friday"],"opens":"10:00","closes":"20:00"},{"@type":"OpeningHoursSpecification","dayOfWeek":["Saturday"],"opens":"10:00","closes":"13:30"}],"email":"info@somllavors.com"},{"@type":"PostalAddress","@id":"https:\/\/somllavors.com\/es\/producte\/auriculares-inalambricos-quinn-peach-sea-shell-liewood#local-main-place-address","streetAddress":"Carrer de l'aigua, 6","addressLocality":"Vilanova i la Geltr\u00fa","postalCode":"08800","addressRegion":"Barcelona","addressCountry":"ES"},{"@type":"ImageObject","inLanguage":"es","@id":"https:\/\/somllavors.com\/es\/producte\/auriculares-inalambricos-quinn-peach-sea-shell-liewood#local-main-organization-logo","url":"https:\/\/somllavors.com\/wp-content\/uploads\/Logotip-Som-Llavors.jpg","contentUrl":"https:\/\/somllavors.com\/wp-content\/uploads\/Logotip-Som-Llavors.jpg","width":1444,"height":1323,"caption":"Som Llavors"}]},"product_price_amount":"49.95","product_price_currency":"EUR","og_availability":"instock","product_availability":"instock","product_retailer_item_id":"LW19891_1232","product_condition":"new","geo.placename":"Vilanova i la Geltr\u00fa","geo.position":{"lat":"41.2257737","long":"1.723258859"},"geo.region":"Espa\u00f1a"},"brands":[{"id":4103,"name":"Liewood","slug":"liewood"}],"_links":{"self":[{"href":"https:\/\/somllavors.com\/es\/wp-json\/wp\/v2\/product\/78911","targetHints":{"allow":["GET"]}}],"collection":[{"href":"https:\/\/somllavors.com\/es\/wp-json\/wp\/v2\/product"}],"about":[{"href":"https:\/\/somllavors.com\/es\/wp-json\/wp\/v2\/types\/product"}],"wp:featuredmedia":[{"embeddable":true,"href":"https:\/\/somllavors.com\/es\/wp-json\/wp\/v2\/media\/78742"}],"wp:attachment":[{"href":"https:\/\/somllavors.com\/es\/wp-json\/wp\/v2\/media?parent=78911"}],"wp:term":[{"taxonomy":"pwb-brand","embeddable":true,"href":"https:\/\/somllavors.com\/es\/wp-json\/wp\/v2\/pwb-brand?post=78911"},{"taxonomy":"product_brand","embeddable":true,"href":"https:\/\/somllavors.com\/es\/wp-json\/wp\/v2\/product_brand?post=78911"},{"taxonomy":"product_cat","embeddable":true,"href":"https:\/\/somllavors.com\/es\/wp-json\/wp\/v2\/product_cat?post=78911"},{"taxonomy":"product_tag","embeddable":true,"href":"https:\/\/somllavors.com\/es\/wp-json\/wp\/v2\/product_tag?post=78911"}],"curies":[{"name":"wp","href":"https:\/\/api.w.org\/{rel}","templated":true}]}}