{"id":79699,"date":"2025-07-08T12:46:32","date_gmt":"2025-07-08T10:46:32","guid":{"rendered":"https:\/\/somllavors.com\/producto\/asiento-elevador-o-trona-plegable-de-viaje-sunshine-olmitos\/"},"modified":"2025-07-08T12:46:32","modified_gmt":"2025-07-08T10:46:32","slug":"asiento-elevador-o-trona-plegable-de-viaje-sunshine-olmitos","status":"publish","type":"product","link":"https:\/\/somllavors.com\/es\/producte\/asiento-elevador-o-trona-plegable-de-viaje-sunshine-olmitos","title":{"rendered":"Asiento elevador o trona plegable de viaje Sunshine &#8211; Olmitos"},"content":{"rendered":"<ul>\n<li>Plegable y lijera<\/li>\n<li>Tiene un asa que es regulable.<\/li>\n<li>Con pr\u00e1cticos bolsillos, uno de ellos isot\u00e9rmico.<\/li>\n<li>Correas ajustables para acoplarse correctamente al respaldo y asiento de las sillas.<\/li>\n<li>Asiento con base r\u00edgida muy ligera para un soporte m\u00e1s c\u00f3modo.<\/li>\n<li>Arn\u00e9s de seguridad ajustable que sujeta al ni\u00f1o en el asiento.<\/li>\n<li>La correa de seguridad permite instalar el asiento en la mayor\u00eda de sillitas est\u00e1ndar y se convierte en una correa para colgar en el hombro en forma de<br \/>\nbandolera o en la espalda como mochila.<\/li>\n<li>Medidas: abierta: 35 x 37 x 31 cm. Cerrada: 35 x 16 x 31 cm. <\/li>\n<li>Peso: 1,200 kg.<\/li>\n<\/ul>\n","protected":false},"excerpt":{"rendered":"<p>El asiento elevador es la soluci\u00f3n para dar de comer al beb\u00e9 en cualquier lugar. Se monta y desmonta f\u00e1cilmente en cuesti\u00f3n de segundos sin necesidad de utilizar herramientas y se ajusta a la mayor\u00eda de sillas convencionales convirti\u00e9ndolas r\u00e1pidamente en una c\u00f3moda trona para el beb\u00e9. <\/p>\n","protected":false},"featured_media":79668,"template":"","meta":{"_acf_changed":false,"site-sidebar-layout":"default","site-content-layout":"","ast-site-content-layout":"default","site-content-style":"default","site-sidebar-style":"default","ast-global-header-display":"","ast-banner-title-visibility":"","ast-main-header-display":"","ast-hfb-above-header-display":"","ast-hfb-below-header-display":"","ast-hfb-mobile-header-display":"","site-post-title":"","ast-breadcrumbs-content":"","ast-featured-img":"","footer-sml-layout":"","ast-disable-related-posts":"","theme-transparent-header-meta":"default","adv-header-id-meta":"","stick-header-meta":"","header-above-stick-meta":"","header-main-stick-meta":"","header-below-stick-meta":"","astra-migrate-meta-layouts":"default","ast-page-background-enabled":"default","ast-page-background-meta":{"desktop":{"background-color":"","background-image":"","background-repeat":"repeat","background-position":"center center","background-size":"auto","background-attachment":"scroll","background-type":"","background-media":"","overlay-type":"","overlay-color":"","overlay-opacity":"","overlay-gradient":""},"tablet":{"background-color":"","background-image":"","background-repeat":"repeat","background-position":"center center","background-size":"auto","background-attachment":"scroll","background-type":"","background-media":"","overlay-type":"","overlay-color":"","overlay-opacity":"","overlay-gradient":""},"mobile":{"background-color":"","background-image":"","background-repeat":"repeat","background-position":"center center","background-size":"auto","background-attachment":"scroll","background-type":"","background-media":"","overlay-type":"","overlay-color":"","overlay-opacity":"","overlay-gradient":""}},"ast-content-background-meta":{"desktop":{"background-color":"var(--ast-global-color-5)","background-image":"","background-repeat":"repeat","background-position":"center center","background-size":"auto","background-attachment":"scroll","background-type":"","background-media":"","overlay-type":"","overlay-color":"","overlay-opacity":"","overlay-gradient":""},"tablet":{"background-color":"var(--ast-global-color-5)","background-image":"","background-repeat":"repeat","background-position":"center center","background-size":"auto","background-attachment":"scroll","background-type":"","background-media":"","overlay-type":"","overlay-color":"","overlay-opacity":"","overlay-gradient":""},"mobile":{"background-color":"var(--ast-global-color-5)","background-image":"","background-repeat":"repeat","background-position":"center center","background-size":"auto","background-attachment":"scroll","background-type":"","background-media":"","overlay-type":"","overlay-color":"","overlay-opacity":"","overlay-gradient":""}}},"pwb-brand":[],"product_brand":[],"product_cat":[3507],"product_tag":[],"class_list":{"0":"post-79699","1":"product","2":"type-product","3":"status-publish","4":"has-post-thumbnail","6":"product_cat-tronas","7":"desktop-align-left","8":"tablet-align-left","9":"mobile-align-left","11":"first","12":"outofstock","13":"taxable","14":"shipping-taxable","15":"purchasable","16":"product-type-simple"},"acf":[],"yoast_head":"<!-- This site is optimized with the Yoast SEO Premium plugin v18.3 (Yoast SEO v27.4) - https:\/\/yoast.com\/product\/yoast-seo-premium-wordpress\/ -->\n<title>Asiento elevador o trona plegable de viaje Sunshine - Olmitos &#8212; Som Llavors<\/title>\n<meta name=\"description\" content=\"El asiento elevador es la soluci\u00f3n para dar de comer al beb\u00e9 en cualquier lugar. Se monta y desmonta f\u00e1cilmente en cuesti\u00f3n de segundos sin necesidad de utilizar herramientas y se ajusta a la mayor\u00eda de sillas convencionales convirti\u00e9ndolas r\u00e1pidamente en una c\u00f3moda trona para el beb\u00e9.\" \/>\n<meta name=\"robots\" content=\"index, follow, max-snippet:-1, max-image-preview:large, max-video-preview:-1\" \/>\n<link rel=\"canonical\" href=\"https:\/\/somllavors.com\/es\/producte\/asiento-elevador-o-trona-plegable-de-viaje-sunshine-olmitos\" \/>\n<meta property=\"og:locale\" content=\"es_ES\" \/>\n<meta property=\"og:type\" content=\"article\" \/>\n<meta property=\"og:title\" content=\"Asiento elevador o trona plegable de viaje Sunshine - Olmitos\" \/>\n<meta property=\"og:description\" content=\"La teva botiga d\u2019ecocrian\u00e7a i espai d\u2019acompanyament a la maternitat\" \/>\n<meta property=\"og:url\" content=\"https:\/\/somllavors.com\/es\/producte\/asiento-elevador-o-trona-plegable-de-viaje-sunshine-olmitos\" \/>\n<meta property=\"og:site_name\" content=\"Som Llavors\" \/>\n<meta property=\"article:publisher\" content=\"https:\/\/www.facebook.com\/somllavorsvng\/?locale=ca_ES\" \/>\n<meta property=\"og:image\" content=\"https:\/\/somllavors.com\/wp-content\/uploads\/2025\/07\/asiento-elevador-mochila-olmitos-14.jpg\" \/>\n\t<meta property=\"og:image:width\" content=\"1200\" \/>\n\t<meta property=\"og:image:height\" content=\"1372\" \/>\n\t<meta property=\"og:image:type\" content=\"image\/jpeg\" \/>\n<meta name=\"twitter:card\" content=\"summary_large_image\" \/>\n<meta name=\"twitter:label1\" content=\"Precio\" \/>\n\t<meta name=\"twitter:data1\" content=\"45,90&euro; Iva incl\u00f2s\" \/>\n\t<meta name=\"twitter:label2\" content=\"Availability\" \/>\n\t<meta name=\"twitter:data2\" content=\"Out of stock\" \/>\n<script type=\"application\/ld+json\" class=\"yoast-schema-graph\">{\"@context\":\"https:\\\/\\\/schema.org\",\"@graph\":[{\"@type\":\"WebPage\",\"@id\":\"https:\\\/\\\/somllavors.com\\\/es\\\/producte\\\/asiento-elevador-o-trona-plegable-de-viaje-sunshine-olmitos\",\"url\":\"https:\\\/\\\/somllavors.com\\\/es\\\/producte\\\/asiento-elevador-o-trona-plegable-de-viaje-sunshine-olmitos\",\"name\":\"Asiento elevador o trona plegable de viaje Sunshine - Olmitos &#8212; Som Llavors\",\"isPartOf\":{\"@id\":\"https:\\\/\\\/somllavors.com\\\/es#website\"},\"primaryImageOfPage\":{\"@id\":\"https:\\\/\\\/somllavors.com\\\/es\\\/producte\\\/asiento-elevador-o-trona-plegable-de-viaje-sunshine-olmitos#primaryimage\"},\"image\":{\"@id\":\"https:\\\/\\\/somllavors.com\\\/es\\\/producte\\\/asiento-elevador-o-trona-plegable-de-viaje-sunshine-olmitos#primaryimage\"},\"thumbnailUrl\":\"https:\\\/\\\/somllavors.com\\\/wp-content\\\/uploads\\\/2025\\\/07\\\/asiento-elevador-mochila-olmitos-14.jpg\",\"datePublished\":\"2025-07-08T10:46:32+00:00\",\"description\":\"El asiento elevador es la soluci\u00f3n para dar de comer al beb\u00e9 en cualquier lugar. Se monta y desmonta f\u00e1cilmente en cuesti\u00f3n de segundos sin necesidad de utilizar herramientas y se ajusta a la mayor\u00eda de sillas convencionales convirti\u00e9ndolas r\u00e1pidamente en una c\u00f3moda trona para el beb\u00e9.\",\"breadcrumb\":{\"@id\":\"https:\\\/\\\/somllavors.com\\\/es\\\/producte\\\/asiento-elevador-o-trona-plegable-de-viaje-sunshine-olmitos#breadcrumb\"},\"inLanguage\":\"es\",\"potentialAction\":[{\"@type\":\"ReadAction\",\"target\":[\"https:\\\/\\\/somllavors.com\\\/es\\\/producte\\\/asiento-elevador-o-trona-plegable-de-viaje-sunshine-olmitos\"]}]},{\"@type\":\"ImageObject\",\"inLanguage\":\"es\",\"@id\":\"https:\\\/\\\/somllavors.com\\\/es\\\/producte\\\/asiento-elevador-o-trona-plegable-de-viaje-sunshine-olmitos#primaryimage\",\"url\":\"https:\\\/\\\/somllavors.com\\\/wp-content\\\/uploads\\\/2025\\\/07\\\/asiento-elevador-mochila-olmitos-14.jpg\",\"contentUrl\":\"https:\\\/\\\/somllavors.com\\\/wp-content\\\/uploads\\\/2025\\\/07\\\/asiento-elevador-mochila-olmitos-14.jpg\",\"width\":1200,\"height\":1372,\"caption\":\"seient elevador trona viatge olmitos\"},{\"@type\":\"BreadcrumbList\",\"@id\":\"https:\\\/\\\/somllavors.com\\\/es\\\/producte\\\/asiento-elevador-o-trona-plegable-de-viaje-sunshine-olmitos#breadcrumb\",\"itemListElement\":[{\"@type\":\"ListItem\",\"position\":1,\"name\":\"Inici\",\"item\":\"https:\\\/\\\/somllavors.com\\\/es\"},{\"@type\":\"ListItem\",\"position\":2,\"name\":\"Tienda\",\"item\":\"https:\\\/\\\/somllavors.com\\\/es\\\/botiga-2\"},{\"@type\":\"ListItem\",\"position\":3,\"name\":\"Asiento elevador o trona plegable de viaje Sunshine &#8211; Olmitos\"}]},{\"@type\":\"WebSite\",\"@id\":\"https:\\\/\\\/somllavors.com\\\/es#website\",\"url\":\"https:\\\/\\\/somllavors.com\\\/es\",\"name\":\"Som Llavors\",\"description\":\"Botiga de crian\u00e7a natural\",\"publisher\":{\"@id\":\"https:\\\/\\\/somllavors.com\\\/es#organization\"},\"alternateName\":\"Crian\u00e7a Natural i Sostenible\",\"potentialAction\":[{\"@type\":\"SearchAction\",\"target\":{\"@type\":\"EntryPoint\",\"urlTemplate\":\"https:\\\/\\\/somllavors.com\\\/es?s={search_term_string}\"},\"query-input\":{\"@type\":\"PropertyValueSpecification\",\"valueRequired\":true,\"valueName\":\"search_term_string\"}}],\"inLanguage\":\"es\"},{\"@type\":[\"Organization\",\"Place\",\"Store\"],\"@id\":\"https:\\\/\\\/somllavors.com\\\/es#organization\",\"name\":\"Som Llavors\",\"alternateName\":\"Crian\u00e7a Natural i Sostenible\",\"url\":\"https:\\\/\\\/somllavors.com\\\/es\",\"logo\":{\"@id\":\"https:\\\/\\\/somllavors.com\\\/es\\\/producte\\\/asiento-elevador-o-trona-plegable-de-viaje-sunshine-olmitos#local-main-organization-logo\"},\"image\":{\"@id\":\"https:\\\/\\\/somllavors.com\\\/es\\\/producte\\\/asiento-elevador-o-trona-plegable-de-viaje-sunshine-olmitos#local-main-organization-logo\"},\"sameAs\":[\"https:\\\/\\\/www.facebook.com\\\/somllavorsvng\\\/?locale=ca_ES\",\"https:\\\/\\\/www.instagram.com\\\/somllavors_vng\\\/\",\"https:\\\/\\\/www.youtube.com\\\/@somllavors\"],\"address\":{\"@id\":\"https:\\\/\\\/somllavors.com\\\/es\\\/producte\\\/asiento-elevador-o-trona-plegable-de-viaje-sunshine-olmitos#local-main-place-address\"},\"geo\":{\"@type\":\"GeoCoordinates\",\"latitude\":\"41.2257737\",\"longitude\":\"1.723258859\"},\"telephone\":[\"623152704\"],\"openingHoursSpecification\":[{\"@type\":\"OpeningHoursSpecification\",\"dayOfWeek\":[\"Monday\",\"Sunday\"],\"opens\":\"00:00\",\"closes\":\"00:00\"},{\"@type\":\"OpeningHoursSpecification\",\"dayOfWeek\":[\"Tuesday\",\"Wednesday\",\"Thursday\",\"Friday\"],\"opens\":\"10:00\",\"closes\":\"20:00\"},{\"@type\":\"OpeningHoursSpecification\",\"dayOfWeek\":[\"Saturday\"],\"opens\":\"10:00\",\"closes\":\"13:30\"}],\"email\":\"info@somllavors.com\"},{\"@type\":\"PostalAddress\",\"@id\":\"https:\\\/\\\/somllavors.com\\\/es\\\/producte\\\/asiento-elevador-o-trona-plegable-de-viaje-sunshine-olmitos#local-main-place-address\",\"streetAddress\":\"Carrer de l'aigua, 6\",\"addressLocality\":\"Vilanova i la Geltr\u00fa\",\"postalCode\":\"08800\",\"addressRegion\":\"Barcelona\",\"addressCountry\":\"ES\"},{\"@type\":\"ImageObject\",\"inLanguage\":\"es\",\"@id\":\"https:\\\/\\\/somllavors.com\\\/es\\\/producte\\\/asiento-elevador-o-trona-plegable-de-viaje-sunshine-olmitos#local-main-organization-logo\",\"url\":\"https:\\\/\\\/somllavors.com\\\/wp-content\\\/uploads\\\/Logotip-Som-Llavors.jpg\",\"contentUrl\":\"https:\\\/\\\/somllavors.com\\\/wp-content\\\/uploads\\\/Logotip-Som-Llavors.jpg\",\"width\":1444,\"height\":1323,\"caption\":\"Som Llavors\"}]}<\/script>\n<meta property=\"product:price:amount\" content=\"45.90\" \/>\n<meta property=\"product:price:currency\" content=\"EUR\" \/>\n<meta property=\"og:availability\" content=\"out of stock\" \/>\n<meta property=\"product:availability\" content=\"out of stock\" \/>\n<meta property=\"product:retailer_item_id\" content=\"1277\" \/>\n<meta property=\"product:condition\" content=\"new\" \/>\n<meta name=\"geo.placename\" content=\"Vilanova i la Geltr\u00fa\" \/>\n<meta name=\"geo.position\" content=\"41.2257737;1.723258859\" \/>\n<meta name=\"geo.region\" content=\"Espa\u00f1a\" \/>\n<!-- \/ Yoast SEO Premium plugin. -->","yoast_head_json":{"title":"Asiento elevador o trona plegable de viaje Sunshine - Olmitos &#8212; Som Llavors","description":"El asiento elevador es la soluci\u00f3n para dar de comer al beb\u00e9 en cualquier lugar. Se monta y desmonta f\u00e1cilmente en cuesti\u00f3n de segundos sin necesidad de utilizar herramientas y se ajusta a la mayor\u00eda de sillas convencionales convirti\u00e9ndolas r\u00e1pidamente en una c\u00f3moda trona para el beb\u00e9.","robots":{"index":"index","follow":"follow","max-snippet":"max-snippet:-1","max-image-preview":"max-image-preview:large","max-video-preview":"max-video-preview:-1"},"canonical":"https:\/\/somllavors.com\/es\/producte\/asiento-elevador-o-trona-plegable-de-viaje-sunshine-olmitos","og_locale":"es_ES","og_type":"article","og_title":"Asiento elevador o trona plegable de viaje Sunshine - Olmitos","og_description":"La teva botiga d\u2019ecocrian\u00e7a i espai d\u2019acompanyament a la maternitat","og_url":"https:\/\/somllavors.com\/es\/producte\/asiento-elevador-o-trona-plegable-de-viaje-sunshine-olmitos","og_site_name":"Som Llavors","article_publisher":"https:\/\/www.facebook.com\/somllavorsvng\/?locale=ca_ES","og_image":[{"width":1200,"height":1372,"url":"https:\/\/somllavors.com\/wp-content\/uploads\/2025\/07\/asiento-elevador-mochila-olmitos-14.jpg","type":"image\/jpeg"}],"twitter_card":"summary_large_image","twitter_misc":{"Precio":"45,90&euro; Iva incl\u00f2s","Availability":"Out of stock"},"schema":{"@context":"https:\/\/schema.org","@graph":[{"@type":"WebPage","@id":"https:\/\/somllavors.com\/es\/producte\/asiento-elevador-o-trona-plegable-de-viaje-sunshine-olmitos","url":"https:\/\/somllavors.com\/es\/producte\/asiento-elevador-o-trona-plegable-de-viaje-sunshine-olmitos","name":"Asiento elevador o trona plegable de viaje Sunshine - Olmitos &#8212; Som Llavors","isPartOf":{"@id":"https:\/\/somllavors.com\/es#website"},"primaryImageOfPage":{"@id":"https:\/\/somllavors.com\/es\/producte\/asiento-elevador-o-trona-plegable-de-viaje-sunshine-olmitos#primaryimage"},"image":{"@id":"https:\/\/somllavors.com\/es\/producte\/asiento-elevador-o-trona-plegable-de-viaje-sunshine-olmitos#primaryimage"},"thumbnailUrl":"https:\/\/somllavors.com\/wp-content\/uploads\/2025\/07\/asiento-elevador-mochila-olmitos-14.jpg","datePublished":"2025-07-08T10:46:32+00:00","description":"El asiento elevador es la soluci\u00f3n para dar de comer al beb\u00e9 en cualquier lugar. Se monta y desmonta f\u00e1cilmente en cuesti\u00f3n de segundos sin necesidad de utilizar herramientas y se ajusta a la mayor\u00eda de sillas convencionales convirti\u00e9ndolas r\u00e1pidamente en una c\u00f3moda trona para el beb\u00e9.","breadcrumb":{"@id":"https:\/\/somllavors.com\/es\/producte\/asiento-elevador-o-trona-plegable-de-viaje-sunshine-olmitos#breadcrumb"},"inLanguage":"es","potentialAction":[{"@type":"ReadAction","target":["https:\/\/somllavors.com\/es\/producte\/asiento-elevador-o-trona-plegable-de-viaje-sunshine-olmitos"]}]},{"@type":"ImageObject","inLanguage":"es","@id":"https:\/\/somllavors.com\/es\/producte\/asiento-elevador-o-trona-plegable-de-viaje-sunshine-olmitos#primaryimage","url":"https:\/\/somllavors.com\/wp-content\/uploads\/2025\/07\/asiento-elevador-mochila-olmitos-14.jpg","contentUrl":"https:\/\/somllavors.com\/wp-content\/uploads\/2025\/07\/asiento-elevador-mochila-olmitos-14.jpg","width":1200,"height":1372,"caption":"seient elevador trona viatge olmitos"},{"@type":"BreadcrumbList","@id":"https:\/\/somllavors.com\/es\/producte\/asiento-elevador-o-trona-plegable-de-viaje-sunshine-olmitos#breadcrumb","itemListElement":[{"@type":"ListItem","position":1,"name":"Inici","item":"https:\/\/somllavors.com\/es"},{"@type":"ListItem","position":2,"name":"Tienda","item":"https:\/\/somllavors.com\/es\/botiga-2"},{"@type":"ListItem","position":3,"name":"Asiento elevador o trona plegable de viaje Sunshine &#8211; Olmitos"}]},{"@type":"WebSite","@id":"https:\/\/somllavors.com\/es#website","url":"https:\/\/somllavors.com\/es","name":"Som Llavors","description":"Botiga de crian\u00e7a natural","publisher":{"@id":"https:\/\/somllavors.com\/es#organization"},"alternateName":"Crian\u00e7a Natural i Sostenible","potentialAction":[{"@type":"SearchAction","target":{"@type":"EntryPoint","urlTemplate":"https:\/\/somllavors.com\/es?s={search_term_string}"},"query-input":{"@type":"PropertyValueSpecification","valueRequired":true,"valueName":"search_term_string"}}],"inLanguage":"es"},{"@type":["Organization","Place","Store"],"@id":"https:\/\/somllavors.com\/es#organization","name":"Som Llavors","alternateName":"Crian\u00e7a Natural i Sostenible","url":"https:\/\/somllavors.com\/es","logo":{"@id":"https:\/\/somllavors.com\/es\/producte\/asiento-elevador-o-trona-plegable-de-viaje-sunshine-olmitos#local-main-organization-logo"},"image":{"@id":"https:\/\/somllavors.com\/es\/producte\/asiento-elevador-o-trona-plegable-de-viaje-sunshine-olmitos#local-main-organization-logo"},"sameAs":["https:\/\/www.facebook.com\/somllavorsvng\/?locale=ca_ES","https:\/\/www.instagram.com\/somllavors_vng\/","https:\/\/www.youtube.com\/@somllavors"],"address":{"@id":"https:\/\/somllavors.com\/es\/producte\/asiento-elevador-o-trona-plegable-de-viaje-sunshine-olmitos#local-main-place-address"},"geo":{"@type":"GeoCoordinates","latitude":"41.2257737","longitude":"1.723258859"},"telephone":["623152704","623152704"],"openingHoursSpecification":[{"@type":"OpeningHoursSpecification","dayOfWeek":["Monday","Sunday"],"opens":"00:00","closes":"00:00"},{"@type":"OpeningHoursSpecification","dayOfWeek":["Tuesday","Wednesday","Thursday","Friday"],"opens":"10:00","closes":"20:00"},{"@type":"OpeningHoursSpecification","dayOfWeek":["Saturday"],"opens":"10:00","closes":"13:30"}],"email":"info@somllavors.com"},{"@type":"PostalAddress","@id":"https:\/\/somllavors.com\/es\/producte\/asiento-elevador-o-trona-plegable-de-viaje-sunshine-olmitos#local-main-place-address","streetAddress":"Carrer de l'aigua, 6","addressLocality":"Vilanova i la Geltr\u00fa","postalCode":"08800","addressRegion":"Barcelona","addressCountry":"ES"},{"@type":"ImageObject","inLanguage":"es","@id":"https:\/\/somllavors.com\/es\/producte\/asiento-elevador-o-trona-plegable-de-viaje-sunshine-olmitos#local-main-organization-logo","url":"https:\/\/somllavors.com\/wp-content\/uploads\/Logotip-Som-Llavors.jpg","contentUrl":"https:\/\/somllavors.com\/wp-content\/uploads\/Logotip-Som-Llavors.jpg","width":1444,"height":1323,"caption":"Som Llavors"}]},"product_price_amount":"45.90","product_price_currency":"EUR","og_availability":"out of stock","product_availability":"out of stock","product_retailer_item_id":"1277","product_condition":"new","geo.placename":"Vilanova i la Geltr\u00fa","geo.position":{"lat":"41.2257737","long":"1.723258859"},"geo.region":"Espa\u00f1a"},"brands":[],"_links":{"self":[{"href":"https:\/\/somllavors.com\/es\/wp-json\/wp\/v2\/product\/79699","targetHints":{"allow":["GET"]}}],"collection":[{"href":"https:\/\/somllavors.com\/es\/wp-json\/wp\/v2\/product"}],"about":[{"href":"https:\/\/somllavors.com\/es\/wp-json\/wp\/v2\/types\/product"}],"wp:featuredmedia":[{"embeddable":true,"href":"https:\/\/somllavors.com\/es\/wp-json\/wp\/v2\/media\/79668"}],"wp:attachment":[{"href":"https:\/\/somllavors.com\/es\/wp-json\/wp\/v2\/media?parent=79699"}],"wp:term":[{"taxonomy":"pwb-brand","embeddable":true,"href":"https:\/\/somllavors.com\/es\/wp-json\/wp\/v2\/pwb-brand?post=79699"},{"taxonomy":"product_brand","embeddable":true,"href":"https:\/\/somllavors.com\/es\/wp-json\/wp\/v2\/product_brand?post=79699"},{"taxonomy":"product_cat","embeddable":true,"href":"https:\/\/somllavors.com\/es\/wp-json\/wp\/v2\/product_cat?post=79699"},{"taxonomy":"product_tag","embeddable":true,"href":"https:\/\/somllavors.com\/es\/wp-json\/wp\/v2\/product_tag?post=79699"}],"curies":[{"name":"wp","href":"https:\/\/api.w.org\/{rel}","templated":true}]}}