{"id":80302,"date":"2025-07-14T14:30:55","date_gmt":"2025-07-14T12:30:55","guid":{"rendered":"https:\/\/somllavors.com\/?post_type=product&#038;p=80302"},"modified":"2026-02-05T18:39:26","modified_gmt":"2026-02-05T17:39:26","slug":"motxilla-petita-mrs-butterfly-trixie","status":"publish","type":"product","link":"https:\/\/somllavors.com\/es\/producte\/motxilla-petita-mrs-butterfly-trixie","title":{"rendered":"Motxilla petita Mrs. Butterfly &#8211; Trixie"},"content":{"rendered":"<ul>\n<li>Materials: Revestiment acr\u00edlic repel\u00b7lent a l&#8217;aigua &#8211; Teixit: 60% cot\u00f3 reciclat, 35% cot\u00f3, 5% viscosa &#8211; Folre: 85% PES reciclat, 15% cot\u00f3<\/li>\n<li>Dimensions: 25cm amplada x 21cm al\u00e7ada x 10cm fons<\/li>\n<\/ul>\n","protected":false},"excerpt":{"rendered":"<ul>\n<li>Amb aquesta motxilla, l&#8217;infant estar\u00e0 llest per a la gran aventura de l&#8217;escola!\n<ul>\n<li>La motxilla t\u00e9 els tirants c\u00f2modes i ajustables.<\/li>\n<li>Hi ha una nansa per dalt per poder agafar f\u00e0cilment i penjar-la en qualsevol ganxo.<\/li>\n<li>El tancament del pit impedir\u00e0 que caigui amb facilitat.<\/li>\n<li>L&#8217;obertura principal es fa amb cremallera, molt m\u00e9s f\u00e0cil pels nostres infants.<\/li>\n<li>Perqu\u00e8 no es perdi, per dins, hi ha una etiqueta de tela per poder escriure el cognom de l&#8217;infant.<\/li>\n<li>En aquesta motxilla hi caben f\u00e0cilment els accessoris de l&#8217;infant per a la llar d&#8217;infants o les seves joguines preferides i<\/li>\n<\/ul>\n<\/li>\n<\/ul>\n","protected":false},"featured_media":80305,"template":"","meta":{"_acf_changed":false,"site-sidebar-layout":"default","site-content-layout":"","ast-site-content-layout":"default","site-content-style":"default","site-sidebar-style":"default","ast-global-header-display":"","ast-banner-title-visibility":"","ast-main-header-display":"","ast-hfb-above-header-display":"","ast-hfb-below-header-display":"","ast-hfb-mobile-header-display":"","site-post-title":"","ast-breadcrumbs-content":"","ast-featured-img":"","footer-sml-layout":"","ast-disable-related-posts":"","theme-transparent-header-meta":"default","adv-header-id-meta":"","stick-header-meta":"","header-above-stick-meta":"","header-main-stick-meta":"","header-below-stick-meta":"","astra-migrate-meta-layouts":"set","ast-page-background-enabled":"default","ast-page-background-meta":{"desktop":{"background-color":"","background-image":"","background-repeat":"repeat","background-position":"center center","background-size":"auto","background-attachment":"scroll","background-type":"","background-media":"","overlay-type":"","overlay-color":"","overlay-opacity":"","overlay-gradient":""},"tablet":{"background-color":"","background-image":"","background-repeat":"repeat","background-position":"center center","background-size":"auto","background-attachment":"scroll","background-type":"","background-media":"","overlay-type":"","overlay-color":"","overlay-opacity":"","overlay-gradient":""},"mobile":{"background-color":"","background-image":"","background-repeat":"repeat","background-position":"center center","background-size":"auto","background-attachment":"scroll","background-type":"","background-media":"","overlay-type":"","overlay-color":"","overlay-opacity":"","overlay-gradient":""}},"ast-content-background-meta":{"desktop":{"background-color":"var(--ast-global-color-5)","background-image":"","background-repeat":"repeat","background-position":"center center","background-size":"auto","background-attachment":"scroll","background-type":"","background-media":"","overlay-type":"","overlay-color":"","overlay-opacity":"","overlay-gradient":""},"tablet":{"background-color":"var(--ast-global-color-5)","background-image":"","background-repeat":"repeat","background-position":"center center","background-size":"auto","background-attachment":"scroll","background-type":"","background-media":"","overlay-type":"","overlay-color":"","overlay-opacity":"","overlay-gradient":""},"mobile":{"background-color":"var(--ast-global-color-5)","background-image":"","background-repeat":"repeat","background-position":"center center","background-size":"auto","background-attachment":"scroll","background-type":"","background-media":"","overlay-type":"","overlay-color":"","overlay-opacity":"","overlay-gradient":""}}},"pwb-brand":[4098],"product_brand":[],"product_cat":[177,2178],"product_tag":[5654],"class_list":{"0":"post-80302","1":"product","2":"type-product","3":"status-publish","4":"has-post-thumbnail","6":"pwb-brand-trixie","7":"product_cat-motxilles","8":"product_cat-tornada-a-lescola","9":"product_tag-mrs-butterfly","10":"desktop-align-left","11":"tablet-align-left","12":"mobile-align-left","14":"first","15":"instock","16":"taxable","17":"shipping-taxable","18":"purchasable","19":"product-type-simple"},"acf":[],"yoast_head":"<!-- This site is optimized with the Yoast SEO Premium plugin v18.3 (Yoast SEO v27.4) - https:\/\/yoast.com\/product\/yoast-seo-premium-wordpress\/ -->\n<title>Motxilla petita Mrs. Butterfly - Trixie &#8212; Som Llavors<\/title>\n<meta name=\"description\" content=\"Amb aquesta motxilla, l&#039;infant estar\u00e0 llest per a la gran aventura de l&#039;escola!   La motxilla t\u00e9 els tirants c\u00f2modes i ajustables.  Hi ha una nansa per dalt per poder agafar f\u00e0cilment i penjar-la en qualsevol ganxo.  El tancament del pit impedir\u00e0 que caigui amb facilitat.  L&#039;obertura principal es fa amb cremallera, molt m\u00e9s f\u00e0cil pels nostres infants.  Perqu\u00e8 no es perdi, per dins, hi ha una etiqueta de tela per poder escriure el cognom de l&#039;infant.  En aquesta motxilla hi caben f\u00e0cilment els accessoris de l&#039;infant per a la llar d&#039;infants o les seves joguines preferides i\" \/>\n<meta name=\"robots\" content=\"index, follow, max-snippet:-1, max-image-preview:large, max-video-preview:-1\" \/>\n<link rel=\"canonical\" href=\"https:\/\/somllavors.com\/es\/producte\/motxilla-petita-mrs-butterfly-trixie\" \/>\n<meta property=\"og:locale\" content=\"es_ES\" \/>\n<meta property=\"og:type\" content=\"article\" \/>\n<meta property=\"og:title\" content=\"Motxilla petita Mrs. Butterfly - Trixie\" \/>\n<meta property=\"og:description\" content=\"La teva botiga d\u2019ecocrian\u00e7a i espai d\u2019acompanyament a la maternitat\" \/>\n<meta property=\"og:url\" content=\"https:\/\/somllavors.com\/es\/producte\/motxilla-petita-mrs-butterfly-trixie\" \/>\n<meta property=\"og:site_name\" content=\"Som Llavors\" \/>\n<meta property=\"article:publisher\" content=\"https:\/\/www.facebook.com\/somllavorsvng\/?locale=ca_ES\" \/>\n<meta property=\"article:modified_time\" content=\"2026-02-05T17:39:26+00:00\" \/>\n<meta property=\"og:image\" content=\"https:\/\/somllavors.com\/wp-content\/uploads\/2025\/07\/5400858932297_01-1.jpg\" \/>\n\t<meta property=\"og:image:width\" content=\"1080\" \/>\n\t<meta property=\"og:image:height\" content=\"1080\" \/>\n\t<meta property=\"og:image:type\" content=\"image\/jpeg\" \/>\n<meta name=\"twitter:card\" content=\"summary_large_image\" \/>\n<meta name=\"twitter:label1\" content=\"Precio\" \/>\n\t<meta name=\"twitter:data1\" content=\"39,99&euro; Iva incl\u00f2s\" \/>\n\t<meta name=\"twitter:label2\" content=\"Availability\" \/>\n\t<meta name=\"twitter:data2\" content=\"Hay existencias\" \/>\n<script type=\"application\/ld+json\" class=\"yoast-schema-graph\">{\"@context\":\"https:\\\/\\\/schema.org\",\"@graph\":[{\"@type\":\"WebPage\",\"@id\":\"https:\\\/\\\/somllavors.com\\\/es\\\/producte\\\/motxilla-petita-mrs-butterfly-trixie\",\"url\":\"https:\\\/\\\/somllavors.com\\\/es\\\/producte\\\/motxilla-petita-mrs-butterfly-trixie\",\"name\":\"Motxilla petita Mrs. Butterfly - Trixie &#8212; Som Llavors\",\"isPartOf\":{\"@id\":\"https:\\\/\\\/somllavors.com\\\/es#website\"},\"primaryImageOfPage\":{\"@id\":\"https:\\\/\\\/somllavors.com\\\/es\\\/producte\\\/motxilla-petita-mrs-butterfly-trixie#primaryimage\"},\"image\":{\"@id\":\"https:\\\/\\\/somllavors.com\\\/es\\\/producte\\\/motxilla-petita-mrs-butterfly-trixie#primaryimage\"},\"thumbnailUrl\":\"https:\\\/\\\/somllavors.com\\\/wp-content\\\/uploads\\\/2025\\\/07\\\/5400858932297_01-1.jpg\",\"datePublished\":\"2025-07-14T12:30:55+00:00\",\"dateModified\":\"2026-02-05T17:39:26+00:00\",\"description\":\"Amb aquesta motxilla, l'infant estar\u00e0 llest per a la gran aventura de l'escola! La motxilla t\u00e9 els tirants c\u00f2modes i ajustables. Hi ha una nansa per dalt per poder agafar f\u00e0cilment i penjar-la en qualsevol ganxo. El tancament del pit impedir\u00e0 que caigui amb facilitat. L'obertura principal es fa amb cremallera, molt m\u00e9s f\u00e0cil pels nostres infants. Perqu\u00e8 no es perdi, per dins, hi ha una etiqueta de tela per poder escriure el cognom de l'infant. En aquesta motxilla hi caben f\u00e0cilment els accessoris de l'infant per a la llar d'infants o les seves joguines preferides i\",\"breadcrumb\":{\"@id\":\"https:\\\/\\\/somllavors.com\\\/es\\\/producte\\\/motxilla-petita-mrs-butterfly-trixie#breadcrumb\"},\"inLanguage\":\"es\",\"potentialAction\":[{\"@type\":\"ReadAction\",\"target\":[\"https:\\\/\\\/somllavors.com\\\/es\\\/producte\\\/motxilla-petita-mrs-butterfly-trixie\"]}]},{\"@type\":\"ImageObject\",\"inLanguage\":\"es\",\"@id\":\"https:\\\/\\\/somllavors.com\\\/es\\\/producte\\\/motxilla-petita-mrs-butterfly-trixie#primaryimage\",\"url\":\"https:\\\/\\\/somllavors.com\\\/wp-content\\\/uploads\\\/2025\\\/07\\\/5400858932297_01-1.jpg\",\"contentUrl\":\"https:\\\/\\\/somllavors.com\\\/wp-content\\\/uploads\\\/2025\\\/07\\\/5400858932297_01-1.jpg\",\"width\":1080,\"height\":1080,\"caption\":\"motxilla petita butterfly\"},{\"@type\":\"BreadcrumbList\",\"@id\":\"https:\\\/\\\/somllavors.com\\\/es\\\/producte\\\/motxilla-petita-mrs-butterfly-trixie#breadcrumb\",\"itemListElement\":[{\"@type\":\"ListItem\",\"position\":1,\"name\":\"Inici\",\"item\":\"https:\\\/\\\/somllavors.com\\\/es\"},{\"@type\":\"ListItem\",\"position\":2,\"name\":\"Tienda\",\"item\":\"https:\\\/\\\/somllavors.com\\\/es\\\/botiga-2\"},{\"@type\":\"ListItem\",\"position\":3,\"name\":\"Motxilla petita Mrs. Butterfly &#8211; Trixie\"}]},{\"@type\":\"WebSite\",\"@id\":\"https:\\\/\\\/somllavors.com\\\/es#website\",\"url\":\"https:\\\/\\\/somllavors.com\\\/es\",\"name\":\"Som Llavors\",\"description\":\"Botiga de crian\u00e7a natural\",\"publisher\":{\"@id\":\"https:\\\/\\\/somllavors.com\\\/es#organization\"},\"alternateName\":\"Crian\u00e7a Natural i Sostenible\",\"potentialAction\":[{\"@type\":\"SearchAction\",\"target\":{\"@type\":\"EntryPoint\",\"urlTemplate\":\"https:\\\/\\\/somllavors.com\\\/es?s={search_term_string}\"},\"query-input\":{\"@type\":\"PropertyValueSpecification\",\"valueRequired\":true,\"valueName\":\"search_term_string\"}}],\"inLanguage\":\"es\"},{\"@type\":[\"Organization\",\"Place\",\"Store\"],\"@id\":\"https:\\\/\\\/somllavors.com\\\/es#organization\",\"name\":\"Som Llavors\",\"alternateName\":\"Crian\u00e7a Natural i Sostenible\",\"url\":\"https:\\\/\\\/somllavors.com\\\/es\",\"logo\":{\"@id\":\"https:\\\/\\\/somllavors.com\\\/es\\\/producte\\\/motxilla-petita-mrs-butterfly-trixie#local-main-organization-logo\"},\"image\":{\"@id\":\"https:\\\/\\\/somllavors.com\\\/es\\\/producte\\\/motxilla-petita-mrs-butterfly-trixie#local-main-organization-logo\"},\"sameAs\":[\"https:\\\/\\\/www.facebook.com\\\/somllavorsvng\\\/?locale=ca_ES\",\"https:\\\/\\\/www.instagram.com\\\/somllavors_vng\\\/\",\"https:\\\/\\\/www.youtube.com\\\/@somllavors\"],\"address\":{\"@id\":\"https:\\\/\\\/somllavors.com\\\/es\\\/producte\\\/motxilla-petita-mrs-butterfly-trixie#local-main-place-address\"},\"geo\":{\"@type\":\"GeoCoordinates\",\"latitude\":\"41.2257737\",\"longitude\":\"1.723258859\"},\"telephone\":[\"623152704\"],\"openingHoursSpecification\":[{\"@type\":\"OpeningHoursSpecification\",\"dayOfWeek\":[\"Monday\",\"Sunday\"],\"opens\":\"00:00\",\"closes\":\"00:00\"},{\"@type\":\"OpeningHoursSpecification\",\"dayOfWeek\":[\"Tuesday\",\"Wednesday\",\"Thursday\",\"Friday\"],\"opens\":\"10:00\",\"closes\":\"20:00\"},{\"@type\":\"OpeningHoursSpecification\",\"dayOfWeek\":[\"Saturday\"],\"opens\":\"10:00\",\"closes\":\"13:30\"}],\"email\":\"info@somllavors.com\"},{\"@type\":\"PostalAddress\",\"@id\":\"https:\\\/\\\/somllavors.com\\\/es\\\/producte\\\/motxilla-petita-mrs-butterfly-trixie#local-main-place-address\",\"streetAddress\":\"Carrer de l'aigua, 6\",\"addressLocality\":\"Vilanova i la Geltr\u00fa\",\"postalCode\":\"08800\",\"addressRegion\":\"Barcelona\",\"addressCountry\":\"ES\"},{\"@type\":\"ImageObject\",\"inLanguage\":\"es\",\"@id\":\"https:\\\/\\\/somllavors.com\\\/es\\\/producte\\\/motxilla-petita-mrs-butterfly-trixie#local-main-organization-logo\",\"url\":\"https:\\\/\\\/somllavors.com\\\/wp-content\\\/uploads\\\/Logotip-Som-Llavors.jpg\",\"contentUrl\":\"https:\\\/\\\/somllavors.com\\\/wp-content\\\/uploads\\\/Logotip-Som-Llavors.jpg\",\"width\":1444,\"height\":1323,\"caption\":\"Som Llavors\"}]}<\/script>\n<meta property=\"product:price:amount\" content=\"39.99\" \/>\n<meta property=\"product:price:currency\" content=\"EUR\" \/>\n<meta property=\"og:availability\" content=\"instock\" \/>\n<meta property=\"product:availability\" content=\"instock\" \/>\n<meta property=\"product:retailer_item_id\" content=\"93-229\" \/>\n<meta property=\"product:condition\" content=\"new\" \/>\n<meta name=\"geo.placename\" content=\"Vilanova i la Geltr\u00fa\" \/>\n<meta name=\"geo.position\" content=\"41.2257737;1.723258859\" \/>\n<meta name=\"geo.region\" content=\"Espa\u00f1a\" \/>\n<!-- \/ Yoast SEO Premium plugin. -->","yoast_head_json":{"title":"Motxilla petita Mrs. Butterfly - Trixie &#8212; Som Llavors","description":"Amb aquesta motxilla, l'infant estar\u00e0 llest per a la gran aventura de l'escola!   La motxilla t\u00e9 els tirants c\u00f2modes i ajustables.  Hi ha una nansa per dalt per poder agafar f\u00e0cilment i penjar-la en qualsevol ganxo.  El tancament del pit impedir\u00e0 que caigui amb facilitat.  L'obertura principal es fa amb cremallera, molt m\u00e9s f\u00e0cil pels nostres infants.  Perqu\u00e8 no es perdi, per dins, hi ha una etiqueta de tela per poder escriure el cognom de l'infant.  En aquesta motxilla hi caben f\u00e0cilment els accessoris de l'infant per a la llar d'infants o les seves joguines preferides i","robots":{"index":"index","follow":"follow","max-snippet":"max-snippet:-1","max-image-preview":"max-image-preview:large","max-video-preview":"max-video-preview:-1"},"canonical":"https:\/\/somllavors.com\/es\/producte\/motxilla-petita-mrs-butterfly-trixie","og_locale":"es_ES","og_type":"article","og_title":"Motxilla petita Mrs. Butterfly - Trixie","og_description":"La teva botiga d\u2019ecocrian\u00e7a i espai d\u2019acompanyament a la maternitat","og_url":"https:\/\/somllavors.com\/es\/producte\/motxilla-petita-mrs-butterfly-trixie","og_site_name":"Som Llavors","article_publisher":"https:\/\/www.facebook.com\/somllavorsvng\/?locale=ca_ES","article_modified_time":"2026-02-05T17:39:26+00:00","og_image":[{"width":1080,"height":1080,"url":"https:\/\/somllavors.com\/wp-content\/uploads\/2025\/07\/5400858932297_01-1.jpg","type":"image\/jpeg"}],"twitter_card":"summary_large_image","twitter_misc":{"Precio":"39,99&euro; Iva incl\u00f2s","Availability":"Hay existencias"},"schema":{"@context":"https:\/\/schema.org","@graph":[{"@type":"WebPage","@id":"https:\/\/somllavors.com\/es\/producte\/motxilla-petita-mrs-butterfly-trixie","url":"https:\/\/somllavors.com\/es\/producte\/motxilla-petita-mrs-butterfly-trixie","name":"Motxilla petita Mrs. Butterfly - Trixie &#8212; Som Llavors","isPartOf":{"@id":"https:\/\/somllavors.com\/es#website"},"primaryImageOfPage":{"@id":"https:\/\/somllavors.com\/es\/producte\/motxilla-petita-mrs-butterfly-trixie#primaryimage"},"image":{"@id":"https:\/\/somllavors.com\/es\/producte\/motxilla-petita-mrs-butterfly-trixie#primaryimage"},"thumbnailUrl":"https:\/\/somllavors.com\/wp-content\/uploads\/2025\/07\/5400858932297_01-1.jpg","datePublished":"2025-07-14T12:30:55+00:00","dateModified":"2026-02-05T17:39:26+00:00","description":"Amb aquesta motxilla, l'infant estar\u00e0 llest per a la gran aventura de l'escola! La motxilla t\u00e9 els tirants c\u00f2modes i ajustables. Hi ha una nansa per dalt per poder agafar f\u00e0cilment i penjar-la en qualsevol ganxo. El tancament del pit impedir\u00e0 que caigui amb facilitat. L'obertura principal es fa amb cremallera, molt m\u00e9s f\u00e0cil pels nostres infants. Perqu\u00e8 no es perdi, per dins, hi ha una etiqueta de tela per poder escriure el cognom de l'infant. En aquesta motxilla hi caben f\u00e0cilment els accessoris de l'infant per a la llar d'infants o les seves joguines preferides i","breadcrumb":{"@id":"https:\/\/somllavors.com\/es\/producte\/motxilla-petita-mrs-butterfly-trixie#breadcrumb"},"inLanguage":"es","potentialAction":[{"@type":"ReadAction","target":["https:\/\/somllavors.com\/es\/producte\/motxilla-petita-mrs-butterfly-trixie"]}]},{"@type":"ImageObject","inLanguage":"es","@id":"https:\/\/somllavors.com\/es\/producte\/motxilla-petita-mrs-butterfly-trixie#primaryimage","url":"https:\/\/somllavors.com\/wp-content\/uploads\/2025\/07\/5400858932297_01-1.jpg","contentUrl":"https:\/\/somllavors.com\/wp-content\/uploads\/2025\/07\/5400858932297_01-1.jpg","width":1080,"height":1080,"caption":"motxilla petita butterfly"},{"@type":"BreadcrumbList","@id":"https:\/\/somllavors.com\/es\/producte\/motxilla-petita-mrs-butterfly-trixie#breadcrumb","itemListElement":[{"@type":"ListItem","position":1,"name":"Inici","item":"https:\/\/somllavors.com\/es"},{"@type":"ListItem","position":2,"name":"Tienda","item":"https:\/\/somllavors.com\/es\/botiga-2"},{"@type":"ListItem","position":3,"name":"Motxilla petita Mrs. Butterfly &#8211; Trixie"}]},{"@type":"WebSite","@id":"https:\/\/somllavors.com\/es#website","url":"https:\/\/somllavors.com\/es","name":"Som Llavors","description":"Botiga de crian\u00e7a natural","publisher":{"@id":"https:\/\/somllavors.com\/es#organization"},"alternateName":"Crian\u00e7a Natural i Sostenible","potentialAction":[{"@type":"SearchAction","target":{"@type":"EntryPoint","urlTemplate":"https:\/\/somllavors.com\/es?s={search_term_string}"},"query-input":{"@type":"PropertyValueSpecification","valueRequired":true,"valueName":"search_term_string"}}],"inLanguage":"es"},{"@type":["Organization","Place","Store"],"@id":"https:\/\/somllavors.com\/es#organization","name":"Som Llavors","alternateName":"Crian\u00e7a Natural i Sostenible","url":"https:\/\/somllavors.com\/es","logo":{"@id":"https:\/\/somllavors.com\/es\/producte\/motxilla-petita-mrs-butterfly-trixie#local-main-organization-logo"},"image":{"@id":"https:\/\/somllavors.com\/es\/producte\/motxilla-petita-mrs-butterfly-trixie#local-main-organization-logo"},"sameAs":["https:\/\/www.facebook.com\/somllavorsvng\/?locale=ca_ES","https:\/\/www.instagram.com\/somllavors_vng\/","https:\/\/www.youtube.com\/@somllavors"],"address":{"@id":"https:\/\/somllavors.com\/es\/producte\/motxilla-petita-mrs-butterfly-trixie#local-main-place-address"},"geo":{"@type":"GeoCoordinates","latitude":"41.2257737","longitude":"1.723258859"},"telephone":["623152704","623152704"],"openingHoursSpecification":[{"@type":"OpeningHoursSpecification","dayOfWeek":["Monday","Sunday"],"opens":"00:00","closes":"00:00"},{"@type":"OpeningHoursSpecification","dayOfWeek":["Tuesday","Wednesday","Thursday","Friday"],"opens":"10:00","closes":"20:00"},{"@type":"OpeningHoursSpecification","dayOfWeek":["Saturday"],"opens":"10:00","closes":"13:30"}],"email":"info@somllavors.com"},{"@type":"PostalAddress","@id":"https:\/\/somllavors.com\/es\/producte\/motxilla-petita-mrs-butterfly-trixie#local-main-place-address","streetAddress":"Carrer de l'aigua, 6","addressLocality":"Vilanova i la Geltr\u00fa","postalCode":"08800","addressRegion":"Barcelona","addressCountry":"ES"},{"@type":"ImageObject","inLanguage":"es","@id":"https:\/\/somllavors.com\/es\/producte\/motxilla-petita-mrs-butterfly-trixie#local-main-organization-logo","url":"https:\/\/somllavors.com\/wp-content\/uploads\/Logotip-Som-Llavors.jpg","contentUrl":"https:\/\/somllavors.com\/wp-content\/uploads\/Logotip-Som-Llavors.jpg","width":1444,"height":1323,"caption":"Som Llavors"}]},"product_price_amount":"39.99","product_price_currency":"EUR","og_availability":"instock","product_availability":"instock","product_retailer_item_id":"93-229","product_condition":"new","geo.placename":"Vilanova i la Geltr\u00fa","geo.position":{"lat":"41.2257737","long":"1.723258859"},"geo.region":"Espa\u00f1a"},"brands":[{"id":4098,"name":"Trixie","slug":"trixie"}],"_links":{"self":[{"href":"https:\/\/somllavors.com\/es\/wp-json\/wp\/v2\/product\/80302","targetHints":{"allow":["GET"]}}],"collection":[{"href":"https:\/\/somllavors.com\/es\/wp-json\/wp\/v2\/product"}],"about":[{"href":"https:\/\/somllavors.com\/es\/wp-json\/wp\/v2\/types\/product"}],"wp:featuredmedia":[{"embeddable":true,"href":"https:\/\/somllavors.com\/es\/wp-json\/wp\/v2\/media\/80305"}],"wp:attachment":[{"href":"https:\/\/somllavors.com\/es\/wp-json\/wp\/v2\/media?parent=80302"}],"wp:term":[{"taxonomy":"pwb-brand","embeddable":true,"href":"https:\/\/somllavors.com\/es\/wp-json\/wp\/v2\/pwb-brand?post=80302"},{"taxonomy":"product_brand","embeddable":true,"href":"https:\/\/somllavors.com\/es\/wp-json\/wp\/v2\/product_brand?post=80302"},{"taxonomy":"product_cat","embeddable":true,"href":"https:\/\/somllavors.com\/es\/wp-json\/wp\/v2\/product_cat?post=80302"},{"taxonomy":"product_tag","embeddable":true,"href":"https:\/\/somllavors.com\/es\/wp-json\/wp\/v2\/product_tag?post=80302"}],"curies":[{"name":"wp","href":"https:\/\/api.w.org\/{rel}","templated":true}]}}