{"id":80342,"date":"2025-07-15T11:54:54","date_gmt":"2025-07-15T09:54:54","guid":{"rendered":"https:\/\/somllavors.com\/?post_type=product&#038;p=80342"},"modified":"2026-02-05T18:38:45","modified_gmt":"2026-02-05T17:38:45","slug":"paraigues-mrs-triceratops-trixie","status":"publish","type":"product","link":"https:\/\/somllavors.com\/es\/producte\/paraigues-mrs-triceratops-trixie","title":{"rendered":"Paraig\u00fces Mrs. Triceratops &#8211; Trixie"},"content":{"rendered":"<ul>\n<li>Materials: 100% poli\u00e8ster reciclat<\/li>\n<li>Dimensions (L x A): 60 cm x 70 cm<\/li>\n<\/ul>\n","protected":false},"excerpt":{"rendered":"<p>Gaudeix de la pluja amb aquests paraig\u00fces alegres d&#8217;animals, fets de material reciclat!<\/p>\n<ul>\n<li>Un dia gris canvia instantani de color amb aquests amants d&#8217;animals alegres al teu costat!<\/li>\n<li>Estigues sec sota el paraigua del teu animal preferit.<\/li>\n<li>Les seves orelles de voletegen felices quan salten als bassals i ballen sota la pluja!<\/li>\n<li>Els paraig\u00fces estan fets de poli\u00e8ster 100% reciclat.<\/li>\n<li>El sistema lliscant per obrir i tancar el paraigua est\u00e0 especialment dissenyat per a les mans dels infants, de manera que puguin fer servir el paraigua de manera segura i suau.<\/li>\n<li>El paraigua t\u00e9 una armadura d\u02bbalumini fort, d\u02bbalta qualitat i molt lleuger.<\/li>\n<\/ul>\n","protected":false},"featured_media":80338,"template":"","meta":{"_acf_changed":false,"site-sidebar-layout":"default","site-content-layout":"","ast-site-content-layout":"default","site-content-style":"default","site-sidebar-style":"default","ast-global-header-display":"","ast-banner-title-visibility":"","ast-main-header-display":"","ast-hfb-above-header-display":"","ast-hfb-below-header-display":"","ast-hfb-mobile-header-display":"","site-post-title":"","ast-breadcrumbs-content":"","ast-featured-img":"","footer-sml-layout":"","theme-transparent-header-meta":"default","adv-header-id-meta":"","stick-header-meta":"","header-above-stick-meta":"","header-main-stick-meta":"","header-below-stick-meta":"","astra-migrate-meta-layouts":"set","ast-page-background-enabled":"default","ast-page-background-meta":{"desktop":{"background-color":"","background-image":"","background-repeat":"repeat","background-position":"center center","background-size":"auto","background-attachment":"scroll","background-type":"","background-media":"","overlay-type":"","overlay-color":"","overlay-opacity":"","overlay-gradient":""},"tablet":{"background-color":"","background-image":"","background-repeat":"repeat","background-position":"center center","background-size":"auto","background-attachment":"scroll","background-type":"","background-media":"","overlay-type":"","overlay-color":"","overlay-opacity":"","overlay-gradient":""},"mobile":{"background-color":"","background-image":"","background-repeat":"repeat","background-position":"center center","background-size":"auto","background-attachment":"scroll","background-type":"","background-media":"","overlay-type":"","overlay-color":"","overlay-opacity":"","overlay-gradient":""}},"ast-content-background-meta":{"desktop":{"background-color":"var(--ast-global-color-5)","background-image":"","background-repeat":"repeat","background-position":"center center","background-size":"auto","background-attachment":"scroll","background-type":"","background-media":"","overlay-type":"","overlay-color":"","overlay-opacity":"","overlay-gradient":""},"tablet":{"background-color":"var(--ast-global-color-5)","background-image":"","background-repeat":"repeat","background-position":"center center","background-size":"auto","background-attachment":"scroll","background-type":"","background-media":"","overlay-type":"","overlay-color":"","overlay-opacity":"","overlay-gradient":""},"mobile":{"background-color":"var(--ast-global-color-5)","background-image":"","background-repeat":"repeat","background-position":"center center","background-size":"auto","background-attachment":"scroll","background-type":"","background-media":"","overlay-type":"","overlay-color":"","overlay-opacity":"","overlay-gradient":""}}},"pwb-brand":[4098],"product_brand":[],"product_cat":[4069],"product_tag":[5656],"class_list":{"0":"post-80342","1":"product","2":"type-product","3":"status-publish","4":"has-post-thumbnail","6":"pwb-brand-trixie","7":"product_cat-paraigues","8":"product_tag-mr-triceratops","9":"desktop-align-left","10":"tablet-align-left","11":"mobile-align-left","13":"first","14":"instock","15":"taxable","16":"shipping-taxable","17":"purchasable","18":"product-type-simple"},"acf":[],"yoast_head":"<!-- This site is optimized with the Yoast SEO Premium plugin v18.3 (Yoast SEO v26.2) - https:\/\/yoast.com\/wordpress\/plugins\/seo\/ -->\n<title>Paraig\u00fces Mrs. Triceratops - Trixie &#8212; Som Llavors<\/title>\n<meta name=\"description\" content=\"Gaudeix de la pluja amb aquests paraig\u00fces alegres d&#039;animals, fets de material reciclat!   Un dia gris canvia instantani de color amb aquests amants d&#039;animals alegres al teu costat!  Estigues sec sota el paraigua del teu animal preferit.  Les seves orelles de voletegen felices quan salten als bassals i ballen sota la pluja!  Els paraig\u00fces estan fets de poli\u00e8ster 100% reciclat.  El sistema lliscant per obrir i tancar el paraigua est\u00e0 especialment dissenyat per a les mans dels infants, de manera que puguin fer servir el paraigua de manera segura i suau.  El paraigua t\u00e9 una armadura d\u02bbalumini fort, d\u02bbalta qualitat i molt lleuger.\" \/>\n<meta name=\"robots\" content=\"index, follow, max-snippet:-1, max-image-preview:large, max-video-preview:-1\" \/>\n<link rel=\"canonical\" href=\"https:\/\/somllavors.com\/es\/producte\/paraigues-mrs-triceratops-trixie\" \/>\n<meta property=\"og:locale\" content=\"es_ES\" \/>\n<meta property=\"og:type\" content=\"article\" \/>\n<meta property=\"og:title\" content=\"Paraig\u00fces Mrs. Triceratops - Trixie\" \/>\n<meta property=\"og:description\" content=\"La teva botiga d\u2019ecocrian\u00e7a i espai d\u2019acompanyament a la maternitat\" \/>\n<meta property=\"og:url\" content=\"https:\/\/somllavors.com\/es\/producte\/paraigues-mrs-triceratops-trixie\" \/>\n<meta property=\"og:site_name\" content=\"Som Llavors\" \/>\n<meta property=\"article:publisher\" content=\"https:\/\/www.facebook.com\/somllavorsvng\/?locale=ca_ES\" \/>\n<meta property=\"article:modified_time\" content=\"2026-02-05T17:38:45+00:00\" \/>\n<meta property=\"og:image\" content=\"https:\/\/somllavors.com\/wp-content\/uploads\/2025\/07\/5400858382283_01.jpg\" \/>\n\t<meta property=\"og:image:width\" content=\"1080\" \/>\n\t<meta property=\"og:image:height\" content=\"1080\" \/>\n\t<meta property=\"og:image:type\" content=\"image\/jpeg\" \/>\n<meta name=\"twitter:card\" content=\"summary_large_image\" \/>\n<meta name=\"twitter:label1\" content=\"Precio\" \/>\n\t<meta name=\"twitter:data1\" content=\"19,99&euro; Iva incl\u00f2s\" \/>\n\t<meta name=\"twitter:label2\" content=\"Availability\" \/>\n\t<meta name=\"twitter:data2\" content=\"Hay existencias\" \/>\n<script type=\"application\/ld+json\" class=\"yoast-schema-graph\">{\"@context\":\"https:\/\/schema.org\",\"@graph\":[{\"@type\":\"WebPage\",\"@id\":\"https:\/\/somllavors.com\/es\/producte\/paraigues-mrs-triceratops-trixie\",\"url\":\"https:\/\/somllavors.com\/es\/producte\/paraigues-mrs-triceratops-trixie\",\"name\":\"Paraig\u00fces Mrs. Triceratops - Trixie &#8212; Som Llavors\",\"isPartOf\":{\"@id\":\"https:\/\/somllavors.com\/es#website\"},\"primaryImageOfPage\":{\"@id\":\"https:\/\/somllavors.com\/es\/producte\/paraigues-mrs-triceratops-trixie#primaryimage\"},\"image\":{\"@id\":\"https:\/\/somllavors.com\/es\/producte\/paraigues-mrs-triceratops-trixie#primaryimage\"},\"thumbnailUrl\":\"https:\/\/somllavors.com\/wp-content\/uploads\/2025\/07\/5400858382283_01.jpg\",\"datePublished\":\"2025-07-15T09:54:54+00:00\",\"dateModified\":\"2026-02-05T17:38:45+00:00\",\"description\":\"Gaudeix de la pluja amb aquests paraig\u00fces alegres d'animals, fets de material reciclat! Un dia gris canvia instantani de color amb aquests amants d'animals alegres al teu costat! Estigues sec sota el paraigua del teu animal preferit. Les seves orelles de voletegen felices quan salten als bassals i ballen sota la pluja! Els paraig\u00fces estan fets de poli\u00e8ster 100% reciclat. El sistema lliscant per obrir i tancar el paraigua est\u00e0 especialment dissenyat per a les mans dels infants, de manera que puguin fer servir el paraigua de manera segura i suau. El paraigua t\u00e9 una armadura d\u02bbalumini fort, d\u02bbalta qualitat i molt lleuger.\",\"breadcrumb\":{\"@id\":\"https:\/\/somllavors.com\/es\/producte\/paraigues-mrs-triceratops-trixie#breadcrumb\"},\"inLanguage\":\"es\",\"potentialAction\":[{\"@type\":\"ReadAction\",\"target\":[\"https:\/\/somllavors.com\/es\/producte\/paraigues-mrs-triceratops-trixie\"]}]},{\"@type\":\"ImageObject\",\"inLanguage\":\"es\",\"@id\":\"https:\/\/somllavors.com\/es\/producte\/paraigues-mrs-triceratops-trixie#primaryimage\",\"url\":\"https:\/\/somllavors.com\/wp-content\/uploads\/2025\/07\/5400858382283_01.jpg\",\"contentUrl\":\"https:\/\/somllavors.com\/wp-content\/uploads\/2025\/07\/5400858382283_01.jpg\",\"width\":1080,\"height\":1080,\"caption\":\"paraigues trixie Triceratops\"},{\"@type\":\"BreadcrumbList\",\"@id\":\"https:\/\/somllavors.com\/es\/producte\/paraigues-mrs-triceratops-trixie#breadcrumb\",\"itemListElement\":[{\"@type\":\"ListItem\",\"position\":1,\"name\":\"Inici\",\"item\":\"https:\/\/somllavors.com\/es\"},{\"@type\":\"ListItem\",\"position\":2,\"name\":\"Tienda\",\"item\":\"https:\/\/somllavors.com\/es\/botiga-2\"},{\"@type\":\"ListItem\",\"position\":3,\"name\":\"Paraig\u00fces Mrs. Triceratops &#8211; Trixie\"}]},{\"@type\":\"WebSite\",\"@id\":\"https:\/\/somllavors.com\/es#website\",\"url\":\"https:\/\/somllavors.com\/es\",\"name\":\"Som Llavors\",\"description\":\"Botiga de crian\u00e7a natural\",\"publisher\":{\"@id\":\"https:\/\/somllavors.com\/es#organization\"},\"alternateName\":\"Crian\u00e7a Natural i Sostenible\",\"potentialAction\":[{\"@type\":\"SearchAction\",\"target\":{\"@type\":\"EntryPoint\",\"urlTemplate\":\"https:\/\/somllavors.com\/es?s={search_term_string}\"},\"query-input\":{\"@type\":\"PropertyValueSpecification\",\"valueRequired\":true,\"valueName\":\"search_term_string\"}}],\"inLanguage\":\"es\"},{\"@type\":[\"Organization\",\"Place\",\"Store\"],\"@id\":\"https:\/\/somllavors.com\/es#organization\",\"name\":\"Som Llavors\",\"alternateName\":\"Crian\u00e7a Natural i Sostenible\",\"url\":\"https:\/\/somllavors.com\/es\",\"logo\":{\"@id\":\"https:\/\/somllavors.com\/es\/producte\/paraigues-mrs-triceratops-trixie#local-main-organization-logo\"},\"image\":{\"@id\":\"https:\/\/somllavors.com\/es\/producte\/paraigues-mrs-triceratops-trixie#local-main-organization-logo\"},\"sameAs\":[\"https:\/\/www.facebook.com\/somllavorsvng\/?locale=ca_ES\",\"https:\/\/www.instagram.com\/somllavors_vng\/\",\"https:\/\/www.youtube.com\/@somllavors\"],\"address\":{\"@id\":\"https:\/\/somllavors.com\/es\/producte\/paraigues-mrs-triceratops-trixie#local-main-place-address\"},\"geo\":{\"@type\":\"GeoCoordinates\",\"latitude\":\"41.2257737\",\"longitude\":\"1.723258859\"},\"telephone\":[\"623152704\"],\"openingHoursSpecification\":[{\"@type\":\"OpeningHoursSpecification\",\"dayOfWeek\":[\"Monday\",\"Sunday\"],\"opens\":\"00:00\",\"closes\":\"00:00\"},{\"@type\":\"OpeningHoursSpecification\",\"dayOfWeek\":[\"Tuesday\",\"Wednesday\",\"Thursday\",\"Friday\"],\"opens\":\"10:00\",\"closes\":\"20:00\"},{\"@type\":\"OpeningHoursSpecification\",\"dayOfWeek\":[\"Saturday\"],\"opens\":\"10:00\",\"closes\":\"13:30\"}],\"email\":\"info@somllavors.com\"},{\"@type\":\"PostalAddress\",\"@id\":\"https:\/\/somllavors.com\/es\/producte\/paraigues-mrs-triceratops-trixie#local-main-place-address\",\"streetAddress\":\"Carrer de l'aigua, 6\",\"addressLocality\":\"Vilanova i la Geltr\u00fa\",\"postalCode\":\"08800\",\"addressRegion\":\"Barcelona\",\"addressCountry\":\"ES\"},{\"@type\":\"ImageObject\",\"inLanguage\":\"es\",\"@id\":\"https:\/\/somllavors.com\/es\/producte\/paraigues-mrs-triceratops-trixie#local-main-organization-logo\",\"url\":\"https:\/\/somllavors.com\/wp-content\/uploads\/Logotip-Som-Llavors.jpg\",\"contentUrl\":\"https:\/\/somllavors.com\/wp-content\/uploads\/Logotip-Som-Llavors.jpg\",\"width\":1444,\"height\":1323,\"caption\":\"Som Llavors\"}]}<\/script>\n<meta property=\"product:price:amount\" content=\"19.99\" \/>\n<meta property=\"product:price:currency\" content=\"EUR\" \/>\n<meta property=\"og:availability\" content=\"instock\" \/>\n<meta property=\"product:availability\" content=\"instock\" \/>\n<meta property=\"product:retailer_item_id\" content=\"38-228\" \/>\n<meta property=\"product:condition\" content=\"new\" \/>\n<meta name=\"geo.placename\" content=\"Vilanova i la Geltr\u00fa\" \/>\n<meta name=\"geo.position\" content=\"41.2257737;1.723258859\" \/>\n<meta name=\"geo.region\" content=\"Espa\u00f1a\" \/>\n<!-- \/ Yoast SEO Premium plugin. -->","yoast_head_json":{"title":"Paraig\u00fces Mrs. Triceratops - Trixie &#8212; Som Llavors","description":"Gaudeix de la pluja amb aquests paraig\u00fces alegres d'animals, fets de material reciclat!   Un dia gris canvia instantani de color amb aquests amants d'animals alegres al teu costat!  Estigues sec sota el paraigua del teu animal preferit.  Les seves orelles de voletegen felices quan salten als bassals i ballen sota la pluja!  Els paraig\u00fces estan fets de poli\u00e8ster 100% reciclat.  El sistema lliscant per obrir i tancar el paraigua est\u00e0 especialment dissenyat per a les mans dels infants, de manera que puguin fer servir el paraigua de manera segura i suau.  El paraigua t\u00e9 una armadura d\u02bbalumini fort, d\u02bbalta qualitat i molt lleuger.","robots":{"index":"index","follow":"follow","max-snippet":"max-snippet:-1","max-image-preview":"max-image-preview:large","max-video-preview":"max-video-preview:-1"},"canonical":"https:\/\/somllavors.com\/es\/producte\/paraigues-mrs-triceratops-trixie","og_locale":"es_ES","og_type":"article","og_title":"Paraig\u00fces Mrs. Triceratops - Trixie","og_description":"La teva botiga d\u2019ecocrian\u00e7a i espai d\u2019acompanyament a la maternitat","og_url":"https:\/\/somllavors.com\/es\/producte\/paraigues-mrs-triceratops-trixie","og_site_name":"Som Llavors","article_publisher":"https:\/\/www.facebook.com\/somllavorsvng\/?locale=ca_ES","article_modified_time":"2026-02-05T17:38:45+00:00","og_image":[{"width":1080,"height":1080,"url":"https:\/\/somllavors.com\/wp-content\/uploads\/2025\/07\/5400858382283_01.jpg","type":"image\/jpeg"}],"twitter_card":"summary_large_image","twitter_misc":{"Precio":"19,99&euro; Iva incl\u00f2s","Availability":"Hay existencias"},"schema":{"@context":"https:\/\/schema.org","@graph":[{"@type":"WebPage","@id":"https:\/\/somllavors.com\/es\/producte\/paraigues-mrs-triceratops-trixie","url":"https:\/\/somllavors.com\/es\/producte\/paraigues-mrs-triceratops-trixie","name":"Paraig\u00fces Mrs. Triceratops - Trixie &#8212; Som Llavors","isPartOf":{"@id":"https:\/\/somllavors.com\/es#website"},"primaryImageOfPage":{"@id":"https:\/\/somllavors.com\/es\/producte\/paraigues-mrs-triceratops-trixie#primaryimage"},"image":{"@id":"https:\/\/somllavors.com\/es\/producte\/paraigues-mrs-triceratops-trixie#primaryimage"},"thumbnailUrl":"https:\/\/somllavors.com\/wp-content\/uploads\/2025\/07\/5400858382283_01.jpg","datePublished":"2025-07-15T09:54:54+00:00","dateModified":"2026-02-05T17:38:45+00:00","description":"Gaudeix de la pluja amb aquests paraig\u00fces alegres d'animals, fets de material reciclat! Un dia gris canvia instantani de color amb aquests amants d'animals alegres al teu costat! Estigues sec sota el paraigua del teu animal preferit. Les seves orelles de voletegen felices quan salten als bassals i ballen sota la pluja! Els paraig\u00fces estan fets de poli\u00e8ster 100% reciclat. El sistema lliscant per obrir i tancar el paraigua est\u00e0 especialment dissenyat per a les mans dels infants, de manera que puguin fer servir el paraigua de manera segura i suau. El paraigua t\u00e9 una armadura d\u02bbalumini fort, d\u02bbalta qualitat i molt lleuger.","breadcrumb":{"@id":"https:\/\/somllavors.com\/es\/producte\/paraigues-mrs-triceratops-trixie#breadcrumb"},"inLanguage":"es","potentialAction":[{"@type":"ReadAction","target":["https:\/\/somllavors.com\/es\/producte\/paraigues-mrs-triceratops-trixie"]}]},{"@type":"ImageObject","inLanguage":"es","@id":"https:\/\/somllavors.com\/es\/producte\/paraigues-mrs-triceratops-trixie#primaryimage","url":"https:\/\/somllavors.com\/wp-content\/uploads\/2025\/07\/5400858382283_01.jpg","contentUrl":"https:\/\/somllavors.com\/wp-content\/uploads\/2025\/07\/5400858382283_01.jpg","width":1080,"height":1080,"caption":"paraigues trixie Triceratops"},{"@type":"BreadcrumbList","@id":"https:\/\/somllavors.com\/es\/producte\/paraigues-mrs-triceratops-trixie#breadcrumb","itemListElement":[{"@type":"ListItem","position":1,"name":"Inici","item":"https:\/\/somllavors.com\/es"},{"@type":"ListItem","position":2,"name":"Tienda","item":"https:\/\/somllavors.com\/es\/botiga-2"},{"@type":"ListItem","position":3,"name":"Paraig\u00fces Mrs. Triceratops &#8211; Trixie"}]},{"@type":"WebSite","@id":"https:\/\/somllavors.com\/es#website","url":"https:\/\/somllavors.com\/es","name":"Som Llavors","description":"Botiga de crian\u00e7a natural","publisher":{"@id":"https:\/\/somllavors.com\/es#organization"},"alternateName":"Crian\u00e7a Natural i Sostenible","potentialAction":[{"@type":"SearchAction","target":{"@type":"EntryPoint","urlTemplate":"https:\/\/somllavors.com\/es?s={search_term_string}"},"query-input":{"@type":"PropertyValueSpecification","valueRequired":true,"valueName":"search_term_string"}}],"inLanguage":"es"},{"@type":["Organization","Place","Store"],"@id":"https:\/\/somllavors.com\/es#organization","name":"Som Llavors","alternateName":"Crian\u00e7a Natural i Sostenible","url":"https:\/\/somllavors.com\/es","logo":{"@id":"https:\/\/somllavors.com\/es\/producte\/paraigues-mrs-triceratops-trixie#local-main-organization-logo"},"image":{"@id":"https:\/\/somllavors.com\/es\/producte\/paraigues-mrs-triceratops-trixie#local-main-organization-logo"},"sameAs":["https:\/\/www.facebook.com\/somllavorsvng\/?locale=ca_ES","https:\/\/www.instagram.com\/somllavors_vng\/","https:\/\/www.youtube.com\/@somllavors"],"address":{"@id":"https:\/\/somllavors.com\/es\/producte\/paraigues-mrs-triceratops-trixie#local-main-place-address"},"geo":{"@type":"GeoCoordinates","latitude":"41.2257737","longitude":"1.723258859"},"telephone":["623152704","623152704"],"openingHoursSpecification":[{"@type":"OpeningHoursSpecification","dayOfWeek":["Monday","Sunday"],"opens":"00:00","closes":"00:00"},{"@type":"OpeningHoursSpecification","dayOfWeek":["Tuesday","Wednesday","Thursday","Friday"],"opens":"10:00","closes":"20:00"},{"@type":"OpeningHoursSpecification","dayOfWeek":["Saturday"],"opens":"10:00","closes":"13:30"}],"email":"info@somllavors.com"},{"@type":"PostalAddress","@id":"https:\/\/somllavors.com\/es\/producte\/paraigues-mrs-triceratops-trixie#local-main-place-address","streetAddress":"Carrer de l'aigua, 6","addressLocality":"Vilanova i la Geltr\u00fa","postalCode":"08800","addressRegion":"Barcelona","addressCountry":"ES"},{"@type":"ImageObject","inLanguage":"es","@id":"https:\/\/somllavors.com\/es\/producte\/paraigues-mrs-triceratops-trixie#local-main-organization-logo","url":"https:\/\/somllavors.com\/wp-content\/uploads\/Logotip-Som-Llavors.jpg","contentUrl":"https:\/\/somllavors.com\/wp-content\/uploads\/Logotip-Som-Llavors.jpg","width":1444,"height":1323,"caption":"Som Llavors"}]},"product_price_amount":"19.99","product_price_currency":"EUR","og_availability":"instock","product_availability":"instock","product_retailer_item_id":"38-228","product_condition":"new","geo.placename":"Vilanova i la Geltr\u00fa","geo.position":{"lat":"41.2257737","long":"1.723258859"},"geo.region":"Espa\u00f1a"},"brands":[{"id":4098,"name":"Trixie","slug":"trixie"}],"_links":{"self":[{"href":"https:\/\/somllavors.com\/es\/wp-json\/wp\/v2\/product\/80342","targetHints":{"allow":["GET"]}}],"collection":[{"href":"https:\/\/somllavors.com\/es\/wp-json\/wp\/v2\/product"}],"about":[{"href":"https:\/\/somllavors.com\/es\/wp-json\/wp\/v2\/types\/product"}],"wp:featuredmedia":[{"embeddable":true,"href":"https:\/\/somllavors.com\/es\/wp-json\/wp\/v2\/media\/80338"}],"wp:attachment":[{"href":"https:\/\/somllavors.com\/es\/wp-json\/wp\/v2\/media?parent=80342"}],"wp:term":[{"taxonomy":"pwb-brand","embeddable":true,"href":"https:\/\/somllavors.com\/es\/wp-json\/wp\/v2\/pwb-brand?post=80342"},{"taxonomy":"product_brand","embeddable":true,"href":"https:\/\/somllavors.com\/es\/wp-json\/wp\/v2\/product_brand?post=80342"},{"taxonomy":"product_cat","embeddable":true,"href":"https:\/\/somllavors.com\/es\/wp-json\/wp\/v2\/product_cat?post=80342"},{"taxonomy":"product_tag","embeddable":true,"href":"https:\/\/somllavors.com\/es\/wp-json\/wp\/v2\/product_tag?post=80342"}],"curies":[{"name":"wp","href":"https:\/\/api.w.org\/{rel}","templated":true}]}}