{"id":82364,"date":"2025-09-04T17:43:53","date_gmt":"2025-09-04T15:43:53","guid":{"rendered":"https:\/\/somllavors.com\/?post_type=product&#038;p=82364"},"modified":"2026-02-19T18:48:54","modified_gmt":"2026-02-19T17:48:54","slug":"braga-de-coll-mathias-hunter-green-liewood","status":"publish","type":"product","link":"https:\/\/somllavors.com\/es\/producte\/braga-de-coll-mathias-hunter-green-liewood","title":{"rendered":"Braga de coll \u201cMathias\u201d Hunter green \u2013 Liewood"},"content":{"rendered":"<ul>\n<li>Fet amb punt de canal\u00e9 de qualitat. <span dir=\"auto\">Fet de cot\u00f3 org\u00e0nic 100% amb certificaci\u00f3 GOTS<\/span><\/li>\n<li>Pr\u00e0ctic: sense extrems llargs de bufanda<\/li>\n<li><span dir=\"auto\">El cot\u00f3 \u00e9s ultrasuau i no pica<\/span><\/li>\n<li><span dir=\"auto\">Una obertura a la part inferior garanteix un ajust c\u00f2mode<\/span><\/li>\n<li>Mant\u00e9 el coll calent<\/li>\n<li><span dir=\"auto\">Tot i que \u00e9s d&#8217;una sola talla, la qualitat proporciona molta elasticitat<\/span><\/li>\n<\/ul>\n","protected":false},"excerpt":{"rendered":"<p><span dir=\"auto\">Assegura&#8217;t que la teva criatura tingui tota la calidesa i la comoditat per\u00f2 sense el volum d&#8217;una bufanda amb el cl\u00e0ssic escalfador de coll MATHIAS. <\/span><\/p>\n<ul>\n<li><span dir=\"auto\">Fet de cot\u00f3 org\u00e0nic suau, garanteix que no hi hagi picor, mentre que la qualitat del canal\u00e9 garanteix un ajust cenyit, cosa que el fa ideal per portar sota jaquetes i peces de punt.<\/span><\/li>\n<\/ul>\n","protected":false},"featured_media":82357,"template":"","meta":{"_acf_changed":false,"site-sidebar-layout":"default","site-content-layout":"","ast-site-content-layout":"default","site-content-style":"default","site-sidebar-style":"default","ast-global-header-display":"","ast-banner-title-visibility":"","ast-main-header-display":"","ast-hfb-above-header-display":"","ast-hfb-below-header-display":"","ast-hfb-mobile-header-display":"","site-post-title":"","ast-breadcrumbs-content":"","ast-featured-img":"","footer-sml-layout":"","theme-transparent-header-meta":"default","adv-header-id-meta":"","stick-header-meta":"","header-above-stick-meta":"","header-main-stick-meta":"","header-below-stick-meta":"","astra-migrate-meta-layouts":"set","ast-page-background-enabled":"default","ast-page-background-meta":{"desktop":{"background-color":"","background-image":"","background-repeat":"repeat","background-position":"center center","background-size":"auto","background-attachment":"scroll","background-type":"","background-media":"","overlay-type":"","overlay-color":"","overlay-opacity":"","overlay-gradient":""},"tablet":{"background-color":"","background-image":"","background-repeat":"repeat","background-position":"center center","background-size":"auto","background-attachment":"scroll","background-type":"","background-media":"","overlay-type":"","overlay-color":"","overlay-opacity":"","overlay-gradient":""},"mobile":{"background-color":"","background-image":"","background-repeat":"repeat","background-position":"center center","background-size":"auto","background-attachment":"scroll","background-type":"","background-media":"","overlay-type":"","overlay-color":"","overlay-opacity":"","overlay-gradient":""}},"ast-content-background-meta":{"desktop":{"background-color":"var(--ast-global-color-5)","background-image":"","background-repeat":"repeat","background-position":"center center","background-size":"auto","background-attachment":"scroll","background-type":"","background-media":"","overlay-type":"","overlay-color":"","overlay-opacity":"","overlay-gradient":""},"tablet":{"background-color":"var(--ast-global-color-5)","background-image":"","background-repeat":"repeat","background-position":"center center","background-size":"auto","background-attachment":"scroll","background-type":"","background-media":"","overlay-type":"","overlay-color":"","overlay-opacity":"","overlay-gradient":""},"mobile":{"background-color":"var(--ast-global-color-5)","background-image":"","background-repeat":"repeat","background-position":"center center","background-size":"auto","background-attachment":"scroll","background-type":"","background-media":"","overlay-type":"","overlay-color":"","overlay-opacity":"","overlay-gradient":""}}},"pwb-brand":[4103],"product_brand":[],"product_cat":[1769],"product_tag":[800,5758,2323,1985,2324],"class_list":{"0":"post-82364","1":"product","2":"type-product","3":"status-publish","4":"has-post-thumbnail","6":"pwb-brand-liewood","7":"product_cat-accessoris-textil","8":"product_tag-algodon-organico","9":"product_tag-braga-coll","10":"product_tag-braga-cuello","11":"product_tag-liewood","12":"product_tag-mathias","13":"desktop-align-left","14":"tablet-align-left","15":"mobile-align-left","17":"first","18":"instock","19":"taxable","20":"shipping-taxable","21":"purchasable","22":"product-type-simple"},"acf":[],"yoast_head":"<!-- This site is optimized with the Yoast SEO Premium plugin v18.3 (Yoast SEO v26.2) - https:\/\/yoast.com\/wordpress\/plugins\/seo\/ -->\n<title>Braga de coll \u201cMathias\u201d Hunter green \u2013 Liewood &#8212; Som Llavors<\/title>\n<meta name=\"description\" content=\"Assegura&#039;t que la teva criatura tingui tota la calidesa i la comoditat per\u00f2 sense el volum d&#039;una bufanda amb el cl\u00e0ssic escalfador de coll MATHIAS.    Fet de cot\u00f3 org\u00e0nic suau, garanteix que no hi hagi picor, mentre que la qualitat del canal\u00e9 garanteix un ajust cenyit, cosa que el fa ideal per portar sota jaquetes i peces de punt.\" \/>\n<meta name=\"robots\" content=\"index, follow, max-snippet:-1, max-image-preview:large, max-video-preview:-1\" \/>\n<link rel=\"canonical\" href=\"https:\/\/somllavors.com\/es\/producte\/braga-de-coll-mathias-hunter-green-liewood\" \/>\n<meta property=\"og:locale\" content=\"es_ES\" \/>\n<meta property=\"og:type\" content=\"article\" \/>\n<meta property=\"og:title\" content=\"Braga de coll \u201cMathias\u201d Hunter green \u2013 Liewood\" \/>\n<meta property=\"og:description\" content=\"La teva botiga d\u2019ecocrian\u00e7a i espai d\u2019acompanyament a la maternitat\" \/>\n<meta property=\"og:url\" content=\"https:\/\/somllavors.com\/es\/producte\/braga-de-coll-mathias-hunter-green-liewood\" \/>\n<meta property=\"og:site_name\" content=\"Som Llavors\" \/>\n<meta property=\"article:publisher\" content=\"https:\/\/www.facebook.com\/somllavorsvng\/?locale=ca_ES\" \/>\n<meta property=\"article:modified_time\" content=\"2026-02-19T17:48:54+00:00\" \/>\n<meta property=\"og:image\" content=\"https:\/\/somllavors.com\/wp-content\/uploads\/2022\/07\/Som-Llavors-Braga-de-coll-Mathias-hunter-green-\u2013-Liewood-.webp\" \/>\n\t<meta property=\"og:image:width\" content=\"1000\" \/>\n\t<meta property=\"og:image:height\" content=\"1000\" \/>\n\t<meta property=\"og:image:type\" content=\"image\/webp\" \/>\n<meta name=\"twitter:card\" content=\"summary_large_image\" \/>\n<meta name=\"twitter:label1\" content=\"Precio\" \/>\n\t<meta name=\"twitter:data1\" content=\"22,00&euro; Iva incl\u00f2s\" \/>\n\t<meta name=\"twitter:label2\" content=\"Availability\" \/>\n\t<meta name=\"twitter:data2\" content=\"Hay existencias\" \/>\n<script type=\"application\/ld+json\" class=\"yoast-schema-graph\">{\"@context\":\"https:\/\/schema.org\",\"@graph\":[{\"@type\":\"WebPage\",\"@id\":\"https:\/\/somllavors.com\/es\/producte\/braga-de-coll-mathias-hunter-green-liewood\",\"url\":\"https:\/\/somllavors.com\/es\/producte\/braga-de-coll-mathias-hunter-green-liewood\",\"name\":\"Braga de coll \u201cMathias\u201d Hunter green \u2013 Liewood &#8212; Som Llavors\",\"isPartOf\":{\"@id\":\"https:\/\/somllavors.com\/es#website\"},\"primaryImageOfPage\":{\"@id\":\"https:\/\/somllavors.com\/es\/producte\/braga-de-coll-mathias-hunter-green-liewood#primaryimage\"},\"image\":{\"@id\":\"https:\/\/somllavors.com\/es\/producte\/braga-de-coll-mathias-hunter-green-liewood#primaryimage\"},\"thumbnailUrl\":\"https:\/\/somllavors.com\/wp-content\/uploads\/2022\/07\/Som-Llavors-Braga-de-coll-Mathias-hunter-green-\u2013-Liewood-.webp\",\"datePublished\":\"2025-09-04T15:43:53+00:00\",\"dateModified\":\"2026-02-19T17:48:54+00:00\",\"description\":\"Assegura't que la teva criatura tingui tota la calidesa i la comoditat per\u00f2 sense el volum d'una bufanda amb el cl\u00e0ssic escalfador de coll MATHIAS. Fet de cot\u00f3 org\u00e0nic suau, garanteix que no hi hagi picor, mentre que la qualitat del canal\u00e9 garanteix un ajust cenyit, cosa que el fa ideal per portar sota jaquetes i peces de punt.\",\"breadcrumb\":{\"@id\":\"https:\/\/somllavors.com\/es\/producte\/braga-de-coll-mathias-hunter-green-liewood#breadcrumb\"},\"inLanguage\":\"es\",\"potentialAction\":[{\"@type\":\"ReadAction\",\"target\":[\"https:\/\/somllavors.com\/es\/producte\/braga-de-coll-mathias-hunter-green-liewood\"]}]},{\"@type\":\"ImageObject\",\"inLanguage\":\"es\",\"@id\":\"https:\/\/somllavors.com\/es\/producte\/braga-de-coll-mathias-hunter-green-liewood#primaryimage\",\"url\":\"https:\/\/somllavors.com\/wp-content\/uploads\/2022\/07\/Som-Llavors-Braga-de-coll-Mathias-hunter-green-\u2013-Liewood-.webp\",\"contentUrl\":\"https:\/\/somllavors.com\/wp-content\/uploads\/2022\/07\/Som-Llavors-Braga-de-coll-Mathias-hunter-green-\u2013-Liewood-.webp\",\"width\":1000,\"height\":1000,\"caption\":\"braga coll\"},{\"@type\":\"BreadcrumbList\",\"@id\":\"https:\/\/somllavors.com\/es\/producte\/braga-de-coll-mathias-hunter-green-liewood#breadcrumb\",\"itemListElement\":[{\"@type\":\"ListItem\",\"position\":1,\"name\":\"Inici\",\"item\":\"https:\/\/somllavors.com\/es\"},{\"@type\":\"ListItem\",\"position\":2,\"name\":\"Tienda\",\"item\":\"https:\/\/somllavors.com\/es\/botiga-2\"},{\"@type\":\"ListItem\",\"position\":3,\"name\":\"Braga de coll \u201cMathias\u201d Hunter green \u2013 Liewood\"}]},{\"@type\":\"WebSite\",\"@id\":\"https:\/\/somllavors.com\/es#website\",\"url\":\"https:\/\/somllavors.com\/es\",\"name\":\"Som Llavors\",\"description\":\"Botiga de crian\u00e7a natural\",\"publisher\":{\"@id\":\"https:\/\/somllavors.com\/es#organization\"},\"alternateName\":\"Crian\u00e7a Natural i Sostenible\",\"potentialAction\":[{\"@type\":\"SearchAction\",\"target\":{\"@type\":\"EntryPoint\",\"urlTemplate\":\"https:\/\/somllavors.com\/es?s={search_term_string}\"},\"query-input\":{\"@type\":\"PropertyValueSpecification\",\"valueRequired\":true,\"valueName\":\"search_term_string\"}}],\"inLanguage\":\"es\"},{\"@type\":[\"Organization\",\"Place\",\"Store\"],\"@id\":\"https:\/\/somllavors.com\/es#organization\",\"name\":\"Som Llavors\",\"alternateName\":\"Crian\u00e7a Natural i Sostenible\",\"url\":\"https:\/\/somllavors.com\/es\",\"logo\":{\"@id\":\"https:\/\/somllavors.com\/es\/producte\/braga-de-coll-mathias-hunter-green-liewood#local-main-organization-logo\"},\"image\":{\"@id\":\"https:\/\/somllavors.com\/es\/producte\/braga-de-coll-mathias-hunter-green-liewood#local-main-organization-logo\"},\"sameAs\":[\"https:\/\/www.facebook.com\/somllavorsvng\/?locale=ca_ES\",\"https:\/\/www.instagram.com\/somllavors_vng\/\",\"https:\/\/www.youtube.com\/@somllavors\"],\"address\":{\"@id\":\"https:\/\/somllavors.com\/es\/producte\/braga-de-coll-mathias-hunter-green-liewood#local-main-place-address\"},\"geo\":{\"@type\":\"GeoCoordinates\",\"latitude\":\"41.2257737\",\"longitude\":\"1.723258859\"},\"telephone\":[\"623152704\"],\"openingHoursSpecification\":[{\"@type\":\"OpeningHoursSpecification\",\"dayOfWeek\":[\"Monday\",\"Sunday\"],\"opens\":\"00:00\",\"closes\":\"00:00\"},{\"@type\":\"OpeningHoursSpecification\",\"dayOfWeek\":[\"Tuesday\",\"Wednesday\",\"Thursday\",\"Friday\"],\"opens\":\"10:00\",\"closes\":\"20:00\"},{\"@type\":\"OpeningHoursSpecification\",\"dayOfWeek\":[\"Saturday\"],\"opens\":\"10:00\",\"closes\":\"13:30\"}],\"email\":\"info@somllavors.com\"},{\"@type\":\"PostalAddress\",\"@id\":\"https:\/\/somllavors.com\/es\/producte\/braga-de-coll-mathias-hunter-green-liewood#local-main-place-address\",\"streetAddress\":\"Carrer de l'aigua, 6\",\"addressLocality\":\"Vilanova i la Geltr\u00fa\",\"postalCode\":\"08800\",\"addressRegion\":\"Barcelona\",\"addressCountry\":\"ES\"},{\"@type\":\"ImageObject\",\"inLanguage\":\"es\",\"@id\":\"https:\/\/somllavors.com\/es\/producte\/braga-de-coll-mathias-hunter-green-liewood#local-main-organization-logo\",\"url\":\"https:\/\/somllavors.com\/wp-content\/uploads\/Logotip-Som-Llavors.jpg\",\"contentUrl\":\"https:\/\/somllavors.com\/wp-content\/uploads\/Logotip-Som-Llavors.jpg\",\"width\":1444,\"height\":1323,\"caption\":\"Som Llavors\"}]}<\/script>\n<meta property=\"product:price:amount\" content=\"22.00\" \/>\n<meta property=\"product:price:currency\" content=\"EUR\" \/>\n<meta property=\"og:availability\" content=\"instock\" \/>\n<meta property=\"product:availability\" content=\"instock\" \/>\n<meta property=\"product:retailer_item_id\" content=\"LW200977348\" \/>\n<meta property=\"product:condition\" content=\"new\" \/>\n<meta name=\"geo.placename\" content=\"Vilanova i la Geltr\u00fa\" \/>\n<meta name=\"geo.position\" content=\"41.2257737;1.723258859\" \/>\n<meta name=\"geo.region\" content=\"Espa\u00f1a\" \/>\n<!-- \/ Yoast SEO Premium plugin. -->","yoast_head_json":{"title":"Braga de coll \u201cMathias\u201d Hunter green \u2013 Liewood &#8212; Som Llavors","description":"Assegura't que la teva criatura tingui tota la calidesa i la comoditat per\u00f2 sense el volum d'una bufanda amb el cl\u00e0ssic escalfador de coll MATHIAS.    Fet de cot\u00f3 org\u00e0nic suau, garanteix que no hi hagi picor, mentre que la qualitat del canal\u00e9 garanteix un ajust cenyit, cosa que el fa ideal per portar sota jaquetes i peces de punt.","robots":{"index":"index","follow":"follow","max-snippet":"max-snippet:-1","max-image-preview":"max-image-preview:large","max-video-preview":"max-video-preview:-1"},"canonical":"https:\/\/somllavors.com\/es\/producte\/braga-de-coll-mathias-hunter-green-liewood","og_locale":"es_ES","og_type":"article","og_title":"Braga de coll \u201cMathias\u201d Hunter green \u2013 Liewood","og_description":"La teva botiga d\u2019ecocrian\u00e7a i espai d\u2019acompanyament a la maternitat","og_url":"https:\/\/somllavors.com\/es\/producte\/braga-de-coll-mathias-hunter-green-liewood","og_site_name":"Som Llavors","article_publisher":"https:\/\/www.facebook.com\/somllavorsvng\/?locale=ca_ES","article_modified_time":"2026-02-19T17:48:54+00:00","og_image":[{"width":1000,"height":1000,"url":"https:\/\/somllavors.com\/wp-content\/uploads\/2022\/07\/Som-Llavors-Braga-de-coll-Mathias-hunter-green-\u2013-Liewood-.webp","type":"image\/webp"}],"twitter_card":"summary_large_image","twitter_misc":{"Precio":"22,00&euro; Iva incl\u00f2s","Availability":"Hay existencias"},"schema":{"@context":"https:\/\/schema.org","@graph":[{"@type":"WebPage","@id":"https:\/\/somllavors.com\/es\/producte\/braga-de-coll-mathias-hunter-green-liewood","url":"https:\/\/somllavors.com\/es\/producte\/braga-de-coll-mathias-hunter-green-liewood","name":"Braga de coll \u201cMathias\u201d Hunter green \u2013 Liewood &#8212; Som Llavors","isPartOf":{"@id":"https:\/\/somllavors.com\/es#website"},"primaryImageOfPage":{"@id":"https:\/\/somllavors.com\/es\/producte\/braga-de-coll-mathias-hunter-green-liewood#primaryimage"},"image":{"@id":"https:\/\/somllavors.com\/es\/producte\/braga-de-coll-mathias-hunter-green-liewood#primaryimage"},"thumbnailUrl":"https:\/\/somllavors.com\/wp-content\/uploads\/2022\/07\/Som-Llavors-Braga-de-coll-Mathias-hunter-green-\u2013-Liewood-.webp","datePublished":"2025-09-04T15:43:53+00:00","dateModified":"2026-02-19T17:48:54+00:00","description":"Assegura't que la teva criatura tingui tota la calidesa i la comoditat per\u00f2 sense el volum d'una bufanda amb el cl\u00e0ssic escalfador de coll MATHIAS. Fet de cot\u00f3 org\u00e0nic suau, garanteix que no hi hagi picor, mentre que la qualitat del canal\u00e9 garanteix un ajust cenyit, cosa que el fa ideal per portar sota jaquetes i peces de punt.","breadcrumb":{"@id":"https:\/\/somllavors.com\/es\/producte\/braga-de-coll-mathias-hunter-green-liewood#breadcrumb"},"inLanguage":"es","potentialAction":[{"@type":"ReadAction","target":["https:\/\/somllavors.com\/es\/producte\/braga-de-coll-mathias-hunter-green-liewood"]}]},{"@type":"ImageObject","inLanguage":"es","@id":"https:\/\/somllavors.com\/es\/producte\/braga-de-coll-mathias-hunter-green-liewood#primaryimage","url":"https:\/\/somllavors.com\/wp-content\/uploads\/2022\/07\/Som-Llavors-Braga-de-coll-Mathias-hunter-green-\u2013-Liewood-.webp","contentUrl":"https:\/\/somllavors.com\/wp-content\/uploads\/2022\/07\/Som-Llavors-Braga-de-coll-Mathias-hunter-green-\u2013-Liewood-.webp","width":1000,"height":1000,"caption":"braga coll"},{"@type":"BreadcrumbList","@id":"https:\/\/somllavors.com\/es\/producte\/braga-de-coll-mathias-hunter-green-liewood#breadcrumb","itemListElement":[{"@type":"ListItem","position":1,"name":"Inici","item":"https:\/\/somllavors.com\/es"},{"@type":"ListItem","position":2,"name":"Tienda","item":"https:\/\/somllavors.com\/es\/botiga-2"},{"@type":"ListItem","position":3,"name":"Braga de coll \u201cMathias\u201d Hunter green \u2013 Liewood"}]},{"@type":"WebSite","@id":"https:\/\/somllavors.com\/es#website","url":"https:\/\/somllavors.com\/es","name":"Som Llavors","description":"Botiga de crian\u00e7a natural","publisher":{"@id":"https:\/\/somllavors.com\/es#organization"},"alternateName":"Crian\u00e7a Natural i Sostenible","potentialAction":[{"@type":"SearchAction","target":{"@type":"EntryPoint","urlTemplate":"https:\/\/somllavors.com\/es?s={search_term_string}"},"query-input":{"@type":"PropertyValueSpecification","valueRequired":true,"valueName":"search_term_string"}}],"inLanguage":"es"},{"@type":["Organization","Place","Store"],"@id":"https:\/\/somllavors.com\/es#organization","name":"Som Llavors","alternateName":"Crian\u00e7a Natural i Sostenible","url":"https:\/\/somllavors.com\/es","logo":{"@id":"https:\/\/somllavors.com\/es\/producte\/braga-de-coll-mathias-hunter-green-liewood#local-main-organization-logo"},"image":{"@id":"https:\/\/somllavors.com\/es\/producte\/braga-de-coll-mathias-hunter-green-liewood#local-main-organization-logo"},"sameAs":["https:\/\/www.facebook.com\/somllavorsvng\/?locale=ca_ES","https:\/\/www.instagram.com\/somllavors_vng\/","https:\/\/www.youtube.com\/@somllavors"],"address":{"@id":"https:\/\/somllavors.com\/es\/producte\/braga-de-coll-mathias-hunter-green-liewood#local-main-place-address"},"geo":{"@type":"GeoCoordinates","latitude":"41.2257737","longitude":"1.723258859"},"telephone":["623152704","623152704"],"openingHoursSpecification":[{"@type":"OpeningHoursSpecification","dayOfWeek":["Monday","Sunday"],"opens":"00:00","closes":"00:00"},{"@type":"OpeningHoursSpecification","dayOfWeek":["Tuesday","Wednesday","Thursday","Friday"],"opens":"10:00","closes":"20:00"},{"@type":"OpeningHoursSpecification","dayOfWeek":["Saturday"],"opens":"10:00","closes":"13:30"}],"email":"info@somllavors.com"},{"@type":"PostalAddress","@id":"https:\/\/somllavors.com\/es\/producte\/braga-de-coll-mathias-hunter-green-liewood#local-main-place-address","streetAddress":"Carrer de l'aigua, 6","addressLocality":"Vilanova i la Geltr\u00fa","postalCode":"08800","addressRegion":"Barcelona","addressCountry":"ES"},{"@type":"ImageObject","inLanguage":"es","@id":"https:\/\/somllavors.com\/es\/producte\/braga-de-coll-mathias-hunter-green-liewood#local-main-organization-logo","url":"https:\/\/somllavors.com\/wp-content\/uploads\/Logotip-Som-Llavors.jpg","contentUrl":"https:\/\/somllavors.com\/wp-content\/uploads\/Logotip-Som-Llavors.jpg","width":1444,"height":1323,"caption":"Som Llavors"}]},"product_price_amount":"22.00","product_price_currency":"EUR","og_availability":"instock","product_availability":"instock","product_retailer_item_id":"LW200977348","product_condition":"new","geo.placename":"Vilanova i la Geltr\u00fa","geo.position":{"lat":"41.2257737","long":"1.723258859"},"geo.region":"Espa\u00f1a"},"brands":[{"id":4103,"name":"Liewood","slug":"liewood"}],"_links":{"self":[{"href":"https:\/\/somllavors.com\/es\/wp-json\/wp\/v2\/product\/82364","targetHints":{"allow":["GET"]}}],"collection":[{"href":"https:\/\/somllavors.com\/es\/wp-json\/wp\/v2\/product"}],"about":[{"href":"https:\/\/somllavors.com\/es\/wp-json\/wp\/v2\/types\/product"}],"wp:featuredmedia":[{"embeddable":true,"href":"https:\/\/somllavors.com\/es\/wp-json\/wp\/v2\/media\/82357"}],"wp:attachment":[{"href":"https:\/\/somllavors.com\/es\/wp-json\/wp\/v2\/media?parent=82364"}],"wp:term":[{"taxonomy":"pwb-brand","embeddable":true,"href":"https:\/\/somllavors.com\/es\/wp-json\/wp\/v2\/pwb-brand?post=82364"},{"taxonomy":"product_brand","embeddable":true,"href":"https:\/\/somllavors.com\/es\/wp-json\/wp\/v2\/product_brand?post=82364"},{"taxonomy":"product_cat","embeddable":true,"href":"https:\/\/somllavors.com\/es\/wp-json\/wp\/v2\/product_cat?post=82364"},{"taxonomy":"product_tag","embeddable":true,"href":"https:\/\/somllavors.com\/es\/wp-json\/wp\/v2\/product_tag?post=82364"}],"curies":[{"name":"wp","href":"https:\/\/api.w.org\/{rel}","templated":true}]}}