{"id":83140,"date":"2025-09-16T23:00:26","date_gmt":"2025-09-16T21:00:26","guid":{"rendered":"https:\/\/somllavors.com\/?post_type=product&#038;p=83140"},"modified":"2026-02-28T11:44:35","modified_gmt":"2026-02-28T10:44:35","slug":"clip-per-mossegadors-xumets-matchstick-monkey","status":"publish","type":"product","link":"https:\/\/somllavors.com\/es\/producte\/clip-per-mossegadors-xumets-matchstick-monkey","title":{"rendered":"Clip per mossegadors\/xumets &#8211; Matchstick Monkey"},"content":{"rendered":"<ul>\n<li>100% lliure de BPA, aprovada per la FDA.<\/li>\n<li>Impregnat amb BioCote, una tecnologia de ions de plata, que \u00e9s una forma segura i natural d&#8217;inhibir els g\u00e8rmens per mantenir els mossegadors m\u00e9s frescos i nets.<\/li>\n<li>El disseny universal funciona amb el xumet favorit del teu nad\u00f3, mossegadors i fins i tot joguines petites.<\/li>\n<li>El tancament fort es mant\u00e9 segur sense patir danys.<\/li>\n<li>Rentar amb aigua t\u00e8bia i sab\u00f3 o col\u00b7locar al rentaplats per a una neteja f\u00e0cil.<\/li>\n<li>Longitud: 19 cm.<\/li>\n<li>BioCote\u00ae \u00e9s un additiu antimicrobi\u00e0 que redueix microbis fins a un 99,99%.<\/li>\n<li>La tecnologia antibacteriana de BioCote\u00ae \u00e9s efica\u00e7 contra un ampli espectre de bacteris, inclosos E. coli, SARM, Salmonella, Campylobacter i Listeria.<\/li>\n<\/ul>\n","protected":false},"excerpt":{"rendered":"<p>Mantingueu els mossegadors o xumets a l&#8217;abast i fora del terra amb els clips de silicona Matchstick Monkey.<\/p>\n<ul>\n<li>Simplement poseu el clip a la trona, cotxet, collit&#8230; i mai m\u00e9s tornar\u00e0 a perdre un mossegador o un xumet.<\/li>\n<li>Fabricat amb silicona de grau alimentari.<\/li>\n<\/ul>\n","protected":false},"featured_media":83145,"template":"","meta":{"_acf_changed":false,"site-sidebar-layout":"default","site-content-layout":"","ast-site-content-layout":"default","site-content-style":"default","site-sidebar-style":"default","ast-global-header-display":"","ast-banner-title-visibility":"","ast-main-header-display":"","ast-hfb-above-header-display":"","ast-hfb-below-header-display":"","ast-hfb-mobile-header-display":"","site-post-title":"","ast-breadcrumbs-content":"","ast-featured-img":"","footer-sml-layout":"","ast-disable-related-posts":"","theme-transparent-header-meta":"default","adv-header-id-meta":"","stick-header-meta":"","header-above-stick-meta":"","header-main-stick-meta":"","header-below-stick-meta":"","astra-migrate-meta-layouts":"set","ast-page-background-enabled":"default","ast-page-background-meta":{"desktop":{"background-color":"","background-image":"","background-repeat":"repeat","background-position":"center center","background-size":"auto","background-attachment":"scroll","background-type":"","background-media":"","overlay-type":"","overlay-color":"","overlay-opacity":"","overlay-gradient":""},"tablet":{"background-color":"","background-image":"","background-repeat":"repeat","background-position":"center center","background-size":"auto","background-attachment":"scroll","background-type":"","background-media":"","overlay-type":"","overlay-color":"","overlay-opacity":"","overlay-gradient":""},"mobile":{"background-color":"","background-image":"","background-repeat":"repeat","background-position":"center center","background-size":"auto","background-attachment":"scroll","background-type":"","background-media":"","overlay-type":"","overlay-color":"","overlay-opacity":"","overlay-gradient":""}},"ast-content-background-meta":{"desktop":{"background-color":"var(--ast-global-color-5)","background-image":"","background-repeat":"repeat","background-position":"center center","background-size":"auto","background-attachment":"scroll","background-type":"","background-media":"","overlay-type":"","overlay-color":"","overlay-opacity":"","overlay-gradient":""},"tablet":{"background-color":"var(--ast-global-color-5)","background-image":"","background-repeat":"repeat","background-position":"center center","background-size":"auto","background-attachment":"scroll","background-type":"","background-media":"","overlay-type":"","overlay-color":"","overlay-opacity":"","overlay-gradient":""},"mobile":{"background-color":"var(--ast-global-color-5)","background-image":"","background-repeat":"repeat","background-position":"center center","background-size":"auto","background-attachment":"scroll","background-type":"","background-media":"","overlay-type":"","overlay-color":"","overlay-opacity":"","overlay-gradient":""}}},"pwb-brand":[],"product_brand":[],"product_cat":[4499,581,572],"product_tag":[5781,5782,130],"class_list":{"0":"post-83140","1":"product","2":"type-product","3":"status-publish","4":"has-post-thumbnail","6":"product_cat-10-e","7":"product_cat-mossegadors-i-portaxumets","8":"product_cat-varis","9":"product_tag-clip","10":"product_tag-matchstick-monkey","11":"product_tag-silicona","12":"desktop-align-left","13":"tablet-align-left","14":"mobile-align-left","16":"first","17":"outofstock","18":"taxable","19":"shipping-taxable","20":"purchasable","21":"product-type-simple"},"acf":[],"yoast_head":"<!-- This site is optimized with the Yoast SEO Premium plugin v18.3 (Yoast SEO v27.4) - https:\/\/yoast.com\/product\/yoast-seo-premium-wordpress\/ -->\n<title>Clip per mossegadors\/xumets - Matchstick Monkey &#8212; Som Llavors<\/title>\n<meta name=\"description\" content=\"Mantingueu els mossegadors o xumets a l&#039;abast i fora del terra amb els clips de silicona Matchstick Monkey.   Simplement poseu el clip a la trona, cotxet, collit... i mai m\u00e9s tornar\u00e0 a perdre un mossegador o un xumet.  Fabricat amb silicona de grau alimentari.\" \/>\n<meta name=\"robots\" content=\"index, follow, max-snippet:-1, max-image-preview:large, max-video-preview:-1\" \/>\n<link rel=\"canonical\" href=\"https:\/\/somllavors.com\/es\/producte\/clip-per-mossegadors-xumets-matchstick-monkey\" \/>\n<meta property=\"og:locale\" content=\"es_ES\" \/>\n<meta property=\"og:type\" content=\"article\" \/>\n<meta property=\"og:title\" content=\"Clip per mossegadors\/xumets - Matchstick Monkey\" \/>\n<meta property=\"og:description\" content=\"La teva botiga d\u2019ecocrian\u00e7a i espai d\u2019acompanyament a la maternitat\" \/>\n<meta property=\"og:url\" content=\"https:\/\/somllavors.com\/es\/producte\/clip-per-mossegadors-xumets-matchstick-monkey\" \/>\n<meta property=\"og:site_name\" content=\"Som Llavors\" \/>\n<meta property=\"article:publisher\" content=\"https:\/\/www.facebook.com\/somllavorsvng\/?locale=ca_ES\" \/>\n<meta property=\"article:modified_time\" content=\"2026-02-28T10:44:35+00:00\" \/>\n<meta property=\"og:image\" content=\"https:\/\/somllavors.com\/wp-content\/uploads\/2025\/09\/Som-Llavors-pinca-xumets.-matchstick-monkey-.jpeg\" \/>\n\t<meta property=\"og:image:width\" content=\"1024\" \/>\n\t<meta property=\"og:image:height\" content=\"1024\" \/>\n\t<meta property=\"og:image:type\" content=\"image\/jpeg\" \/>\n<meta name=\"twitter:card\" content=\"summary_large_image\" \/>\n<meta name=\"twitter:label1\" content=\"Precio\" \/>\n\t<meta name=\"twitter:data1\" content=\"6,99&euro; Iva incl\u00f2s\" \/>\n\t<meta name=\"twitter:label2\" content=\"Availability\" \/>\n\t<meta name=\"twitter:data2\" content=\"Out of stock\" \/>\n<script type=\"application\/ld+json\" class=\"yoast-schema-graph\">{\"@context\":\"https:\\\/\\\/schema.org\",\"@graph\":[{\"@type\":\"WebPage\",\"@id\":\"https:\\\/\\\/somllavors.com\\\/es\\\/producte\\\/clip-per-mossegadors-xumets-matchstick-monkey\",\"url\":\"https:\\\/\\\/somllavors.com\\\/es\\\/producte\\\/clip-per-mossegadors-xumets-matchstick-monkey\",\"name\":\"Clip per mossegadors\\\/xumets - Matchstick Monkey &#8212; Som Llavors\",\"isPartOf\":{\"@id\":\"https:\\\/\\\/somllavors.com\\\/es#website\"},\"primaryImageOfPage\":{\"@id\":\"https:\\\/\\\/somllavors.com\\\/es\\\/producte\\\/clip-per-mossegadors-xumets-matchstick-monkey#primaryimage\"},\"image\":{\"@id\":\"https:\\\/\\\/somllavors.com\\\/es\\\/producte\\\/clip-per-mossegadors-xumets-matchstick-monkey#primaryimage\"},\"thumbnailUrl\":\"https:\\\/\\\/somllavors.com\\\/wp-content\\\/uploads\\\/2025\\\/09\\\/Som-Llavors-pinca-xumets.-matchstick-monkey-.jpeg\",\"datePublished\":\"2025-09-16T21:00:26+00:00\",\"dateModified\":\"2026-02-28T10:44:35+00:00\",\"description\":\"Mantingueu els mossegadors o xumets a l'abast i fora del terra amb els clips de silicona Matchstick Monkey. Simplement poseu el clip a la trona, cotxet, collit... i mai m\u00e9s tornar\u00e0 a perdre un mossegador o un xumet. Fabricat amb silicona de grau alimentari.\",\"breadcrumb\":{\"@id\":\"https:\\\/\\\/somllavors.com\\\/es\\\/producte\\\/clip-per-mossegadors-xumets-matchstick-monkey#breadcrumb\"},\"inLanguage\":\"es\",\"potentialAction\":[{\"@type\":\"ReadAction\",\"target\":[\"https:\\\/\\\/somllavors.com\\\/es\\\/producte\\\/clip-per-mossegadors-xumets-matchstick-monkey\"]}]},{\"@type\":\"ImageObject\",\"inLanguage\":\"es\",\"@id\":\"https:\\\/\\\/somllavors.com\\\/es\\\/producte\\\/clip-per-mossegadors-xumets-matchstick-monkey#primaryimage\",\"url\":\"https:\\\/\\\/somllavors.com\\\/wp-content\\\/uploads\\\/2025\\\/09\\\/Som-Llavors-pinca-xumets.-matchstick-monkey-.jpeg\",\"contentUrl\":\"https:\\\/\\\/somllavors.com\\\/wp-content\\\/uploads\\\/2025\\\/09\\\/Som-Llavors-pinca-xumets.-matchstick-monkey-.jpeg\",\"width\":1024,\"height\":1024,\"caption\":\"clip matchstick monkey\"},{\"@type\":\"BreadcrumbList\",\"@id\":\"https:\\\/\\\/somllavors.com\\\/es\\\/producte\\\/clip-per-mossegadors-xumets-matchstick-monkey#breadcrumb\",\"itemListElement\":[{\"@type\":\"ListItem\",\"position\":1,\"name\":\"Inici\",\"item\":\"https:\\\/\\\/somllavors.com\\\/es\"},{\"@type\":\"ListItem\",\"position\":2,\"name\":\"Tienda\",\"item\":\"https:\\\/\\\/somllavors.com\\\/es\\\/botiga-2\"},{\"@type\":\"ListItem\",\"position\":3,\"name\":\"Clip per mossegadors\\\/xumets &#8211; Matchstick Monkey\"}]},{\"@type\":\"WebSite\",\"@id\":\"https:\\\/\\\/somllavors.com\\\/es#website\",\"url\":\"https:\\\/\\\/somllavors.com\\\/es\",\"name\":\"Som Llavors\",\"description\":\"Botiga de crian\u00e7a natural\",\"publisher\":{\"@id\":\"https:\\\/\\\/somllavors.com\\\/es#organization\"},\"alternateName\":\"Crian\u00e7a Natural i Sostenible\",\"potentialAction\":[{\"@type\":\"SearchAction\",\"target\":{\"@type\":\"EntryPoint\",\"urlTemplate\":\"https:\\\/\\\/somllavors.com\\\/es?s={search_term_string}\"},\"query-input\":{\"@type\":\"PropertyValueSpecification\",\"valueRequired\":true,\"valueName\":\"search_term_string\"}}],\"inLanguage\":\"es\"},{\"@type\":[\"Organization\",\"Place\",\"Store\"],\"@id\":\"https:\\\/\\\/somllavors.com\\\/es#organization\",\"name\":\"Som Llavors\",\"alternateName\":\"Crian\u00e7a Natural i Sostenible\",\"url\":\"https:\\\/\\\/somllavors.com\\\/es\",\"logo\":{\"@id\":\"https:\\\/\\\/somllavors.com\\\/es\\\/producte\\\/clip-per-mossegadors-xumets-matchstick-monkey#local-main-organization-logo\"},\"image\":{\"@id\":\"https:\\\/\\\/somllavors.com\\\/es\\\/producte\\\/clip-per-mossegadors-xumets-matchstick-monkey#local-main-organization-logo\"},\"sameAs\":[\"https:\\\/\\\/www.facebook.com\\\/somllavorsvng\\\/?locale=ca_ES\",\"https:\\\/\\\/www.instagram.com\\\/somllavors_vng\\\/\",\"https:\\\/\\\/www.youtube.com\\\/@somllavors\"],\"address\":{\"@id\":\"https:\\\/\\\/somllavors.com\\\/es\\\/producte\\\/clip-per-mossegadors-xumets-matchstick-monkey#local-main-place-address\"},\"geo\":{\"@type\":\"GeoCoordinates\",\"latitude\":\"41.2257737\",\"longitude\":\"1.723258859\"},\"telephone\":[\"623152704\"],\"openingHoursSpecification\":[{\"@type\":\"OpeningHoursSpecification\",\"dayOfWeek\":[\"Monday\",\"Sunday\"],\"opens\":\"00:00\",\"closes\":\"00:00\"},{\"@type\":\"OpeningHoursSpecification\",\"dayOfWeek\":[\"Tuesday\",\"Wednesday\",\"Thursday\",\"Friday\"],\"opens\":\"10:00\",\"closes\":\"20:00\"},{\"@type\":\"OpeningHoursSpecification\",\"dayOfWeek\":[\"Saturday\"],\"opens\":\"10:00\",\"closes\":\"13:30\"}],\"email\":\"info@somllavors.com\"},{\"@type\":\"PostalAddress\",\"@id\":\"https:\\\/\\\/somllavors.com\\\/es\\\/producte\\\/clip-per-mossegadors-xumets-matchstick-monkey#local-main-place-address\",\"streetAddress\":\"Carrer de l'aigua, 6\",\"addressLocality\":\"Vilanova i la Geltr\u00fa\",\"postalCode\":\"08800\",\"addressRegion\":\"Barcelona\",\"addressCountry\":\"ES\"},{\"@type\":\"ImageObject\",\"inLanguage\":\"es\",\"@id\":\"https:\\\/\\\/somllavors.com\\\/es\\\/producte\\\/clip-per-mossegadors-xumets-matchstick-monkey#local-main-organization-logo\",\"url\":\"https:\\\/\\\/somllavors.com\\\/wp-content\\\/uploads\\\/Logotip-Som-Llavors.jpg\",\"contentUrl\":\"https:\\\/\\\/somllavors.com\\\/wp-content\\\/uploads\\\/Logotip-Som-Llavors.jpg\",\"width\":1444,\"height\":1323,\"caption\":\"Som Llavors\"}]}<\/script>\n<meta property=\"product:price:amount\" content=\"6.99\" \/>\n<meta property=\"product:price:currency\" content=\"EUR\" \/>\n<meta property=\"og:availability\" content=\"out of stock\" \/>\n<meta property=\"product:availability\" content=\"out of stock\" \/>\n<meta property=\"product:retailer_item_id\" content=\"MM-MPH-009\" \/>\n<meta property=\"product:condition\" content=\"new\" \/>\n<meta name=\"geo.placename\" content=\"Vilanova i la Geltr\u00fa\" \/>\n<meta name=\"geo.position\" content=\"41.2257737;1.723258859\" \/>\n<meta name=\"geo.region\" content=\"Espa\u00f1a\" \/>\n<!-- \/ Yoast SEO Premium plugin. -->","yoast_head_json":{"title":"Clip per mossegadors\/xumets - Matchstick Monkey &#8212; Som Llavors","description":"Mantingueu els mossegadors o xumets a l'abast i fora del terra amb els clips de silicona Matchstick Monkey.   Simplement poseu el clip a la trona, cotxet, collit... i mai m\u00e9s tornar\u00e0 a perdre un mossegador o un xumet.  Fabricat amb silicona de grau alimentari.","robots":{"index":"index","follow":"follow","max-snippet":"max-snippet:-1","max-image-preview":"max-image-preview:large","max-video-preview":"max-video-preview:-1"},"canonical":"https:\/\/somllavors.com\/es\/producte\/clip-per-mossegadors-xumets-matchstick-monkey","og_locale":"es_ES","og_type":"article","og_title":"Clip per mossegadors\/xumets - Matchstick Monkey","og_description":"La teva botiga d\u2019ecocrian\u00e7a i espai d\u2019acompanyament a la maternitat","og_url":"https:\/\/somllavors.com\/es\/producte\/clip-per-mossegadors-xumets-matchstick-monkey","og_site_name":"Som Llavors","article_publisher":"https:\/\/www.facebook.com\/somllavorsvng\/?locale=ca_ES","article_modified_time":"2026-02-28T10:44:35+00:00","og_image":[{"width":1024,"height":1024,"url":"https:\/\/somllavors.com\/wp-content\/uploads\/2025\/09\/Som-Llavors-pinca-xumets.-matchstick-monkey-.jpeg","type":"image\/jpeg"}],"twitter_card":"summary_large_image","twitter_misc":{"Precio":"6,99&euro; Iva incl\u00f2s","Availability":"Out of stock"},"schema":{"@context":"https:\/\/schema.org","@graph":[{"@type":"WebPage","@id":"https:\/\/somllavors.com\/es\/producte\/clip-per-mossegadors-xumets-matchstick-monkey","url":"https:\/\/somllavors.com\/es\/producte\/clip-per-mossegadors-xumets-matchstick-monkey","name":"Clip per mossegadors\/xumets - Matchstick Monkey &#8212; Som Llavors","isPartOf":{"@id":"https:\/\/somllavors.com\/es#website"},"primaryImageOfPage":{"@id":"https:\/\/somllavors.com\/es\/producte\/clip-per-mossegadors-xumets-matchstick-monkey#primaryimage"},"image":{"@id":"https:\/\/somllavors.com\/es\/producte\/clip-per-mossegadors-xumets-matchstick-monkey#primaryimage"},"thumbnailUrl":"https:\/\/somllavors.com\/wp-content\/uploads\/2025\/09\/Som-Llavors-pinca-xumets.-matchstick-monkey-.jpeg","datePublished":"2025-09-16T21:00:26+00:00","dateModified":"2026-02-28T10:44:35+00:00","description":"Mantingueu els mossegadors o xumets a l'abast i fora del terra amb els clips de silicona Matchstick Monkey. Simplement poseu el clip a la trona, cotxet, collit... i mai m\u00e9s tornar\u00e0 a perdre un mossegador o un xumet. Fabricat amb silicona de grau alimentari.","breadcrumb":{"@id":"https:\/\/somllavors.com\/es\/producte\/clip-per-mossegadors-xumets-matchstick-monkey#breadcrumb"},"inLanguage":"es","potentialAction":[{"@type":"ReadAction","target":["https:\/\/somllavors.com\/es\/producte\/clip-per-mossegadors-xumets-matchstick-monkey"]}]},{"@type":"ImageObject","inLanguage":"es","@id":"https:\/\/somllavors.com\/es\/producte\/clip-per-mossegadors-xumets-matchstick-monkey#primaryimage","url":"https:\/\/somllavors.com\/wp-content\/uploads\/2025\/09\/Som-Llavors-pinca-xumets.-matchstick-monkey-.jpeg","contentUrl":"https:\/\/somllavors.com\/wp-content\/uploads\/2025\/09\/Som-Llavors-pinca-xumets.-matchstick-monkey-.jpeg","width":1024,"height":1024,"caption":"clip matchstick monkey"},{"@type":"BreadcrumbList","@id":"https:\/\/somllavors.com\/es\/producte\/clip-per-mossegadors-xumets-matchstick-monkey#breadcrumb","itemListElement":[{"@type":"ListItem","position":1,"name":"Inici","item":"https:\/\/somllavors.com\/es"},{"@type":"ListItem","position":2,"name":"Tienda","item":"https:\/\/somllavors.com\/es\/botiga-2"},{"@type":"ListItem","position":3,"name":"Clip per mossegadors\/xumets &#8211; Matchstick Monkey"}]},{"@type":"WebSite","@id":"https:\/\/somllavors.com\/es#website","url":"https:\/\/somllavors.com\/es","name":"Som Llavors","description":"Botiga de crian\u00e7a natural","publisher":{"@id":"https:\/\/somllavors.com\/es#organization"},"alternateName":"Crian\u00e7a Natural i Sostenible","potentialAction":[{"@type":"SearchAction","target":{"@type":"EntryPoint","urlTemplate":"https:\/\/somllavors.com\/es?s={search_term_string}"},"query-input":{"@type":"PropertyValueSpecification","valueRequired":true,"valueName":"search_term_string"}}],"inLanguage":"es"},{"@type":["Organization","Place","Store"],"@id":"https:\/\/somllavors.com\/es#organization","name":"Som Llavors","alternateName":"Crian\u00e7a Natural i Sostenible","url":"https:\/\/somllavors.com\/es","logo":{"@id":"https:\/\/somllavors.com\/es\/producte\/clip-per-mossegadors-xumets-matchstick-monkey#local-main-organization-logo"},"image":{"@id":"https:\/\/somllavors.com\/es\/producte\/clip-per-mossegadors-xumets-matchstick-monkey#local-main-organization-logo"},"sameAs":["https:\/\/www.facebook.com\/somllavorsvng\/?locale=ca_ES","https:\/\/www.instagram.com\/somllavors_vng\/","https:\/\/www.youtube.com\/@somllavors"],"address":{"@id":"https:\/\/somllavors.com\/es\/producte\/clip-per-mossegadors-xumets-matchstick-monkey#local-main-place-address"},"geo":{"@type":"GeoCoordinates","latitude":"41.2257737","longitude":"1.723258859"},"telephone":["623152704","623152704"],"openingHoursSpecification":[{"@type":"OpeningHoursSpecification","dayOfWeek":["Monday","Sunday"],"opens":"00:00","closes":"00:00"},{"@type":"OpeningHoursSpecification","dayOfWeek":["Tuesday","Wednesday","Thursday","Friday"],"opens":"10:00","closes":"20:00"},{"@type":"OpeningHoursSpecification","dayOfWeek":["Saturday"],"opens":"10:00","closes":"13:30"}],"email":"info@somllavors.com"},{"@type":"PostalAddress","@id":"https:\/\/somllavors.com\/es\/producte\/clip-per-mossegadors-xumets-matchstick-monkey#local-main-place-address","streetAddress":"Carrer de l'aigua, 6","addressLocality":"Vilanova i la Geltr\u00fa","postalCode":"08800","addressRegion":"Barcelona","addressCountry":"ES"},{"@type":"ImageObject","inLanguage":"es","@id":"https:\/\/somllavors.com\/es\/producte\/clip-per-mossegadors-xumets-matchstick-monkey#local-main-organization-logo","url":"https:\/\/somllavors.com\/wp-content\/uploads\/Logotip-Som-Llavors.jpg","contentUrl":"https:\/\/somllavors.com\/wp-content\/uploads\/Logotip-Som-Llavors.jpg","width":1444,"height":1323,"caption":"Som Llavors"}]},"product_price_amount":"6.99","product_price_currency":"EUR","og_availability":"out of stock","product_availability":"out of stock","product_retailer_item_id":"MM-MPH-009","product_condition":"new","geo.placename":"Vilanova i la Geltr\u00fa","geo.position":{"lat":"41.2257737","long":"1.723258859"},"geo.region":"Espa\u00f1a"},"brands":[],"_links":{"self":[{"href":"https:\/\/somllavors.com\/es\/wp-json\/wp\/v2\/product\/83140","targetHints":{"allow":["GET"]}}],"collection":[{"href":"https:\/\/somllavors.com\/es\/wp-json\/wp\/v2\/product"}],"about":[{"href":"https:\/\/somllavors.com\/es\/wp-json\/wp\/v2\/types\/product"}],"wp:featuredmedia":[{"embeddable":true,"href":"https:\/\/somllavors.com\/es\/wp-json\/wp\/v2\/media\/83145"}],"wp:attachment":[{"href":"https:\/\/somllavors.com\/es\/wp-json\/wp\/v2\/media?parent=83140"}],"wp:term":[{"taxonomy":"pwb-brand","embeddable":true,"href":"https:\/\/somllavors.com\/es\/wp-json\/wp\/v2\/pwb-brand?post=83140"},{"taxonomy":"product_brand","embeddable":true,"href":"https:\/\/somllavors.com\/es\/wp-json\/wp\/v2\/product_brand?post=83140"},{"taxonomy":"product_cat","embeddable":true,"href":"https:\/\/somllavors.com\/es\/wp-json\/wp\/v2\/product_cat?post=83140"},{"taxonomy":"product_tag","embeddable":true,"href":"https:\/\/somllavors.com\/es\/wp-json\/wp\/v2\/product_tag?post=83140"}],"curies":[{"name":"wp","href":"https:\/\/api.w.org\/{rel}","templated":true}]}}