{"id":83220,"date":"2025-09-22T14:07:10","date_gmt":"2025-09-22T12:07:10","guid":{"rendered":"https:\/\/somllavors.com\/?post_type=product&#038;p=83220"},"modified":"2026-04-01T22:37:45","modified_gmt":"2026-04-01T20:37:45","slug":"llista-de-naixement-aran-victoria-i-alex","status":"publish","type":"product","link":"https:\/\/somllavors.com\/es\/producte\/llista-de-naixement-aran-victoria-i-alex","title":{"rendered":"Llista de naixement Aran (Vict\u00f2ria i \u00c0lex)"},"content":{"rendered":"","protected":false},"excerpt":{"rendered":"<p>La Vict\u00f2ria i l&#8217;\u00c0lex han preparat aquesta llista perqu\u00e8 pugueu fer el vostre regal de naixement a l&#8217;Ar\u00e0n i ho encerteu al 100%.<\/p>\n<p>Com funciona la llista? Veureu un seguir de productes amb el seu preu corresponent. Si cliqueu sobre el nom del producte podreu entrar a veure les imatges i descripci\u00f3 de cada cosa. Si realitzeu la compra per la p\u00e0gina web podeu indicar als comentaris que \u00e9s de la seva llista de naixement, d&#8217;aquesta manera podrem treure-ho per evitar que ning\u00fa els hi regali el mateix.<\/p>\n<p>Si teniu qualsevol dubte podeu contactar amb nosaltres al 623 152 704 o a trav\u00e9s del correu electr\u00f2nic: info@somllavors.com<\/p>\n<p>Moltes gr\u00e0cies per confiar en nosaltres.<\/p>\n<hr \/>\n<p>Victoria y \u00c0lex han preparado esta lista para que podais hacer vuestro regalo de nacimiento a Ar\u00e1n y acertar al 100%.<\/p>\n<p>\u00bfC\u00f3mo funciona la lista? Vereis un listado de productos con su precio correspondiente. Si pulsais sobre el nombre del producto podreis entrar a ver las im\u00e1genes y descripci\u00f3n de cada cosa. Si realizais la compra por la p\u00e1gina web os pedimos que mencioneis en los comentarios que es de su lista de nacimiento, de esta manera podremos sacarlo para evitar que nadie les regale lo mismo.<\/p>\n<p>Si tieneis cualquier duda podeis contactar con nosotros al 623 152 704 o a trav\u00e9s del correo electr\u00f3nico: info@somllavors.com<\/p>\n<p>Muchas gracias por confiar en nosotros.<\/p>\n","protected":false},"featured_media":83260,"template":"","meta":{"_acf_changed":false,"site-sidebar-layout":"default","site-content-layout":"","ast-site-content-layout":"default","site-content-style":"default","site-sidebar-style":"default","ast-global-header-display":"","ast-banner-title-visibility":"","ast-main-header-display":"","ast-hfb-above-header-display":"","ast-hfb-below-header-display":"","ast-hfb-mobile-header-display":"","site-post-title":"","ast-breadcrumbs-content":"","ast-featured-img":"","footer-sml-layout":"","theme-transparent-header-meta":"default","adv-header-id-meta":"","stick-header-meta":"","header-above-stick-meta":"","header-main-stick-meta":"","header-below-stick-meta":"","astra-migrate-meta-layouts":"set","ast-page-background-enabled":"default","ast-page-background-meta":{"desktop":{"background-color":"","background-image":"","background-repeat":"repeat","background-position":"center center","background-size":"auto","background-attachment":"scroll","background-type":"","background-media":"","overlay-type":"","overlay-color":"","overlay-opacity":"","overlay-gradient":""},"tablet":{"background-color":"","background-image":"","background-repeat":"repeat","background-position":"center center","background-size":"auto","background-attachment":"scroll","background-type":"","background-media":"","overlay-type":"","overlay-color":"","overlay-opacity":"","overlay-gradient":""},"mobile":{"background-color":"","background-image":"","background-repeat":"repeat","background-position":"center center","background-size":"auto","background-attachment":"scroll","background-type":"","background-media":"","overlay-type":"","overlay-color":"","overlay-opacity":"","overlay-gradient":""}},"ast-content-background-meta":{"desktop":{"background-color":"var(--ast-global-color-5)","background-image":"","background-repeat":"repeat","background-position":"center center","background-size":"auto","background-attachment":"scroll","background-type":"","background-media":"","overlay-type":"","overlay-color":"","overlay-opacity":"","overlay-gradient":""},"tablet":{"background-color":"var(--ast-global-color-5)","background-image":"","background-repeat":"repeat","background-position":"center center","background-size":"auto","background-attachment":"scroll","background-type":"","background-media":"","overlay-type":"","overlay-color":"","overlay-opacity":"","overlay-gradient":""},"mobile":{"background-color":"var(--ast-global-color-5)","background-image":"","background-repeat":"repeat","background-position":"center center","background-size":"auto","background-attachment":"scroll","background-type":"","background-media":"","overlay-type":"","overlay-color":"","overlay-opacity":"","overlay-gradient":""}}},"pwb-brand":[],"product_brand":[],"product_cat":[3230],"product_tag":[],"class_list":{"0":"post-83220","1":"product","2":"type-product","3":"status-publish","4":"has-post-thumbnail","6":"product_cat-llistes-de-naixement","7":"desktop-align-left","8":"tablet-align-left","9":"mobile-align-left","11":"first","12":"instock","13":"taxable","14":"shipping-taxable","15":"product-type-grouped"},"acf":[],"yoast_head":"<!-- This site is optimized with the Yoast SEO Premium plugin v18.3 (Yoast SEO v26.2) - https:\/\/yoast.com\/wordpress\/plugins\/seo\/ -->\n<title>Llista de naixement Aran (Vict\u00f2ria i \u00c0lex) &#8212; Som Llavors<\/title>\n<meta name=\"description\" content=\"La Vict\u00f2ria i l&#039;\u00c0lex han preparat aquesta llista perqu\u00e8 pugueu fer el vostre regal de naixement a l&#039;Ar\u00e0n i ho encerteu al 100%.  Com funciona la llista? Veureu un seguir de productes amb el seu preu corresponent. Si cliqueu sobre el nom del producte podreu entrar a veure les imatges i descripci\u00f3 de cada cosa. Si realitzeu la compra per la p\u00e0gina web podeu indicar als comentaris que \u00e9s de la seva llista de naixement, d&#039;aquesta manera podrem treure-ho per evitar que ning\u00fa els hi regali el mateix.  Si teniu qualsevol dubte podeu contactar amb nosaltres al 623 152 704 o a trav\u00e9s del correu electr\u00f2nic: info@somllavors.com  Moltes gr\u00e0cies per confiar en nosaltres.    Victoria y \u00c0lex han preparado esta lista para que podais hacer vuestro regalo de nacimiento a Ar\u00e1n y acertar al 100%.  \u00bfC\u00f3mo funciona la lista? Vereis un listado de productos con su precio correspondiente. Si pulsais sobre el nombre del producto podreis entrar a ver las im\u00e1genes y descripci\u00f3n de cada cosa. Si realizais la compra por la p\u00e1gina web os pedimos que mencioneis en los comentarios que es de su lista de nacimiento, de esta manera podremos sacarlo para evitar que nadie les regale lo mismo.  Si tieneis cualquier duda podeis contactar con nosotros al 623 152 704 o a trav\u00e9s del correo electr\u00f3nico: info@somllavors.com  Muchas gracias por confiar en nosotros.\" \/>\n<meta name=\"robots\" content=\"index, follow, max-snippet:-1, max-image-preview:large, max-video-preview:-1\" \/>\n<link rel=\"canonical\" href=\"https:\/\/somllavors.com\/es\/producte\/llista-de-naixement-aran-victoria-i-alex\" \/>\n<meta property=\"og:locale\" content=\"es_ES\" \/>\n<meta property=\"og:type\" content=\"article\" \/>\n<meta property=\"og:title\" content=\"Llista de naixement Aran (Vict\u00f2ria i \u00c0lex)\" \/>\n<meta property=\"og:description\" content=\"La teva botiga d\u2019ecocrian\u00e7a i espai d\u2019acompanyament a la maternitat\" \/>\n<meta property=\"og:url\" content=\"https:\/\/somllavors.com\/es\/producte\/llista-de-naixement-aran-victoria-i-alex\" \/>\n<meta property=\"og:site_name\" content=\"Som Llavors\" \/>\n<meta property=\"article:publisher\" content=\"https:\/\/www.facebook.com\/somllavorsvng\/?locale=ca_ES\" \/>\n<meta property=\"article:modified_time\" content=\"2026-04-01T20:37:45+00:00\" \/>\n<meta property=\"og:image\" content=\"https:\/\/somllavors.com\/wp-content\/uploads\/2025\/09\/Llista-Aran.jpg\" \/>\n\t<meta property=\"og:image:width\" content=\"1925\" \/>\n\t<meta property=\"og:image:height\" content=\"1326\" \/>\n\t<meta property=\"og:image:type\" content=\"image\/jpeg\" \/>\n<meta name=\"twitter:card\" content=\"summary_large_image\" \/>\n<meta name=\"twitter:label1\" content=\"Availability\" \/>\n\t<meta name=\"twitter:data1\" content=\"Hay existencias\" \/>\n<script type=\"application\/ld+json\" class=\"yoast-schema-graph\">{\"@context\":\"https:\/\/schema.org\",\"@graph\":[{\"@type\":\"WebPage\",\"@id\":\"https:\/\/somllavors.com\/es\/producte\/llista-de-naixement-aran-victoria-i-alex\",\"url\":\"https:\/\/somllavors.com\/es\/producte\/llista-de-naixement-aran-victoria-i-alex\",\"name\":\"Llista de naixement Aran (Vict\u00f2ria i \u00c0lex) &#8212; Som Llavors\",\"isPartOf\":{\"@id\":\"https:\/\/somllavors.com\/es#website\"},\"primaryImageOfPage\":{\"@id\":\"https:\/\/somllavors.com\/es\/producte\/llista-de-naixement-aran-victoria-i-alex#primaryimage\"},\"image\":{\"@id\":\"https:\/\/somllavors.com\/es\/producte\/llista-de-naixement-aran-victoria-i-alex#primaryimage\"},\"thumbnailUrl\":\"https:\/\/somllavors.com\/wp-content\/uploads\/2025\/09\/Llista-Aran.jpg\",\"datePublished\":\"2025-09-22T12:07:10+00:00\",\"dateModified\":\"2026-04-01T20:37:45+00:00\",\"description\":\"La Vict\u00f2ria i l'\u00c0lex han preparat aquesta llista perqu\u00e8 pugueu fer el vostre regal de naixement a l'Ar\u00e0n i ho encerteu al 100%. Com funciona la llista? Veureu un seguir de productes amb el seu preu corresponent. Si cliqueu sobre el nom del producte podreu entrar a veure les imatges i descripci\u00f3 de cada cosa. Si realitzeu la compra per la p\u00e0gina web podeu indicar als comentaris que \u00e9s de la seva llista de naixement, d'aquesta manera podrem treure-ho per evitar que ning\u00fa els hi regali el mateix. Si teniu qualsevol dubte podeu contactar amb nosaltres al 623 152 704 o a trav\u00e9s del correu electr\u00f2nic: info@somllavors.com Moltes gr\u00e0cies per confiar en nosaltres. Victoria y \u00c0lex han preparado esta lista para que podais hacer vuestro regalo de nacimiento a Ar\u00e1n y acertar al 100%. \u00bfC\u00f3mo funciona la lista? Vereis un listado de productos con su precio correspondiente. Si pulsais sobre el nombre del producto podreis entrar a ver las im\u00e1genes y descripci\u00f3n de cada cosa. Si realizais la compra por la p\u00e1gina web os pedimos que mencioneis en los comentarios que es de su lista de nacimiento, de esta manera podremos sacarlo para evitar que nadie les regale lo mismo. Si tieneis cualquier duda podeis contactar con nosotros al 623 152 704 o a trav\u00e9s del correo electr\u00f3nico: info@somllavors.com Muchas gracias por confiar en nosotros.\",\"breadcrumb\":{\"@id\":\"https:\/\/somllavors.com\/es\/producte\/llista-de-naixement-aran-victoria-i-alex#breadcrumb\"},\"inLanguage\":\"es\",\"potentialAction\":[{\"@type\":\"ReadAction\",\"target\":[\"https:\/\/somllavors.com\/es\/producte\/llista-de-naixement-aran-victoria-i-alex\"]}]},{\"@type\":\"ImageObject\",\"inLanguage\":\"es\",\"@id\":\"https:\/\/somllavors.com\/es\/producte\/llista-de-naixement-aran-victoria-i-alex#primaryimage\",\"url\":\"https:\/\/somllavors.com\/wp-content\/uploads\/2025\/09\/Llista-Aran.jpg\",\"contentUrl\":\"https:\/\/somllavors.com\/wp-content\/uploads\/2025\/09\/Llista-Aran.jpg\",\"width\":1925,\"height\":1326,\"caption\":\"lista de nacimiento\"},{\"@type\":\"BreadcrumbList\",\"@id\":\"https:\/\/somllavors.com\/es\/producte\/llista-de-naixement-aran-victoria-i-alex#breadcrumb\",\"itemListElement\":[{\"@type\":\"ListItem\",\"position\":1,\"name\":\"Inici\",\"item\":\"https:\/\/somllavors.com\/es\"},{\"@type\":\"ListItem\",\"position\":2,\"name\":\"Tienda\",\"item\":\"https:\/\/somllavors.com\/es\/botiga-2\"},{\"@type\":\"ListItem\",\"position\":3,\"name\":\"Llista de naixement Aran (Vict\u00f2ria i \u00c0lex)\"}]},{\"@type\":\"WebSite\",\"@id\":\"https:\/\/somllavors.com\/es#website\",\"url\":\"https:\/\/somllavors.com\/es\",\"name\":\"Som Llavors\",\"description\":\"Botiga de crian\u00e7a natural\",\"publisher\":{\"@id\":\"https:\/\/somllavors.com\/es#organization\"},\"alternateName\":\"Crian\u00e7a Natural i Sostenible\",\"potentialAction\":[{\"@type\":\"SearchAction\",\"target\":{\"@type\":\"EntryPoint\",\"urlTemplate\":\"https:\/\/somllavors.com\/es?s={search_term_string}\"},\"query-input\":{\"@type\":\"PropertyValueSpecification\",\"valueRequired\":true,\"valueName\":\"search_term_string\"}}],\"inLanguage\":\"es\"},{\"@type\":[\"Organization\",\"Place\",\"Store\"],\"@id\":\"https:\/\/somllavors.com\/es#organization\",\"name\":\"Som Llavors\",\"alternateName\":\"Crian\u00e7a Natural i Sostenible\",\"url\":\"https:\/\/somllavors.com\/es\",\"logo\":{\"@id\":\"https:\/\/somllavors.com\/es\/producte\/llista-de-naixement-aran-victoria-i-alex#local-main-organization-logo\"},\"image\":{\"@id\":\"https:\/\/somllavors.com\/es\/producte\/llista-de-naixement-aran-victoria-i-alex#local-main-organization-logo\"},\"sameAs\":[\"https:\/\/www.facebook.com\/somllavorsvng\/?locale=ca_ES\",\"https:\/\/www.instagram.com\/somllavors_vng\/\",\"https:\/\/www.youtube.com\/@somllavors\"],\"address\":{\"@id\":\"https:\/\/somllavors.com\/es\/producte\/llista-de-naixement-aran-victoria-i-alex#local-main-place-address\"},\"geo\":{\"@type\":\"GeoCoordinates\",\"latitude\":\"41.2257737\",\"longitude\":\"1.723258859\"},\"telephone\":[\"623152704\"],\"openingHoursSpecification\":[{\"@type\":\"OpeningHoursSpecification\",\"dayOfWeek\":[\"Monday\",\"Sunday\"],\"opens\":\"00:00\",\"closes\":\"00:00\"},{\"@type\":\"OpeningHoursSpecification\",\"dayOfWeek\":[\"Tuesday\",\"Wednesday\",\"Thursday\",\"Friday\"],\"opens\":\"10:00\",\"closes\":\"20:00\"},{\"@type\":\"OpeningHoursSpecification\",\"dayOfWeek\":[\"Saturday\"],\"opens\":\"10:00\",\"closes\":\"13:30\"}],\"email\":\"info@somllavors.com\"},{\"@type\":\"PostalAddress\",\"@id\":\"https:\/\/somllavors.com\/es\/producte\/llista-de-naixement-aran-victoria-i-alex#local-main-place-address\",\"streetAddress\":\"Carrer de l'aigua, 6\",\"addressLocality\":\"Vilanova i la Geltr\u00fa\",\"postalCode\":\"08800\",\"addressRegion\":\"Barcelona\",\"addressCountry\":\"ES\"},{\"@type\":\"ImageObject\",\"inLanguage\":\"es\",\"@id\":\"https:\/\/somllavors.com\/es\/producte\/llista-de-naixement-aran-victoria-i-alex#local-main-organization-logo\",\"url\":\"https:\/\/somllavors.com\/wp-content\/uploads\/Logotip-Som-Llavors.jpg\",\"contentUrl\":\"https:\/\/somllavors.com\/wp-content\/uploads\/Logotip-Som-Llavors.jpg\",\"width\":1444,\"height\":1323,\"caption\":\"Som Llavors\"}]}<\/script>\n<meta property=\"og:availability\" content=\"instock\" \/>\n<meta property=\"product:availability\" content=\"instock\" \/>\n<meta property=\"product:condition\" content=\"new\" \/>\n<meta name=\"geo.placename\" content=\"Vilanova i la Geltr\u00fa\" \/>\n<meta name=\"geo.position\" content=\"41.2257737;1.723258859\" \/>\n<meta name=\"geo.region\" content=\"Espa\u00f1a\" \/>\n<!-- \/ Yoast SEO Premium plugin. -->","yoast_head_json":{"title":"Llista de naixement Aran (Vict\u00f2ria i \u00c0lex) &#8212; Som Llavors","description":"La Vict\u00f2ria i l'\u00c0lex han preparat aquesta llista perqu\u00e8 pugueu fer el vostre regal de naixement a l'Ar\u00e0n i ho encerteu al 100%.  Com funciona la llista? Veureu un seguir de productes amb el seu preu corresponent. Si cliqueu sobre el nom del producte podreu entrar a veure les imatges i descripci\u00f3 de cada cosa. Si realitzeu la compra per la p\u00e0gina web podeu indicar als comentaris que \u00e9s de la seva llista de naixement, d'aquesta manera podrem treure-ho per evitar que ning\u00fa els hi regali el mateix.  Si teniu qualsevol dubte podeu contactar amb nosaltres al 623 152 704 o a trav\u00e9s del correu electr\u00f2nic: info@somllavors.com  Moltes gr\u00e0cies per confiar en nosaltres.    Victoria y \u00c0lex han preparado esta lista para que podais hacer vuestro regalo de nacimiento a Ar\u00e1n y acertar al 100%.  \u00bfC\u00f3mo funciona la lista? Vereis un listado de productos con su precio correspondiente. Si pulsais sobre el nombre del producto podreis entrar a ver las im\u00e1genes y descripci\u00f3n de cada cosa. Si realizais la compra por la p\u00e1gina web os pedimos que mencioneis en los comentarios que es de su lista de nacimiento, de esta manera podremos sacarlo para evitar que nadie les regale lo mismo.  Si tieneis cualquier duda podeis contactar con nosotros al 623 152 704 o a trav\u00e9s del correo electr\u00f3nico: info@somllavors.com  Muchas gracias por confiar en nosotros.","robots":{"index":"index","follow":"follow","max-snippet":"max-snippet:-1","max-image-preview":"max-image-preview:large","max-video-preview":"max-video-preview:-1"},"canonical":"https:\/\/somllavors.com\/es\/producte\/llista-de-naixement-aran-victoria-i-alex","og_locale":"es_ES","og_type":"article","og_title":"Llista de naixement Aran (Vict\u00f2ria i \u00c0lex)","og_description":"La teva botiga d\u2019ecocrian\u00e7a i espai d\u2019acompanyament a la maternitat","og_url":"https:\/\/somllavors.com\/es\/producte\/llista-de-naixement-aran-victoria-i-alex","og_site_name":"Som Llavors","article_publisher":"https:\/\/www.facebook.com\/somllavorsvng\/?locale=ca_ES","article_modified_time":"2026-04-01T20:37:45+00:00","og_image":[{"width":1925,"height":1326,"url":"https:\/\/somllavors.com\/wp-content\/uploads\/2025\/09\/Llista-Aran.jpg","type":"image\/jpeg"}],"twitter_card":"summary_large_image","twitter_misc":{"Availability":"Hay existencias"},"schema":{"@context":"https:\/\/schema.org","@graph":[{"@type":"WebPage","@id":"https:\/\/somllavors.com\/es\/producte\/llista-de-naixement-aran-victoria-i-alex","url":"https:\/\/somllavors.com\/es\/producte\/llista-de-naixement-aran-victoria-i-alex","name":"Llista de naixement Aran (Vict\u00f2ria i \u00c0lex) &#8212; Som Llavors","isPartOf":{"@id":"https:\/\/somllavors.com\/es#website"},"primaryImageOfPage":{"@id":"https:\/\/somllavors.com\/es\/producte\/llista-de-naixement-aran-victoria-i-alex#primaryimage"},"image":{"@id":"https:\/\/somllavors.com\/es\/producte\/llista-de-naixement-aran-victoria-i-alex#primaryimage"},"thumbnailUrl":"https:\/\/somllavors.com\/wp-content\/uploads\/2025\/09\/Llista-Aran.jpg","datePublished":"2025-09-22T12:07:10+00:00","dateModified":"2026-04-01T20:37:45+00:00","description":"La Vict\u00f2ria i l'\u00c0lex han preparat aquesta llista perqu\u00e8 pugueu fer el vostre regal de naixement a l'Ar\u00e0n i ho encerteu al 100%. Com funciona la llista? Veureu un seguir de productes amb el seu preu corresponent. Si cliqueu sobre el nom del producte podreu entrar a veure les imatges i descripci\u00f3 de cada cosa. Si realitzeu la compra per la p\u00e0gina web podeu indicar als comentaris que \u00e9s de la seva llista de naixement, d'aquesta manera podrem treure-ho per evitar que ning\u00fa els hi regali el mateix. Si teniu qualsevol dubte podeu contactar amb nosaltres al 623 152 704 o a trav\u00e9s del correu electr\u00f2nic: info@somllavors.com Moltes gr\u00e0cies per confiar en nosaltres. Victoria y \u00c0lex han preparado esta lista para que podais hacer vuestro regalo de nacimiento a Ar\u00e1n y acertar al 100%. \u00bfC\u00f3mo funciona la lista? Vereis un listado de productos con su precio correspondiente. Si pulsais sobre el nombre del producto podreis entrar a ver las im\u00e1genes y descripci\u00f3n de cada cosa. Si realizais la compra por la p\u00e1gina web os pedimos que mencioneis en los comentarios que es de su lista de nacimiento, de esta manera podremos sacarlo para evitar que nadie les regale lo mismo. Si tieneis cualquier duda podeis contactar con nosotros al 623 152 704 o a trav\u00e9s del correo electr\u00f3nico: info@somllavors.com Muchas gracias por confiar en nosotros.","breadcrumb":{"@id":"https:\/\/somllavors.com\/es\/producte\/llista-de-naixement-aran-victoria-i-alex#breadcrumb"},"inLanguage":"es","potentialAction":[{"@type":"ReadAction","target":["https:\/\/somllavors.com\/es\/producte\/llista-de-naixement-aran-victoria-i-alex"]}]},{"@type":"ImageObject","inLanguage":"es","@id":"https:\/\/somllavors.com\/es\/producte\/llista-de-naixement-aran-victoria-i-alex#primaryimage","url":"https:\/\/somllavors.com\/wp-content\/uploads\/2025\/09\/Llista-Aran.jpg","contentUrl":"https:\/\/somllavors.com\/wp-content\/uploads\/2025\/09\/Llista-Aran.jpg","width":1925,"height":1326,"caption":"lista de nacimiento"},{"@type":"BreadcrumbList","@id":"https:\/\/somllavors.com\/es\/producte\/llista-de-naixement-aran-victoria-i-alex#breadcrumb","itemListElement":[{"@type":"ListItem","position":1,"name":"Inici","item":"https:\/\/somllavors.com\/es"},{"@type":"ListItem","position":2,"name":"Tienda","item":"https:\/\/somllavors.com\/es\/botiga-2"},{"@type":"ListItem","position":3,"name":"Llista de naixement Aran (Vict\u00f2ria i \u00c0lex)"}]},{"@type":"WebSite","@id":"https:\/\/somllavors.com\/es#website","url":"https:\/\/somllavors.com\/es","name":"Som Llavors","description":"Botiga de crian\u00e7a natural","publisher":{"@id":"https:\/\/somllavors.com\/es#organization"},"alternateName":"Crian\u00e7a Natural i Sostenible","potentialAction":[{"@type":"SearchAction","target":{"@type":"EntryPoint","urlTemplate":"https:\/\/somllavors.com\/es?s={search_term_string}"},"query-input":{"@type":"PropertyValueSpecification","valueRequired":true,"valueName":"search_term_string"}}],"inLanguage":"es"},{"@type":["Organization","Place","Store"],"@id":"https:\/\/somllavors.com\/es#organization","name":"Som Llavors","alternateName":"Crian\u00e7a Natural i Sostenible","url":"https:\/\/somllavors.com\/es","logo":{"@id":"https:\/\/somllavors.com\/es\/producte\/llista-de-naixement-aran-victoria-i-alex#local-main-organization-logo"},"image":{"@id":"https:\/\/somllavors.com\/es\/producte\/llista-de-naixement-aran-victoria-i-alex#local-main-organization-logo"},"sameAs":["https:\/\/www.facebook.com\/somllavorsvng\/?locale=ca_ES","https:\/\/www.instagram.com\/somllavors_vng\/","https:\/\/www.youtube.com\/@somllavors"],"address":{"@id":"https:\/\/somllavors.com\/es\/producte\/llista-de-naixement-aran-victoria-i-alex#local-main-place-address"},"geo":{"@type":"GeoCoordinates","latitude":"41.2257737","longitude":"1.723258859"},"telephone":["623152704","623152704"],"openingHoursSpecification":[{"@type":"OpeningHoursSpecification","dayOfWeek":["Monday","Sunday"],"opens":"00:00","closes":"00:00"},{"@type":"OpeningHoursSpecification","dayOfWeek":["Tuesday","Wednesday","Thursday","Friday"],"opens":"10:00","closes":"20:00"},{"@type":"OpeningHoursSpecification","dayOfWeek":["Saturday"],"opens":"10:00","closes":"13:30"}],"email":"info@somllavors.com"},{"@type":"PostalAddress","@id":"https:\/\/somllavors.com\/es\/producte\/llista-de-naixement-aran-victoria-i-alex#local-main-place-address","streetAddress":"Carrer de l'aigua, 6","addressLocality":"Vilanova i la Geltr\u00fa","postalCode":"08800","addressRegion":"Barcelona","addressCountry":"ES"},{"@type":"ImageObject","inLanguage":"es","@id":"https:\/\/somllavors.com\/es\/producte\/llista-de-naixement-aran-victoria-i-alex#local-main-organization-logo","url":"https:\/\/somllavors.com\/wp-content\/uploads\/Logotip-Som-Llavors.jpg","contentUrl":"https:\/\/somllavors.com\/wp-content\/uploads\/Logotip-Som-Llavors.jpg","width":1444,"height":1323,"caption":"Som Llavors"}]},"og_availability":"instock","product_availability":"instock","product_condition":"new","geo.placename":"Vilanova i la Geltr\u00fa","geo.position":{"lat":"41.2257737","long":"1.723258859"},"geo.region":"Espa\u00f1a"},"brands":[],"_links":{"self":[{"href":"https:\/\/somllavors.com\/es\/wp-json\/wp\/v2\/product\/83220","targetHints":{"allow":["GET"]}}],"collection":[{"href":"https:\/\/somllavors.com\/es\/wp-json\/wp\/v2\/product"}],"about":[{"href":"https:\/\/somllavors.com\/es\/wp-json\/wp\/v2\/types\/product"}],"wp:featuredmedia":[{"embeddable":true,"href":"https:\/\/somllavors.com\/es\/wp-json\/wp\/v2\/media\/83260"}],"wp:attachment":[{"href":"https:\/\/somllavors.com\/es\/wp-json\/wp\/v2\/media?parent=83220"}],"wp:term":[{"taxonomy":"pwb-brand","embeddable":true,"href":"https:\/\/somllavors.com\/es\/wp-json\/wp\/v2\/pwb-brand?post=83220"},{"taxonomy":"product_brand","embeddable":true,"href":"https:\/\/somllavors.com\/es\/wp-json\/wp\/v2\/product_brand?post=83220"},{"taxonomy":"product_cat","embeddable":true,"href":"https:\/\/somllavors.com\/es\/wp-json\/wp\/v2\/product_cat?post=83220"},{"taxonomy":"product_tag","embeddable":true,"href":"https:\/\/somllavors.com\/es\/wp-json\/wp\/v2\/product_tag?post=83220"}],"curies":[{"name":"wp","href":"https:\/\/api.w.org\/{rel}","templated":true}]}}