{"id":83949,"date":"2025-10-14T18:30:24","date_gmt":"2025-10-14T16:30:24","guid":{"rendered":"https:\/\/somllavors.com\/?post_type=product&#038;p=83949"},"modified":"2025-10-14T18:30:26","modified_gmt":"2025-10-14T16:30:26","slug":"sac-de-dormir-magic-bag-4-12-mesos-lunar-tog-1-5-bemini","status":"publish","type":"product","link":"https:\/\/somllavors.com\/es\/producte\/sac-de-dormir-magic-bag-4-12-mesos-lunar-tog-1-5-bemini","title":{"rendered":"Sac de dormir Magic Bag 4-12 mesos Lunar TOG 1.5 &#8211; BeMini"},"content":{"rendered":"<ul>\n<li data-start=\"66\" data-end=\"121\"><strong data-start=\"66\" data-end=\"100\">Mesura del nad\u00f3: de 60 a 80 cm<\/strong><\/li>\n<\/ul>\n<p><strong data-start=\"103\" data-end=\"121\">Funcionalitats<\/strong><\/p>\n<p data-start=\"123\" data-end=\"467\">Estudiat i dissenyat per garantir el m\u00e0xim confort i llibertat de moviments, el sac de dormir de BeMini \u00e9s el millor sac imprescindible per al benestar del nad\u00f3 durant les migdiades i les nits tranquil\u00b7les.<br data-start=\"329\" data-end=\"332\" \/>Enginy\u00f3s i pr\u00e0ctic, les seves funcions s\u2019adapten a les necessitats i seguretat del nad\u00f3, tant a casa com en cotxets i viatges en cotxe.<\/p>\n<p data-start=\"123\" data-end=\"467\"><img decoding=\"async\" class=\"img-fluid\" src=\"https:\/\/www.bemini.be\/img\/Products\/tog\/155%20SIZE%20MB_1.jpg\" alt=\"155 SIZE MB_1.jpg\" \/><\/p>\n<p data-start=\"469\" data-end=\"706\"><strong data-start=\"469\" data-end=\"497\">1. M\u00c0NIGUES DESMUNTABLES<\/strong><br data-start=\"497\" data-end=\"500\" \/>Per garantir el millor confort t\u00e8rmic, les m\u00e0nigues s\u00f3n desmuntables. Un cop retirades les m\u00e0nigues, es modifica la resist\u00e8ncia t\u00e8rmica del sac de dormir.<br data-start=\"654\" data-end=\"657\" \/>El valor TOG es calcula amb les m\u00e0nigues posades.<\/p>\n<p data-start=\"708\" data-end=\"828\"><strong data-start=\"708\" data-end=\"731\">2. OBERTURA LATERAL<\/strong><br data-start=\"731\" data-end=\"734\" \/>L\u2019obertura lateral amb cremallera al llarg de tot un costat facilita vestir i canviar el nad\u00f3.<\/p>\n<p data-start=\"830\" data-end=\"1202\"><strong data-start=\"830\" data-end=\"852\">3. TRANSPORT SEGUR<\/strong><br data-start=\"852\" data-end=\"855\" \/>Gr\u00e0cies al sistema modular de cremallera, la part inferior del sac es pot transformar r\u00e0pidament amb o sense les cames separades.<br data-start=\"984\" data-end=\"987\" \/>Aquesta caracter\u00edstica \u00e9s essencial per passar els cinturons i tancar correctament l\u2019arn\u00e8s de seguretat el m\u00e9s a prop possible del cos del nad\u00f3.<br data-start=\"1131\" data-end=\"1134\" \/>Les cames unides contribueixen a la seva comoditat i tranquil\u00b7litat.<\/p>\n<p data-start=\"1204\" data-end=\"1343\"><strong data-start=\"1204\" data-end=\"1221\">4. HAPPY FEET<\/strong><br data-start=\"1221\" data-end=\"1224\" \/>L\u2019obertura plegable de les cames amb solapa permet al nad\u00f3 fer les seves primeres passes o mantenir els peus calentons.<\/p>\n<p data-start=\"1345\" data-end=\"1613\"><strong data-start=\"1345\" data-end=\"1366\">5. COMPATIBILITAT<\/strong><br data-start=\"1366\" data-end=\"1369\" \/>El Magic Bag en posici\u00f3 de cames obertes \u00e9s compatible amb tots els models de cadiretes de cotxe, cabassos i cotxets amb sistema de subjecci\u00f3 de 3 i 5 punts.<br data-start=\"1526\" data-end=\"1529\" \/>D\u2019aquesta manera, el teu nad\u00f3 estar\u00e0 ben subjectat quan viatge en cotxet o en cotxe.<\/p>\n<hr data-start=\"1615\" data-end=\"1618\" \/>\n<p data-start=\"1620\" data-end=\"1633\"><strong data-start=\"1620\" data-end=\"1633\">Qualitats<\/strong><\/p>\n<p data-start=\"1635\" data-end=\"1932\">Atemporal i elegant, aquest jersei finament encoixinat amb bonics costats en forma de rombes proporcionar\u00e0 un moment pur de confort i benestar ideal per a gran part de l\u2019any.<br data-start=\"1809\" data-end=\"1812\" \/>Acollidor i molt suau, aquesta qualitat de doble cara conserva tota la seva flexibilitat i resisteix rentat rere rentat.<\/p>\n<ul data-start=\"1934\" data-end=\"2014\">\n<li data-start=\"1934\" data-end=\"1957\">\n<p data-start=\"1936\" data-end=\"1957\">Exterior: 100% cot\u00f3<\/p>\n<\/li>\n<li data-start=\"1958\" data-end=\"1981\">\n<p data-start=\"1960\" data-end=\"1981\">Interior: 100% cot\u00f3<\/p>\n<\/li>\n<li data-start=\"1982\" data-end=\"2014\">\n<p data-start=\"1984\" data-end=\"2014\">Folre interior: 100% poli\u00e8ster<\/p>\n<\/li>\n<\/ul>\n<p data-start=\"2016\" data-end=\"2104\"><strong data-start=\"2016\" data-end=\"2036\">Rentable a 30\u202f\u00b0C<\/strong>, sense lleixiu, no assecar a m\u00e0quina, no planxar, no rentar en sec.<\/p>\n<p data-start=\"2106\" data-end=\"2258\">El <strong data-start=\"2109\" data-end=\"2116\">TOG<\/strong> \u00e9s l\u2019\u00edndex de calor del producte determinat en funci\u00f3 de la temperatura ambient. El TOG 1.5 \u00e9s ideal per a temperatures entre <strong data-start=\"2243\" data-end=\"2257\">18 i 21\u202f\u00b0C<\/strong>.<\/p>\n","protected":false},"excerpt":{"rendered":"<p data-start=\"22\" data-end=\"169\">Suau i refinat, aquest sac de dormir finament encoixinat proporciona un confort t\u00e8rmic ideal per a temperatures ambientals entre 18\u202f\u00b0C i 21\u202f\u00b0C.<\/p>\n<ul>\n<li data-start=\"171\" data-end=\"260\">Essencial des del naixement, el Magic Bag\u00ae garanteix comoditat i seguretat.<\/li>\n<li data-start=\"171\" data-end=\"260\">TOG 1,5<\/li>\n<\/ul>\n","protected":false},"featured_media":83962,"template":"","meta":{"_acf_changed":false,"site-sidebar-layout":"default","site-content-layout":"","ast-site-content-layout":"default","site-content-style":"default","site-sidebar-style":"default","ast-global-header-display":"","ast-banner-title-visibility":"","ast-main-header-display":"","ast-hfb-above-header-display":"","ast-hfb-below-header-display":"","ast-hfb-mobile-header-display":"","site-post-title":"","ast-breadcrumbs-content":"","ast-featured-img":"","footer-sml-layout":"","ast-disable-related-posts":"","theme-transparent-header-meta":"default","adv-header-id-meta":"","stick-header-meta":"","header-above-stick-meta":"","header-main-stick-meta":"","header-below-stick-meta":"","astra-migrate-meta-layouts":"set","ast-page-background-enabled":"default","ast-page-background-meta":{"desktop":{"background-color":"","background-image":"","background-repeat":"repeat","background-position":"center center","background-size":"auto","background-attachment":"scroll","background-type":"","background-media":"","overlay-type":"","overlay-color":"","overlay-opacity":"","overlay-gradient":""},"tablet":{"background-color":"","background-image":"","background-repeat":"repeat","background-position":"center center","background-size":"auto","background-attachment":"scroll","background-type":"","background-media":"","overlay-type":"","overlay-color":"","overlay-opacity":"","overlay-gradient":""},"mobile":{"background-color":"","background-image":"","background-repeat":"repeat","background-position":"center center","background-size":"auto","background-attachment":"scroll","background-type":"","background-media":"","overlay-type":"","overlay-color":"","overlay-opacity":"","overlay-gradient":""}},"ast-content-background-meta":{"desktop":{"background-color":"var(--ast-global-color-5)","background-image":"","background-repeat":"repeat","background-position":"center center","background-size":"auto","background-attachment":"scroll","background-type":"","background-media":"","overlay-type":"","overlay-color":"","overlay-opacity":"","overlay-gradient":""},"tablet":{"background-color":"var(--ast-global-color-5)","background-image":"","background-repeat":"repeat","background-position":"center center","background-size":"auto","background-attachment":"scroll","background-type":"","background-media":"","overlay-type":"","overlay-color":"","overlay-opacity":"","overlay-gradient":""},"mobile":{"background-color":"var(--ast-global-color-5)","background-image":"","background-repeat":"repeat","background-position":"center center","background-size":"auto","background-attachment":"scroll","background-type":"","background-media":"","overlay-type":"","overlay-color":"","overlay-opacity":"","overlay-gradient":""}}},"pwb-brand":[5140],"product_brand":[],"product_cat":[5186,5164,5185],"product_tag":[5184,3109,5189,5188,4759],"class_list":{"0":"post-83949","1":"product","2":"type-product","3":"status-publish","4":"has-post-thumbnail","6":"pwb-brand-bemini","7":"product_cat-4-12-mesos","8":"product_cat-sacs-de-dormir-2","9":"product_cat-tog-15-2","10":"product_tag-be-mini-2","11":"product_tag-coto","12":"product_tag-pijama-manta-2","13":"product_tag-sac-amb-cames","14":"product_tag-sac-de-dormir","15":"desktop-align-left","16":"tablet-align-left","17":"mobile-align-left","19":"first","20":"outofstock","21":"taxable","22":"shipping-taxable","23":"purchasable","24":"product-type-simple"},"acf":[],"yoast_head":"<!-- This site is optimized with the Yoast SEO Premium plugin v18.3 (Yoast SEO v27.4) - https:\/\/yoast.com\/product\/yoast-seo-premium-wordpress\/ -->\n<title>Sac de dormir Magic Bag 4-12 mesos Lunar TOG 1.5 - BeMini &#8212; Som Llavors<\/title>\n<meta name=\"description\" content=\"Suau i refinat, aquest sac de dormir finament encoixinat proporciona un confort t\u00e8rmic ideal per a temperatures ambientals entre 18\u202f\u00b0C i 21\u202f\u00b0C.    Essencial des del naixement, el Magic Bag\u00ae garanteix comoditat i seguretat.  TOG 1,5\" \/>\n<meta name=\"robots\" content=\"index, follow, max-snippet:-1, max-image-preview:large, max-video-preview:-1\" \/>\n<link rel=\"canonical\" href=\"https:\/\/somllavors.com\/es\/producte\/sac-de-dormir-magic-bag-4-12-mesos-lunar-tog-1-5-bemini\" \/>\n<meta property=\"og:locale\" content=\"es_ES\" \/>\n<meta property=\"og:type\" content=\"article\" \/>\n<meta property=\"og:title\" content=\"Sac de dormir Magic Bag 4-12 mesos Lunar TOG 1.5 - BeMini\" \/>\n<meta property=\"og:description\" content=\"La teva botiga d\u2019ecocrian\u00e7a i espai d\u2019acompanyament a la maternitat\" \/>\n<meta property=\"og:url\" content=\"https:\/\/somllavors.com\/es\/producte\/sac-de-dormir-magic-bag-4-12-mesos-lunar-tog-1-5-bemini\" \/>\n<meta property=\"og:site_name\" content=\"Som Llavors\" \/>\n<meta property=\"article:publisher\" content=\"https:\/\/www.facebook.com\/somllavorsvng\/?locale=ca_ES\" \/>\n<meta property=\"article:modified_time\" content=\"2025-10-14T16:30:26+00:00\" \/>\n<meta property=\"og:image\" content=\"https:\/\/somllavors.com\/wp-content\/uploads\/2025\/10\/Som-Llavors-MAGIC_BAG_Pady_quilted_jersey_4-12m_QUILT_Lunar-bemini-.webp\" \/>\n\t<meta property=\"og:image:width\" content=\"1140\" \/>\n\t<meta property=\"og:image:height\" content=\"1140\" \/>\n\t<meta property=\"og:image:type\" content=\"image\/webp\" \/>\n<meta name=\"twitter:card\" content=\"summary_large_image\" \/>\n<meta name=\"twitter:label1\" content=\"Precio\" \/>\n\t<meta name=\"twitter:data1\" content=\"62,90&euro; Iva incl\u00f2s\" \/>\n\t<meta name=\"twitter:label2\" content=\"Availability\" \/>\n\t<meta name=\"twitter:data2\" content=\"Out of stock\" \/>\n<script type=\"application\/ld+json\" class=\"yoast-schema-graph\">{\"@context\":\"https:\\\/\\\/schema.org\",\"@graph\":[{\"@type\":\"WebPage\",\"@id\":\"https:\\\/\\\/somllavors.com\\\/es\\\/producte\\\/sac-de-dormir-magic-bag-4-12-mesos-lunar-tog-1-5-bemini\",\"url\":\"https:\\\/\\\/somllavors.com\\\/es\\\/producte\\\/sac-de-dormir-magic-bag-4-12-mesos-lunar-tog-1-5-bemini\",\"name\":\"Sac de dormir Magic Bag 4-12 mesos Lunar TOG 1.5 - BeMini &#8212; Som Llavors\",\"isPartOf\":{\"@id\":\"https:\\\/\\\/somllavors.com\\\/es#website\"},\"primaryImageOfPage\":{\"@id\":\"https:\\\/\\\/somllavors.com\\\/es\\\/producte\\\/sac-de-dormir-magic-bag-4-12-mesos-lunar-tog-1-5-bemini#primaryimage\"},\"image\":{\"@id\":\"https:\\\/\\\/somllavors.com\\\/es\\\/producte\\\/sac-de-dormir-magic-bag-4-12-mesos-lunar-tog-1-5-bemini#primaryimage\"},\"thumbnailUrl\":\"https:\\\/\\\/somllavors.com\\\/wp-content\\\/uploads\\\/2025\\\/10\\\/Som-Llavors-MAGIC_BAG_Pady_quilted_jersey_4-12m_QUILT_Lunar-bemini-.webp\",\"datePublished\":\"2025-10-14T16:30:24+00:00\",\"dateModified\":\"2025-10-14T16:30:26+00:00\",\"description\":\"Suau i refinat, aquest sac de dormir finament encoixinat proporciona un confort t\u00e8rmic ideal per a temperatures ambientals entre 18\u202f\u00b0C i 21\u202f\u00b0C. Essencial des del naixement, el Magic Bag\u00ae garanteix comoditat i seguretat. TOG 1,5\",\"breadcrumb\":{\"@id\":\"https:\\\/\\\/somllavors.com\\\/es\\\/producte\\\/sac-de-dormir-magic-bag-4-12-mesos-lunar-tog-1-5-bemini#breadcrumb\"},\"inLanguage\":\"es\",\"potentialAction\":[{\"@type\":\"ReadAction\",\"target\":[\"https:\\\/\\\/somllavors.com\\\/es\\\/producte\\\/sac-de-dormir-magic-bag-4-12-mesos-lunar-tog-1-5-bemini\"]}]},{\"@type\":\"ImageObject\",\"inLanguage\":\"es\",\"@id\":\"https:\\\/\\\/somllavors.com\\\/es\\\/producte\\\/sac-de-dormir-magic-bag-4-12-mesos-lunar-tog-1-5-bemini#primaryimage\",\"url\":\"https:\\\/\\\/somllavors.com\\\/wp-content\\\/uploads\\\/2025\\\/10\\\/Som-Llavors-MAGIC_BAG_Pady_quilted_jersey_4-12m_QUILT_Lunar-bemini-.webp\",\"contentUrl\":\"https:\\\/\\\/somllavors.com\\\/wp-content\\\/uploads\\\/2025\\\/10\\\/Som-Llavors-MAGIC_BAG_Pady_quilted_jersey_4-12m_QUILT_Lunar-bemini-.webp\",\"width\":1140,\"height\":1140,\"caption\":\"pijama manta\"},{\"@type\":\"BreadcrumbList\",\"@id\":\"https:\\\/\\\/somllavors.com\\\/es\\\/producte\\\/sac-de-dormir-magic-bag-4-12-mesos-lunar-tog-1-5-bemini#breadcrumb\",\"itemListElement\":[{\"@type\":\"ListItem\",\"position\":1,\"name\":\"Inici\",\"item\":\"https:\\\/\\\/somllavors.com\\\/es\"},{\"@type\":\"ListItem\",\"position\":2,\"name\":\"Tienda\",\"item\":\"https:\\\/\\\/somllavors.com\\\/es\\\/botiga-2\"},{\"@type\":\"ListItem\",\"position\":3,\"name\":\"Sac de dormir Magic Bag 4-12 mesos Lunar TOG 1.5 &#8211; BeMini\"}]},{\"@type\":\"WebSite\",\"@id\":\"https:\\\/\\\/somllavors.com\\\/es#website\",\"url\":\"https:\\\/\\\/somllavors.com\\\/es\",\"name\":\"Som Llavors\",\"description\":\"Botiga de crian\u00e7a natural\",\"publisher\":{\"@id\":\"https:\\\/\\\/somllavors.com\\\/es#organization\"},\"alternateName\":\"Crian\u00e7a Natural i Sostenible\",\"potentialAction\":[{\"@type\":\"SearchAction\",\"target\":{\"@type\":\"EntryPoint\",\"urlTemplate\":\"https:\\\/\\\/somllavors.com\\\/es?s={search_term_string}\"},\"query-input\":{\"@type\":\"PropertyValueSpecification\",\"valueRequired\":true,\"valueName\":\"search_term_string\"}}],\"inLanguage\":\"es\"},{\"@type\":[\"Organization\",\"Place\",\"Store\"],\"@id\":\"https:\\\/\\\/somllavors.com\\\/es#organization\",\"name\":\"Som Llavors\",\"alternateName\":\"Crian\u00e7a Natural i Sostenible\",\"url\":\"https:\\\/\\\/somllavors.com\\\/es\",\"logo\":{\"@id\":\"https:\\\/\\\/somllavors.com\\\/es\\\/producte\\\/sac-de-dormir-magic-bag-4-12-mesos-lunar-tog-1-5-bemini#local-main-organization-logo\"},\"image\":{\"@id\":\"https:\\\/\\\/somllavors.com\\\/es\\\/producte\\\/sac-de-dormir-magic-bag-4-12-mesos-lunar-tog-1-5-bemini#local-main-organization-logo\"},\"sameAs\":[\"https:\\\/\\\/www.facebook.com\\\/somllavorsvng\\\/?locale=ca_ES\",\"https:\\\/\\\/www.instagram.com\\\/somllavors_vng\\\/\",\"https:\\\/\\\/www.youtube.com\\\/@somllavors\"],\"address\":{\"@id\":\"https:\\\/\\\/somllavors.com\\\/es\\\/producte\\\/sac-de-dormir-magic-bag-4-12-mesos-lunar-tog-1-5-bemini#local-main-place-address\"},\"geo\":{\"@type\":\"GeoCoordinates\",\"latitude\":\"41.2257737\",\"longitude\":\"1.723258859\"},\"telephone\":[\"623152704\"],\"openingHoursSpecification\":[{\"@type\":\"OpeningHoursSpecification\",\"dayOfWeek\":[\"Monday\",\"Sunday\"],\"opens\":\"00:00\",\"closes\":\"00:00\"},{\"@type\":\"OpeningHoursSpecification\",\"dayOfWeek\":[\"Tuesday\",\"Wednesday\",\"Thursday\",\"Friday\"],\"opens\":\"10:00\",\"closes\":\"20:00\"},{\"@type\":\"OpeningHoursSpecification\",\"dayOfWeek\":[\"Saturday\"],\"opens\":\"10:00\",\"closes\":\"13:30\"}],\"email\":\"info@somllavors.com\"},{\"@type\":\"PostalAddress\",\"@id\":\"https:\\\/\\\/somllavors.com\\\/es\\\/producte\\\/sac-de-dormir-magic-bag-4-12-mesos-lunar-tog-1-5-bemini#local-main-place-address\",\"streetAddress\":\"Carrer de l'aigua, 6\",\"addressLocality\":\"Vilanova i la Geltr\u00fa\",\"postalCode\":\"08800\",\"addressRegion\":\"Barcelona\",\"addressCountry\":\"ES\"},{\"@type\":\"ImageObject\",\"inLanguage\":\"es\",\"@id\":\"https:\\\/\\\/somllavors.com\\\/es\\\/producte\\\/sac-de-dormir-magic-bag-4-12-mesos-lunar-tog-1-5-bemini#local-main-organization-logo\",\"url\":\"https:\\\/\\\/somllavors.com\\\/wp-content\\\/uploads\\\/Logotip-Som-Llavors.jpg\",\"contentUrl\":\"https:\\\/\\\/somllavors.com\\\/wp-content\\\/uploads\\\/Logotip-Som-Llavors.jpg\",\"width\":1444,\"height\":1323,\"caption\":\"Som Llavors\"}]}<\/script>\n<meta property=\"product:price:amount\" content=\"62.90\" \/>\n<meta property=\"product:price:currency\" content=\"EUR\" \/>\n<meta property=\"og:availability\" content=\"out of stock\" \/>\n<meta property=\"product:availability\" content=\"out of stock\" \/>\n<meta property=\"product:retailer_item_id\" content=\"155QUILT76QU\" \/>\n<meta property=\"product:condition\" content=\"new\" \/>\n<meta name=\"geo.placename\" content=\"Vilanova i la Geltr\u00fa\" \/>\n<meta name=\"geo.position\" content=\"41.2257737;1.723258859\" \/>\n<meta name=\"geo.region\" content=\"Espa\u00f1a\" \/>\n<!-- \/ Yoast SEO Premium plugin. -->","yoast_head_json":{"title":"Sac de dormir Magic Bag 4-12 mesos Lunar TOG 1.5 - BeMini &#8212; Som Llavors","description":"Suau i refinat, aquest sac de dormir finament encoixinat proporciona un confort t\u00e8rmic ideal per a temperatures ambientals entre 18\u202f\u00b0C i 21\u202f\u00b0C.    Essencial des del naixement, el Magic Bag\u00ae garanteix comoditat i seguretat.  TOG 1,5","robots":{"index":"index","follow":"follow","max-snippet":"max-snippet:-1","max-image-preview":"max-image-preview:large","max-video-preview":"max-video-preview:-1"},"canonical":"https:\/\/somllavors.com\/es\/producte\/sac-de-dormir-magic-bag-4-12-mesos-lunar-tog-1-5-bemini","og_locale":"es_ES","og_type":"article","og_title":"Sac de dormir Magic Bag 4-12 mesos Lunar TOG 1.5 - BeMini","og_description":"La teva botiga d\u2019ecocrian\u00e7a i espai d\u2019acompanyament a la maternitat","og_url":"https:\/\/somllavors.com\/es\/producte\/sac-de-dormir-magic-bag-4-12-mesos-lunar-tog-1-5-bemini","og_site_name":"Som Llavors","article_publisher":"https:\/\/www.facebook.com\/somllavorsvng\/?locale=ca_ES","article_modified_time":"2025-10-14T16:30:26+00:00","og_image":[{"width":1140,"height":1140,"url":"https:\/\/somllavors.com\/wp-content\/uploads\/2025\/10\/Som-Llavors-MAGIC_BAG_Pady_quilted_jersey_4-12m_QUILT_Lunar-bemini-.webp","type":"image\/webp"}],"twitter_card":"summary_large_image","twitter_misc":{"Precio":"62,90&euro; Iva incl\u00f2s","Availability":"Out of stock"},"schema":{"@context":"https:\/\/schema.org","@graph":[{"@type":"WebPage","@id":"https:\/\/somllavors.com\/es\/producte\/sac-de-dormir-magic-bag-4-12-mesos-lunar-tog-1-5-bemini","url":"https:\/\/somllavors.com\/es\/producte\/sac-de-dormir-magic-bag-4-12-mesos-lunar-tog-1-5-bemini","name":"Sac de dormir Magic Bag 4-12 mesos Lunar TOG 1.5 - BeMini &#8212; Som Llavors","isPartOf":{"@id":"https:\/\/somllavors.com\/es#website"},"primaryImageOfPage":{"@id":"https:\/\/somllavors.com\/es\/producte\/sac-de-dormir-magic-bag-4-12-mesos-lunar-tog-1-5-bemini#primaryimage"},"image":{"@id":"https:\/\/somllavors.com\/es\/producte\/sac-de-dormir-magic-bag-4-12-mesos-lunar-tog-1-5-bemini#primaryimage"},"thumbnailUrl":"https:\/\/somllavors.com\/wp-content\/uploads\/2025\/10\/Som-Llavors-MAGIC_BAG_Pady_quilted_jersey_4-12m_QUILT_Lunar-bemini-.webp","datePublished":"2025-10-14T16:30:24+00:00","dateModified":"2025-10-14T16:30:26+00:00","description":"Suau i refinat, aquest sac de dormir finament encoixinat proporciona un confort t\u00e8rmic ideal per a temperatures ambientals entre 18\u202f\u00b0C i 21\u202f\u00b0C. Essencial des del naixement, el Magic Bag\u00ae garanteix comoditat i seguretat. TOG 1,5","breadcrumb":{"@id":"https:\/\/somllavors.com\/es\/producte\/sac-de-dormir-magic-bag-4-12-mesos-lunar-tog-1-5-bemini#breadcrumb"},"inLanguage":"es","potentialAction":[{"@type":"ReadAction","target":["https:\/\/somllavors.com\/es\/producte\/sac-de-dormir-magic-bag-4-12-mesos-lunar-tog-1-5-bemini"]}]},{"@type":"ImageObject","inLanguage":"es","@id":"https:\/\/somllavors.com\/es\/producte\/sac-de-dormir-magic-bag-4-12-mesos-lunar-tog-1-5-bemini#primaryimage","url":"https:\/\/somllavors.com\/wp-content\/uploads\/2025\/10\/Som-Llavors-MAGIC_BAG_Pady_quilted_jersey_4-12m_QUILT_Lunar-bemini-.webp","contentUrl":"https:\/\/somllavors.com\/wp-content\/uploads\/2025\/10\/Som-Llavors-MAGIC_BAG_Pady_quilted_jersey_4-12m_QUILT_Lunar-bemini-.webp","width":1140,"height":1140,"caption":"pijama manta"},{"@type":"BreadcrumbList","@id":"https:\/\/somllavors.com\/es\/producte\/sac-de-dormir-magic-bag-4-12-mesos-lunar-tog-1-5-bemini#breadcrumb","itemListElement":[{"@type":"ListItem","position":1,"name":"Inici","item":"https:\/\/somllavors.com\/es"},{"@type":"ListItem","position":2,"name":"Tienda","item":"https:\/\/somllavors.com\/es\/botiga-2"},{"@type":"ListItem","position":3,"name":"Sac de dormir Magic Bag 4-12 mesos Lunar TOG 1.5 &#8211; BeMini"}]},{"@type":"WebSite","@id":"https:\/\/somllavors.com\/es#website","url":"https:\/\/somllavors.com\/es","name":"Som Llavors","description":"Botiga de crian\u00e7a natural","publisher":{"@id":"https:\/\/somllavors.com\/es#organization"},"alternateName":"Crian\u00e7a Natural i Sostenible","potentialAction":[{"@type":"SearchAction","target":{"@type":"EntryPoint","urlTemplate":"https:\/\/somllavors.com\/es?s={search_term_string}"},"query-input":{"@type":"PropertyValueSpecification","valueRequired":true,"valueName":"search_term_string"}}],"inLanguage":"es"},{"@type":["Organization","Place","Store"],"@id":"https:\/\/somllavors.com\/es#organization","name":"Som Llavors","alternateName":"Crian\u00e7a Natural i Sostenible","url":"https:\/\/somllavors.com\/es","logo":{"@id":"https:\/\/somllavors.com\/es\/producte\/sac-de-dormir-magic-bag-4-12-mesos-lunar-tog-1-5-bemini#local-main-organization-logo"},"image":{"@id":"https:\/\/somllavors.com\/es\/producte\/sac-de-dormir-magic-bag-4-12-mesos-lunar-tog-1-5-bemini#local-main-organization-logo"},"sameAs":["https:\/\/www.facebook.com\/somllavorsvng\/?locale=ca_ES","https:\/\/www.instagram.com\/somllavors_vng\/","https:\/\/www.youtube.com\/@somllavors"],"address":{"@id":"https:\/\/somllavors.com\/es\/producte\/sac-de-dormir-magic-bag-4-12-mesos-lunar-tog-1-5-bemini#local-main-place-address"},"geo":{"@type":"GeoCoordinates","latitude":"41.2257737","longitude":"1.723258859"},"telephone":["623152704","623152704"],"openingHoursSpecification":[{"@type":"OpeningHoursSpecification","dayOfWeek":["Monday","Sunday"],"opens":"00:00","closes":"00:00"},{"@type":"OpeningHoursSpecification","dayOfWeek":["Tuesday","Wednesday","Thursday","Friday"],"opens":"10:00","closes":"20:00"},{"@type":"OpeningHoursSpecification","dayOfWeek":["Saturday"],"opens":"10:00","closes":"13:30"}],"email":"info@somllavors.com"},{"@type":"PostalAddress","@id":"https:\/\/somllavors.com\/es\/producte\/sac-de-dormir-magic-bag-4-12-mesos-lunar-tog-1-5-bemini#local-main-place-address","streetAddress":"Carrer de l'aigua, 6","addressLocality":"Vilanova i la Geltr\u00fa","postalCode":"08800","addressRegion":"Barcelona","addressCountry":"ES"},{"@type":"ImageObject","inLanguage":"es","@id":"https:\/\/somllavors.com\/es\/producte\/sac-de-dormir-magic-bag-4-12-mesos-lunar-tog-1-5-bemini#local-main-organization-logo","url":"https:\/\/somllavors.com\/wp-content\/uploads\/Logotip-Som-Llavors.jpg","contentUrl":"https:\/\/somllavors.com\/wp-content\/uploads\/Logotip-Som-Llavors.jpg","width":1444,"height":1323,"caption":"Som Llavors"}]},"product_price_amount":"62.90","product_price_currency":"EUR","og_availability":"out of stock","product_availability":"out of stock","product_retailer_item_id":"155QUILT76QU","product_condition":"new","geo.placename":"Vilanova i la Geltr\u00fa","geo.position":{"lat":"41.2257737","long":"1.723258859"},"geo.region":"Espa\u00f1a"},"brands":[{"id":5140,"name":"BeMini","slug":"bemini"}],"_links":{"self":[{"href":"https:\/\/somllavors.com\/es\/wp-json\/wp\/v2\/product\/83949","targetHints":{"allow":["GET"]}}],"collection":[{"href":"https:\/\/somllavors.com\/es\/wp-json\/wp\/v2\/product"}],"about":[{"href":"https:\/\/somllavors.com\/es\/wp-json\/wp\/v2\/types\/product"}],"wp:featuredmedia":[{"embeddable":true,"href":"https:\/\/somllavors.com\/es\/wp-json\/wp\/v2\/media\/83962"}],"wp:attachment":[{"href":"https:\/\/somllavors.com\/es\/wp-json\/wp\/v2\/media?parent=83949"}],"wp:term":[{"taxonomy":"pwb-brand","embeddable":true,"href":"https:\/\/somllavors.com\/es\/wp-json\/wp\/v2\/pwb-brand?post=83949"},{"taxonomy":"product_brand","embeddable":true,"href":"https:\/\/somllavors.com\/es\/wp-json\/wp\/v2\/product_brand?post=83949"},{"taxonomy":"product_cat","embeddable":true,"href":"https:\/\/somllavors.com\/es\/wp-json\/wp\/v2\/product_cat?post=83949"},{"taxonomy":"product_tag","embeddable":true,"href":"https:\/\/somllavors.com\/es\/wp-json\/wp\/v2\/product_tag?post=83949"}],"curies":[{"name":"wp","href":"https:\/\/api.w.org\/{rel}","templated":true}]}}