{"id":84691,"date":"2025-11-04T17:40:08","date_gmt":"2025-11-04T16:40:08","guid":{"rendered":"https:\/\/somllavors.com\/producte\/asiento-reversible-nest-to-seat-para-silla-de-paseo-aer-2-joolz"},"modified":"2025-12-01T09:21:35","modified_gmt":"2025-12-01T08:21:35","slug":"asiento-reversible-nest-to-seat-para-silla-de-paseo-aer-2-joolz","status":"publish","type":"product","link":"https:\/\/somllavors.com\/es\/producte\/asiento-reversible-nest-to-seat-para-silla-de-paseo-aer-2-joolz","title":{"rendered":"Asiento Reversible &#8220;Nest to Seat&#8221; para silla de paseo Aer 2 &#8211; Joolz"},"content":{"rendered":"<h3>\u00a1Desde el nacimiento hasta ni\u00f1os peque\u00f1os!<\/h3>\n<p>Empieza con un nido protector para reci\u00e9n nacidos y, a medida que tu beb\u00e9 crece, se transforma en un asiento mirando hacia tus padres, adecuado para un peso de hasta 15 kg, para que puedas&#8230;<\/p>\n<p>Medidas: Joolz Aer\u00b2 Asiento reversible<\/p>\n<p>desplegado:<\/p>\n<p>longitud 115 cm<br \/>\nancho 46 cm<br \/>\naltura 107 cm<br \/>\ncochecito + asiento<br \/>\npeso 2 kg<\/p>\n<p>Plegado:<\/p>\n<p>longitud 53 cm<br \/>\nancho 44,5 cm<br \/>\naltura 23,5 cm<\/p>\n<p>Informaci\u00f3n de la marca:<\/p>\n<p>&#8211; Marca registrada en el registro de marcas: <strong>JOOLZ<\/strong><\/p>\n<p>&#8211; Nombre del fabricante (persona f\u00edsica o jur\u00eddica): <strong>Milk Design BV<\/strong><\/p>\n<p>&#8211; Direcci\u00f3n postal del fabricante: <strong>Distelweg, 89, 1031 HD Amsterdam (The Nederlands)<\/strong><\/p>\n<p>&#8211; Direcci\u00f3n electr\u00f3nica de contacto del fabricante (una direcci\u00f3n de correo electr\u00f3nico o URL para consultas de los clientes): <strong><a href=\"mailto:info@joolz.com\" target=\"_blank\" rel=\"noopener\">info@joolz.com<\/a><\/strong><\/p>\n<p>&#8211; Informaci\u00f3n general sobre la seguridad del producto: <strong><a href=\"mailto:info@joolz.com\" target=\"_blank\" rel=\"noopener\">info@joolz.com<\/a><\/strong><\/p>\n<p>&#8211; Informaci\u00f3n de contacto adicional: <strong><a href=\"mailto:info@joolz.com\" target=\"_blank\" rel=\"noopener\">info@joolz.com<\/a><\/strong><\/p>\n","protected":false},"excerpt":{"rendered":"<p>\u00bfListo para despegar? Conoce el asiento reversible del Joolz Aer\u00b2 &#8220;Nest to Seat&#8221;, el accesorio imprescindible que convierte tu cochecito en el compa\u00f1ero de viaje m\u00e1s f\u00e1cil desde el primer d\u00eda. Empieza con el suave Nest para beb\u00e9s para mantener a tu beb\u00e9 c\u00f3modo, seguro ya la vista (porque sabemos que le seguir\u00e1s mirando). Cuando est\u00e9 listo para sentarte y afrontar el mundo, simplemente puedes cambiar al Seat. La soluci\u00f3n perfecta para la fase de beb\u00e9 a ni\u00f1o peque\u00f1o. Viajes suaves garantizados: con un cochecito de una sola pieza que protege a tu peque\u00f1o ya tu tranquilidad.     <\/p>\n","protected":false},"featured_media":84650,"template":"","meta":{"_acf_changed":false,"site-sidebar-layout":"default","site-content-layout":"","ast-site-content-layout":"default","site-content-style":"default","site-sidebar-style":"default","ast-global-header-display":"","ast-banner-title-visibility":"","ast-main-header-display":"","ast-hfb-above-header-display":"","ast-hfb-below-header-display":"","ast-hfb-mobile-header-display":"","site-post-title":"","ast-breadcrumbs-content":"","ast-featured-img":"","footer-sml-layout":"","ast-disable-related-posts":"","theme-transparent-header-meta":"default","adv-header-id-meta":"","stick-header-meta":"","header-above-stick-meta":"","header-main-stick-meta":"","header-below-stick-meta":"","astra-migrate-meta-layouts":"default","ast-page-background-enabled":"default","ast-page-background-meta":{"desktop":{"background-color":"","background-image":"","background-repeat":"repeat","background-position":"center center","background-size":"auto","background-attachment":"scroll","background-type":"","background-media":"","overlay-type":"","overlay-color":"","overlay-opacity":"","overlay-gradient":""},"tablet":{"background-color":"","background-image":"","background-repeat":"repeat","background-position":"center center","background-size":"auto","background-attachment":"scroll","background-type":"","background-media":"","overlay-type":"","overlay-color":"","overlay-opacity":"","overlay-gradient":""},"mobile":{"background-color":"","background-image":"","background-repeat":"repeat","background-position":"center center","background-size":"auto","background-attachment":"scroll","background-type":"","background-media":"","overlay-type":"","overlay-color":"","overlay-opacity":"","overlay-gradient":""}},"ast-content-background-meta":{"desktop":{"background-color":"var(--ast-global-color-5)","background-image":"","background-repeat":"repeat","background-position":"center center","background-size":"auto","background-attachment":"scroll","background-type":"","background-media":"","overlay-type":"","overlay-color":"","overlay-opacity":"","overlay-gradient":""},"tablet":{"background-color":"var(--ast-global-color-5)","background-image":"","background-repeat":"repeat","background-position":"center center","background-size":"auto","background-attachment":"scroll","background-type":"","background-media":"","overlay-type":"","overlay-color":"","overlay-opacity":"","overlay-gradient":""},"mobile":{"background-color":"var(--ast-global-color-5)","background-image":"","background-repeat":"repeat","background-position":"center center","background-size":"auto","background-attachment":"scroll","background-type":"","background-media":"","overlay-type":"","overlay-color":"","overlay-opacity":"","overlay-gradient":""}}},"pwb-brand":[4305],"product_brand":[],"product_cat":[4616],"product_tag":[5624],"class_list":{"0":"post-84691","1":"product","2":"type-product","3":"status-publish","4":"has-post-thumbnail","6":"pwb-brand-joolz-cotxets","7":"product_cat-accesorios-de-carritos","8":"product_tag-aer2-es","9":"pa_color-forest-green-es","10":"pa_color-sandy-taupe-es","11":"pa_color-space-black-es","12":"desktop-align-left","13":"tablet-align-left","14":"mobile-align-left","16":"first","17":"instock","18":"taxable","19":"shipping-taxable","20":"purchasable","21":"product-type-variable"},"acf":[],"yoast_head":"<!-- This site is optimized with the Yoast SEO Premium plugin v18.3 (Yoast SEO v27.4) - https:\/\/yoast.com\/product\/yoast-seo-premium-wordpress\/ -->\n<title>Asiento reversible &quot;Nest to seat&quot; para Joolz Aer2 -- Som Llavors<\/title>\n<meta name=\"description\" content=\"\u00bfListo para despegar? Conoce el asiento reversible del Joolz Aer\u00b2 &quot;Nest to Seat&quot;, el accesorio imprescindible que convierte tu cochecito en el compa\u00f1ero de viaje m\u00e1s f\u00e1cil desde el primer d\u00eda. Empieza con el suave Nest para beb\u00e9s para mantener a tu beb\u00e9 c\u00f3modo, seguro ya la vista (porque sabemos que le seguir\u00e1s mirando). Cuando est\u00e9 listo para sentarte y afrontar el mundo, simplemente puedes cambiar al Seat. La soluci\u00f3n perfecta para la fase de beb\u00e9 a ni\u00f1o peque\u00f1o. Viajes suaves garantizados: con un cochecito de una sola pieza que protege a tu peque\u00f1o ya tu tranquilidad.\" \/>\n<meta name=\"robots\" content=\"index, follow, max-snippet:-1, max-image-preview:large, max-video-preview:-1\" \/>\n<link rel=\"canonical\" href=\"https:\/\/somllavors.com\/es\/producte\/asiento-reversible-nest-to-seat-para-silla-de-paseo-aer-2-joolz\" \/>\n<meta property=\"og:locale\" content=\"es_ES\" \/>\n<meta property=\"og:type\" content=\"article\" \/>\n<meta property=\"og:title\" content=\"Asiento Reversible &quot;Nest to Seat&quot; para silla de paseo Aer 2 - Joolz\" \/>\n<meta property=\"og:description\" content=\"La teva botiga d\u2019ecocrian\u00e7a i espai d\u2019acompanyament a la maternitat\" \/>\n<meta property=\"og:url\" content=\"https:\/\/somllavors.com\/es\/producte\/asiento-reversible-nest-to-seat-para-silla-de-paseo-aer-2-joolz\" \/>\n<meta property=\"og:site_name\" content=\"Som Llavors\" \/>\n<meta property=\"article:publisher\" content=\"https:\/\/www.facebook.com\/somllavorsvng\/?locale=ca_ES\" \/>\n<meta property=\"article:modified_time\" content=\"2025-12-01T08:21:35+00:00\" \/>\n<meta property=\"og:image\" content=\"https:\/\/somllavors.com\/wp-content\/uploads\/2025\/11\/14.jpg\" \/>\n\t<meta property=\"og:image:width\" content=\"1080\" \/>\n\t<meta property=\"og:image:height\" content=\"1080\" \/>\n\t<meta property=\"og:image:type\" content=\"image\/jpeg\" \/>\n<meta name=\"twitter:card\" content=\"summary_large_image\" \/>\n<meta name=\"twitter:label1\" content=\"Availability\" \/>\n\t<meta name=\"twitter:data1\" content=\"Hay existencias\" \/>\n<script type=\"application\/ld+json\" class=\"yoast-schema-graph\">{\"@context\":\"https:\\\/\\\/schema.org\",\"@graph\":[{\"@type\":\"WebPage\",\"@id\":\"https:\\\/\\\/somllavors.com\\\/es\\\/producte\\\/asiento-reversible-nest-to-seat-para-silla-de-paseo-aer-2-joolz\",\"url\":\"https:\\\/\\\/somllavors.com\\\/es\\\/producte\\\/asiento-reversible-nest-to-seat-para-silla-de-paseo-aer-2-joolz\",\"name\":\"Asiento reversible \\\"Nest to seat\\\" para Joolz Aer2 -- Som Llavors\",\"isPartOf\":{\"@id\":\"https:\\\/\\\/somllavors.com\\\/es#website\"},\"primaryImageOfPage\":{\"@id\":\"https:\\\/\\\/somllavors.com\\\/es\\\/producte\\\/asiento-reversible-nest-to-seat-para-silla-de-paseo-aer-2-joolz#primaryimage\"},\"image\":{\"@id\":\"https:\\\/\\\/somllavors.com\\\/es\\\/producte\\\/asiento-reversible-nest-to-seat-para-silla-de-paseo-aer-2-joolz#primaryimage\"},\"thumbnailUrl\":\"https:\\\/\\\/somllavors.com\\\/wp-content\\\/uploads\\\/2025\\\/11\\\/14.jpg\",\"datePublished\":\"2025-11-04T16:40:08+00:00\",\"dateModified\":\"2025-12-01T08:21:35+00:00\",\"description\":\"\u00bfListo para despegar? Conoce el asiento reversible del Joolz Aer\u00b2 \\\"Nest to Seat\\\", el accesorio imprescindible que convierte tu cochecito en el compa\u00f1ero de viaje m\u00e1s f\u00e1cil desde el primer d\u00eda. Empieza con el suave Nest para beb\u00e9s para mantener a tu beb\u00e9 c\u00f3modo, seguro ya la vista (porque sabemos que le seguir\u00e1s mirando). Cuando est\u00e9 listo para sentarte y afrontar el mundo, simplemente puedes cambiar al Seat. La soluci\u00f3n perfecta para la fase de beb\u00e9 a ni\u00f1o peque\u00f1o. Viajes suaves garantizados: con un cochecito de una sola pieza que protege a tu peque\u00f1o ya tu tranquilidad.\",\"breadcrumb\":{\"@id\":\"https:\\\/\\\/somllavors.com\\\/es\\\/producte\\\/asiento-reversible-nest-to-seat-para-silla-de-paseo-aer-2-joolz#breadcrumb\"},\"inLanguage\":\"es\",\"potentialAction\":[{\"@type\":\"ReadAction\",\"target\":[\"https:\\\/\\\/somllavors.com\\\/es\\\/producte\\\/asiento-reversible-nest-to-seat-para-silla-de-paseo-aer-2-joolz\"]}]},{\"@type\":\"ImageObject\",\"inLanguage\":\"es\",\"@id\":\"https:\\\/\\\/somllavors.com\\\/es\\\/producte\\\/asiento-reversible-nest-to-seat-para-silla-de-paseo-aer-2-joolz#primaryimage\",\"url\":\"https:\\\/\\\/somllavors.com\\\/wp-content\\\/uploads\\\/2025\\\/11\\\/14.jpg\",\"contentUrl\":\"https:\\\/\\\/somllavors.com\\\/wp-content\\\/uploads\\\/2025\\\/11\\\/14.jpg\",\"width\":1080,\"height\":1080,\"caption\":\"Seient reversible nest to seat Aer2 Joolz\"},{\"@type\":\"BreadcrumbList\",\"@id\":\"https:\\\/\\\/somllavors.com\\\/es\\\/producte\\\/asiento-reversible-nest-to-seat-para-silla-de-paseo-aer-2-joolz#breadcrumb\",\"itemListElement\":[{\"@type\":\"ListItem\",\"position\":1,\"name\":\"Inici\",\"item\":\"https:\\\/\\\/somllavors.com\\\/es\"},{\"@type\":\"ListItem\",\"position\":2,\"name\":\"Tienda\",\"item\":\"https:\\\/\\\/somllavors.com\\\/es\\\/botiga-2\"},{\"@type\":\"ListItem\",\"position\":3,\"name\":\"Asiento Reversible &#8220;Nest to Seat&#8221; para silla de paseo Aer 2 &#8211; Joolz\"}]},{\"@type\":\"WebSite\",\"@id\":\"https:\\\/\\\/somllavors.com\\\/es#website\",\"url\":\"https:\\\/\\\/somllavors.com\\\/es\",\"name\":\"Som Llavors\",\"description\":\"Botiga de crian\u00e7a natural\",\"publisher\":{\"@id\":\"https:\\\/\\\/somllavors.com\\\/es#organization\"},\"alternateName\":\"Crian\u00e7a Natural i Sostenible\",\"potentialAction\":[{\"@type\":\"SearchAction\",\"target\":{\"@type\":\"EntryPoint\",\"urlTemplate\":\"https:\\\/\\\/somllavors.com\\\/es?s={search_term_string}\"},\"query-input\":{\"@type\":\"PropertyValueSpecification\",\"valueRequired\":true,\"valueName\":\"search_term_string\"}}],\"inLanguage\":\"es\"},{\"@type\":[\"Organization\",\"Place\",\"Store\"],\"@id\":\"https:\\\/\\\/somllavors.com\\\/es#organization\",\"name\":\"Som Llavors\",\"alternateName\":\"Crian\u00e7a Natural i Sostenible\",\"url\":\"https:\\\/\\\/somllavors.com\\\/es\",\"logo\":{\"@id\":\"https:\\\/\\\/somllavors.com\\\/es\\\/producte\\\/asiento-reversible-nest-to-seat-para-silla-de-paseo-aer-2-joolz#local-main-organization-logo\"},\"image\":{\"@id\":\"https:\\\/\\\/somllavors.com\\\/es\\\/producte\\\/asiento-reversible-nest-to-seat-para-silla-de-paseo-aer-2-joolz#local-main-organization-logo\"},\"sameAs\":[\"https:\\\/\\\/www.facebook.com\\\/somllavorsvng\\\/?locale=ca_ES\",\"https:\\\/\\\/www.instagram.com\\\/somllavors_vng\\\/\",\"https:\\\/\\\/www.youtube.com\\\/@somllavors\"],\"address\":{\"@id\":\"https:\\\/\\\/somllavors.com\\\/es\\\/producte\\\/asiento-reversible-nest-to-seat-para-silla-de-paseo-aer-2-joolz#local-main-place-address\"},\"geo\":{\"@type\":\"GeoCoordinates\",\"latitude\":\"41.2257737\",\"longitude\":\"1.723258859\"},\"telephone\":[\"623152704\"],\"openingHoursSpecification\":[{\"@type\":\"OpeningHoursSpecification\",\"dayOfWeek\":[\"Monday\",\"Sunday\"],\"opens\":\"00:00\",\"closes\":\"00:00\"},{\"@type\":\"OpeningHoursSpecification\",\"dayOfWeek\":[\"Tuesday\",\"Wednesday\",\"Thursday\",\"Friday\"],\"opens\":\"10:00\",\"closes\":\"20:00\"},{\"@type\":\"OpeningHoursSpecification\",\"dayOfWeek\":[\"Saturday\"],\"opens\":\"10:00\",\"closes\":\"13:30\"}],\"email\":\"info@somllavors.com\"},{\"@type\":\"PostalAddress\",\"@id\":\"https:\\\/\\\/somllavors.com\\\/es\\\/producte\\\/asiento-reversible-nest-to-seat-para-silla-de-paseo-aer-2-joolz#local-main-place-address\",\"streetAddress\":\"Carrer de l'aigua, 6\",\"addressLocality\":\"Vilanova i la Geltr\u00fa\",\"postalCode\":\"08800\",\"addressRegion\":\"Barcelona\",\"addressCountry\":\"ES\"},{\"@type\":\"ImageObject\",\"inLanguage\":\"es\",\"@id\":\"https:\\\/\\\/somllavors.com\\\/es\\\/producte\\\/asiento-reversible-nest-to-seat-para-silla-de-paseo-aer-2-joolz#local-main-organization-logo\",\"url\":\"https:\\\/\\\/somllavors.com\\\/wp-content\\\/uploads\\\/Logotip-Som-Llavors.jpg\",\"contentUrl\":\"https:\\\/\\\/somllavors.com\\\/wp-content\\\/uploads\\\/Logotip-Som-Llavors.jpg\",\"width\":1444,\"height\":1323,\"caption\":\"Som Llavors\"}]}<\/script>\n<meta property=\"og:availability\" content=\"instock\" \/>\n<meta property=\"product:availability\" content=\"instock\" \/>\n<meta property=\"product:condition\" content=\"new\" \/>\n<meta name=\"geo.placename\" content=\"Vilanova i la Geltr\u00fa\" \/>\n<meta name=\"geo.position\" content=\"41.2257737;1.723258859\" \/>\n<meta name=\"geo.region\" content=\"Espa\u00f1a\" \/>\n<!-- \/ Yoast SEO Premium plugin. -->","yoast_head_json":{"title":"Asiento reversible \"Nest to seat\" para Joolz Aer2 -- Som Llavors","description":"\u00bfListo para despegar? Conoce el asiento reversible del Joolz Aer\u00b2 \"Nest to Seat\", el accesorio imprescindible que convierte tu cochecito en el compa\u00f1ero de viaje m\u00e1s f\u00e1cil desde el primer d\u00eda. Empieza con el suave Nest para beb\u00e9s para mantener a tu beb\u00e9 c\u00f3modo, seguro ya la vista (porque sabemos que le seguir\u00e1s mirando). Cuando est\u00e9 listo para sentarte y afrontar el mundo, simplemente puedes cambiar al Seat. La soluci\u00f3n perfecta para la fase de beb\u00e9 a ni\u00f1o peque\u00f1o. Viajes suaves garantizados: con un cochecito de una sola pieza que protege a tu peque\u00f1o ya tu tranquilidad.","robots":{"index":"index","follow":"follow","max-snippet":"max-snippet:-1","max-image-preview":"max-image-preview:large","max-video-preview":"max-video-preview:-1"},"canonical":"https:\/\/somllavors.com\/es\/producte\/asiento-reversible-nest-to-seat-para-silla-de-paseo-aer-2-joolz","og_locale":"es_ES","og_type":"article","og_title":"Asiento Reversible \"Nest to Seat\" para silla de paseo Aer 2 - Joolz","og_description":"La teva botiga d\u2019ecocrian\u00e7a i espai d\u2019acompanyament a la maternitat","og_url":"https:\/\/somllavors.com\/es\/producte\/asiento-reversible-nest-to-seat-para-silla-de-paseo-aer-2-joolz","og_site_name":"Som Llavors","article_publisher":"https:\/\/www.facebook.com\/somllavorsvng\/?locale=ca_ES","article_modified_time":"2025-12-01T08:21:35+00:00","og_image":[{"width":1080,"height":1080,"url":"https:\/\/somllavors.com\/wp-content\/uploads\/2025\/11\/14.jpg","type":"image\/jpeg"}],"twitter_card":"summary_large_image","twitter_misc":{"Availability":"Hay existencias"},"schema":{"@context":"https:\/\/schema.org","@graph":[{"@type":"WebPage","@id":"https:\/\/somllavors.com\/es\/producte\/asiento-reversible-nest-to-seat-para-silla-de-paseo-aer-2-joolz","url":"https:\/\/somllavors.com\/es\/producte\/asiento-reversible-nest-to-seat-para-silla-de-paseo-aer-2-joolz","name":"Asiento reversible \"Nest to seat\" para Joolz Aer2 -- Som Llavors","isPartOf":{"@id":"https:\/\/somllavors.com\/es#website"},"primaryImageOfPage":{"@id":"https:\/\/somllavors.com\/es\/producte\/asiento-reversible-nest-to-seat-para-silla-de-paseo-aer-2-joolz#primaryimage"},"image":{"@id":"https:\/\/somllavors.com\/es\/producte\/asiento-reversible-nest-to-seat-para-silla-de-paseo-aer-2-joolz#primaryimage"},"thumbnailUrl":"https:\/\/somllavors.com\/wp-content\/uploads\/2025\/11\/14.jpg","datePublished":"2025-11-04T16:40:08+00:00","dateModified":"2025-12-01T08:21:35+00:00","description":"\u00bfListo para despegar? Conoce el asiento reversible del Joolz Aer\u00b2 \"Nest to Seat\", el accesorio imprescindible que convierte tu cochecito en el compa\u00f1ero de viaje m\u00e1s f\u00e1cil desde el primer d\u00eda. Empieza con el suave Nest para beb\u00e9s para mantener a tu beb\u00e9 c\u00f3modo, seguro ya la vista (porque sabemos que le seguir\u00e1s mirando). Cuando est\u00e9 listo para sentarte y afrontar el mundo, simplemente puedes cambiar al Seat. La soluci\u00f3n perfecta para la fase de beb\u00e9 a ni\u00f1o peque\u00f1o. Viajes suaves garantizados: con un cochecito de una sola pieza que protege a tu peque\u00f1o ya tu tranquilidad.","breadcrumb":{"@id":"https:\/\/somllavors.com\/es\/producte\/asiento-reversible-nest-to-seat-para-silla-de-paseo-aer-2-joolz#breadcrumb"},"inLanguage":"es","potentialAction":[{"@type":"ReadAction","target":["https:\/\/somllavors.com\/es\/producte\/asiento-reversible-nest-to-seat-para-silla-de-paseo-aer-2-joolz"]}]},{"@type":"ImageObject","inLanguage":"es","@id":"https:\/\/somllavors.com\/es\/producte\/asiento-reversible-nest-to-seat-para-silla-de-paseo-aer-2-joolz#primaryimage","url":"https:\/\/somllavors.com\/wp-content\/uploads\/2025\/11\/14.jpg","contentUrl":"https:\/\/somllavors.com\/wp-content\/uploads\/2025\/11\/14.jpg","width":1080,"height":1080,"caption":"Seient reversible nest to seat Aer2 Joolz"},{"@type":"BreadcrumbList","@id":"https:\/\/somllavors.com\/es\/producte\/asiento-reversible-nest-to-seat-para-silla-de-paseo-aer-2-joolz#breadcrumb","itemListElement":[{"@type":"ListItem","position":1,"name":"Inici","item":"https:\/\/somllavors.com\/es"},{"@type":"ListItem","position":2,"name":"Tienda","item":"https:\/\/somllavors.com\/es\/botiga-2"},{"@type":"ListItem","position":3,"name":"Asiento Reversible &#8220;Nest to Seat&#8221; para silla de paseo Aer 2 &#8211; Joolz"}]},{"@type":"WebSite","@id":"https:\/\/somllavors.com\/es#website","url":"https:\/\/somllavors.com\/es","name":"Som Llavors","description":"Botiga de crian\u00e7a natural","publisher":{"@id":"https:\/\/somllavors.com\/es#organization"},"alternateName":"Crian\u00e7a Natural i Sostenible","potentialAction":[{"@type":"SearchAction","target":{"@type":"EntryPoint","urlTemplate":"https:\/\/somllavors.com\/es?s={search_term_string}"},"query-input":{"@type":"PropertyValueSpecification","valueRequired":true,"valueName":"search_term_string"}}],"inLanguage":"es"},{"@type":["Organization","Place","Store"],"@id":"https:\/\/somllavors.com\/es#organization","name":"Som Llavors","alternateName":"Crian\u00e7a Natural i Sostenible","url":"https:\/\/somllavors.com\/es","logo":{"@id":"https:\/\/somllavors.com\/es\/producte\/asiento-reversible-nest-to-seat-para-silla-de-paseo-aer-2-joolz#local-main-organization-logo"},"image":{"@id":"https:\/\/somllavors.com\/es\/producte\/asiento-reversible-nest-to-seat-para-silla-de-paseo-aer-2-joolz#local-main-organization-logo"},"sameAs":["https:\/\/www.facebook.com\/somllavorsvng\/?locale=ca_ES","https:\/\/www.instagram.com\/somllavors_vng\/","https:\/\/www.youtube.com\/@somllavors"],"address":{"@id":"https:\/\/somllavors.com\/es\/producte\/asiento-reversible-nest-to-seat-para-silla-de-paseo-aer-2-joolz#local-main-place-address"},"geo":{"@type":"GeoCoordinates","latitude":"41.2257737","longitude":"1.723258859"},"telephone":["623152704","623152704"],"openingHoursSpecification":[{"@type":"OpeningHoursSpecification","dayOfWeek":["Monday","Sunday"],"opens":"00:00","closes":"00:00"},{"@type":"OpeningHoursSpecification","dayOfWeek":["Tuesday","Wednesday","Thursday","Friday"],"opens":"10:00","closes":"20:00"},{"@type":"OpeningHoursSpecification","dayOfWeek":["Saturday"],"opens":"10:00","closes":"13:30"}],"email":"info@somllavors.com"},{"@type":"PostalAddress","@id":"https:\/\/somllavors.com\/es\/producte\/asiento-reversible-nest-to-seat-para-silla-de-paseo-aer-2-joolz#local-main-place-address","streetAddress":"Carrer de l'aigua, 6","addressLocality":"Vilanova i la Geltr\u00fa","postalCode":"08800","addressRegion":"Barcelona","addressCountry":"ES"},{"@type":"ImageObject","inLanguage":"es","@id":"https:\/\/somllavors.com\/es\/producte\/asiento-reversible-nest-to-seat-para-silla-de-paseo-aer-2-joolz#local-main-organization-logo","url":"https:\/\/somllavors.com\/wp-content\/uploads\/Logotip-Som-Llavors.jpg","contentUrl":"https:\/\/somllavors.com\/wp-content\/uploads\/Logotip-Som-Llavors.jpg","width":1444,"height":1323,"caption":"Som Llavors"}]},"og_availability":"instock","product_availability":"instock","product_condition":"new","geo.placename":"Vilanova i la Geltr\u00fa","geo.position":{"lat":"41.2257737","long":"1.723258859"},"geo.region":"Espa\u00f1a"},"brands":[{"id":4305,"name":"Joolz","slug":"joolz-cotxets"}],"_links":{"self":[{"href":"https:\/\/somllavors.com\/es\/wp-json\/wp\/v2\/product\/84691","targetHints":{"allow":["GET"]}}],"collection":[{"href":"https:\/\/somllavors.com\/es\/wp-json\/wp\/v2\/product"}],"about":[{"href":"https:\/\/somllavors.com\/es\/wp-json\/wp\/v2\/types\/product"}],"wp:featuredmedia":[{"embeddable":true,"href":"https:\/\/somllavors.com\/es\/wp-json\/wp\/v2\/media\/84650"}],"wp:attachment":[{"href":"https:\/\/somllavors.com\/es\/wp-json\/wp\/v2\/media?parent=84691"}],"wp:term":[{"taxonomy":"pwb-brand","embeddable":true,"href":"https:\/\/somllavors.com\/es\/wp-json\/wp\/v2\/pwb-brand?post=84691"},{"taxonomy":"product_brand","embeddable":true,"href":"https:\/\/somllavors.com\/es\/wp-json\/wp\/v2\/product_brand?post=84691"},{"taxonomy":"product_cat","embeddable":true,"href":"https:\/\/somllavors.com\/es\/wp-json\/wp\/v2\/product_cat?post=84691"},{"taxonomy":"product_tag","embeddable":true,"href":"https:\/\/somllavors.com\/es\/wp-json\/wp\/v2\/product_tag?post=84691"}],"curies":[{"name":"wp","href":"https:\/\/api.w.org\/{rel}","templated":true}]}}