{"id":84701,"date":"2025-07-10T13:52:05","date_gmt":"2025-07-10T11:52:05","guid":{"rendered":"https:\/\/somllavors.com\/producte\/silla-de-paseo-aer2-con-capazo-joolz"},"modified":"2025-12-01T09:49:49","modified_gmt":"2025-12-01T08:49:49","slug":"silla-de-paseo-aer2-con-capazo-joolz","status":"publish","type":"product","link":"https:\/\/somllavors.com\/es\/producte\/silla-de-paseo-aer2-con-capazo-joolz","title":{"rendered":"Silla de paseo Aer2 con Capazo &#8211; Joolz"},"content":{"rendered":"<p>Incluye la silla de paseo y el capazo.<\/p>\n<p>Plegado de pie con una mano<br \/>\ncorrea para el hombro integrado<br \/>\nLigero<br \/>\ns\u00f3lo 8,5 kg<\/p>\n<p>Se maneja con una mano,<br \/>\nmanillar alto<br \/>\ncapota extragrande con UPF +50 y ventilaci\u00f3n adicional<br \/>\nCabazo de tama\u00f1o completo para el sue\u00f1o nocturno<br \/>\nDesplegado<\/p>\n<p>94.5 cm<\/p>\n<p>&nbsp;<\/p>\n<p>45 cm<br \/>\n106.5 cm<\/p>\n<p>Plegado<\/p>\n<p>90 cm<br \/>\n38 cm<br \/>\n45 cm<\/p>\n<p>&nbsp;<\/p>\n<p>Informaci\u00f3n de la marca:<\/p>\n<p>&#8211; Marca registrada en el registro de marcas: <strong>JOOLZ<\/strong><\/p>\n<p>&#8211; Nombre del fabricante (persona f\u00edsica o jur\u00eddica): <strong>Milk Design BV<\/strong><\/p>\n<p>&#8211; Direcci\u00f3n postal del fabricante: <strong>Distelweg, 89, 1031 HD Amsterdam (The Nederlands)<\/strong><\/p>\n<p>&#8211; Direcci\u00f3n electr\u00f3nica de contacto del fabricante (una direcci\u00f3n de correo electr\u00f3nico o URL para consultas de los clientes): <strong><a href=\"mailto:info@joolz.com\" target=\"_blank\" rel=\"noopener\">info@joolz.com<\/a><\/strong><\/p>\n<p>&#8211; Informaci\u00f3n general sobre la seguridad del producto: <strong><a href=\"mailto:info@joolz.com\" target=\"_blank\" rel=\"noopener\">info@joolz.com<\/a><\/strong><\/p>\n<p>&#8211; Informaci\u00f3n de contacto adicional: <strong><a href=\"mailto:info@joolz.com\" target=\"_blank\" rel=\"noopener\">info@joolz.com<\/a><\/strong><\/p>\n","protected":false},"excerpt":{"rendered":"<p>Un conjunto que har\u00e1 tu vida como padre o madre un poco m\u00e1s f\u00e1cil. Joolz Aer\u00b2 con capazo: ultracompacto y ligero, el cochecito definitivo para los paseos m\u00e1s c\u00f3modos. <\/p>\n<p>&nbsp;<\/p>\n<p>\u2022Uso con gran comodidad: gracias a las ruedas con suspensi\u00f3n, que se maneja con una sola mano, a un manillar alto (106,5 cm) para padres de todas las alturas y al amplio espacio para mover los pies, los paseos ser\u00e1n soplar y hacer botellas.<br \/>\n\u2022Capota extragrande: ofrece tanto protecci\u00f3n (UPF 50+) como ventilaci\u00f3n adicional.<br \/>\n\u2022Tejidos sostenibles: disponibles en 6 tejidos sostenibles premium fabricados a partir de botellas de PET reciclado.<\/p>\n","protected":false},"featured_media":85469,"template":"","meta":{"_acf_changed":false,"site-sidebar-layout":"default","site-content-layout":"","ast-site-content-layout":"default","site-content-style":"default","site-sidebar-style":"default","ast-global-header-display":"","ast-banner-title-visibility":"","ast-main-header-display":"","ast-hfb-above-header-display":"","ast-hfb-below-header-display":"","ast-hfb-mobile-header-display":"","site-post-title":"","ast-breadcrumbs-content":"","ast-featured-img":"","footer-sml-layout":"","ast-disable-related-posts":"","theme-transparent-header-meta":"default","adv-header-id-meta":"","stick-header-meta":"","header-above-stick-meta":"","header-main-stick-meta":"","header-below-stick-meta":"","astra-migrate-meta-layouts":"default","ast-page-background-enabled":"default","ast-page-background-meta":{"desktop":{"background-color":"","background-image":"","background-repeat":"repeat","background-position":"center center","background-size":"auto","background-attachment":"scroll","background-type":"","background-media":"","overlay-type":"","overlay-color":"","overlay-opacity":"","overlay-gradient":""},"tablet":{"background-color":"","background-image":"","background-repeat":"repeat","background-position":"center center","background-size":"auto","background-attachment":"scroll","background-type":"","background-media":"","overlay-type":"","overlay-color":"","overlay-opacity":"","overlay-gradient":""},"mobile":{"background-color":"","background-image":"","background-repeat":"repeat","background-position":"center center","background-size":"auto","background-attachment":"scroll","background-type":"","background-media":"","overlay-type":"","overlay-color":"","overlay-opacity":"","overlay-gradient":""}},"ast-content-background-meta":{"desktop":{"background-color":"var(--ast-global-color-5)","background-image":"","background-repeat":"repeat","background-position":"center center","background-size":"auto","background-attachment":"scroll","background-type":"","background-media":"","overlay-type":"","overlay-color":"","overlay-opacity":"","overlay-gradient":""},"tablet":{"background-color":"var(--ast-global-color-5)","background-image":"","background-repeat":"repeat","background-position":"center center","background-size":"auto","background-attachment":"scroll","background-type":"","background-media":"","overlay-type":"","overlay-color":"","overlay-opacity":"","overlay-gradient":""},"mobile":{"background-color":"var(--ast-global-color-5)","background-image":"","background-repeat":"repeat","background-position":"center center","background-size":"auto","background-attachment":"scroll","background-type":"","background-media":"","overlay-type":"","overlay-color":"","overlay-opacity":"","overlay-gradient":""}}},"pwb-brand":[4305],"product_brand":[],"product_cat":[4617],"product_tag":[5624],"class_list":{"0":"post-84701","1":"product","2":"type-product","3":"status-publish","4":"has-post-thumbnail","6":"pwb-brand-joolz-cotxets","7":"product_cat-joolz-es","8":"product_tag-aer2-es","9":"pa_color-dark-navy-blue","10":"pa_color-forest-green-es","11":"pa_color-pebble-grey","12":"pa_color-sage-green-es","13":"pa_color-sandy-taupe-es","14":"pa_color-space-black-es","15":"pa_color-stone-grey-es","16":"desktop-align-left","17":"tablet-align-left","18":"mobile-align-left","20":"first","21":"instock","22":"taxable","23":"shipping-taxable","24":"purchasable","25":"product-type-variable"},"acf":[],"yoast_head":"<!-- This site is optimized with the Yoast SEO Premium plugin v18.3 (Yoast SEO v27.4) - https:\/\/yoast.com\/product\/yoast-seo-premium-wordpress\/ -->\n<title>Silla de paseo Aer2 con Capazo - Joolz &#8212; Som Llavors<\/title>\n<meta name=\"description\" content=\"Un conjunto que har\u00e1 tu vida como padre o madre un poco m\u00e1s f\u00e1cil. Joolz Aer\u00b2 con capazo: ultracompacto y ligero, el cochecito definitivo para los paseos m\u00e1s c\u00f3modos.  &nbsp; \u2022Uso con gran comodidad: gracias a las ruedas con suspensi\u00f3n, que se maneja con una sola mano, a un manillar alto (106,5 cm) para padres de todas las alturas y al amplio espacio para mover los pies, los paseos ser\u00e1n soplar y hacer botellas. \u2022Capota extragrande: ofrece tanto protecci\u00f3n (UPF 50+) como ventilaci\u00f3n adicional. \u2022Tejidos sostenibles: disponibles en 6 tejidos sostenibles premium fabricados a partir de botellas de PET reciclado.\" \/>\n<meta name=\"robots\" content=\"index, follow, max-snippet:-1, max-image-preview:large, max-video-preview:-1\" \/>\n<link rel=\"canonical\" href=\"https:\/\/somllavors.com\/es\/producte\/silla-de-paseo-aer2-con-capazo-joolz\" \/>\n<meta property=\"og:locale\" content=\"es_ES\" \/>\n<meta property=\"og:type\" content=\"article\" \/>\n<meta property=\"og:title\" content=\"Silla de paseo Aer2 con Capazo - Joolz\" \/>\n<meta property=\"og:description\" content=\"La teva botiga d\u2019ecocrian\u00e7a i espai d\u2019acompanyament a la maternitat\" \/>\n<meta property=\"og:url\" content=\"https:\/\/somllavors.com\/es\/producte\/silla-de-paseo-aer2-con-capazo-joolz\" \/>\n<meta property=\"og:site_name\" content=\"Som Llavors\" \/>\n<meta property=\"article:publisher\" content=\"https:\/\/www.facebook.com\/somllavorsvng\/?locale=ca_ES\" \/>\n<meta property=\"article:modified_time\" content=\"2025-12-01T08:49:49+00:00\" \/>\n<meta property=\"og:image\" content=\"https:\/\/somllavors.com\/wp-content\/uploads\/2025\/07\/Som-Llavors-Aer2-Pebble-Grey-Joolz.jpg\" \/>\n\t<meta property=\"og:image:width\" content=\"1080\" \/>\n\t<meta property=\"og:image:height\" content=\"1080\" \/>\n\t<meta property=\"og:image:type\" content=\"image\/jpeg\" \/>\n<meta name=\"twitter:card\" content=\"summary_large_image\" \/>\n<meta name=\"twitter:label1\" content=\"Availability\" \/>\n\t<meta name=\"twitter:data1\" content=\"Hay existencias\" \/>\n<script type=\"application\/ld+json\" class=\"yoast-schema-graph\">{\"@context\":\"https:\\\/\\\/schema.org\",\"@graph\":[{\"@type\":\"WebPage\",\"@id\":\"https:\\\/\\\/somllavors.com\\\/es\\\/producte\\\/silla-de-paseo-aer2-con-capazo-joolz\",\"url\":\"https:\\\/\\\/somllavors.com\\\/es\\\/producte\\\/silla-de-paseo-aer2-con-capazo-joolz\",\"name\":\"Silla de paseo Aer2 con Capazo - Joolz &#8212; Som Llavors\",\"isPartOf\":{\"@id\":\"https:\\\/\\\/somllavors.com\\\/es#website\"},\"primaryImageOfPage\":{\"@id\":\"https:\\\/\\\/somllavors.com\\\/es\\\/producte\\\/silla-de-paseo-aer2-con-capazo-joolz#primaryimage\"},\"image\":{\"@id\":\"https:\\\/\\\/somllavors.com\\\/es\\\/producte\\\/silla-de-paseo-aer2-con-capazo-joolz#primaryimage\"},\"thumbnailUrl\":\"https:\\\/\\\/somllavors.com\\\/wp-content\\\/uploads\\\/2025\\\/07\\\/Som-Llavors-Aer2-Pebble-Grey-Joolz.jpg\",\"datePublished\":\"2025-07-10T11:52:05+00:00\",\"dateModified\":\"2025-12-01T08:49:49+00:00\",\"description\":\"Un conjunto que har\u00e1 tu vida como padre o madre un poco m\u00e1s f\u00e1cil. Joolz Aer\u00b2 con capazo: ultracompacto y ligero, el cochecito definitivo para los paseos m\u00e1s c\u00f3modos. &nbsp; \u2022Uso con gran comodidad: gracias a las ruedas con suspensi\u00f3n, que se maneja con una sola mano, a un manillar alto (106,5 cm) para padres de todas las alturas y al amplio espacio para mover los pies, los paseos ser\u00e1n soplar y hacer botellas. \u2022Capota extragrande: ofrece tanto protecci\u00f3n (UPF 50+) como ventilaci\u00f3n adicional. \u2022Tejidos sostenibles: disponibles en 6 tejidos sostenibles premium fabricados a partir de botellas de PET reciclado.\",\"breadcrumb\":{\"@id\":\"https:\\\/\\\/somllavors.com\\\/es\\\/producte\\\/silla-de-paseo-aer2-con-capazo-joolz#breadcrumb\"},\"inLanguage\":\"es\",\"potentialAction\":[{\"@type\":\"ReadAction\",\"target\":[\"https:\\\/\\\/somllavors.com\\\/es\\\/producte\\\/silla-de-paseo-aer2-con-capazo-joolz\"]}]},{\"@type\":\"ImageObject\",\"inLanguage\":\"es\",\"@id\":\"https:\\\/\\\/somllavors.com\\\/es\\\/producte\\\/silla-de-paseo-aer2-con-capazo-joolz#primaryimage\",\"url\":\"https:\\\/\\\/somllavors.com\\\/wp-content\\\/uploads\\\/2025\\\/07\\\/Som-Llavors-Aer2-Pebble-Grey-Joolz.jpg\",\"contentUrl\":\"https:\\\/\\\/somllavors.com\\\/wp-content\\\/uploads\\\/2025\\\/07\\\/Som-Llavors-Aer2-Pebble-Grey-Joolz.jpg\",\"width\":1080,\"height\":1080,\"caption\":\"Aer2-Pebble-Grey-Joolz\"},{\"@type\":\"BreadcrumbList\",\"@id\":\"https:\\\/\\\/somllavors.com\\\/es\\\/producte\\\/silla-de-paseo-aer2-con-capazo-joolz#breadcrumb\",\"itemListElement\":[{\"@type\":\"ListItem\",\"position\":1,\"name\":\"Inici\",\"item\":\"https:\\\/\\\/somllavors.com\\\/es\"},{\"@type\":\"ListItem\",\"position\":2,\"name\":\"Tienda\",\"item\":\"https:\\\/\\\/somllavors.com\\\/es\\\/botiga-2\"},{\"@type\":\"ListItem\",\"position\":3,\"name\":\"Silla de paseo Aer2 con Capazo &#8211; Joolz\"}]},{\"@type\":\"WebSite\",\"@id\":\"https:\\\/\\\/somllavors.com\\\/es#website\",\"url\":\"https:\\\/\\\/somllavors.com\\\/es\",\"name\":\"Som Llavors\",\"description\":\"Botiga de crian\u00e7a natural\",\"publisher\":{\"@id\":\"https:\\\/\\\/somllavors.com\\\/es#organization\"},\"alternateName\":\"Crian\u00e7a Natural i Sostenible\",\"potentialAction\":[{\"@type\":\"SearchAction\",\"target\":{\"@type\":\"EntryPoint\",\"urlTemplate\":\"https:\\\/\\\/somllavors.com\\\/es?s={search_term_string}\"},\"query-input\":{\"@type\":\"PropertyValueSpecification\",\"valueRequired\":true,\"valueName\":\"search_term_string\"}}],\"inLanguage\":\"es\"},{\"@type\":[\"Organization\",\"Place\",\"Store\"],\"@id\":\"https:\\\/\\\/somllavors.com\\\/es#organization\",\"name\":\"Som Llavors\",\"alternateName\":\"Crian\u00e7a Natural i Sostenible\",\"url\":\"https:\\\/\\\/somllavors.com\\\/es\",\"logo\":{\"@id\":\"https:\\\/\\\/somllavors.com\\\/es\\\/producte\\\/silla-de-paseo-aer2-con-capazo-joolz#local-main-organization-logo\"},\"image\":{\"@id\":\"https:\\\/\\\/somllavors.com\\\/es\\\/producte\\\/silla-de-paseo-aer2-con-capazo-joolz#local-main-organization-logo\"},\"sameAs\":[\"https:\\\/\\\/www.facebook.com\\\/somllavorsvng\\\/?locale=ca_ES\",\"https:\\\/\\\/www.instagram.com\\\/somllavors_vng\\\/\",\"https:\\\/\\\/www.youtube.com\\\/@somllavors\"],\"address\":{\"@id\":\"https:\\\/\\\/somllavors.com\\\/es\\\/producte\\\/silla-de-paseo-aer2-con-capazo-joolz#local-main-place-address\"},\"geo\":{\"@type\":\"GeoCoordinates\",\"latitude\":\"41.2257737\",\"longitude\":\"1.723258859\"},\"telephone\":[\"623152704\"],\"openingHoursSpecification\":[{\"@type\":\"OpeningHoursSpecification\",\"dayOfWeek\":[\"Monday\",\"Sunday\"],\"opens\":\"00:00\",\"closes\":\"00:00\"},{\"@type\":\"OpeningHoursSpecification\",\"dayOfWeek\":[\"Tuesday\",\"Wednesday\",\"Thursday\",\"Friday\"],\"opens\":\"10:00\",\"closes\":\"20:00\"},{\"@type\":\"OpeningHoursSpecification\",\"dayOfWeek\":[\"Saturday\"],\"opens\":\"10:00\",\"closes\":\"13:30\"}],\"email\":\"info@somllavors.com\"},{\"@type\":\"PostalAddress\",\"@id\":\"https:\\\/\\\/somllavors.com\\\/es\\\/producte\\\/silla-de-paseo-aer2-con-capazo-joolz#local-main-place-address\",\"streetAddress\":\"Carrer de l'aigua, 6\",\"addressLocality\":\"Vilanova i la Geltr\u00fa\",\"postalCode\":\"08800\",\"addressRegion\":\"Barcelona\",\"addressCountry\":\"ES\"},{\"@type\":\"ImageObject\",\"inLanguage\":\"es\",\"@id\":\"https:\\\/\\\/somllavors.com\\\/es\\\/producte\\\/silla-de-paseo-aer2-con-capazo-joolz#local-main-organization-logo\",\"url\":\"https:\\\/\\\/somllavors.com\\\/wp-content\\\/uploads\\\/Logotip-Som-Llavors.jpg\",\"contentUrl\":\"https:\\\/\\\/somllavors.com\\\/wp-content\\\/uploads\\\/Logotip-Som-Llavors.jpg\",\"width\":1444,\"height\":1323,\"caption\":\"Som Llavors\"}]}<\/script>\n<meta property=\"og:availability\" content=\"instock\" \/>\n<meta property=\"product:availability\" content=\"instock\" \/>\n<meta property=\"product:condition\" content=\"new\" \/>\n<meta name=\"geo.placename\" content=\"Vilanova i la Geltr\u00fa\" \/>\n<meta name=\"geo.position\" content=\"41.2257737;1.723258859\" \/>\n<meta name=\"geo.region\" content=\"Espa\u00f1a\" \/>\n<!-- \/ Yoast SEO Premium plugin. -->","yoast_head_json":{"title":"Silla de paseo Aer2 con Capazo - Joolz &#8212; Som Llavors","description":"Un conjunto que har\u00e1 tu vida como padre o madre un poco m\u00e1s f\u00e1cil. Joolz Aer\u00b2 con capazo: ultracompacto y ligero, el cochecito definitivo para los paseos m\u00e1s c\u00f3modos.  &nbsp; \u2022Uso con gran comodidad: gracias a las ruedas con suspensi\u00f3n, que se maneja con una sola mano, a un manillar alto (106,5 cm) para padres de todas las alturas y al amplio espacio para mover los pies, los paseos ser\u00e1n soplar y hacer botellas. \u2022Capota extragrande: ofrece tanto protecci\u00f3n (UPF 50+) como ventilaci\u00f3n adicional. \u2022Tejidos sostenibles: disponibles en 6 tejidos sostenibles premium fabricados a partir de botellas de PET reciclado.","robots":{"index":"index","follow":"follow","max-snippet":"max-snippet:-1","max-image-preview":"max-image-preview:large","max-video-preview":"max-video-preview:-1"},"canonical":"https:\/\/somllavors.com\/es\/producte\/silla-de-paseo-aer2-con-capazo-joolz","og_locale":"es_ES","og_type":"article","og_title":"Silla de paseo Aer2 con Capazo - Joolz","og_description":"La teva botiga d\u2019ecocrian\u00e7a i espai d\u2019acompanyament a la maternitat","og_url":"https:\/\/somllavors.com\/es\/producte\/silla-de-paseo-aer2-con-capazo-joolz","og_site_name":"Som Llavors","article_publisher":"https:\/\/www.facebook.com\/somllavorsvng\/?locale=ca_ES","article_modified_time":"2025-12-01T08:49:49+00:00","og_image":[{"width":1080,"height":1080,"url":"https:\/\/somllavors.com\/wp-content\/uploads\/2025\/07\/Som-Llavors-Aer2-Pebble-Grey-Joolz.jpg","type":"image\/jpeg"}],"twitter_card":"summary_large_image","twitter_misc":{"Availability":"Hay existencias"},"schema":{"@context":"https:\/\/schema.org","@graph":[{"@type":"WebPage","@id":"https:\/\/somllavors.com\/es\/producte\/silla-de-paseo-aer2-con-capazo-joolz","url":"https:\/\/somllavors.com\/es\/producte\/silla-de-paseo-aer2-con-capazo-joolz","name":"Silla de paseo Aer2 con Capazo - Joolz &#8212; Som Llavors","isPartOf":{"@id":"https:\/\/somllavors.com\/es#website"},"primaryImageOfPage":{"@id":"https:\/\/somllavors.com\/es\/producte\/silla-de-paseo-aer2-con-capazo-joolz#primaryimage"},"image":{"@id":"https:\/\/somllavors.com\/es\/producte\/silla-de-paseo-aer2-con-capazo-joolz#primaryimage"},"thumbnailUrl":"https:\/\/somllavors.com\/wp-content\/uploads\/2025\/07\/Som-Llavors-Aer2-Pebble-Grey-Joolz.jpg","datePublished":"2025-07-10T11:52:05+00:00","dateModified":"2025-12-01T08:49:49+00:00","description":"Un conjunto que har\u00e1 tu vida como padre o madre un poco m\u00e1s f\u00e1cil. Joolz Aer\u00b2 con capazo: ultracompacto y ligero, el cochecito definitivo para los paseos m\u00e1s c\u00f3modos. &nbsp; \u2022Uso con gran comodidad: gracias a las ruedas con suspensi\u00f3n, que se maneja con una sola mano, a un manillar alto (106,5 cm) para padres de todas las alturas y al amplio espacio para mover los pies, los paseos ser\u00e1n soplar y hacer botellas. \u2022Capota extragrande: ofrece tanto protecci\u00f3n (UPF 50+) como ventilaci\u00f3n adicional. \u2022Tejidos sostenibles: disponibles en 6 tejidos sostenibles premium fabricados a partir de botellas de PET reciclado.","breadcrumb":{"@id":"https:\/\/somllavors.com\/es\/producte\/silla-de-paseo-aer2-con-capazo-joolz#breadcrumb"},"inLanguage":"es","potentialAction":[{"@type":"ReadAction","target":["https:\/\/somllavors.com\/es\/producte\/silla-de-paseo-aer2-con-capazo-joolz"]}]},{"@type":"ImageObject","inLanguage":"es","@id":"https:\/\/somllavors.com\/es\/producte\/silla-de-paseo-aer2-con-capazo-joolz#primaryimage","url":"https:\/\/somllavors.com\/wp-content\/uploads\/2025\/07\/Som-Llavors-Aer2-Pebble-Grey-Joolz.jpg","contentUrl":"https:\/\/somllavors.com\/wp-content\/uploads\/2025\/07\/Som-Llavors-Aer2-Pebble-Grey-Joolz.jpg","width":1080,"height":1080,"caption":"Aer2-Pebble-Grey-Joolz"},{"@type":"BreadcrumbList","@id":"https:\/\/somllavors.com\/es\/producte\/silla-de-paseo-aer2-con-capazo-joolz#breadcrumb","itemListElement":[{"@type":"ListItem","position":1,"name":"Inici","item":"https:\/\/somllavors.com\/es"},{"@type":"ListItem","position":2,"name":"Tienda","item":"https:\/\/somllavors.com\/es\/botiga-2"},{"@type":"ListItem","position":3,"name":"Silla de paseo Aer2 con Capazo &#8211; Joolz"}]},{"@type":"WebSite","@id":"https:\/\/somllavors.com\/es#website","url":"https:\/\/somllavors.com\/es","name":"Som Llavors","description":"Botiga de crian\u00e7a natural","publisher":{"@id":"https:\/\/somllavors.com\/es#organization"},"alternateName":"Crian\u00e7a Natural i Sostenible","potentialAction":[{"@type":"SearchAction","target":{"@type":"EntryPoint","urlTemplate":"https:\/\/somllavors.com\/es?s={search_term_string}"},"query-input":{"@type":"PropertyValueSpecification","valueRequired":true,"valueName":"search_term_string"}}],"inLanguage":"es"},{"@type":["Organization","Place","Store"],"@id":"https:\/\/somllavors.com\/es#organization","name":"Som Llavors","alternateName":"Crian\u00e7a Natural i Sostenible","url":"https:\/\/somllavors.com\/es","logo":{"@id":"https:\/\/somllavors.com\/es\/producte\/silla-de-paseo-aer2-con-capazo-joolz#local-main-organization-logo"},"image":{"@id":"https:\/\/somllavors.com\/es\/producte\/silla-de-paseo-aer2-con-capazo-joolz#local-main-organization-logo"},"sameAs":["https:\/\/www.facebook.com\/somllavorsvng\/?locale=ca_ES","https:\/\/www.instagram.com\/somllavors_vng\/","https:\/\/www.youtube.com\/@somllavors"],"address":{"@id":"https:\/\/somllavors.com\/es\/producte\/silla-de-paseo-aer2-con-capazo-joolz#local-main-place-address"},"geo":{"@type":"GeoCoordinates","latitude":"41.2257737","longitude":"1.723258859"},"telephone":["623152704","623152704"],"openingHoursSpecification":[{"@type":"OpeningHoursSpecification","dayOfWeek":["Monday","Sunday"],"opens":"00:00","closes":"00:00"},{"@type":"OpeningHoursSpecification","dayOfWeek":["Tuesday","Wednesday","Thursday","Friday"],"opens":"10:00","closes":"20:00"},{"@type":"OpeningHoursSpecification","dayOfWeek":["Saturday"],"opens":"10:00","closes":"13:30"}],"email":"info@somllavors.com"},{"@type":"PostalAddress","@id":"https:\/\/somllavors.com\/es\/producte\/silla-de-paseo-aer2-con-capazo-joolz#local-main-place-address","streetAddress":"Carrer de l'aigua, 6","addressLocality":"Vilanova i la Geltr\u00fa","postalCode":"08800","addressRegion":"Barcelona","addressCountry":"ES"},{"@type":"ImageObject","inLanguage":"es","@id":"https:\/\/somllavors.com\/es\/producte\/silla-de-paseo-aer2-con-capazo-joolz#local-main-organization-logo","url":"https:\/\/somllavors.com\/wp-content\/uploads\/Logotip-Som-Llavors.jpg","contentUrl":"https:\/\/somllavors.com\/wp-content\/uploads\/Logotip-Som-Llavors.jpg","width":1444,"height":1323,"caption":"Som Llavors"}]},"og_availability":"instock","product_availability":"instock","product_condition":"new","geo.placename":"Vilanova i la Geltr\u00fa","geo.position":{"lat":"41.2257737","long":"1.723258859"},"geo.region":"Espa\u00f1a"},"brands":[{"id":4305,"name":"Joolz","slug":"joolz-cotxets"}],"_links":{"self":[{"href":"https:\/\/somllavors.com\/es\/wp-json\/wp\/v2\/product\/84701","targetHints":{"allow":["GET"]}}],"collection":[{"href":"https:\/\/somllavors.com\/es\/wp-json\/wp\/v2\/product"}],"about":[{"href":"https:\/\/somllavors.com\/es\/wp-json\/wp\/v2\/types\/product"}],"wp:featuredmedia":[{"embeddable":true,"href":"https:\/\/somllavors.com\/es\/wp-json\/wp\/v2\/media\/85469"}],"wp:attachment":[{"href":"https:\/\/somllavors.com\/es\/wp-json\/wp\/v2\/media?parent=84701"}],"wp:term":[{"taxonomy":"pwb-brand","embeddable":true,"href":"https:\/\/somllavors.com\/es\/wp-json\/wp\/v2\/pwb-brand?post=84701"},{"taxonomy":"product_brand","embeddable":true,"href":"https:\/\/somllavors.com\/es\/wp-json\/wp\/v2\/product_brand?post=84701"},{"taxonomy":"product_cat","embeddable":true,"href":"https:\/\/somllavors.com\/es\/wp-json\/wp\/v2\/product_cat?post=84701"},{"taxonomy":"product_tag","embeddable":true,"href":"https:\/\/somllavors.com\/es\/wp-json\/wp\/v2\/product_tag?post=84701"}],"curies":[{"name":"wp","href":"https:\/\/api.w.org\/{rel}","templated":true}]}}