{"id":84894,"date":"2025-11-05T17:38:29","date_gmt":"2025-11-05T16:38:29","guid":{"rendered":"https:\/\/somllavors.com\/producte\/zapatillas-respetuosas-hearts-snugi"},"modified":"2025-11-05T17:38:29","modified_gmt":"2025-11-05T16:38:29","slug":"zapatillas-respetuosas-hearts-snugi","status":"publish","type":"product","link":"https:\/\/somllavors.com\/es\/producte\/zapatillas-respetuosas-hearts-snugi","title":{"rendered":"Zapatillas respetuosas Hearts &#8211; Snugi"},"content":{"rendered":"<h2>Materiales<\/h2>\n<ul>\n<li>Las zapatillas respetuosas Snugi est\u00e1n hechas a mano en Eslovenia con materiales certificados Clase 1 Oeko-Tex Standard 100, lo que significa que son aptos para el contacto directo con la piel sensible de los ni\u00f1os.<\/li>\n<li>El exterior de la zapatilla est\u00e1 hecha de un tejido de colores duradero, mientras que el interior est\u00e1 forrado con terciopelo de algod\u00f3n suave y flexible.<\/li>\n<li>Est\u00e1n hechas con un tejido extremadamente suave y duradero que alarga la vida \u00fatil de la zapatilla en las zonas m\u00e1s utilizadas.<\/li>\n<li>La parte interior de la suela est\u00e1 hecha de espuma de 2 mm y cubierta con un tejido ligeramente peludo que garantiza suavidad y transpirabilidad total en todas las estaciones.<\/li>\n<li>La parte exterior de la suela es de microfibra de alta tecnolog\u00eda con silicona antideslizante.<\/li>\n<\/ul>\n<h3>Microfibra con silicona antdeslizante<\/h3>\n<p>Suela exterior de alta tecnolog\u00eda hecha de microfibra y silicona con mucha durabilidad, que proporciona una tracci\u00f3n excepcional y un paso seguro, mejorado a\u00fan m\u00e1s por un patr\u00f3n especialmente dise\u00f1ado en la suela para un contacto superior con el suelo. Dise\u00f1ado para el desarrollo natural del pie, est\u00e1 formado por materiales de microfibra transpirables que requieren poco mantenimiento y favorecen una buena higiene de pie. La suela es una de las m\u00e1s ligeras del mercado, pero puede soportar cargas pesadas y altos niveles de fricci\u00f3n. Tiene propiedades antibacterianas y est\u00e1 certificado vegano. La silicona de la suela est\u00e1 100% libre de materiales nocivos y tambi\u00e9n se utiliza en la industria m\u00e9dica y alimenticia, lo que significa que no provoca reacciones al\u00e9rgicas cuando entra en contacto con la piel.    <\/p>\n<h2>\u00bfPor qu\u00e9 elegir Snugi?<\/h2>\n<ol>\n<li>Recomendado por fisioterapeutas y pediatras. Las zapatillas para ni\u00f1os suaves hechas de materiales naturales proporcionan al pie una respuesta de equilibrio adecuada, una experiencia sensorial \u00f3ptima y condiciones ideales para el desarrollo de la estabilidad din\u00e1mica de los tobillos. Son aptas para todas las edades y para todo tipo de actividades.  <\/li>\n<li>Se consideran la mejor aproximaci\u00f3n a andar descalzo. Las zapatillas son aptas para llevarlas horas y horas en casa o en la guarder\u00eda. Permiten un movimiento \u00f3ptimo del pie y el tobillo, ya que son ligeros, suaves y de corte bajo. Son suficientemente anchos en la zona de los dedos de los pies para permitir que los dedos de los pies del ni\u00f1o se extienda y se desarrollen con normalidad.   <\/li>\n<li>Permiten respirar la piel. Las zapatillas Snugi son transpirables, por lo que proporcionan buenas condiciones de higiene y evitan el desarrollo de infecciones por hongos. Son f\u00e1ciles de poner y no se interponen ni se deslizan durante el juego. Los ni\u00f1os pueden ponerlos sin ayuda.   <\/li>\n<\/ol>\n","protected":false},"excerpt":{"rendered":"<ul>\n<li>Creadas con materiales ligeros, suaves y <strong>transpirables<\/strong><\/li>\n<li>Echas para ser <strong>f\u00e1ciles de poner<\/strong> y sacar sin ayuda<\/li>\n<li>Hechas a mano y amigables con la piel de los ni\u00f1os y ni\u00f1as<\/li>\n<li>Suela de alta tecnolog\u00eda<\/li>\n<\/ul>\n","protected":false},"featured_media":84807,"template":"","meta":{"_acf_changed":false,"site-sidebar-layout":"default","site-content-layout":"","ast-site-content-layout":"default","site-content-style":"default","site-sidebar-style":"default","ast-global-header-display":"","ast-banner-title-visibility":"","ast-main-header-display":"","ast-hfb-above-header-display":"","ast-hfb-below-header-display":"","ast-hfb-mobile-header-display":"","site-post-title":"","ast-breadcrumbs-content":"","ast-featured-img":"","footer-sml-layout":"","theme-transparent-header-meta":"default","adv-header-id-meta":"","stick-header-meta":"","header-above-stick-meta":"","header-main-stick-meta":"","header-below-stick-meta":"","astra-migrate-meta-layouts":"default","ast-page-background-enabled":"default","ast-page-background-meta":{"desktop":{"background-color":"","background-image":"","background-repeat":"repeat","background-position":"center center","background-size":"auto","background-attachment":"scroll","background-type":"","background-media":"","overlay-type":"","overlay-color":"","overlay-opacity":"","overlay-gradient":""},"tablet":{"background-color":"","background-image":"","background-repeat":"repeat","background-position":"center center","background-size":"auto","background-attachment":"scroll","background-type":"","background-media":"","overlay-type":"","overlay-color":"","overlay-opacity":"","overlay-gradient":""},"mobile":{"background-color":"","background-image":"","background-repeat":"repeat","background-position":"center center","background-size":"auto","background-attachment":"scroll","background-type":"","background-media":"","overlay-type":"","overlay-color":"","overlay-opacity":"","overlay-gradient":""}},"ast-content-background-meta":{"desktop":{"background-color":"var(--ast-global-color-5)","background-image":"","background-repeat":"repeat","background-position":"center center","background-size":"auto","background-attachment":"scroll","background-type":"","background-media":"","overlay-type":"","overlay-color":"","overlay-opacity":"","overlay-gradient":""},"tablet":{"background-color":"var(--ast-global-color-5)","background-image":"","background-repeat":"repeat","background-position":"center center","background-size":"auto","background-attachment":"scroll","background-type":"","background-media":"","overlay-type":"","overlay-color":"","overlay-opacity":"","overlay-gradient":""},"mobile":{"background-color":"var(--ast-global-color-5)","background-image":"","background-repeat":"repeat","background-position":"center center","background-size":"auto","background-attachment":"scroll","background-type":"","background-media":"","overlay-type":"","overlay-color":"","overlay-opacity":"","overlay-gradient":""}}},"pwb-brand":[5479],"product_brand":[],"product_cat":[5485,4790,4899,4777,4898],"product_tag":[5860,3090],"class_list":{"0":"post-84894","1":"product","2":"type-product","3":"status-publish","4":"has-post-thumbnail","6":"pwb-brand-snugi-calcat-respectuos","7":"product_cat-snugi-es-zapatillas","8":"product_cat-tallas-grandes-es","9":"product_cat-tallas-grandes-25-35","10":"product_cat-tallas-pequenas-18-25","11":"product_cat-tallas-pequenas-18-26-es","12":"product_tag-snugi","13":"product_tag-zapatos-respetuosos-es-2","14":"pa_talla-20-es","15":"pa_talla-21-es","16":"pa_talla-22-es","17":"pa_talla-23-24-es","18":"pa_talla-25-es","19":"pa_talla-26-27-es","20":"pa_talla-28-29-es","21":"pa_talla-30-31-es","22":"desktop-align-left","23":"tablet-align-left","24":"mobile-align-left","26":"first","27":"instock","28":"taxable","29":"shipping-taxable","30":"purchasable","31":"product-type-variable"},"acf":[],"yoast_head":"<!-- This site is optimized with the Yoast SEO Premium plugin v18.3 (Yoast SEO v26.2) - https:\/\/yoast.com\/wordpress\/plugins\/seo\/ -->\n<title>Zapatillas respetuosas Hearts - Snugi &#8212; Som Llavors<\/title>\n<meta name=\"description\" content=\"Creadas con materiales ligeros, suaves y transpirables  Echas para ser f\u00e1ciles de poner y sacar sin ayuda  Hechas a mano y amigables con la piel de los ni\u00f1os y ni\u00f1as  Suela de alta tecnolog\u00eda\" \/>\n<meta name=\"robots\" content=\"index, follow, max-snippet:-1, max-image-preview:large, max-video-preview:-1\" \/>\n<link rel=\"canonical\" href=\"https:\/\/somllavors.com\/es\/producte\/zapatillas-respetuosas-hearts-snugi\" \/>\n<meta property=\"og:locale\" content=\"es_ES\" \/>\n<meta property=\"og:type\" content=\"article\" \/>\n<meta property=\"og:title\" content=\"Zapatillas respetuosas Hearts - Snugi\" \/>\n<meta property=\"og:description\" content=\"La teva botiga d\u2019ecocrian\u00e7a i espai d\u2019acompanyament a la maternitat\" \/>\n<meta property=\"og:url\" content=\"https:\/\/somllavors.com\/es\/producte\/zapatillas-respetuosas-hearts-snugi\" \/>\n<meta property=\"og:site_name\" content=\"Som Llavors\" \/>\n<meta property=\"article:publisher\" content=\"https:\/\/www.facebook.com\/somllavorsvng\/?locale=ca_ES\" \/>\n<meta property=\"og:image\" content=\"https:\/\/somllavors.com\/wp-content\/uploads\/2025\/11\/Som-Llavors-hearts-snugi.jpg\" \/>\n\t<meta property=\"og:image:width\" content=\"1134\" \/>\n\t<meta property=\"og:image:height\" content=\"1134\" \/>\n\t<meta property=\"og:image:type\" content=\"image\/jpeg\" \/>\n<meta name=\"twitter:card\" content=\"summary_large_image\" \/>\n<meta name=\"twitter:label1\" content=\"Availability\" \/>\n\t<meta name=\"twitter:data1\" content=\"Hay existencias\" \/>\n<script type=\"application\/ld+json\" class=\"yoast-schema-graph\">{\"@context\":\"https:\/\/schema.org\",\"@graph\":[{\"@type\":\"WebPage\",\"@id\":\"https:\/\/somllavors.com\/es\/producte\/zapatillas-respetuosas-hearts-snugi\",\"url\":\"https:\/\/somllavors.com\/es\/producte\/zapatillas-respetuosas-hearts-snugi\",\"name\":\"Zapatillas respetuosas Hearts - Snugi &#8212; Som Llavors\",\"isPartOf\":{\"@id\":\"https:\/\/somllavors.com\/es#website\"},\"primaryImageOfPage\":{\"@id\":\"https:\/\/somllavors.com\/es\/producte\/zapatillas-respetuosas-hearts-snugi#primaryimage\"},\"image\":{\"@id\":\"https:\/\/somllavors.com\/es\/producte\/zapatillas-respetuosas-hearts-snugi#primaryimage\"},\"thumbnailUrl\":\"https:\/\/somllavors.com\/wp-content\/uploads\/2025\/11\/Som-Llavors-hearts-snugi.jpg\",\"datePublished\":\"2025-11-05T16:38:29+00:00\",\"description\":\"Creadas con materiales ligeros, suaves y transpirables Echas para ser f\u00e1ciles de poner y sacar sin ayuda Hechas a mano y amigables con la piel de los ni\u00f1os y ni\u00f1as Suela de alta tecnolog\u00eda\",\"breadcrumb\":{\"@id\":\"https:\/\/somllavors.com\/es\/producte\/zapatillas-respetuosas-hearts-snugi#breadcrumb\"},\"inLanguage\":\"es\",\"potentialAction\":[{\"@type\":\"ReadAction\",\"target\":[\"https:\/\/somllavors.com\/es\/producte\/zapatillas-respetuosas-hearts-snugi\"]}]},{\"@type\":\"ImageObject\",\"inLanguage\":\"es\",\"@id\":\"https:\/\/somllavors.com\/es\/producte\/zapatillas-respetuosas-hearts-snugi#primaryimage\",\"url\":\"https:\/\/somllavors.com\/wp-content\/uploads\/2025\/11\/Som-Llavors-hearts-snugi.jpg\",\"contentUrl\":\"https:\/\/somllavors.com\/wp-content\/uploads\/2025\/11\/Som-Llavors-hearts-snugi.jpg\",\"width\":1134,\"height\":1134,\"caption\":\"sabatilles snugi\"},{\"@type\":\"BreadcrumbList\",\"@id\":\"https:\/\/somllavors.com\/es\/producte\/zapatillas-respetuosas-hearts-snugi#breadcrumb\",\"itemListElement\":[{\"@type\":\"ListItem\",\"position\":1,\"name\":\"Inici\",\"item\":\"https:\/\/somllavors.com\/es\"},{\"@type\":\"ListItem\",\"position\":2,\"name\":\"Tienda\",\"item\":\"https:\/\/somllavors.com\/es\/botiga-2\"},{\"@type\":\"ListItem\",\"position\":3,\"name\":\"Zapatillas respetuosas Hearts &#8211; Snugi\"}]},{\"@type\":\"WebSite\",\"@id\":\"https:\/\/somllavors.com\/es#website\",\"url\":\"https:\/\/somllavors.com\/es\",\"name\":\"Som Llavors\",\"description\":\"Botiga de crian\u00e7a natural\",\"publisher\":{\"@id\":\"https:\/\/somllavors.com\/es#organization\"},\"alternateName\":\"Crian\u00e7a Natural i Sostenible\",\"potentialAction\":[{\"@type\":\"SearchAction\",\"target\":{\"@type\":\"EntryPoint\",\"urlTemplate\":\"https:\/\/somllavors.com\/es?s={search_term_string}\"},\"query-input\":{\"@type\":\"PropertyValueSpecification\",\"valueRequired\":true,\"valueName\":\"search_term_string\"}}],\"inLanguage\":\"es\"},{\"@type\":[\"Organization\",\"Place\",\"Store\"],\"@id\":\"https:\/\/somllavors.com\/es#organization\",\"name\":\"Som Llavors\",\"alternateName\":\"Crian\u00e7a Natural i Sostenible\",\"url\":\"https:\/\/somllavors.com\/es\",\"logo\":{\"@id\":\"https:\/\/somllavors.com\/es\/producte\/zapatillas-respetuosas-hearts-snugi#local-main-organization-logo\"},\"image\":{\"@id\":\"https:\/\/somllavors.com\/es\/producte\/zapatillas-respetuosas-hearts-snugi#local-main-organization-logo\"},\"sameAs\":[\"https:\/\/www.facebook.com\/somllavorsvng\/?locale=ca_ES\",\"https:\/\/www.instagram.com\/somllavors_vng\/\",\"https:\/\/www.youtube.com\/@somllavors\"],\"address\":{\"@id\":\"https:\/\/somllavors.com\/es\/producte\/zapatillas-respetuosas-hearts-snugi#local-main-place-address\"},\"geo\":{\"@type\":\"GeoCoordinates\",\"latitude\":\"41.2257737\",\"longitude\":\"1.723258859\"},\"telephone\":[\"623152704\"],\"openingHoursSpecification\":[{\"@type\":\"OpeningHoursSpecification\",\"dayOfWeek\":[\"Monday\",\"Sunday\"],\"opens\":\"00:00\",\"closes\":\"00:00\"},{\"@type\":\"OpeningHoursSpecification\",\"dayOfWeek\":[\"Tuesday\",\"Wednesday\",\"Thursday\",\"Friday\"],\"opens\":\"10:00\",\"closes\":\"20:00\"},{\"@type\":\"OpeningHoursSpecification\",\"dayOfWeek\":[\"Saturday\"],\"opens\":\"10:00\",\"closes\":\"13:30\"}],\"email\":\"info@somllavors.com\"},{\"@type\":\"PostalAddress\",\"@id\":\"https:\/\/somllavors.com\/es\/producte\/zapatillas-respetuosas-hearts-snugi#local-main-place-address\",\"streetAddress\":\"Carrer de l'aigua, 6\",\"addressLocality\":\"Vilanova i la Geltr\u00fa\",\"postalCode\":\"08800\",\"addressRegion\":\"Barcelona\",\"addressCountry\":\"ES\"},{\"@type\":\"ImageObject\",\"inLanguage\":\"es\",\"@id\":\"https:\/\/somllavors.com\/es\/producte\/zapatillas-respetuosas-hearts-snugi#local-main-organization-logo\",\"url\":\"https:\/\/somllavors.com\/wp-content\/uploads\/Logotip-Som-Llavors.jpg\",\"contentUrl\":\"https:\/\/somllavors.com\/wp-content\/uploads\/Logotip-Som-Llavors.jpg\",\"width\":1444,\"height\":1323,\"caption\":\"Som Llavors\"}]}<\/script>\n<meta property=\"og:availability\" content=\"instock\" \/>\n<meta property=\"product:availability\" content=\"instock\" \/>\n<meta property=\"product:condition\" content=\"new\" \/>\n<meta name=\"geo.placename\" content=\"Vilanova i la Geltr\u00fa\" \/>\n<meta name=\"geo.position\" content=\"41.2257737;1.723258859\" \/>\n<meta name=\"geo.region\" content=\"Espa\u00f1a\" \/>\n<!-- \/ Yoast SEO Premium plugin. -->","yoast_head_json":{"title":"Zapatillas respetuosas Hearts - Snugi &#8212; Som Llavors","description":"Creadas con materiales ligeros, suaves y transpirables  Echas para ser f\u00e1ciles de poner y sacar sin ayuda  Hechas a mano y amigables con la piel de los ni\u00f1os y ni\u00f1as  Suela de alta tecnolog\u00eda","robots":{"index":"index","follow":"follow","max-snippet":"max-snippet:-1","max-image-preview":"max-image-preview:large","max-video-preview":"max-video-preview:-1"},"canonical":"https:\/\/somllavors.com\/es\/producte\/zapatillas-respetuosas-hearts-snugi","og_locale":"es_ES","og_type":"article","og_title":"Zapatillas respetuosas Hearts - Snugi","og_description":"La teva botiga d\u2019ecocrian\u00e7a i espai d\u2019acompanyament a la maternitat","og_url":"https:\/\/somllavors.com\/es\/producte\/zapatillas-respetuosas-hearts-snugi","og_site_name":"Som Llavors","article_publisher":"https:\/\/www.facebook.com\/somllavorsvng\/?locale=ca_ES","og_image":[{"width":1134,"height":1134,"url":"https:\/\/somllavors.com\/wp-content\/uploads\/2025\/11\/Som-Llavors-hearts-snugi.jpg","type":"image\/jpeg"}],"twitter_card":"summary_large_image","twitter_misc":{"Availability":"Hay existencias"},"schema":{"@context":"https:\/\/schema.org","@graph":[{"@type":"WebPage","@id":"https:\/\/somllavors.com\/es\/producte\/zapatillas-respetuosas-hearts-snugi","url":"https:\/\/somllavors.com\/es\/producte\/zapatillas-respetuosas-hearts-snugi","name":"Zapatillas respetuosas Hearts - Snugi &#8212; Som Llavors","isPartOf":{"@id":"https:\/\/somllavors.com\/es#website"},"primaryImageOfPage":{"@id":"https:\/\/somllavors.com\/es\/producte\/zapatillas-respetuosas-hearts-snugi#primaryimage"},"image":{"@id":"https:\/\/somllavors.com\/es\/producte\/zapatillas-respetuosas-hearts-snugi#primaryimage"},"thumbnailUrl":"https:\/\/somllavors.com\/wp-content\/uploads\/2025\/11\/Som-Llavors-hearts-snugi.jpg","datePublished":"2025-11-05T16:38:29+00:00","description":"Creadas con materiales ligeros, suaves y transpirables Echas para ser f\u00e1ciles de poner y sacar sin ayuda Hechas a mano y amigables con la piel de los ni\u00f1os y ni\u00f1as Suela de alta tecnolog\u00eda","breadcrumb":{"@id":"https:\/\/somllavors.com\/es\/producte\/zapatillas-respetuosas-hearts-snugi#breadcrumb"},"inLanguage":"es","potentialAction":[{"@type":"ReadAction","target":["https:\/\/somllavors.com\/es\/producte\/zapatillas-respetuosas-hearts-snugi"]}]},{"@type":"ImageObject","inLanguage":"es","@id":"https:\/\/somllavors.com\/es\/producte\/zapatillas-respetuosas-hearts-snugi#primaryimage","url":"https:\/\/somllavors.com\/wp-content\/uploads\/2025\/11\/Som-Llavors-hearts-snugi.jpg","contentUrl":"https:\/\/somllavors.com\/wp-content\/uploads\/2025\/11\/Som-Llavors-hearts-snugi.jpg","width":1134,"height":1134,"caption":"sabatilles snugi"},{"@type":"BreadcrumbList","@id":"https:\/\/somllavors.com\/es\/producte\/zapatillas-respetuosas-hearts-snugi#breadcrumb","itemListElement":[{"@type":"ListItem","position":1,"name":"Inici","item":"https:\/\/somllavors.com\/es"},{"@type":"ListItem","position":2,"name":"Tienda","item":"https:\/\/somllavors.com\/es\/botiga-2"},{"@type":"ListItem","position":3,"name":"Zapatillas respetuosas Hearts &#8211; Snugi"}]},{"@type":"WebSite","@id":"https:\/\/somllavors.com\/es#website","url":"https:\/\/somllavors.com\/es","name":"Som Llavors","description":"Botiga de crian\u00e7a natural","publisher":{"@id":"https:\/\/somllavors.com\/es#organization"},"alternateName":"Crian\u00e7a Natural i Sostenible","potentialAction":[{"@type":"SearchAction","target":{"@type":"EntryPoint","urlTemplate":"https:\/\/somllavors.com\/es?s={search_term_string}"},"query-input":{"@type":"PropertyValueSpecification","valueRequired":true,"valueName":"search_term_string"}}],"inLanguage":"es"},{"@type":["Organization","Place","Store"],"@id":"https:\/\/somllavors.com\/es#organization","name":"Som Llavors","alternateName":"Crian\u00e7a Natural i Sostenible","url":"https:\/\/somllavors.com\/es","logo":{"@id":"https:\/\/somllavors.com\/es\/producte\/zapatillas-respetuosas-hearts-snugi#local-main-organization-logo"},"image":{"@id":"https:\/\/somllavors.com\/es\/producte\/zapatillas-respetuosas-hearts-snugi#local-main-organization-logo"},"sameAs":["https:\/\/www.facebook.com\/somllavorsvng\/?locale=ca_ES","https:\/\/www.instagram.com\/somllavors_vng\/","https:\/\/www.youtube.com\/@somllavors"],"address":{"@id":"https:\/\/somllavors.com\/es\/producte\/zapatillas-respetuosas-hearts-snugi#local-main-place-address"},"geo":{"@type":"GeoCoordinates","latitude":"41.2257737","longitude":"1.723258859"},"telephone":["623152704","623152704"],"openingHoursSpecification":[{"@type":"OpeningHoursSpecification","dayOfWeek":["Monday","Sunday"],"opens":"00:00","closes":"00:00"},{"@type":"OpeningHoursSpecification","dayOfWeek":["Tuesday","Wednesday","Thursday","Friday"],"opens":"10:00","closes":"20:00"},{"@type":"OpeningHoursSpecification","dayOfWeek":["Saturday"],"opens":"10:00","closes":"13:30"}],"email":"info@somllavors.com"},{"@type":"PostalAddress","@id":"https:\/\/somllavors.com\/es\/producte\/zapatillas-respetuosas-hearts-snugi#local-main-place-address","streetAddress":"Carrer de l'aigua, 6","addressLocality":"Vilanova i la Geltr\u00fa","postalCode":"08800","addressRegion":"Barcelona","addressCountry":"ES"},{"@type":"ImageObject","inLanguage":"es","@id":"https:\/\/somllavors.com\/es\/producte\/zapatillas-respetuosas-hearts-snugi#local-main-organization-logo","url":"https:\/\/somllavors.com\/wp-content\/uploads\/Logotip-Som-Llavors.jpg","contentUrl":"https:\/\/somllavors.com\/wp-content\/uploads\/Logotip-Som-Llavors.jpg","width":1444,"height":1323,"caption":"Som Llavors"}]},"og_availability":"instock","product_availability":"instock","product_condition":"new","geo.placename":"Vilanova i la Geltr\u00fa","geo.position":{"lat":"41.2257737","long":"1.723258859"},"geo.region":"Espa\u00f1a"},"brands":[{"id":5479,"name":"Snugi","slug":"snugi-calcat-respectuos"}],"_links":{"self":[{"href":"https:\/\/somllavors.com\/es\/wp-json\/wp\/v2\/product\/84894","targetHints":{"allow":["GET"]}}],"collection":[{"href":"https:\/\/somllavors.com\/es\/wp-json\/wp\/v2\/product"}],"about":[{"href":"https:\/\/somllavors.com\/es\/wp-json\/wp\/v2\/types\/product"}],"wp:featuredmedia":[{"embeddable":true,"href":"https:\/\/somllavors.com\/es\/wp-json\/wp\/v2\/media\/84807"}],"wp:attachment":[{"href":"https:\/\/somllavors.com\/es\/wp-json\/wp\/v2\/media?parent=84894"}],"wp:term":[{"taxonomy":"pwb-brand","embeddable":true,"href":"https:\/\/somllavors.com\/es\/wp-json\/wp\/v2\/pwb-brand?post=84894"},{"taxonomy":"product_brand","embeddable":true,"href":"https:\/\/somllavors.com\/es\/wp-json\/wp\/v2\/product_brand?post=84894"},{"taxonomy":"product_cat","embeddable":true,"href":"https:\/\/somllavors.com\/es\/wp-json\/wp\/v2\/product_cat?post=84894"},{"taxonomy":"product_tag","embeddable":true,"href":"https:\/\/somllavors.com\/es\/wp-json\/wp\/v2\/product_tag?post=84894"}],"curies":[{"name":"wp","href":"https:\/\/api.w.org\/{rel}","templated":true}]}}