{"id":84963,"date":"2025-10-12T12:31:09","date_gmt":"2025-10-12T10:31:09","guid":{"rendered":"https:\/\/somllavors.com\/producte\/funda-en-saco-para-sillita-de-paseo-gofre-latte-babyshower"},"modified":"2025-10-12T12:31:09","modified_gmt":"2025-10-12T10:31:09","slug":"funda-en-saco-para-sillita-de-paseo-gofre-latte-babyshower","status":"publish","type":"product","link":"https:\/\/somllavors.com\/es\/producte\/funda-en-saco-para-sillita-de-paseo-gofre-latte-babyshower","title":{"rendered":"Funda en saco para sillita de paseo Gofre latte &#8211; Babyshower"},"content":{"rendered":"<p>CARACTER\u00cdSTICAS:<\/p>\n<p>Cierre cremallera<br \/>\nCon aberturas para colmenas<br \/>\nRelleno interior espeso<br \/>\nSiete 2 piezas<br \/>\nMEDIDAS: 100 x 45 cm.<\/p>\n<p>CONSEJOS DE CUIDADO: Lavado a m\u00e1quina 30\u00ba. permite plancha. <\/p>\n<p>FABRICADO A: Barcelona<\/p>\n<p>COMPATIBLE CON: Bugaboo camaleon &#8211; fox &#8211; butterfly &#8211; dragonfly \/ joolz day 5 \/ cybex balios &#8211; gazelle -priamo<\/p>\n","protected":false},"excerpt":{"rendered":"<p>Esta funda es la aliada perfecta para mantener al beb\u00e9 abrigado durante todo el a\u00f1o. Hecha en algod\u00f3n org\u00e1nico enguatado. <\/p>\n<p>Dise\u00f1ada con t<strong>ama\u00f1os universales<\/strong> (100 x 45 cm), es <strong>compatible <\/strong>con la <strong>mayor\u00eda de cochecitos<\/strong> del mercado. Gracias a su dise\u00f1o adaptable, podr\u00e1s colocarla f\u00e1cilmente en la cesta sin que se mueva ni se arrugue, garantizando una sujeci\u00f3n segura. <\/p>\n<p>Cuidado con cremallera frontal completa, para abrir o cerrar r\u00e1pidamente seg\u00fan la temperatura, sin necesidad de sacar al beb\u00e9. El reverso en tejido transpirable permite una buena ventilaci\u00f3n, evitando el sudor o sobrecalentamiento.  Una funda pr\u00e1ctica y bonita para disfrutar de cada paseo, haga el tiempo que haga.<\/p>\n<p>La tapa es pot retirar completament gr\u00e0cies a la seva cremallera, i a m\u00e9s, pots combinar-la amb bosses a joc per a un look ben equilibrat.<\/p>\n<p>&nbsp;<\/p>\n<p><iframe loading=\"lazy\" width=\"563\" height=\"576\" src=\"https:\/\/www.youtube.com\/embed\/uw9INuxUxT8\" title=\"Funda de cochecito universal de Babyshower\" frameborder=\"0\" allow=\"accelerometer; autoplay; clipboard-write; encrypted-media; gyroscope; picture-in-picture; web-share\" referrerpolicy=\"strict-origin-when-cross-origin\" allowfullscreen=\"\"><\/iframe><\/p>\n<p>&nbsp;<\/p>\n","protected":false},"featured_media":83919,"template":"","meta":{"_acf_changed":false,"site-sidebar-layout":"default","site-content-layout":"","ast-site-content-layout":"default","site-content-style":"default","site-sidebar-style":"default","ast-global-header-display":"","ast-banner-title-visibility":"","ast-main-header-display":"","ast-hfb-above-header-display":"","ast-hfb-below-header-display":"","ast-hfb-mobile-header-display":"","site-post-title":"","ast-breadcrumbs-content":"","ast-featured-img":"","footer-sml-layout":"","theme-transparent-header-meta":"default","adv-header-id-meta":"","stick-header-meta":"","header-above-stick-meta":"","header-main-stick-meta":"","header-below-stick-meta":"","astra-migrate-meta-layouts":"default","ast-page-background-enabled":"default","ast-page-background-meta":{"desktop":{"background-color":"","background-image":"","background-repeat":"repeat","background-position":"center center","background-size":"auto","background-attachment":"scroll","background-type":"","background-media":"","overlay-type":"","overlay-color":"","overlay-opacity":"","overlay-gradient":""},"tablet":{"background-color":"","background-image":"","background-repeat":"repeat","background-position":"center center","background-size":"auto","background-attachment":"scroll","background-type":"","background-media":"","overlay-type":"","overlay-color":"","overlay-opacity":"","overlay-gradient":""},"mobile":{"background-color":"","background-image":"","background-repeat":"repeat","background-position":"center center","background-size":"auto","background-attachment":"scroll","background-type":"","background-media":"","overlay-type":"","overlay-color":"","overlay-opacity":"","overlay-gradient":""}},"ast-content-background-meta":{"desktop":{"background-color":"var(--ast-global-color-5)","background-image":"","background-repeat":"repeat","background-position":"center center","background-size":"auto","background-attachment":"scroll","background-type":"","background-media":"","overlay-type":"","overlay-color":"","overlay-opacity":"","overlay-gradient":""},"tablet":{"background-color":"var(--ast-global-color-5)","background-image":"","background-repeat":"repeat","background-position":"center center","background-size":"auto","background-attachment":"scroll","background-type":"","background-media":"","overlay-type":"","overlay-color":"","overlay-opacity":"","overlay-gradient":""},"mobile":{"background-color":"var(--ast-global-color-5)","background-image":"","background-repeat":"repeat","background-position":"center center","background-size":"auto","background-attachment":"scroll","background-type":"","background-media":"","overlay-type":"","overlay-color":"","overlay-opacity":"","overlay-gradient":""}}},"pwb-brand":[4105],"product_brand":[],"product_cat":[4616,3596,3598],"product_tag":[3803,4522],"class_list":{"0":"post-84963","1":"product","2":"type-product","3":"status-publish","4":"has-post-thumbnail","6":"pwb-brand-baby-shower","7":"product_cat-accesorios-de-carritos","8":"product_cat-fundas-de-cochecito","9":"product_cat-sacos","10":"product_tag-funda-cochecito-es","11":"product_tag-funda-silla-paseo-es","12":"desktop-align-left","13":"tablet-align-left","14":"mobile-align-left","16":"first","17":"outofstock","18":"taxable","19":"shipping-taxable","20":"purchasable","21":"product-type-simple"},"acf":[],"yoast_head":"<!-- This site is optimized with the Yoast SEO Premium plugin v18.3 (Yoast SEO v26.2) - https:\/\/yoast.com\/wordpress\/plugins\/seo\/ -->\n<title>Funda en saco para sillita de paseo Gofre latte - Babyshower &#8212; Som Llavors<\/title>\n<meta name=\"description\" content=\"Esta funda es la aliada perfecta para mantener al beb\u00e9 abrigado durante todo el a\u00f1o. Hecha en algod\u00f3n org\u00e1nico enguatado.  Dise\u00f1ada con tama\u00f1os universales (100 x 45 cm), es compatible con la mayor\u00eda de cochecitos del mercado. Gracias a su dise\u00f1o adaptable, podr\u00e1s colocarla f\u00e1cilmente en la cesta sin que se mueva ni se arrugue, garantizando una sujeci\u00f3n segura.  Cuidado con cremallera frontal completa, para abrir o cerrar r\u00e1pidamente seg\u00fan la temperatura, sin necesidad de sacar al beb\u00e9. El reverso en tejido transpirable permite una buena ventilaci\u00f3n, evitando el sudor o sobrecalentamiento. Una funda pr\u00e1ctica y bonita para disfrutar de cada paseo, haga el tiempo que haga. La tapa es pot retirar completament gr\u00e0cies a la seva cremallera, i a m\u00e9s, pots combinar-la amb bosses a joc per a un look ben equilibrat. &nbsp;  &nbsp;\" \/>\n<meta name=\"robots\" content=\"index, follow, max-snippet:-1, max-image-preview:large, max-video-preview:-1\" \/>\n<link rel=\"canonical\" href=\"https:\/\/somllavors.com\/es\/producte\/funda-en-saco-para-sillita-de-paseo-gofre-latte-babyshower\" \/>\n<meta property=\"og:locale\" content=\"es_ES\" \/>\n<meta property=\"og:type\" content=\"article\" \/>\n<meta property=\"og:title\" content=\"Funda en saco para sillita de paseo Gofre latte - Babyshower\" \/>\n<meta property=\"og:description\" content=\"La teva botiga d\u2019ecocrian\u00e7a i espai d\u2019acompanyament a la maternitat\" \/>\n<meta property=\"og:url\" content=\"https:\/\/somllavors.com\/es\/producte\/funda-en-saco-para-sillita-de-paseo-gofre-latte-babyshower\" \/>\n<meta property=\"og:site_name\" content=\"Som Llavors\" \/>\n<meta property=\"article:publisher\" content=\"https:\/\/www.facebook.com\/somllavorsvng\/?locale=ca_ES\" \/>\n<meta property=\"og:image\" content=\"https:\/\/somllavors.com\/wp-content\/uploads\/2025\/10\/funda-sillita-paseo-gofre-latte.jpg\" \/>\n\t<meta property=\"og:image:width\" content=\"800\" \/>\n\t<meta property=\"og:image:height\" content=\"800\" \/>\n\t<meta property=\"og:image:type\" content=\"image\/jpeg\" \/>\n<meta name=\"twitter:card\" content=\"summary_large_image\" \/>\n<meta name=\"twitter:label1\" content=\"Precio\" \/>\n\t<meta name=\"twitter:data1\" content=\"134,00&euro; Iva incl\u00f2s\" \/>\n\t<meta name=\"twitter:label2\" content=\"Availability\" \/>\n\t<meta name=\"twitter:data2\" content=\"Out of stock\" \/>\n<script type=\"application\/ld+json\" class=\"yoast-schema-graph\">{\"@context\":\"https:\/\/schema.org\",\"@graph\":[{\"@type\":\"WebPage\",\"@id\":\"https:\/\/somllavors.com\/es\/producte\/funda-en-saco-para-sillita-de-paseo-gofre-latte-babyshower\",\"url\":\"https:\/\/somllavors.com\/es\/producte\/funda-en-saco-para-sillita-de-paseo-gofre-latte-babyshower\",\"name\":\"Funda en saco para sillita de paseo Gofre latte - Babyshower &#8212; Som Llavors\",\"isPartOf\":{\"@id\":\"https:\/\/somllavors.com\/es#website\"},\"primaryImageOfPage\":{\"@id\":\"https:\/\/somllavors.com\/es\/producte\/funda-en-saco-para-sillita-de-paseo-gofre-latte-babyshower#primaryimage\"},\"image\":{\"@id\":\"https:\/\/somllavors.com\/es\/producte\/funda-en-saco-para-sillita-de-paseo-gofre-latte-babyshower#primaryimage\"},\"thumbnailUrl\":\"https:\/\/somllavors.com\/wp-content\/uploads\/2025\/10\/funda-sillita-paseo-gofre-latte.jpg\",\"datePublished\":\"2025-10-12T10:31:09+00:00\",\"description\":\"Esta funda es la aliada perfecta para mantener al beb\u00e9 abrigado durante todo el a\u00f1o. Hecha en algod\u00f3n org\u00e1nico enguatado. Dise\u00f1ada con tama\u00f1os universales (100 x 45 cm), es compatible con la mayor\u00eda de cochecitos del mercado. Gracias a su dise\u00f1o adaptable, podr\u00e1s colocarla f\u00e1cilmente en la cesta sin que se mueva ni se arrugue, garantizando una sujeci\u00f3n segura. Cuidado con cremallera frontal completa, para abrir o cerrar r\u00e1pidamente seg\u00fan la temperatura, sin necesidad de sacar al beb\u00e9. El reverso en tejido transpirable permite una buena ventilaci\u00f3n, evitando el sudor o sobrecalentamiento. Una funda pr\u00e1ctica y bonita para disfrutar de cada paseo, haga el tiempo que haga. La tapa es pot retirar completament gr\u00e0cies a la seva cremallera, i a m\u00e9s, pots combinar-la amb bosses a joc per a un look ben equilibrat. &nbsp; &nbsp;\",\"breadcrumb\":{\"@id\":\"https:\/\/somllavors.com\/es\/producte\/funda-en-saco-para-sillita-de-paseo-gofre-latte-babyshower#breadcrumb\"},\"inLanguage\":\"es\",\"potentialAction\":[{\"@type\":\"ReadAction\",\"target\":[\"https:\/\/somllavors.com\/es\/producte\/funda-en-saco-para-sillita-de-paseo-gofre-latte-babyshower\"]}]},{\"@type\":\"ImageObject\",\"inLanguage\":\"es\",\"@id\":\"https:\/\/somllavors.com\/es\/producte\/funda-en-saco-para-sillita-de-paseo-gofre-latte-babyshower#primaryimage\",\"url\":\"https:\/\/somllavors.com\/wp-content\/uploads\/2025\/10\/funda-sillita-paseo-gofre-latte.jpg\",\"contentUrl\":\"https:\/\/somllavors.com\/wp-content\/uploads\/2025\/10\/funda-sillita-paseo-gofre-latte.jpg\",\"width\":800,\"height\":800,\"caption\":\"funda sac cadira de passeig cotxet babyshower\"},{\"@type\":\"BreadcrumbList\",\"@id\":\"https:\/\/somllavors.com\/es\/producte\/funda-en-saco-para-sillita-de-paseo-gofre-latte-babyshower#breadcrumb\",\"itemListElement\":[{\"@type\":\"ListItem\",\"position\":1,\"name\":\"Inici\",\"item\":\"https:\/\/somllavors.com\/es\"},{\"@type\":\"ListItem\",\"position\":2,\"name\":\"Tienda\",\"item\":\"https:\/\/somllavors.com\/es\/botiga-2\"},{\"@type\":\"ListItem\",\"position\":3,\"name\":\"Funda en saco para sillita de paseo Gofre latte &#8211; Babyshower\"}]},{\"@type\":\"WebSite\",\"@id\":\"https:\/\/somllavors.com\/es#website\",\"url\":\"https:\/\/somllavors.com\/es\",\"name\":\"Som Llavors\",\"description\":\"Botiga de crian\u00e7a natural\",\"publisher\":{\"@id\":\"https:\/\/somllavors.com\/es#organization\"},\"alternateName\":\"Crian\u00e7a Natural i Sostenible\",\"potentialAction\":[{\"@type\":\"SearchAction\",\"target\":{\"@type\":\"EntryPoint\",\"urlTemplate\":\"https:\/\/somllavors.com\/es?s={search_term_string}\"},\"query-input\":{\"@type\":\"PropertyValueSpecification\",\"valueRequired\":true,\"valueName\":\"search_term_string\"}}],\"inLanguage\":\"es\"},{\"@type\":[\"Organization\",\"Place\",\"Store\"],\"@id\":\"https:\/\/somllavors.com\/es#organization\",\"name\":\"Som Llavors\",\"alternateName\":\"Crian\u00e7a Natural i Sostenible\",\"url\":\"https:\/\/somllavors.com\/es\",\"logo\":{\"@id\":\"https:\/\/somllavors.com\/es\/producte\/funda-en-saco-para-sillita-de-paseo-gofre-latte-babyshower#local-main-organization-logo\"},\"image\":{\"@id\":\"https:\/\/somllavors.com\/es\/producte\/funda-en-saco-para-sillita-de-paseo-gofre-latte-babyshower#local-main-organization-logo\"},\"sameAs\":[\"https:\/\/www.facebook.com\/somllavorsvng\/?locale=ca_ES\",\"https:\/\/www.instagram.com\/somllavors_vng\/\",\"https:\/\/www.youtube.com\/@somllavors\"],\"address\":{\"@id\":\"https:\/\/somllavors.com\/es\/producte\/funda-en-saco-para-sillita-de-paseo-gofre-latte-babyshower#local-main-place-address\"},\"geo\":{\"@type\":\"GeoCoordinates\",\"latitude\":\"41.2257737\",\"longitude\":\"1.723258859\"},\"telephone\":[\"623152704\"],\"openingHoursSpecification\":[{\"@type\":\"OpeningHoursSpecification\",\"dayOfWeek\":[\"Monday\",\"Sunday\"],\"opens\":\"00:00\",\"closes\":\"00:00\"},{\"@type\":\"OpeningHoursSpecification\",\"dayOfWeek\":[\"Tuesday\",\"Wednesday\",\"Thursday\",\"Friday\"],\"opens\":\"10:00\",\"closes\":\"20:00\"},{\"@type\":\"OpeningHoursSpecification\",\"dayOfWeek\":[\"Saturday\"],\"opens\":\"10:00\",\"closes\":\"13:30\"}],\"email\":\"info@somllavors.com\"},{\"@type\":\"PostalAddress\",\"@id\":\"https:\/\/somllavors.com\/es\/producte\/funda-en-saco-para-sillita-de-paseo-gofre-latte-babyshower#local-main-place-address\",\"streetAddress\":\"Carrer de l'aigua, 6\",\"addressLocality\":\"Vilanova i la Geltr\u00fa\",\"postalCode\":\"08800\",\"addressRegion\":\"Barcelona\",\"addressCountry\":\"ES\"},{\"@type\":\"ImageObject\",\"inLanguage\":\"es\",\"@id\":\"https:\/\/somllavors.com\/es\/producte\/funda-en-saco-para-sillita-de-paseo-gofre-latte-babyshower#local-main-organization-logo\",\"url\":\"https:\/\/somllavors.com\/wp-content\/uploads\/Logotip-Som-Llavors.jpg\",\"contentUrl\":\"https:\/\/somllavors.com\/wp-content\/uploads\/Logotip-Som-Llavors.jpg\",\"width\":1444,\"height\":1323,\"caption\":\"Som Llavors\"}]}<\/script>\n<meta property=\"product:price:amount\" content=\"134.00\" \/>\n<meta property=\"product:price:currency\" content=\"EUR\" \/>\n<meta property=\"og:availability\" content=\"out of stock\" \/>\n<meta property=\"product:availability\" content=\"out of stock\" \/>\n<meta property=\"product:retailer_item_id\" content=\"STFMGLT\" \/>\n<meta property=\"product:condition\" content=\"new\" \/>\n<meta name=\"geo.placename\" content=\"Vilanova i la Geltr\u00fa\" \/>\n<meta name=\"geo.position\" content=\"41.2257737;1.723258859\" \/>\n<meta name=\"geo.region\" content=\"Espa\u00f1a\" \/>\n<!-- \/ Yoast SEO Premium plugin. -->","yoast_head_json":{"title":"Funda en saco para sillita de paseo Gofre latte - Babyshower &#8212; Som Llavors","description":"Esta funda es la aliada perfecta para mantener al beb\u00e9 abrigado durante todo el a\u00f1o. Hecha en algod\u00f3n org\u00e1nico enguatado.  Dise\u00f1ada con tama\u00f1os universales (100 x 45 cm), es compatible con la mayor\u00eda de cochecitos del mercado. Gracias a su dise\u00f1o adaptable, podr\u00e1s colocarla f\u00e1cilmente en la cesta sin que se mueva ni se arrugue, garantizando una sujeci\u00f3n segura.  Cuidado con cremallera frontal completa, para abrir o cerrar r\u00e1pidamente seg\u00fan la temperatura, sin necesidad de sacar al beb\u00e9. El reverso en tejido transpirable permite una buena ventilaci\u00f3n, evitando el sudor o sobrecalentamiento. Una funda pr\u00e1ctica y bonita para disfrutar de cada paseo, haga el tiempo que haga. La tapa es pot retirar completament gr\u00e0cies a la seva cremallera, i a m\u00e9s, pots combinar-la amb bosses a joc per a un look ben equilibrat. &nbsp;  &nbsp;","robots":{"index":"index","follow":"follow","max-snippet":"max-snippet:-1","max-image-preview":"max-image-preview:large","max-video-preview":"max-video-preview:-1"},"canonical":"https:\/\/somllavors.com\/es\/producte\/funda-en-saco-para-sillita-de-paseo-gofre-latte-babyshower","og_locale":"es_ES","og_type":"article","og_title":"Funda en saco para sillita de paseo Gofre latte - Babyshower","og_description":"La teva botiga d\u2019ecocrian\u00e7a i espai d\u2019acompanyament a la maternitat","og_url":"https:\/\/somllavors.com\/es\/producte\/funda-en-saco-para-sillita-de-paseo-gofre-latte-babyshower","og_site_name":"Som Llavors","article_publisher":"https:\/\/www.facebook.com\/somllavorsvng\/?locale=ca_ES","og_image":[{"width":800,"height":800,"url":"https:\/\/somllavors.com\/wp-content\/uploads\/2025\/10\/funda-sillita-paseo-gofre-latte.jpg","type":"image\/jpeg"}],"twitter_card":"summary_large_image","twitter_misc":{"Precio":"134,00&euro; Iva incl\u00f2s","Availability":"Out of stock"},"schema":{"@context":"https:\/\/schema.org","@graph":[{"@type":"WebPage","@id":"https:\/\/somllavors.com\/es\/producte\/funda-en-saco-para-sillita-de-paseo-gofre-latte-babyshower","url":"https:\/\/somllavors.com\/es\/producte\/funda-en-saco-para-sillita-de-paseo-gofre-latte-babyshower","name":"Funda en saco para sillita de paseo Gofre latte - Babyshower &#8212; Som Llavors","isPartOf":{"@id":"https:\/\/somllavors.com\/es#website"},"primaryImageOfPage":{"@id":"https:\/\/somllavors.com\/es\/producte\/funda-en-saco-para-sillita-de-paseo-gofre-latte-babyshower#primaryimage"},"image":{"@id":"https:\/\/somllavors.com\/es\/producte\/funda-en-saco-para-sillita-de-paseo-gofre-latte-babyshower#primaryimage"},"thumbnailUrl":"https:\/\/somllavors.com\/wp-content\/uploads\/2025\/10\/funda-sillita-paseo-gofre-latte.jpg","datePublished":"2025-10-12T10:31:09+00:00","description":"Esta funda es la aliada perfecta para mantener al beb\u00e9 abrigado durante todo el a\u00f1o. Hecha en algod\u00f3n org\u00e1nico enguatado. Dise\u00f1ada con tama\u00f1os universales (100 x 45 cm), es compatible con la mayor\u00eda de cochecitos del mercado. Gracias a su dise\u00f1o adaptable, podr\u00e1s colocarla f\u00e1cilmente en la cesta sin que se mueva ni se arrugue, garantizando una sujeci\u00f3n segura. Cuidado con cremallera frontal completa, para abrir o cerrar r\u00e1pidamente seg\u00fan la temperatura, sin necesidad de sacar al beb\u00e9. El reverso en tejido transpirable permite una buena ventilaci\u00f3n, evitando el sudor o sobrecalentamiento. Una funda pr\u00e1ctica y bonita para disfrutar de cada paseo, haga el tiempo que haga. La tapa es pot retirar completament gr\u00e0cies a la seva cremallera, i a m\u00e9s, pots combinar-la amb bosses a joc per a un look ben equilibrat. &nbsp; &nbsp;","breadcrumb":{"@id":"https:\/\/somllavors.com\/es\/producte\/funda-en-saco-para-sillita-de-paseo-gofre-latte-babyshower#breadcrumb"},"inLanguage":"es","potentialAction":[{"@type":"ReadAction","target":["https:\/\/somllavors.com\/es\/producte\/funda-en-saco-para-sillita-de-paseo-gofre-latte-babyshower"]}]},{"@type":"ImageObject","inLanguage":"es","@id":"https:\/\/somllavors.com\/es\/producte\/funda-en-saco-para-sillita-de-paseo-gofre-latte-babyshower#primaryimage","url":"https:\/\/somllavors.com\/wp-content\/uploads\/2025\/10\/funda-sillita-paseo-gofre-latte.jpg","contentUrl":"https:\/\/somllavors.com\/wp-content\/uploads\/2025\/10\/funda-sillita-paseo-gofre-latte.jpg","width":800,"height":800,"caption":"funda sac cadira de passeig cotxet babyshower"},{"@type":"BreadcrumbList","@id":"https:\/\/somllavors.com\/es\/producte\/funda-en-saco-para-sillita-de-paseo-gofre-latte-babyshower#breadcrumb","itemListElement":[{"@type":"ListItem","position":1,"name":"Inici","item":"https:\/\/somllavors.com\/es"},{"@type":"ListItem","position":2,"name":"Tienda","item":"https:\/\/somllavors.com\/es\/botiga-2"},{"@type":"ListItem","position":3,"name":"Funda en saco para sillita de paseo Gofre latte &#8211; Babyshower"}]},{"@type":"WebSite","@id":"https:\/\/somllavors.com\/es#website","url":"https:\/\/somllavors.com\/es","name":"Som Llavors","description":"Botiga de crian\u00e7a natural","publisher":{"@id":"https:\/\/somllavors.com\/es#organization"},"alternateName":"Crian\u00e7a Natural i Sostenible","potentialAction":[{"@type":"SearchAction","target":{"@type":"EntryPoint","urlTemplate":"https:\/\/somllavors.com\/es?s={search_term_string}"},"query-input":{"@type":"PropertyValueSpecification","valueRequired":true,"valueName":"search_term_string"}}],"inLanguage":"es"},{"@type":["Organization","Place","Store"],"@id":"https:\/\/somllavors.com\/es#organization","name":"Som Llavors","alternateName":"Crian\u00e7a Natural i Sostenible","url":"https:\/\/somllavors.com\/es","logo":{"@id":"https:\/\/somllavors.com\/es\/producte\/funda-en-saco-para-sillita-de-paseo-gofre-latte-babyshower#local-main-organization-logo"},"image":{"@id":"https:\/\/somllavors.com\/es\/producte\/funda-en-saco-para-sillita-de-paseo-gofre-latte-babyshower#local-main-organization-logo"},"sameAs":["https:\/\/www.facebook.com\/somllavorsvng\/?locale=ca_ES","https:\/\/www.instagram.com\/somllavors_vng\/","https:\/\/www.youtube.com\/@somllavors"],"address":{"@id":"https:\/\/somllavors.com\/es\/producte\/funda-en-saco-para-sillita-de-paseo-gofre-latte-babyshower#local-main-place-address"},"geo":{"@type":"GeoCoordinates","latitude":"41.2257737","longitude":"1.723258859"},"telephone":["623152704","623152704"],"openingHoursSpecification":[{"@type":"OpeningHoursSpecification","dayOfWeek":["Monday","Sunday"],"opens":"00:00","closes":"00:00"},{"@type":"OpeningHoursSpecification","dayOfWeek":["Tuesday","Wednesday","Thursday","Friday"],"opens":"10:00","closes":"20:00"},{"@type":"OpeningHoursSpecification","dayOfWeek":["Saturday"],"opens":"10:00","closes":"13:30"}],"email":"info@somllavors.com"},{"@type":"PostalAddress","@id":"https:\/\/somllavors.com\/es\/producte\/funda-en-saco-para-sillita-de-paseo-gofre-latte-babyshower#local-main-place-address","streetAddress":"Carrer de l'aigua, 6","addressLocality":"Vilanova i la Geltr\u00fa","postalCode":"08800","addressRegion":"Barcelona","addressCountry":"ES"},{"@type":"ImageObject","inLanguage":"es","@id":"https:\/\/somllavors.com\/es\/producte\/funda-en-saco-para-sillita-de-paseo-gofre-latte-babyshower#local-main-organization-logo","url":"https:\/\/somllavors.com\/wp-content\/uploads\/Logotip-Som-Llavors.jpg","contentUrl":"https:\/\/somllavors.com\/wp-content\/uploads\/Logotip-Som-Llavors.jpg","width":1444,"height":1323,"caption":"Som Llavors"}]},"product_price_amount":"134.00","product_price_currency":"EUR","og_availability":"out of stock","product_availability":"out of stock","product_retailer_item_id":"STFMGLT","product_condition":"new","geo.placename":"Vilanova i la Geltr\u00fa","geo.position":{"lat":"41.2257737","long":"1.723258859"},"geo.region":"Espa\u00f1a"},"brands":[{"id":4105,"name":"Baby Shower","slug":"baby-shower"}],"_links":{"self":[{"href":"https:\/\/somllavors.com\/es\/wp-json\/wp\/v2\/product\/84963","targetHints":{"allow":["GET"]}}],"collection":[{"href":"https:\/\/somllavors.com\/es\/wp-json\/wp\/v2\/product"}],"about":[{"href":"https:\/\/somllavors.com\/es\/wp-json\/wp\/v2\/types\/product"}],"wp:featuredmedia":[{"embeddable":true,"href":"https:\/\/somllavors.com\/es\/wp-json\/wp\/v2\/media\/83919"}],"wp:attachment":[{"href":"https:\/\/somllavors.com\/es\/wp-json\/wp\/v2\/media?parent=84963"}],"wp:term":[{"taxonomy":"pwb-brand","embeddable":true,"href":"https:\/\/somllavors.com\/es\/wp-json\/wp\/v2\/pwb-brand?post=84963"},{"taxonomy":"product_brand","embeddable":true,"href":"https:\/\/somllavors.com\/es\/wp-json\/wp\/v2\/product_brand?post=84963"},{"taxonomy":"product_cat","embeddable":true,"href":"https:\/\/somllavors.com\/es\/wp-json\/wp\/v2\/product_cat?post=84963"},{"taxonomy":"product_tag","embeddable":true,"href":"https:\/\/somllavors.com\/es\/wp-json\/wp\/v2\/product_tag?post=84963"}],"curies":[{"name":"wp","href":"https:\/\/api.w.org\/{rel}","templated":true}]}}