{"id":84969,"date":"2025-10-12T09:36:56","date_gmt":"2025-10-12T07:36:56","guid":{"rendered":"https:\/\/somllavors.com\/producte\/pequeno-bosque-goki"},"modified":"2025-10-12T09:36:56","modified_gmt":"2025-10-12T07:36:56","slug":"pequeno-bosque-goki","status":"publish","type":"product","link":"https:\/\/somllavors.com\/es\/producte\/pequeno-bosque-goki","title":{"rendered":"Peque\u00f1o bosque &#8211; Goki"},"content":{"rendered":"<h4 data-start=\"806\" data-end=\"842\"><strong data-start=\"811\" data-end=\"842\">Caracter\u00edsticas principales<\/strong><\/h4>\n<ul data-start=\"844\" data-end=\"1109\">\n<li data-start=\"844\" data-end=\"887\">\n<p data-start=\"846\" data-end=\"887\">Edad recomendada: <strong data-start=\"863\" data-end=\"885\">a partir de 2 a\u00f1os<\/strong><\/p>\n<\/li>\n<li data-start=\"888\" data-end=\"947\">\n<p data-start=\"890\" data-end=\"947\">Material: <strong data-start=\"900\" data-end=\"924\">madera de arce europea,<\/strong> con esmalte brillante<\/p>\n<\/li>\n<li data-start=\"948\" data-end=\"1015\">\n<p data-start=\"950\" data-end=\"1015\">N\u00famero de piezas: <strong data-start=\"967\" data-end=\"972\">9<\/strong> (figuras de bosque: \u00e1rboles, animales, etc.)<\/p>\n<\/li>\n<li data-start=\"1016\" data-end=\"1058\">\n<p data-start=\"1018\" data-end=\"1058\">Altura de las figuras: aprox. <strong data-start=\"1048\" data-end=\"1056\">7 cm<\/strong><\/p>\n<\/li>\n<\/ul>\n<h4 data-start=\"1116\" data-end=\"1142\"><strong data-start=\"1121\" data-end=\"1142\">Beneficios del juego<\/strong><\/h4>\n<ul data-start=\"1144\" data-end=\"1403\">\n<li data-start=\"1144\" data-end=\"1199\">\n<p data-start=\"1146\" data-end=\"1199\">Estimula la <strong data-start=\"1158\" data-end=\"1197\">imaginaci\u00f3n y la narrativa simb\u00f3lica<\/strong><\/p>\n<\/li>\n<li data-start=\"1200\" data-end=\"1264\">\n<p data-start=\"1202\" data-end=\"1264\">Fomenta la c<strong data-start=\"1213\" data-end=\"1240\">oordinaci\u00f3n motriz fina<\/strong> y la manipulaci\u00f3n suave<\/p>\n<\/li>\n<li data-start=\"1265\" data-end=\"1331\">\n<p data-start=\"1267\" data-end=\"1331\">Favorece el<strong data-start=\"1280\" data-end=\"1304\"> juego libre y creativo,<\/strong> adaptado a cada criatura<\/p>\n<\/li>\n<li data-start=\"1332\" data-end=\"1403\">\n<p data-start=\"1334\" data-end=\"1403\">Puede combinarse con otros elementos de la colecci\u00f3n Goki Evolution<\/p>\n<\/li>\n<\/ul>\n","protected":false},"excerpt":{"rendered":"<p>Con este conjunto de <strong data-start=\"200\" data-end=\"211\">9 piezas<\/strong>, los ni\u00f1os pueden construir su propio rinc\u00f3n forestal: \u00e1rboles y animales del bosque que invitan a imaginar y jugar sin l\u00edmites.<\/p>\n<ul>\n<li>Las figuras, dise\u00f1adas cuidadosamente en madera de arce europea, ofrecen un aspecto neutro que potencia la imaginaci\u00f3n y favorece el juego libre.<\/li>\n<\/ul>\n","protected":false},"featured_media":83901,"template":"","meta":{"_acf_changed":false,"site-sidebar-layout":"default","site-content-layout":"","ast-site-content-layout":"default","site-content-style":"default","site-sidebar-style":"default","ast-global-header-display":"","ast-banner-title-visibility":"","ast-main-header-display":"","ast-hfb-above-header-display":"","ast-hfb-below-header-display":"","ast-hfb-mobile-header-display":"","site-post-title":"","ast-breadcrumbs-content":"","ast-featured-img":"","footer-sml-layout":"","ast-disable-related-posts":"","theme-transparent-header-meta":"default","adv-header-id-meta":"","stick-header-meta":"","header-above-stick-meta":"","header-main-stick-meta":"","header-below-stick-meta":"","astra-migrate-meta-layouts":"default","ast-page-background-enabled":"default","ast-page-background-meta":{"desktop":{"background-color":"","background-image":"","background-repeat":"repeat","background-position":"center center","background-size":"auto","background-attachment":"scroll","background-type":"","background-media":"","overlay-type":"","overlay-color":"","overlay-opacity":"","overlay-gradient":""},"tablet":{"background-color":"","background-image":"","background-repeat":"repeat","background-position":"center center","background-size":"auto","background-attachment":"scroll","background-type":"","background-media":"","overlay-type":"","overlay-color":"","overlay-opacity":"","overlay-gradient":""},"mobile":{"background-color":"","background-image":"","background-repeat":"repeat","background-position":"center center","background-size":"auto","background-attachment":"scroll","background-type":"","background-media":"","overlay-type":"","overlay-color":"","overlay-opacity":"","overlay-gradient":""}},"ast-content-background-meta":{"desktop":{"background-color":"var(--ast-global-color-5)","background-image":"","background-repeat":"repeat","background-position":"center center","background-size":"auto","background-attachment":"scroll","background-type":"","background-media":"","overlay-type":"","overlay-color":"","overlay-opacity":"","overlay-gradient":""},"tablet":{"background-color":"var(--ast-global-color-5)","background-image":"","background-repeat":"repeat","background-position":"center center","background-size":"auto","background-attachment":"scroll","background-type":"","background-media":"","overlay-type":"","overlay-color":"","overlay-opacity":"","overlay-gradient":""},"mobile":{"background-color":"var(--ast-global-color-5)","background-image":"","background-repeat":"repeat","background-position":"center center","background-size":"auto","background-attachment":"scroll","background-type":"","background-media":"","overlay-type":"","overlay-color":"","overlay-opacity":"","overlay-gradient":""}}},"pwb-brand":[4407],"product_brand":[],"product_cat":[3368,3373,3376,3377,3382,3542,3553],"product_tag":[],"class_list":{"0":"post-84969","1":"product","2":"type-product","3":"status-publish","4":"has-post-thumbnail","6":"pwb-brand-goki","7":"product_cat-2-anos","8":"product_cat-3-anos","9":"product_cat-4-anos","10":"product_cat-6-anos","11":"product_cat-8-anos","12":"product_cat-juegos-de-madera","13":"product_cat-minimundos","14":"desktop-align-left","15":"tablet-align-left","16":"mobile-align-left","18":"first","19":"instock","20":"taxable","21":"shipping-taxable","22":"purchasable","23":"product-type-simple"},"acf":[],"yoast_head":"<!-- This site is optimized with the Yoast SEO Premium plugin v18.3 (Yoast SEO v27.4) - https:\/\/yoast.com\/product\/yoast-seo-premium-wordpress\/ -->\n<title>Peque\u00f1o bosque - Goki &#8212; Som Llavors<\/title>\n<meta name=\"description\" content=\"Con este conjunto de 9 piezas, los ni\u00f1os pueden construir su propio rinc\u00f3n forestal: \u00e1rboles y animales del bosque que invitan a imaginar y jugar sin l\u00edmites.  Las figuras, dise\u00f1adas cuidadosamente en madera de arce europea, ofrecen un aspecto neutro que potencia la imaginaci\u00f3n y favorece el juego libre.\" \/>\n<meta name=\"robots\" content=\"index, follow, max-snippet:-1, max-image-preview:large, max-video-preview:-1\" \/>\n<link rel=\"canonical\" href=\"https:\/\/somllavors.com\/es\/producte\/pequeno-bosque-goki\" \/>\n<meta property=\"og:locale\" content=\"es_ES\" \/>\n<meta property=\"og:type\" content=\"article\" \/>\n<meta property=\"og:title\" content=\"Peque\u00f1o bosque - Goki\" \/>\n<meta property=\"og:description\" content=\"La teva botiga d\u2019ecocrian\u00e7a i espai d\u2019acompanyament a la maternitat\" \/>\n<meta property=\"og:url\" content=\"https:\/\/somllavors.com\/es\/producte\/pequeno-bosque-goki\" \/>\n<meta property=\"og:site_name\" content=\"Som Llavors\" \/>\n<meta property=\"article:publisher\" content=\"https:\/\/www.facebook.com\/somllavorsvng\/?locale=ca_ES\" \/>\n<meta property=\"og:image\" content=\"https:\/\/somllavors.com\/wp-content\/uploads\/2025\/10\/Som-Llavors-petit-bosc-58468-.jpg\" \/>\n\t<meta property=\"og:image:width\" content=\"500\" \/>\n\t<meta property=\"og:image:height\" content=\"500\" \/>\n\t<meta property=\"og:image:type\" content=\"image\/jpeg\" \/>\n<meta name=\"twitter:card\" content=\"summary_large_image\" \/>\n<meta name=\"twitter:label1\" content=\"Precio\" \/>\n\t<meta name=\"twitter:data1\" content=\"27,00&euro; Iva incl\u00f2s\" \/>\n\t<meta name=\"twitter:label2\" content=\"Availability\" \/>\n\t<meta name=\"twitter:data2\" content=\"Hay existencias\" \/>\n<script type=\"application\/ld+json\" class=\"yoast-schema-graph\">{\"@context\":\"https:\\\/\\\/schema.org\",\"@graph\":[{\"@type\":\"WebPage\",\"@id\":\"https:\\\/\\\/somllavors.com\\\/es\\\/producte\\\/pequeno-bosque-goki\",\"url\":\"https:\\\/\\\/somllavors.com\\\/es\\\/producte\\\/pequeno-bosque-goki\",\"name\":\"Peque\u00f1o bosque - Goki &#8212; Som Llavors\",\"isPartOf\":{\"@id\":\"https:\\\/\\\/somllavors.com\\\/es#website\"},\"primaryImageOfPage\":{\"@id\":\"https:\\\/\\\/somllavors.com\\\/es\\\/producte\\\/pequeno-bosque-goki#primaryimage\"},\"image\":{\"@id\":\"https:\\\/\\\/somllavors.com\\\/es\\\/producte\\\/pequeno-bosque-goki#primaryimage\"},\"thumbnailUrl\":\"https:\\\/\\\/somllavors.com\\\/wp-content\\\/uploads\\\/2025\\\/10\\\/Som-Llavors-petit-bosc-58468-.jpg\",\"datePublished\":\"2025-10-12T07:36:56+00:00\",\"description\":\"Con este conjunto de 9 piezas, los ni\u00f1os pueden construir su propio rinc\u00f3n forestal: \u00e1rboles y animales del bosque que invitan a imaginar y jugar sin l\u00edmites. Las figuras, dise\u00f1adas cuidadosamente en madera de arce europea, ofrecen un aspecto neutro que potencia la imaginaci\u00f3n y favorece el juego libre.\",\"breadcrumb\":{\"@id\":\"https:\\\/\\\/somllavors.com\\\/es\\\/producte\\\/pequeno-bosque-goki#breadcrumb\"},\"inLanguage\":\"es\",\"potentialAction\":[{\"@type\":\"ReadAction\",\"target\":[\"https:\\\/\\\/somllavors.com\\\/es\\\/producte\\\/pequeno-bosque-goki\"]}]},{\"@type\":\"ImageObject\",\"inLanguage\":\"es\",\"@id\":\"https:\\\/\\\/somllavors.com\\\/es\\\/producte\\\/pequeno-bosque-goki#primaryimage\",\"url\":\"https:\\\/\\\/somllavors.com\\\/wp-content\\\/uploads\\\/2025\\\/10\\\/Som-Llavors-petit-bosc-58468-.jpg\",\"contentUrl\":\"https:\\\/\\\/somllavors.com\\\/wp-content\\\/uploads\\\/2025\\\/10\\\/Som-Llavors-petit-bosc-58468-.jpg\",\"width\":500,\"height\":500,\"caption\":\"petit bosc\"},{\"@type\":\"BreadcrumbList\",\"@id\":\"https:\\\/\\\/somllavors.com\\\/es\\\/producte\\\/pequeno-bosque-goki#breadcrumb\",\"itemListElement\":[{\"@type\":\"ListItem\",\"position\":1,\"name\":\"Inici\",\"item\":\"https:\\\/\\\/somllavors.com\\\/es\"},{\"@type\":\"ListItem\",\"position\":2,\"name\":\"Tienda\",\"item\":\"https:\\\/\\\/somllavors.com\\\/es\\\/botiga-2\"},{\"@type\":\"ListItem\",\"position\":3,\"name\":\"Peque\u00f1o bosque &#8211; Goki\"}]},{\"@type\":\"WebSite\",\"@id\":\"https:\\\/\\\/somllavors.com\\\/es#website\",\"url\":\"https:\\\/\\\/somllavors.com\\\/es\",\"name\":\"Som Llavors\",\"description\":\"Botiga de crian\u00e7a natural\",\"publisher\":{\"@id\":\"https:\\\/\\\/somllavors.com\\\/es#organization\"},\"alternateName\":\"Crian\u00e7a Natural i Sostenible\",\"potentialAction\":[{\"@type\":\"SearchAction\",\"target\":{\"@type\":\"EntryPoint\",\"urlTemplate\":\"https:\\\/\\\/somllavors.com\\\/es?s={search_term_string}\"},\"query-input\":{\"@type\":\"PropertyValueSpecification\",\"valueRequired\":true,\"valueName\":\"search_term_string\"}}],\"inLanguage\":\"es\"},{\"@type\":[\"Organization\",\"Place\",\"Store\"],\"@id\":\"https:\\\/\\\/somllavors.com\\\/es#organization\",\"name\":\"Som Llavors\",\"alternateName\":\"Crian\u00e7a Natural i Sostenible\",\"url\":\"https:\\\/\\\/somllavors.com\\\/es\",\"logo\":{\"@id\":\"https:\\\/\\\/somllavors.com\\\/es\\\/producte\\\/pequeno-bosque-goki#local-main-organization-logo\"},\"image\":{\"@id\":\"https:\\\/\\\/somllavors.com\\\/es\\\/producte\\\/pequeno-bosque-goki#local-main-organization-logo\"},\"sameAs\":[\"https:\\\/\\\/www.facebook.com\\\/somllavorsvng\\\/?locale=ca_ES\",\"https:\\\/\\\/www.instagram.com\\\/somllavors_vng\\\/\",\"https:\\\/\\\/www.youtube.com\\\/@somllavors\"],\"address\":{\"@id\":\"https:\\\/\\\/somllavors.com\\\/es\\\/producte\\\/pequeno-bosque-goki#local-main-place-address\"},\"geo\":{\"@type\":\"GeoCoordinates\",\"latitude\":\"41.2257737\",\"longitude\":\"1.723258859\"},\"telephone\":[\"623152704\"],\"openingHoursSpecification\":[{\"@type\":\"OpeningHoursSpecification\",\"dayOfWeek\":[\"Monday\",\"Sunday\"],\"opens\":\"00:00\",\"closes\":\"00:00\"},{\"@type\":\"OpeningHoursSpecification\",\"dayOfWeek\":[\"Tuesday\",\"Wednesday\",\"Thursday\",\"Friday\"],\"opens\":\"10:00\",\"closes\":\"20:00\"},{\"@type\":\"OpeningHoursSpecification\",\"dayOfWeek\":[\"Saturday\"],\"opens\":\"10:00\",\"closes\":\"13:30\"}],\"email\":\"info@somllavors.com\"},{\"@type\":\"PostalAddress\",\"@id\":\"https:\\\/\\\/somllavors.com\\\/es\\\/producte\\\/pequeno-bosque-goki#local-main-place-address\",\"streetAddress\":\"Carrer de l'aigua, 6\",\"addressLocality\":\"Vilanova i la Geltr\u00fa\",\"postalCode\":\"08800\",\"addressRegion\":\"Barcelona\",\"addressCountry\":\"ES\"},{\"@type\":\"ImageObject\",\"inLanguage\":\"es\",\"@id\":\"https:\\\/\\\/somllavors.com\\\/es\\\/producte\\\/pequeno-bosque-goki#local-main-organization-logo\",\"url\":\"https:\\\/\\\/somllavors.com\\\/wp-content\\\/uploads\\\/Logotip-Som-Llavors.jpg\",\"contentUrl\":\"https:\\\/\\\/somllavors.com\\\/wp-content\\\/uploads\\\/Logotip-Som-Llavors.jpg\",\"width\":1444,\"height\":1323,\"caption\":\"Som Llavors\"}]}<\/script>\n<meta property=\"product:price:amount\" content=\"27.00\" \/>\n<meta property=\"product:price:currency\" content=\"EUR\" \/>\n<meta property=\"og:availability\" content=\"instock\" \/>\n<meta property=\"product:availability\" content=\"instock\" \/>\n<meta property=\"product:retailer_item_id\" content=\"58468\" \/>\n<meta property=\"product:condition\" content=\"new\" \/>\n<meta name=\"geo.placename\" content=\"Vilanova i la Geltr\u00fa\" \/>\n<meta name=\"geo.position\" content=\"41.2257737;1.723258859\" \/>\n<meta name=\"geo.region\" content=\"Espa\u00f1a\" \/>\n<!-- \/ Yoast SEO Premium plugin. -->","yoast_head_json":{"title":"Peque\u00f1o bosque - Goki &#8212; Som Llavors","description":"Con este conjunto de 9 piezas, los ni\u00f1os pueden construir su propio rinc\u00f3n forestal: \u00e1rboles y animales del bosque que invitan a imaginar y jugar sin l\u00edmites.  Las figuras, dise\u00f1adas cuidadosamente en madera de arce europea, ofrecen un aspecto neutro que potencia la imaginaci\u00f3n y favorece el juego libre.","robots":{"index":"index","follow":"follow","max-snippet":"max-snippet:-1","max-image-preview":"max-image-preview:large","max-video-preview":"max-video-preview:-1"},"canonical":"https:\/\/somllavors.com\/es\/producte\/pequeno-bosque-goki","og_locale":"es_ES","og_type":"article","og_title":"Peque\u00f1o bosque - Goki","og_description":"La teva botiga d\u2019ecocrian\u00e7a i espai d\u2019acompanyament a la maternitat","og_url":"https:\/\/somllavors.com\/es\/producte\/pequeno-bosque-goki","og_site_name":"Som Llavors","article_publisher":"https:\/\/www.facebook.com\/somllavorsvng\/?locale=ca_ES","og_image":[{"width":500,"height":500,"url":"https:\/\/somllavors.com\/wp-content\/uploads\/2025\/10\/Som-Llavors-petit-bosc-58468-.jpg","type":"image\/jpeg"}],"twitter_card":"summary_large_image","twitter_misc":{"Precio":"27,00&euro; Iva incl\u00f2s","Availability":"Hay existencias"},"schema":{"@context":"https:\/\/schema.org","@graph":[{"@type":"WebPage","@id":"https:\/\/somllavors.com\/es\/producte\/pequeno-bosque-goki","url":"https:\/\/somllavors.com\/es\/producte\/pequeno-bosque-goki","name":"Peque\u00f1o bosque - Goki &#8212; Som Llavors","isPartOf":{"@id":"https:\/\/somllavors.com\/es#website"},"primaryImageOfPage":{"@id":"https:\/\/somllavors.com\/es\/producte\/pequeno-bosque-goki#primaryimage"},"image":{"@id":"https:\/\/somllavors.com\/es\/producte\/pequeno-bosque-goki#primaryimage"},"thumbnailUrl":"https:\/\/somllavors.com\/wp-content\/uploads\/2025\/10\/Som-Llavors-petit-bosc-58468-.jpg","datePublished":"2025-10-12T07:36:56+00:00","description":"Con este conjunto de 9 piezas, los ni\u00f1os pueden construir su propio rinc\u00f3n forestal: \u00e1rboles y animales del bosque que invitan a imaginar y jugar sin l\u00edmites. Las figuras, dise\u00f1adas cuidadosamente en madera de arce europea, ofrecen un aspecto neutro que potencia la imaginaci\u00f3n y favorece el juego libre.","breadcrumb":{"@id":"https:\/\/somllavors.com\/es\/producte\/pequeno-bosque-goki#breadcrumb"},"inLanguage":"es","potentialAction":[{"@type":"ReadAction","target":["https:\/\/somllavors.com\/es\/producte\/pequeno-bosque-goki"]}]},{"@type":"ImageObject","inLanguage":"es","@id":"https:\/\/somllavors.com\/es\/producte\/pequeno-bosque-goki#primaryimage","url":"https:\/\/somllavors.com\/wp-content\/uploads\/2025\/10\/Som-Llavors-petit-bosc-58468-.jpg","contentUrl":"https:\/\/somllavors.com\/wp-content\/uploads\/2025\/10\/Som-Llavors-petit-bosc-58468-.jpg","width":500,"height":500,"caption":"petit bosc"},{"@type":"BreadcrumbList","@id":"https:\/\/somllavors.com\/es\/producte\/pequeno-bosque-goki#breadcrumb","itemListElement":[{"@type":"ListItem","position":1,"name":"Inici","item":"https:\/\/somllavors.com\/es"},{"@type":"ListItem","position":2,"name":"Tienda","item":"https:\/\/somllavors.com\/es\/botiga-2"},{"@type":"ListItem","position":3,"name":"Peque\u00f1o bosque &#8211; Goki"}]},{"@type":"WebSite","@id":"https:\/\/somllavors.com\/es#website","url":"https:\/\/somllavors.com\/es","name":"Som Llavors","description":"Botiga de crian\u00e7a natural","publisher":{"@id":"https:\/\/somllavors.com\/es#organization"},"alternateName":"Crian\u00e7a Natural i Sostenible","potentialAction":[{"@type":"SearchAction","target":{"@type":"EntryPoint","urlTemplate":"https:\/\/somllavors.com\/es?s={search_term_string}"},"query-input":{"@type":"PropertyValueSpecification","valueRequired":true,"valueName":"search_term_string"}}],"inLanguage":"es"},{"@type":["Organization","Place","Store"],"@id":"https:\/\/somllavors.com\/es#organization","name":"Som Llavors","alternateName":"Crian\u00e7a Natural i Sostenible","url":"https:\/\/somllavors.com\/es","logo":{"@id":"https:\/\/somllavors.com\/es\/producte\/pequeno-bosque-goki#local-main-organization-logo"},"image":{"@id":"https:\/\/somllavors.com\/es\/producte\/pequeno-bosque-goki#local-main-organization-logo"},"sameAs":["https:\/\/www.facebook.com\/somllavorsvng\/?locale=ca_ES","https:\/\/www.instagram.com\/somllavors_vng\/","https:\/\/www.youtube.com\/@somllavors"],"address":{"@id":"https:\/\/somllavors.com\/es\/producte\/pequeno-bosque-goki#local-main-place-address"},"geo":{"@type":"GeoCoordinates","latitude":"41.2257737","longitude":"1.723258859"},"telephone":["623152704","623152704"],"openingHoursSpecification":[{"@type":"OpeningHoursSpecification","dayOfWeek":["Monday","Sunday"],"opens":"00:00","closes":"00:00"},{"@type":"OpeningHoursSpecification","dayOfWeek":["Tuesday","Wednesday","Thursday","Friday"],"opens":"10:00","closes":"20:00"},{"@type":"OpeningHoursSpecification","dayOfWeek":["Saturday"],"opens":"10:00","closes":"13:30"}],"email":"info@somllavors.com"},{"@type":"PostalAddress","@id":"https:\/\/somllavors.com\/es\/producte\/pequeno-bosque-goki#local-main-place-address","streetAddress":"Carrer de l'aigua, 6","addressLocality":"Vilanova i la Geltr\u00fa","postalCode":"08800","addressRegion":"Barcelona","addressCountry":"ES"},{"@type":"ImageObject","inLanguage":"es","@id":"https:\/\/somllavors.com\/es\/producte\/pequeno-bosque-goki#local-main-organization-logo","url":"https:\/\/somllavors.com\/wp-content\/uploads\/Logotip-Som-Llavors.jpg","contentUrl":"https:\/\/somllavors.com\/wp-content\/uploads\/Logotip-Som-Llavors.jpg","width":1444,"height":1323,"caption":"Som Llavors"}]},"product_price_amount":"27.00","product_price_currency":"EUR","og_availability":"instock","product_availability":"instock","product_retailer_item_id":"58468","product_condition":"new","geo.placename":"Vilanova i la Geltr\u00fa","geo.position":{"lat":"41.2257737","long":"1.723258859"},"geo.region":"Espa\u00f1a"},"brands":[{"id":4407,"name":"Goki","slug":"goki"}],"_links":{"self":[{"href":"https:\/\/somllavors.com\/es\/wp-json\/wp\/v2\/product\/84969","targetHints":{"allow":["GET"]}}],"collection":[{"href":"https:\/\/somllavors.com\/es\/wp-json\/wp\/v2\/product"}],"about":[{"href":"https:\/\/somllavors.com\/es\/wp-json\/wp\/v2\/types\/product"}],"wp:featuredmedia":[{"embeddable":true,"href":"https:\/\/somllavors.com\/es\/wp-json\/wp\/v2\/media\/83901"}],"wp:attachment":[{"href":"https:\/\/somllavors.com\/es\/wp-json\/wp\/v2\/media?parent=84969"}],"wp:term":[{"taxonomy":"pwb-brand","embeddable":true,"href":"https:\/\/somllavors.com\/es\/wp-json\/wp\/v2\/pwb-brand?post=84969"},{"taxonomy":"product_brand","embeddable":true,"href":"https:\/\/somllavors.com\/es\/wp-json\/wp\/v2\/product_brand?post=84969"},{"taxonomy":"product_cat","embeddable":true,"href":"https:\/\/somllavors.com\/es\/wp-json\/wp\/v2\/product_cat?post=84969"},{"taxonomy":"product_tag","embeddable":true,"href":"https:\/\/somllavors.com\/es\/wp-json\/wp\/v2\/product_tag?post=84969"}],"curies":[{"name":"wp","href":"https:\/\/api.w.org\/{rel}","templated":true}]}}