{"id":85029,"date":"2025-10-24T10:46:38","date_gmt":"2025-10-24T08:46:38","guid":{"rendered":"https:\/\/somllavors.com\/producte\/protector-de-cuna-cream-bemini"},"modified":"2025-10-24T10:46:38","modified_gmt":"2025-10-24T08:46:38","slug":"protector-de-cuna-cream-bemini","status":"publish","type":"product","link":"https:\/\/somllavors.com\/es\/producte\/protector-de-cuna-cream-bemini","title":{"rendered":"Protector de cuna Cream \u2013 BeMini"},"content":{"rendered":"<ul>\n<li data-start=\"453\" data-end=\"709\">Su <strong data-start=\"460\" data-end=\"478\">relleno ligero<\/strong> garantiza una buena protecci\u00f3n de las barandillas sin reducir la circulaci\u00f3n del aire, evitando cualquier riesgo de calentamiento.<\/li>\n<li data-start=\"453\" data-end=\"709\">El color <strong data-start=\"610\" data-end=\"619\">Cream<\/strong> aporta un toque natural y atemporal que se adapta f\u00e1cilmente a cualquier estilo de habitaci\u00f3n.<\/li>\n<\/ul>\n<p data-start=\"711\" data-end=\"732\"><strong data-start=\"711\" data-end=\"732\">Caracter\u00edsticas:<\/strong><\/p>\n<ul data-start=\"733\" data-end=\"959\">\n<li data-start=\"733\" data-end=\"755\">\n<p data-start=\"735\" data-end=\"755\">Medidas: 30 \u00d7 180 cm<\/p>\n<\/li>\n<li data-start=\"756\" data-end=\"801\">\n<p data-start=\"758\" data-end=\"801\">Tejido: 100% algod\u00f3n<\/p>\n<\/li>\n<li data-start=\"802\" data-end=\"829\">\n<p data-start=\"804\" data-end=\"829\">Relleno: 100% poli\u00e9ster<\/p>\n<\/li>\n<li data-start=\"830\" data-end=\"889\">\n<p data-start=\"832\" data-end=\"889\">Certificado <strong data-start=\"843\" data-end=\"856\">Oeko-Tex<\/strong>\u00ae, libre de sustancias nocivas<\/p>\n<\/li>\n<li data-start=\"890\" data-end=\"920\">\n<p data-start=\"892\" data-end=\"920\">Lavable a m\u00e1quina a 30 \u00b0C<\/p>\n<\/li>\n<li data-start=\"921\" data-end=\"959\">\n<p data-start=\"923\" data-end=\"959\">No utilizar lej\u00eda ni secadora<\/p>\n<\/li>\n<\/ul>\n","protected":false},"excerpt":{"rendered":"<p data-start=\"200\" data-end=\"451\">El protector de cuna de BeMini crea un entorno c\u00e1lido, suave y seguro para tu beb\u00e9.<\/p>\n<ul>\n<li data-start=\"200\" data-end=\"451\">Confeccionado en punto de algod\u00f3n 100%, con un acolchado de rombos muy fino, ofrece una textura agradable y flexible que combina confort y elegancia.<\/li>\n<li data-start=\"200\" data-end=\"451\">Un b\u00e1sico esencial para completar la cuna con suavidad, estilo y seguridad.<\/li>\n<\/ul>\n","protected":false},"featured_media":84206,"template":"","meta":{"_acf_changed":false,"site-sidebar-layout":"default","site-content-layout":"","ast-site-content-layout":"default","site-content-style":"default","site-sidebar-style":"default","ast-global-header-display":"","ast-banner-title-visibility":"","ast-main-header-display":"","ast-hfb-above-header-display":"","ast-hfb-below-header-display":"","ast-hfb-mobile-header-display":"","site-post-title":"","ast-breadcrumbs-content":"","ast-featured-img":"","footer-sml-layout":"","ast-disable-related-posts":"","theme-transparent-header-meta":"default","adv-header-id-meta":"","stick-header-meta":"","header-above-stick-meta":"","header-main-stick-meta":"","header-below-stick-meta":"","astra-migrate-meta-layouts":"default","ast-page-background-enabled":"default","ast-page-background-meta":{"desktop":{"background-color":"","background-image":"","background-repeat":"repeat","background-position":"center center","background-size":"auto","background-attachment":"scroll","background-type":"","background-media":"","overlay-type":"","overlay-color":"","overlay-opacity":"","overlay-gradient":""},"tablet":{"background-color":"","background-image":"","background-repeat":"repeat","background-position":"center center","background-size":"auto","background-attachment":"scroll","background-type":"","background-media":"","overlay-type":"","overlay-color":"","overlay-opacity":"","overlay-gradient":""},"mobile":{"background-color":"","background-image":"","background-repeat":"repeat","background-position":"center center","background-size":"auto","background-attachment":"scroll","background-type":"","background-media":"","overlay-type":"","overlay-color":"","overlay-opacity":"","overlay-gradient":""}},"ast-content-background-meta":{"desktop":{"background-color":"var(--ast-global-color-5)","background-image":"","background-repeat":"repeat","background-position":"center center","background-size":"auto","background-attachment":"scroll","background-type":"","background-media":"","overlay-type":"","overlay-color":"","overlay-opacity":"","overlay-gradient":""},"tablet":{"background-color":"var(--ast-global-color-5)","background-image":"","background-repeat":"repeat","background-position":"center center","background-size":"auto","background-attachment":"scroll","background-type":"","background-media":"","overlay-type":"","overlay-color":"","overlay-opacity":"","overlay-gradient":""},"mobile":{"background-color":"var(--ast-global-color-5)","background-image":"","background-repeat":"repeat","background-position":"center center","background-size":"auto","background-attachment":"scroll","background-type":"","background-media":"","overlay-type":"","overlay-color":"","overlay-opacity":"","overlay-gradient":""}}},"pwb-brand":[5140],"product_brand":[],"product_cat":[3624],"product_tag":[5141,5829,5835],"class_list":{"0":"post-85029","1":"product","2":"type-product","3":"status-publish","4":"has-post-thumbnail","6":"pwb-brand-bemini","7":"product_cat-protectores-de-cuna","8":"product_tag-bemini","9":"product_tag-coto-es","10":"product_tag-protector-de-bressol","11":"desktop-align-left","12":"tablet-align-left","13":"mobile-align-left","15":"first","16":"instock","17":"taxable","18":"shipping-taxable","19":"purchasable","20":"product-type-simple"},"acf":[],"yoast_head":"<!-- This site is optimized with the Yoast SEO Premium plugin v18.3 (Yoast SEO v27.4) - https:\/\/yoast.com\/product\/yoast-seo-premium-wordpress\/ -->\n<title>Protector de cuna Cream \u2013 BeMini &#8212; Som Llavors<\/title>\n<meta name=\"description\" content=\"El protector de cuna de BeMini crea un entorno c\u00e1lido, suave y seguro para tu beb\u00e9.   Confeccionado en punto de algod\u00f3n 100%, con un acolchado de rombos muy fino, ofrece una textura agradable y flexible que combina confort y elegancia.  Un b\u00e1sico esencial para completar la cuna con suavidad, estilo y seguridad.\" \/>\n<meta name=\"robots\" content=\"index, follow, max-snippet:-1, max-image-preview:large, max-video-preview:-1\" \/>\n<link rel=\"canonical\" href=\"https:\/\/somllavors.com\/es\/producte\/protector-de-cuna-cream-bemini\" \/>\n<meta property=\"og:locale\" content=\"es_ES\" \/>\n<meta property=\"og:type\" content=\"article\" \/>\n<meta property=\"og:title\" content=\"Protector de cuna Cream \u2013 BeMini\" \/>\n<meta property=\"og:description\" content=\"La teva botiga d\u2019ecocrian\u00e7a i espai d\u2019acompanyament a la maternitat\" \/>\n<meta property=\"og:url\" content=\"https:\/\/somllavors.com\/es\/producte\/protector-de-cuna-cream-bemini\" \/>\n<meta property=\"og:site_name\" content=\"Som Llavors\" \/>\n<meta property=\"article:publisher\" content=\"https:\/\/www.facebook.com\/somllavorsvng\/?locale=ca_ES\" \/>\n<meta property=\"og:image\" content=\"https:\/\/somllavors.com\/wp-content\/uploads\/2025\/10\/Som-Llavors-be-mini-Protector_de_cuna__parque_Pady_quilted_jersey_30x180cm_QUILT_Cream.webp\" \/>\n\t<meta property=\"og:image:width\" content=\"1140\" \/>\n\t<meta property=\"og:image:height\" content=\"1140\" \/>\n\t<meta property=\"og:image:type\" content=\"image\/webp\" \/>\n<meta name=\"twitter:card\" content=\"summary_large_image\" \/>\n<meta name=\"twitter:label1\" content=\"Precio\" \/>\n\t<meta name=\"twitter:data1\" content=\"59,90&euro; Iva incl\u00f2s\" \/>\n\t<meta name=\"twitter:label2\" content=\"Availability\" \/>\n\t<meta name=\"twitter:data2\" content=\"Hay existencias\" \/>\n<script type=\"application\/ld+json\" class=\"yoast-schema-graph\">{\"@context\":\"https:\\\/\\\/schema.org\",\"@graph\":[{\"@type\":\"WebPage\",\"@id\":\"https:\\\/\\\/somllavors.com\\\/es\\\/producte\\\/protector-de-cuna-cream-bemini\",\"url\":\"https:\\\/\\\/somllavors.com\\\/es\\\/producte\\\/protector-de-cuna-cream-bemini\",\"name\":\"Protector de cuna Cream \u2013 BeMini &#8212; Som Llavors\",\"isPartOf\":{\"@id\":\"https:\\\/\\\/somllavors.com\\\/es#website\"},\"primaryImageOfPage\":{\"@id\":\"https:\\\/\\\/somllavors.com\\\/es\\\/producte\\\/protector-de-cuna-cream-bemini#primaryimage\"},\"image\":{\"@id\":\"https:\\\/\\\/somllavors.com\\\/es\\\/producte\\\/protector-de-cuna-cream-bemini#primaryimage\"},\"thumbnailUrl\":\"https:\\\/\\\/somllavors.com\\\/wp-content\\\/uploads\\\/2025\\\/10\\\/Som-Llavors-be-mini-Protector_de_cuna__parque_Pady_quilted_jersey_30x180cm_QUILT_Cream.webp\",\"datePublished\":\"2025-10-24T08:46:38+00:00\",\"description\":\"El protector de cuna de BeMini crea un entorno c\u00e1lido, suave y seguro para tu beb\u00e9. Confeccionado en punto de algod\u00f3n 100%, con un acolchado de rombos muy fino, ofrece una textura agradable y flexible que combina confort y elegancia. Un b\u00e1sico esencial para completar la cuna con suavidad, estilo y seguridad.\",\"breadcrumb\":{\"@id\":\"https:\\\/\\\/somllavors.com\\\/es\\\/producte\\\/protector-de-cuna-cream-bemini#breadcrumb\"},\"inLanguage\":\"es\",\"potentialAction\":[{\"@type\":\"ReadAction\",\"target\":[\"https:\\\/\\\/somllavors.com\\\/es\\\/producte\\\/protector-de-cuna-cream-bemini\"]}]},{\"@type\":\"ImageObject\",\"inLanguage\":\"es\",\"@id\":\"https:\\\/\\\/somllavors.com\\\/es\\\/producte\\\/protector-de-cuna-cream-bemini#primaryimage\",\"url\":\"https:\\\/\\\/somllavors.com\\\/wp-content\\\/uploads\\\/2025\\\/10\\\/Som-Llavors-be-mini-Protector_de_cuna__parque_Pady_quilted_jersey_30x180cm_QUILT_Cream.webp\",\"contentUrl\":\"https:\\\/\\\/somllavors.com\\\/wp-content\\\/uploads\\\/2025\\\/10\\\/Som-Llavors-be-mini-Protector_de_cuna__parque_Pady_quilted_jersey_30x180cm_QUILT_Cream.webp\",\"width\":1140,\"height\":1140,\"caption\":\"protector cuna\"},{\"@type\":\"BreadcrumbList\",\"@id\":\"https:\\\/\\\/somllavors.com\\\/es\\\/producte\\\/protector-de-cuna-cream-bemini#breadcrumb\",\"itemListElement\":[{\"@type\":\"ListItem\",\"position\":1,\"name\":\"Inici\",\"item\":\"https:\\\/\\\/somllavors.com\\\/es\"},{\"@type\":\"ListItem\",\"position\":2,\"name\":\"Tienda\",\"item\":\"https:\\\/\\\/somllavors.com\\\/es\\\/botiga-2\"},{\"@type\":\"ListItem\",\"position\":3,\"name\":\"Protector de cuna Cream \u2013 BeMini\"}]},{\"@type\":\"WebSite\",\"@id\":\"https:\\\/\\\/somllavors.com\\\/es#website\",\"url\":\"https:\\\/\\\/somllavors.com\\\/es\",\"name\":\"Som Llavors\",\"description\":\"Botiga de crian\u00e7a natural\",\"publisher\":{\"@id\":\"https:\\\/\\\/somllavors.com\\\/es#organization\"},\"alternateName\":\"Crian\u00e7a Natural i Sostenible\",\"potentialAction\":[{\"@type\":\"SearchAction\",\"target\":{\"@type\":\"EntryPoint\",\"urlTemplate\":\"https:\\\/\\\/somllavors.com\\\/es?s={search_term_string}\"},\"query-input\":{\"@type\":\"PropertyValueSpecification\",\"valueRequired\":true,\"valueName\":\"search_term_string\"}}],\"inLanguage\":\"es\"},{\"@type\":[\"Organization\",\"Place\",\"Store\"],\"@id\":\"https:\\\/\\\/somllavors.com\\\/es#organization\",\"name\":\"Som Llavors\",\"alternateName\":\"Crian\u00e7a Natural i Sostenible\",\"url\":\"https:\\\/\\\/somllavors.com\\\/es\",\"logo\":{\"@id\":\"https:\\\/\\\/somllavors.com\\\/es\\\/producte\\\/protector-de-cuna-cream-bemini#local-main-organization-logo\"},\"image\":{\"@id\":\"https:\\\/\\\/somllavors.com\\\/es\\\/producte\\\/protector-de-cuna-cream-bemini#local-main-organization-logo\"},\"sameAs\":[\"https:\\\/\\\/www.facebook.com\\\/somllavorsvng\\\/?locale=ca_ES\",\"https:\\\/\\\/www.instagram.com\\\/somllavors_vng\\\/\",\"https:\\\/\\\/www.youtube.com\\\/@somllavors\"],\"address\":{\"@id\":\"https:\\\/\\\/somllavors.com\\\/es\\\/producte\\\/protector-de-cuna-cream-bemini#local-main-place-address\"},\"geo\":{\"@type\":\"GeoCoordinates\",\"latitude\":\"41.2257737\",\"longitude\":\"1.723258859\"},\"telephone\":[\"623152704\"],\"openingHoursSpecification\":[{\"@type\":\"OpeningHoursSpecification\",\"dayOfWeek\":[\"Monday\",\"Sunday\"],\"opens\":\"00:00\",\"closes\":\"00:00\"},{\"@type\":\"OpeningHoursSpecification\",\"dayOfWeek\":[\"Tuesday\",\"Wednesday\",\"Thursday\",\"Friday\"],\"opens\":\"10:00\",\"closes\":\"20:00\"},{\"@type\":\"OpeningHoursSpecification\",\"dayOfWeek\":[\"Saturday\"],\"opens\":\"10:00\",\"closes\":\"13:30\"}],\"email\":\"info@somllavors.com\"},{\"@type\":\"PostalAddress\",\"@id\":\"https:\\\/\\\/somllavors.com\\\/es\\\/producte\\\/protector-de-cuna-cream-bemini#local-main-place-address\",\"streetAddress\":\"Carrer de l'aigua, 6\",\"addressLocality\":\"Vilanova i la Geltr\u00fa\",\"postalCode\":\"08800\",\"addressRegion\":\"Barcelona\",\"addressCountry\":\"ES\"},{\"@type\":\"ImageObject\",\"inLanguage\":\"es\",\"@id\":\"https:\\\/\\\/somllavors.com\\\/es\\\/producte\\\/protector-de-cuna-cream-bemini#local-main-organization-logo\",\"url\":\"https:\\\/\\\/somllavors.com\\\/wp-content\\\/uploads\\\/Logotip-Som-Llavors.jpg\",\"contentUrl\":\"https:\\\/\\\/somllavors.com\\\/wp-content\\\/uploads\\\/Logotip-Som-Llavors.jpg\",\"width\":1444,\"height\":1323,\"caption\":\"Som Llavors\"}]}<\/script>\n<meta property=\"product:price:amount\" content=\"59.90\" \/>\n<meta property=\"product:price:currency\" content=\"EUR\" \/>\n<meta property=\"og:availability\" content=\"instock\" \/>\n<meta property=\"product:availability\" content=\"instock\" \/>\n<meta property=\"product:retailer_item_id\" content=\"208QUILT29QU\" \/>\n<meta property=\"product:condition\" content=\"new\" \/>\n<meta name=\"geo.placename\" content=\"Vilanova i la Geltr\u00fa\" \/>\n<meta name=\"geo.position\" content=\"41.2257737;1.723258859\" \/>\n<meta name=\"geo.region\" content=\"Espa\u00f1a\" \/>\n<!-- \/ Yoast SEO Premium plugin. -->","yoast_head_json":{"title":"Protector de cuna Cream \u2013 BeMini &#8212; Som Llavors","description":"El protector de cuna de BeMini crea un entorno c\u00e1lido, suave y seguro para tu beb\u00e9.   Confeccionado en punto de algod\u00f3n 100%, con un acolchado de rombos muy fino, ofrece una textura agradable y flexible que combina confort y elegancia.  Un b\u00e1sico esencial para completar la cuna con suavidad, estilo y seguridad.","robots":{"index":"index","follow":"follow","max-snippet":"max-snippet:-1","max-image-preview":"max-image-preview:large","max-video-preview":"max-video-preview:-1"},"canonical":"https:\/\/somllavors.com\/es\/producte\/protector-de-cuna-cream-bemini","og_locale":"es_ES","og_type":"article","og_title":"Protector de cuna Cream \u2013 BeMini","og_description":"La teva botiga d\u2019ecocrian\u00e7a i espai d\u2019acompanyament a la maternitat","og_url":"https:\/\/somllavors.com\/es\/producte\/protector-de-cuna-cream-bemini","og_site_name":"Som Llavors","article_publisher":"https:\/\/www.facebook.com\/somllavorsvng\/?locale=ca_ES","og_image":[{"width":1140,"height":1140,"url":"https:\/\/somllavors.com\/wp-content\/uploads\/2025\/10\/Som-Llavors-be-mini-Protector_de_cuna__parque_Pady_quilted_jersey_30x180cm_QUILT_Cream.webp","type":"image\/webp"}],"twitter_card":"summary_large_image","twitter_misc":{"Precio":"59,90&euro; Iva incl\u00f2s","Availability":"Hay existencias"},"schema":{"@context":"https:\/\/schema.org","@graph":[{"@type":"WebPage","@id":"https:\/\/somllavors.com\/es\/producte\/protector-de-cuna-cream-bemini","url":"https:\/\/somllavors.com\/es\/producte\/protector-de-cuna-cream-bemini","name":"Protector de cuna Cream \u2013 BeMini &#8212; Som Llavors","isPartOf":{"@id":"https:\/\/somllavors.com\/es#website"},"primaryImageOfPage":{"@id":"https:\/\/somllavors.com\/es\/producte\/protector-de-cuna-cream-bemini#primaryimage"},"image":{"@id":"https:\/\/somllavors.com\/es\/producte\/protector-de-cuna-cream-bemini#primaryimage"},"thumbnailUrl":"https:\/\/somllavors.com\/wp-content\/uploads\/2025\/10\/Som-Llavors-be-mini-Protector_de_cuna__parque_Pady_quilted_jersey_30x180cm_QUILT_Cream.webp","datePublished":"2025-10-24T08:46:38+00:00","description":"El protector de cuna de BeMini crea un entorno c\u00e1lido, suave y seguro para tu beb\u00e9. Confeccionado en punto de algod\u00f3n 100%, con un acolchado de rombos muy fino, ofrece una textura agradable y flexible que combina confort y elegancia. Un b\u00e1sico esencial para completar la cuna con suavidad, estilo y seguridad.","breadcrumb":{"@id":"https:\/\/somllavors.com\/es\/producte\/protector-de-cuna-cream-bemini#breadcrumb"},"inLanguage":"es","potentialAction":[{"@type":"ReadAction","target":["https:\/\/somllavors.com\/es\/producte\/protector-de-cuna-cream-bemini"]}]},{"@type":"ImageObject","inLanguage":"es","@id":"https:\/\/somllavors.com\/es\/producte\/protector-de-cuna-cream-bemini#primaryimage","url":"https:\/\/somllavors.com\/wp-content\/uploads\/2025\/10\/Som-Llavors-be-mini-Protector_de_cuna__parque_Pady_quilted_jersey_30x180cm_QUILT_Cream.webp","contentUrl":"https:\/\/somllavors.com\/wp-content\/uploads\/2025\/10\/Som-Llavors-be-mini-Protector_de_cuna__parque_Pady_quilted_jersey_30x180cm_QUILT_Cream.webp","width":1140,"height":1140,"caption":"protector cuna"},{"@type":"BreadcrumbList","@id":"https:\/\/somllavors.com\/es\/producte\/protector-de-cuna-cream-bemini#breadcrumb","itemListElement":[{"@type":"ListItem","position":1,"name":"Inici","item":"https:\/\/somllavors.com\/es"},{"@type":"ListItem","position":2,"name":"Tienda","item":"https:\/\/somllavors.com\/es\/botiga-2"},{"@type":"ListItem","position":3,"name":"Protector de cuna Cream \u2013 BeMini"}]},{"@type":"WebSite","@id":"https:\/\/somllavors.com\/es#website","url":"https:\/\/somllavors.com\/es","name":"Som Llavors","description":"Botiga de crian\u00e7a natural","publisher":{"@id":"https:\/\/somllavors.com\/es#organization"},"alternateName":"Crian\u00e7a Natural i Sostenible","potentialAction":[{"@type":"SearchAction","target":{"@type":"EntryPoint","urlTemplate":"https:\/\/somllavors.com\/es?s={search_term_string}"},"query-input":{"@type":"PropertyValueSpecification","valueRequired":true,"valueName":"search_term_string"}}],"inLanguage":"es"},{"@type":["Organization","Place","Store"],"@id":"https:\/\/somllavors.com\/es#organization","name":"Som Llavors","alternateName":"Crian\u00e7a Natural i Sostenible","url":"https:\/\/somllavors.com\/es","logo":{"@id":"https:\/\/somllavors.com\/es\/producte\/protector-de-cuna-cream-bemini#local-main-organization-logo"},"image":{"@id":"https:\/\/somllavors.com\/es\/producte\/protector-de-cuna-cream-bemini#local-main-organization-logo"},"sameAs":["https:\/\/www.facebook.com\/somllavorsvng\/?locale=ca_ES","https:\/\/www.instagram.com\/somllavors_vng\/","https:\/\/www.youtube.com\/@somllavors"],"address":{"@id":"https:\/\/somllavors.com\/es\/producte\/protector-de-cuna-cream-bemini#local-main-place-address"},"geo":{"@type":"GeoCoordinates","latitude":"41.2257737","longitude":"1.723258859"},"telephone":["623152704","623152704"],"openingHoursSpecification":[{"@type":"OpeningHoursSpecification","dayOfWeek":["Monday","Sunday"],"opens":"00:00","closes":"00:00"},{"@type":"OpeningHoursSpecification","dayOfWeek":["Tuesday","Wednesday","Thursday","Friday"],"opens":"10:00","closes":"20:00"},{"@type":"OpeningHoursSpecification","dayOfWeek":["Saturday"],"opens":"10:00","closes":"13:30"}],"email":"info@somllavors.com"},{"@type":"PostalAddress","@id":"https:\/\/somllavors.com\/es\/producte\/protector-de-cuna-cream-bemini#local-main-place-address","streetAddress":"Carrer de l'aigua, 6","addressLocality":"Vilanova i la Geltr\u00fa","postalCode":"08800","addressRegion":"Barcelona","addressCountry":"ES"},{"@type":"ImageObject","inLanguage":"es","@id":"https:\/\/somllavors.com\/es\/producte\/protector-de-cuna-cream-bemini#local-main-organization-logo","url":"https:\/\/somllavors.com\/wp-content\/uploads\/Logotip-Som-Llavors.jpg","contentUrl":"https:\/\/somllavors.com\/wp-content\/uploads\/Logotip-Som-Llavors.jpg","width":1444,"height":1323,"caption":"Som Llavors"}]},"product_price_amount":"59.90","product_price_currency":"EUR","og_availability":"instock","product_availability":"instock","product_retailer_item_id":"208QUILT29QU","product_condition":"new","geo.placename":"Vilanova i la Geltr\u00fa","geo.position":{"lat":"41.2257737","long":"1.723258859"},"geo.region":"Espa\u00f1a"},"brands":[{"id":5140,"name":"BeMini","slug":"bemini"}],"_links":{"self":[{"href":"https:\/\/somllavors.com\/es\/wp-json\/wp\/v2\/product\/85029","targetHints":{"allow":["GET"]}}],"collection":[{"href":"https:\/\/somllavors.com\/es\/wp-json\/wp\/v2\/product"}],"about":[{"href":"https:\/\/somllavors.com\/es\/wp-json\/wp\/v2\/types\/product"}],"wp:featuredmedia":[{"embeddable":true,"href":"https:\/\/somllavors.com\/es\/wp-json\/wp\/v2\/media\/84206"}],"wp:attachment":[{"href":"https:\/\/somllavors.com\/es\/wp-json\/wp\/v2\/media?parent=85029"}],"wp:term":[{"taxonomy":"pwb-brand","embeddable":true,"href":"https:\/\/somllavors.com\/es\/wp-json\/wp\/v2\/pwb-brand?post=85029"},{"taxonomy":"product_brand","embeddable":true,"href":"https:\/\/somllavors.com\/es\/wp-json\/wp\/v2\/product_brand?post=85029"},{"taxonomy":"product_cat","embeddable":true,"href":"https:\/\/somllavors.com\/es\/wp-json\/wp\/v2\/product_cat?post=85029"},{"taxonomy":"product_tag","embeddable":true,"href":"https:\/\/somllavors.com\/es\/wp-json\/wp\/v2\/product_tag?post=85029"}],"curies":[{"name":"wp","href":"https:\/\/api.w.org\/{rel}","templated":true}]}}