{"id":85032,"date":"2025-10-14T19:19:15","date_gmt":"2025-10-14T17:19:15","guid":{"rendered":"https:\/\/somllavors.com\/producte\/saco-de-dormir-magic-bag-24-36-meses-blush-tog-1-5-bemini"},"modified":"2025-10-14T19:19:15","modified_gmt":"2025-10-14T17:19:15","slug":"saco-de-dormir-magic-bag-24-36-meses-blush-tog-1-5-bemini","status":"publish","type":"product","link":"https:\/\/somllavors.com\/es\/producte\/saco-de-dormir-magic-bag-24-36-meses-blush-tog-1-5-bemini","title":{"rendered":"Saco de dormir Magic Bag 24-36 meses Blush TOG 1.5 &#8211; BeMini"},"content":{"rendered":"<ul>\n<li data-start=\"116\" data-end=\"172\"><strong data-start=\"116\" data-end=\"151\">Medida de la criatura: de 95 a 115 cm<\/strong><\/li>\n<\/ul>\n<p><strong data-start=\"154\" data-end=\"172\">Funcionalidades<\/strong><\/p>\n<p data-start=\"174\" data-end=\"505\">Estudiado y dise\u00f1ado para garantizar el m\u00e1ximo confort y libertad de movimientos, el saco de dormir de BeMini es el mejor aliado para el bienestar del beb\u00e9 durante las siestas y noches tranquilas.<br data-start=\"367\" data-end=\"370\">Ingenioso y pr\u00e1ctico, sus funciones se adaptan a las necesidades y seguridad del beb\u00e9, tanto en casa como en cochecitos y viajes en coche.<\/p>\n<p data-start=\"174\" data-end=\"505\"><img decoding=\"async\" class=\"img-fluid aligncenter\" src=\"https:\/\/www.bemini.be\/img\/Products\/tog\/161%20SIZE%20MB_1.jpg\" alt=\"161 SIZE MB_1.jpg\"><\/p>\n<p data-start=\"507\" data-end=\"679\"><strong data-start=\"507\" data-end=\"535\">1. MANGAS DESMONTABLES<\/strong><br data-start=\"535\" data-end=\"538\">Para garantizar el mejor confort t\u00e9rmico, las mangas son extra\u00edbles. Cuando se retiran, la resistencia t\u00e9rmica inicial se modifica ligeramente. <\/p>\n<p data-start=\"681\" data-end=\"786\"><strong data-start=\"681\" data-end=\"704\">2. CINTURA EL\u00c1STICA<\/strong><br data-start=\"704\" data-end=\"707\">La cintura el\u00e1stica ofrece una sujeci\u00f3n ideal y un confort \u00f3ptimo para el beb\u00e9.<\/p>\n<p data-start=\"788\" data-end=\"1161\"><strong data-start=\"788\" data-end=\"810\">3. TRANSPORTE SEGURO<\/strong><br data-start=\"810\" data-end=\"813\">Gracias al sistema modular de cremallera, la parte inferior del saco puede transformarse f\u00e1cilmente con o sin las piernas separadas.<br data-start=\"941\" data-end=\"944\">Esta caracter\u00edstica es esencial para pasar los cinturones y cerrar correctamente el arn\u00e9s de seguridad lo m\u00e1s cerca posible del cuerpo del beb\u00e9.<br data-start=\"1088\" data-end=\"1091\">Las piernas unidas aportan mayor comodidad y tranquilidad durante el sue\u00f1o.<\/p>\n<p data-start=\"1163\" data-end=\"1374\"><strong data-start=\"1163\" data-end=\"1180\">4. HAPPY FEET<\/strong><br data-start=\"1180\" data-end=\"1183\">Las presillas para los pies, plegadas y cerradas, evitan que los pies peque\u00f1os del beb\u00e9 salgan mientras duerme.<br data-start=\"1287\" data-end=\"1290\">Con la funci\u00f3n de pierna plegable, el beb\u00e9 puede andar c\u00f3modamente cuando no est\u00e1 durmiendo.<\/p>\n<p data-start=\"1376\" data-end=\"1640\"><strong data-start=\"1376\" data-end=\"1397\">5. COMPATIBILIDAD<\/strong><br data-start=\"1397\" data-end=\"1400\">El Magic Bag en posici\u00f3n de piernas abiertas es compatible con todos los modelos de sillitas de coche, capazos y cochecitos con sistemas de sujeci\u00f3n de 3 y 5 puntos.<br data-start=\"1558\" data-end=\"1561\">As\u00ed, tu beb\u00e9 estar\u00e1 bien sujetado tanto si viaja en cochecito como en coche.<\/p>\n<hr data-start=\"1642\" data-end=\"1645\">\n<p data-start=\"1647\" data-end=\"1660\"><strong data-start=\"1647\" data-end=\"1660\">Calidades<\/strong><\/p>\n<p data-start=\"1662\" data-end=\"1962\">Atemporal y elegante, este jersey finamente acolchado con delicadas costuras en forma de rombos proporciona una sensaci\u00f3n pura de confort y bienestar, ideal para gran parte del a\u00f1o.<br data-start=\"1843\" data-end=\"1846\">C\u00e1lido y muy suave, este tejido de doble cara conserva toda su flexibilidad y resistencia, lavado tras lavado.<\/p>\n<ul data-start=\"1964\" data-end=\"2044\">\n<li data-start=\"1964\" data-end=\"1987\">\n<p data-start=\"1966\" data-end=\"1987\">Exterior: 100% algod\u00f3n<\/p>\n<\/li>\n<li data-start=\"1988\" data-end=\"2011\">\n<p data-start=\"1990\" data-end=\"2011\">Interior: 100% algod\u00f3n<\/p>\n<\/li>\n<li data-start=\"2012\" data-end=\"2044\">\n<p data-start=\"2014\" data-end=\"2044\">Forro interior: 100% poli\u00e9ster<\/p>\n<\/li>\n<\/ul>\n<p data-start=\"2046\" data-end=\"2134\"><strong data-start=\"2046\" data-end=\"2066\">Lavable a 30\u00b0C, <\/strong>sin lej\u00eda, no secar a m\u00e1quina, no planchar, no lavar en seco.<\/p>\n<p data-start=\"2136\" data-end=\"2294\">El <strong data-start=\"2279\" data-end=\"2293\">TOG<\/strong> es el \u00edndice que mide la capacidad t\u00e9rmica del producto seg\u00fan la temperatura ambiente. El TOG 1.5 es ideal para temperaturas entre <strong data-start=\"2139\" data-end=\"2146\">18 y 21 \u00b0C.<\/strong> <\/p>\n","protected":false},"excerpt":{"rendered":"<h6 data-start=\"63\" data-end=\"210\">Suave y refinado, este saco de dormir finamente acolchado proporciona un confort t\u00e9rmico ideal para temperaturas ambientales entre 18\u00b0C \u200b\u200by 21\u00b0C.<\/h6>\n<ul>\n<li data-start=\"212\" data-end=\"305\">El <strong data-start=\"244\" data-end=\"258\">Magic Bag\u00ae <\/strong>garantiza comodidad y seguridad.<\/li>\n<li data-start=\"212\" data-end=\"305\"><strong data-start=\"294\" data-end=\"305\">TOG 1,5<\/strong><\/li>\n<\/ul>\n","protected":false},"featured_media":83998,"template":"","meta":{"_acf_changed":false,"site-sidebar-layout":"default","site-content-layout":"","ast-site-content-layout":"default","site-content-style":"default","site-sidebar-style":"default","ast-global-header-display":"","ast-banner-title-visibility":"","ast-main-header-display":"","ast-hfb-above-header-display":"","ast-hfb-below-header-display":"","ast-hfb-mobile-header-display":"","site-post-title":"","ast-breadcrumbs-content":"","ast-featured-img":"","footer-sml-layout":"","ast-disable-related-posts":"","theme-transparent-header-meta":"default","adv-header-id-meta":"","stick-header-meta":"","header-above-stick-meta":"","header-main-stick-meta":"","header-below-stick-meta":"","astra-migrate-meta-layouts":"default","ast-page-background-enabled":"default","ast-page-background-meta":{"desktop":{"background-color":"","background-image":"","background-repeat":"repeat","background-position":"center center","background-size":"auto","background-attachment":"scroll","background-type":"","background-media":"","overlay-type":"","overlay-color":"","overlay-opacity":"","overlay-gradient":""},"tablet":{"background-color":"","background-image":"","background-repeat":"repeat","background-position":"center center","background-size":"auto","background-attachment":"scroll","background-type":"","background-media":"","overlay-type":"","overlay-color":"","overlay-opacity":"","overlay-gradient":""},"mobile":{"background-color":"","background-image":"","background-repeat":"repeat","background-position":"center center","background-size":"auto","background-attachment":"scroll","background-type":"","background-media":"","overlay-type":"","overlay-color":"","overlay-opacity":"","overlay-gradient":""}},"ast-content-background-meta":{"desktop":{"background-color":"var(--ast-global-color-5)","background-image":"","background-repeat":"repeat","background-position":"center center","background-size":"auto","background-attachment":"scroll","background-type":"","background-media":"","overlay-type":"","overlay-color":"","overlay-opacity":"","overlay-gradient":""},"tablet":{"background-color":"var(--ast-global-color-5)","background-image":"","background-repeat":"repeat","background-position":"center center","background-size":"auto","background-attachment":"scroll","background-type":"","background-media":"","overlay-type":"","overlay-color":"","overlay-opacity":"","overlay-gradient":""},"mobile":{"background-color":"var(--ast-global-color-5)","background-image":"","background-repeat":"repeat","background-position":"center center","background-size":"auto","background-attachment":"scroll","background-type":"","background-media":"","overlay-type":"","overlay-color":"","overlay-opacity":"","overlay-gradient":""}}},"pwb-brand":[5140],"product_brand":[],"product_cat":[5863,5148],"product_tag":[5829,5827,5143],"class_list":{"0":"post-85032","1":"product","2":"type-product","3":"status-publish","4":"has-post-thumbnail","6":"pwb-brand-bemini","7":"product_cat-24-36-meses","8":"product_cat-tog-15","9":"product_tag-coto-es","10":"product_tag-sac-de-dormir-es","11":"product_tag-saco-con-piernas","12":"desktop-align-left","13":"tablet-align-left","14":"mobile-align-left","16":"first","17":"instock","18":"taxable","19":"shipping-taxable","20":"purchasable","21":"product-type-simple"},"acf":[],"yoast_head":"<!-- This site is optimized with the Yoast SEO Premium plugin v18.3 (Yoast SEO v27.4) - https:\/\/yoast.com\/product\/yoast-seo-premium-wordpress\/ -->\n<title>Saco de dormir Magic Bag 24-36 meses Blush TOG 1.5 - BeMini &#8212; Som Llavors<\/title>\n<meta name=\"description\" content=\"Suave y refinado, este saco de dormir finamente acolchado proporciona un confort t\u00e9rmico ideal para temperaturas ambientales entre 18\u00b0C \u200b\u200by 21\u00b0C.  El Magic Bag\u00ae garantiza comodidad y seguridad.  TOG 1,5\" \/>\n<meta name=\"robots\" content=\"index, follow, max-snippet:-1, max-image-preview:large, max-video-preview:-1\" \/>\n<link rel=\"canonical\" href=\"https:\/\/somllavors.com\/es\/producte\/saco-de-dormir-magic-bag-24-36-meses-blush-tog-1-5-bemini\" \/>\n<meta property=\"og:locale\" content=\"es_ES\" \/>\n<meta property=\"og:type\" content=\"article\" \/>\n<meta property=\"og:title\" content=\"Saco de dormir Magic Bag 24-36 meses Blush TOG 1.5 - BeMini\" \/>\n<meta property=\"og:description\" content=\"La teva botiga d\u2019ecocrian\u00e7a i espai d\u2019acompanyament a la maternitat\" \/>\n<meta property=\"og:url\" content=\"https:\/\/somllavors.com\/es\/producte\/saco-de-dormir-magic-bag-24-36-meses-blush-tog-1-5-bemini\" \/>\n<meta property=\"og:site_name\" content=\"Som Llavors\" \/>\n<meta property=\"article:publisher\" content=\"https:\/\/www.facebook.com\/somllavorsvng\/?locale=ca_ES\" \/>\n<meta property=\"og:image\" content=\"https:\/\/somllavors.com\/wp-content\/uploads\/2025\/10\/Som-Llavors-MAGIC_BAG_Pady_quilted_jersey_24-36m_QUILT_Blush-be-mini-.webp\" \/>\n\t<meta property=\"og:image:width\" content=\"1140\" \/>\n\t<meta property=\"og:image:height\" content=\"1140\" \/>\n\t<meta property=\"og:image:type\" content=\"image\/webp\" \/>\n<meta name=\"twitter:card\" content=\"summary_large_image\" \/>\n<meta name=\"twitter:label1\" content=\"Precio\" \/>\n\t<meta name=\"twitter:data1\" content=\"84,90&euro; Iva incl\u00f2s\" \/>\n\t<meta name=\"twitter:label2\" content=\"Availability\" \/>\n\t<meta name=\"twitter:data2\" content=\"Hay existencias\" \/>\n<script type=\"application\/ld+json\" class=\"yoast-schema-graph\">{\"@context\":\"https:\\\/\\\/schema.org\",\"@graph\":[{\"@type\":\"WebPage\",\"@id\":\"https:\\\/\\\/somllavors.com\\\/es\\\/producte\\\/saco-de-dormir-magic-bag-24-36-meses-blush-tog-1-5-bemini\",\"url\":\"https:\\\/\\\/somllavors.com\\\/es\\\/producte\\\/saco-de-dormir-magic-bag-24-36-meses-blush-tog-1-5-bemini\",\"name\":\"Saco de dormir Magic Bag 24-36 meses Blush TOG 1.5 - BeMini &#8212; Som Llavors\",\"isPartOf\":{\"@id\":\"https:\\\/\\\/somllavors.com\\\/es#website\"},\"primaryImageOfPage\":{\"@id\":\"https:\\\/\\\/somllavors.com\\\/es\\\/producte\\\/saco-de-dormir-magic-bag-24-36-meses-blush-tog-1-5-bemini#primaryimage\"},\"image\":{\"@id\":\"https:\\\/\\\/somllavors.com\\\/es\\\/producte\\\/saco-de-dormir-magic-bag-24-36-meses-blush-tog-1-5-bemini#primaryimage\"},\"thumbnailUrl\":\"https:\\\/\\\/somllavors.com\\\/wp-content\\\/uploads\\\/2025\\\/10\\\/Som-Llavors-MAGIC_BAG_Pady_quilted_jersey_24-36m_QUILT_Blush-be-mini-.webp\",\"datePublished\":\"2025-10-14T17:19:15+00:00\",\"description\":\"Suave y refinado, este saco de dormir finamente acolchado proporciona un confort t\u00e9rmico ideal para temperaturas ambientales entre 18\u00b0C \u200b\u200by 21\u00b0C. El Magic Bag\u00ae garantiza comodidad y seguridad. TOG 1,5\",\"breadcrumb\":{\"@id\":\"https:\\\/\\\/somllavors.com\\\/es\\\/producte\\\/saco-de-dormir-magic-bag-24-36-meses-blush-tog-1-5-bemini#breadcrumb\"},\"inLanguage\":\"es\",\"potentialAction\":[{\"@type\":\"ReadAction\",\"target\":[\"https:\\\/\\\/somllavors.com\\\/es\\\/producte\\\/saco-de-dormir-magic-bag-24-36-meses-blush-tog-1-5-bemini\"]}]},{\"@type\":\"ImageObject\",\"inLanguage\":\"es\",\"@id\":\"https:\\\/\\\/somllavors.com\\\/es\\\/producte\\\/saco-de-dormir-magic-bag-24-36-meses-blush-tog-1-5-bemini#primaryimage\",\"url\":\"https:\\\/\\\/somllavors.com\\\/wp-content\\\/uploads\\\/2025\\\/10\\\/Som-Llavors-MAGIC_BAG_Pady_quilted_jersey_24-36m_QUILT_Blush-be-mini-.webp\",\"contentUrl\":\"https:\\\/\\\/somllavors.com\\\/wp-content\\\/uploads\\\/2025\\\/10\\\/Som-Llavors-MAGIC_BAG_Pady_quilted_jersey_24-36m_QUILT_Blush-be-mini-.webp\",\"width\":1140,\"height\":1140,\"caption\":\"pijama manta\"},{\"@type\":\"BreadcrumbList\",\"@id\":\"https:\\\/\\\/somllavors.com\\\/es\\\/producte\\\/saco-de-dormir-magic-bag-24-36-meses-blush-tog-1-5-bemini#breadcrumb\",\"itemListElement\":[{\"@type\":\"ListItem\",\"position\":1,\"name\":\"Inici\",\"item\":\"https:\\\/\\\/somllavors.com\\\/es\"},{\"@type\":\"ListItem\",\"position\":2,\"name\":\"Tienda\",\"item\":\"https:\\\/\\\/somllavors.com\\\/es\\\/botiga-2\"},{\"@type\":\"ListItem\",\"position\":3,\"name\":\"Saco de dormir Magic Bag 24-36 meses Blush TOG 1.5 &#8211; BeMini\"}]},{\"@type\":\"WebSite\",\"@id\":\"https:\\\/\\\/somllavors.com\\\/es#website\",\"url\":\"https:\\\/\\\/somllavors.com\\\/es\",\"name\":\"Som Llavors\",\"description\":\"Botiga de crian\u00e7a natural\",\"publisher\":{\"@id\":\"https:\\\/\\\/somllavors.com\\\/es#organization\"},\"alternateName\":\"Crian\u00e7a Natural i Sostenible\",\"potentialAction\":[{\"@type\":\"SearchAction\",\"target\":{\"@type\":\"EntryPoint\",\"urlTemplate\":\"https:\\\/\\\/somllavors.com\\\/es?s={search_term_string}\"},\"query-input\":{\"@type\":\"PropertyValueSpecification\",\"valueRequired\":true,\"valueName\":\"search_term_string\"}}],\"inLanguage\":\"es\"},{\"@type\":[\"Organization\",\"Place\",\"Store\"],\"@id\":\"https:\\\/\\\/somllavors.com\\\/es#organization\",\"name\":\"Som Llavors\",\"alternateName\":\"Crian\u00e7a Natural i Sostenible\",\"url\":\"https:\\\/\\\/somllavors.com\\\/es\",\"logo\":{\"@id\":\"https:\\\/\\\/somllavors.com\\\/es\\\/producte\\\/saco-de-dormir-magic-bag-24-36-meses-blush-tog-1-5-bemini#local-main-organization-logo\"},\"image\":{\"@id\":\"https:\\\/\\\/somllavors.com\\\/es\\\/producte\\\/saco-de-dormir-magic-bag-24-36-meses-blush-tog-1-5-bemini#local-main-organization-logo\"},\"sameAs\":[\"https:\\\/\\\/www.facebook.com\\\/somllavorsvng\\\/?locale=ca_ES\",\"https:\\\/\\\/www.instagram.com\\\/somllavors_vng\\\/\",\"https:\\\/\\\/www.youtube.com\\\/@somllavors\"],\"address\":{\"@id\":\"https:\\\/\\\/somllavors.com\\\/es\\\/producte\\\/saco-de-dormir-magic-bag-24-36-meses-blush-tog-1-5-bemini#local-main-place-address\"},\"geo\":{\"@type\":\"GeoCoordinates\",\"latitude\":\"41.2257737\",\"longitude\":\"1.723258859\"},\"telephone\":[\"623152704\"],\"openingHoursSpecification\":[{\"@type\":\"OpeningHoursSpecification\",\"dayOfWeek\":[\"Monday\",\"Sunday\"],\"opens\":\"00:00\",\"closes\":\"00:00\"},{\"@type\":\"OpeningHoursSpecification\",\"dayOfWeek\":[\"Tuesday\",\"Wednesday\",\"Thursday\",\"Friday\"],\"opens\":\"10:00\",\"closes\":\"20:00\"},{\"@type\":\"OpeningHoursSpecification\",\"dayOfWeek\":[\"Saturday\"],\"opens\":\"10:00\",\"closes\":\"13:30\"}],\"email\":\"info@somllavors.com\"},{\"@type\":\"PostalAddress\",\"@id\":\"https:\\\/\\\/somllavors.com\\\/es\\\/producte\\\/saco-de-dormir-magic-bag-24-36-meses-blush-tog-1-5-bemini#local-main-place-address\",\"streetAddress\":\"Carrer de l'aigua, 6\",\"addressLocality\":\"Vilanova i la Geltr\u00fa\",\"postalCode\":\"08800\",\"addressRegion\":\"Barcelona\",\"addressCountry\":\"ES\"},{\"@type\":\"ImageObject\",\"inLanguage\":\"es\",\"@id\":\"https:\\\/\\\/somllavors.com\\\/es\\\/producte\\\/saco-de-dormir-magic-bag-24-36-meses-blush-tog-1-5-bemini#local-main-organization-logo\",\"url\":\"https:\\\/\\\/somllavors.com\\\/wp-content\\\/uploads\\\/Logotip-Som-Llavors.jpg\",\"contentUrl\":\"https:\\\/\\\/somllavors.com\\\/wp-content\\\/uploads\\\/Logotip-Som-Llavors.jpg\",\"width\":1444,\"height\":1323,\"caption\":\"Som Llavors\"}]}<\/script>\n<meta property=\"product:price:amount\" content=\"84.90\" \/>\n<meta property=\"product:price:currency\" content=\"EUR\" \/>\n<meta property=\"og:availability\" content=\"instock\" \/>\n<meta property=\"product:availability\" content=\"instock\" \/>\n<meta property=\"product:retailer_item_id\" content=\"193QUILT44QU\" \/>\n<meta property=\"product:condition\" content=\"new\" \/>\n<meta name=\"geo.placename\" content=\"Vilanova i la Geltr\u00fa\" \/>\n<meta name=\"geo.position\" content=\"41.2257737;1.723258859\" \/>\n<meta name=\"geo.region\" content=\"Espa\u00f1a\" \/>\n<!-- \/ Yoast SEO Premium plugin. -->","yoast_head_json":{"title":"Saco de dormir Magic Bag 24-36 meses Blush TOG 1.5 - BeMini &#8212; Som Llavors","description":"Suave y refinado, este saco de dormir finamente acolchado proporciona un confort t\u00e9rmico ideal para temperaturas ambientales entre 18\u00b0C \u200b\u200by 21\u00b0C.  El Magic Bag\u00ae garantiza comodidad y seguridad.  TOG 1,5","robots":{"index":"index","follow":"follow","max-snippet":"max-snippet:-1","max-image-preview":"max-image-preview:large","max-video-preview":"max-video-preview:-1"},"canonical":"https:\/\/somllavors.com\/es\/producte\/saco-de-dormir-magic-bag-24-36-meses-blush-tog-1-5-bemini","og_locale":"es_ES","og_type":"article","og_title":"Saco de dormir Magic Bag 24-36 meses Blush TOG 1.5 - BeMini","og_description":"La teva botiga d\u2019ecocrian\u00e7a i espai d\u2019acompanyament a la maternitat","og_url":"https:\/\/somllavors.com\/es\/producte\/saco-de-dormir-magic-bag-24-36-meses-blush-tog-1-5-bemini","og_site_name":"Som Llavors","article_publisher":"https:\/\/www.facebook.com\/somllavorsvng\/?locale=ca_ES","og_image":[{"width":1140,"height":1140,"url":"https:\/\/somllavors.com\/wp-content\/uploads\/2025\/10\/Som-Llavors-MAGIC_BAG_Pady_quilted_jersey_24-36m_QUILT_Blush-be-mini-.webp","type":"image\/webp"}],"twitter_card":"summary_large_image","twitter_misc":{"Precio":"84,90&euro; Iva incl\u00f2s","Availability":"Hay existencias"},"schema":{"@context":"https:\/\/schema.org","@graph":[{"@type":"WebPage","@id":"https:\/\/somllavors.com\/es\/producte\/saco-de-dormir-magic-bag-24-36-meses-blush-tog-1-5-bemini","url":"https:\/\/somllavors.com\/es\/producte\/saco-de-dormir-magic-bag-24-36-meses-blush-tog-1-5-bemini","name":"Saco de dormir Magic Bag 24-36 meses Blush TOG 1.5 - BeMini &#8212; Som Llavors","isPartOf":{"@id":"https:\/\/somllavors.com\/es#website"},"primaryImageOfPage":{"@id":"https:\/\/somllavors.com\/es\/producte\/saco-de-dormir-magic-bag-24-36-meses-blush-tog-1-5-bemini#primaryimage"},"image":{"@id":"https:\/\/somllavors.com\/es\/producte\/saco-de-dormir-magic-bag-24-36-meses-blush-tog-1-5-bemini#primaryimage"},"thumbnailUrl":"https:\/\/somllavors.com\/wp-content\/uploads\/2025\/10\/Som-Llavors-MAGIC_BAG_Pady_quilted_jersey_24-36m_QUILT_Blush-be-mini-.webp","datePublished":"2025-10-14T17:19:15+00:00","description":"Suave y refinado, este saco de dormir finamente acolchado proporciona un confort t\u00e9rmico ideal para temperaturas ambientales entre 18\u00b0C \u200b\u200by 21\u00b0C. El Magic Bag\u00ae garantiza comodidad y seguridad. TOG 1,5","breadcrumb":{"@id":"https:\/\/somllavors.com\/es\/producte\/saco-de-dormir-magic-bag-24-36-meses-blush-tog-1-5-bemini#breadcrumb"},"inLanguage":"es","potentialAction":[{"@type":"ReadAction","target":["https:\/\/somllavors.com\/es\/producte\/saco-de-dormir-magic-bag-24-36-meses-blush-tog-1-5-bemini"]}]},{"@type":"ImageObject","inLanguage":"es","@id":"https:\/\/somllavors.com\/es\/producte\/saco-de-dormir-magic-bag-24-36-meses-blush-tog-1-5-bemini#primaryimage","url":"https:\/\/somllavors.com\/wp-content\/uploads\/2025\/10\/Som-Llavors-MAGIC_BAG_Pady_quilted_jersey_24-36m_QUILT_Blush-be-mini-.webp","contentUrl":"https:\/\/somllavors.com\/wp-content\/uploads\/2025\/10\/Som-Llavors-MAGIC_BAG_Pady_quilted_jersey_24-36m_QUILT_Blush-be-mini-.webp","width":1140,"height":1140,"caption":"pijama manta"},{"@type":"BreadcrumbList","@id":"https:\/\/somllavors.com\/es\/producte\/saco-de-dormir-magic-bag-24-36-meses-blush-tog-1-5-bemini#breadcrumb","itemListElement":[{"@type":"ListItem","position":1,"name":"Inici","item":"https:\/\/somllavors.com\/es"},{"@type":"ListItem","position":2,"name":"Tienda","item":"https:\/\/somllavors.com\/es\/botiga-2"},{"@type":"ListItem","position":3,"name":"Saco de dormir Magic Bag 24-36 meses Blush TOG 1.5 &#8211; BeMini"}]},{"@type":"WebSite","@id":"https:\/\/somllavors.com\/es#website","url":"https:\/\/somllavors.com\/es","name":"Som Llavors","description":"Botiga de crian\u00e7a natural","publisher":{"@id":"https:\/\/somllavors.com\/es#organization"},"alternateName":"Crian\u00e7a Natural i Sostenible","potentialAction":[{"@type":"SearchAction","target":{"@type":"EntryPoint","urlTemplate":"https:\/\/somllavors.com\/es?s={search_term_string}"},"query-input":{"@type":"PropertyValueSpecification","valueRequired":true,"valueName":"search_term_string"}}],"inLanguage":"es"},{"@type":["Organization","Place","Store"],"@id":"https:\/\/somllavors.com\/es#organization","name":"Som Llavors","alternateName":"Crian\u00e7a Natural i Sostenible","url":"https:\/\/somllavors.com\/es","logo":{"@id":"https:\/\/somllavors.com\/es\/producte\/saco-de-dormir-magic-bag-24-36-meses-blush-tog-1-5-bemini#local-main-organization-logo"},"image":{"@id":"https:\/\/somllavors.com\/es\/producte\/saco-de-dormir-magic-bag-24-36-meses-blush-tog-1-5-bemini#local-main-organization-logo"},"sameAs":["https:\/\/www.facebook.com\/somllavorsvng\/?locale=ca_ES","https:\/\/www.instagram.com\/somllavors_vng\/","https:\/\/www.youtube.com\/@somllavors"],"address":{"@id":"https:\/\/somllavors.com\/es\/producte\/saco-de-dormir-magic-bag-24-36-meses-blush-tog-1-5-bemini#local-main-place-address"},"geo":{"@type":"GeoCoordinates","latitude":"41.2257737","longitude":"1.723258859"},"telephone":["623152704","623152704"],"openingHoursSpecification":[{"@type":"OpeningHoursSpecification","dayOfWeek":["Monday","Sunday"],"opens":"00:00","closes":"00:00"},{"@type":"OpeningHoursSpecification","dayOfWeek":["Tuesday","Wednesday","Thursday","Friday"],"opens":"10:00","closes":"20:00"},{"@type":"OpeningHoursSpecification","dayOfWeek":["Saturday"],"opens":"10:00","closes":"13:30"}],"email":"info@somllavors.com"},{"@type":"PostalAddress","@id":"https:\/\/somllavors.com\/es\/producte\/saco-de-dormir-magic-bag-24-36-meses-blush-tog-1-5-bemini#local-main-place-address","streetAddress":"Carrer de l'aigua, 6","addressLocality":"Vilanova i la Geltr\u00fa","postalCode":"08800","addressRegion":"Barcelona","addressCountry":"ES"},{"@type":"ImageObject","inLanguage":"es","@id":"https:\/\/somllavors.com\/es\/producte\/saco-de-dormir-magic-bag-24-36-meses-blush-tog-1-5-bemini#local-main-organization-logo","url":"https:\/\/somllavors.com\/wp-content\/uploads\/Logotip-Som-Llavors.jpg","contentUrl":"https:\/\/somllavors.com\/wp-content\/uploads\/Logotip-Som-Llavors.jpg","width":1444,"height":1323,"caption":"Som Llavors"}]},"product_price_amount":"84.90","product_price_currency":"EUR","og_availability":"instock","product_availability":"instock","product_retailer_item_id":"193QUILT44QU","product_condition":"new","geo.placename":"Vilanova i la Geltr\u00fa","geo.position":{"lat":"41.2257737","long":"1.723258859"},"geo.region":"Espa\u00f1a"},"brands":[{"id":5140,"name":"BeMini","slug":"bemini"}],"_links":{"self":[{"href":"https:\/\/somllavors.com\/es\/wp-json\/wp\/v2\/product\/85032","targetHints":{"allow":["GET"]}}],"collection":[{"href":"https:\/\/somllavors.com\/es\/wp-json\/wp\/v2\/product"}],"about":[{"href":"https:\/\/somllavors.com\/es\/wp-json\/wp\/v2\/types\/product"}],"wp:featuredmedia":[{"embeddable":true,"href":"https:\/\/somllavors.com\/es\/wp-json\/wp\/v2\/media\/83998"}],"wp:attachment":[{"href":"https:\/\/somllavors.com\/es\/wp-json\/wp\/v2\/media?parent=85032"}],"wp:term":[{"taxonomy":"pwb-brand","embeddable":true,"href":"https:\/\/somllavors.com\/es\/wp-json\/wp\/v2\/pwb-brand?post=85032"},{"taxonomy":"product_brand","embeddable":true,"href":"https:\/\/somllavors.com\/es\/wp-json\/wp\/v2\/product_brand?post=85032"},{"taxonomy":"product_cat","embeddable":true,"href":"https:\/\/somllavors.com\/es\/wp-json\/wp\/v2\/product_cat?post=85032"},{"taxonomy":"product_tag","embeddable":true,"href":"https:\/\/somllavors.com\/es\/wp-json\/wp\/v2\/product_tag?post=85032"}],"curies":[{"name":"wp","href":"https:\/\/api.w.org\/{rel}","templated":true}]}}