{"id":85085,"date":"2025-09-29T13:12:03","date_gmt":"2025-09-29T11:12:03","guid":{"rendered":"https:\/\/somllavors.com\/producte\/bundle-silla-beyond%c2%b2-b-base-isofix-40-125-cms-a-contramarcha-besafe"},"modified":"2025-09-29T13:12:03","modified_gmt":"2025-09-29T11:12:03","slug":"bundle-silla-beyond%c2%b2-b-base-isofix-40-125-cms-a-contramarcha-besafe","status":"publish","type":"product","link":"https:\/\/somllavors.com\/es\/producte\/bundle-silla-beyond%c2%b2-b-base-isofix-40-125-cms-a-contramarcha-besafe","title":{"rendered":"Bundle Silla Beyond\u00b2 B + Base IsoFix (40 &#8211; 125 cms) a contramarcha &#8211; BeSafe"},"content":{"rendered":"<p>Instalaci\u00f3n sencilla. Baby Shell se encaja de forma segura con dos conectores. <\/p>\n<p>F\u00e1cil de manejar con una sola mano. Rotaci\u00f3n sin esfuerzo y posiciones de reclinado ajustables, todo esto f\u00e1cilmente manejable con una sola mano. <\/p>\n<p>Muy ligera. Nuevos materiales exclusivos que la hacen m\u00e1s resistente y ligera. Facilidad para que los padres viajen y puedan cambiar las sillas de un coche a otro.  <\/p>\n<p>&nbsp;<\/p>\n<h3>Caracter\u00edsticas principales de Beyond\u00b2 B<\/h3>\n<ul>\n<li>desde 40 cm hasta 125 cm<\/li>\n<li>primer sistema de rotaci\u00f3n del mundo: se extiende desde reci\u00e9n nacido hasta los seis a\u00f1os<\/li>\n<li>el reductor BabyShell\u2122 m\u00e1s innovador y fiable<\/li>\n<li>nuevo dise\u00f1o para facilitar la instalaci\u00f3n, mismos principios de protecci\u00f3n<\/li>\n<li>se encaja en los puntos de enganche fijos y facilita el paso del cintur\u00f3n desde la parte delantera<\/li>\n<li>paredes laterales con Dynamic Force Absorber\u2122<\/li>\n<li>la cu\u00f1a trasera favorece una posici\u00f3n natural y abierta de las v\u00edas respiratorias para que la cabeza del beb\u00e9 se incline completamente hacia atr\u00e1s con el cuello recto<\/li>\n<\/ul>\n<p>11 posiciones de reposacabezas diferentes y se puede utilizar hasta los 125 cm de altura.<\/p>\n<p>Instalaci\u00f3n sencilla<\/p>\n<p>El reductor Baby Shell se encaja de forma segura con dos conectores.<\/p>\n<p>Gu\u00eda de arneses<\/p>\n<p>Coloca f\u00e1cilmente el arn\u00e9s desde la parte delantera en BabyShell\u2122, lo que garantiza un ajuste seguro.<\/p>\n<p>Paredes laterales con Dynamic Force Absorber\u2122<\/p>\n<p>Fabricado con material EPP, protege a tu hijo en caso de colisi\u00f3n.<\/p>\n<p>Posiciones de reclinado flexible<\/p>\n<p>Puede utilizarse con cualquier \u00e1ngulo de reclinaci\u00f3n con el reductor para beb\u00e9s, lo que garantiza una posici\u00f3n c\u00f3moda y ergon\u00f3mica.<\/p>\n<p>La cu\u00f1a trasera favorece una posici\u00f3n natural y abierta de las v\u00edas respiratorias<\/p>\n<p>Para que la cabeza del beb\u00e9 se incline completamente hacia atr\u00e1s con el cuello recto.<\/p>\n<p>Base de construcci\u00f3n \u00fanica desde su nacimiento hasta aprox. 6 a\u00f1os. <\/p>\n<p>&nbsp;<\/p>\n<p>El reductor BabyShell\u2122 m\u00e1s innovador y fiable<br \/>\nSe encaja en los puntos de conexi\u00f3n fijos y facilita el paso del cintur\u00f3n desde la parte delantera.<\/p>\n<p>La cu\u00f1a trasera favorece una posici\u00f3n natural y abierta de las v\u00edas respiratorias para que la cabeza del beb\u00e9 se incline completamente hacia atr\u00e1s con el cuello recto.<\/p>\n<p>Paredes laterales con Dynamic Force Absorber\u2122.<\/p>\n<p>Informaci\u00f3n t\u00e9cnica<br \/>\naltura 40 &#8211; 125 cm<\/p>\n<p>altura con reductor para beb\u00e9s 40 &#8211; 75 cm<\/p>\n<p>altura sin reductor para beb\u00e9s 61 &#8211; 125 cm<\/p>\n<p>peso m\u00e1x. 22 kg <\/p>\n<p>edad Aprox. 0-6 a\u00f1os <\/p>\n<p>instalaci\u00f3n ISOfix con base<\/p>\n<p>sentido A contramarcha<\/p>\n<p>homologaci\u00f3n UN R129<\/p>\n<p>*el rango de edad indicado es s\u00f3lo una referencia basada en valores promedio y no limita ni garantiza el tiempo de uso.<\/p>\n","protected":false},"excerpt":{"rendered":"<h2>Nueva Silla Beyond\u00b2 B de BeSafe<\/h2>\n<p>Beyond\u00b2 B de BeSafe: una silla de coche desde el nacimiento hasta los 6 a\u00f1os. La primera silla con base rotatoria* homologada desde su nacimiento hasta 125 cm. Crece con el ni\u00f1o con 11 posiciones distintas del reposacabezas y espacio ajustable para las piernas.  <\/p>\n<p>SOLO DISPONIBLE EN BOTIFA F\u00cdSICA. BeSafe no permite la venta online de este producto para garantizar un buen asesoramiento y una instalaci\u00f3n por parte de un distribuidor autorizado como Som Llavors. <\/p>\n","protected":false},"featured_media":81732,"template":"","meta":{"_acf_changed":false,"site-sidebar-layout":"default","site-content-layout":"","ast-site-content-layout":"default","site-content-style":"default","site-sidebar-style":"default","ast-global-header-display":"","ast-banner-title-visibility":"","ast-main-header-display":"","ast-hfb-above-header-display":"","ast-hfb-below-header-display":"","ast-hfb-mobile-header-display":"","site-post-title":"","ast-breadcrumbs-content":"","ast-featured-img":"","footer-sml-layout":"","ast-disable-related-posts":"","theme-transparent-header-meta":"default","adv-header-id-meta":"","stick-header-meta":"","header-above-stick-meta":"","header-main-stick-meta":"","header-below-stick-meta":"","astra-migrate-meta-layouts":"default","ast-page-background-enabled":"default","ast-page-background-meta":{"desktop":{"background-color":"","background-image":"","background-repeat":"repeat","background-position":"center center","background-size":"auto","background-attachment":"scroll","background-type":"","background-media":"","overlay-type":"","overlay-color":"","overlay-opacity":"","overlay-gradient":""},"tablet":{"background-color":"","background-image":"","background-repeat":"repeat","background-position":"center center","background-size":"auto","background-attachment":"scroll","background-type":"","background-media":"","overlay-type":"","overlay-color":"","overlay-opacity":"","overlay-gradient":""},"mobile":{"background-color":"","background-image":"","background-repeat":"repeat","background-position":"center center","background-size":"auto","background-attachment":"scroll","background-type":"","background-media":"","overlay-type":"","overlay-color":"","overlay-opacity":"","overlay-gradient":""}},"ast-content-background-meta":{"desktop":{"background-color":"var(--ast-global-color-5)","background-image":"","background-repeat":"repeat","background-position":"center center","background-size":"auto","background-attachment":"scroll","background-type":"","background-media":"","overlay-type":"","overlay-color":"","overlay-opacity":"","overlay-gradient":""},"tablet":{"background-color":"var(--ast-global-color-5)","background-image":"","background-repeat":"repeat","background-position":"center center","background-size":"auto","background-attachment":"scroll","background-type":"","background-media":"","overlay-type":"","overlay-color":"","overlay-opacity":"","overlay-gradient":""},"mobile":{"background-color":"var(--ast-global-color-5)","background-image":"","background-repeat":"repeat","background-position":"center center","background-size":"auto","background-attachment":"scroll","background-type":"","background-media":"","overlay-type":"","overlay-color":"","overlay-opacity":"","overlay-gradient":""}}},"pwb-brand":[4119],"product_brand":[],"product_cat":[6065],"product_tag":[3797,5884,5722],"class_list":{"0":"post-85085","1":"product","2":"type-product","3":"status-publish","4":"has-post-thumbnail","6":"pwb-brand-besafe","7":"product_cat-besafe","8":"product_tag-besafe-es","9":"product_tag-beyond","10":"product_tag-beyond2-b-es","11":"desktop-align-left","12":"tablet-align-left","13":"mobile-align-left","15":"first","16":"instock","17":"sale","18":"taxable","19":"shipping-taxable","20":"purchasable","21":"product-type-variable"},"acf":[],"yoast_head":"<!-- This site is optimized with the Yoast SEO Premium plugin v18.3 (Yoast SEO v27.4) - https:\/\/yoast.com\/product\/yoast-seo-premium-wordpress\/ -->\n<title>Bundle Silla Beyond\u00b2 B + Base IsoFix (40 - 125 cms) a contramarcha - BeSafe &#8212; Som Llavors<\/title>\n<meta name=\"description\" content=\"Nueva Silla Beyond\u00b2 B de BeSafe Beyond\u00b2 B de BeSafe: una silla de coche desde el nacimiento hasta los 6 a\u00f1os. La primera silla con base rotatoria* homologada desde su nacimiento hasta 125 cm. Crece con el ni\u00f1o con 11 posiciones distintas del reposacabezas y espacio ajustable para las piernas.  SOLO DISPONIBLE EN BOTIFA F\u00cdSICA. BeSafe no permite la venta online de este producto para garantizar un buen asesoramiento y una instalaci\u00f3n por parte de un distribuidor autorizado como Som Llavors.\" \/>\n<meta name=\"robots\" content=\"index, follow, max-snippet:-1, max-image-preview:large, max-video-preview:-1\" \/>\n<link rel=\"canonical\" href=\"https:\/\/somllavors.com\/es\/producte\/bundle-silla-beyond%c2%b2-b-base-isofix-40-125-cms-a-contramarcha-besafe\" \/>\n<meta property=\"og:locale\" content=\"es_ES\" \/>\n<meta property=\"og:type\" content=\"article\" \/>\n<meta property=\"og:title\" content=\"Bundle Silla Beyond\u00b2 B + Base IsoFix (40 - 125 cms) a contramarcha - BeSafe\" \/>\n<meta property=\"og:description\" content=\"La teva botiga d\u2019ecocrian\u00e7a i espai d\u2019acompanyament a la maternitat\" \/>\n<meta property=\"og:url\" content=\"https:\/\/somllavors.com\/es\/producte\/bundle-silla-beyond%c2%b2-b-base-isofix-40-125-cms-a-contramarcha-besafe\" \/>\n<meta property=\"og:site_name\" content=\"Som Llavors\" \/>\n<meta property=\"article:publisher\" content=\"https:\/\/www.facebook.com\/somllavorsvng\/?locale=ca_ES\" \/>\n<meta property=\"og:image\" content=\"https:\/\/somllavors.com\/wp-content\/uploads\/2025\/08\/Som-Llavors-Beyond2-B-6.jpg\" \/>\n\t<meta property=\"og:image:width\" content=\"1080\" \/>\n\t<meta property=\"og:image:height\" content=\"1080\" \/>\n\t<meta property=\"og:image:type\" content=\"image\/jpeg\" \/>\n<meta name=\"twitter:card\" content=\"summary_large_image\" \/>\n<meta name=\"twitter:label1\" content=\"Availability\" \/>\n\t<meta name=\"twitter:data1\" content=\"Hay existencias\" \/>\n<script type=\"application\/ld+json\" class=\"yoast-schema-graph\">{\"@context\":\"https:\\\/\\\/schema.org\",\"@graph\":[{\"@type\":\"WebPage\",\"@id\":\"https:\\\/\\\/somllavors.com\\\/es\\\/producte\\\/bundle-silla-beyond%c2%b2-b-base-isofix-40-125-cms-a-contramarcha-besafe\",\"url\":\"https:\\\/\\\/somllavors.com\\\/es\\\/producte\\\/bundle-silla-beyond%c2%b2-b-base-isofix-40-125-cms-a-contramarcha-besafe\",\"name\":\"Bundle Silla Beyond\u00b2 B + Base IsoFix (40 - 125 cms) a contramarcha - BeSafe &#8212; Som Llavors\",\"isPartOf\":{\"@id\":\"https:\\\/\\\/somllavors.com\\\/es#website\"},\"primaryImageOfPage\":{\"@id\":\"https:\\\/\\\/somllavors.com\\\/es\\\/producte\\\/bundle-silla-beyond%c2%b2-b-base-isofix-40-125-cms-a-contramarcha-besafe#primaryimage\"},\"image\":{\"@id\":\"https:\\\/\\\/somllavors.com\\\/es\\\/producte\\\/bundle-silla-beyond%c2%b2-b-base-isofix-40-125-cms-a-contramarcha-besafe#primaryimage\"},\"thumbnailUrl\":\"https:\\\/\\\/somllavors.com\\\/wp-content\\\/uploads\\\/2025\\\/08\\\/Som-Llavors-Beyond2-B-6.jpg\",\"datePublished\":\"2025-09-29T11:12:03+00:00\",\"description\":\"Nueva Silla Beyond\u00b2 B de BeSafe Beyond\u00b2 B de BeSafe: una silla de coche desde el nacimiento hasta los 6 a\u00f1os. La primera silla con base rotatoria* homologada desde su nacimiento hasta 125 cm. Crece con el ni\u00f1o con 11 posiciones distintas del reposacabezas y espacio ajustable para las piernas. SOLO DISPONIBLE EN BOTIFA F\u00cdSICA. BeSafe no permite la venta online de este producto para garantizar un buen asesoramiento y una instalaci\u00f3n por parte de un distribuidor autorizado como Som Llavors.\",\"breadcrumb\":{\"@id\":\"https:\\\/\\\/somllavors.com\\\/es\\\/producte\\\/bundle-silla-beyond%c2%b2-b-base-isofix-40-125-cms-a-contramarcha-besafe#breadcrumb\"},\"inLanguage\":\"es\",\"potentialAction\":[{\"@type\":\"ReadAction\",\"target\":[\"https:\\\/\\\/somllavors.com\\\/es\\\/producte\\\/bundle-silla-beyond%c2%b2-b-base-isofix-40-125-cms-a-contramarcha-besafe\"]}]},{\"@type\":\"ImageObject\",\"inLanguage\":\"es\",\"@id\":\"https:\\\/\\\/somllavors.com\\\/es\\\/producte\\\/bundle-silla-beyond%c2%b2-b-base-isofix-40-125-cms-a-contramarcha-besafe#primaryimage\",\"url\":\"https:\\\/\\\/somllavors.com\\\/wp-content\\\/uploads\\\/2025\\\/08\\\/Som-Llavors-Beyond2-B-6.jpg\",\"contentUrl\":\"https:\\\/\\\/somllavors.com\\\/wp-content\\\/uploads\\\/2025\\\/08\\\/Som-Llavors-Beyond2-B-6.jpg\",\"width\":1080,\"height\":1080,\"caption\":\"Beyond2 B BeSafe Som Llavors Vilanova i la Geltr\u00fa\"},{\"@type\":\"BreadcrumbList\",\"@id\":\"https:\\\/\\\/somllavors.com\\\/es\\\/producte\\\/bundle-silla-beyond%c2%b2-b-base-isofix-40-125-cms-a-contramarcha-besafe#breadcrumb\",\"itemListElement\":[{\"@type\":\"ListItem\",\"position\":1,\"name\":\"Inici\",\"item\":\"https:\\\/\\\/somllavors.com\\\/es\"},{\"@type\":\"ListItem\",\"position\":2,\"name\":\"Tienda\",\"item\":\"https:\\\/\\\/somllavors.com\\\/es\\\/botiga-2\"},{\"@type\":\"ListItem\",\"position\":3,\"name\":\"Bundle Silla Beyond\u00b2 B + Base IsoFix (40 &#8211; 125 cms) a contramarcha &#8211; BeSafe\"}]},{\"@type\":\"WebSite\",\"@id\":\"https:\\\/\\\/somllavors.com\\\/es#website\",\"url\":\"https:\\\/\\\/somllavors.com\\\/es\",\"name\":\"Som Llavors\",\"description\":\"Botiga de crian\u00e7a natural\",\"publisher\":{\"@id\":\"https:\\\/\\\/somllavors.com\\\/es#organization\"},\"alternateName\":\"Crian\u00e7a Natural i Sostenible\",\"potentialAction\":[{\"@type\":\"SearchAction\",\"target\":{\"@type\":\"EntryPoint\",\"urlTemplate\":\"https:\\\/\\\/somllavors.com\\\/es?s={search_term_string}\"},\"query-input\":{\"@type\":\"PropertyValueSpecification\",\"valueRequired\":true,\"valueName\":\"search_term_string\"}}],\"inLanguage\":\"es\"},{\"@type\":[\"Organization\",\"Place\",\"Store\"],\"@id\":\"https:\\\/\\\/somllavors.com\\\/es#organization\",\"name\":\"Som Llavors\",\"alternateName\":\"Crian\u00e7a Natural i Sostenible\",\"url\":\"https:\\\/\\\/somllavors.com\\\/es\",\"logo\":{\"@id\":\"https:\\\/\\\/somllavors.com\\\/es\\\/producte\\\/bundle-silla-beyond%c2%b2-b-base-isofix-40-125-cms-a-contramarcha-besafe#local-main-organization-logo\"},\"image\":{\"@id\":\"https:\\\/\\\/somllavors.com\\\/es\\\/producte\\\/bundle-silla-beyond%c2%b2-b-base-isofix-40-125-cms-a-contramarcha-besafe#local-main-organization-logo\"},\"sameAs\":[\"https:\\\/\\\/www.facebook.com\\\/somllavorsvng\\\/?locale=ca_ES\",\"https:\\\/\\\/www.instagram.com\\\/somllavors_vng\\\/\",\"https:\\\/\\\/www.youtube.com\\\/@somllavors\"],\"address\":{\"@id\":\"https:\\\/\\\/somllavors.com\\\/es\\\/producte\\\/bundle-silla-beyond%c2%b2-b-base-isofix-40-125-cms-a-contramarcha-besafe#local-main-place-address\"},\"geo\":{\"@type\":\"GeoCoordinates\",\"latitude\":\"41.2257737\",\"longitude\":\"1.723258859\"},\"telephone\":[\"623152704\"],\"openingHoursSpecification\":[{\"@type\":\"OpeningHoursSpecification\",\"dayOfWeek\":[\"Monday\",\"Sunday\"],\"opens\":\"00:00\",\"closes\":\"00:00\"},{\"@type\":\"OpeningHoursSpecification\",\"dayOfWeek\":[\"Tuesday\",\"Wednesday\",\"Thursday\",\"Friday\"],\"opens\":\"10:00\",\"closes\":\"20:00\"},{\"@type\":\"OpeningHoursSpecification\",\"dayOfWeek\":[\"Saturday\"],\"opens\":\"10:00\",\"closes\":\"13:30\"}],\"email\":\"info@somllavors.com\"},{\"@type\":\"PostalAddress\",\"@id\":\"https:\\\/\\\/somllavors.com\\\/es\\\/producte\\\/bundle-silla-beyond%c2%b2-b-base-isofix-40-125-cms-a-contramarcha-besafe#local-main-place-address\",\"streetAddress\":\"Carrer de l'aigua, 6\",\"addressLocality\":\"Vilanova i la Geltr\u00fa\",\"postalCode\":\"08800\",\"addressRegion\":\"Barcelona\",\"addressCountry\":\"ES\"},{\"@type\":\"ImageObject\",\"inLanguage\":\"es\",\"@id\":\"https:\\\/\\\/somllavors.com\\\/es\\\/producte\\\/bundle-silla-beyond%c2%b2-b-base-isofix-40-125-cms-a-contramarcha-besafe#local-main-organization-logo\",\"url\":\"https:\\\/\\\/somllavors.com\\\/wp-content\\\/uploads\\\/Logotip-Som-Llavors.jpg\",\"contentUrl\":\"https:\\\/\\\/somllavors.com\\\/wp-content\\\/uploads\\\/Logotip-Som-Llavors.jpg\",\"width\":1444,\"height\":1323,\"caption\":\"Som Llavors\"}]}<\/script>\n<meta property=\"og:availability\" content=\"instock\" \/>\n<meta property=\"product:availability\" content=\"instock\" \/>\n<meta property=\"product:condition\" content=\"new\" \/>\n<meta name=\"geo.placename\" content=\"Vilanova i la Geltr\u00fa\" \/>\n<meta name=\"geo.position\" content=\"41.2257737;1.723258859\" \/>\n<meta name=\"geo.region\" content=\"Espa\u00f1a\" \/>\n<!-- \/ Yoast SEO Premium plugin. -->","yoast_head_json":{"title":"Bundle Silla Beyond\u00b2 B + Base IsoFix (40 - 125 cms) a contramarcha - BeSafe &#8212; Som Llavors","description":"Nueva Silla Beyond\u00b2 B de BeSafe Beyond\u00b2 B de BeSafe: una silla de coche desde el nacimiento hasta los 6 a\u00f1os. La primera silla con base rotatoria* homologada desde su nacimiento hasta 125 cm. Crece con el ni\u00f1o con 11 posiciones distintas del reposacabezas y espacio ajustable para las piernas.  SOLO DISPONIBLE EN BOTIFA F\u00cdSICA. BeSafe no permite la venta online de este producto para garantizar un buen asesoramiento y una instalaci\u00f3n por parte de un distribuidor autorizado como Som Llavors.","robots":{"index":"index","follow":"follow","max-snippet":"max-snippet:-1","max-image-preview":"max-image-preview:large","max-video-preview":"max-video-preview:-1"},"canonical":"https:\/\/somllavors.com\/es\/producte\/bundle-silla-beyond%c2%b2-b-base-isofix-40-125-cms-a-contramarcha-besafe","og_locale":"es_ES","og_type":"article","og_title":"Bundle Silla Beyond\u00b2 B + Base IsoFix (40 - 125 cms) a contramarcha - BeSafe","og_description":"La teva botiga d\u2019ecocrian\u00e7a i espai d\u2019acompanyament a la maternitat","og_url":"https:\/\/somllavors.com\/es\/producte\/bundle-silla-beyond%c2%b2-b-base-isofix-40-125-cms-a-contramarcha-besafe","og_site_name":"Som Llavors","article_publisher":"https:\/\/www.facebook.com\/somllavorsvng\/?locale=ca_ES","og_image":[{"width":1080,"height":1080,"url":"https:\/\/somllavors.com\/wp-content\/uploads\/2025\/08\/Som-Llavors-Beyond2-B-6.jpg","type":"image\/jpeg"}],"twitter_card":"summary_large_image","twitter_misc":{"Availability":"Hay existencias"},"schema":{"@context":"https:\/\/schema.org","@graph":[{"@type":"WebPage","@id":"https:\/\/somllavors.com\/es\/producte\/bundle-silla-beyond%c2%b2-b-base-isofix-40-125-cms-a-contramarcha-besafe","url":"https:\/\/somllavors.com\/es\/producte\/bundle-silla-beyond%c2%b2-b-base-isofix-40-125-cms-a-contramarcha-besafe","name":"Bundle Silla Beyond\u00b2 B + Base IsoFix (40 - 125 cms) a contramarcha - BeSafe &#8212; Som Llavors","isPartOf":{"@id":"https:\/\/somllavors.com\/es#website"},"primaryImageOfPage":{"@id":"https:\/\/somllavors.com\/es\/producte\/bundle-silla-beyond%c2%b2-b-base-isofix-40-125-cms-a-contramarcha-besafe#primaryimage"},"image":{"@id":"https:\/\/somllavors.com\/es\/producte\/bundle-silla-beyond%c2%b2-b-base-isofix-40-125-cms-a-contramarcha-besafe#primaryimage"},"thumbnailUrl":"https:\/\/somllavors.com\/wp-content\/uploads\/2025\/08\/Som-Llavors-Beyond2-B-6.jpg","datePublished":"2025-09-29T11:12:03+00:00","description":"Nueva Silla Beyond\u00b2 B de BeSafe Beyond\u00b2 B de BeSafe: una silla de coche desde el nacimiento hasta los 6 a\u00f1os. La primera silla con base rotatoria* homologada desde su nacimiento hasta 125 cm. Crece con el ni\u00f1o con 11 posiciones distintas del reposacabezas y espacio ajustable para las piernas. SOLO DISPONIBLE EN BOTIFA F\u00cdSICA. BeSafe no permite la venta online de este producto para garantizar un buen asesoramiento y una instalaci\u00f3n por parte de un distribuidor autorizado como Som Llavors.","breadcrumb":{"@id":"https:\/\/somllavors.com\/es\/producte\/bundle-silla-beyond%c2%b2-b-base-isofix-40-125-cms-a-contramarcha-besafe#breadcrumb"},"inLanguage":"es","potentialAction":[{"@type":"ReadAction","target":["https:\/\/somllavors.com\/es\/producte\/bundle-silla-beyond%c2%b2-b-base-isofix-40-125-cms-a-contramarcha-besafe"]}]},{"@type":"ImageObject","inLanguage":"es","@id":"https:\/\/somllavors.com\/es\/producte\/bundle-silla-beyond%c2%b2-b-base-isofix-40-125-cms-a-contramarcha-besafe#primaryimage","url":"https:\/\/somllavors.com\/wp-content\/uploads\/2025\/08\/Som-Llavors-Beyond2-B-6.jpg","contentUrl":"https:\/\/somllavors.com\/wp-content\/uploads\/2025\/08\/Som-Llavors-Beyond2-B-6.jpg","width":1080,"height":1080,"caption":"Beyond2 B BeSafe Som Llavors Vilanova i la Geltr\u00fa"},{"@type":"BreadcrumbList","@id":"https:\/\/somllavors.com\/es\/producte\/bundle-silla-beyond%c2%b2-b-base-isofix-40-125-cms-a-contramarcha-besafe#breadcrumb","itemListElement":[{"@type":"ListItem","position":1,"name":"Inici","item":"https:\/\/somllavors.com\/es"},{"@type":"ListItem","position":2,"name":"Tienda","item":"https:\/\/somllavors.com\/es\/botiga-2"},{"@type":"ListItem","position":3,"name":"Bundle Silla Beyond\u00b2 B + Base IsoFix (40 &#8211; 125 cms) a contramarcha &#8211; BeSafe"}]},{"@type":"WebSite","@id":"https:\/\/somllavors.com\/es#website","url":"https:\/\/somllavors.com\/es","name":"Som Llavors","description":"Botiga de crian\u00e7a natural","publisher":{"@id":"https:\/\/somllavors.com\/es#organization"},"alternateName":"Crian\u00e7a Natural i Sostenible","potentialAction":[{"@type":"SearchAction","target":{"@type":"EntryPoint","urlTemplate":"https:\/\/somllavors.com\/es?s={search_term_string}"},"query-input":{"@type":"PropertyValueSpecification","valueRequired":true,"valueName":"search_term_string"}}],"inLanguage":"es"},{"@type":["Organization","Place","Store"],"@id":"https:\/\/somllavors.com\/es#organization","name":"Som Llavors","alternateName":"Crian\u00e7a Natural i Sostenible","url":"https:\/\/somllavors.com\/es","logo":{"@id":"https:\/\/somllavors.com\/es\/producte\/bundle-silla-beyond%c2%b2-b-base-isofix-40-125-cms-a-contramarcha-besafe#local-main-organization-logo"},"image":{"@id":"https:\/\/somllavors.com\/es\/producte\/bundle-silla-beyond%c2%b2-b-base-isofix-40-125-cms-a-contramarcha-besafe#local-main-organization-logo"},"sameAs":["https:\/\/www.facebook.com\/somllavorsvng\/?locale=ca_ES","https:\/\/www.instagram.com\/somllavors_vng\/","https:\/\/www.youtube.com\/@somllavors"],"address":{"@id":"https:\/\/somllavors.com\/es\/producte\/bundle-silla-beyond%c2%b2-b-base-isofix-40-125-cms-a-contramarcha-besafe#local-main-place-address"},"geo":{"@type":"GeoCoordinates","latitude":"41.2257737","longitude":"1.723258859"},"telephone":["623152704","623152704"],"openingHoursSpecification":[{"@type":"OpeningHoursSpecification","dayOfWeek":["Monday","Sunday"],"opens":"00:00","closes":"00:00"},{"@type":"OpeningHoursSpecification","dayOfWeek":["Tuesday","Wednesday","Thursday","Friday"],"opens":"10:00","closes":"20:00"},{"@type":"OpeningHoursSpecification","dayOfWeek":["Saturday"],"opens":"10:00","closes":"13:30"}],"email":"info@somllavors.com"},{"@type":"PostalAddress","@id":"https:\/\/somllavors.com\/es\/producte\/bundle-silla-beyond%c2%b2-b-base-isofix-40-125-cms-a-contramarcha-besafe#local-main-place-address","streetAddress":"Carrer de l'aigua, 6","addressLocality":"Vilanova i la Geltr\u00fa","postalCode":"08800","addressRegion":"Barcelona","addressCountry":"ES"},{"@type":"ImageObject","inLanguage":"es","@id":"https:\/\/somllavors.com\/es\/producte\/bundle-silla-beyond%c2%b2-b-base-isofix-40-125-cms-a-contramarcha-besafe#local-main-organization-logo","url":"https:\/\/somllavors.com\/wp-content\/uploads\/Logotip-Som-Llavors.jpg","contentUrl":"https:\/\/somllavors.com\/wp-content\/uploads\/Logotip-Som-Llavors.jpg","width":1444,"height":1323,"caption":"Som Llavors"}]},"og_availability":"instock","product_availability":"instock","product_condition":"new","geo.placename":"Vilanova i la Geltr\u00fa","geo.position":{"lat":"41.2257737","long":"1.723258859"},"geo.region":"Espa\u00f1a"},"brands":[{"id":4119,"name":"BeSafe","slug":"besafe"}],"_links":{"self":[{"href":"https:\/\/somllavors.com\/es\/wp-json\/wp\/v2\/product\/85085","targetHints":{"allow":["GET"]}}],"collection":[{"href":"https:\/\/somllavors.com\/es\/wp-json\/wp\/v2\/product"}],"about":[{"href":"https:\/\/somllavors.com\/es\/wp-json\/wp\/v2\/types\/product"}],"wp:featuredmedia":[{"embeddable":true,"href":"https:\/\/somllavors.com\/es\/wp-json\/wp\/v2\/media\/81732"}],"wp:attachment":[{"href":"https:\/\/somllavors.com\/es\/wp-json\/wp\/v2\/media?parent=85085"}],"wp:term":[{"taxonomy":"pwb-brand","embeddable":true,"href":"https:\/\/somllavors.com\/es\/wp-json\/wp\/v2\/pwb-brand?post=85085"},{"taxonomy":"product_brand","embeddable":true,"href":"https:\/\/somllavors.com\/es\/wp-json\/wp\/v2\/product_brand?post=85085"},{"taxonomy":"product_cat","embeddable":true,"href":"https:\/\/somllavors.com\/es\/wp-json\/wp\/v2\/product_cat?post=85085"},{"taxonomy":"product_tag","embeddable":true,"href":"https:\/\/somllavors.com\/es\/wp-json\/wp\/v2\/product_tag?post=85085"}],"curies":[{"name":"wp","href":"https:\/\/api.w.org\/{rel}","templated":true}]}}