{"id":85337,"date":"2025-10-12T08:34:40","date_gmt":"2025-10-12T06:34:40","guid":{"rendered":"https:\/\/somllavors.com\/producte\/castillo-apilable-de-madera-goki"},"modified":"2025-11-25T17:31:23","modified_gmt":"2025-11-25T16:31:23","slug":"castillo-apilable-de-madera-goki","status":"publish","type":"product","link":"https:\/\/somllavors.com\/es\/producte\/castillo-apilable-de-madera-goki","title":{"rendered":"Castillo apilable de madera &#8211; Goki"},"content":{"rendered":"<h4 data-start=\"417\" data-end=\"454\"><strong data-start=\"422\" data-end=\"454\">Caracter\u00edsticas principales:<\/strong><\/h4>\n<ul data-start=\"456\" data-end=\"818\">\n<li data-start=\"456\" data-end=\"530\">\n<p data-start=\"458\" data-end=\"530\">Recomendado a partir de 2 a\u00f1os<\/p>\n<\/li>\n<li data-start=\"531\" data-end=\"592\">\n<p data-start=\"533\" data-end=\"592\">Material: madera<\/p>\n<\/li>\n<li data-start=\"593\" data-end=\"664\">\n<p data-start=\"595\" data-end=\"664\">N\u00famero de piezas: 11 piezas<\/p>\n<\/li>\n<li data-start=\"665\" data-end=\"754\">\n<p data-start=\"667\" data-end=\"754\">Dimensiones del art\u00edculo: 10,5 \u00d7 6,5 \u00d7 26 cm<\/p>\n<\/li>\n<\/ul>\n<h4 data-start=\"825\" data-end=\"852\"><strong data-start=\"830\" data-end=\"852\">Beneficios del juego:<\/strong><\/h4>\n<ul data-start=\"854\" data-end=\"1247\">\n<li data-start=\"854\" data-end=\"936\">\n<p data-start=\"856\" data-end=\"936\">Favorece la coordinaci\u00f3n motriz fina y la habilidad para manipular las piezas<\/p>\n<\/li>\n<li data-start=\"937\" data-end=\"1074\">\n<p data-start=\"939\" data-end=\"1074\">Estimula la creatividad y la imaginaci\u00f3n, porque los ni\u00f1os pueden dar formas libres al castillo o usar las piezas por separado<\/p>\n<\/li>\n<li data-start=\"1075\" data-end=\"1166\">\n<p data-start=\"1077\" data-end=\"1166\">Fomenta la comprensi\u00f3n de formas, tama\u00f1os y colores a trav\u00e9s del orden y la comparaci\u00f3n<\/p>\n<\/li>\n<li data-start=\"1167\" data-end=\"1247\">\n<p data-start=\"1169\" data-end=\"1247\">Permite el juego aut\u00f3nomo o en grupo, adapt\u00e1ndose a diferentes niveles de destreza<\/p>\n<\/li>\n<\/ul>\n","protected":false},"excerpt":{"rendered":"<p data-start=\"185\" data-end=\"410\">Con este castillo apilable, las criaturas pueden construir, ordenar y jugar libremente con bloques de formas y colores distintos.<\/p>\n<ul>\n<li data-start=\"185\" data-end=\"410\">Las piezas se pueden apilar sobre un palo de madera, pero tambi\u00e9n sirven para el juego libre y creativo.<\/li>\n<\/ul>\n","protected":false},"featured_media":83834,"template":"","meta":{"_acf_changed":false,"site-sidebar-layout":"default","site-content-layout":"","ast-site-content-layout":"default","site-content-style":"default","site-sidebar-style":"default","ast-global-header-display":"","ast-banner-title-visibility":"","ast-main-header-display":"","ast-hfb-above-header-display":"","ast-hfb-below-header-display":"","ast-hfb-mobile-header-display":"","site-post-title":"","ast-breadcrumbs-content":"","ast-featured-img":"","footer-sml-layout":"","ast-disable-related-posts":"","theme-transparent-header-meta":"default","adv-header-id-meta":"","stick-header-meta":"","header-above-stick-meta":"","header-main-stick-meta":"","header-below-stick-meta":"","astra-migrate-meta-layouts":"default","ast-page-background-enabled":"default","ast-page-background-meta":{"desktop":{"background-color":"","background-image":"","background-repeat":"repeat","background-position":"center center","background-size":"auto","background-attachment":"scroll","background-type":"","background-media":"","overlay-type":"","overlay-color":"","overlay-opacity":"","overlay-gradient":""},"tablet":{"background-color":"","background-image":"","background-repeat":"repeat","background-position":"center center","background-size":"auto","background-attachment":"scroll","background-type":"","background-media":"","overlay-type":"","overlay-color":"","overlay-opacity":"","overlay-gradient":""},"mobile":{"background-color":"","background-image":"","background-repeat":"repeat","background-position":"center center","background-size":"auto","background-attachment":"scroll","background-type":"","background-media":"","overlay-type":"","overlay-color":"","overlay-opacity":"","overlay-gradient":""}},"ast-content-background-meta":{"desktop":{"background-color":"var(--ast-global-color-5)","background-image":"","background-repeat":"repeat","background-position":"center center","background-size":"auto","background-attachment":"scroll","background-type":"","background-media":"","overlay-type":"","overlay-color":"","overlay-opacity":"","overlay-gradient":""},"tablet":{"background-color":"var(--ast-global-color-5)","background-image":"","background-repeat":"repeat","background-position":"center center","background-size":"auto","background-attachment":"scroll","background-type":"","background-media":"","overlay-type":"","overlay-color":"","overlay-opacity":"","overlay-gradient":""},"mobile":{"background-color":"var(--ast-global-color-5)","background-image":"","background-repeat":"repeat","background-position":"center center","background-size":"auto","background-attachment":"scroll","background-type":"","background-media":"","overlay-type":"","overlay-color":"","overlay-opacity":"","overlay-gradient":""}}},"pwb-brand":[4407],"product_brand":[],"product_cat":[3368,3373,3376,3539,3542,3553],"product_tag":[5900,5864],"class_list":{"0":"post-85337","1":"product","2":"type-product","3":"status-publish","4":"has-post-thumbnail","6":"pwb-brand-goki","7":"product_cat-2-anos","8":"product_cat-3-anos","9":"product_cat-4-anos","10":"product_cat-encajables-apilables-equilibrio-y-construcciones","11":"product_cat-juegos-de-madera","12":"product_cat-minimundos","13":"product_tag-castillo-apilable","14":"product_tag-goki","15":"desktop-align-left","16":"tablet-align-left","17":"mobile-align-left","19":"first","20":"instock","21":"taxable","22":"shipping-taxable","23":"purchasable","24":"product-type-simple"},"acf":[],"yoast_head":"<!-- This site is optimized with the Yoast SEO Premium plugin v18.3 (Yoast SEO v27.4) - https:\/\/yoast.com\/product\/yoast-seo-premium-wordpress\/ -->\n<title>Castillo apilable de madera - Goki &#8212; Som Llavors<\/title>\n<meta name=\"description\" content=\"Con este castillo apilable, las criaturas pueden construir, ordenar y jugar libremente con bloques de formas y colores distintos.   Las piezas se pueden apilar sobre un palo de madera, pero tambi\u00e9n sirven para el juego libre y creativo.\" \/>\n<meta name=\"robots\" content=\"index, follow, max-snippet:-1, max-image-preview:large, max-video-preview:-1\" \/>\n<link rel=\"canonical\" href=\"https:\/\/somllavors.com\/es\/producte\/castillo-apilable-de-madera-goki\" \/>\n<meta property=\"og:locale\" content=\"es_ES\" \/>\n<meta property=\"og:type\" content=\"article\" \/>\n<meta property=\"og:title\" content=\"Castillo apilable de madera - Goki\" \/>\n<meta property=\"og:description\" content=\"La teva botiga d\u2019ecocrian\u00e7a i espai d\u2019acompanyament a la maternitat\" \/>\n<meta property=\"og:url\" content=\"https:\/\/somllavors.com\/es\/producte\/castillo-apilable-de-madera-goki\" \/>\n<meta property=\"og:site_name\" content=\"Som Llavors\" \/>\n<meta property=\"article:publisher\" content=\"https:\/\/www.facebook.com\/somllavorsvng\/?locale=ca_ES\" \/>\n<meta property=\"article:modified_time\" content=\"2025-11-25T16:31:23+00:00\" \/>\n<meta property=\"og:image\" content=\"https:\/\/somllavors.com\/wp-content\/uploads\/2025\/10\/Som-Llavors-Castillo-apilable-58350-.jpg\" \/>\n\t<meta property=\"og:image:width\" content=\"500\" \/>\n\t<meta property=\"og:image:height\" content=\"500\" \/>\n\t<meta property=\"og:image:type\" content=\"image\/jpeg\" \/>\n<meta name=\"twitter:card\" content=\"summary_large_image\" \/>\n<meta name=\"twitter:label1\" content=\"Precio\" \/>\n\t<meta name=\"twitter:data1\" content=\"39,00&euro; Iva incl\u00f2s\" \/>\n\t<meta name=\"twitter:label2\" content=\"Availability\" \/>\n\t<meta name=\"twitter:data2\" content=\"Hay existencias\" \/>\n<script type=\"application\/ld+json\" class=\"yoast-schema-graph\">{\"@context\":\"https:\\\/\\\/schema.org\",\"@graph\":[{\"@type\":\"WebPage\",\"@id\":\"https:\\\/\\\/somllavors.com\\\/es\\\/producte\\\/castillo-apilable-de-madera-goki\",\"url\":\"https:\\\/\\\/somllavors.com\\\/es\\\/producte\\\/castillo-apilable-de-madera-goki\",\"name\":\"Castillo apilable de madera - Goki &#8212; Som Llavors\",\"isPartOf\":{\"@id\":\"https:\\\/\\\/somllavors.com\\\/es#website\"},\"primaryImageOfPage\":{\"@id\":\"https:\\\/\\\/somllavors.com\\\/es\\\/producte\\\/castillo-apilable-de-madera-goki#primaryimage\"},\"image\":{\"@id\":\"https:\\\/\\\/somllavors.com\\\/es\\\/producte\\\/castillo-apilable-de-madera-goki#primaryimage\"},\"thumbnailUrl\":\"https:\\\/\\\/somllavors.com\\\/wp-content\\\/uploads\\\/2025\\\/10\\\/Som-Llavors-Castillo-apilable-58350-.jpg\",\"datePublished\":\"2025-10-12T06:34:40+00:00\",\"dateModified\":\"2025-11-25T16:31:23+00:00\",\"description\":\"Con este castillo apilable, las criaturas pueden construir, ordenar y jugar libremente con bloques de formas y colores distintos. Las piezas se pueden apilar sobre un palo de madera, pero tambi\u00e9n sirven para el juego libre y creativo.\",\"breadcrumb\":{\"@id\":\"https:\\\/\\\/somllavors.com\\\/es\\\/producte\\\/castillo-apilable-de-madera-goki#breadcrumb\"},\"inLanguage\":\"es\",\"potentialAction\":[{\"@type\":\"ReadAction\",\"target\":[\"https:\\\/\\\/somllavors.com\\\/es\\\/producte\\\/castillo-apilable-de-madera-goki\"]}]},{\"@type\":\"ImageObject\",\"inLanguage\":\"es\",\"@id\":\"https:\\\/\\\/somllavors.com\\\/es\\\/producte\\\/castillo-apilable-de-madera-goki#primaryimage\",\"url\":\"https:\\\/\\\/somllavors.com\\\/wp-content\\\/uploads\\\/2025\\\/10\\\/Som-Llavors-Castillo-apilable-58350-.jpg\",\"contentUrl\":\"https:\\\/\\\/somllavors.com\\\/wp-content\\\/uploads\\\/2025\\\/10\\\/Som-Llavors-Castillo-apilable-58350-.jpg\",\"width\":500,\"height\":500,\"caption\":\"castell apilable fusta\"},{\"@type\":\"BreadcrumbList\",\"@id\":\"https:\\\/\\\/somllavors.com\\\/es\\\/producte\\\/castillo-apilable-de-madera-goki#breadcrumb\",\"itemListElement\":[{\"@type\":\"ListItem\",\"position\":1,\"name\":\"Inici\",\"item\":\"https:\\\/\\\/somllavors.com\\\/es\"},{\"@type\":\"ListItem\",\"position\":2,\"name\":\"Tienda\",\"item\":\"https:\\\/\\\/somllavors.com\\\/es\\\/botiga-2\"},{\"@type\":\"ListItem\",\"position\":3,\"name\":\"Castillo apilable de madera &#8211; Goki\"}]},{\"@type\":\"WebSite\",\"@id\":\"https:\\\/\\\/somllavors.com\\\/es#website\",\"url\":\"https:\\\/\\\/somllavors.com\\\/es\",\"name\":\"Som Llavors\",\"description\":\"Botiga de crian\u00e7a natural\",\"publisher\":{\"@id\":\"https:\\\/\\\/somllavors.com\\\/es#organization\"},\"alternateName\":\"Crian\u00e7a Natural i Sostenible\",\"potentialAction\":[{\"@type\":\"SearchAction\",\"target\":{\"@type\":\"EntryPoint\",\"urlTemplate\":\"https:\\\/\\\/somllavors.com\\\/es?s={search_term_string}\"},\"query-input\":{\"@type\":\"PropertyValueSpecification\",\"valueRequired\":true,\"valueName\":\"search_term_string\"}}],\"inLanguage\":\"es\"},{\"@type\":[\"Organization\",\"Place\",\"Store\"],\"@id\":\"https:\\\/\\\/somllavors.com\\\/es#organization\",\"name\":\"Som Llavors\",\"alternateName\":\"Crian\u00e7a Natural i Sostenible\",\"url\":\"https:\\\/\\\/somllavors.com\\\/es\",\"logo\":{\"@id\":\"https:\\\/\\\/somllavors.com\\\/es\\\/producte\\\/castillo-apilable-de-madera-goki#local-main-organization-logo\"},\"image\":{\"@id\":\"https:\\\/\\\/somllavors.com\\\/es\\\/producte\\\/castillo-apilable-de-madera-goki#local-main-organization-logo\"},\"sameAs\":[\"https:\\\/\\\/www.facebook.com\\\/somllavorsvng\\\/?locale=ca_ES\",\"https:\\\/\\\/www.instagram.com\\\/somllavors_vng\\\/\",\"https:\\\/\\\/www.youtube.com\\\/@somllavors\"],\"address\":{\"@id\":\"https:\\\/\\\/somllavors.com\\\/es\\\/producte\\\/castillo-apilable-de-madera-goki#local-main-place-address\"},\"geo\":{\"@type\":\"GeoCoordinates\",\"latitude\":\"41.2257737\",\"longitude\":\"1.723258859\"},\"telephone\":[\"623152704\"],\"openingHoursSpecification\":[{\"@type\":\"OpeningHoursSpecification\",\"dayOfWeek\":[\"Monday\",\"Sunday\"],\"opens\":\"00:00\",\"closes\":\"00:00\"},{\"@type\":\"OpeningHoursSpecification\",\"dayOfWeek\":[\"Tuesday\",\"Wednesday\",\"Thursday\",\"Friday\"],\"opens\":\"10:00\",\"closes\":\"20:00\"},{\"@type\":\"OpeningHoursSpecification\",\"dayOfWeek\":[\"Saturday\"],\"opens\":\"10:00\",\"closes\":\"13:30\"}],\"email\":\"info@somllavors.com\"},{\"@type\":\"PostalAddress\",\"@id\":\"https:\\\/\\\/somllavors.com\\\/es\\\/producte\\\/castillo-apilable-de-madera-goki#local-main-place-address\",\"streetAddress\":\"Carrer de l'aigua, 6\",\"addressLocality\":\"Vilanova i la Geltr\u00fa\",\"postalCode\":\"08800\",\"addressRegion\":\"Barcelona\",\"addressCountry\":\"ES\"},{\"@type\":\"ImageObject\",\"inLanguage\":\"es\",\"@id\":\"https:\\\/\\\/somllavors.com\\\/es\\\/producte\\\/castillo-apilable-de-madera-goki#local-main-organization-logo\",\"url\":\"https:\\\/\\\/somllavors.com\\\/wp-content\\\/uploads\\\/Logotip-Som-Llavors.jpg\",\"contentUrl\":\"https:\\\/\\\/somllavors.com\\\/wp-content\\\/uploads\\\/Logotip-Som-Llavors.jpg\",\"width\":1444,\"height\":1323,\"caption\":\"Som Llavors\"}]}<\/script>\n<meta property=\"product:price:amount\" content=\"39.00\" \/>\n<meta property=\"product:price:currency\" content=\"EUR\" \/>\n<meta property=\"og:availability\" content=\"instock\" \/>\n<meta property=\"product:availability\" content=\"instock\" \/>\n<meta property=\"product:retailer_item_id\" content=\"58350\" \/>\n<meta property=\"product:condition\" content=\"new\" \/>\n<meta name=\"geo.placename\" content=\"Vilanova i la Geltr\u00fa\" \/>\n<meta name=\"geo.position\" content=\"41.2257737;1.723258859\" \/>\n<meta name=\"geo.region\" content=\"Espa\u00f1a\" \/>\n<!-- \/ Yoast SEO Premium plugin. -->","yoast_head_json":{"title":"Castillo apilable de madera - Goki &#8212; Som Llavors","description":"Con este castillo apilable, las criaturas pueden construir, ordenar y jugar libremente con bloques de formas y colores distintos.   Las piezas se pueden apilar sobre un palo de madera, pero tambi\u00e9n sirven para el juego libre y creativo.","robots":{"index":"index","follow":"follow","max-snippet":"max-snippet:-1","max-image-preview":"max-image-preview:large","max-video-preview":"max-video-preview:-1"},"canonical":"https:\/\/somllavors.com\/es\/producte\/castillo-apilable-de-madera-goki","og_locale":"es_ES","og_type":"article","og_title":"Castillo apilable de madera - Goki","og_description":"La teva botiga d\u2019ecocrian\u00e7a i espai d\u2019acompanyament a la maternitat","og_url":"https:\/\/somllavors.com\/es\/producte\/castillo-apilable-de-madera-goki","og_site_name":"Som Llavors","article_publisher":"https:\/\/www.facebook.com\/somllavorsvng\/?locale=ca_ES","article_modified_time":"2025-11-25T16:31:23+00:00","og_image":[{"width":500,"height":500,"url":"https:\/\/somllavors.com\/wp-content\/uploads\/2025\/10\/Som-Llavors-Castillo-apilable-58350-.jpg","type":"image\/jpeg"}],"twitter_card":"summary_large_image","twitter_misc":{"Precio":"39,00&euro; Iva incl\u00f2s","Availability":"Hay existencias"},"schema":{"@context":"https:\/\/schema.org","@graph":[{"@type":"WebPage","@id":"https:\/\/somllavors.com\/es\/producte\/castillo-apilable-de-madera-goki","url":"https:\/\/somllavors.com\/es\/producte\/castillo-apilable-de-madera-goki","name":"Castillo apilable de madera - Goki &#8212; Som Llavors","isPartOf":{"@id":"https:\/\/somllavors.com\/es#website"},"primaryImageOfPage":{"@id":"https:\/\/somllavors.com\/es\/producte\/castillo-apilable-de-madera-goki#primaryimage"},"image":{"@id":"https:\/\/somllavors.com\/es\/producte\/castillo-apilable-de-madera-goki#primaryimage"},"thumbnailUrl":"https:\/\/somllavors.com\/wp-content\/uploads\/2025\/10\/Som-Llavors-Castillo-apilable-58350-.jpg","datePublished":"2025-10-12T06:34:40+00:00","dateModified":"2025-11-25T16:31:23+00:00","description":"Con este castillo apilable, las criaturas pueden construir, ordenar y jugar libremente con bloques de formas y colores distintos. Las piezas se pueden apilar sobre un palo de madera, pero tambi\u00e9n sirven para el juego libre y creativo.","breadcrumb":{"@id":"https:\/\/somllavors.com\/es\/producte\/castillo-apilable-de-madera-goki#breadcrumb"},"inLanguage":"es","potentialAction":[{"@type":"ReadAction","target":["https:\/\/somllavors.com\/es\/producte\/castillo-apilable-de-madera-goki"]}]},{"@type":"ImageObject","inLanguage":"es","@id":"https:\/\/somllavors.com\/es\/producte\/castillo-apilable-de-madera-goki#primaryimage","url":"https:\/\/somllavors.com\/wp-content\/uploads\/2025\/10\/Som-Llavors-Castillo-apilable-58350-.jpg","contentUrl":"https:\/\/somllavors.com\/wp-content\/uploads\/2025\/10\/Som-Llavors-Castillo-apilable-58350-.jpg","width":500,"height":500,"caption":"castell apilable fusta"},{"@type":"BreadcrumbList","@id":"https:\/\/somllavors.com\/es\/producte\/castillo-apilable-de-madera-goki#breadcrumb","itemListElement":[{"@type":"ListItem","position":1,"name":"Inici","item":"https:\/\/somllavors.com\/es"},{"@type":"ListItem","position":2,"name":"Tienda","item":"https:\/\/somllavors.com\/es\/botiga-2"},{"@type":"ListItem","position":3,"name":"Castillo apilable de madera &#8211; Goki"}]},{"@type":"WebSite","@id":"https:\/\/somllavors.com\/es#website","url":"https:\/\/somllavors.com\/es","name":"Som Llavors","description":"Botiga de crian\u00e7a natural","publisher":{"@id":"https:\/\/somllavors.com\/es#organization"},"alternateName":"Crian\u00e7a Natural i Sostenible","potentialAction":[{"@type":"SearchAction","target":{"@type":"EntryPoint","urlTemplate":"https:\/\/somllavors.com\/es?s={search_term_string}"},"query-input":{"@type":"PropertyValueSpecification","valueRequired":true,"valueName":"search_term_string"}}],"inLanguage":"es"},{"@type":["Organization","Place","Store"],"@id":"https:\/\/somllavors.com\/es#organization","name":"Som Llavors","alternateName":"Crian\u00e7a Natural i Sostenible","url":"https:\/\/somllavors.com\/es","logo":{"@id":"https:\/\/somllavors.com\/es\/producte\/castillo-apilable-de-madera-goki#local-main-organization-logo"},"image":{"@id":"https:\/\/somllavors.com\/es\/producte\/castillo-apilable-de-madera-goki#local-main-organization-logo"},"sameAs":["https:\/\/www.facebook.com\/somllavorsvng\/?locale=ca_ES","https:\/\/www.instagram.com\/somllavors_vng\/","https:\/\/www.youtube.com\/@somllavors"],"address":{"@id":"https:\/\/somllavors.com\/es\/producte\/castillo-apilable-de-madera-goki#local-main-place-address"},"geo":{"@type":"GeoCoordinates","latitude":"41.2257737","longitude":"1.723258859"},"telephone":["623152704","623152704"],"openingHoursSpecification":[{"@type":"OpeningHoursSpecification","dayOfWeek":["Monday","Sunday"],"opens":"00:00","closes":"00:00"},{"@type":"OpeningHoursSpecification","dayOfWeek":["Tuesday","Wednesday","Thursday","Friday"],"opens":"10:00","closes":"20:00"},{"@type":"OpeningHoursSpecification","dayOfWeek":["Saturday"],"opens":"10:00","closes":"13:30"}],"email":"info@somllavors.com"},{"@type":"PostalAddress","@id":"https:\/\/somllavors.com\/es\/producte\/castillo-apilable-de-madera-goki#local-main-place-address","streetAddress":"Carrer de l'aigua, 6","addressLocality":"Vilanova i la Geltr\u00fa","postalCode":"08800","addressRegion":"Barcelona","addressCountry":"ES"},{"@type":"ImageObject","inLanguage":"es","@id":"https:\/\/somllavors.com\/es\/producte\/castillo-apilable-de-madera-goki#local-main-organization-logo","url":"https:\/\/somllavors.com\/wp-content\/uploads\/Logotip-Som-Llavors.jpg","contentUrl":"https:\/\/somllavors.com\/wp-content\/uploads\/Logotip-Som-Llavors.jpg","width":1444,"height":1323,"caption":"Som Llavors"}]},"product_price_amount":"39.00","product_price_currency":"EUR","og_availability":"instock","product_availability":"instock","product_retailer_item_id":"58350","product_condition":"new","geo.placename":"Vilanova i la Geltr\u00fa","geo.position":{"lat":"41.2257737","long":"1.723258859"},"geo.region":"Espa\u00f1a"},"brands":[{"id":4407,"name":"Goki","slug":"goki"}],"_links":{"self":[{"href":"https:\/\/somllavors.com\/es\/wp-json\/wp\/v2\/product\/85337","targetHints":{"allow":["GET"]}}],"collection":[{"href":"https:\/\/somllavors.com\/es\/wp-json\/wp\/v2\/product"}],"about":[{"href":"https:\/\/somllavors.com\/es\/wp-json\/wp\/v2\/types\/product"}],"wp:featuredmedia":[{"embeddable":true,"href":"https:\/\/somllavors.com\/es\/wp-json\/wp\/v2\/media\/83834"}],"wp:attachment":[{"href":"https:\/\/somllavors.com\/es\/wp-json\/wp\/v2\/media?parent=85337"}],"wp:term":[{"taxonomy":"pwb-brand","embeddable":true,"href":"https:\/\/somllavors.com\/es\/wp-json\/wp\/v2\/pwb-brand?post=85337"},{"taxonomy":"product_brand","embeddable":true,"href":"https:\/\/somllavors.com\/es\/wp-json\/wp\/v2\/product_brand?post=85337"},{"taxonomy":"product_cat","embeddable":true,"href":"https:\/\/somllavors.com\/es\/wp-json\/wp\/v2\/product_cat?post=85337"},{"taxonomy":"product_tag","embeddable":true,"href":"https:\/\/somllavors.com\/es\/wp-json\/wp\/v2\/product_tag?post=85337"}],"curies":[{"name":"wp","href":"https:\/\/api.w.org\/{rel}","templated":true}]}}