{"id":8601,"date":"2021-06-16T00:13:21","date_gmt":"2021-06-15T22:13:21","guid":{"rendered":"https:\/\/somllavors.com\/?post_type=product&#038;p=8601"},"modified":"2022-01-31T23:53:29","modified_gmt":"2022-01-31T22:53:29","slug":"fular-portanadons-neobulle-maya-460m","status":"publish","type":"product","link":"https:\/\/somllavors.com\/es\/producte\/fular-portanadons-neobulle-maya-460m","title":{"rendered":"Fular teixit de 4,60m"},"content":{"rendered":"<ul>\n<li>Longitud: 4,60 metres<\/li>\n<li>Material: 100% cot\u00f2 org\u00e0nic<\/li>\n<\/ul>\n","protected":false},"excerpt":{"rendered":"<p>El fulard teixit N\u00e9obulle, de 4,60 metres de llarg i \u00a0100% de cot\u00f3 natural, et permet oferir una posici\u00f3 agradable i natural al beb\u00e8, per a portar-lo davant, al maluc o a l&#8217;esquena. La t\u00e8cnica i qualitat del teixit i de la tela s\u00f3n incomparables.<\/p>\n<p>&nbsp;<\/p>\n<p>Caracter\u00edstiques d&#8217;\u00fas:<br \/>\nEdat del beb\u00e8: de 0 a 4 anys<\/p>\n<p>Pes del beb\u00e8: 3 a *20kg<\/p>\n<p>Posicions: davant, esquena i maluc<\/p>\n<p>\u00das: continuat<\/p>\n<p>\u00c8poca: tot l&#8217;any<\/p>\n<p>Descripci\u00f3 t\u00e8cnica:<br \/>\nTalla: 3, 4, 5 i 6<\/p>\n<p>Materials: 100% cot\u00f3 *\u00f6ko-*tex<\/p>\n<p>Dimensions: 3,*60m, 4,*10m, 4,*60m, 5,*20m<\/p>\n<p>Fabricador: *N\u00e9obulle<\/p>\n<p>Rentable: a m\u00e0quina<\/p>\n<p>Compleix la Normativa Europea de *Portabeb\u00e9s<\/p>\n","protected":false},"featured_media":8608,"template":"","meta":{"_acf_changed":false,"site-sidebar-layout":"default","site-content-layout":"default","ast-site-content-layout":"default","site-content-style":"default","site-sidebar-style":"default","ast-global-header-display":"","ast-banner-title-visibility":"","ast-main-header-display":"","ast-hfb-above-header-display":"","ast-hfb-below-header-display":"","ast-hfb-mobile-header-display":"","site-post-title":"","ast-breadcrumbs-content":"","ast-featured-img":"","footer-sml-layout":"","ast-disable-related-posts":"","theme-transparent-header-meta":"default","adv-header-id-meta":"","stick-header-meta":"","header-above-stick-meta":"","header-main-stick-meta":"","header-below-stick-meta":"","astra-migrate-meta-layouts":"default","ast-page-background-enabled":"default","ast-page-background-meta":{"desktop":{"background-color":"","background-image":"","background-repeat":"repeat","background-position":"center center","background-size":"auto","background-attachment":"scroll","background-type":"","background-media":"","overlay-type":"","overlay-color":"","overlay-opacity":"","overlay-gradient":""},"tablet":{"background-color":"","background-image":"","background-repeat":"repeat","background-position":"center center","background-size":"auto","background-attachment":"scroll","background-type":"","background-media":"","overlay-type":"","overlay-color":"","overlay-opacity":"","overlay-gradient":""},"mobile":{"background-color":"","background-image":"","background-repeat":"repeat","background-position":"center center","background-size":"auto","background-attachment":"scroll","background-type":"","background-media":"","overlay-type":"","overlay-color":"","overlay-opacity":"","overlay-gradient":""}},"ast-content-background-meta":{"desktop":{"background-color":"var(--ast-global-color-5)","background-image":"","background-repeat":"repeat","background-position":"center center","background-size":"auto","background-attachment":"scroll","background-type":"","background-media":"","overlay-type":"","overlay-color":"","overlay-opacity":"","overlay-gradient":""},"tablet":{"background-color":"var(--ast-global-color-5)","background-image":"","background-repeat":"repeat","background-position":"center center","background-size":"auto","background-attachment":"scroll","background-type":"","background-media":"","overlay-type":"","overlay-color":"","overlay-opacity":"","overlay-gradient":""},"mobile":{"background-color":"var(--ast-global-color-5)","background-image":"","background-repeat":"repeat","background-position":"center center","background-size":"auto","background-attachment":"scroll","background-type":"","background-media":"","overlay-type":"","overlay-color":"","overlay-opacity":"","overlay-gradient":""}}},"pwb-brand":[],"product_brand":[],"product_cat":[78],"product_tag":[263],"class_list":{"0":"post-8601","1":"product","2":"type-product","3":"status-publish","4":"has-post-thumbnail","6":"product_cat-fulars","7":"product_tag-neobulle","8":"desktop-align-left","9":"tablet-align-left","10":"mobile-align-left","12":"first","13":"instock","14":"taxable","15":"shipping-taxable","16":"purchasable","17":"product-type-simple"},"acf":[],"yoast_head":"<!-- This site is optimized with the Yoast SEO Premium plugin v18.3 (Yoast SEO v27.4) - https:\/\/yoast.com\/product\/yoast-seo-premium-wordpress\/ -->\n<title>Fular teixit de 4,60m &#8212; Som Llavors<\/title>\n<meta name=\"description\" content=\"El fulard teixit N\u00e9obulle, de 4,60 metres de llarg i \u00a0100% de cot\u00f3 natural, et permet oferir una posici\u00f3 agradable i natural al beb\u00e8, per a portar-lo davant, al maluc o a l&#039;esquena. La t\u00e8cnica i qualitat del teixit i de la tela s\u00f3n incomparables.  &nbsp;  Caracter\u00edstiques d&#039;\u00fas: Edat del beb\u00e8: de 0 a 4 anys  Pes del beb\u00e8: 3 a *20kg  Posicions: davant, esquena i maluc  \u00das: continuat  \u00c8poca: tot l&#039;any  Descripci\u00f3 t\u00e8cnica: Talla: 3, 4, 5 i 6  Materials: 100% cot\u00f3 *\u00f6ko-*tex  Dimensions: 3,*60m, 4,*10m, 4,*60m, 5,*20m  Fabricador: *N\u00e9obulle  Rentable: a m\u00e0quina  Compleix la Normativa Europea de *Portabeb\u00e9s\" \/>\n<meta name=\"robots\" content=\"index, follow, max-snippet:-1, max-image-preview:large, max-video-preview:-1\" \/>\n<link rel=\"canonical\" href=\"https:\/\/somllavors.com\/es\/producte\/fular-portanadons-neobulle-maya-460m\" \/>\n<meta property=\"og:locale\" content=\"es_ES\" \/>\n<meta property=\"og:type\" content=\"article\" \/>\n<meta property=\"og:title\" content=\"Fular teixit de 4,60m\" \/>\n<meta property=\"og:description\" content=\"La teva botiga d\u2019ecocrian\u00e7a i espai d\u2019acompanyament a la maternitat\" \/>\n<meta property=\"og:url\" content=\"https:\/\/somllavors.com\/es\/producte\/fular-portanadons-neobulle-maya-460m\" \/>\n<meta property=\"og:site_name\" content=\"Som Llavors\" \/>\n<meta property=\"article:publisher\" content=\"https:\/\/www.facebook.com\/somllavorsvng\/?locale=ca_ES\" \/>\n<meta property=\"article:modified_time\" content=\"2022-01-31T22:53:29+00:00\" \/>\n<meta property=\"og:image\" content=\"https:\/\/somllavors.com\/wp-content\/uploads\/fular-tejido-nobulle-maya-portabebe-ergonomico-kangura-portabebes-3.jpg\" \/>\n\t<meta property=\"og:image:width\" content=\"1000\" \/>\n\t<meta property=\"og:image:height\" content=\"1012\" \/>\n\t<meta property=\"og:image:type\" content=\"image\/jpeg\" \/>\n<meta name=\"twitter:card\" content=\"summary_large_image\" \/>\n<meta name=\"twitter:label1\" content=\"Precio\" \/>\n\t<meta name=\"twitter:data1\" content=\"88,00&euro; Iva incl\u00f2s\" \/>\n\t<meta name=\"twitter:label2\" content=\"Availability\" \/>\n\t<meta name=\"twitter:data2\" content=\"Hay existencias\" \/>\n<script type=\"application\/ld+json\" class=\"yoast-schema-graph\">{\"@context\":\"https:\\\/\\\/schema.org\",\"@graph\":[{\"@type\":\"WebPage\",\"@id\":\"https:\\\/\\\/somllavors.com\\\/es\\\/producte\\\/fular-portanadons-neobulle-maya-460m\",\"url\":\"https:\\\/\\\/somllavors.com\\\/es\\\/producte\\\/fular-portanadons-neobulle-maya-460m\",\"name\":\"Fular teixit de 4,60m &#8212; Som Llavors\",\"isPartOf\":{\"@id\":\"https:\\\/\\\/somllavors.com\\\/es#website\"},\"primaryImageOfPage\":{\"@id\":\"https:\\\/\\\/somllavors.com\\\/es\\\/producte\\\/fular-portanadons-neobulle-maya-460m#primaryimage\"},\"image\":{\"@id\":\"https:\\\/\\\/somllavors.com\\\/es\\\/producte\\\/fular-portanadons-neobulle-maya-460m#primaryimage\"},\"thumbnailUrl\":\"https:\\\/\\\/somllavors.com\\\/wp-content\\\/uploads\\\/fular-tejido-nobulle-maya-portabebe-ergonomico-kangura-portabebes-3.jpg\",\"datePublished\":\"2021-06-15T22:13:21+00:00\",\"dateModified\":\"2022-01-31T22:53:29+00:00\",\"description\":\"El fulard teixit N\u00e9obulle, de 4,60 metres de llarg i \u00a0100% de cot\u00f3 natural, et permet oferir una posici\u00f3 agradable i natural al beb\u00e8, per a portar-lo davant, al maluc o a l'esquena. La t\u00e8cnica i qualitat del teixit i de la tela s\u00f3n incomparables. &nbsp; Caracter\u00edstiques d'\u00fas: Edat del beb\u00e8: de 0 a 4 anys Pes del beb\u00e8: 3 a *20kg Posicions: davant, esquena i maluc \u00das: continuat \u00c8poca: tot l'any Descripci\u00f3 t\u00e8cnica: Talla: 3, 4, 5 i 6 Materials: 100% cot\u00f3 *\u00f6ko-*tex Dimensions: 3,*60m, 4,*10m, 4,*60m, 5,*20m Fabricador: *N\u00e9obulle Rentable: a m\u00e0quina Compleix la Normativa Europea de *Portabeb\u00e9s\",\"breadcrumb\":{\"@id\":\"https:\\\/\\\/somllavors.com\\\/es\\\/producte\\\/fular-portanadons-neobulle-maya-460m#breadcrumb\"},\"inLanguage\":\"es\",\"potentialAction\":[{\"@type\":\"ReadAction\",\"target\":[\"https:\\\/\\\/somllavors.com\\\/es\\\/producte\\\/fular-portanadons-neobulle-maya-460m\"]}]},{\"@type\":\"ImageObject\",\"inLanguage\":\"es\",\"@id\":\"https:\\\/\\\/somllavors.com\\\/es\\\/producte\\\/fular-portanadons-neobulle-maya-460m#primaryimage\",\"url\":\"https:\\\/\\\/somllavors.com\\\/wp-content\\\/uploads\\\/fular-tejido-nobulle-maya-portabebe-ergonomico-kangura-portabebes-3.jpg\",\"contentUrl\":\"https:\\\/\\\/somllavors.com\\\/wp-content\\\/uploads\\\/fular-tejido-nobulle-maya-portabebe-ergonomico-kangura-portabebes-3.jpg\",\"width\":1000,\"height\":1012,\"caption\":\"Fular r\u00edjido, fular r\u00edjid, Porteo ergonomico, portanadons, porteig\"},{\"@type\":\"BreadcrumbList\",\"@id\":\"https:\\\/\\\/somllavors.com\\\/es\\\/producte\\\/fular-portanadons-neobulle-maya-460m#breadcrumb\",\"itemListElement\":[{\"@type\":\"ListItem\",\"position\":1,\"name\":\"Inici\",\"item\":\"https:\\\/\\\/somllavors.com\\\/es\"},{\"@type\":\"ListItem\",\"position\":2,\"name\":\"Tienda\",\"item\":\"https:\\\/\\\/somllavors.com\\\/es\\\/botiga-2\"},{\"@type\":\"ListItem\",\"position\":3,\"name\":\"Fular teixit de 4,60m\"}]},{\"@type\":\"WebSite\",\"@id\":\"https:\\\/\\\/somllavors.com\\\/es#website\",\"url\":\"https:\\\/\\\/somllavors.com\\\/es\",\"name\":\"Som Llavors\",\"description\":\"Botiga de crian\u00e7a natural\",\"publisher\":{\"@id\":\"https:\\\/\\\/somllavors.com\\\/es#organization\"},\"alternateName\":\"Crian\u00e7a Natural i Sostenible\",\"potentialAction\":[{\"@type\":\"SearchAction\",\"target\":{\"@type\":\"EntryPoint\",\"urlTemplate\":\"https:\\\/\\\/somllavors.com\\\/es?s={search_term_string}\"},\"query-input\":{\"@type\":\"PropertyValueSpecification\",\"valueRequired\":true,\"valueName\":\"search_term_string\"}}],\"inLanguage\":\"es\"},{\"@type\":[\"Organization\",\"Place\",\"Store\"],\"@id\":\"https:\\\/\\\/somllavors.com\\\/es#organization\",\"name\":\"Som Llavors\",\"alternateName\":\"Crian\u00e7a Natural i Sostenible\",\"url\":\"https:\\\/\\\/somllavors.com\\\/es\",\"logo\":{\"@id\":\"https:\\\/\\\/somllavors.com\\\/es\\\/producte\\\/fular-portanadons-neobulle-maya-460m#local-main-organization-logo\"},\"image\":{\"@id\":\"https:\\\/\\\/somllavors.com\\\/es\\\/producte\\\/fular-portanadons-neobulle-maya-460m#local-main-organization-logo\"},\"sameAs\":[\"https:\\\/\\\/www.facebook.com\\\/somllavorsvng\\\/?locale=ca_ES\",\"https:\\\/\\\/www.instagram.com\\\/somllavors_vng\\\/\",\"https:\\\/\\\/www.youtube.com\\\/@somllavors\"],\"address\":{\"@id\":\"https:\\\/\\\/somllavors.com\\\/es\\\/producte\\\/fular-portanadons-neobulle-maya-460m#local-main-place-address\"},\"geo\":{\"@type\":\"GeoCoordinates\",\"latitude\":\"41.2257737\",\"longitude\":\"1.723258859\"},\"telephone\":[\"623152704\"],\"openingHoursSpecification\":[{\"@type\":\"OpeningHoursSpecification\",\"dayOfWeek\":[\"Monday\",\"Sunday\"],\"opens\":\"00:00\",\"closes\":\"00:00\"},{\"@type\":\"OpeningHoursSpecification\",\"dayOfWeek\":[\"Tuesday\",\"Wednesday\",\"Thursday\",\"Friday\"],\"opens\":\"10:00\",\"closes\":\"20:00\"},{\"@type\":\"OpeningHoursSpecification\",\"dayOfWeek\":[\"Saturday\"],\"opens\":\"10:00\",\"closes\":\"13:30\"}],\"email\":\"info@somllavors.com\"},{\"@type\":\"PostalAddress\",\"@id\":\"https:\\\/\\\/somllavors.com\\\/es\\\/producte\\\/fular-portanadons-neobulle-maya-460m#local-main-place-address\",\"streetAddress\":\"Carrer de l'aigua, 6\",\"addressLocality\":\"Vilanova i la Geltr\u00fa\",\"postalCode\":\"08800\",\"addressRegion\":\"Barcelona\",\"addressCountry\":\"ES\"},{\"@type\":\"ImageObject\",\"inLanguage\":\"es\",\"@id\":\"https:\\\/\\\/somllavors.com\\\/es\\\/producte\\\/fular-portanadons-neobulle-maya-460m#local-main-organization-logo\",\"url\":\"https:\\\/\\\/somllavors.com\\\/wp-content\\\/uploads\\\/Logotip-Som-Llavors.jpg\",\"contentUrl\":\"https:\\\/\\\/somllavors.com\\\/wp-content\\\/uploads\\\/Logotip-Som-Llavors.jpg\",\"width\":1444,\"height\":1323,\"caption\":\"Som Llavors\"}]}<\/script>\n<meta property=\"product:price:amount\" content=\"88.00\" \/>\n<meta property=\"product:price:currency\" content=\"EUR\" \/>\n<meta property=\"og:availability\" content=\"instock\" \/>\n<meta property=\"product:availability\" content=\"instock\" \/>\n<meta property=\"product:condition\" content=\"new\" \/>\n<meta name=\"geo.placename\" content=\"Vilanova i la Geltr\u00fa\" \/>\n<meta name=\"geo.position\" content=\"41.2257737;1.723258859\" \/>\n<meta name=\"geo.region\" content=\"Espa\u00f1a\" \/>\n<!-- \/ Yoast SEO Premium plugin. -->","yoast_head_json":{"title":"Fular teixit de 4,60m &#8212; Som Llavors","description":"El fulard teixit N\u00e9obulle, de 4,60 metres de llarg i \u00a0100% de cot\u00f3 natural, et permet oferir una posici\u00f3 agradable i natural al beb\u00e8, per a portar-lo davant, al maluc o a l'esquena. La t\u00e8cnica i qualitat del teixit i de la tela s\u00f3n incomparables.  &nbsp;  Caracter\u00edstiques d'\u00fas: Edat del beb\u00e8: de 0 a 4 anys  Pes del beb\u00e8: 3 a *20kg  Posicions: davant, esquena i maluc  \u00das: continuat  \u00c8poca: tot l'any  Descripci\u00f3 t\u00e8cnica: Talla: 3, 4, 5 i 6  Materials: 100% cot\u00f3 *\u00f6ko-*tex  Dimensions: 3,*60m, 4,*10m, 4,*60m, 5,*20m  Fabricador: *N\u00e9obulle  Rentable: a m\u00e0quina  Compleix la Normativa Europea de *Portabeb\u00e9s","robots":{"index":"index","follow":"follow","max-snippet":"max-snippet:-1","max-image-preview":"max-image-preview:large","max-video-preview":"max-video-preview:-1"},"canonical":"https:\/\/somllavors.com\/es\/producte\/fular-portanadons-neobulle-maya-460m","og_locale":"es_ES","og_type":"article","og_title":"Fular teixit de 4,60m","og_description":"La teva botiga d\u2019ecocrian\u00e7a i espai d\u2019acompanyament a la maternitat","og_url":"https:\/\/somllavors.com\/es\/producte\/fular-portanadons-neobulle-maya-460m","og_site_name":"Som Llavors","article_publisher":"https:\/\/www.facebook.com\/somllavorsvng\/?locale=ca_ES","article_modified_time":"2022-01-31T22:53:29+00:00","og_image":[{"width":1000,"height":1012,"url":"https:\/\/somllavors.com\/wp-content\/uploads\/fular-tejido-nobulle-maya-portabebe-ergonomico-kangura-portabebes-3.jpg","type":"image\/jpeg"}],"twitter_card":"summary_large_image","twitter_misc":{"Precio":"88,00&euro; Iva incl\u00f2s","Availability":"Hay existencias"},"schema":{"@context":"https:\/\/schema.org","@graph":[{"@type":"WebPage","@id":"https:\/\/somllavors.com\/es\/producte\/fular-portanadons-neobulle-maya-460m","url":"https:\/\/somllavors.com\/es\/producte\/fular-portanadons-neobulle-maya-460m","name":"Fular teixit de 4,60m &#8212; Som Llavors","isPartOf":{"@id":"https:\/\/somllavors.com\/es#website"},"primaryImageOfPage":{"@id":"https:\/\/somllavors.com\/es\/producte\/fular-portanadons-neobulle-maya-460m#primaryimage"},"image":{"@id":"https:\/\/somllavors.com\/es\/producte\/fular-portanadons-neobulle-maya-460m#primaryimage"},"thumbnailUrl":"https:\/\/somllavors.com\/wp-content\/uploads\/fular-tejido-nobulle-maya-portabebe-ergonomico-kangura-portabebes-3.jpg","datePublished":"2021-06-15T22:13:21+00:00","dateModified":"2022-01-31T22:53:29+00:00","description":"El fulard teixit N\u00e9obulle, de 4,60 metres de llarg i \u00a0100% de cot\u00f3 natural, et permet oferir una posici\u00f3 agradable i natural al beb\u00e8, per a portar-lo davant, al maluc o a l'esquena. La t\u00e8cnica i qualitat del teixit i de la tela s\u00f3n incomparables. &nbsp; Caracter\u00edstiques d'\u00fas: Edat del beb\u00e8: de 0 a 4 anys Pes del beb\u00e8: 3 a *20kg Posicions: davant, esquena i maluc \u00das: continuat \u00c8poca: tot l'any Descripci\u00f3 t\u00e8cnica: Talla: 3, 4, 5 i 6 Materials: 100% cot\u00f3 *\u00f6ko-*tex Dimensions: 3,*60m, 4,*10m, 4,*60m, 5,*20m Fabricador: *N\u00e9obulle Rentable: a m\u00e0quina Compleix la Normativa Europea de *Portabeb\u00e9s","breadcrumb":{"@id":"https:\/\/somllavors.com\/es\/producte\/fular-portanadons-neobulle-maya-460m#breadcrumb"},"inLanguage":"es","potentialAction":[{"@type":"ReadAction","target":["https:\/\/somllavors.com\/es\/producte\/fular-portanadons-neobulle-maya-460m"]}]},{"@type":"ImageObject","inLanguage":"es","@id":"https:\/\/somllavors.com\/es\/producte\/fular-portanadons-neobulle-maya-460m#primaryimage","url":"https:\/\/somllavors.com\/wp-content\/uploads\/fular-tejido-nobulle-maya-portabebe-ergonomico-kangura-portabebes-3.jpg","contentUrl":"https:\/\/somllavors.com\/wp-content\/uploads\/fular-tejido-nobulle-maya-portabebe-ergonomico-kangura-portabebes-3.jpg","width":1000,"height":1012,"caption":"Fular r\u00edjido, fular r\u00edjid, Porteo ergonomico, portanadons, porteig"},{"@type":"BreadcrumbList","@id":"https:\/\/somllavors.com\/es\/producte\/fular-portanadons-neobulle-maya-460m#breadcrumb","itemListElement":[{"@type":"ListItem","position":1,"name":"Inici","item":"https:\/\/somllavors.com\/es"},{"@type":"ListItem","position":2,"name":"Tienda","item":"https:\/\/somllavors.com\/es\/botiga-2"},{"@type":"ListItem","position":3,"name":"Fular teixit de 4,60m"}]},{"@type":"WebSite","@id":"https:\/\/somllavors.com\/es#website","url":"https:\/\/somllavors.com\/es","name":"Som Llavors","description":"Botiga de crian\u00e7a natural","publisher":{"@id":"https:\/\/somllavors.com\/es#organization"},"alternateName":"Crian\u00e7a Natural i Sostenible","potentialAction":[{"@type":"SearchAction","target":{"@type":"EntryPoint","urlTemplate":"https:\/\/somllavors.com\/es?s={search_term_string}"},"query-input":{"@type":"PropertyValueSpecification","valueRequired":true,"valueName":"search_term_string"}}],"inLanguage":"es"},{"@type":["Organization","Place","Store"],"@id":"https:\/\/somllavors.com\/es#organization","name":"Som Llavors","alternateName":"Crian\u00e7a Natural i Sostenible","url":"https:\/\/somllavors.com\/es","logo":{"@id":"https:\/\/somllavors.com\/es\/producte\/fular-portanadons-neobulle-maya-460m#local-main-organization-logo"},"image":{"@id":"https:\/\/somllavors.com\/es\/producte\/fular-portanadons-neobulle-maya-460m#local-main-organization-logo"},"sameAs":["https:\/\/www.facebook.com\/somllavorsvng\/?locale=ca_ES","https:\/\/www.instagram.com\/somllavors_vng\/","https:\/\/www.youtube.com\/@somllavors"],"address":{"@id":"https:\/\/somllavors.com\/es\/producte\/fular-portanadons-neobulle-maya-460m#local-main-place-address"},"geo":{"@type":"GeoCoordinates","latitude":"41.2257737","longitude":"1.723258859"},"telephone":["623152704","623152704"],"openingHoursSpecification":[{"@type":"OpeningHoursSpecification","dayOfWeek":["Monday","Sunday"],"opens":"00:00","closes":"00:00"},{"@type":"OpeningHoursSpecification","dayOfWeek":["Tuesday","Wednesday","Thursday","Friday"],"opens":"10:00","closes":"20:00"},{"@type":"OpeningHoursSpecification","dayOfWeek":["Saturday"],"opens":"10:00","closes":"13:30"}],"email":"info@somllavors.com"},{"@type":"PostalAddress","@id":"https:\/\/somllavors.com\/es\/producte\/fular-portanadons-neobulle-maya-460m#local-main-place-address","streetAddress":"Carrer de l'aigua, 6","addressLocality":"Vilanova i la Geltr\u00fa","postalCode":"08800","addressRegion":"Barcelona","addressCountry":"ES"},{"@type":"ImageObject","inLanguage":"es","@id":"https:\/\/somllavors.com\/es\/producte\/fular-portanadons-neobulle-maya-460m#local-main-organization-logo","url":"https:\/\/somllavors.com\/wp-content\/uploads\/Logotip-Som-Llavors.jpg","contentUrl":"https:\/\/somllavors.com\/wp-content\/uploads\/Logotip-Som-Llavors.jpg","width":1444,"height":1323,"caption":"Som Llavors"}]},"product_price_amount":"88.00","product_price_currency":"EUR","og_availability":"instock","product_availability":"instock","product_condition":"new","geo.placename":"Vilanova i la Geltr\u00fa","geo.position":{"lat":"41.2257737","long":"1.723258859"},"geo.region":"Espa\u00f1a"},"brands":[],"_links":{"self":[{"href":"https:\/\/somllavors.com\/es\/wp-json\/wp\/v2\/product\/8601","targetHints":{"allow":["GET"]}}],"collection":[{"href":"https:\/\/somllavors.com\/es\/wp-json\/wp\/v2\/product"}],"about":[{"href":"https:\/\/somllavors.com\/es\/wp-json\/wp\/v2\/types\/product"}],"wp:featuredmedia":[{"embeddable":true,"href":"https:\/\/somllavors.com\/es\/wp-json\/wp\/v2\/media\/8608"}],"wp:attachment":[{"href":"https:\/\/somllavors.com\/es\/wp-json\/wp\/v2\/media?parent=8601"}],"wp:term":[{"taxonomy":"pwb-brand","embeddable":true,"href":"https:\/\/somllavors.com\/es\/wp-json\/wp\/v2\/pwb-brand?post=8601"},{"taxonomy":"product_brand","embeddable":true,"href":"https:\/\/somllavors.com\/es\/wp-json\/wp\/v2\/product_brand?post=8601"},{"taxonomy":"product_cat","embeddable":true,"href":"https:\/\/somllavors.com\/es\/wp-json\/wp\/v2\/product_cat?post=8601"},{"taxonomy":"product_tag","embeddable":true,"href":"https:\/\/somllavors.com\/es\/wp-json\/wp\/v2\/product_tag?post=8601"}],"curies":[{"name":"wp","href":"https:\/\/api.w.org\/{rel}","templated":true}]}}