{"id":86090,"date":"2025-12-09T16:13:00","date_gmt":"2025-12-09T15:13:00","guid":{"rendered":"https:\/\/somllavors.com\/producte\/eco-pastillas-lavavajillas-6-en-1-30-lavados"},"modified":"2025-12-09T16:13:00","modified_gmt":"2025-12-09T15:13:00","slug":"eco-pastillas-lavavajillas-6-en-1-30-lavados","status":"publish","type":"product","link":"https:\/\/somllavors.com\/es\/producte\/eco-pastillas-lavavajillas-6-en-1-30-lavados","title":{"rendered":"Eco Pastillas Lavavajillas 6 en 1 &#8211; 30 lavados"},"content":{"rendered":"<section class=\"shopify-section section\">\n<div class=\"isolate\">\n<div class=\"rich-text content-container color-scheme-1 gradient rich-text--full-width content-container--full-width section-template--26852498276691__rich_text_K9Yta8-padding\">\n<div class=\"rich-text__wrapper rich-text__wrapper--center page-width\">\n<div class=\"rich-text__blocks center\">\n<h2 class=\"rich-text__heading rte inline-richtext h1\">Libre de disruptores endocrinos que alteran tu salud hormonal<\/h2>\n<\/div>\n<p>La mayor\u00eda de detergentes comerciales usan productos que act\u00faan como disruptores endocrinos.<\/p>\n<p><strong>Son sustancias que pueden imitar a una hormona, bloquearla o alterar su funci\u00f3n.<\/strong> Y aunque lo haga en cantidades muy peque\u00f1as, el efecto puede ser enorme porque el sistema hormonal funciona con dosis m\u00ednimas y tiempos precisos.<\/p>\n<p>Esto es especialmente importante para personas con problemas de tiroides, infertilidad, ovarios poliqu\u00edsticos, alergias, endometriosis o dermatitis.<\/p>\n<p>&nbsp;<\/p>\n<\/div>\n<\/div>\n<\/div>\n<\/section>\n<section class=\"shopify-section section\">\n<div class=\"section-template--26852498276691__image_with_text_iBJgHd-padding gradient color-scheme-1\">\n<section class=\"shopify-section section\">\n<div class=\"isolate\">\n<div class=\"rich-text content-container color-scheme-1 gradient rich-text--full-width content-container--full-width section-template--26852498276691__rich_text_XcYUPr-padding\">\n<div class=\"rich-text__wrapper rich-text__wrapper--center page-width\">\n<div class=\"rich-text__blocks center\">\n<h2 class=\"rich-text__heading rte inline-richtext h1\">Caja Biodegradable<\/h2>\n<\/div>\n<\/div>\n<\/div>\n<\/div>\n<\/section>\n<section class=\"shopify-section section image-with-text video-with-text\">\n<div class=\"image-with-text image-with-text--no-overlap page-width isolate section-template--26852498276691__f99d6f01-f163-4a76-af5f-951caafd161a-padding\">\n<div class=\"image-with-text__grid grid grid--gapless grid--1-col grid--2-col-tablet\">\n<div class=\"image-with-text__text-item grid__item\">\n<div id=\"ImageWithText--template--26852498276691__f99d6f01-f163-4a76-af5f-951caafd161a\" class=\"image-with-text__content image-with-text__content--middle image-with-text__content--desktop-left image-with-text__content--mobile-left image-with-text__content--adapt gradient color-background-1 content-container\">\n<div class=\"image-with-text__text rte body \">\n<p>La caja est\u00e1 hecha con cart\u00f3n y tinta 100% biodegradables.<\/p>\n<p>Puedes reciclarlo en el cart\u00f3n o compostarlo, y se deshace en unos 3 meses, dependiendo del entorno. Esto es mucho mejor que el pl\u00e1stico, que puede tardar hasta 800 a\u00f1os en descomponerse. <\/p>\n<p>&nbsp;<\/p>\n<section class=\"shopify-section section\">\n<div class=\"isolate\">\n<div class=\"rich-text content-container color-scheme-1 gradient rich-text--full-width content-container--full-width section-template--26852498276691__rich_text_AG99EW-padding\">\n<div class=\"rich-text__wrapper rich-text__wrapper--center page-width\">\n<div class=\"rich-text__blocks center\">\n<h2 class=\"rich-text__heading rte inline-richtext h1\">\u00bfC\u00f3mo se utiliza?<\/h2>\n<\/div>\n<\/div>\n<\/div>\n<\/div>\n<\/section>\n<section class=\"shopify-section section\">\n<div class=\"section-template--26852498276691__image_with_text_pCFwDT-padding gradient color-scheme-1\">\n<div class=\"page-width\">\n<div class=\"image-with-text image-with-text--no-overlap isolate\">\n<div class=\"image-with-text__grid grid grid--gapless grid--1-col grid--2-col-tablet image-with-text__grid--reverse\">\n<div class=\"image-with-text__media-item image-with-text__media-item--medium image-with-text__media-item--middle grid__item\">\n<div class=\"image-with-text__media image-with-text__media--adapt global-media-settings background-transparent media\"><span style=\"font-size: 16px;\">F\u00e1cil y pr\u00e1ctico<\/span><\/div>\n<\/div>\n<div class=\"image-with-text__text-item grid__item\">\n<div id=\"ImageWithText--template--26852498276691__image_with_text_pCFwDT\" class=\"image-with-text__content image-with-text__content--middle image-with-text__content--desktop-left image-with-text__content--mobile-left image-with-text__content--adapt content-container background-transparent\">\n<div class=\"image-with-text__text rte body\">\n<p>Con una \u00fanica pastilla tendr\u00e1s tu vajilla brillante:<\/p>\n<p><strong>1. Introduce la pastilla entera en el cajet\u00edn.<\/strong><\/p>\n<p><strong>2. \u00a1No hace falta a\u00f1adir m\u00e1s productos!<\/strong><\/p>\n<p><strong>3. Usa tu programa de lavado habitual. Si no llenas el lavavajillas, usa el programa media carga. <\/strong><\/p>\n<p><strong>4. \u00a1Listo! Vajilla impecable. <\/strong><\/p>\n<\/div>\n<\/div>\n<\/div>\n<\/div>\n<\/div>\n<\/div>\n<\/div>\n<\/section>\n<\/div>\n<\/div>\n<\/div>\n<\/div>\n<\/div>\n<\/section>\n<p>&nbsp;<\/p>\n<section class=\"shopify-section section\">\n<div class=\"isolate\">\n<div class=\"rich-text content-container color-scheme-1 gradient rich-text--full-width content-container--full-width section-template--26852498276691__rich_text_TeEaGz-padding\">\n<div class=\"rich-text__wrapper rich-text__wrapper--center page-width\">\n<div class=\"rich-text__blocks center\">\n<h2 class=\"rich-text__heading rte inline-richtext h1\">\u00bfQu\u00e9 significa tener el Certificado Ecolabel?<\/h2>\n<\/div>\n<\/div>\n<\/div>\n<\/div>\n<\/section>\n<section class=\"shopify-section section\">\n<div class=\"section-template--26852498276691__image_with_text_Mq3xka-padding gradient color-scheme-1\">\n<div class=\"page-width\">\n<div class=\"image-with-text image-with-text--no-overlap isolate\">\n<div class=\"image-with-text__grid grid grid--gapless grid--1-col grid--2-col-tablet\">\n<div class=\"image-with-text__media-item image-with-text__media-item--medium image-with-text__media-item--middle grid__item\">\n<div class=\"image-with-text__media image-with-text__media--adapt global-media-settings background-transparent media\"><img loading=\"lazy\" decoding=\"async\" class=\"alignright\" src=\"https:\/\/natulim.com\/cdn\/shop\/files\/LAV_-_PRODUCTOFOTO_-_ECOLABEL_-_ESP.webp?v=1747063207&amp;width=1500\" sizes=\"auto, (min-width: 1300px) 600px, (min-width: 750px) calc((100vw - 130px) \/ 2), calc((100vw - 50px) \/ 2)\" srcset=\"\/\/natulim.com\/cdn\/shop\/files\/LAV_-_PRODUCTOFOTO_-_ECOLABEL_-_ESP.webp?v=1747063207&amp;width=165 165w, \/\/natulim.com\/cdn\/shop\/files\/LAV_-_PRODUCTOFOTO_-_ECOLABEL_-_ESP.webp?v=1747063207&amp;width=360 360w, \/\/natulim.com\/cdn\/shop\/files\/LAV_-_PRODUCTOFOTO_-_ECOLABEL_-_ESP.webp?v=1747063207&amp;width=535 535w, \/\/natulim.com\/cdn\/shop\/files\/LAV_-_PRODUCTOFOTO_-_ECOLABEL_-_ESP.webp?v=1747063207&amp;width=750 750w, \/\/natulim.com\/cdn\/shop\/files\/LAV_-_PRODUCTOFOTO_-_ECOLABEL_-_ESP.webp?v=1747063207&amp;width=1070 1070w, \/\/natulim.com\/cdn\/shop\/files\/LAV_-_PRODUCTOFOTO_-_ECOLABEL_-_ESP.webp?v=1747063207&amp;width=1500 1500w\" alt=\"\" width=\"259\" height=\"259\"><\/div>\n<\/div>\n<div class=\"image-with-text__text-item grid__item\">\n<div id=\"ImageWithText--template--26852498276691__image_with_text_Mq3xka\" class=\"image-with-text__content image-with-text__content--middle image-with-text__content--desktop-left image-with-text__content--mobile-left image-with-text__content--adapt content-container background-transparent\">\n<div class=\"image-with-text__text rte body\">\n<p>Nuestro detergente en pastillas cuenta con el sello oficial Ecolabel, que garantiza un bajo impacto ambiental en todo su ciclo de vida: desde la fabricaci\u00f3n hasta el desecho.<br \/>\u2705 Menos contaminantes<br \/>\u2705 Menos residuos<br \/>\u2705 Menor impacto en agua y tierra<br \/>Ecolabel eval\u00faa mucho m\u00e1s que la f\u00f3rmula: certifica todo el proceso.<\/p>\n<\/div>\n<\/div>\n<\/div>\n<\/div>\n<\/div>\n<\/div>\n<\/div>\n<\/section>\n<\/div>\n<\/section>\n","protected":false},"excerpt":{"rendered":"<p><strong>Tu vajilla limpia. Tu conciencia tranquila. Tu cuerpo, libre t\u00e9 t\u00f3xicos.  <\/strong><\/p>\n<p>\u2705 Limpieza, abrillanta y protege. Efecto secado extra. <\/p>\n<p>\u2705 Se disuelve al 100%. Sin t\u00f3xicos que alteran tu salud hormonal. <\/p>\n<p>\u2705 Sello Ecolabel: eficacia y sostenibilidad. +90% biodegradable. <\/p>\n","protected":false},"featured_media":86051,"template":"","meta":{"_acf_changed":false,"site-sidebar-layout":"default","site-content-layout":"","ast-site-content-layout":"default","site-content-style":"default","site-sidebar-style":"default","ast-global-header-display":"","ast-banner-title-visibility":"","ast-main-header-display":"","ast-hfb-above-header-display":"","ast-hfb-below-header-display":"","ast-hfb-mobile-header-display":"","site-post-title":"","ast-breadcrumbs-content":"","ast-featured-img":"","footer-sml-layout":"","ast-disable-related-posts":"","theme-transparent-header-meta":"default","adv-header-id-meta":"","stick-header-meta":"","header-above-stick-meta":"","header-main-stick-meta":"","header-below-stick-meta":"","astra-migrate-meta-layouts":"default","ast-page-background-enabled":"default","ast-page-background-meta":{"desktop":{"background-color":"","background-image":"","background-repeat":"repeat","background-position":"center center","background-size":"auto","background-attachment":"scroll","background-type":"","background-media":"","overlay-type":"","overlay-color":"","overlay-opacity":"","overlay-gradient":""},"tablet":{"background-color":"","background-image":"","background-repeat":"repeat","background-position":"center center","background-size":"auto","background-attachment":"scroll","background-type":"","background-media":"","overlay-type":"","overlay-color":"","overlay-opacity":"","overlay-gradient":""},"mobile":{"background-color":"","background-image":"","background-repeat":"repeat","background-position":"center center","background-size":"auto","background-attachment":"scroll","background-type":"","background-media":"","overlay-type":"","overlay-color":"","overlay-opacity":"","overlay-gradient":""}},"ast-content-background-meta":{"desktop":{"background-color":"var(--ast-global-color-5)","background-image":"","background-repeat":"repeat","background-position":"center center","background-size":"auto","background-attachment":"scroll","background-type":"","background-media":"","overlay-type":"","overlay-color":"","overlay-opacity":"","overlay-gradient":""},"tablet":{"background-color":"var(--ast-global-color-5)","background-image":"","background-repeat":"repeat","background-position":"center center","background-size":"auto","background-attachment":"scroll","background-type":"","background-media":"","overlay-type":"","overlay-color":"","overlay-opacity":"","overlay-gradient":""},"mobile":{"background-color":"var(--ast-global-color-5)","background-image":"","background-repeat":"repeat","background-position":"center center","background-size":"auto","background-attachment":"scroll","background-type":"","background-media":"","overlay-type":"","overlay-color":"","overlay-opacity":"","overlay-gradient":""}}},"pwb-brand":[5929],"product_brand":[],"product_cat":[3628],"product_tag":[],"class_list":{"0":"post-86090","1":"product","2":"type-product","3":"status-publish","4":"has-post-thumbnail","6":"pwb-brand-natulim","7":"product_cat-varios","8":"desktop-align-left","9":"tablet-align-left","10":"mobile-align-left","12":"first","13":"instock","14":"taxable","15":"shipping-taxable","16":"purchasable","17":"product-type-simple"},"acf":[],"yoast_head":"<!-- This site is optimized with the Yoast SEO Premium plugin v18.3 (Yoast SEO v27.4) - https:\/\/yoast.com\/product\/yoast-seo-premium-wordpress\/ -->\n<title>Eco Pastillas Lavavajillas 6 en 1 - 30 lavados &#8212; Som Llavors<\/title>\n<meta name=\"description\" content=\"Tu vajilla limpia. Tu conciencia tranquila. Tu cuerpo, libre t\u00e9 t\u00f3xicos.  \u2705 Limpieza, abrillanta y protege. Efecto secado extra.  \u2705 Se disuelve al 100%. Sin t\u00f3xicos que alteran tu salud hormonal.  \u2705 Sello Ecolabel: eficacia y sostenibilidad. +90% biodegradable.\" \/>\n<meta name=\"robots\" content=\"index, follow, max-snippet:-1, max-image-preview:large, max-video-preview:-1\" \/>\n<link rel=\"canonical\" href=\"https:\/\/somllavors.com\/es\/producte\/eco-pastillas-lavavajillas-6-en-1-30-lavados\" \/>\n<meta property=\"og:locale\" content=\"es_ES\" \/>\n<meta property=\"og:type\" content=\"article\" \/>\n<meta property=\"og:title\" content=\"Eco Pastillas Lavavajillas 6 en 1 - 30 lavados\" \/>\n<meta property=\"og:description\" content=\"La teva botiga d\u2019ecocrian\u00e7a i espai d\u2019acompanyament a la maternitat\" \/>\n<meta property=\"og:url\" content=\"https:\/\/somllavors.com\/es\/producte\/eco-pastillas-lavavajillas-6-en-1-30-lavados\" \/>\n<meta property=\"og:site_name\" content=\"Som Llavors\" \/>\n<meta property=\"article:publisher\" content=\"https:\/\/www.facebook.com\/somllavorsvng\/?locale=ca_ES\" \/>\n<meta property=\"og:image\" content=\"https:\/\/somllavors.com\/wp-content\/uploads\/2025\/12\/LAV_P_-_PRODUCTOFOTO_-_ESP-OK-convertido-de-png_1.webp\" \/>\n\t<meta property=\"og:image:width\" content=\"823\" \/>\n\t<meta property=\"og:image:height\" content=\"823\" \/>\n\t<meta property=\"og:image:type\" content=\"image\/webp\" \/>\n<meta name=\"twitter:card\" content=\"summary_large_image\" \/>\n<meta name=\"twitter:label1\" content=\"Precio\" \/>\n\t<meta name=\"twitter:data1\" content=\"11,95&euro; Iva incl\u00f2s\" \/>\n\t<meta name=\"twitter:label2\" content=\"Availability\" \/>\n\t<meta name=\"twitter:data2\" content=\"Hay existencias\" \/>\n<script type=\"application\/ld+json\" class=\"yoast-schema-graph\">{\"@context\":\"https:\\\/\\\/schema.org\",\"@graph\":[{\"@type\":\"WebPage\",\"@id\":\"https:\\\/\\\/somllavors.com\\\/es\\\/producte\\\/eco-pastillas-lavavajillas-6-en-1-30-lavados\",\"url\":\"https:\\\/\\\/somllavors.com\\\/es\\\/producte\\\/eco-pastillas-lavavajillas-6-en-1-30-lavados\",\"name\":\"Eco Pastillas Lavavajillas 6 en 1 - 30 lavados &#8212; Som Llavors\",\"isPartOf\":{\"@id\":\"https:\\\/\\\/somllavors.com\\\/es#website\"},\"primaryImageOfPage\":{\"@id\":\"https:\\\/\\\/somllavors.com\\\/es\\\/producte\\\/eco-pastillas-lavavajillas-6-en-1-30-lavados#primaryimage\"},\"image\":{\"@id\":\"https:\\\/\\\/somllavors.com\\\/es\\\/producte\\\/eco-pastillas-lavavajillas-6-en-1-30-lavados#primaryimage\"},\"thumbnailUrl\":\"https:\\\/\\\/somllavors.com\\\/wp-content\\\/uploads\\\/2025\\\/12\\\/LAV_P_-_PRODUCTOFOTO_-_ESP-OK-convertido-de-png_1.webp\",\"datePublished\":\"2025-12-09T15:13:00+00:00\",\"description\":\"Tu vajilla limpia. Tu conciencia tranquila. Tu cuerpo, libre t\u00e9 t\u00f3xicos. \u2705 Limpieza, abrillanta y protege. Efecto secado extra. \u2705 Se disuelve al 100%. Sin t\u00f3xicos que alteran tu salud hormonal. \u2705 Sello Ecolabel: eficacia y sostenibilidad. +90% biodegradable.\",\"breadcrumb\":{\"@id\":\"https:\\\/\\\/somllavors.com\\\/es\\\/producte\\\/eco-pastillas-lavavajillas-6-en-1-30-lavados#breadcrumb\"},\"inLanguage\":\"es\",\"potentialAction\":[{\"@type\":\"ReadAction\",\"target\":[\"https:\\\/\\\/somllavors.com\\\/es\\\/producte\\\/eco-pastillas-lavavajillas-6-en-1-30-lavados\"]}]},{\"@type\":\"ImageObject\",\"inLanguage\":\"es\",\"@id\":\"https:\\\/\\\/somllavors.com\\\/es\\\/producte\\\/eco-pastillas-lavavajillas-6-en-1-30-lavados#primaryimage\",\"url\":\"https:\\\/\\\/somllavors.com\\\/wp-content\\\/uploads\\\/2025\\\/12\\\/LAV_P_-_PRODUCTOFOTO_-_ESP-OK-convertido-de-png_1.webp\",\"contentUrl\":\"https:\\\/\\\/somllavors.com\\\/wp-content\\\/uploads\\\/2025\\\/12\\\/LAV_P_-_PRODUCTOFOTO_-_ESP-OK-convertido-de-png_1.webp\",\"width\":823,\"height\":823,\"caption\":\"Natulim pastilles rentaplats eco\"},{\"@type\":\"BreadcrumbList\",\"@id\":\"https:\\\/\\\/somllavors.com\\\/es\\\/producte\\\/eco-pastillas-lavavajillas-6-en-1-30-lavados#breadcrumb\",\"itemListElement\":[{\"@type\":\"ListItem\",\"position\":1,\"name\":\"Inici\",\"item\":\"https:\\\/\\\/somllavors.com\\\/es\"},{\"@type\":\"ListItem\",\"position\":2,\"name\":\"Tienda\",\"item\":\"https:\\\/\\\/somllavors.com\\\/es\\\/botiga-2\"},{\"@type\":\"ListItem\",\"position\":3,\"name\":\"Eco Pastillas Lavavajillas 6 en 1 &#8211; 30 lavados\"}]},{\"@type\":\"WebSite\",\"@id\":\"https:\\\/\\\/somllavors.com\\\/es#website\",\"url\":\"https:\\\/\\\/somllavors.com\\\/es\",\"name\":\"Som Llavors\",\"description\":\"Botiga de crian\u00e7a natural\",\"publisher\":{\"@id\":\"https:\\\/\\\/somllavors.com\\\/es#organization\"},\"alternateName\":\"Crian\u00e7a Natural i Sostenible\",\"potentialAction\":[{\"@type\":\"SearchAction\",\"target\":{\"@type\":\"EntryPoint\",\"urlTemplate\":\"https:\\\/\\\/somllavors.com\\\/es?s={search_term_string}\"},\"query-input\":{\"@type\":\"PropertyValueSpecification\",\"valueRequired\":true,\"valueName\":\"search_term_string\"}}],\"inLanguage\":\"es\"},{\"@type\":[\"Organization\",\"Place\",\"Store\"],\"@id\":\"https:\\\/\\\/somllavors.com\\\/es#organization\",\"name\":\"Som Llavors\",\"alternateName\":\"Crian\u00e7a Natural i Sostenible\",\"url\":\"https:\\\/\\\/somllavors.com\\\/es\",\"logo\":{\"@id\":\"https:\\\/\\\/somllavors.com\\\/es\\\/producte\\\/eco-pastillas-lavavajillas-6-en-1-30-lavados#local-main-organization-logo\"},\"image\":{\"@id\":\"https:\\\/\\\/somllavors.com\\\/es\\\/producte\\\/eco-pastillas-lavavajillas-6-en-1-30-lavados#local-main-organization-logo\"},\"sameAs\":[\"https:\\\/\\\/www.facebook.com\\\/somllavorsvng\\\/?locale=ca_ES\",\"https:\\\/\\\/www.instagram.com\\\/somllavors_vng\\\/\",\"https:\\\/\\\/www.youtube.com\\\/@somllavors\"],\"address\":{\"@id\":\"https:\\\/\\\/somllavors.com\\\/es\\\/producte\\\/eco-pastillas-lavavajillas-6-en-1-30-lavados#local-main-place-address\"},\"geo\":{\"@type\":\"GeoCoordinates\",\"latitude\":\"41.2257737\",\"longitude\":\"1.723258859\"},\"telephone\":[\"623152704\"],\"openingHoursSpecification\":[{\"@type\":\"OpeningHoursSpecification\",\"dayOfWeek\":[\"Monday\",\"Sunday\"],\"opens\":\"00:00\",\"closes\":\"00:00\"},{\"@type\":\"OpeningHoursSpecification\",\"dayOfWeek\":[\"Tuesday\",\"Wednesday\",\"Thursday\",\"Friday\"],\"opens\":\"10:00\",\"closes\":\"20:00\"},{\"@type\":\"OpeningHoursSpecification\",\"dayOfWeek\":[\"Saturday\"],\"opens\":\"10:00\",\"closes\":\"13:30\"}],\"email\":\"info@somllavors.com\"},{\"@type\":\"PostalAddress\",\"@id\":\"https:\\\/\\\/somllavors.com\\\/es\\\/producte\\\/eco-pastillas-lavavajillas-6-en-1-30-lavados#local-main-place-address\",\"streetAddress\":\"Carrer de l'aigua, 6\",\"addressLocality\":\"Vilanova i la Geltr\u00fa\",\"postalCode\":\"08800\",\"addressRegion\":\"Barcelona\",\"addressCountry\":\"ES\"},{\"@type\":\"ImageObject\",\"inLanguage\":\"es\",\"@id\":\"https:\\\/\\\/somllavors.com\\\/es\\\/producte\\\/eco-pastillas-lavavajillas-6-en-1-30-lavados#local-main-organization-logo\",\"url\":\"https:\\\/\\\/somllavors.com\\\/wp-content\\\/uploads\\\/Logotip-Som-Llavors.jpg\",\"contentUrl\":\"https:\\\/\\\/somllavors.com\\\/wp-content\\\/uploads\\\/Logotip-Som-Llavors.jpg\",\"width\":1444,\"height\":1323,\"caption\":\"Som Llavors\"}]}<\/script>\n<meta property=\"product:price:amount\" content=\"11.95\" \/>\n<meta property=\"product:price:currency\" content=\"EUR\" \/>\n<meta property=\"og:availability\" content=\"instock\" \/>\n<meta property=\"product:availability\" content=\"instock\" \/>\n<meta property=\"product:retailer_item_id\" content=\"NLV30\" \/>\n<meta property=\"product:condition\" content=\"new\" \/>\n<meta name=\"geo.placename\" content=\"Vilanova i la Geltr\u00fa\" \/>\n<meta name=\"geo.position\" content=\"41.2257737;1.723258859\" \/>\n<meta name=\"geo.region\" content=\"Espa\u00f1a\" \/>\n<!-- \/ Yoast SEO Premium plugin. -->","yoast_head_json":{"title":"Eco Pastillas Lavavajillas 6 en 1 - 30 lavados &#8212; Som Llavors","description":"Tu vajilla limpia. Tu conciencia tranquila. Tu cuerpo, libre t\u00e9 t\u00f3xicos.  \u2705 Limpieza, abrillanta y protege. Efecto secado extra.  \u2705 Se disuelve al 100%. Sin t\u00f3xicos que alteran tu salud hormonal.  \u2705 Sello Ecolabel: eficacia y sostenibilidad. +90% biodegradable.","robots":{"index":"index","follow":"follow","max-snippet":"max-snippet:-1","max-image-preview":"max-image-preview:large","max-video-preview":"max-video-preview:-1"},"canonical":"https:\/\/somllavors.com\/es\/producte\/eco-pastillas-lavavajillas-6-en-1-30-lavados","og_locale":"es_ES","og_type":"article","og_title":"Eco Pastillas Lavavajillas 6 en 1 - 30 lavados","og_description":"La teva botiga d\u2019ecocrian\u00e7a i espai d\u2019acompanyament a la maternitat","og_url":"https:\/\/somllavors.com\/es\/producte\/eco-pastillas-lavavajillas-6-en-1-30-lavados","og_site_name":"Som Llavors","article_publisher":"https:\/\/www.facebook.com\/somllavorsvng\/?locale=ca_ES","og_image":[{"width":823,"height":823,"url":"https:\/\/somllavors.com\/wp-content\/uploads\/2025\/12\/LAV_P_-_PRODUCTOFOTO_-_ESP-OK-convertido-de-png_1.webp","type":"image\/webp"}],"twitter_card":"summary_large_image","twitter_misc":{"Precio":"11,95&euro; Iva incl\u00f2s","Availability":"Hay existencias"},"schema":{"@context":"https:\/\/schema.org","@graph":[{"@type":"WebPage","@id":"https:\/\/somllavors.com\/es\/producte\/eco-pastillas-lavavajillas-6-en-1-30-lavados","url":"https:\/\/somllavors.com\/es\/producte\/eco-pastillas-lavavajillas-6-en-1-30-lavados","name":"Eco Pastillas Lavavajillas 6 en 1 - 30 lavados &#8212; Som Llavors","isPartOf":{"@id":"https:\/\/somllavors.com\/es#website"},"primaryImageOfPage":{"@id":"https:\/\/somllavors.com\/es\/producte\/eco-pastillas-lavavajillas-6-en-1-30-lavados#primaryimage"},"image":{"@id":"https:\/\/somllavors.com\/es\/producte\/eco-pastillas-lavavajillas-6-en-1-30-lavados#primaryimage"},"thumbnailUrl":"https:\/\/somllavors.com\/wp-content\/uploads\/2025\/12\/LAV_P_-_PRODUCTOFOTO_-_ESP-OK-convertido-de-png_1.webp","datePublished":"2025-12-09T15:13:00+00:00","description":"Tu vajilla limpia. Tu conciencia tranquila. Tu cuerpo, libre t\u00e9 t\u00f3xicos. \u2705 Limpieza, abrillanta y protege. Efecto secado extra. \u2705 Se disuelve al 100%. Sin t\u00f3xicos que alteran tu salud hormonal. \u2705 Sello Ecolabel: eficacia y sostenibilidad. +90% biodegradable.","breadcrumb":{"@id":"https:\/\/somllavors.com\/es\/producte\/eco-pastillas-lavavajillas-6-en-1-30-lavados#breadcrumb"},"inLanguage":"es","potentialAction":[{"@type":"ReadAction","target":["https:\/\/somllavors.com\/es\/producte\/eco-pastillas-lavavajillas-6-en-1-30-lavados"]}]},{"@type":"ImageObject","inLanguage":"es","@id":"https:\/\/somllavors.com\/es\/producte\/eco-pastillas-lavavajillas-6-en-1-30-lavados#primaryimage","url":"https:\/\/somllavors.com\/wp-content\/uploads\/2025\/12\/LAV_P_-_PRODUCTOFOTO_-_ESP-OK-convertido-de-png_1.webp","contentUrl":"https:\/\/somllavors.com\/wp-content\/uploads\/2025\/12\/LAV_P_-_PRODUCTOFOTO_-_ESP-OK-convertido-de-png_1.webp","width":823,"height":823,"caption":"Natulim pastilles rentaplats eco"},{"@type":"BreadcrumbList","@id":"https:\/\/somllavors.com\/es\/producte\/eco-pastillas-lavavajillas-6-en-1-30-lavados#breadcrumb","itemListElement":[{"@type":"ListItem","position":1,"name":"Inici","item":"https:\/\/somllavors.com\/es"},{"@type":"ListItem","position":2,"name":"Tienda","item":"https:\/\/somllavors.com\/es\/botiga-2"},{"@type":"ListItem","position":3,"name":"Eco Pastillas Lavavajillas 6 en 1 &#8211; 30 lavados"}]},{"@type":"WebSite","@id":"https:\/\/somllavors.com\/es#website","url":"https:\/\/somllavors.com\/es","name":"Som Llavors","description":"Botiga de crian\u00e7a natural","publisher":{"@id":"https:\/\/somllavors.com\/es#organization"},"alternateName":"Crian\u00e7a Natural i Sostenible","potentialAction":[{"@type":"SearchAction","target":{"@type":"EntryPoint","urlTemplate":"https:\/\/somllavors.com\/es?s={search_term_string}"},"query-input":{"@type":"PropertyValueSpecification","valueRequired":true,"valueName":"search_term_string"}}],"inLanguage":"es"},{"@type":["Organization","Place","Store"],"@id":"https:\/\/somllavors.com\/es#organization","name":"Som Llavors","alternateName":"Crian\u00e7a Natural i Sostenible","url":"https:\/\/somllavors.com\/es","logo":{"@id":"https:\/\/somllavors.com\/es\/producte\/eco-pastillas-lavavajillas-6-en-1-30-lavados#local-main-organization-logo"},"image":{"@id":"https:\/\/somllavors.com\/es\/producte\/eco-pastillas-lavavajillas-6-en-1-30-lavados#local-main-organization-logo"},"sameAs":["https:\/\/www.facebook.com\/somllavorsvng\/?locale=ca_ES","https:\/\/www.instagram.com\/somllavors_vng\/","https:\/\/www.youtube.com\/@somllavors"],"address":{"@id":"https:\/\/somllavors.com\/es\/producte\/eco-pastillas-lavavajillas-6-en-1-30-lavados#local-main-place-address"},"geo":{"@type":"GeoCoordinates","latitude":"41.2257737","longitude":"1.723258859"},"telephone":["623152704","623152704"],"openingHoursSpecification":[{"@type":"OpeningHoursSpecification","dayOfWeek":["Monday","Sunday"],"opens":"00:00","closes":"00:00"},{"@type":"OpeningHoursSpecification","dayOfWeek":["Tuesday","Wednesday","Thursday","Friday"],"opens":"10:00","closes":"20:00"},{"@type":"OpeningHoursSpecification","dayOfWeek":["Saturday"],"opens":"10:00","closes":"13:30"}],"email":"info@somllavors.com"},{"@type":"PostalAddress","@id":"https:\/\/somllavors.com\/es\/producte\/eco-pastillas-lavavajillas-6-en-1-30-lavados#local-main-place-address","streetAddress":"Carrer de l'aigua, 6","addressLocality":"Vilanova i la Geltr\u00fa","postalCode":"08800","addressRegion":"Barcelona","addressCountry":"ES"},{"@type":"ImageObject","inLanguage":"es","@id":"https:\/\/somllavors.com\/es\/producte\/eco-pastillas-lavavajillas-6-en-1-30-lavados#local-main-organization-logo","url":"https:\/\/somllavors.com\/wp-content\/uploads\/Logotip-Som-Llavors.jpg","contentUrl":"https:\/\/somllavors.com\/wp-content\/uploads\/Logotip-Som-Llavors.jpg","width":1444,"height":1323,"caption":"Som Llavors"}]},"product_price_amount":"11.95","product_price_currency":"EUR","og_availability":"instock","product_availability":"instock","product_retailer_item_id":"NLV30","product_condition":"new","geo.placename":"Vilanova i la Geltr\u00fa","geo.position":{"lat":"41.2257737","long":"1.723258859"},"geo.region":"Espa\u00f1a"},"brands":[{"id":5929,"name":"Natulim","slug":"natulim"}],"_links":{"self":[{"href":"https:\/\/somllavors.com\/es\/wp-json\/wp\/v2\/product\/86090","targetHints":{"allow":["GET"]}}],"collection":[{"href":"https:\/\/somllavors.com\/es\/wp-json\/wp\/v2\/product"}],"about":[{"href":"https:\/\/somllavors.com\/es\/wp-json\/wp\/v2\/types\/product"}],"wp:featuredmedia":[{"embeddable":true,"href":"https:\/\/somllavors.com\/es\/wp-json\/wp\/v2\/media\/86051"}],"wp:attachment":[{"href":"https:\/\/somllavors.com\/es\/wp-json\/wp\/v2\/media?parent=86090"}],"wp:term":[{"taxonomy":"pwb-brand","embeddable":true,"href":"https:\/\/somllavors.com\/es\/wp-json\/wp\/v2\/pwb-brand?post=86090"},{"taxonomy":"product_brand","embeddable":true,"href":"https:\/\/somllavors.com\/es\/wp-json\/wp\/v2\/product_brand?post=86090"},{"taxonomy":"product_cat","embeddable":true,"href":"https:\/\/somllavors.com\/es\/wp-json\/wp\/v2\/product_cat?post=86090"},{"taxonomy":"product_tag","embeddable":true,"href":"https:\/\/somllavors.com\/es\/wp-json\/wp\/v2\/product_tag?post=86090"}],"curies":[{"name":"wp","href":"https:\/\/api.w.org\/{rel}","templated":true}]}}