{"id":86139,"date":"2025-12-09T09:48:04","date_gmt":"2025-12-09T08:48:04","guid":{"rendered":"https:\/\/somllavors.com\/producte\/protector-de-lluvia-para-capazo-joolz-aer-aer2"},"modified":"2025-12-09T09:48:04","modified_gmt":"2025-12-09T08:48:04","slug":"protector-de-lluvia-para-capazo-joolz-aer-aer2","status":"publish","type":"product","link":"https:\/\/somllavors.com\/es\/producte\/protector-de-lluvia-para-capazo-joolz-aer-aer2","title":{"rendered":"Protector de lluvia para capazo Joolz Aer+ \/ Aer2"},"content":{"rendered":"<p>Compatible con:<\/p>\n<ul>\n<li>Capazo del Joolz Aer+<\/li>\n<li>Capazo del Joolz Aer2<\/li>\n<\/ul>\n","protected":false},"excerpt":{"rendered":"<p>Tanto si llueve como si nieva, t\u00fa y tu beb\u00e9 podreis ir a cualquier sitio. Tu peque\u00f1o estar\u00e1 c\u00f3modo y seco gracias a este protector especialmente dise\u00f1ado para el capazo Joolz Aer. Se ajusta perfectamente y est\u00e1 fabricado con material transparente, por tanto podr\u00e1s estar pendiente de tu beb\u00e9 mientras \u00e9l puede ver el mundo.  <\/p>\n","protected":false},"featured_media":85981,"template":"","meta":{"_acf_changed":false,"site-sidebar-layout":"default","site-content-layout":"","ast-site-content-layout":"default","site-content-style":"default","site-sidebar-style":"default","ast-global-header-display":"","ast-banner-title-visibility":"","ast-main-header-display":"","ast-hfb-above-header-display":"","ast-hfb-below-header-display":"","ast-hfb-mobile-header-display":"","site-post-title":"","ast-breadcrumbs-content":"","ast-featured-img":"","footer-sml-layout":"","theme-transparent-header-meta":"default","adv-header-id-meta":"","stick-header-meta":"","header-above-stick-meta":"","header-main-stick-meta":"","header-below-stick-meta":"","astra-migrate-meta-layouts":"default","ast-page-background-enabled":"default","ast-page-background-meta":{"desktop":{"background-color":"","background-image":"","background-repeat":"repeat","background-position":"center center","background-size":"auto","background-attachment":"scroll","background-type":"","background-media":"","overlay-type":"","overlay-color":"","overlay-opacity":"","overlay-gradient":""},"tablet":{"background-color":"","background-image":"","background-repeat":"repeat","background-position":"center center","background-size":"auto","background-attachment":"scroll","background-type":"","background-media":"","overlay-type":"","overlay-color":"","overlay-opacity":"","overlay-gradient":""},"mobile":{"background-color":"","background-image":"","background-repeat":"repeat","background-position":"center center","background-size":"auto","background-attachment":"scroll","background-type":"","background-media":"","overlay-type":"","overlay-color":"","overlay-opacity":"","overlay-gradient":""}},"ast-content-background-meta":{"desktop":{"background-color":"var(--ast-global-color-5)","background-image":"","background-repeat":"repeat","background-position":"center center","background-size":"auto","background-attachment":"scroll","background-type":"","background-media":"","overlay-type":"","overlay-color":"","overlay-opacity":"","overlay-gradient":""},"tablet":{"background-color":"var(--ast-global-color-5)","background-image":"","background-repeat":"repeat","background-position":"center center","background-size":"auto","background-attachment":"scroll","background-type":"","background-media":"","overlay-type":"","overlay-color":"","overlay-opacity":"","overlay-gradient":""},"mobile":{"background-color":"var(--ast-global-color-5)","background-image":"","background-repeat":"repeat","background-position":"center center","background-size":"auto","background-attachment":"scroll","background-type":"","background-media":"","overlay-type":"","overlay-color":"","overlay-opacity":"","overlay-gradient":""}}},"pwb-brand":[4305],"product_brand":[],"product_cat":[4616],"product_tag":[5624],"class_list":{"0":"post-86139","1":"product","2":"type-product","3":"status-publish","4":"has-post-thumbnail","6":"pwb-brand-joolz-cotxets","7":"product_cat-accesorios-de-carritos","8":"product_tag-aer2-es","9":"desktop-align-left","10":"tablet-align-left","11":"mobile-align-left","13":"first","14":"instock","15":"taxable","16":"shipping-taxable","17":"purchasable","18":"product-type-simple"},"acf":[],"yoast_head":"<!-- This site is optimized with the Yoast SEO Premium plugin v18.3 (Yoast SEO v26.2) - https:\/\/yoast.com\/wordpress\/plugins\/seo\/ -->\n<title>Protector de lluvia para capazo Joolz Aer+ \/ Aer2 &#8212; Som Llavors<\/title>\n<meta name=\"description\" content=\"Tanto si llueve como si nieva, t\u00fa y tu beb\u00e9 podreis ir a cualquier sitio. Tu peque\u00f1o estar\u00e1 c\u00f3modo y seco gracias a este protector especialmente dise\u00f1ado para el capazo Joolz Aer. Se ajusta perfectamente y est\u00e1 fabricado con material transparente, por tanto podr\u00e1s estar pendiente de tu beb\u00e9 mientras \u00e9l puede ver el mundo.\" \/>\n<meta name=\"robots\" content=\"index, follow, max-snippet:-1, max-image-preview:large, max-video-preview:-1\" \/>\n<link rel=\"canonical\" href=\"https:\/\/somllavors.com\/es\/producte\/protector-de-lluvia-para-capazo-joolz-aer-aer2\" \/>\n<meta property=\"og:locale\" content=\"es_ES\" \/>\n<meta property=\"og:type\" content=\"article\" \/>\n<meta property=\"og:title\" content=\"Protector de lluvia para capazo Joolz Aer+ \/ Aer2\" \/>\n<meta property=\"og:description\" content=\"La teva botiga d\u2019ecocrian\u00e7a i espai d\u2019acompanyament a la maternitat\" \/>\n<meta property=\"og:url\" content=\"https:\/\/somllavors.com\/es\/producte\/protector-de-lluvia-para-capazo-joolz-aer-aer2\" \/>\n<meta property=\"og:site_name\" content=\"Som Llavors\" \/>\n<meta property=\"article:publisher\" content=\"https:\/\/www.facebook.com\/somllavorsvng\/?locale=ca_ES\" \/>\n<meta property=\"og:image\" content=\"https:\/\/somllavors.com\/wp-content\/uploads\/2025\/12\/Som-Llavors-Raincover-Joolz.jpg\" \/>\n\t<meta property=\"og:image:width\" content=\"1080\" \/>\n\t<meta property=\"og:image:height\" content=\"1080\" \/>\n\t<meta property=\"og:image:type\" content=\"image\/jpeg\" \/>\n<meta name=\"twitter:card\" content=\"summary_large_image\" \/>\n<meta name=\"twitter:label1\" content=\"Precio\" \/>\n\t<meta name=\"twitter:data1\" content=\"29,95&euro; Iva incl\u00f2s\" \/>\n\t<meta name=\"twitter:label2\" content=\"Availability\" \/>\n\t<meta name=\"twitter:data2\" content=\"Hay existencias\" \/>\n<script type=\"application\/ld+json\" class=\"yoast-schema-graph\">{\"@context\":\"https:\/\/schema.org\",\"@graph\":[{\"@type\":\"WebPage\",\"@id\":\"https:\/\/somllavors.com\/es\/producte\/protector-de-lluvia-para-capazo-joolz-aer-aer2\",\"url\":\"https:\/\/somllavors.com\/es\/producte\/protector-de-lluvia-para-capazo-joolz-aer-aer2\",\"name\":\"Protector de lluvia para capazo Joolz Aer+ \/ Aer2 &#8212; Som Llavors\",\"isPartOf\":{\"@id\":\"https:\/\/somllavors.com\/es#website\"},\"primaryImageOfPage\":{\"@id\":\"https:\/\/somllavors.com\/es\/producte\/protector-de-lluvia-para-capazo-joolz-aer-aer2#primaryimage\"},\"image\":{\"@id\":\"https:\/\/somllavors.com\/es\/producte\/protector-de-lluvia-para-capazo-joolz-aer-aer2#primaryimage\"},\"thumbnailUrl\":\"https:\/\/somllavors.com\/wp-content\/uploads\/2025\/12\/Som-Llavors-Raincover-Joolz.jpg\",\"datePublished\":\"2025-12-09T08:48:04+00:00\",\"description\":\"Tanto si llueve como si nieva, t\u00fa y tu beb\u00e9 podreis ir a cualquier sitio. Tu peque\u00f1o estar\u00e1 c\u00f3modo y seco gracias a este protector especialmente dise\u00f1ado para el capazo Joolz Aer. Se ajusta perfectamente y est\u00e1 fabricado con material transparente, por tanto podr\u00e1s estar pendiente de tu beb\u00e9 mientras \u00e9l puede ver el mundo.\",\"breadcrumb\":{\"@id\":\"https:\/\/somllavors.com\/es\/producte\/protector-de-lluvia-para-capazo-joolz-aer-aer2#breadcrumb\"},\"inLanguage\":\"es\",\"potentialAction\":[{\"@type\":\"ReadAction\",\"target\":[\"https:\/\/somllavors.com\/es\/producte\/protector-de-lluvia-para-capazo-joolz-aer-aer2\"]}]},{\"@type\":\"ImageObject\",\"inLanguage\":\"es\",\"@id\":\"https:\/\/somllavors.com\/es\/producte\/protector-de-lluvia-para-capazo-joolz-aer-aer2#primaryimage\",\"url\":\"https:\/\/somllavors.com\/wp-content\/uploads\/2025\/12\/Som-Llavors-Raincover-Joolz.jpg\",\"contentUrl\":\"https:\/\/somllavors.com\/wp-content\/uploads\/2025\/12\/Som-Llavors-Raincover-Joolz.jpg\",\"width\":1080,\"height\":1080,\"caption\":\"Sac cab\u00e0s aer2 Joolz\"},{\"@type\":\"BreadcrumbList\",\"@id\":\"https:\/\/somllavors.com\/es\/producte\/protector-de-lluvia-para-capazo-joolz-aer-aer2#breadcrumb\",\"itemListElement\":[{\"@type\":\"ListItem\",\"position\":1,\"name\":\"Inici\",\"item\":\"https:\/\/somllavors.com\/es\"},{\"@type\":\"ListItem\",\"position\":2,\"name\":\"Tienda\",\"item\":\"https:\/\/somllavors.com\/es\/botiga-2\"},{\"@type\":\"ListItem\",\"position\":3,\"name\":\"Protector de lluvia para capazo Joolz Aer+ \/ Aer2\"}]},{\"@type\":\"WebSite\",\"@id\":\"https:\/\/somllavors.com\/es#website\",\"url\":\"https:\/\/somllavors.com\/es\",\"name\":\"Som Llavors\",\"description\":\"Botiga de crian\u00e7a natural\",\"publisher\":{\"@id\":\"https:\/\/somllavors.com\/es#organization\"},\"alternateName\":\"Crian\u00e7a Natural i Sostenible\",\"potentialAction\":[{\"@type\":\"SearchAction\",\"target\":{\"@type\":\"EntryPoint\",\"urlTemplate\":\"https:\/\/somllavors.com\/es?s={search_term_string}\"},\"query-input\":{\"@type\":\"PropertyValueSpecification\",\"valueRequired\":true,\"valueName\":\"search_term_string\"}}],\"inLanguage\":\"es\"},{\"@type\":[\"Organization\",\"Place\",\"Store\"],\"@id\":\"https:\/\/somllavors.com\/es#organization\",\"name\":\"Som Llavors\",\"alternateName\":\"Crian\u00e7a Natural i Sostenible\",\"url\":\"https:\/\/somllavors.com\/es\",\"logo\":{\"@id\":\"https:\/\/somllavors.com\/es\/producte\/protector-de-lluvia-para-capazo-joolz-aer-aer2#local-main-organization-logo\"},\"image\":{\"@id\":\"https:\/\/somllavors.com\/es\/producte\/protector-de-lluvia-para-capazo-joolz-aer-aer2#local-main-organization-logo\"},\"sameAs\":[\"https:\/\/www.facebook.com\/somllavorsvng\/?locale=ca_ES\",\"https:\/\/www.instagram.com\/somllavors_vng\/\",\"https:\/\/www.youtube.com\/@somllavors\"],\"address\":{\"@id\":\"https:\/\/somllavors.com\/es\/producte\/protector-de-lluvia-para-capazo-joolz-aer-aer2#local-main-place-address\"},\"geo\":{\"@type\":\"GeoCoordinates\",\"latitude\":\"41.2257737\",\"longitude\":\"1.723258859\"},\"telephone\":[\"623152704\"],\"openingHoursSpecification\":[{\"@type\":\"OpeningHoursSpecification\",\"dayOfWeek\":[\"Monday\",\"Sunday\"],\"opens\":\"00:00\",\"closes\":\"00:00\"},{\"@type\":\"OpeningHoursSpecification\",\"dayOfWeek\":[\"Tuesday\",\"Wednesday\",\"Thursday\",\"Friday\"],\"opens\":\"10:00\",\"closes\":\"20:00\"},{\"@type\":\"OpeningHoursSpecification\",\"dayOfWeek\":[\"Saturday\"],\"opens\":\"10:00\",\"closes\":\"13:30\"}],\"email\":\"info@somllavors.com\"},{\"@type\":\"PostalAddress\",\"@id\":\"https:\/\/somllavors.com\/es\/producte\/protector-de-lluvia-para-capazo-joolz-aer-aer2#local-main-place-address\",\"streetAddress\":\"Carrer de l'aigua, 6\",\"addressLocality\":\"Vilanova i la Geltr\u00fa\",\"postalCode\":\"08800\",\"addressRegion\":\"Barcelona\",\"addressCountry\":\"ES\"},{\"@type\":\"ImageObject\",\"inLanguage\":\"es\",\"@id\":\"https:\/\/somllavors.com\/es\/producte\/protector-de-lluvia-para-capazo-joolz-aer-aer2#local-main-organization-logo\",\"url\":\"https:\/\/somllavors.com\/wp-content\/uploads\/Logotip-Som-Llavors.jpg\",\"contentUrl\":\"https:\/\/somllavors.com\/wp-content\/uploads\/Logotip-Som-Llavors.jpg\",\"width\":1444,\"height\":1323,\"caption\":\"Som Llavors\"}]}<\/script>\n<meta property=\"product:price:amount\" content=\"29.95\" \/>\n<meta property=\"product:price:currency\" content=\"EUR\" \/>\n<meta property=\"og:availability\" content=\"instock\" \/>\n<meta property=\"product:availability\" content=\"instock\" \/>\n<meta property=\"product:retailer_item_id\" content=\"320407\" \/>\n<meta property=\"product:condition\" content=\"new\" \/>\n<meta name=\"geo.placename\" content=\"Vilanova i la Geltr\u00fa\" \/>\n<meta name=\"geo.position\" content=\"41.2257737;1.723258859\" \/>\n<meta name=\"geo.region\" content=\"Espa\u00f1a\" \/>\n<!-- \/ Yoast SEO Premium plugin. -->","yoast_head_json":{"title":"Protector de lluvia para capazo Joolz Aer+ \/ Aer2 &#8212; Som Llavors","description":"Tanto si llueve como si nieva, t\u00fa y tu beb\u00e9 podreis ir a cualquier sitio. Tu peque\u00f1o estar\u00e1 c\u00f3modo y seco gracias a este protector especialmente dise\u00f1ado para el capazo Joolz Aer. Se ajusta perfectamente y est\u00e1 fabricado con material transparente, por tanto podr\u00e1s estar pendiente de tu beb\u00e9 mientras \u00e9l puede ver el mundo.","robots":{"index":"index","follow":"follow","max-snippet":"max-snippet:-1","max-image-preview":"max-image-preview:large","max-video-preview":"max-video-preview:-1"},"canonical":"https:\/\/somllavors.com\/es\/producte\/protector-de-lluvia-para-capazo-joolz-aer-aer2","og_locale":"es_ES","og_type":"article","og_title":"Protector de lluvia para capazo Joolz Aer+ \/ Aer2","og_description":"La teva botiga d\u2019ecocrian\u00e7a i espai d\u2019acompanyament a la maternitat","og_url":"https:\/\/somllavors.com\/es\/producte\/protector-de-lluvia-para-capazo-joolz-aer-aer2","og_site_name":"Som Llavors","article_publisher":"https:\/\/www.facebook.com\/somllavorsvng\/?locale=ca_ES","og_image":[{"width":1080,"height":1080,"url":"https:\/\/somllavors.com\/wp-content\/uploads\/2025\/12\/Som-Llavors-Raincover-Joolz.jpg","type":"image\/jpeg"}],"twitter_card":"summary_large_image","twitter_misc":{"Precio":"29,95&euro; Iva incl\u00f2s","Availability":"Hay existencias"},"schema":{"@context":"https:\/\/schema.org","@graph":[{"@type":"WebPage","@id":"https:\/\/somllavors.com\/es\/producte\/protector-de-lluvia-para-capazo-joolz-aer-aer2","url":"https:\/\/somllavors.com\/es\/producte\/protector-de-lluvia-para-capazo-joolz-aer-aer2","name":"Protector de lluvia para capazo Joolz Aer+ \/ Aer2 &#8212; Som Llavors","isPartOf":{"@id":"https:\/\/somllavors.com\/es#website"},"primaryImageOfPage":{"@id":"https:\/\/somllavors.com\/es\/producte\/protector-de-lluvia-para-capazo-joolz-aer-aer2#primaryimage"},"image":{"@id":"https:\/\/somllavors.com\/es\/producte\/protector-de-lluvia-para-capazo-joolz-aer-aer2#primaryimage"},"thumbnailUrl":"https:\/\/somllavors.com\/wp-content\/uploads\/2025\/12\/Som-Llavors-Raincover-Joolz.jpg","datePublished":"2025-12-09T08:48:04+00:00","description":"Tanto si llueve como si nieva, t\u00fa y tu beb\u00e9 podreis ir a cualquier sitio. Tu peque\u00f1o estar\u00e1 c\u00f3modo y seco gracias a este protector especialmente dise\u00f1ado para el capazo Joolz Aer. Se ajusta perfectamente y est\u00e1 fabricado con material transparente, por tanto podr\u00e1s estar pendiente de tu beb\u00e9 mientras \u00e9l puede ver el mundo.","breadcrumb":{"@id":"https:\/\/somllavors.com\/es\/producte\/protector-de-lluvia-para-capazo-joolz-aer-aer2#breadcrumb"},"inLanguage":"es","potentialAction":[{"@type":"ReadAction","target":["https:\/\/somllavors.com\/es\/producte\/protector-de-lluvia-para-capazo-joolz-aer-aer2"]}]},{"@type":"ImageObject","inLanguage":"es","@id":"https:\/\/somllavors.com\/es\/producte\/protector-de-lluvia-para-capazo-joolz-aer-aer2#primaryimage","url":"https:\/\/somllavors.com\/wp-content\/uploads\/2025\/12\/Som-Llavors-Raincover-Joolz.jpg","contentUrl":"https:\/\/somllavors.com\/wp-content\/uploads\/2025\/12\/Som-Llavors-Raincover-Joolz.jpg","width":1080,"height":1080,"caption":"Sac cab\u00e0s aer2 Joolz"},{"@type":"BreadcrumbList","@id":"https:\/\/somllavors.com\/es\/producte\/protector-de-lluvia-para-capazo-joolz-aer-aer2#breadcrumb","itemListElement":[{"@type":"ListItem","position":1,"name":"Inici","item":"https:\/\/somllavors.com\/es"},{"@type":"ListItem","position":2,"name":"Tienda","item":"https:\/\/somllavors.com\/es\/botiga-2"},{"@type":"ListItem","position":3,"name":"Protector de lluvia para capazo Joolz Aer+ \/ Aer2"}]},{"@type":"WebSite","@id":"https:\/\/somllavors.com\/es#website","url":"https:\/\/somllavors.com\/es","name":"Som Llavors","description":"Botiga de crian\u00e7a natural","publisher":{"@id":"https:\/\/somllavors.com\/es#organization"},"alternateName":"Crian\u00e7a Natural i Sostenible","potentialAction":[{"@type":"SearchAction","target":{"@type":"EntryPoint","urlTemplate":"https:\/\/somllavors.com\/es?s={search_term_string}"},"query-input":{"@type":"PropertyValueSpecification","valueRequired":true,"valueName":"search_term_string"}}],"inLanguage":"es"},{"@type":["Organization","Place","Store"],"@id":"https:\/\/somllavors.com\/es#organization","name":"Som Llavors","alternateName":"Crian\u00e7a Natural i Sostenible","url":"https:\/\/somllavors.com\/es","logo":{"@id":"https:\/\/somllavors.com\/es\/producte\/protector-de-lluvia-para-capazo-joolz-aer-aer2#local-main-organization-logo"},"image":{"@id":"https:\/\/somllavors.com\/es\/producte\/protector-de-lluvia-para-capazo-joolz-aer-aer2#local-main-organization-logo"},"sameAs":["https:\/\/www.facebook.com\/somllavorsvng\/?locale=ca_ES","https:\/\/www.instagram.com\/somllavors_vng\/","https:\/\/www.youtube.com\/@somllavors"],"address":{"@id":"https:\/\/somllavors.com\/es\/producte\/protector-de-lluvia-para-capazo-joolz-aer-aer2#local-main-place-address"},"geo":{"@type":"GeoCoordinates","latitude":"41.2257737","longitude":"1.723258859"},"telephone":["623152704","623152704"],"openingHoursSpecification":[{"@type":"OpeningHoursSpecification","dayOfWeek":["Monday","Sunday"],"opens":"00:00","closes":"00:00"},{"@type":"OpeningHoursSpecification","dayOfWeek":["Tuesday","Wednesday","Thursday","Friday"],"opens":"10:00","closes":"20:00"},{"@type":"OpeningHoursSpecification","dayOfWeek":["Saturday"],"opens":"10:00","closes":"13:30"}],"email":"info@somllavors.com"},{"@type":"PostalAddress","@id":"https:\/\/somllavors.com\/es\/producte\/protector-de-lluvia-para-capazo-joolz-aer-aer2#local-main-place-address","streetAddress":"Carrer de l'aigua, 6","addressLocality":"Vilanova i la Geltr\u00fa","postalCode":"08800","addressRegion":"Barcelona","addressCountry":"ES"},{"@type":"ImageObject","inLanguage":"es","@id":"https:\/\/somllavors.com\/es\/producte\/protector-de-lluvia-para-capazo-joolz-aer-aer2#local-main-organization-logo","url":"https:\/\/somllavors.com\/wp-content\/uploads\/Logotip-Som-Llavors.jpg","contentUrl":"https:\/\/somllavors.com\/wp-content\/uploads\/Logotip-Som-Llavors.jpg","width":1444,"height":1323,"caption":"Som Llavors"}]},"product_price_amount":"29.95","product_price_currency":"EUR","og_availability":"instock","product_availability":"instock","product_retailer_item_id":"320407","product_condition":"new","geo.placename":"Vilanova i la Geltr\u00fa","geo.position":{"lat":"41.2257737","long":"1.723258859"},"geo.region":"Espa\u00f1a"},"brands":[{"id":4305,"name":"Joolz","slug":"joolz-cotxets"}],"_links":{"self":[{"href":"https:\/\/somllavors.com\/es\/wp-json\/wp\/v2\/product\/86139","targetHints":{"allow":["GET"]}}],"collection":[{"href":"https:\/\/somllavors.com\/es\/wp-json\/wp\/v2\/product"}],"about":[{"href":"https:\/\/somllavors.com\/es\/wp-json\/wp\/v2\/types\/product"}],"wp:featuredmedia":[{"embeddable":true,"href":"https:\/\/somllavors.com\/es\/wp-json\/wp\/v2\/media\/85981"}],"wp:attachment":[{"href":"https:\/\/somllavors.com\/es\/wp-json\/wp\/v2\/media?parent=86139"}],"wp:term":[{"taxonomy":"pwb-brand","embeddable":true,"href":"https:\/\/somllavors.com\/es\/wp-json\/wp\/v2\/pwb-brand?post=86139"},{"taxonomy":"product_brand","embeddable":true,"href":"https:\/\/somllavors.com\/es\/wp-json\/wp\/v2\/product_brand?post=86139"},{"taxonomy":"product_cat","embeddable":true,"href":"https:\/\/somllavors.com\/es\/wp-json\/wp\/v2\/product_cat?post=86139"},{"taxonomy":"product_tag","embeddable":true,"href":"https:\/\/somllavors.com\/es\/wp-json\/wp\/v2\/product_tag?post=86139"}],"curies":[{"name":"wp","href":"https:\/\/api.w.org\/{rel}","templated":true}]}}