{"id":86147,"date":"2025-12-03T19:57:20","date_gmt":"2025-12-03T18:57:20","guid":{"rendered":"https:\/\/somllavors.com\/producte\/tapon-botella-mii-runbott"},"modified":"2025-12-12T11:00:19","modified_gmt":"2025-12-12T10:00:19","slug":"tapon-botella-mii-runbott","status":"publish","type":"product","link":"https:\/\/somllavors.com\/es\/producte\/tapon-botella-mii-runbott","title":{"rendered":"Tap\u00f3n botella Mii &#8211; Runbott"},"content":{"rendered":"","protected":false},"excerpt":{"rendered":"<p>El Tap boqueta Mii de Runbott est\u00e1 dise\u00f1ado para acompa\u00f1ar a tu ritmo activo.<\/p>\n<ul>\n<li>Con tecnolog\u00eda Microshield\u00ae, este tap\u00f3n ayuda a mantener la botella libre de bacterias y malos olores, proporcionando m\u00e1s higiene en cada uso.<\/li>\n<li>El sistema de cierre herm\u00e9tico evita escapes, mientras que su apertura r\u00e1pida con una mano con el sistema de bloqueo SnapLock\u2122 permite acceder a tu bebida con facilidad durante el entrenamiento.<\/li>\n<li>Hecho de materiales resistentes y duraderos, el Tap boqueta Mii es ideal para los que buscan funcionalidad y comodidad en sus actividades deportivas. \u00a1Sigue adelante sin preocupaciones! <\/li>\n<li>Incluye dos ca\u00f1itas reutilizables<\/li>\n<\/ul>\n","protected":false},"featured_media":85791,"template":"","meta":{"_acf_changed":false,"site-sidebar-layout":"default","site-content-layout":"","ast-site-content-layout":"default","site-content-style":"default","site-sidebar-style":"default","ast-global-header-display":"","ast-banner-title-visibility":"","ast-main-header-display":"","ast-hfb-above-header-display":"","ast-hfb-below-header-display":"","ast-hfb-mobile-header-display":"","site-post-title":"","ast-breadcrumbs-content":"","ast-featured-img":"","footer-sml-layout":"","theme-transparent-header-meta":"default","adv-header-id-meta":"","stick-header-meta":"","header-above-stick-meta":"","header-main-stick-meta":"","header-below-stick-meta":"","astra-migrate-meta-layouts":"default","ast-page-background-enabled":"default","ast-page-background-meta":{"desktop":{"background-color":"","background-image":"","background-repeat":"repeat","background-position":"center center","background-size":"auto","background-attachment":"scroll","background-type":"","background-media":"","overlay-type":"","overlay-color":"","overlay-opacity":"","overlay-gradient":""},"tablet":{"background-color":"","background-image":"","background-repeat":"repeat","background-position":"center center","background-size":"auto","background-attachment":"scroll","background-type":"","background-media":"","overlay-type":"","overlay-color":"","overlay-opacity":"","overlay-gradient":""},"mobile":{"background-color":"","background-image":"","background-repeat":"repeat","background-position":"center center","background-size":"auto","background-attachment":"scroll","background-type":"","background-media":"","overlay-type":"","overlay-color":"","overlay-opacity":"","overlay-gradient":""}},"ast-content-background-meta":{"desktop":{"background-color":"var(--ast-global-color-5)","background-image":"","background-repeat":"repeat","background-position":"center center","background-size":"auto","background-attachment":"scroll","background-type":"","background-media":"","overlay-type":"","overlay-color":"","overlay-opacity":"","overlay-gradient":""},"tablet":{"background-color":"var(--ast-global-color-5)","background-image":"","background-repeat":"repeat","background-position":"center center","background-size":"auto","background-attachment":"scroll","background-type":"","background-media":"","overlay-type":"","overlay-color":"","overlay-opacity":"","overlay-gradient":""},"mobile":{"background-color":"var(--ast-global-color-5)","background-image":"","background-repeat":"repeat","background-position":"center center","background-size":"auto","background-attachment":"scroll","background-type":"","background-media":"","overlay-type":"","overlay-color":"","overlay-opacity":"","overlay-gradient":""}}},"pwb-brand":[5913],"product_brand":[],"product_cat":[3457],"product_tag":[5932,5933,5915],"class_list":{"0":"post-86147","1":"product","2":"type-product","3":"status-publish","4":"has-post-thumbnail","6":"pwb-brand-runbott","7":"product_cat-botellas","8":"product_tag-ceramica","9":"product_tag-runbott","10":"product_tag-termo","11":"desktop-align-left","12":"tablet-align-left","13":"mobile-align-left","15":"first","16":"instock","17":"taxable","18":"shipping-taxable","19":"purchasable","20":"product-type-simple"},"acf":[],"yoast_head":"<!-- This site is optimized with the Yoast SEO Premium plugin v18.3 (Yoast SEO v26.2) - https:\/\/yoast.com\/wordpress\/plugins\/seo\/ -->\n<title>Tap\u00f3n botella Mii - Runbott &#8212; Som Llavors<\/title>\n<meta name=\"description\" content=\"El Tap boqueta Mii de Runbott est\u00e1 dise\u00f1ado para acompa\u00f1ar a tu ritmo activo.  Con tecnolog\u00eda Microshield\u00ae, este tap\u00f3n ayuda a mantener la botella libre de bacterias y malos olores, proporcionando m\u00e1s higiene en cada uso.  El sistema de cierre herm\u00e9tico evita escapes, mientras que su apertura r\u00e1pida con una mano con el sistema de bloqueo SnapLock\u2122 permite acceder a tu bebida con facilidad durante el entrenamiento.  Hecho de materiales resistentes y duraderos, el Tap boqueta Mii es ideal para los que buscan funcionalidad y comodidad en sus actividades deportivas. \u00a1Sigue adelante sin preocupaciones!  Incluye dos ca\u00f1itas reutilizables\" \/>\n<meta name=\"robots\" content=\"index, follow, max-snippet:-1, max-image-preview:large, max-video-preview:-1\" \/>\n<link rel=\"canonical\" href=\"https:\/\/somllavors.com\/es\/producte\/tapon-botella-mii-runbott\" \/>\n<meta property=\"og:locale\" content=\"es_ES\" \/>\n<meta property=\"og:type\" content=\"article\" \/>\n<meta property=\"og:title\" content=\"Tap\u00f3n botella Mii - Runbott\" \/>\n<meta property=\"og:description\" content=\"La teva botiga d\u2019ecocrian\u00e7a i espai d\u2019acompanyament a la maternitat\" \/>\n<meta property=\"og:url\" content=\"https:\/\/somllavors.com\/es\/producte\/tapon-botella-mii-runbott\" \/>\n<meta property=\"og:site_name\" content=\"Som Llavors\" \/>\n<meta property=\"article:publisher\" content=\"https:\/\/www.facebook.com\/somllavorsvng\/?locale=ca_ES\" \/>\n<meta property=\"article:modified_time\" content=\"2025-12-12T10:00:19+00:00\" \/>\n<meta property=\"og:image\" content=\"https:\/\/somllavors.com\/wp-content\/uploads\/2025\/12\/Som-Llavors-RUNBOTT_TAPON_SPORT_MII-BLACK-972679-8435291897855-0.webp\" \/>\n\t<meta property=\"og:image:width\" content=\"1680\" \/>\n\t<meta property=\"og:image:height\" content=\"2100\" \/>\n\t<meta property=\"og:image:type\" content=\"image\/webp\" \/>\n<meta name=\"twitter:card\" content=\"summary_large_image\" \/>\n<meta name=\"twitter:label1\" content=\"Precio\" \/>\n\t<meta name=\"twitter:data1\" content=\"8,00&euro; Iva incl\u00f2s\" \/>\n\t<meta name=\"twitter:label2\" content=\"Availability\" \/>\n\t<meta name=\"twitter:data2\" content=\"Hay existencias\" \/>\n<script type=\"application\/ld+json\" class=\"yoast-schema-graph\">{\"@context\":\"https:\/\/schema.org\",\"@graph\":[{\"@type\":\"WebPage\",\"@id\":\"https:\/\/somllavors.com\/es\/producte\/tapon-botella-mii-runbott\",\"url\":\"https:\/\/somllavors.com\/es\/producte\/tapon-botella-mii-runbott\",\"name\":\"Tap\u00f3n botella Mii - Runbott &#8212; Som Llavors\",\"isPartOf\":{\"@id\":\"https:\/\/somllavors.com\/es#website\"},\"primaryImageOfPage\":{\"@id\":\"https:\/\/somllavors.com\/es\/producte\/tapon-botella-mii-runbott#primaryimage\"},\"image\":{\"@id\":\"https:\/\/somllavors.com\/es\/producte\/tapon-botella-mii-runbott#primaryimage\"},\"thumbnailUrl\":\"https:\/\/somllavors.com\/wp-content\/uploads\/2025\/12\/Som-Llavors-RUNBOTT_TAPON_SPORT_MII-BLACK-972679-8435291897855-0.webp\",\"datePublished\":\"2025-12-03T18:57:20+00:00\",\"dateModified\":\"2025-12-12T10:00:19+00:00\",\"description\":\"El Tap boqueta Mii de Runbott est\u00e1 dise\u00f1ado para acompa\u00f1ar a tu ritmo activo. Con tecnolog\u00eda Microshield\u00ae, este tap\u00f3n ayuda a mantener la botella libre de bacterias y malos olores, proporcionando m\u00e1s higiene en cada uso. El sistema de cierre herm\u00e9tico evita escapes, mientras que su apertura r\u00e1pida con una mano con el sistema de bloqueo SnapLock\u2122 permite acceder a tu bebida con facilidad durante el entrenamiento. Hecho de materiales resistentes y duraderos, el Tap boqueta Mii es ideal para los que buscan funcionalidad y comodidad en sus actividades deportivas. \u00a1Sigue adelante sin preocupaciones! Incluye dos ca\u00f1itas reutilizables\",\"breadcrumb\":{\"@id\":\"https:\/\/somllavors.com\/es\/producte\/tapon-botella-mii-runbott#breadcrumb\"},\"inLanguage\":\"es\",\"potentialAction\":[{\"@type\":\"ReadAction\",\"target\":[\"https:\/\/somllavors.com\/es\/producte\/tapon-botella-mii-runbott\"]}]},{\"@type\":\"ImageObject\",\"inLanguage\":\"es\",\"@id\":\"https:\/\/somllavors.com\/es\/producte\/tapon-botella-mii-runbott#primaryimage\",\"url\":\"https:\/\/somllavors.com\/wp-content\/uploads\/2025\/12\/Som-Llavors-RUNBOTT_TAPON_SPORT_MII-BLACK-972679-8435291897855-0.webp\",\"contentUrl\":\"https:\/\/somllavors.com\/wp-content\/uploads\/2025\/12\/Som-Llavors-RUNBOTT_TAPON_SPORT_MII-BLACK-972679-8435291897855-0.webp\",\"width\":1680,\"height\":2100,\"caption\":\"tapon boquilla mi runbott\"},{\"@type\":\"BreadcrumbList\",\"@id\":\"https:\/\/somllavors.com\/es\/producte\/tapon-botella-mii-runbott#breadcrumb\",\"itemListElement\":[{\"@type\":\"ListItem\",\"position\":1,\"name\":\"Inici\",\"item\":\"https:\/\/somllavors.com\/es\"},{\"@type\":\"ListItem\",\"position\":2,\"name\":\"Tienda\",\"item\":\"https:\/\/somllavors.com\/es\/botiga-2\"},{\"@type\":\"ListItem\",\"position\":3,\"name\":\"Tap\u00f3n botella Mii &#8211; Runbott\"}]},{\"@type\":\"WebSite\",\"@id\":\"https:\/\/somllavors.com\/es#website\",\"url\":\"https:\/\/somllavors.com\/es\",\"name\":\"Som Llavors\",\"description\":\"Botiga de crian\u00e7a natural\",\"publisher\":{\"@id\":\"https:\/\/somllavors.com\/es#organization\"},\"alternateName\":\"Crian\u00e7a Natural i Sostenible\",\"potentialAction\":[{\"@type\":\"SearchAction\",\"target\":{\"@type\":\"EntryPoint\",\"urlTemplate\":\"https:\/\/somllavors.com\/es?s={search_term_string}\"},\"query-input\":{\"@type\":\"PropertyValueSpecification\",\"valueRequired\":true,\"valueName\":\"search_term_string\"}}],\"inLanguage\":\"es\"},{\"@type\":[\"Organization\",\"Place\",\"Store\"],\"@id\":\"https:\/\/somllavors.com\/es#organization\",\"name\":\"Som Llavors\",\"alternateName\":\"Crian\u00e7a Natural i Sostenible\",\"url\":\"https:\/\/somllavors.com\/es\",\"logo\":{\"@id\":\"https:\/\/somllavors.com\/es\/producte\/tapon-botella-mii-runbott#local-main-organization-logo\"},\"image\":{\"@id\":\"https:\/\/somllavors.com\/es\/producte\/tapon-botella-mii-runbott#local-main-organization-logo\"},\"sameAs\":[\"https:\/\/www.facebook.com\/somllavorsvng\/?locale=ca_ES\",\"https:\/\/www.instagram.com\/somllavors_vng\/\",\"https:\/\/www.youtube.com\/@somllavors\"],\"address\":{\"@id\":\"https:\/\/somllavors.com\/es\/producte\/tapon-botella-mii-runbott#local-main-place-address\"},\"geo\":{\"@type\":\"GeoCoordinates\",\"latitude\":\"41.2257737\",\"longitude\":\"1.723258859\"},\"telephone\":[\"623152704\"],\"openingHoursSpecification\":[{\"@type\":\"OpeningHoursSpecification\",\"dayOfWeek\":[\"Monday\",\"Sunday\"],\"opens\":\"00:00\",\"closes\":\"00:00\"},{\"@type\":\"OpeningHoursSpecification\",\"dayOfWeek\":[\"Tuesday\",\"Wednesday\",\"Thursday\",\"Friday\"],\"opens\":\"10:00\",\"closes\":\"20:00\"},{\"@type\":\"OpeningHoursSpecification\",\"dayOfWeek\":[\"Saturday\"],\"opens\":\"10:00\",\"closes\":\"13:30\"}],\"email\":\"info@somllavors.com\"},{\"@type\":\"PostalAddress\",\"@id\":\"https:\/\/somllavors.com\/es\/producte\/tapon-botella-mii-runbott#local-main-place-address\",\"streetAddress\":\"Carrer de l'aigua, 6\",\"addressLocality\":\"Vilanova i la Geltr\u00fa\",\"postalCode\":\"08800\",\"addressRegion\":\"Barcelona\",\"addressCountry\":\"ES\"},{\"@type\":\"ImageObject\",\"inLanguage\":\"es\",\"@id\":\"https:\/\/somllavors.com\/es\/producte\/tapon-botella-mii-runbott#local-main-organization-logo\",\"url\":\"https:\/\/somllavors.com\/wp-content\/uploads\/Logotip-Som-Llavors.jpg\",\"contentUrl\":\"https:\/\/somllavors.com\/wp-content\/uploads\/Logotip-Som-Llavors.jpg\",\"width\":1444,\"height\":1323,\"caption\":\"Som Llavors\"}]}<\/script>\n<meta property=\"product:price:amount\" content=\"8.00\" \/>\n<meta property=\"product:price:currency\" content=\"EUR\" \/>\n<meta property=\"og:availability\" content=\"instock\" \/>\n<meta property=\"product:availability\" content=\"instock\" \/>\n<meta property=\"product:retailer_item_id\" content=\"972679\" \/>\n<meta property=\"product:condition\" content=\"new\" \/>\n<meta name=\"geo.placename\" content=\"Vilanova i la Geltr\u00fa\" \/>\n<meta name=\"geo.position\" content=\"41.2257737;1.723258859\" \/>\n<meta name=\"geo.region\" content=\"Espa\u00f1a\" \/>\n<!-- \/ Yoast SEO Premium plugin. -->","yoast_head_json":{"title":"Tap\u00f3n botella Mii - Runbott &#8212; Som Llavors","description":"El Tap boqueta Mii de Runbott est\u00e1 dise\u00f1ado para acompa\u00f1ar a tu ritmo activo.  Con tecnolog\u00eda Microshield\u00ae, este tap\u00f3n ayuda a mantener la botella libre de bacterias y malos olores, proporcionando m\u00e1s higiene en cada uso.  El sistema de cierre herm\u00e9tico evita escapes, mientras que su apertura r\u00e1pida con una mano con el sistema de bloqueo SnapLock\u2122 permite acceder a tu bebida con facilidad durante el entrenamiento.  Hecho de materiales resistentes y duraderos, el Tap boqueta Mii es ideal para los que buscan funcionalidad y comodidad en sus actividades deportivas. \u00a1Sigue adelante sin preocupaciones!  Incluye dos ca\u00f1itas reutilizables","robots":{"index":"index","follow":"follow","max-snippet":"max-snippet:-1","max-image-preview":"max-image-preview:large","max-video-preview":"max-video-preview:-1"},"canonical":"https:\/\/somllavors.com\/es\/producte\/tapon-botella-mii-runbott","og_locale":"es_ES","og_type":"article","og_title":"Tap\u00f3n botella Mii - Runbott","og_description":"La teva botiga d\u2019ecocrian\u00e7a i espai d\u2019acompanyament a la maternitat","og_url":"https:\/\/somllavors.com\/es\/producte\/tapon-botella-mii-runbott","og_site_name":"Som Llavors","article_publisher":"https:\/\/www.facebook.com\/somllavorsvng\/?locale=ca_ES","article_modified_time":"2025-12-12T10:00:19+00:00","og_image":[{"width":1680,"height":2100,"url":"https:\/\/somllavors.com\/wp-content\/uploads\/2025\/12\/Som-Llavors-RUNBOTT_TAPON_SPORT_MII-BLACK-972679-8435291897855-0.webp","type":"image\/webp"}],"twitter_card":"summary_large_image","twitter_misc":{"Precio":"8,00&euro; Iva incl\u00f2s","Availability":"Hay existencias"},"schema":{"@context":"https:\/\/schema.org","@graph":[{"@type":"WebPage","@id":"https:\/\/somllavors.com\/es\/producte\/tapon-botella-mii-runbott","url":"https:\/\/somllavors.com\/es\/producte\/tapon-botella-mii-runbott","name":"Tap\u00f3n botella Mii - Runbott &#8212; Som Llavors","isPartOf":{"@id":"https:\/\/somllavors.com\/es#website"},"primaryImageOfPage":{"@id":"https:\/\/somllavors.com\/es\/producte\/tapon-botella-mii-runbott#primaryimage"},"image":{"@id":"https:\/\/somllavors.com\/es\/producte\/tapon-botella-mii-runbott#primaryimage"},"thumbnailUrl":"https:\/\/somllavors.com\/wp-content\/uploads\/2025\/12\/Som-Llavors-RUNBOTT_TAPON_SPORT_MII-BLACK-972679-8435291897855-0.webp","datePublished":"2025-12-03T18:57:20+00:00","dateModified":"2025-12-12T10:00:19+00:00","description":"El Tap boqueta Mii de Runbott est\u00e1 dise\u00f1ado para acompa\u00f1ar a tu ritmo activo. Con tecnolog\u00eda Microshield\u00ae, este tap\u00f3n ayuda a mantener la botella libre de bacterias y malos olores, proporcionando m\u00e1s higiene en cada uso. El sistema de cierre herm\u00e9tico evita escapes, mientras que su apertura r\u00e1pida con una mano con el sistema de bloqueo SnapLock\u2122 permite acceder a tu bebida con facilidad durante el entrenamiento. Hecho de materiales resistentes y duraderos, el Tap boqueta Mii es ideal para los que buscan funcionalidad y comodidad en sus actividades deportivas. \u00a1Sigue adelante sin preocupaciones! Incluye dos ca\u00f1itas reutilizables","breadcrumb":{"@id":"https:\/\/somllavors.com\/es\/producte\/tapon-botella-mii-runbott#breadcrumb"},"inLanguage":"es","potentialAction":[{"@type":"ReadAction","target":["https:\/\/somllavors.com\/es\/producte\/tapon-botella-mii-runbott"]}]},{"@type":"ImageObject","inLanguage":"es","@id":"https:\/\/somllavors.com\/es\/producte\/tapon-botella-mii-runbott#primaryimage","url":"https:\/\/somllavors.com\/wp-content\/uploads\/2025\/12\/Som-Llavors-RUNBOTT_TAPON_SPORT_MII-BLACK-972679-8435291897855-0.webp","contentUrl":"https:\/\/somllavors.com\/wp-content\/uploads\/2025\/12\/Som-Llavors-RUNBOTT_TAPON_SPORT_MII-BLACK-972679-8435291897855-0.webp","width":1680,"height":2100,"caption":"tapon boquilla mi runbott"},{"@type":"BreadcrumbList","@id":"https:\/\/somllavors.com\/es\/producte\/tapon-botella-mii-runbott#breadcrumb","itemListElement":[{"@type":"ListItem","position":1,"name":"Inici","item":"https:\/\/somllavors.com\/es"},{"@type":"ListItem","position":2,"name":"Tienda","item":"https:\/\/somllavors.com\/es\/botiga-2"},{"@type":"ListItem","position":3,"name":"Tap\u00f3n botella Mii &#8211; Runbott"}]},{"@type":"WebSite","@id":"https:\/\/somllavors.com\/es#website","url":"https:\/\/somllavors.com\/es","name":"Som Llavors","description":"Botiga de crian\u00e7a natural","publisher":{"@id":"https:\/\/somllavors.com\/es#organization"},"alternateName":"Crian\u00e7a Natural i Sostenible","potentialAction":[{"@type":"SearchAction","target":{"@type":"EntryPoint","urlTemplate":"https:\/\/somllavors.com\/es?s={search_term_string}"},"query-input":{"@type":"PropertyValueSpecification","valueRequired":true,"valueName":"search_term_string"}}],"inLanguage":"es"},{"@type":["Organization","Place","Store"],"@id":"https:\/\/somllavors.com\/es#organization","name":"Som Llavors","alternateName":"Crian\u00e7a Natural i Sostenible","url":"https:\/\/somllavors.com\/es","logo":{"@id":"https:\/\/somllavors.com\/es\/producte\/tapon-botella-mii-runbott#local-main-organization-logo"},"image":{"@id":"https:\/\/somllavors.com\/es\/producte\/tapon-botella-mii-runbott#local-main-organization-logo"},"sameAs":["https:\/\/www.facebook.com\/somllavorsvng\/?locale=ca_ES","https:\/\/www.instagram.com\/somllavors_vng\/","https:\/\/www.youtube.com\/@somllavors"],"address":{"@id":"https:\/\/somllavors.com\/es\/producte\/tapon-botella-mii-runbott#local-main-place-address"},"geo":{"@type":"GeoCoordinates","latitude":"41.2257737","longitude":"1.723258859"},"telephone":["623152704","623152704"],"openingHoursSpecification":[{"@type":"OpeningHoursSpecification","dayOfWeek":["Monday","Sunday"],"opens":"00:00","closes":"00:00"},{"@type":"OpeningHoursSpecification","dayOfWeek":["Tuesday","Wednesday","Thursday","Friday"],"opens":"10:00","closes":"20:00"},{"@type":"OpeningHoursSpecification","dayOfWeek":["Saturday"],"opens":"10:00","closes":"13:30"}],"email":"info@somllavors.com"},{"@type":"PostalAddress","@id":"https:\/\/somllavors.com\/es\/producte\/tapon-botella-mii-runbott#local-main-place-address","streetAddress":"Carrer de l'aigua, 6","addressLocality":"Vilanova i la Geltr\u00fa","postalCode":"08800","addressRegion":"Barcelona","addressCountry":"ES"},{"@type":"ImageObject","inLanguage":"es","@id":"https:\/\/somllavors.com\/es\/producte\/tapon-botella-mii-runbott#local-main-organization-logo","url":"https:\/\/somllavors.com\/wp-content\/uploads\/Logotip-Som-Llavors.jpg","contentUrl":"https:\/\/somllavors.com\/wp-content\/uploads\/Logotip-Som-Llavors.jpg","width":1444,"height":1323,"caption":"Som Llavors"}]},"product_price_amount":"8.00","product_price_currency":"EUR","og_availability":"instock","product_availability":"instock","product_retailer_item_id":"972679","product_condition":"new","geo.placename":"Vilanova i la Geltr\u00fa","geo.position":{"lat":"41.2257737","long":"1.723258859"},"geo.region":"Espa\u00f1a"},"brands":[{"id":5913,"name":"Runbott","slug":"runbott"}],"_links":{"self":[{"href":"https:\/\/somllavors.com\/es\/wp-json\/wp\/v2\/product\/86147","targetHints":{"allow":["GET"]}}],"collection":[{"href":"https:\/\/somllavors.com\/es\/wp-json\/wp\/v2\/product"}],"about":[{"href":"https:\/\/somllavors.com\/es\/wp-json\/wp\/v2\/types\/product"}],"wp:featuredmedia":[{"embeddable":true,"href":"https:\/\/somllavors.com\/es\/wp-json\/wp\/v2\/media\/85791"}],"wp:attachment":[{"href":"https:\/\/somllavors.com\/es\/wp-json\/wp\/v2\/media?parent=86147"}],"wp:term":[{"taxonomy":"pwb-brand","embeddable":true,"href":"https:\/\/somllavors.com\/es\/wp-json\/wp\/v2\/pwb-brand?post=86147"},{"taxonomy":"product_brand","embeddable":true,"href":"https:\/\/somllavors.com\/es\/wp-json\/wp\/v2\/product_brand?post=86147"},{"taxonomy":"product_cat","embeddable":true,"href":"https:\/\/somllavors.com\/es\/wp-json\/wp\/v2\/product_cat?post=86147"},{"taxonomy":"product_tag","embeddable":true,"href":"https:\/\/somllavors.com\/es\/wp-json\/wp\/v2\/product_tag?post=86147"}],"curies":[{"name":"wp","href":"https:\/\/api.w.org\/{rel}","templated":true}]}}