{"id":86401,"date":"2025-12-16T20:30:36","date_gmt":"2025-12-16T19:30:36","guid":{"rendered":"https:\/\/somllavors.com\/?post_type=product&#038;p=86401"},"modified":"2026-04-14T13:00:31","modified_gmt":"2026-04-14T11:00:31","slug":"les-meves-primeres-cancons-en-angles","status":"publish","type":"product","link":"https:\/\/somllavors.com\/es\/producte\/les-meves-primeres-cancons-en-angles","title":{"rendered":"Les meves primeres can\u00e7ons en angl\u00e8s"},"content":{"rendered":"<p><span style=\"font-size: 16px;\">Troba, a cada doble p\u00e0gina, el\u00a0<\/span><b style=\"font-style: inherit;\">bot\u00f3<\/b><span style=\"font-size: 16px;\">\u00a0que far\u00e0 sonar les\u00a0<\/span><b style=\"font-style: inherit;\">can\u00e7ons en angl\u00e8s<\/b><span style=\"font-size: 16px;\">. Una\u00a0<\/span><b style=\"font-style: inherit;\">alegre il\u00b7lustraci\u00f3<\/b><span style=\"font-size: 16px;\">\u00a0acompanya cada melodia i fa que aquest recull de fragments de\u00a0<\/span><b style=\"font-style: inherit;\">6 composicions<\/b><span style=\"font-size: 16px;\">\u00a0de\u00a0<\/span><b style=\"font-style: inherit;\">composicions populars en angl\u00e8s<\/b><span style=\"font-size: 16px;\">, especialment pensat per a infants, sigui \u00fanic. Aquest t\u00edtol cont\u00e9 les can\u00e7ons\u00a0<\/span><i style=\"font-weight: inherit;\">The Wheels on the Bus<\/i><span style=\"font-size: 16px;\">,\u00a0<\/span><i style=\"font-weight: inherit;\">One, two, buckle my shoe<\/i><span style=\"font-size: 16px;\">,\u00a0<\/span><i style=\"font-weight: inherit;\">The Alphabet song<\/i><span style=\"font-size: 16px;\">,\u00a0<\/span><i style=\"font-weight: inherit;\">Itsy Bitsy Spider<\/i><span style=\"font-size: 16px;\">,\u00a0<\/span><i style=\"font-weight: inherit;\">Head and shoulders<\/i><span style=\"font-size: 16px;\">\u00a0y\u00a0<\/span><i style=\"font-weight: inherit;\">Twinkle, Twinkle, Little Star,<\/i><span style=\"font-size: 16px;\">\u00a0juntament amb la seva traducci\u00f3 al catal\u00e0<\/span><i style=\"font-weight: inherit;\">.<\/i><\/p>\n<p>Mentre escolta les melodies, la criatura podr\u00e0 deleitar-se mirant les imatges. Una manera d\u2019introduir la m\u00fasica cl\u00e0ssica a la vida de les criatures i despertar la seva o\u00efda i sensibilitat musical.<\/p>\n<p>Aquest\u00a0<b>llibre musical<\/b>\u00a0\u00e9s de\u00a0<b>cartr\u00f3 resistent<\/b>, i els botons tenen el tamany ideal per a\u00a0<b>mans petites<\/b>, de manera que puguin llegir-lo de manera aut\u00f2noma. Un t\u00edtol pensat per a criatures <b>a partir d\u20191 any<\/b>.<\/p>\n<p>Il\u00b7lustrat per\u00a0<b>S\u00e9verine Cordier<\/b>.<\/p>\n","protected":false},"excerpt":{"rendered":"<p><strong>Cada il\u00b7lustraci\u00f3 d\u2019aquest llibre amaga un bot\u00f3 que far\u00e0 sonar melodies de m\u00fasica en angl\u00e8s.<\/strong><\/p>\n<ul>\n<li><strong>El so de qualitat i les precioses il\u00b7lustracions fan que aquesta col\u00b7lecci\u00f3 de llibres de sons no pari de cr\u00e9ixer.<\/strong><\/li>\n<li><b style=\"font-style: inherit;\">El meu primer llibre de sons per descobrir les can\u00e7ons en angl\u00e8s!<\/b><\/li>\n<\/ul>\n","protected":false},"featured_media":86405,"template":"","meta":{"_acf_changed":false,"site-sidebar-layout":"default","site-content-layout":"","ast-site-content-layout":"default","site-content-style":"default","site-sidebar-style":"default","ast-global-header-display":"","ast-banner-title-visibility":"","ast-main-header-display":"","ast-hfb-above-header-display":"","ast-hfb-below-header-display":"","ast-hfb-mobile-header-display":"","site-post-title":"","ast-breadcrumbs-content":"","ast-featured-img":"","footer-sml-layout":"","theme-transparent-header-meta":"default","adv-header-id-meta":"","stick-header-meta":"","header-above-stick-meta":"","header-main-stick-meta":"","header-below-stick-meta":"","astra-migrate-meta-layouts":"set","ast-page-background-enabled":"default","ast-page-background-meta":{"desktop":{"background-color":"","background-image":"","background-repeat":"repeat","background-position":"center center","background-size":"auto","background-attachment":"scroll","background-type":"","background-media":"","overlay-type":"","overlay-color":"","overlay-opacity":"","overlay-gradient":""},"tablet":{"background-color":"","background-image":"","background-repeat":"repeat","background-position":"center center","background-size":"auto","background-attachment":"scroll","background-type":"","background-media":"","overlay-type":"","overlay-color":"","overlay-opacity":"","overlay-gradient":""},"mobile":{"background-color":"","background-image":"","background-repeat":"repeat","background-position":"center center","background-size":"auto","background-attachment":"scroll","background-type":"","background-media":"","overlay-type":"","overlay-color":"","overlay-opacity":"","overlay-gradient":""}},"ast-content-background-meta":{"desktop":{"background-color":"var(--ast-global-color-5)","background-image":"","background-repeat":"repeat","background-position":"center center","background-size":"auto","background-attachment":"scroll","background-type":"","background-media":"","overlay-type":"","overlay-color":"","overlay-opacity":"","overlay-gradient":""},"tablet":{"background-color":"var(--ast-global-color-5)","background-image":"","background-repeat":"repeat","background-position":"center center","background-size":"auto","background-attachment":"scroll","background-type":"","background-media":"","overlay-type":"","overlay-color":"","overlay-opacity":"","overlay-gradient":""},"mobile":{"background-color":"var(--ast-global-color-5)","background-image":"","background-repeat":"repeat","background-position":"center center","background-size":"auto","background-attachment":"scroll","background-type":"","background-media":"","overlay-type":"","overlay-color":"","overlay-opacity":"","overlay-gradient":""}}},"pwb-brand":[],"product_brand":[],"product_cat":[1810,871,567],"product_tag":[960],"class_list":{"0":"post-86401","1":"product","2":"type-product","3":"status-publish","4":"has-post-thumbnail","6":"product_cat-llibres-sonors","7":"product_cat-contes-de-cartro","8":"product_cat-infantils","9":"product_tag-estrella-polar","10":"desktop-align-left","11":"tablet-align-left","12":"mobile-align-left","14":"first","15":"instock","16":"taxable","17":"shipping-taxable","18":"purchasable","19":"product-type-simple"},"acf":[],"yoast_head":"<!-- This site is optimized with the Yoast SEO Premium plugin v18.3 (Yoast SEO v27.4) - https:\/\/yoast.com\/product\/yoast-seo-premium-wordpress\/ -->\n<title>Les meves primeres can\u00e7ons en angl\u00e8s &#8212; Som Llavors<\/title>\n<meta name=\"description\" content=\"Cada il\u00b7lustraci\u00f3 d\u2019aquest llibre amaga un bot\u00f3 que far\u00e0 sonar melodies de m\u00fasica en angl\u00e8s.   El so de qualitat i les precioses il\u00b7lustracions fan que aquesta col\u00b7lecci\u00f3 de llibres de sons no pari de cr\u00e9ixer.  El meu primer llibre de sons per descobrir les can\u00e7ons en angl\u00e8s!\" \/>\n<meta name=\"robots\" content=\"index, follow, max-snippet:-1, max-image-preview:large, max-video-preview:-1\" \/>\n<link rel=\"canonical\" href=\"https:\/\/somllavors.com\/es\/producte\/les-meves-primeres-cancons-en-angles\" \/>\n<meta property=\"og:locale\" content=\"es_ES\" \/>\n<meta property=\"og:type\" content=\"article\" \/>\n<meta property=\"og:title\" content=\"Les meves primeres can\u00e7ons en angl\u00e8s\" \/>\n<meta property=\"og:description\" content=\"La teva botiga d\u2019ecocrian\u00e7a i espai d\u2019acompanyament a la maternitat\" \/>\n<meta property=\"og:url\" content=\"https:\/\/somllavors.com\/es\/producte\/les-meves-primeres-cancons-en-angles\" \/>\n<meta property=\"og:site_name\" content=\"Som Llavors\" \/>\n<meta property=\"article:publisher\" content=\"https:\/\/www.facebook.com\/somllavorsvng\/?locale=ca_ES\" \/>\n<meta property=\"article:modified_time\" content=\"2026-04-14T11:00:31+00:00\" \/>\n<meta property=\"og:image\" content=\"https:\/\/somllavors.com\/wp-content\/uploads\/2025\/12\/9788491370291.jpg\" \/>\n\t<meta property=\"og:image:width\" content=\"200\" \/>\n\t<meta property=\"og:image:height\" content=\"220\" \/>\n\t<meta property=\"og:image:type\" content=\"image\/jpeg\" \/>\n<meta name=\"twitter:card\" content=\"summary_large_image\" \/>\n<meta name=\"twitter:label1\" content=\"Precio\" \/>\n\t<meta name=\"twitter:data1\" content=\"10,95&euro; Iva incl\u00f2s\" \/>\n\t<meta name=\"twitter:label2\" content=\"Availability\" \/>\n\t<meta name=\"twitter:data2\" content=\"Hay existencias\" \/>\n<script type=\"application\/ld+json\" class=\"yoast-schema-graph\">{\"@context\":\"https:\\\/\\\/schema.org\",\"@graph\":[{\"@type\":\"WebPage\",\"@id\":\"https:\\\/\\\/somllavors.com\\\/es\\\/producte\\\/les-meves-primeres-cancons-en-angles\",\"url\":\"https:\\\/\\\/somllavors.com\\\/es\\\/producte\\\/les-meves-primeres-cancons-en-angles\",\"name\":\"Les meves primeres can\u00e7ons en angl\u00e8s &#8212; Som Llavors\",\"isPartOf\":{\"@id\":\"https:\\\/\\\/somllavors.com\\\/es#website\"},\"primaryImageOfPage\":{\"@id\":\"https:\\\/\\\/somllavors.com\\\/es\\\/producte\\\/les-meves-primeres-cancons-en-angles#primaryimage\"},\"image\":{\"@id\":\"https:\\\/\\\/somllavors.com\\\/es\\\/producte\\\/les-meves-primeres-cancons-en-angles#primaryimage\"},\"thumbnailUrl\":\"https:\\\/\\\/somllavors.com\\\/wp-content\\\/uploads\\\/2025\\\/12\\\/9788491370291.jpg\",\"datePublished\":\"2025-12-16T19:30:36+00:00\",\"dateModified\":\"2026-04-14T11:00:31+00:00\",\"description\":\"Cada il\u00b7lustraci\u00f3 d\u2019aquest llibre amaga un bot\u00f3 que far\u00e0 sonar melodies de m\u00fasica en angl\u00e8s. El so de qualitat i les precioses il\u00b7lustracions fan que aquesta col\u00b7lecci\u00f3 de llibres de sons no pari de cr\u00e9ixer. El meu primer llibre de sons per descobrir les can\u00e7ons en angl\u00e8s!\",\"breadcrumb\":{\"@id\":\"https:\\\/\\\/somllavors.com\\\/es\\\/producte\\\/les-meves-primeres-cancons-en-angles#breadcrumb\"},\"inLanguage\":\"es\",\"potentialAction\":[{\"@type\":\"ReadAction\",\"target\":[\"https:\\\/\\\/somllavors.com\\\/es\\\/producte\\\/les-meves-primeres-cancons-en-angles\"]}]},{\"@type\":\"ImageObject\",\"inLanguage\":\"es\",\"@id\":\"https:\\\/\\\/somllavors.com\\\/es\\\/producte\\\/les-meves-primeres-cancons-en-angles#primaryimage\",\"url\":\"https:\\\/\\\/somllavors.com\\\/wp-content\\\/uploads\\\/2025\\\/12\\\/9788491370291.jpg\",\"contentUrl\":\"https:\\\/\\\/somllavors.com\\\/wp-content\\\/uploads\\\/2025\\\/12\\\/9788491370291.jpg\",\"width\":200,\"height\":220,\"caption\":\"Les meves primeres can\u00e7ons en angl\u00e8s\"},{\"@type\":\"BreadcrumbList\",\"@id\":\"https:\\\/\\\/somllavors.com\\\/es\\\/producte\\\/les-meves-primeres-cancons-en-angles#breadcrumb\",\"itemListElement\":[{\"@type\":\"ListItem\",\"position\":1,\"name\":\"Inici\",\"item\":\"https:\\\/\\\/somllavors.com\\\/es\"},{\"@type\":\"ListItem\",\"position\":2,\"name\":\"Tienda\",\"item\":\"https:\\\/\\\/somllavors.com\\\/es\\\/botiga-2\"},{\"@type\":\"ListItem\",\"position\":3,\"name\":\"Les meves primeres can\u00e7ons en angl\u00e8s\"}]},{\"@type\":\"WebSite\",\"@id\":\"https:\\\/\\\/somllavors.com\\\/es#website\",\"url\":\"https:\\\/\\\/somllavors.com\\\/es\",\"name\":\"Som Llavors\",\"description\":\"Botiga de crian\u00e7a natural\",\"publisher\":{\"@id\":\"https:\\\/\\\/somllavors.com\\\/es#organization\"},\"alternateName\":\"Crian\u00e7a Natural i Sostenible\",\"potentialAction\":[{\"@type\":\"SearchAction\",\"target\":{\"@type\":\"EntryPoint\",\"urlTemplate\":\"https:\\\/\\\/somllavors.com\\\/es?s={search_term_string}\"},\"query-input\":{\"@type\":\"PropertyValueSpecification\",\"valueRequired\":true,\"valueName\":\"search_term_string\"}}],\"inLanguage\":\"es\"},{\"@type\":[\"Organization\",\"Place\",\"Store\"],\"@id\":\"https:\\\/\\\/somllavors.com\\\/es#organization\",\"name\":\"Som Llavors\",\"alternateName\":\"Crian\u00e7a Natural i Sostenible\",\"url\":\"https:\\\/\\\/somllavors.com\\\/es\",\"logo\":{\"@id\":\"https:\\\/\\\/somllavors.com\\\/es\\\/producte\\\/les-meves-primeres-cancons-en-angles#local-main-organization-logo\"},\"image\":{\"@id\":\"https:\\\/\\\/somllavors.com\\\/es\\\/producte\\\/les-meves-primeres-cancons-en-angles#local-main-organization-logo\"},\"sameAs\":[\"https:\\\/\\\/www.facebook.com\\\/somllavorsvng\\\/?locale=ca_ES\",\"https:\\\/\\\/www.instagram.com\\\/somllavors_vng\\\/\",\"https:\\\/\\\/www.youtube.com\\\/@somllavors\"],\"address\":{\"@id\":\"https:\\\/\\\/somllavors.com\\\/es\\\/producte\\\/les-meves-primeres-cancons-en-angles#local-main-place-address\"},\"geo\":{\"@type\":\"GeoCoordinates\",\"latitude\":\"41.2257737\",\"longitude\":\"1.723258859\"},\"telephone\":[\"623152704\"],\"openingHoursSpecification\":[{\"@type\":\"OpeningHoursSpecification\",\"dayOfWeek\":[\"Monday\",\"Sunday\"],\"opens\":\"00:00\",\"closes\":\"00:00\"},{\"@type\":\"OpeningHoursSpecification\",\"dayOfWeek\":[\"Tuesday\",\"Wednesday\",\"Thursday\",\"Friday\"],\"opens\":\"10:00\",\"closes\":\"20:00\"},{\"@type\":\"OpeningHoursSpecification\",\"dayOfWeek\":[\"Saturday\"],\"opens\":\"10:00\",\"closes\":\"13:30\"}],\"email\":\"info@somllavors.com\"},{\"@type\":\"PostalAddress\",\"@id\":\"https:\\\/\\\/somllavors.com\\\/es\\\/producte\\\/les-meves-primeres-cancons-en-angles#local-main-place-address\",\"streetAddress\":\"Carrer de l'aigua, 6\",\"addressLocality\":\"Vilanova i la Geltr\u00fa\",\"postalCode\":\"08800\",\"addressRegion\":\"Barcelona\",\"addressCountry\":\"ES\"},{\"@type\":\"ImageObject\",\"inLanguage\":\"es\",\"@id\":\"https:\\\/\\\/somllavors.com\\\/es\\\/producte\\\/les-meves-primeres-cancons-en-angles#local-main-organization-logo\",\"url\":\"https:\\\/\\\/somllavors.com\\\/wp-content\\\/uploads\\\/Logotip-Som-Llavors.jpg\",\"contentUrl\":\"https:\\\/\\\/somllavors.com\\\/wp-content\\\/uploads\\\/Logotip-Som-Llavors.jpg\",\"width\":1444,\"height\":1323,\"caption\":\"Som Llavors\"}]}<\/script>\n<meta property=\"product:price:amount\" content=\"10.95\" \/>\n<meta property=\"product:price:currency\" content=\"EUR\" \/>\n<meta property=\"og:availability\" content=\"instock\" \/>\n<meta property=\"product:availability\" content=\"instock\" \/>\n<meta property=\"product:retailer_item_id\" content=\"9788491370291\" \/>\n<meta property=\"product:condition\" content=\"new\" \/>\n<meta name=\"geo.placename\" content=\"Vilanova i la Geltr\u00fa\" \/>\n<meta name=\"geo.position\" content=\"41.2257737;1.723258859\" \/>\n<meta name=\"geo.region\" content=\"Espa\u00f1a\" \/>\n<!-- \/ Yoast SEO Premium plugin. -->","yoast_head_json":{"title":"Les meves primeres can\u00e7ons en angl\u00e8s &#8212; Som Llavors","description":"Cada il\u00b7lustraci\u00f3 d\u2019aquest llibre amaga un bot\u00f3 que far\u00e0 sonar melodies de m\u00fasica en angl\u00e8s.   El so de qualitat i les precioses il\u00b7lustracions fan que aquesta col\u00b7lecci\u00f3 de llibres de sons no pari de cr\u00e9ixer.  El meu primer llibre de sons per descobrir les can\u00e7ons en angl\u00e8s!","robots":{"index":"index","follow":"follow","max-snippet":"max-snippet:-1","max-image-preview":"max-image-preview:large","max-video-preview":"max-video-preview:-1"},"canonical":"https:\/\/somllavors.com\/es\/producte\/les-meves-primeres-cancons-en-angles","og_locale":"es_ES","og_type":"article","og_title":"Les meves primeres can\u00e7ons en angl\u00e8s","og_description":"La teva botiga d\u2019ecocrian\u00e7a i espai d\u2019acompanyament a la maternitat","og_url":"https:\/\/somllavors.com\/es\/producte\/les-meves-primeres-cancons-en-angles","og_site_name":"Som Llavors","article_publisher":"https:\/\/www.facebook.com\/somllavorsvng\/?locale=ca_ES","article_modified_time":"2026-04-14T11:00:31+00:00","og_image":[{"width":200,"height":220,"url":"https:\/\/somllavors.com\/wp-content\/uploads\/2025\/12\/9788491370291.jpg","type":"image\/jpeg"}],"twitter_card":"summary_large_image","twitter_misc":{"Precio":"10,95&euro; Iva incl\u00f2s","Availability":"Hay existencias"},"schema":{"@context":"https:\/\/schema.org","@graph":[{"@type":"WebPage","@id":"https:\/\/somllavors.com\/es\/producte\/les-meves-primeres-cancons-en-angles","url":"https:\/\/somllavors.com\/es\/producte\/les-meves-primeres-cancons-en-angles","name":"Les meves primeres can\u00e7ons en angl\u00e8s &#8212; Som Llavors","isPartOf":{"@id":"https:\/\/somllavors.com\/es#website"},"primaryImageOfPage":{"@id":"https:\/\/somllavors.com\/es\/producte\/les-meves-primeres-cancons-en-angles#primaryimage"},"image":{"@id":"https:\/\/somllavors.com\/es\/producte\/les-meves-primeres-cancons-en-angles#primaryimage"},"thumbnailUrl":"https:\/\/somllavors.com\/wp-content\/uploads\/2025\/12\/9788491370291.jpg","datePublished":"2025-12-16T19:30:36+00:00","dateModified":"2026-04-14T11:00:31+00:00","description":"Cada il\u00b7lustraci\u00f3 d\u2019aquest llibre amaga un bot\u00f3 que far\u00e0 sonar melodies de m\u00fasica en angl\u00e8s. El so de qualitat i les precioses il\u00b7lustracions fan que aquesta col\u00b7lecci\u00f3 de llibres de sons no pari de cr\u00e9ixer. El meu primer llibre de sons per descobrir les can\u00e7ons en angl\u00e8s!","breadcrumb":{"@id":"https:\/\/somllavors.com\/es\/producte\/les-meves-primeres-cancons-en-angles#breadcrumb"},"inLanguage":"es","potentialAction":[{"@type":"ReadAction","target":["https:\/\/somllavors.com\/es\/producte\/les-meves-primeres-cancons-en-angles"]}]},{"@type":"ImageObject","inLanguage":"es","@id":"https:\/\/somllavors.com\/es\/producte\/les-meves-primeres-cancons-en-angles#primaryimage","url":"https:\/\/somllavors.com\/wp-content\/uploads\/2025\/12\/9788491370291.jpg","contentUrl":"https:\/\/somllavors.com\/wp-content\/uploads\/2025\/12\/9788491370291.jpg","width":200,"height":220,"caption":"Les meves primeres can\u00e7ons en angl\u00e8s"},{"@type":"BreadcrumbList","@id":"https:\/\/somllavors.com\/es\/producte\/les-meves-primeres-cancons-en-angles#breadcrumb","itemListElement":[{"@type":"ListItem","position":1,"name":"Inici","item":"https:\/\/somllavors.com\/es"},{"@type":"ListItem","position":2,"name":"Tienda","item":"https:\/\/somllavors.com\/es\/botiga-2"},{"@type":"ListItem","position":3,"name":"Les meves primeres can\u00e7ons en angl\u00e8s"}]},{"@type":"WebSite","@id":"https:\/\/somllavors.com\/es#website","url":"https:\/\/somllavors.com\/es","name":"Som Llavors","description":"Botiga de crian\u00e7a natural","publisher":{"@id":"https:\/\/somllavors.com\/es#organization"},"alternateName":"Crian\u00e7a Natural i Sostenible","potentialAction":[{"@type":"SearchAction","target":{"@type":"EntryPoint","urlTemplate":"https:\/\/somllavors.com\/es?s={search_term_string}"},"query-input":{"@type":"PropertyValueSpecification","valueRequired":true,"valueName":"search_term_string"}}],"inLanguage":"es"},{"@type":["Organization","Place","Store"],"@id":"https:\/\/somllavors.com\/es#organization","name":"Som Llavors","alternateName":"Crian\u00e7a Natural i Sostenible","url":"https:\/\/somllavors.com\/es","logo":{"@id":"https:\/\/somllavors.com\/es\/producte\/les-meves-primeres-cancons-en-angles#local-main-organization-logo"},"image":{"@id":"https:\/\/somllavors.com\/es\/producte\/les-meves-primeres-cancons-en-angles#local-main-organization-logo"},"sameAs":["https:\/\/www.facebook.com\/somllavorsvng\/?locale=ca_ES","https:\/\/www.instagram.com\/somllavors_vng\/","https:\/\/www.youtube.com\/@somllavors"],"address":{"@id":"https:\/\/somllavors.com\/es\/producte\/les-meves-primeres-cancons-en-angles#local-main-place-address"},"geo":{"@type":"GeoCoordinates","latitude":"41.2257737","longitude":"1.723258859"},"telephone":["623152704","623152704"],"openingHoursSpecification":[{"@type":"OpeningHoursSpecification","dayOfWeek":["Monday","Sunday"],"opens":"00:00","closes":"00:00"},{"@type":"OpeningHoursSpecification","dayOfWeek":["Tuesday","Wednesday","Thursday","Friday"],"opens":"10:00","closes":"20:00"},{"@type":"OpeningHoursSpecification","dayOfWeek":["Saturday"],"opens":"10:00","closes":"13:30"}],"email":"info@somllavors.com"},{"@type":"PostalAddress","@id":"https:\/\/somllavors.com\/es\/producte\/les-meves-primeres-cancons-en-angles#local-main-place-address","streetAddress":"Carrer de l'aigua, 6","addressLocality":"Vilanova i la Geltr\u00fa","postalCode":"08800","addressRegion":"Barcelona","addressCountry":"ES"},{"@type":"ImageObject","inLanguage":"es","@id":"https:\/\/somllavors.com\/es\/producte\/les-meves-primeres-cancons-en-angles#local-main-organization-logo","url":"https:\/\/somllavors.com\/wp-content\/uploads\/Logotip-Som-Llavors.jpg","contentUrl":"https:\/\/somllavors.com\/wp-content\/uploads\/Logotip-Som-Llavors.jpg","width":1444,"height":1323,"caption":"Som Llavors"}]},"product_price_amount":"10.95","product_price_currency":"EUR","og_availability":"instock","product_availability":"instock","product_retailer_item_id":"9788491370291","product_condition":"new","geo.placename":"Vilanova i la Geltr\u00fa","geo.position":{"lat":"41.2257737","long":"1.723258859"},"geo.region":"Espa\u00f1a"},"brands":[],"_links":{"self":[{"href":"https:\/\/somllavors.com\/es\/wp-json\/wp\/v2\/product\/86401","targetHints":{"allow":["GET"]}}],"collection":[{"href":"https:\/\/somllavors.com\/es\/wp-json\/wp\/v2\/product"}],"about":[{"href":"https:\/\/somllavors.com\/es\/wp-json\/wp\/v2\/types\/product"}],"wp:featuredmedia":[{"embeddable":true,"href":"https:\/\/somllavors.com\/es\/wp-json\/wp\/v2\/media\/86405"}],"wp:attachment":[{"href":"https:\/\/somllavors.com\/es\/wp-json\/wp\/v2\/media?parent=86401"}],"wp:term":[{"taxonomy":"pwb-brand","embeddable":true,"href":"https:\/\/somllavors.com\/es\/wp-json\/wp\/v2\/pwb-brand?post=86401"},{"taxonomy":"product_brand","embeddable":true,"href":"https:\/\/somllavors.com\/es\/wp-json\/wp\/v2\/product_brand?post=86401"},{"taxonomy":"product_cat","embeddable":true,"href":"https:\/\/somllavors.com\/es\/wp-json\/wp\/v2\/product_cat?post=86401"},{"taxonomy":"product_tag","embeddable":true,"href":"https:\/\/somllavors.com\/es\/wp-json\/wp\/v2\/product_tag?post=86401"}],"curies":[{"name":"wp","href":"https:\/\/api.w.org\/{rel}","templated":true}]}}