{"id":86433,"date":"2025-12-16T20:58:31","date_gmt":"2025-12-16T19:58:31","guid":{"rendered":"https:\/\/somllavors.com\/?post_type=product&#038;p=86433"},"modified":"2025-12-23T18:32:31","modified_gmt":"2025-12-23T17:32:31","slug":"minitresors-busca-i-troba","status":"publish","type":"product","link":"https:\/\/somllavors.com\/es\/producte\/minitresors-busca-i-troba","title":{"rendered":"Minitresors &#8211; Busca i troba"},"content":{"rendered":"<p><b>Qu\u00e8 trobar\u00e0s en aquest llibre de cartr\u00f3?<\/b><\/p>\n<ul>\n<li><b>100 tresors per buscar<\/b>: un grapat d\u2019aglans, un mapa del tresor, una petxina que brilla, un sobre misteri\u00f3s, un flotador multicolor\u2026<\/li>\n<li><b style=\"font-style: inherit;\">10 escenaris il\u00b7lustrats<\/b><span style=\"font-size: 16px;\">: un passeig per l\u2019hort, el parc, la biblioteca, el bosc, la fira, la platja a l\u2019estiu, la muntanya a l\u2019hivern, el mercat, la piscina i el museu d\u2019art modern.<\/span><\/li>\n<li><b style=\"font-style: inherit;\">2 personatges per trobar<\/b><span style=\"font-size: 16px;\">: la J\u00falia i el Manel, dos aventurers experts en minitresors. En Manel porta un jersei de ratlles i la J\u00falia mai no es separa de la seva c\u00e0mera de fotos.<\/span><\/li>\n<\/ul>\n<p>Un llibre de\u00a0<b>busca i troba modern, divertit i amb un format compacte<\/b>, ideal per portar a tot arreu i descobrir el plaer dels petits detalls, amb format de cartr\u00f3 resistent, cantonades arrodonides i\u00a0<i>stampings<\/i>\u00a0daurats preciosos a la coberta.<\/p>\n","protected":false},"excerpt":{"rendered":"<p><b>100 objectes estan amagats en aquest llibre!<\/b>\u00a0<b>Ajuda a les criatures exploradores a trobar-los i gaudeix de cada detall en aquest adorable llibre de cartr\u00f3.<\/b><\/p>\n<p>Els\u00a0<b>minitresors<\/b>\u00a0s\u00f3n petites coses, objectes quotidians que, encara que semblin insignificants, fan la vida m\u00e9s divertida.<\/p>\n<p>Acompanya en Manel i la J\u00falia en la seva cerca de petits tresors que per a les persones adultes poden no tenir valor, per\u00f2 que, als ulls d\u2019una criatura, s\u00f3n aut\u00e8ntics regals per recol\u00b7lectar i col\u00b7leccionar.<\/p>\n","protected":false},"featured_media":86439,"template":"","meta":{"_acf_changed":false,"site-sidebar-layout":"default","site-content-layout":"","ast-site-content-layout":"default","site-content-style":"default","site-sidebar-style":"default","ast-global-header-display":"","ast-banner-title-visibility":"","ast-main-header-display":"","ast-hfb-above-header-display":"","ast-hfb-below-header-display":"","ast-hfb-mobile-header-display":"","site-post-title":"","ast-breadcrumbs-content":"","ast-featured-img":"","footer-sml-layout":"","theme-transparent-header-meta":"default","adv-header-id-meta":"","stick-header-meta":"","header-above-stick-meta":"","header-main-stick-meta":"","header-below-stick-meta":"","astra-migrate-meta-layouts":"set","ast-page-background-enabled":"default","ast-page-background-meta":{"desktop":{"background-color":"","background-image":"","background-repeat":"repeat","background-position":"center center","background-size":"auto","background-attachment":"scroll","background-type":"","background-media":"","overlay-type":"","overlay-color":"","overlay-opacity":"","overlay-gradient":""},"tablet":{"background-color":"","background-image":"","background-repeat":"repeat","background-position":"center center","background-size":"auto","background-attachment":"scroll","background-type":"","background-media":"","overlay-type":"","overlay-color":"","overlay-opacity":"","overlay-gradient":""},"mobile":{"background-color":"","background-image":"","background-repeat":"repeat","background-position":"center center","background-size":"auto","background-attachment":"scroll","background-type":"","background-media":"","overlay-type":"","overlay-color":"","overlay-opacity":"","overlay-gradient":""}},"ast-content-background-meta":{"desktop":{"background-color":"var(--ast-global-color-5)","background-image":"","background-repeat":"repeat","background-position":"center center","background-size":"auto","background-attachment":"scroll","background-type":"","background-media":"","overlay-type":"","overlay-color":"","overlay-opacity":"","overlay-gradient":""},"tablet":{"background-color":"var(--ast-global-color-5)","background-image":"","background-repeat":"repeat","background-position":"center center","background-size":"auto","background-attachment":"scroll","background-type":"","background-media":"","overlay-type":"","overlay-color":"","overlay-opacity":"","overlay-gradient":""},"mobile":{"background-color":"var(--ast-global-color-5)","background-image":"","background-repeat":"repeat","background-position":"center center","background-size":"auto","background-attachment":"scroll","background-type":"","background-media":"","overlay-type":"","overlay-color":"","overlay-opacity":"","overlay-gradient":""}}},"pwb-brand":[],"product_brand":[],"product_cat":[871,567],"product_tag":[960],"class_list":{"0":"post-86433","1":"product","2":"type-product","3":"status-publish","4":"has-post-thumbnail","6":"product_cat-contes-de-cartro","7":"product_cat-infantils","8":"product_tag-estrella-polar","9":"desktop-align-left","10":"tablet-align-left","11":"mobile-align-left","13":"first","14":"outofstock","15":"taxable","16":"shipping-taxable","17":"purchasable","18":"product-type-simple"},"acf":[],"yoast_head":"<!-- This site is optimized with the Yoast SEO Premium plugin v18.3 (Yoast SEO v27.4) - https:\/\/yoast.com\/product\/yoast-seo-premium-wordpress\/ -->\n<title>Minitresors - Busca i troba &#8212; Som Llavors<\/title>\n<meta name=\"description\" content=\"100 objectes estan amagats en aquest llibre!\u00a0Ajuda a les criatures exploradores a trobar-los i gaudeix de cada detall en aquest adorable llibre de cartr\u00f3.  Els\u00a0minitresors\u00a0s\u00f3n petites coses, objectes quotidians que, encara que semblin insignificants, fan la vida m\u00e9s divertida.  Acompanya en Manel i la J\u00falia en la seva cerca de petits tresors que per a les persones adultes poden no tenir valor, per\u00f2 que, als ulls d\u2019una criatura, s\u00f3n aut\u00e8ntics regals per recol\u00b7lectar i col\u00b7leccionar.\" \/>\n<meta name=\"robots\" content=\"index, follow, max-snippet:-1, max-image-preview:large, max-video-preview:-1\" \/>\n<link rel=\"canonical\" href=\"https:\/\/somllavors.com\/es\/producte\/minitresors-busca-i-troba\" \/>\n<meta property=\"og:locale\" content=\"es_ES\" \/>\n<meta property=\"og:type\" content=\"article\" \/>\n<meta property=\"og:title\" content=\"Minitresors - Busca i troba\" \/>\n<meta property=\"og:description\" content=\"La teva botiga d\u2019ecocrian\u00e7a i espai d\u2019acompanyament a la maternitat\" \/>\n<meta property=\"og:url\" content=\"https:\/\/somllavors.com\/es\/producte\/minitresors-busca-i-troba\" \/>\n<meta property=\"og:site_name\" content=\"Som Llavors\" \/>\n<meta property=\"article:publisher\" content=\"https:\/\/www.facebook.com\/somllavorsvng\/?locale=ca_ES\" \/>\n<meta property=\"article:modified_time\" content=\"2025-12-23T17:32:31+00:00\" \/>\n<meta property=\"og:image\" content=\"https:\/\/somllavors.com\/wp-content\/uploads\/2025\/12\/9788413899510.jpg\" \/>\n\t<meta property=\"og:image:width\" content=\"800\" \/>\n\t<meta property=\"og:image:height\" content=\"1043\" \/>\n\t<meta property=\"og:image:type\" content=\"image\/jpeg\" \/>\n<meta name=\"twitter:card\" content=\"summary_large_image\" \/>\n<meta name=\"twitter:label1\" content=\"Precio\" \/>\n\t<meta name=\"twitter:data1\" content=\"10,95&euro; Iva incl\u00f2s\" \/>\n\t<meta name=\"twitter:label2\" content=\"Availability\" \/>\n\t<meta name=\"twitter:data2\" content=\"Out of stock\" \/>\n<script type=\"application\/ld+json\" class=\"yoast-schema-graph\">{\"@context\":\"https:\\\/\\\/schema.org\",\"@graph\":[{\"@type\":\"WebPage\",\"@id\":\"https:\\\/\\\/somllavors.com\\\/es\\\/producte\\\/minitresors-busca-i-troba\",\"url\":\"https:\\\/\\\/somllavors.com\\\/es\\\/producte\\\/minitresors-busca-i-troba\",\"name\":\"Minitresors - Busca i troba &#8212; Som Llavors\",\"isPartOf\":{\"@id\":\"https:\\\/\\\/somllavors.com\\\/es#website\"},\"primaryImageOfPage\":{\"@id\":\"https:\\\/\\\/somllavors.com\\\/es\\\/producte\\\/minitresors-busca-i-troba#primaryimage\"},\"image\":{\"@id\":\"https:\\\/\\\/somllavors.com\\\/es\\\/producte\\\/minitresors-busca-i-troba#primaryimage\"},\"thumbnailUrl\":\"https:\\\/\\\/somllavors.com\\\/wp-content\\\/uploads\\\/2025\\\/12\\\/9788413899510.jpg\",\"datePublished\":\"2025-12-16T19:58:31+00:00\",\"dateModified\":\"2025-12-23T17:32:31+00:00\",\"description\":\"100 objectes estan amagats en aquest llibre!\u00a0Ajuda a les criatures exploradores a trobar-los i gaudeix de cada detall en aquest adorable llibre de cartr\u00f3. Els\u00a0minitresors\u00a0s\u00f3n petites coses, objectes quotidians que, encara que semblin insignificants, fan la vida m\u00e9s divertida. Acompanya en Manel i la J\u00falia en la seva cerca de petits tresors que per a les persones adultes poden no tenir valor, per\u00f2 que, als ulls d\u2019una criatura, s\u00f3n aut\u00e8ntics regals per recol\u00b7lectar i col\u00b7leccionar.\",\"breadcrumb\":{\"@id\":\"https:\\\/\\\/somllavors.com\\\/es\\\/producte\\\/minitresors-busca-i-troba#breadcrumb\"},\"inLanguage\":\"es\",\"potentialAction\":[{\"@type\":\"ReadAction\",\"target\":[\"https:\\\/\\\/somllavors.com\\\/es\\\/producte\\\/minitresors-busca-i-troba\"]}]},{\"@type\":\"ImageObject\",\"inLanguage\":\"es\",\"@id\":\"https:\\\/\\\/somllavors.com\\\/es\\\/producte\\\/minitresors-busca-i-troba#primaryimage\",\"url\":\"https:\\\/\\\/somllavors.com\\\/wp-content\\\/uploads\\\/2025\\\/12\\\/9788413899510.jpg\",\"contentUrl\":\"https:\\\/\\\/somllavors.com\\\/wp-content\\\/uploads\\\/2025\\\/12\\\/9788413899510.jpg\",\"width\":800,\"height\":1043,\"caption\":\"Minitresors - Busca i troba\"},{\"@type\":\"BreadcrumbList\",\"@id\":\"https:\\\/\\\/somllavors.com\\\/es\\\/producte\\\/minitresors-busca-i-troba#breadcrumb\",\"itemListElement\":[{\"@type\":\"ListItem\",\"position\":1,\"name\":\"Inici\",\"item\":\"https:\\\/\\\/somllavors.com\\\/es\"},{\"@type\":\"ListItem\",\"position\":2,\"name\":\"Tienda\",\"item\":\"https:\\\/\\\/somllavors.com\\\/es\\\/botiga-2\"},{\"@type\":\"ListItem\",\"position\":3,\"name\":\"Minitresors &#8211; Busca i troba\"}]},{\"@type\":\"WebSite\",\"@id\":\"https:\\\/\\\/somllavors.com\\\/es#website\",\"url\":\"https:\\\/\\\/somllavors.com\\\/es\",\"name\":\"Som Llavors\",\"description\":\"Botiga de crian\u00e7a natural\",\"publisher\":{\"@id\":\"https:\\\/\\\/somllavors.com\\\/es#organization\"},\"alternateName\":\"Crian\u00e7a Natural i Sostenible\",\"potentialAction\":[{\"@type\":\"SearchAction\",\"target\":{\"@type\":\"EntryPoint\",\"urlTemplate\":\"https:\\\/\\\/somllavors.com\\\/es?s={search_term_string}\"},\"query-input\":{\"@type\":\"PropertyValueSpecification\",\"valueRequired\":true,\"valueName\":\"search_term_string\"}}],\"inLanguage\":\"es\"},{\"@type\":[\"Organization\",\"Place\",\"Store\"],\"@id\":\"https:\\\/\\\/somllavors.com\\\/es#organization\",\"name\":\"Som Llavors\",\"alternateName\":\"Crian\u00e7a Natural i Sostenible\",\"url\":\"https:\\\/\\\/somllavors.com\\\/es\",\"logo\":{\"@id\":\"https:\\\/\\\/somllavors.com\\\/es\\\/producte\\\/minitresors-busca-i-troba#local-main-organization-logo\"},\"image\":{\"@id\":\"https:\\\/\\\/somllavors.com\\\/es\\\/producte\\\/minitresors-busca-i-troba#local-main-organization-logo\"},\"sameAs\":[\"https:\\\/\\\/www.facebook.com\\\/somllavorsvng\\\/?locale=ca_ES\",\"https:\\\/\\\/www.instagram.com\\\/somllavors_vng\\\/\",\"https:\\\/\\\/www.youtube.com\\\/@somllavors\"],\"address\":{\"@id\":\"https:\\\/\\\/somllavors.com\\\/es\\\/producte\\\/minitresors-busca-i-troba#local-main-place-address\"},\"geo\":{\"@type\":\"GeoCoordinates\",\"latitude\":\"41.2257737\",\"longitude\":\"1.723258859\"},\"telephone\":[\"623152704\"],\"openingHoursSpecification\":[{\"@type\":\"OpeningHoursSpecification\",\"dayOfWeek\":[\"Monday\",\"Sunday\"],\"opens\":\"00:00\",\"closes\":\"00:00\"},{\"@type\":\"OpeningHoursSpecification\",\"dayOfWeek\":[\"Tuesday\",\"Wednesday\",\"Thursday\",\"Friday\"],\"opens\":\"10:00\",\"closes\":\"20:00\"},{\"@type\":\"OpeningHoursSpecification\",\"dayOfWeek\":[\"Saturday\"],\"opens\":\"10:00\",\"closes\":\"13:30\"}],\"email\":\"info@somllavors.com\"},{\"@type\":\"PostalAddress\",\"@id\":\"https:\\\/\\\/somllavors.com\\\/es\\\/producte\\\/minitresors-busca-i-troba#local-main-place-address\",\"streetAddress\":\"Carrer de l'aigua, 6\",\"addressLocality\":\"Vilanova i la Geltr\u00fa\",\"postalCode\":\"08800\",\"addressRegion\":\"Barcelona\",\"addressCountry\":\"ES\"},{\"@type\":\"ImageObject\",\"inLanguage\":\"es\",\"@id\":\"https:\\\/\\\/somllavors.com\\\/es\\\/producte\\\/minitresors-busca-i-troba#local-main-organization-logo\",\"url\":\"https:\\\/\\\/somllavors.com\\\/wp-content\\\/uploads\\\/Logotip-Som-Llavors.jpg\",\"contentUrl\":\"https:\\\/\\\/somllavors.com\\\/wp-content\\\/uploads\\\/Logotip-Som-Llavors.jpg\",\"width\":1444,\"height\":1323,\"caption\":\"Som Llavors\"}]}<\/script>\n<meta property=\"product:price:amount\" content=\"10.95\" \/>\n<meta property=\"product:price:currency\" content=\"EUR\" \/>\n<meta property=\"og:availability\" content=\"out of stock\" \/>\n<meta property=\"product:availability\" content=\"out of stock\" \/>\n<meta property=\"product:retailer_item_id\" content=\"9788413899510\" \/>\n<meta property=\"product:condition\" content=\"new\" \/>\n<meta name=\"geo.placename\" content=\"Vilanova i la Geltr\u00fa\" \/>\n<meta name=\"geo.position\" content=\"41.2257737;1.723258859\" \/>\n<meta name=\"geo.region\" content=\"Espa\u00f1a\" \/>\n<!-- \/ Yoast SEO Premium plugin. -->","yoast_head_json":{"title":"Minitresors - Busca i troba &#8212; Som Llavors","description":"100 objectes estan amagats en aquest llibre!\u00a0Ajuda a les criatures exploradores a trobar-los i gaudeix de cada detall en aquest adorable llibre de cartr\u00f3.  Els\u00a0minitresors\u00a0s\u00f3n petites coses, objectes quotidians que, encara que semblin insignificants, fan la vida m\u00e9s divertida.  Acompanya en Manel i la J\u00falia en la seva cerca de petits tresors que per a les persones adultes poden no tenir valor, per\u00f2 que, als ulls d\u2019una criatura, s\u00f3n aut\u00e8ntics regals per recol\u00b7lectar i col\u00b7leccionar.","robots":{"index":"index","follow":"follow","max-snippet":"max-snippet:-1","max-image-preview":"max-image-preview:large","max-video-preview":"max-video-preview:-1"},"canonical":"https:\/\/somllavors.com\/es\/producte\/minitresors-busca-i-troba","og_locale":"es_ES","og_type":"article","og_title":"Minitresors - Busca i troba","og_description":"La teva botiga d\u2019ecocrian\u00e7a i espai d\u2019acompanyament a la maternitat","og_url":"https:\/\/somllavors.com\/es\/producte\/minitresors-busca-i-troba","og_site_name":"Som Llavors","article_publisher":"https:\/\/www.facebook.com\/somllavorsvng\/?locale=ca_ES","article_modified_time":"2025-12-23T17:32:31+00:00","og_image":[{"width":800,"height":1043,"url":"https:\/\/somllavors.com\/wp-content\/uploads\/2025\/12\/9788413899510.jpg","type":"image\/jpeg"}],"twitter_card":"summary_large_image","twitter_misc":{"Precio":"10,95&euro; Iva incl\u00f2s","Availability":"Out of stock"},"schema":{"@context":"https:\/\/schema.org","@graph":[{"@type":"WebPage","@id":"https:\/\/somllavors.com\/es\/producte\/minitresors-busca-i-troba","url":"https:\/\/somllavors.com\/es\/producte\/minitresors-busca-i-troba","name":"Minitresors - Busca i troba &#8212; Som Llavors","isPartOf":{"@id":"https:\/\/somllavors.com\/es#website"},"primaryImageOfPage":{"@id":"https:\/\/somllavors.com\/es\/producte\/minitresors-busca-i-troba#primaryimage"},"image":{"@id":"https:\/\/somllavors.com\/es\/producte\/minitresors-busca-i-troba#primaryimage"},"thumbnailUrl":"https:\/\/somllavors.com\/wp-content\/uploads\/2025\/12\/9788413899510.jpg","datePublished":"2025-12-16T19:58:31+00:00","dateModified":"2025-12-23T17:32:31+00:00","description":"100 objectes estan amagats en aquest llibre!\u00a0Ajuda a les criatures exploradores a trobar-los i gaudeix de cada detall en aquest adorable llibre de cartr\u00f3. Els\u00a0minitresors\u00a0s\u00f3n petites coses, objectes quotidians que, encara que semblin insignificants, fan la vida m\u00e9s divertida. Acompanya en Manel i la J\u00falia en la seva cerca de petits tresors que per a les persones adultes poden no tenir valor, per\u00f2 que, als ulls d\u2019una criatura, s\u00f3n aut\u00e8ntics regals per recol\u00b7lectar i col\u00b7leccionar.","breadcrumb":{"@id":"https:\/\/somllavors.com\/es\/producte\/minitresors-busca-i-troba#breadcrumb"},"inLanguage":"es","potentialAction":[{"@type":"ReadAction","target":["https:\/\/somllavors.com\/es\/producte\/minitresors-busca-i-troba"]}]},{"@type":"ImageObject","inLanguage":"es","@id":"https:\/\/somllavors.com\/es\/producte\/minitresors-busca-i-troba#primaryimage","url":"https:\/\/somllavors.com\/wp-content\/uploads\/2025\/12\/9788413899510.jpg","contentUrl":"https:\/\/somllavors.com\/wp-content\/uploads\/2025\/12\/9788413899510.jpg","width":800,"height":1043,"caption":"Minitresors - Busca i troba"},{"@type":"BreadcrumbList","@id":"https:\/\/somllavors.com\/es\/producte\/minitresors-busca-i-troba#breadcrumb","itemListElement":[{"@type":"ListItem","position":1,"name":"Inici","item":"https:\/\/somllavors.com\/es"},{"@type":"ListItem","position":2,"name":"Tienda","item":"https:\/\/somllavors.com\/es\/botiga-2"},{"@type":"ListItem","position":3,"name":"Minitresors &#8211; Busca i troba"}]},{"@type":"WebSite","@id":"https:\/\/somllavors.com\/es#website","url":"https:\/\/somllavors.com\/es","name":"Som Llavors","description":"Botiga de crian\u00e7a natural","publisher":{"@id":"https:\/\/somllavors.com\/es#organization"},"alternateName":"Crian\u00e7a Natural i Sostenible","potentialAction":[{"@type":"SearchAction","target":{"@type":"EntryPoint","urlTemplate":"https:\/\/somllavors.com\/es?s={search_term_string}"},"query-input":{"@type":"PropertyValueSpecification","valueRequired":true,"valueName":"search_term_string"}}],"inLanguage":"es"},{"@type":["Organization","Place","Store"],"@id":"https:\/\/somllavors.com\/es#organization","name":"Som Llavors","alternateName":"Crian\u00e7a Natural i Sostenible","url":"https:\/\/somllavors.com\/es","logo":{"@id":"https:\/\/somllavors.com\/es\/producte\/minitresors-busca-i-troba#local-main-organization-logo"},"image":{"@id":"https:\/\/somllavors.com\/es\/producte\/minitresors-busca-i-troba#local-main-organization-logo"},"sameAs":["https:\/\/www.facebook.com\/somllavorsvng\/?locale=ca_ES","https:\/\/www.instagram.com\/somllavors_vng\/","https:\/\/www.youtube.com\/@somllavors"],"address":{"@id":"https:\/\/somllavors.com\/es\/producte\/minitresors-busca-i-troba#local-main-place-address"},"geo":{"@type":"GeoCoordinates","latitude":"41.2257737","longitude":"1.723258859"},"telephone":["623152704","623152704"],"openingHoursSpecification":[{"@type":"OpeningHoursSpecification","dayOfWeek":["Monday","Sunday"],"opens":"00:00","closes":"00:00"},{"@type":"OpeningHoursSpecification","dayOfWeek":["Tuesday","Wednesday","Thursday","Friday"],"opens":"10:00","closes":"20:00"},{"@type":"OpeningHoursSpecification","dayOfWeek":["Saturday"],"opens":"10:00","closes":"13:30"}],"email":"info@somllavors.com"},{"@type":"PostalAddress","@id":"https:\/\/somllavors.com\/es\/producte\/minitresors-busca-i-troba#local-main-place-address","streetAddress":"Carrer de l'aigua, 6","addressLocality":"Vilanova i la Geltr\u00fa","postalCode":"08800","addressRegion":"Barcelona","addressCountry":"ES"},{"@type":"ImageObject","inLanguage":"es","@id":"https:\/\/somllavors.com\/es\/producte\/minitresors-busca-i-troba#local-main-organization-logo","url":"https:\/\/somllavors.com\/wp-content\/uploads\/Logotip-Som-Llavors.jpg","contentUrl":"https:\/\/somllavors.com\/wp-content\/uploads\/Logotip-Som-Llavors.jpg","width":1444,"height":1323,"caption":"Som Llavors"}]},"product_price_amount":"10.95","product_price_currency":"EUR","og_availability":"out of stock","product_availability":"out of stock","product_retailer_item_id":"9788413899510","product_condition":"new","geo.placename":"Vilanova i la Geltr\u00fa","geo.position":{"lat":"41.2257737","long":"1.723258859"},"geo.region":"Espa\u00f1a"},"brands":[],"_links":{"self":[{"href":"https:\/\/somllavors.com\/es\/wp-json\/wp\/v2\/product\/86433","targetHints":{"allow":["GET"]}}],"collection":[{"href":"https:\/\/somllavors.com\/es\/wp-json\/wp\/v2\/product"}],"about":[{"href":"https:\/\/somllavors.com\/es\/wp-json\/wp\/v2\/types\/product"}],"wp:featuredmedia":[{"embeddable":true,"href":"https:\/\/somllavors.com\/es\/wp-json\/wp\/v2\/media\/86439"}],"wp:attachment":[{"href":"https:\/\/somllavors.com\/es\/wp-json\/wp\/v2\/media?parent=86433"}],"wp:term":[{"taxonomy":"pwb-brand","embeddable":true,"href":"https:\/\/somllavors.com\/es\/wp-json\/wp\/v2\/pwb-brand?post=86433"},{"taxonomy":"product_brand","embeddable":true,"href":"https:\/\/somllavors.com\/es\/wp-json\/wp\/v2\/product_brand?post=86433"},{"taxonomy":"product_cat","embeddable":true,"href":"https:\/\/somllavors.com\/es\/wp-json\/wp\/v2\/product_cat?post=86433"},{"taxonomy":"product_tag","embeddable":true,"href":"https:\/\/somllavors.com\/es\/wp-json\/wp\/v2\/product_tag?post=86433"}],"curies":[{"name":"wp","href":"https:\/\/api.w.org\/{rel}","templated":true}]}}