{"id":86932,"date":"2025-12-22T23:04:13","date_gmt":"2025-12-22T22:04:13","guid":{"rendered":"https:\/\/somllavors.com\/producte\/caja-de-herramientas-de-madera-fsc-little-dutch"},"modified":"2025-12-22T23:04:13","modified_gmt":"2025-12-22T22:04:13","slug":"caja-de-herramientas-de-madera-fsc-little-dutch","status":"publish","type":"product","link":"https:\/\/somllavors.com\/es\/producte\/caja-de-herramientas-de-madera-fsc-little-dutch","title":{"rendered":"CAJA DE HERRAMIENTAS DE MADERA FSC &#8211; LITTLE DUTCH"},"content":{"rendered":"<p>Edad recomendada: A partir de 2 a\u00f1os<br \/>\nMedidas: 25 x 14 x 12,2 cm<\/p>\n","protected":false},"excerpt":{"rendered":"<p>\u00a1Hagamos algunos trabajos en casa! Todo puede arreglarse con esta pr\u00e1ctica caja de herramientas. Con tu propio mazo, destornillador y llave inglesa, tendr\u00e1s todas las herramientas esenciales que necesitas para construir, conectar y reparar tus peque\u00f1os proyectos. Incluye piezas de paneles, hembras y tornillos que te permiten atornillar, girar y ensamblar cosas. \u00bfY sab\u00edas que la caja de herramientas no es s\u00f3lo una caja para guardar las herramientas? \u00a1Tambi\u00e9n es un banco de trabajo! La caja de herramientas inspira el juego de roles y ayudar\u00e1 a desarrollar la motricidad, la creatividad y la imaginaci\u00f3n de los ni\u00f1os. Comb\u00ednala con el banco de trabajo para crear un escenario de juego de roles y deja que tu peque\u00f1o se meta al personaje. Horas de diversi\u00f3n garantizadas por tu peque\u00f1o ayudante.        <\/p>\n","protected":false},"featured_media":86924,"template":"","meta":{"_acf_changed":false,"site-sidebar-layout":"default","site-content-layout":"","ast-site-content-layout":"default","site-content-style":"default","site-sidebar-style":"default","ast-global-header-display":"","ast-banner-title-visibility":"","ast-main-header-display":"","ast-hfb-above-header-display":"","ast-hfb-below-header-display":"","ast-hfb-mobile-header-display":"","site-post-title":"","ast-breadcrumbs-content":"","ast-featured-img":"","footer-sml-layout":"","ast-disable-related-posts":"","theme-transparent-header-meta":"default","adv-header-id-meta":"","stick-header-meta":"","header-above-stick-meta":"","header-main-stick-meta":"","header-below-stick-meta":"","astra-migrate-meta-layouts":"default","ast-page-background-enabled":"default","ast-page-background-meta":{"desktop":{"background-color":"","background-image":"","background-repeat":"repeat","background-position":"center center","background-size":"auto","background-attachment":"scroll","background-type":"","background-media":"","overlay-type":"","overlay-color":"","overlay-opacity":"","overlay-gradient":""},"tablet":{"background-color":"","background-image":"","background-repeat":"repeat","background-position":"center center","background-size":"auto","background-attachment":"scroll","background-type":"","background-media":"","overlay-type":"","overlay-color":"","overlay-opacity":"","overlay-gradient":""},"mobile":{"background-color":"","background-image":"","background-repeat":"repeat","background-position":"center center","background-size":"auto","background-attachment":"scroll","background-type":"","background-media":"","overlay-type":"","overlay-color":"","overlay-opacity":"","overlay-gradient":""}},"ast-content-background-meta":{"desktop":{"background-color":"var(--ast-global-color-5)","background-image":"","background-repeat":"repeat","background-position":"center center","background-size":"auto","background-attachment":"scroll","background-type":"","background-media":"","overlay-type":"","overlay-color":"","overlay-opacity":"","overlay-gradient":""},"tablet":{"background-color":"var(--ast-global-color-5)","background-image":"","background-repeat":"repeat","background-position":"center center","background-size":"auto","background-attachment":"scroll","background-type":"","background-media":"","overlay-type":"","overlay-color":"","overlay-opacity":"","overlay-gradient":""},"mobile":{"background-color":"var(--ast-global-color-5)","background-image":"","background-repeat":"repeat","background-position":"center center","background-size":"auto","background-attachment":"scroll","background-type":"","background-media":"","overlay-type":"","overlay-color":"","overlay-opacity":"","overlay-gradient":""}}},"pwb-brand":[5336],"product_brand":[],"product_cat":[3546,3542],"product_tag":[],"class_list":{"0":"post-86932","1":"product","2":"type-product","3":"status-publish","4":"has-post-thumbnail","6":"pwb-brand-little-dutch","7":"product_cat-juego-simbolico","8":"product_cat-juegos-de-madera","9":"desktop-align-left","10":"tablet-align-left","11":"mobile-align-left","13":"first","14":"instock","15":"taxable","16":"shipping-taxable","17":"purchasable","18":"product-type-simple"},"acf":[],"yoast_head":"<!-- This site is optimized with the Yoast SEO Premium plugin v18.3 (Yoast SEO v27.4) - https:\/\/yoast.com\/product\/yoast-seo-premium-wordpress\/ -->\n<title>CAJA DE HERRAMIENTAS DE MADERA FSC - LITTLE DUTCH &#8212; Som Llavors<\/title>\n<meta name=\"description\" content=\"\u00a1Hagamos algunos trabajos en casa! Todo puede arreglarse con esta pr\u00e1ctica caja de herramientas. Con tu propio mazo, destornillador y llave inglesa, tendr\u00e1s todas las herramientas esenciales que necesitas para construir, conectar y reparar tus peque\u00f1os proyectos. Incluye piezas de paneles, hembras y tornillos que te permiten atornillar, girar y ensamblar cosas. \u00bfY sab\u00edas que la caja de herramientas no es s\u00f3lo una caja para guardar las herramientas? \u00a1Tambi\u00e9n es un banco de trabajo! La caja de herramientas inspira el juego de roles y ayudar\u00e1 a desarrollar la motricidad, la creatividad y la imaginaci\u00f3n de los ni\u00f1os. Comb\u00ednala con el banco de trabajo para crear un escenario de juego de roles y deja que tu peque\u00f1o se meta al personaje. Horas de diversi\u00f3n garantizadas por tu peque\u00f1o ayudante.\" \/>\n<meta name=\"robots\" content=\"index, follow, max-snippet:-1, max-image-preview:large, max-video-preview:-1\" \/>\n<link rel=\"canonical\" href=\"https:\/\/somllavors.com\/es\/producte\/caja-de-herramientas-de-madera-fsc-little-dutch\" \/>\n<meta property=\"og:locale\" content=\"es_ES\" \/>\n<meta property=\"og:type\" content=\"article\" \/>\n<meta property=\"og:title\" content=\"CAJA DE HERRAMIENTAS DE MADERA FSC - LITTLE DUTCH\" \/>\n<meta property=\"og:description\" content=\"La teva botiga d\u2019ecocrian\u00e7a i espai d\u2019acompanyament a la maternitat\" \/>\n<meta property=\"og:url\" content=\"https:\/\/somllavors.com\/es\/producte\/caja-de-herramientas-de-madera-fsc-little-dutch\" \/>\n<meta property=\"og:site_name\" content=\"Som Llavors\" \/>\n<meta property=\"article:publisher\" content=\"https:\/\/www.facebook.com\/somllavorsvng\/?locale=ca_ES\" \/>\n<meta property=\"og:image\" content=\"https:\/\/somllavors.com\/wp-content\/uploads\/2025\/12\/T8KY00019788.jpg\" \/>\n\t<meta property=\"og:image:width\" content=\"1080\" \/>\n\t<meta property=\"og:image:height\" content=\"1080\" \/>\n\t<meta property=\"og:image:type\" content=\"image\/jpeg\" \/>\n<meta name=\"twitter:card\" content=\"summary_large_image\" \/>\n<meta name=\"twitter:label1\" content=\"Precio\" \/>\n\t<meta name=\"twitter:data1\" content=\"24,95&euro; Iva incl\u00f2s\" \/>\n\t<meta name=\"twitter:label2\" content=\"Availability\" \/>\n\t<meta name=\"twitter:data2\" content=\"Hay existencias\" \/>\n<script type=\"application\/ld+json\" class=\"yoast-schema-graph\">{\"@context\":\"https:\\\/\\\/schema.org\",\"@graph\":[{\"@type\":\"WebPage\",\"@id\":\"https:\\\/\\\/somllavors.com\\\/es\\\/producte\\\/caja-de-herramientas-de-madera-fsc-little-dutch\",\"url\":\"https:\\\/\\\/somllavors.com\\\/es\\\/producte\\\/caja-de-herramientas-de-madera-fsc-little-dutch\",\"name\":\"CAJA DE HERRAMIENTAS DE MADERA FSC - LITTLE DUTCH &#8212; Som Llavors\",\"isPartOf\":{\"@id\":\"https:\\\/\\\/somllavors.com\\\/es#website\"},\"primaryImageOfPage\":{\"@id\":\"https:\\\/\\\/somllavors.com\\\/es\\\/producte\\\/caja-de-herramientas-de-madera-fsc-little-dutch#primaryimage\"},\"image\":{\"@id\":\"https:\\\/\\\/somllavors.com\\\/es\\\/producte\\\/caja-de-herramientas-de-madera-fsc-little-dutch#primaryimage\"},\"thumbnailUrl\":\"https:\\\/\\\/somllavors.com\\\/wp-content\\\/uploads\\\/2025\\\/12\\\/T8KY00019788.jpg\",\"datePublished\":\"2025-12-22T22:04:13+00:00\",\"description\":\"\u00a1Hagamos algunos trabajos en casa! Todo puede arreglarse con esta pr\u00e1ctica caja de herramientas. Con tu propio mazo, destornillador y llave inglesa, tendr\u00e1s todas las herramientas esenciales que necesitas para construir, conectar y reparar tus peque\u00f1os proyectos. Incluye piezas de paneles, hembras y tornillos que te permiten atornillar, girar y ensamblar cosas. \u00bfY sab\u00edas que la caja de herramientas no es s\u00f3lo una caja para guardar las herramientas? \u00a1Tambi\u00e9n es un banco de trabajo! La caja de herramientas inspira el juego de roles y ayudar\u00e1 a desarrollar la motricidad, la creatividad y la imaginaci\u00f3n de los ni\u00f1os. Comb\u00ednala con el banco de trabajo para crear un escenario de juego de roles y deja que tu peque\u00f1o se meta al personaje. Horas de diversi\u00f3n garantizadas por tu peque\u00f1o ayudante.\",\"breadcrumb\":{\"@id\":\"https:\\\/\\\/somllavors.com\\\/es\\\/producte\\\/caja-de-herramientas-de-madera-fsc-little-dutch#breadcrumb\"},\"inLanguage\":\"es\",\"potentialAction\":[{\"@type\":\"ReadAction\",\"target\":[\"https:\\\/\\\/somllavors.com\\\/es\\\/producte\\\/caja-de-herramientas-de-madera-fsc-little-dutch\"]}]},{\"@type\":\"ImageObject\",\"inLanguage\":\"es\",\"@id\":\"https:\\\/\\\/somllavors.com\\\/es\\\/producte\\\/caja-de-herramientas-de-madera-fsc-little-dutch#primaryimage\",\"url\":\"https:\\\/\\\/somllavors.com\\\/wp-content\\\/uploads\\\/2025\\\/12\\\/T8KY00019788.jpg\",\"contentUrl\":\"https:\\\/\\\/somllavors.com\\\/wp-content\\\/uploads\\\/2025\\\/12\\\/T8KY00019788.jpg\",\"width\":1080,\"height\":1080,\"caption\":\"caixa d'eines de fusta little dutch\"},{\"@type\":\"BreadcrumbList\",\"@id\":\"https:\\\/\\\/somllavors.com\\\/es\\\/producte\\\/caja-de-herramientas-de-madera-fsc-little-dutch#breadcrumb\",\"itemListElement\":[{\"@type\":\"ListItem\",\"position\":1,\"name\":\"Inici\",\"item\":\"https:\\\/\\\/somllavors.com\\\/es\"},{\"@type\":\"ListItem\",\"position\":2,\"name\":\"Tienda\",\"item\":\"https:\\\/\\\/somllavors.com\\\/es\\\/botiga-2\"},{\"@type\":\"ListItem\",\"position\":3,\"name\":\"CAJA DE HERRAMIENTAS DE MADERA FSC &#8211; LITTLE DUTCH\"}]},{\"@type\":\"WebSite\",\"@id\":\"https:\\\/\\\/somllavors.com\\\/es#website\",\"url\":\"https:\\\/\\\/somllavors.com\\\/es\",\"name\":\"Som Llavors\",\"description\":\"Botiga de crian\u00e7a natural\",\"publisher\":{\"@id\":\"https:\\\/\\\/somllavors.com\\\/es#organization\"},\"alternateName\":\"Crian\u00e7a Natural i Sostenible\",\"potentialAction\":[{\"@type\":\"SearchAction\",\"target\":{\"@type\":\"EntryPoint\",\"urlTemplate\":\"https:\\\/\\\/somllavors.com\\\/es?s={search_term_string}\"},\"query-input\":{\"@type\":\"PropertyValueSpecification\",\"valueRequired\":true,\"valueName\":\"search_term_string\"}}],\"inLanguage\":\"es\"},{\"@type\":[\"Organization\",\"Place\",\"Store\"],\"@id\":\"https:\\\/\\\/somllavors.com\\\/es#organization\",\"name\":\"Som Llavors\",\"alternateName\":\"Crian\u00e7a Natural i Sostenible\",\"url\":\"https:\\\/\\\/somllavors.com\\\/es\",\"logo\":{\"@id\":\"https:\\\/\\\/somllavors.com\\\/es\\\/producte\\\/caja-de-herramientas-de-madera-fsc-little-dutch#local-main-organization-logo\"},\"image\":{\"@id\":\"https:\\\/\\\/somllavors.com\\\/es\\\/producte\\\/caja-de-herramientas-de-madera-fsc-little-dutch#local-main-organization-logo\"},\"sameAs\":[\"https:\\\/\\\/www.facebook.com\\\/somllavorsvng\\\/?locale=ca_ES\",\"https:\\\/\\\/www.instagram.com\\\/somllavors_vng\\\/\",\"https:\\\/\\\/www.youtube.com\\\/@somllavors\"],\"address\":{\"@id\":\"https:\\\/\\\/somllavors.com\\\/es\\\/producte\\\/caja-de-herramientas-de-madera-fsc-little-dutch#local-main-place-address\"},\"geo\":{\"@type\":\"GeoCoordinates\",\"latitude\":\"41.2257737\",\"longitude\":\"1.723258859\"},\"telephone\":[\"623152704\"],\"openingHoursSpecification\":[{\"@type\":\"OpeningHoursSpecification\",\"dayOfWeek\":[\"Monday\",\"Sunday\"],\"opens\":\"00:00\",\"closes\":\"00:00\"},{\"@type\":\"OpeningHoursSpecification\",\"dayOfWeek\":[\"Tuesday\",\"Wednesday\",\"Thursday\",\"Friday\"],\"opens\":\"10:00\",\"closes\":\"20:00\"},{\"@type\":\"OpeningHoursSpecification\",\"dayOfWeek\":[\"Saturday\"],\"opens\":\"10:00\",\"closes\":\"13:30\"}],\"email\":\"info@somllavors.com\"},{\"@type\":\"PostalAddress\",\"@id\":\"https:\\\/\\\/somllavors.com\\\/es\\\/producte\\\/caja-de-herramientas-de-madera-fsc-little-dutch#local-main-place-address\",\"streetAddress\":\"Carrer de l'aigua, 6\",\"addressLocality\":\"Vilanova i la Geltr\u00fa\",\"postalCode\":\"08800\",\"addressRegion\":\"Barcelona\",\"addressCountry\":\"ES\"},{\"@type\":\"ImageObject\",\"inLanguage\":\"es\",\"@id\":\"https:\\\/\\\/somllavors.com\\\/es\\\/producte\\\/caja-de-herramientas-de-madera-fsc-little-dutch#local-main-organization-logo\",\"url\":\"https:\\\/\\\/somllavors.com\\\/wp-content\\\/uploads\\\/Logotip-Som-Llavors.jpg\",\"contentUrl\":\"https:\\\/\\\/somllavors.com\\\/wp-content\\\/uploads\\\/Logotip-Som-Llavors.jpg\",\"width\":1444,\"height\":1323,\"caption\":\"Som Llavors\"}]}<\/script>\n<meta property=\"product:price:amount\" content=\"24.95\" \/>\n<meta property=\"product:price:currency\" content=\"EUR\" \/>\n<meta property=\"og:availability\" content=\"instock\" \/>\n<meta property=\"product:availability\" content=\"instock\" \/>\n<meta property=\"product:retailer_item_id\" content=\"LD2544\" \/>\n<meta property=\"product:condition\" content=\"new\" \/>\n<meta name=\"geo.placename\" content=\"Vilanova i la Geltr\u00fa\" \/>\n<meta name=\"geo.position\" content=\"41.2257737;1.723258859\" \/>\n<meta name=\"geo.region\" content=\"Espa\u00f1a\" \/>\n<!-- \/ Yoast SEO Premium plugin. -->","yoast_head_json":{"title":"CAJA DE HERRAMIENTAS DE MADERA FSC - LITTLE DUTCH &#8212; Som Llavors","description":"\u00a1Hagamos algunos trabajos en casa! Todo puede arreglarse con esta pr\u00e1ctica caja de herramientas. Con tu propio mazo, destornillador y llave inglesa, tendr\u00e1s todas las herramientas esenciales que necesitas para construir, conectar y reparar tus peque\u00f1os proyectos. Incluye piezas de paneles, hembras y tornillos que te permiten atornillar, girar y ensamblar cosas. \u00bfY sab\u00edas que la caja de herramientas no es s\u00f3lo una caja para guardar las herramientas? \u00a1Tambi\u00e9n es un banco de trabajo! La caja de herramientas inspira el juego de roles y ayudar\u00e1 a desarrollar la motricidad, la creatividad y la imaginaci\u00f3n de los ni\u00f1os. Comb\u00ednala con el banco de trabajo para crear un escenario de juego de roles y deja que tu peque\u00f1o se meta al personaje. Horas de diversi\u00f3n garantizadas por tu peque\u00f1o ayudante.","robots":{"index":"index","follow":"follow","max-snippet":"max-snippet:-1","max-image-preview":"max-image-preview:large","max-video-preview":"max-video-preview:-1"},"canonical":"https:\/\/somllavors.com\/es\/producte\/caja-de-herramientas-de-madera-fsc-little-dutch","og_locale":"es_ES","og_type":"article","og_title":"CAJA DE HERRAMIENTAS DE MADERA FSC - LITTLE DUTCH","og_description":"La teva botiga d\u2019ecocrian\u00e7a i espai d\u2019acompanyament a la maternitat","og_url":"https:\/\/somllavors.com\/es\/producte\/caja-de-herramientas-de-madera-fsc-little-dutch","og_site_name":"Som Llavors","article_publisher":"https:\/\/www.facebook.com\/somllavorsvng\/?locale=ca_ES","og_image":[{"width":1080,"height":1080,"url":"https:\/\/somllavors.com\/wp-content\/uploads\/2025\/12\/T8KY00019788.jpg","type":"image\/jpeg"}],"twitter_card":"summary_large_image","twitter_misc":{"Precio":"24,95&euro; Iva incl\u00f2s","Availability":"Hay existencias"},"schema":{"@context":"https:\/\/schema.org","@graph":[{"@type":"WebPage","@id":"https:\/\/somllavors.com\/es\/producte\/caja-de-herramientas-de-madera-fsc-little-dutch","url":"https:\/\/somllavors.com\/es\/producte\/caja-de-herramientas-de-madera-fsc-little-dutch","name":"CAJA DE HERRAMIENTAS DE MADERA FSC - LITTLE DUTCH &#8212; Som Llavors","isPartOf":{"@id":"https:\/\/somllavors.com\/es#website"},"primaryImageOfPage":{"@id":"https:\/\/somllavors.com\/es\/producte\/caja-de-herramientas-de-madera-fsc-little-dutch#primaryimage"},"image":{"@id":"https:\/\/somllavors.com\/es\/producte\/caja-de-herramientas-de-madera-fsc-little-dutch#primaryimage"},"thumbnailUrl":"https:\/\/somllavors.com\/wp-content\/uploads\/2025\/12\/T8KY00019788.jpg","datePublished":"2025-12-22T22:04:13+00:00","description":"\u00a1Hagamos algunos trabajos en casa! Todo puede arreglarse con esta pr\u00e1ctica caja de herramientas. Con tu propio mazo, destornillador y llave inglesa, tendr\u00e1s todas las herramientas esenciales que necesitas para construir, conectar y reparar tus peque\u00f1os proyectos. Incluye piezas de paneles, hembras y tornillos que te permiten atornillar, girar y ensamblar cosas. \u00bfY sab\u00edas que la caja de herramientas no es s\u00f3lo una caja para guardar las herramientas? \u00a1Tambi\u00e9n es un banco de trabajo! La caja de herramientas inspira el juego de roles y ayudar\u00e1 a desarrollar la motricidad, la creatividad y la imaginaci\u00f3n de los ni\u00f1os. Comb\u00ednala con el banco de trabajo para crear un escenario de juego de roles y deja que tu peque\u00f1o se meta al personaje. Horas de diversi\u00f3n garantizadas por tu peque\u00f1o ayudante.","breadcrumb":{"@id":"https:\/\/somllavors.com\/es\/producte\/caja-de-herramientas-de-madera-fsc-little-dutch#breadcrumb"},"inLanguage":"es","potentialAction":[{"@type":"ReadAction","target":["https:\/\/somllavors.com\/es\/producte\/caja-de-herramientas-de-madera-fsc-little-dutch"]}]},{"@type":"ImageObject","inLanguage":"es","@id":"https:\/\/somllavors.com\/es\/producte\/caja-de-herramientas-de-madera-fsc-little-dutch#primaryimage","url":"https:\/\/somllavors.com\/wp-content\/uploads\/2025\/12\/T8KY00019788.jpg","contentUrl":"https:\/\/somllavors.com\/wp-content\/uploads\/2025\/12\/T8KY00019788.jpg","width":1080,"height":1080,"caption":"caixa d'eines de fusta little dutch"},{"@type":"BreadcrumbList","@id":"https:\/\/somllavors.com\/es\/producte\/caja-de-herramientas-de-madera-fsc-little-dutch#breadcrumb","itemListElement":[{"@type":"ListItem","position":1,"name":"Inici","item":"https:\/\/somllavors.com\/es"},{"@type":"ListItem","position":2,"name":"Tienda","item":"https:\/\/somllavors.com\/es\/botiga-2"},{"@type":"ListItem","position":3,"name":"CAJA DE HERRAMIENTAS DE MADERA FSC &#8211; LITTLE DUTCH"}]},{"@type":"WebSite","@id":"https:\/\/somllavors.com\/es#website","url":"https:\/\/somllavors.com\/es","name":"Som Llavors","description":"Botiga de crian\u00e7a natural","publisher":{"@id":"https:\/\/somllavors.com\/es#organization"},"alternateName":"Crian\u00e7a Natural i Sostenible","potentialAction":[{"@type":"SearchAction","target":{"@type":"EntryPoint","urlTemplate":"https:\/\/somllavors.com\/es?s={search_term_string}"},"query-input":{"@type":"PropertyValueSpecification","valueRequired":true,"valueName":"search_term_string"}}],"inLanguage":"es"},{"@type":["Organization","Place","Store"],"@id":"https:\/\/somllavors.com\/es#organization","name":"Som Llavors","alternateName":"Crian\u00e7a Natural i Sostenible","url":"https:\/\/somllavors.com\/es","logo":{"@id":"https:\/\/somllavors.com\/es\/producte\/caja-de-herramientas-de-madera-fsc-little-dutch#local-main-organization-logo"},"image":{"@id":"https:\/\/somllavors.com\/es\/producte\/caja-de-herramientas-de-madera-fsc-little-dutch#local-main-organization-logo"},"sameAs":["https:\/\/www.facebook.com\/somllavorsvng\/?locale=ca_ES","https:\/\/www.instagram.com\/somllavors_vng\/","https:\/\/www.youtube.com\/@somllavors"],"address":{"@id":"https:\/\/somllavors.com\/es\/producte\/caja-de-herramientas-de-madera-fsc-little-dutch#local-main-place-address"},"geo":{"@type":"GeoCoordinates","latitude":"41.2257737","longitude":"1.723258859"},"telephone":["623152704","623152704"],"openingHoursSpecification":[{"@type":"OpeningHoursSpecification","dayOfWeek":["Monday","Sunday"],"opens":"00:00","closes":"00:00"},{"@type":"OpeningHoursSpecification","dayOfWeek":["Tuesday","Wednesday","Thursday","Friday"],"opens":"10:00","closes":"20:00"},{"@type":"OpeningHoursSpecification","dayOfWeek":["Saturday"],"opens":"10:00","closes":"13:30"}],"email":"info@somllavors.com"},{"@type":"PostalAddress","@id":"https:\/\/somllavors.com\/es\/producte\/caja-de-herramientas-de-madera-fsc-little-dutch#local-main-place-address","streetAddress":"Carrer de l'aigua, 6","addressLocality":"Vilanova i la Geltr\u00fa","postalCode":"08800","addressRegion":"Barcelona","addressCountry":"ES"},{"@type":"ImageObject","inLanguage":"es","@id":"https:\/\/somllavors.com\/es\/producte\/caja-de-herramientas-de-madera-fsc-little-dutch#local-main-organization-logo","url":"https:\/\/somllavors.com\/wp-content\/uploads\/Logotip-Som-Llavors.jpg","contentUrl":"https:\/\/somllavors.com\/wp-content\/uploads\/Logotip-Som-Llavors.jpg","width":1444,"height":1323,"caption":"Som Llavors"}]},"product_price_amount":"24.95","product_price_currency":"EUR","og_availability":"instock","product_availability":"instock","product_retailer_item_id":"LD2544","product_condition":"new","geo.placename":"Vilanova i la Geltr\u00fa","geo.position":{"lat":"41.2257737","long":"1.723258859"},"geo.region":"Espa\u00f1a"},"brands":[{"id":5336,"name":"Little Dutch","slug":"little-dutch"}],"_links":{"self":[{"href":"https:\/\/somllavors.com\/es\/wp-json\/wp\/v2\/product\/86932","targetHints":{"allow":["GET"]}}],"collection":[{"href":"https:\/\/somllavors.com\/es\/wp-json\/wp\/v2\/product"}],"about":[{"href":"https:\/\/somllavors.com\/es\/wp-json\/wp\/v2\/types\/product"}],"wp:featuredmedia":[{"embeddable":true,"href":"https:\/\/somllavors.com\/es\/wp-json\/wp\/v2\/media\/86924"}],"wp:attachment":[{"href":"https:\/\/somllavors.com\/es\/wp-json\/wp\/v2\/media?parent=86932"}],"wp:term":[{"taxonomy":"pwb-brand","embeddable":true,"href":"https:\/\/somllavors.com\/es\/wp-json\/wp\/v2\/pwb-brand?post=86932"},{"taxonomy":"product_brand","embeddable":true,"href":"https:\/\/somllavors.com\/es\/wp-json\/wp\/v2\/product_brand?post=86932"},{"taxonomy":"product_cat","embeddable":true,"href":"https:\/\/somllavors.com\/es\/wp-json\/wp\/v2\/product_cat?post=86932"},{"taxonomy":"product_tag","embeddable":true,"href":"https:\/\/somllavors.com\/es\/wp-json\/wp\/v2\/product_tag?post=86932"}],"curies":[{"name":"wp","href":"https:\/\/api.w.org\/{rel}","templated":true}]}}