{"id":87128,"date":"2025-12-22T12:49:05","date_gmt":"2025-12-22T11:49:05","guid":{"rendered":"https:\/\/somllavors.com\/producte\/protector-de-lluvia-para-bebes-stokke-yoyo"},"modified":"2025-12-22T12:49:05","modified_gmt":"2025-12-22T11:49:05","slug":"protector-de-lluvia-para-bebes-stokke-yoyo","status":"publish","type":"product","link":"https:\/\/somllavors.com\/es\/producte\/protector-de-lluvia-para-bebes-stokke-yoyo","title":{"rendered":"Protector de lluvia para beb\u00e9s Stokke\u00ae YOYO\u00ae"},"content":{"rendered":"<p>Tama\u00f1o del producto (cm\/pulgo)<br \/>\nAncho: 40 cm x Alto: 37 cm x Profundo: 53 cm \/ Ancho: 15.7 in x Alto: 14.6 in x Profundo: 20.9 in<\/p>\n<p>Peso (kg\/lb)<br \/>\n0.19 kg \/ 0.4 lb<\/p>\n<p>Materiales<br \/>\nEVA<\/p>\n<p>Este producto se puede utilizar con:<\/p>\n<ul>\n<li>Cesta Stokke\u00ae YOYO\u00b3 con capazo para beb\u00e9s<\/li>\n<li>Cochecito doble Stokke\u00ae YOYO\u00b3 para hermanos<\/li>\n<li>Cochecito doble Stokke\u00ae YOYO\u00b3 desde reci\u00e9n nacido<\/li>\n<li>Cabazo para reci\u00e9n nacido YOYO\u00ae<\/li>\n<li>Pack YOYO\u00ae Everyday Comfort para beb\u00e9s<\/li>\n<\/ul>\n<p>&nbsp;<\/p>\n","protected":false},"excerpt":{"rendered":"<h3>Protege a tu ni\u00f1o del mal tiempo<\/h3>\n<p>F\u00e1cil de instalar<br \/>\nTiene una solapa que te permite sujetar las asas del capazo para reci\u00e9n nacido mientras el protector de lluvia est\u00e1 colocado<br \/>\nSe puede guardar r\u00e1pidamente en la cesta<br \/>\nDise\u00f1ado especialmente para el capazo para reci\u00e9n nacido YOYO\u00ae<\/p>\n","protected":false},"featured_media":86758,"template":"","meta":{"_acf_changed":false,"site-sidebar-layout":"default","site-content-layout":"","ast-site-content-layout":"default","site-content-style":"default","site-sidebar-style":"default","ast-global-header-display":"","ast-banner-title-visibility":"","ast-main-header-display":"","ast-hfb-above-header-display":"","ast-hfb-below-header-display":"","ast-hfb-mobile-header-display":"","site-post-title":"","ast-breadcrumbs-content":"","ast-featured-img":"","footer-sml-layout":"","theme-transparent-header-meta":"default","adv-header-id-meta":"","stick-header-meta":"","header-above-stick-meta":"","header-main-stick-meta":"","header-below-stick-meta":"","astra-migrate-meta-layouts":"default","ast-page-background-enabled":"default","ast-page-background-meta":{"desktop":{"background-color":"","background-image":"","background-repeat":"repeat","background-position":"center center","background-size":"auto","background-attachment":"scroll","background-type":"","background-media":"","overlay-type":"","overlay-color":"","overlay-opacity":"","overlay-gradient":""},"tablet":{"background-color":"","background-image":"","background-repeat":"repeat","background-position":"center center","background-size":"auto","background-attachment":"scroll","background-type":"","background-media":"","overlay-type":"","overlay-color":"","overlay-opacity":"","overlay-gradient":""},"mobile":{"background-color":"","background-image":"","background-repeat":"repeat","background-position":"center center","background-size":"auto","background-attachment":"scroll","background-type":"","background-media":"","overlay-type":"","overlay-color":"","overlay-opacity":"","overlay-gradient":""}},"ast-content-background-meta":{"desktop":{"background-color":"var(--ast-global-color-5)","background-image":"","background-repeat":"repeat","background-position":"center center","background-size":"auto","background-attachment":"scroll","background-type":"","background-media":"","overlay-type":"","overlay-color":"","overlay-opacity":"","overlay-gradient":""},"tablet":{"background-color":"var(--ast-global-color-5)","background-image":"","background-repeat":"repeat","background-position":"center center","background-size":"auto","background-attachment":"scroll","background-type":"","background-media":"","overlay-type":"","overlay-color":"","overlay-opacity":"","overlay-gradient":""},"mobile":{"background-color":"var(--ast-global-color-5)","background-image":"","background-repeat":"repeat","background-position":"center center","background-size":"auto","background-attachment":"scroll","background-type":"","background-media":"","overlay-type":"","overlay-color":"","overlay-opacity":"","overlay-gradient":""}}},"pwb-brand":[4501],"product_brand":[],"product_cat":[4616],"product_tag":[],"class_list":{"0":"post-87128","1":"product","2":"type-product","3":"status-publish","4":"has-post-thumbnail","6":"pwb-brand-stokke","7":"product_cat-accesorios-de-carritos","8":"desktop-align-left","9":"tablet-align-left","10":"mobile-align-left","12":"first","13":"instock","14":"taxable","15":"shipping-taxable","16":"purchasable","17":"product-type-simple"},"acf":[],"yoast_head":"<!-- This site is optimized with the Yoast SEO Premium plugin v18.3 (Yoast SEO v26.2) - https:\/\/yoast.com\/wordpress\/plugins\/seo\/ -->\n<title>Protector de lluvia para beb\u00e9s Stokke\u00ae YOYO\u00ae &#8212; Som Llavors<\/title>\n<meta name=\"description\" content=\"Protege a tu ni\u00f1o del mal tiempo F\u00e1cil de instalar Tiene una solapa que te permite sujetar las asas del capazo para reci\u00e9n nacido mientras el protector de lluvia est\u00e1 colocado Se puede guardar r\u00e1pidamente en la cesta Dise\u00f1ado especialmente para el capazo para reci\u00e9n nacido YOYO\u00ae\" \/>\n<meta name=\"robots\" content=\"index, follow, max-snippet:-1, max-image-preview:large, max-video-preview:-1\" \/>\n<link rel=\"canonical\" href=\"https:\/\/somllavors.com\/es\/producte\/protector-de-lluvia-para-bebes-stokke-yoyo\" \/>\n<meta property=\"og:locale\" content=\"es_ES\" \/>\n<meta property=\"og:type\" content=\"article\" \/>\n<meta property=\"og:title\" content=\"Protector de lluvia para beb\u00e9s Stokke\u00ae YOYO\u00ae\" \/>\n<meta property=\"og:description\" content=\"La teva botiga d\u2019ecocrian\u00e7a i espai d\u2019acompanyament a la maternitat\" \/>\n<meta property=\"og:url\" content=\"https:\/\/somllavors.com\/es\/producte\/protector-de-lluvia-para-bebes-stokke-yoyo\" \/>\n<meta property=\"og:site_name\" content=\"Som Llavors\" \/>\n<meta property=\"article:publisher\" content=\"https:\/\/www.facebook.com\/somllavorsvng\/?locale=ca_ES\" \/>\n<meta property=\"og:image\" content=\"https:\/\/somllavors.com\/wp-content\/uploads\/2025\/12\/YOYO3_NewbornShell_Olive_BlackFrame_Profile_RainCover_0206_eCom.webp\" \/>\n\t<meta property=\"og:image:width\" content=\"938\" \/>\n\t<meta property=\"og:image:height\" content=\"1072\" \/>\n\t<meta property=\"og:image:type\" content=\"image\/webp\" \/>\n<meta name=\"twitter:card\" content=\"summary_large_image\" \/>\n<meta name=\"twitter:label1\" content=\"Precio\" \/>\n\t<meta name=\"twitter:data1\" content=\"30,00&euro; Iva incl\u00f2s\" \/>\n\t<meta name=\"twitter:label2\" content=\"Availability\" \/>\n\t<meta name=\"twitter:data2\" content=\"Hay existencias\" \/>\n<script type=\"application\/ld+json\" class=\"yoast-schema-graph\">{\"@context\":\"https:\/\/schema.org\",\"@graph\":[{\"@type\":\"WebPage\",\"@id\":\"https:\/\/somllavors.com\/es\/producte\/protector-de-lluvia-para-bebes-stokke-yoyo\",\"url\":\"https:\/\/somllavors.com\/es\/producte\/protector-de-lluvia-para-bebes-stokke-yoyo\",\"name\":\"Protector de lluvia para beb\u00e9s Stokke\u00ae YOYO\u00ae &#8212; Som Llavors\",\"isPartOf\":{\"@id\":\"https:\/\/somllavors.com\/es#website\"},\"primaryImageOfPage\":{\"@id\":\"https:\/\/somllavors.com\/es\/producte\/protector-de-lluvia-para-bebes-stokke-yoyo#primaryimage\"},\"image\":{\"@id\":\"https:\/\/somllavors.com\/es\/producte\/protector-de-lluvia-para-bebes-stokke-yoyo#primaryimage\"},\"thumbnailUrl\":\"https:\/\/somllavors.com\/wp-content\/uploads\/2025\/12\/YOYO3_NewbornShell_Olive_BlackFrame_Profile_RainCover_0206_eCom.webp\",\"datePublished\":\"2025-12-22T11:49:05+00:00\",\"description\":\"Protege a tu ni\u00f1o del mal tiempo F\u00e1cil de instalar Tiene una solapa que te permite sujetar las asas del capazo para reci\u00e9n nacido mientras el protector de lluvia est\u00e1 colocado Se puede guardar r\u00e1pidamente en la cesta Dise\u00f1ado especialmente para el capazo para reci\u00e9n nacido YOYO\u00ae\",\"breadcrumb\":{\"@id\":\"https:\/\/somllavors.com\/es\/producte\/protector-de-lluvia-para-bebes-stokke-yoyo#breadcrumb\"},\"inLanguage\":\"es\",\"potentialAction\":[{\"@type\":\"ReadAction\",\"target\":[\"https:\/\/somllavors.com\/es\/producte\/protector-de-lluvia-para-bebes-stokke-yoyo\"]}]},{\"@type\":\"ImageObject\",\"inLanguage\":\"es\",\"@id\":\"https:\/\/somllavors.com\/es\/producte\/protector-de-lluvia-para-bebes-stokke-yoyo#primaryimage\",\"url\":\"https:\/\/somllavors.com\/wp-content\/uploads\/2025\/12\/YOYO3_NewbornShell_Olive_BlackFrame_Profile_RainCover_0206_eCom.webp\",\"contentUrl\":\"https:\/\/somllavors.com\/wp-content\/uploads\/2025\/12\/YOYO3_NewbornShell_Olive_BlackFrame_Profile_RainCover_0206_eCom.webp\",\"width\":938,\"height\":1072,\"caption\":\"raincover YoYo3 capazo\"},{\"@type\":\"BreadcrumbList\",\"@id\":\"https:\/\/somllavors.com\/es\/producte\/protector-de-lluvia-para-bebes-stokke-yoyo#breadcrumb\",\"itemListElement\":[{\"@type\":\"ListItem\",\"position\":1,\"name\":\"Inici\",\"item\":\"https:\/\/somllavors.com\/es\"},{\"@type\":\"ListItem\",\"position\":2,\"name\":\"Tienda\",\"item\":\"https:\/\/somllavors.com\/es\/botiga-2\"},{\"@type\":\"ListItem\",\"position\":3,\"name\":\"Protector de lluvia para beb\u00e9s Stokke\u00ae YOYO\u00ae\"}]},{\"@type\":\"WebSite\",\"@id\":\"https:\/\/somllavors.com\/es#website\",\"url\":\"https:\/\/somllavors.com\/es\",\"name\":\"Som Llavors\",\"description\":\"Botiga de crian\u00e7a natural\",\"publisher\":{\"@id\":\"https:\/\/somllavors.com\/es#organization\"},\"alternateName\":\"Crian\u00e7a Natural i Sostenible\",\"potentialAction\":[{\"@type\":\"SearchAction\",\"target\":{\"@type\":\"EntryPoint\",\"urlTemplate\":\"https:\/\/somllavors.com\/es?s={search_term_string}\"},\"query-input\":{\"@type\":\"PropertyValueSpecification\",\"valueRequired\":true,\"valueName\":\"search_term_string\"}}],\"inLanguage\":\"es\"},{\"@type\":[\"Organization\",\"Place\",\"Store\"],\"@id\":\"https:\/\/somllavors.com\/es#organization\",\"name\":\"Som Llavors\",\"alternateName\":\"Crian\u00e7a Natural i Sostenible\",\"url\":\"https:\/\/somllavors.com\/es\",\"logo\":{\"@id\":\"https:\/\/somllavors.com\/es\/producte\/protector-de-lluvia-para-bebes-stokke-yoyo#local-main-organization-logo\"},\"image\":{\"@id\":\"https:\/\/somllavors.com\/es\/producte\/protector-de-lluvia-para-bebes-stokke-yoyo#local-main-organization-logo\"},\"sameAs\":[\"https:\/\/www.facebook.com\/somllavorsvng\/?locale=ca_ES\",\"https:\/\/www.instagram.com\/somllavors_vng\/\",\"https:\/\/www.youtube.com\/@somllavors\"],\"address\":{\"@id\":\"https:\/\/somllavors.com\/es\/producte\/protector-de-lluvia-para-bebes-stokke-yoyo#local-main-place-address\"},\"geo\":{\"@type\":\"GeoCoordinates\",\"latitude\":\"41.2257737\",\"longitude\":\"1.723258859\"},\"telephone\":[\"623152704\"],\"openingHoursSpecification\":[{\"@type\":\"OpeningHoursSpecification\",\"dayOfWeek\":[\"Monday\",\"Sunday\"],\"opens\":\"00:00\",\"closes\":\"00:00\"},{\"@type\":\"OpeningHoursSpecification\",\"dayOfWeek\":[\"Tuesday\",\"Wednesday\",\"Thursday\",\"Friday\"],\"opens\":\"10:00\",\"closes\":\"20:00\"},{\"@type\":\"OpeningHoursSpecification\",\"dayOfWeek\":[\"Saturday\"],\"opens\":\"10:00\",\"closes\":\"13:30\"}],\"email\":\"info@somllavors.com\"},{\"@type\":\"PostalAddress\",\"@id\":\"https:\/\/somllavors.com\/es\/producte\/protector-de-lluvia-para-bebes-stokke-yoyo#local-main-place-address\",\"streetAddress\":\"Carrer de l'aigua, 6\",\"addressLocality\":\"Vilanova i la Geltr\u00fa\",\"postalCode\":\"08800\",\"addressRegion\":\"Barcelona\",\"addressCountry\":\"ES\"},{\"@type\":\"ImageObject\",\"inLanguage\":\"es\",\"@id\":\"https:\/\/somllavors.com\/es\/producte\/protector-de-lluvia-para-bebes-stokke-yoyo#local-main-organization-logo\",\"url\":\"https:\/\/somllavors.com\/wp-content\/uploads\/Logotip-Som-Llavors.jpg\",\"contentUrl\":\"https:\/\/somllavors.com\/wp-content\/uploads\/Logotip-Som-Llavors.jpg\",\"width\":1444,\"height\":1323,\"caption\":\"Som Llavors\"}]}<\/script>\n<meta property=\"product:price:amount\" content=\"30.00\" \/>\n<meta property=\"product:price:currency\" content=\"EUR\" \/>\n<meta property=\"og:availability\" content=\"instock\" \/>\n<meta property=\"product:availability\" content=\"instock\" \/>\n<meta property=\"product:retailer_item_id\" content=\"655001\" \/>\n<meta property=\"product:condition\" content=\"new\" \/>\n<meta name=\"geo.placename\" content=\"Vilanova i la Geltr\u00fa\" \/>\n<meta name=\"geo.position\" content=\"41.2257737;1.723258859\" \/>\n<meta name=\"geo.region\" content=\"Espa\u00f1a\" \/>\n<!-- \/ Yoast SEO Premium plugin. -->","yoast_head_json":{"title":"Protector de lluvia para beb\u00e9s Stokke\u00ae YOYO\u00ae &#8212; Som Llavors","description":"Protege a tu ni\u00f1o del mal tiempo F\u00e1cil de instalar Tiene una solapa que te permite sujetar las asas del capazo para reci\u00e9n nacido mientras el protector de lluvia est\u00e1 colocado Se puede guardar r\u00e1pidamente en la cesta Dise\u00f1ado especialmente para el capazo para reci\u00e9n nacido YOYO\u00ae","robots":{"index":"index","follow":"follow","max-snippet":"max-snippet:-1","max-image-preview":"max-image-preview:large","max-video-preview":"max-video-preview:-1"},"canonical":"https:\/\/somllavors.com\/es\/producte\/protector-de-lluvia-para-bebes-stokke-yoyo","og_locale":"es_ES","og_type":"article","og_title":"Protector de lluvia para beb\u00e9s Stokke\u00ae YOYO\u00ae","og_description":"La teva botiga d\u2019ecocrian\u00e7a i espai d\u2019acompanyament a la maternitat","og_url":"https:\/\/somllavors.com\/es\/producte\/protector-de-lluvia-para-bebes-stokke-yoyo","og_site_name":"Som Llavors","article_publisher":"https:\/\/www.facebook.com\/somllavorsvng\/?locale=ca_ES","og_image":[{"width":938,"height":1072,"url":"https:\/\/somllavors.com\/wp-content\/uploads\/2025\/12\/YOYO3_NewbornShell_Olive_BlackFrame_Profile_RainCover_0206_eCom.webp","type":"image\/webp"}],"twitter_card":"summary_large_image","twitter_misc":{"Precio":"30,00&euro; Iva incl\u00f2s","Availability":"Hay existencias"},"schema":{"@context":"https:\/\/schema.org","@graph":[{"@type":"WebPage","@id":"https:\/\/somllavors.com\/es\/producte\/protector-de-lluvia-para-bebes-stokke-yoyo","url":"https:\/\/somllavors.com\/es\/producte\/protector-de-lluvia-para-bebes-stokke-yoyo","name":"Protector de lluvia para beb\u00e9s Stokke\u00ae YOYO\u00ae &#8212; Som Llavors","isPartOf":{"@id":"https:\/\/somllavors.com\/es#website"},"primaryImageOfPage":{"@id":"https:\/\/somllavors.com\/es\/producte\/protector-de-lluvia-para-bebes-stokke-yoyo#primaryimage"},"image":{"@id":"https:\/\/somllavors.com\/es\/producte\/protector-de-lluvia-para-bebes-stokke-yoyo#primaryimage"},"thumbnailUrl":"https:\/\/somllavors.com\/wp-content\/uploads\/2025\/12\/YOYO3_NewbornShell_Olive_BlackFrame_Profile_RainCover_0206_eCom.webp","datePublished":"2025-12-22T11:49:05+00:00","description":"Protege a tu ni\u00f1o del mal tiempo F\u00e1cil de instalar Tiene una solapa que te permite sujetar las asas del capazo para reci\u00e9n nacido mientras el protector de lluvia est\u00e1 colocado Se puede guardar r\u00e1pidamente en la cesta Dise\u00f1ado especialmente para el capazo para reci\u00e9n nacido YOYO\u00ae","breadcrumb":{"@id":"https:\/\/somllavors.com\/es\/producte\/protector-de-lluvia-para-bebes-stokke-yoyo#breadcrumb"},"inLanguage":"es","potentialAction":[{"@type":"ReadAction","target":["https:\/\/somllavors.com\/es\/producte\/protector-de-lluvia-para-bebes-stokke-yoyo"]}]},{"@type":"ImageObject","inLanguage":"es","@id":"https:\/\/somllavors.com\/es\/producte\/protector-de-lluvia-para-bebes-stokke-yoyo#primaryimage","url":"https:\/\/somllavors.com\/wp-content\/uploads\/2025\/12\/YOYO3_NewbornShell_Olive_BlackFrame_Profile_RainCover_0206_eCom.webp","contentUrl":"https:\/\/somllavors.com\/wp-content\/uploads\/2025\/12\/YOYO3_NewbornShell_Olive_BlackFrame_Profile_RainCover_0206_eCom.webp","width":938,"height":1072,"caption":"raincover YoYo3 capazo"},{"@type":"BreadcrumbList","@id":"https:\/\/somllavors.com\/es\/producte\/protector-de-lluvia-para-bebes-stokke-yoyo#breadcrumb","itemListElement":[{"@type":"ListItem","position":1,"name":"Inici","item":"https:\/\/somllavors.com\/es"},{"@type":"ListItem","position":2,"name":"Tienda","item":"https:\/\/somllavors.com\/es\/botiga-2"},{"@type":"ListItem","position":3,"name":"Protector de lluvia para beb\u00e9s Stokke\u00ae YOYO\u00ae"}]},{"@type":"WebSite","@id":"https:\/\/somllavors.com\/es#website","url":"https:\/\/somllavors.com\/es","name":"Som Llavors","description":"Botiga de crian\u00e7a natural","publisher":{"@id":"https:\/\/somllavors.com\/es#organization"},"alternateName":"Crian\u00e7a Natural i Sostenible","potentialAction":[{"@type":"SearchAction","target":{"@type":"EntryPoint","urlTemplate":"https:\/\/somllavors.com\/es?s={search_term_string}"},"query-input":{"@type":"PropertyValueSpecification","valueRequired":true,"valueName":"search_term_string"}}],"inLanguage":"es"},{"@type":["Organization","Place","Store"],"@id":"https:\/\/somllavors.com\/es#organization","name":"Som Llavors","alternateName":"Crian\u00e7a Natural i Sostenible","url":"https:\/\/somllavors.com\/es","logo":{"@id":"https:\/\/somllavors.com\/es\/producte\/protector-de-lluvia-para-bebes-stokke-yoyo#local-main-organization-logo"},"image":{"@id":"https:\/\/somllavors.com\/es\/producte\/protector-de-lluvia-para-bebes-stokke-yoyo#local-main-organization-logo"},"sameAs":["https:\/\/www.facebook.com\/somllavorsvng\/?locale=ca_ES","https:\/\/www.instagram.com\/somllavors_vng\/","https:\/\/www.youtube.com\/@somllavors"],"address":{"@id":"https:\/\/somllavors.com\/es\/producte\/protector-de-lluvia-para-bebes-stokke-yoyo#local-main-place-address"},"geo":{"@type":"GeoCoordinates","latitude":"41.2257737","longitude":"1.723258859"},"telephone":["623152704","623152704"],"openingHoursSpecification":[{"@type":"OpeningHoursSpecification","dayOfWeek":["Monday","Sunday"],"opens":"00:00","closes":"00:00"},{"@type":"OpeningHoursSpecification","dayOfWeek":["Tuesday","Wednesday","Thursday","Friday"],"opens":"10:00","closes":"20:00"},{"@type":"OpeningHoursSpecification","dayOfWeek":["Saturday"],"opens":"10:00","closes":"13:30"}],"email":"info@somllavors.com"},{"@type":"PostalAddress","@id":"https:\/\/somllavors.com\/es\/producte\/protector-de-lluvia-para-bebes-stokke-yoyo#local-main-place-address","streetAddress":"Carrer de l'aigua, 6","addressLocality":"Vilanova i la Geltr\u00fa","postalCode":"08800","addressRegion":"Barcelona","addressCountry":"ES"},{"@type":"ImageObject","inLanguage":"es","@id":"https:\/\/somllavors.com\/es\/producte\/protector-de-lluvia-para-bebes-stokke-yoyo#local-main-organization-logo","url":"https:\/\/somllavors.com\/wp-content\/uploads\/Logotip-Som-Llavors.jpg","contentUrl":"https:\/\/somllavors.com\/wp-content\/uploads\/Logotip-Som-Llavors.jpg","width":1444,"height":1323,"caption":"Som Llavors"}]},"product_price_amount":"30.00","product_price_currency":"EUR","og_availability":"instock","product_availability":"instock","product_retailer_item_id":"655001","product_condition":"new","geo.placename":"Vilanova i la Geltr\u00fa","geo.position":{"lat":"41.2257737","long":"1.723258859"},"geo.region":"Espa\u00f1a"},"brands":[{"id":4501,"name":"Stokke","slug":"stokke"}],"_links":{"self":[{"href":"https:\/\/somllavors.com\/es\/wp-json\/wp\/v2\/product\/87128","targetHints":{"allow":["GET"]}}],"collection":[{"href":"https:\/\/somllavors.com\/es\/wp-json\/wp\/v2\/product"}],"about":[{"href":"https:\/\/somllavors.com\/es\/wp-json\/wp\/v2\/types\/product"}],"wp:featuredmedia":[{"embeddable":true,"href":"https:\/\/somllavors.com\/es\/wp-json\/wp\/v2\/media\/86758"}],"wp:attachment":[{"href":"https:\/\/somllavors.com\/es\/wp-json\/wp\/v2\/media?parent=87128"}],"wp:term":[{"taxonomy":"pwb-brand","embeddable":true,"href":"https:\/\/somllavors.com\/es\/wp-json\/wp\/v2\/pwb-brand?post=87128"},{"taxonomy":"product_brand","embeddable":true,"href":"https:\/\/somllavors.com\/es\/wp-json\/wp\/v2\/product_brand?post=87128"},{"taxonomy":"product_cat","embeddable":true,"href":"https:\/\/somllavors.com\/es\/wp-json\/wp\/v2\/product_cat?post=87128"},{"taxonomy":"product_tag","embeddable":true,"href":"https:\/\/somllavors.com\/es\/wp-json\/wp\/v2\/product_tag?post=87128"}],"curies":[{"name":"wp","href":"https:\/\/api.w.org\/{rel}","templated":true}]}}