{"id":87421,"date":"2026-01-09T10:45:59","date_gmt":"2026-01-09T09:45:59","guid":{"rendered":"https:\/\/somllavors.com\/producte\/beyond-360o-bundle-asiento-base-besafe-2"},"modified":"2026-01-09T10:45:59","modified_gmt":"2026-01-09T09:45:59","slug":"beyond-360o-bundle-asiento-base-besafe-2","status":"publish","type":"product","link":"https:\/\/somllavors.com\/es\/producte\/beyond-360o-bundle-asiento-base-besafe-2","title":{"rendered":"Beyond 360\u00ba Bundle (Asiento + Base) &#8211; BeSafe"},"content":{"rendered":"<section id=\"productview_extrainfo\" class=\"product-extrainfo main-section bg-odd\">\n<div class=\"container\">\n<div class=\"tab-content\">\n<div id=\"details\" class=\"tab-pane active\" role=\"tabpanel\">\n<div class=\"inner-content opened-content\">\n<div class=\"product-body\">\n<div class=\"product-more-info inner-content\">\n<h2>BESAFE BEYOND &#8211; LA REVOLUCI\u00d3N EN ALTA SEGURTADO Y M\u00c1XIMO CONFORT HASTA 125cm<\/h2>\n<p>&nbsp;<\/p>\n<p><strong>BeSafe Beyond <\/strong>es la primera silla del mundo con <strong>base giratoria<\/strong> aprobada para utilizar hasta los 6<strong> a\u00f1os, 125 cm o 22 kg<\/strong>. Extra c\u00f3modo con posiciones reclinables y espacio extensible para las piernas. Ampl\u00ede el per\u00edodo orientado hacia atr\u00e1s para mantener a su hijo 5 veces m\u00e1s seguro en comparaci\u00f3n con el orientado hacia adelante. Rotaci\u00f3n de ambos lados para un f\u00e1cil acceso y s\u00faper ligero. Pas\u00f3 la prueba de choque m\u00e1s dura del mundo: BeSafe Beyond dispone de Plus Test    <\/p>\n<h3>BESAFE BEYOND, LA PRIMERA SILLA GIRATORIA CON ISOFIX HASTA 125cm<\/h3>\n<\/div>\n<\/div>\n<p>&nbsp;<\/p>\n<div class=\"product-body\">\n<p><img loading=\"lazy\" decoding=\"async\" class=\"alignnone size-full wp-image-60376\" src=\"https:\/\/somllavors.com\/wp-content\/uploads\/2024\/06\/besafe-beyond-360-highlight-01.jpg\" alt=\"Beyond Besafe 360\u00ba\" width=\"600\" height=\"600\" srcset=\"https:\/\/somllavors.com\/wp-content\/uploads\/2024\/06\/besafe-beyond-360-highlight-01.jpg 600w, https:\/\/somllavors.com\/wp-content\/uploads\/2024\/06\/besafe-beyond-360-highlight-01-300x300.jpg 300w, https:\/\/somllavors.com\/wp-content\/uploads\/2024\/06\/besafe-beyond-360-highlight-01-150x150.jpg 150w, https:\/\/somllavors.com\/wp-content\/uploads\/2024\/06\/besafe-beyond-360-highlight-01-350x350.jpg 350w, https:\/\/somllavors.com\/wp-content\/uploads\/2024\/06\/besafe-beyond-360-highlight-01-100x100.jpg 100w\" sizes=\"auto, (max-width: 600px) 100vw, 600px\" \/><\/p>\n<div class=\"product-more-info inner-content\">\n<ol>\n<li><strong>Accionamientos con una sola mano<\/strong> El bot\u00f3n le permite girar y reclinar la silla con una sola mano. Gire hacia la puerta para acceder f\u00e1cilmente y recline el asiento para que sea c\u00f3modo para su hijo. Permite una rotaci\u00f3n de 360 \u200b\u200b\u00ba cuando el ni\u00f1o tiene la edad suficiente.  <\/li>\n<li><strong>M\u00e1s espacio para las piernas.<\/strong> Con un simple clic se puede ajustar el espacio para las piernas de hasta 16 cm. H\u00e1galo inclinando el soporte delantero en la base del asiento. <\/li>\n<li>Instalaci\u00f3n con ISOfix Instalaci\u00f3n superr\u00e1pida y sencilla con los brazos ISOfix de la base. Col\u00f3quelo en los puntos de fijaci\u00f3n ISOfix de su autom\u00f3vil, emp\u00fajelo hacia el asiento y ajuste la pata de apoyo, y listo. <\/li>\n<li><strong>Silla espaciosa que permite al ni\u00f1o moverse.<\/strong> Hemos dise\u00f1ado el interior de la silla para que sea a\u00fan m\u00e1s espaciosa, permitiendo al ni\u00f1o mover brazos y piernas mientras permanece abrochado. Hasta los 6 a\u00f1os aproximadamente. Se ajusta r\u00e1pidamente a una de las 11 posiciones del reposacabezas a medida que el ni\u00f1o crece. Hasta 125 cm.   <\/li>\n<li><strong>Protecci\u00f3n adicional <\/strong>Este &#8220;parachoques&#8221; adicional proteger\u00e1 un 20% m\u00e1s en caso de colisi\u00f3n lateral. Aseg\u00farese de colocarlo en el lado correcto del asiento (el lado que mira hacia la puerta del autom\u00f3vil). El reposacabezas es innovador y protector, fabricado con materiales especiales, absorbe de forma \u00f3ptima las fuerzas de cualquier impacto.  <\/li>\n<li><strong>La tecnolog\u00eda garantiza el correcto nivel de la silla.<\/strong> Nuestra tecnolog\u00eda que resuelve el problema de las sillas de coche que se reclinan demasiado. Su construcci\u00f3n innovadora garantiza el mismo \u00e1ngulo correcto para cualquier asiento de autom\u00f3vil, independientemente del modelo de autom\u00f3vil. El asiento tiene el \u00e1ngulo recto cuando el &#8220;\u00e1ngulo espiritual&#8221; de la base est\u00e1 dentro de la zona verde. Intuitivo y f\u00e1cil. Intuitiva y f\u00e1cil.    <\/li>\n<\/ol>\n<\/div>\n<p><img loading=\"lazy\" decoding=\"async\" class=\"alignnone size-full wp-image-60406\" src=\"https:\/\/somllavors.com\/wp-content\/uploads\/2024\/06\/Captura-de-pantalla-Beyond.png\" alt=\"Besafe Beyond\" width=\"1072\" height=\"757\" srcset=\"https:\/\/somllavors.com\/wp-content\/uploads\/2024\/06\/Captura-de-pantalla-Beyond.png 1072w, https:\/\/somllavors.com\/wp-content\/uploads\/2024\/06\/Captura-de-pantalla-Beyond-300x212.png 300w, https:\/\/somllavors.com\/wp-content\/uploads\/2024\/06\/Captura-de-pantalla-Beyond-1024x723.png 1024w, https:\/\/somllavors.com\/wp-content\/uploads\/2024\/06\/Captura-de-pantalla-Beyond-768x542.png 768w\" sizes=\"auto, (max-width: 1072px) 100vw, 1072px\" \/><\/p>\n<\/div>\n<p>&nbsp;<\/p>\n<\/div>\n<\/div>\n<\/div>\n<\/div>\n<\/section>\n<p><iframe loading=\"lazy\" title=\"YouTube video player\" src=\"https:\/\/www.youtube.com\/embed\/MzltwQeKQ1k?si=i-53X-11ZjK6NICL\" width=\"560\" height=\"315\" frameborder=\"0\" allowfullscreen=\"allowfullscreen\" data-mce-fragment=\"1\"><\/iframe><\/p>\n","protected":false},"excerpt":{"rendered":"<p><strong>BeSafe Beyond 360 <\/strong>es nuestra \u00faltima silla para ni\u00f1os peque\u00f1os que ofrece un mayor tiempo de uso con la comodidad de una rotaci\u00f3n completa de 360 \u200b\u200bgrados. <strong>Es la primera silla de coche con rotaci\u00f3n homologada para su uso hasta 125 cm y 22 kg <\/strong>(aproximadamente <strong>6 a\u00f1os<\/strong>), que ofrece una flexibilidad y seguridad inigualables con un mecanismo de bloqueo inteligente para un uso prolongado a contramarcha. P\u00e1sate a la silla BeSafe Beyond 360 para disfrutar de otro nivel de comodidad y tranquilidad <\/p>\n","protected":false},"featured_media":81724,"template":"","meta":{"_acf_changed":false,"site-sidebar-layout":"default","site-content-layout":"","ast-site-content-layout":"default","site-content-style":"default","site-sidebar-style":"default","ast-global-header-display":"","ast-banner-title-visibility":"","ast-main-header-display":"","ast-hfb-above-header-display":"","ast-hfb-below-header-display":"","ast-hfb-mobile-header-display":"","site-post-title":"","ast-breadcrumbs-content":"","ast-featured-img":"","footer-sml-layout":"","theme-transparent-header-meta":"default","adv-header-id-meta":"","stick-header-meta":"","header-above-stick-meta":"","header-main-stick-meta":"","header-below-stick-meta":"","astra-migrate-meta-layouts":"default","ast-page-background-enabled":"default","ast-page-background-meta":{"desktop":{"background-color":"","background-image":"","background-repeat":"repeat","background-position":"center center","background-size":"auto","background-attachment":"scroll","background-type":"","background-media":"","overlay-type":"","overlay-color":"","overlay-opacity":"","overlay-gradient":""},"tablet":{"background-color":"","background-image":"","background-repeat":"repeat","background-position":"center center","background-size":"auto","background-attachment":"scroll","background-type":"","background-media":"","overlay-type":"","overlay-color":"","overlay-opacity":"","overlay-gradient":""},"mobile":{"background-color":"","background-image":"","background-repeat":"repeat","background-position":"center center","background-size":"auto","background-attachment":"scroll","background-type":"","background-media":"","overlay-type":"","overlay-color":"","overlay-opacity":"","overlay-gradient":""}},"ast-content-background-meta":{"desktop":{"background-color":"var(--ast-global-color-5)","background-image":"","background-repeat":"repeat","background-position":"center center","background-size":"auto","background-attachment":"scroll","background-type":"","background-media":"","overlay-type":"","overlay-color":"","overlay-opacity":"","overlay-gradient":""},"tablet":{"background-color":"var(--ast-global-color-5)","background-image":"","background-repeat":"repeat","background-position":"center center","background-size":"auto","background-attachment":"scroll","background-type":"","background-media":"","overlay-type":"","overlay-color":"","overlay-opacity":"","overlay-gradient":""},"mobile":{"background-color":"var(--ast-global-color-5)","background-image":"","background-repeat":"repeat","background-position":"center center","background-size":"auto","background-attachment":"scroll","background-type":"","background-media":"","overlay-type":"","overlay-color":"","overlay-opacity":"","overlay-gradient":""}}},"pwb-brand":[4119],"product_brand":[],"product_cat":[4608],"product_tag":[5884],"class_list":{"0":"post-87421","1":"product","2":"type-product","3":"status-publish","4":"has-post-thumbnail","6":"pwb-brand-besafe","7":"product_cat-besafe-es","8":"product_tag-beyond","9":"desktop-align-left","10":"tablet-align-left","11":"mobile-align-left","13":"first","14":"onbackorder","15":"taxable","16":"shipping-taxable","17":"purchasable","18":"product-type-variable"},"acf":[],"yoast_head":"<!-- This site is optimized with the Yoast SEO Premium plugin v18.3 (Yoast SEO v26.2) - https:\/\/yoast.com\/wordpress\/plugins\/seo\/ -->\n<title>Beyond 360\u00ba Bundle (Asiento + Base) - BeSafe &#8212; Som Llavors<\/title>\n<meta name=\"description\" content=\"BeSafe Beyond 360 es nuestra \u00faltima silla para ni\u00f1os peque\u00f1os que ofrece un mayor tiempo de uso con la comodidad de una rotaci\u00f3n completa de 360 \u200b\u200bgrados. Es la primera silla de coche con rotaci\u00f3n homologada para su uso hasta 125 cm y 22 kg (aproximadamente 6 a\u00f1os), que ofrece una flexibilidad y seguridad inigualables con un mecanismo de bloqueo inteligente para un uso prolongado a contramarcha. P\u00e1sate a la silla BeSafe Beyond 360 para disfrutar de otro nivel de comodidad y tranquilidad\" \/>\n<meta name=\"robots\" content=\"index, follow, max-snippet:-1, max-image-preview:large, max-video-preview:-1\" \/>\n<link rel=\"canonical\" href=\"https:\/\/somllavors.com\/es\/producte\/beyond-360o-bundle-asiento-base-besafe-2\" \/>\n<meta property=\"og:locale\" content=\"es_ES\" \/>\n<meta property=\"og:type\" content=\"article\" \/>\n<meta property=\"og:title\" content=\"Beyond 360\u00ba Bundle (Asiento + Base) - BeSafe\" \/>\n<meta property=\"og:description\" content=\"La teva botiga d\u2019ecocrian\u00e7a i espai d\u2019acompanyament a la maternitat\" \/>\n<meta property=\"og:url\" content=\"https:\/\/somllavors.com\/es\/producte\/beyond-360o-bundle-asiento-base-besafe-2\" \/>\n<meta property=\"og:site_name\" content=\"Som Llavors\" \/>\n<meta property=\"article:publisher\" content=\"https:\/\/www.facebook.com\/somllavorsvng\/?locale=ca_ES\" \/>\n<meta property=\"og:image\" content=\"https:\/\/somllavors.com\/wp-content\/uploads\/2025\/08\/Som-Llavors-Beyond2-B-2.jpg\" \/>\n\t<meta property=\"og:image:width\" content=\"1080\" \/>\n\t<meta property=\"og:image:height\" content=\"1080\" \/>\n\t<meta property=\"og:image:type\" content=\"image\/jpeg\" \/>\n<meta name=\"twitter:card\" content=\"summary_large_image\" \/>\n<meta name=\"twitter:label1\" content=\"Availability\" \/>\n\t<meta name=\"twitter:data1\" content=\"On backorder\" \/>\n<script type=\"application\/ld+json\" class=\"yoast-schema-graph\">{\"@context\":\"https:\/\/schema.org\",\"@graph\":[{\"@type\":\"WebPage\",\"@id\":\"https:\/\/somllavors.com\/es\/producte\/beyond-360o-bundle-asiento-base-besafe-2\",\"url\":\"https:\/\/somllavors.com\/es\/producte\/beyond-360o-bundle-asiento-base-besafe-2\",\"name\":\"Beyond 360\u00ba Bundle (Asiento + Base) - BeSafe &#8212; Som Llavors\",\"isPartOf\":{\"@id\":\"https:\/\/somllavors.com\/es#website\"},\"primaryImageOfPage\":{\"@id\":\"https:\/\/somllavors.com\/es\/producte\/beyond-360o-bundle-asiento-base-besafe-2#primaryimage\"},\"image\":{\"@id\":\"https:\/\/somllavors.com\/es\/producte\/beyond-360o-bundle-asiento-base-besafe-2#primaryimage\"},\"thumbnailUrl\":\"https:\/\/somllavors.com\/wp-content\/uploads\/2025\/08\/Som-Llavors-Beyond2-B-2.jpg\",\"datePublished\":\"2026-01-09T09:45:59+00:00\",\"description\":\"BeSafe Beyond 360 es nuestra \u00faltima silla para ni\u00f1os peque\u00f1os que ofrece un mayor tiempo de uso con la comodidad de una rotaci\u00f3n completa de 360 \u200b\u200bgrados. Es la primera silla de coche con rotaci\u00f3n homologada para su uso hasta 125 cm y 22 kg (aproximadamente 6 a\u00f1os), que ofrece una flexibilidad y seguridad inigualables con un mecanismo de bloqueo inteligente para un uso prolongado a contramarcha. P\u00e1sate a la silla BeSafe Beyond 360 para disfrutar de otro nivel de comodidad y tranquilidad\",\"breadcrumb\":{\"@id\":\"https:\/\/somllavors.com\/es\/producte\/beyond-360o-bundle-asiento-base-besafe-2#breadcrumb\"},\"inLanguage\":\"es\",\"potentialAction\":[{\"@type\":\"ReadAction\",\"target\":[\"https:\/\/somllavors.com\/es\/producte\/beyond-360o-bundle-asiento-base-besafe-2\"]}]},{\"@type\":\"ImageObject\",\"inLanguage\":\"es\",\"@id\":\"https:\/\/somllavors.com\/es\/producte\/beyond-360o-bundle-asiento-base-besafe-2#primaryimage\",\"url\":\"https:\/\/somllavors.com\/wp-content\/uploads\/2025\/08\/Som-Llavors-Beyond2-B-2.jpg\",\"contentUrl\":\"https:\/\/somllavors.com\/wp-content\/uploads\/2025\/08\/Som-Llavors-Beyond2-B-2.jpg\",\"width\":1080,\"height\":1080,\"caption\":\"Beyond2 B BeSafe Som Llavors Vilanova i la Geltr\u00fa\"},{\"@type\":\"BreadcrumbList\",\"@id\":\"https:\/\/somllavors.com\/es\/producte\/beyond-360o-bundle-asiento-base-besafe-2#breadcrumb\",\"itemListElement\":[{\"@type\":\"ListItem\",\"position\":1,\"name\":\"Inici\",\"item\":\"https:\/\/somllavors.com\/es\"},{\"@type\":\"ListItem\",\"position\":2,\"name\":\"Tienda\",\"item\":\"https:\/\/somllavors.com\/es\/botiga-2\"},{\"@type\":\"ListItem\",\"position\":3,\"name\":\"Beyond 360\u00ba Bundle (Asiento + Base) &#8211; BeSafe\"}]},{\"@type\":\"WebSite\",\"@id\":\"https:\/\/somllavors.com\/es#website\",\"url\":\"https:\/\/somllavors.com\/es\",\"name\":\"Som Llavors\",\"description\":\"Botiga de crian\u00e7a natural\",\"publisher\":{\"@id\":\"https:\/\/somllavors.com\/es#organization\"},\"alternateName\":\"Crian\u00e7a Natural i Sostenible\",\"potentialAction\":[{\"@type\":\"SearchAction\",\"target\":{\"@type\":\"EntryPoint\",\"urlTemplate\":\"https:\/\/somllavors.com\/es?s={search_term_string}\"},\"query-input\":{\"@type\":\"PropertyValueSpecification\",\"valueRequired\":true,\"valueName\":\"search_term_string\"}}],\"inLanguage\":\"es\"},{\"@type\":[\"Organization\",\"Place\",\"Store\"],\"@id\":\"https:\/\/somllavors.com\/es#organization\",\"name\":\"Som Llavors\",\"alternateName\":\"Crian\u00e7a Natural i Sostenible\",\"url\":\"https:\/\/somllavors.com\/es\",\"logo\":{\"@id\":\"https:\/\/somllavors.com\/es\/producte\/beyond-360o-bundle-asiento-base-besafe-2#local-main-organization-logo\"},\"image\":{\"@id\":\"https:\/\/somllavors.com\/es\/producte\/beyond-360o-bundle-asiento-base-besafe-2#local-main-organization-logo\"},\"sameAs\":[\"https:\/\/www.facebook.com\/somllavorsvng\/?locale=ca_ES\",\"https:\/\/www.instagram.com\/somllavors_vng\/\",\"https:\/\/www.youtube.com\/@somllavors\"],\"address\":{\"@id\":\"https:\/\/somllavors.com\/es\/producte\/beyond-360o-bundle-asiento-base-besafe-2#local-main-place-address\"},\"geo\":{\"@type\":\"GeoCoordinates\",\"latitude\":\"41.2257737\",\"longitude\":\"1.723258859\"},\"telephone\":[\"623152704\"],\"openingHoursSpecification\":[{\"@type\":\"OpeningHoursSpecification\",\"dayOfWeek\":[\"Monday\",\"Sunday\"],\"opens\":\"00:00\",\"closes\":\"00:00\"},{\"@type\":\"OpeningHoursSpecification\",\"dayOfWeek\":[\"Tuesday\",\"Wednesday\",\"Thursday\",\"Friday\"],\"opens\":\"10:00\",\"closes\":\"20:00\"},{\"@type\":\"OpeningHoursSpecification\",\"dayOfWeek\":[\"Saturday\"],\"opens\":\"10:00\",\"closes\":\"13:30\"}],\"email\":\"info@somllavors.com\"},{\"@type\":\"PostalAddress\",\"@id\":\"https:\/\/somllavors.com\/es\/producte\/beyond-360o-bundle-asiento-base-besafe-2#local-main-place-address\",\"streetAddress\":\"Carrer de l'aigua, 6\",\"addressLocality\":\"Vilanova i la Geltr\u00fa\",\"postalCode\":\"08800\",\"addressRegion\":\"Barcelona\",\"addressCountry\":\"ES\"},{\"@type\":\"ImageObject\",\"inLanguage\":\"es\",\"@id\":\"https:\/\/somllavors.com\/es\/producte\/beyond-360o-bundle-asiento-base-besafe-2#local-main-organization-logo\",\"url\":\"https:\/\/somllavors.com\/wp-content\/uploads\/Logotip-Som-Llavors.jpg\",\"contentUrl\":\"https:\/\/somllavors.com\/wp-content\/uploads\/Logotip-Som-Llavors.jpg\",\"width\":1444,\"height\":1323,\"caption\":\"Som Llavors\"}]}<\/script>\n<meta property=\"og:availability\" content=\"backorder\" \/>\n<meta property=\"product:availability\" content=\"available for order\" \/>\n<meta property=\"product:condition\" content=\"new\" \/>\n<meta name=\"geo.placename\" content=\"Vilanova i la Geltr\u00fa\" \/>\n<meta name=\"geo.position\" content=\"41.2257737;1.723258859\" \/>\n<meta name=\"geo.region\" content=\"Espa\u00f1a\" \/>\n<!-- \/ Yoast SEO Premium plugin. -->","yoast_head_json":{"title":"Beyond 360\u00ba Bundle (Asiento + Base) - BeSafe &#8212; Som Llavors","description":"BeSafe Beyond 360 es nuestra \u00faltima silla para ni\u00f1os peque\u00f1os que ofrece un mayor tiempo de uso con la comodidad de una rotaci\u00f3n completa de 360 \u200b\u200bgrados. Es la primera silla de coche con rotaci\u00f3n homologada para su uso hasta 125 cm y 22 kg (aproximadamente 6 a\u00f1os), que ofrece una flexibilidad y seguridad inigualables con un mecanismo de bloqueo inteligente para un uso prolongado a contramarcha. P\u00e1sate a la silla BeSafe Beyond 360 para disfrutar de otro nivel de comodidad y tranquilidad","robots":{"index":"index","follow":"follow","max-snippet":"max-snippet:-1","max-image-preview":"max-image-preview:large","max-video-preview":"max-video-preview:-1"},"canonical":"https:\/\/somllavors.com\/es\/producte\/beyond-360o-bundle-asiento-base-besafe-2","og_locale":"es_ES","og_type":"article","og_title":"Beyond 360\u00ba Bundle (Asiento + Base) - BeSafe","og_description":"La teva botiga d\u2019ecocrian\u00e7a i espai d\u2019acompanyament a la maternitat","og_url":"https:\/\/somllavors.com\/es\/producte\/beyond-360o-bundle-asiento-base-besafe-2","og_site_name":"Som Llavors","article_publisher":"https:\/\/www.facebook.com\/somllavorsvng\/?locale=ca_ES","og_image":[{"width":1080,"height":1080,"url":"https:\/\/somllavors.com\/wp-content\/uploads\/2025\/08\/Som-Llavors-Beyond2-B-2.jpg","type":"image\/jpeg"}],"twitter_card":"summary_large_image","twitter_misc":{"Availability":"On backorder"},"schema":{"@context":"https:\/\/schema.org","@graph":[{"@type":"WebPage","@id":"https:\/\/somllavors.com\/es\/producte\/beyond-360o-bundle-asiento-base-besafe-2","url":"https:\/\/somllavors.com\/es\/producte\/beyond-360o-bundle-asiento-base-besafe-2","name":"Beyond 360\u00ba Bundle (Asiento + Base) - BeSafe &#8212; Som Llavors","isPartOf":{"@id":"https:\/\/somllavors.com\/es#website"},"primaryImageOfPage":{"@id":"https:\/\/somllavors.com\/es\/producte\/beyond-360o-bundle-asiento-base-besafe-2#primaryimage"},"image":{"@id":"https:\/\/somllavors.com\/es\/producte\/beyond-360o-bundle-asiento-base-besafe-2#primaryimage"},"thumbnailUrl":"https:\/\/somllavors.com\/wp-content\/uploads\/2025\/08\/Som-Llavors-Beyond2-B-2.jpg","datePublished":"2026-01-09T09:45:59+00:00","description":"BeSafe Beyond 360 es nuestra \u00faltima silla para ni\u00f1os peque\u00f1os que ofrece un mayor tiempo de uso con la comodidad de una rotaci\u00f3n completa de 360 \u200b\u200bgrados. Es la primera silla de coche con rotaci\u00f3n homologada para su uso hasta 125 cm y 22 kg (aproximadamente 6 a\u00f1os), que ofrece una flexibilidad y seguridad inigualables con un mecanismo de bloqueo inteligente para un uso prolongado a contramarcha. P\u00e1sate a la silla BeSafe Beyond 360 para disfrutar de otro nivel de comodidad y tranquilidad","breadcrumb":{"@id":"https:\/\/somllavors.com\/es\/producte\/beyond-360o-bundle-asiento-base-besafe-2#breadcrumb"},"inLanguage":"es","potentialAction":[{"@type":"ReadAction","target":["https:\/\/somllavors.com\/es\/producte\/beyond-360o-bundle-asiento-base-besafe-2"]}]},{"@type":"ImageObject","inLanguage":"es","@id":"https:\/\/somllavors.com\/es\/producte\/beyond-360o-bundle-asiento-base-besafe-2#primaryimage","url":"https:\/\/somllavors.com\/wp-content\/uploads\/2025\/08\/Som-Llavors-Beyond2-B-2.jpg","contentUrl":"https:\/\/somllavors.com\/wp-content\/uploads\/2025\/08\/Som-Llavors-Beyond2-B-2.jpg","width":1080,"height":1080,"caption":"Beyond2 B BeSafe Som Llavors Vilanova i la Geltr\u00fa"},{"@type":"BreadcrumbList","@id":"https:\/\/somllavors.com\/es\/producte\/beyond-360o-bundle-asiento-base-besafe-2#breadcrumb","itemListElement":[{"@type":"ListItem","position":1,"name":"Inici","item":"https:\/\/somllavors.com\/es"},{"@type":"ListItem","position":2,"name":"Tienda","item":"https:\/\/somllavors.com\/es\/botiga-2"},{"@type":"ListItem","position":3,"name":"Beyond 360\u00ba Bundle (Asiento + Base) &#8211; BeSafe"}]},{"@type":"WebSite","@id":"https:\/\/somllavors.com\/es#website","url":"https:\/\/somllavors.com\/es","name":"Som Llavors","description":"Botiga de crian\u00e7a natural","publisher":{"@id":"https:\/\/somllavors.com\/es#organization"},"alternateName":"Crian\u00e7a Natural i Sostenible","potentialAction":[{"@type":"SearchAction","target":{"@type":"EntryPoint","urlTemplate":"https:\/\/somllavors.com\/es?s={search_term_string}"},"query-input":{"@type":"PropertyValueSpecification","valueRequired":true,"valueName":"search_term_string"}}],"inLanguage":"es"},{"@type":["Organization","Place","Store"],"@id":"https:\/\/somllavors.com\/es#organization","name":"Som Llavors","alternateName":"Crian\u00e7a Natural i Sostenible","url":"https:\/\/somllavors.com\/es","logo":{"@id":"https:\/\/somllavors.com\/es\/producte\/beyond-360o-bundle-asiento-base-besafe-2#local-main-organization-logo"},"image":{"@id":"https:\/\/somllavors.com\/es\/producte\/beyond-360o-bundle-asiento-base-besafe-2#local-main-organization-logo"},"sameAs":["https:\/\/www.facebook.com\/somllavorsvng\/?locale=ca_ES","https:\/\/www.instagram.com\/somllavors_vng\/","https:\/\/www.youtube.com\/@somllavors"],"address":{"@id":"https:\/\/somllavors.com\/es\/producte\/beyond-360o-bundle-asiento-base-besafe-2#local-main-place-address"},"geo":{"@type":"GeoCoordinates","latitude":"41.2257737","longitude":"1.723258859"},"telephone":["623152704","623152704"],"openingHoursSpecification":[{"@type":"OpeningHoursSpecification","dayOfWeek":["Monday","Sunday"],"opens":"00:00","closes":"00:00"},{"@type":"OpeningHoursSpecification","dayOfWeek":["Tuesday","Wednesday","Thursday","Friday"],"opens":"10:00","closes":"20:00"},{"@type":"OpeningHoursSpecification","dayOfWeek":["Saturday"],"opens":"10:00","closes":"13:30"}],"email":"info@somllavors.com"},{"@type":"PostalAddress","@id":"https:\/\/somllavors.com\/es\/producte\/beyond-360o-bundle-asiento-base-besafe-2#local-main-place-address","streetAddress":"Carrer de l'aigua, 6","addressLocality":"Vilanova i la Geltr\u00fa","postalCode":"08800","addressRegion":"Barcelona","addressCountry":"ES"},{"@type":"ImageObject","inLanguage":"es","@id":"https:\/\/somllavors.com\/es\/producte\/beyond-360o-bundle-asiento-base-besafe-2#local-main-organization-logo","url":"https:\/\/somllavors.com\/wp-content\/uploads\/Logotip-Som-Llavors.jpg","contentUrl":"https:\/\/somllavors.com\/wp-content\/uploads\/Logotip-Som-Llavors.jpg","width":1444,"height":1323,"caption":"Som Llavors"}]},"og_availability":"backorder","product_availability":"available for order","product_condition":"new","geo.placename":"Vilanova i la Geltr\u00fa","geo.position":{"lat":"41.2257737","long":"1.723258859"},"geo.region":"Espa\u00f1a"},"brands":[{"id":4119,"name":"BeSafe","slug":"besafe"}],"_links":{"self":[{"href":"https:\/\/somllavors.com\/es\/wp-json\/wp\/v2\/product\/87421","targetHints":{"allow":["GET"]}}],"collection":[{"href":"https:\/\/somllavors.com\/es\/wp-json\/wp\/v2\/product"}],"about":[{"href":"https:\/\/somllavors.com\/es\/wp-json\/wp\/v2\/types\/product"}],"wp:featuredmedia":[{"embeddable":true,"href":"https:\/\/somllavors.com\/es\/wp-json\/wp\/v2\/media\/81724"}],"wp:attachment":[{"href":"https:\/\/somllavors.com\/es\/wp-json\/wp\/v2\/media?parent=87421"}],"wp:term":[{"taxonomy":"pwb-brand","embeddable":true,"href":"https:\/\/somllavors.com\/es\/wp-json\/wp\/v2\/pwb-brand?post=87421"},{"taxonomy":"product_brand","embeddable":true,"href":"https:\/\/somllavors.com\/es\/wp-json\/wp\/v2\/product_brand?post=87421"},{"taxonomy":"product_cat","embeddable":true,"href":"https:\/\/somllavors.com\/es\/wp-json\/wp\/v2\/product_cat?post=87421"},{"taxonomy":"product_tag","embeddable":true,"href":"https:\/\/somllavors.com\/es\/wp-json\/wp\/v2\/product_tag?post=87421"}],"curies":[{"name":"wp","href":"https:\/\/api.w.org\/{rel}","templated":true}]}}