{"id":87576,"date":"2026-01-10T13:17:43","date_gmt":"2026-01-10T12:17:43","guid":{"rendered":"https:\/\/somllavors.com\/producte\/funda-tokyo-para-silla-de-coche-besafe-izi-flex-fix-fundas-bcn"},"modified":"2026-01-10T13:17:43","modified_gmt":"2026-01-10T12:17:43","slug":"funda-tokyo-para-silla-de-coche-besafe-izi-flex-fix-fundas-bcn","status":"publish","type":"product","link":"https:\/\/somllavors.com\/es\/producte\/funda-tokyo-para-silla-de-coche-besafe-izi-flex-fix-fundas-bcn","title":{"rendered":"Funda TOKYO para silla de coche Besafe iZi-Flex Fix \u00ae &#8211; Fundas BCN"},"content":{"rendered":"<p>Compatibilidad<br \/>\nDise\u00f1ada espec\u00edficamente para Besafe Izi-Flex\u00ae.<br \/>\nSe adapta a la Besafe iZi-Flex Fix ya la Besafe iZi Flex Fix 2<\/p>\n<p>Incluye<br \/>\n1 funda para la silla de coche.<\/p>\n<p>1 funda protectora para el reposacabezas.<\/p>\n<p>IMPORTANTE: Colocar sobre el tapizado original.<\/p>\n<p>Caracter\u00edsticas:<\/p>\n<p><img loading=\"lazy\" decoding=\"async\" src=\"https:\/\/www.fundasbcn.com\/img\/cms\/page-product\/COTTON-FIRST.png\" alt=\"COTTON-FIRST.png\" width=\"35\" height=\"35\"> <span style=\"font-size: 16px; font-style: normal; font-weight: 400;\">Algod\u00f3n de alta calidad.<\/span><\/p>\n<p><img loading=\"lazy\" decoding=\"async\" src=\"https:\/\/www.fundasbcn.com\/img\/cms\/page-product\/SLOW-CREATIONS.png\" alt=\"SLOW-CREATIONS.png\" width=\"35\" height=\"35\"> <span style=\"font-size: 16px; font-style: normal; font-weight: 400;\">Hilo certificado Oeko-Tex.<\/span><\/p>\n<p><img loading=\"lazy\" decoding=\"async\" src=\"https:\/\/www.fundasbcn.com\/img\/cms\/page-product\/HANDMADE-DESIGNS.png\" alt=\"HANDMADE-DESIGNS.png\" width=\"35\" height=\"35\"> <span style=\"font-size: 16px; font-style: normal; font-weight: 400;\">Dise\u00f1o exclusivo Fun*das bcn.<\/span><\/p>\n<p><img loading=\"lazy\" decoding=\"async\" src=\"https:\/\/www.fundasbcn.com\/img\/cms\/page-product\/LOW-IMPACT.png\" alt=\"LOW-IMPACT.png\" width=\"35\" height=\"35\"> <span style=\"font-size: 16px; font-style: normal; font-weight: 400;\">0% emisiones, Km 0 de verdad.<\/span><\/p>\n<p><img loading=\"lazy\" decoding=\"async\" src=\"https:\/\/www.fundasbcn.com\/img\/cms\/page-product\/VEGAN-PRODUCT.png\" alt=\"VEGAN-PRODUCT.png\" width=\"35\" height=\"35\"> <span style=\"font-size: 16px; font-style: normal; font-weight: 400;\">Producto vegano: no contiene ingredientes o productos procedentes de animales.<br \/><\/span><\/p>\n<p>IMPORTANTE: Colocar sobre el tapizado original.<\/p>\n<p>Composici\u00f3n:<br \/>\n96% algod\u00f3n, 4% elastano.<\/p>\n<p>Guata 60 gr. 100% poli\u00e9ster (cubre arneses) <\/p>\n<p>Cuidados:<br \/>\n<strong><img loading=\"lazy\" decoding=\"async\" src=\"https:\/\/fundasbcn.com\/img\/cms\/page-product\/fundasbcn-machine-wash-cold-30.png\" alt=\"fundasbcn-machine-wash-cold-30.png\" width=\"40\" height=\"40\"><\/strong>Lavable a m\u00e1quina hasta 30\u00ba.<\/p>\n<p><strong><img loading=\"lazy\" decoding=\"async\" src=\"https:\/\/fundasbcn.com\/img\/cms\/page-product\/fundasbcn-do-not-bleach.png\" alt=\"fundasbcn-do-not-bleach.png\" width=\"40\" height=\"40\"><\/strong>No usar lej\u00eda.<\/p>\n<p><img loading=\"lazy\" decoding=\"async\" src=\"https:\/\/fundasbcn.com\/img\/cms\/page-product\/fundasbcn-do-not-tumble-dry.png\" alt=\"fundasbcn-do-not-tumble-dry.png\" width=\"40\" height=\"40\">No usar secadora.<\/p>\n<p><img loading=\"lazy\" decoding=\"async\" src=\"https:\/\/fundasbcn.com\/img\/cms\/page-product\/fundasbcn-do-not-dryclean.png\" alt=\"fundasbcn-do-not-dryclean.png\" width=\"40\" height=\"40\">No lavar en seco.<\/p>\n<p><img loading=\"lazy\" decoding=\"async\" src=\"https:\/\/fundasbcn.com\/img\/cms\/page-product\/fundasbcn-iron-low-temperature.png\" alt=\"fundasbcn-iron-low-temperature.png\" width=\"40\" height=\"40\">Si se requiere planchado, aplicar temperatura suave.<\/p>\n","protected":false},"excerpt":{"rendered":"<p>Funda para silla de coche Besafe iZi-Flex \u00ae e iZi Flex FIX i-Size \u00ae que aportar\u00e1 a tu beb\u00e9 una sentada suave y c\u00f3moda mientras protege el tapizado original de la sillita de inc\u00f3modas manchas, manteni\u00e9ndola como nueva para que puedas reutilizarla en un futuro. Est\u00e1 confeccionada a mano en nuestro taller, con tejido 100% algod\u00f3n de alta calidad. L\u00e1vala siempre que lo necesites y estrena sillita todos los d\u00edas!  <\/p>\n","protected":false},"featured_media":87497,"template":"","meta":{"_acf_changed":false,"site-sidebar-layout":"default","site-content-layout":"","ast-site-content-layout":"default","site-content-style":"default","site-sidebar-style":"default","ast-global-header-display":"","ast-banner-title-visibility":"","ast-main-header-display":"","ast-hfb-above-header-display":"","ast-hfb-below-header-display":"","ast-hfb-mobile-header-display":"","site-post-title":"","ast-breadcrumbs-content":"","ast-featured-img":"","footer-sml-layout":"","theme-transparent-header-meta":"default","adv-header-id-meta":"","stick-header-meta":"","header-above-stick-meta":"","header-main-stick-meta":"","header-below-stick-meta":"","astra-migrate-meta-layouts":"default","ast-page-background-enabled":"default","ast-page-background-meta":{"desktop":{"background-color":"","background-image":"","background-repeat":"repeat","background-position":"center center","background-size":"auto","background-attachment":"scroll","background-type":"","background-media":"","overlay-type":"","overlay-color":"","overlay-opacity":"","overlay-gradient":""},"tablet":{"background-color":"","background-image":"","background-repeat":"repeat","background-position":"center center","background-size":"auto","background-attachment":"scroll","background-type":"","background-media":"","overlay-type":"","overlay-color":"","overlay-opacity":"","overlay-gradient":""},"mobile":{"background-color":"","background-image":"","background-repeat":"repeat","background-position":"center center","background-size":"auto","background-attachment":"scroll","background-type":"","background-media":"","overlay-type":"","overlay-color":"","overlay-opacity":"","overlay-gradient":""}},"ast-content-background-meta":{"desktop":{"background-color":"var(--ast-global-color-5)","background-image":"","background-repeat":"repeat","background-position":"center center","background-size":"auto","background-attachment":"scroll","background-type":"","background-media":"","overlay-type":"","overlay-color":"","overlay-opacity":"","overlay-gradient":""},"tablet":{"background-color":"var(--ast-global-color-5)","background-image":"","background-repeat":"repeat","background-position":"center center","background-size":"auto","background-attachment":"scroll","background-type":"","background-media":"","overlay-type":"","overlay-color":"","overlay-opacity":"","overlay-gradient":""},"mobile":{"background-color":"var(--ast-global-color-5)","background-image":"","background-repeat":"repeat","background-position":"center center","background-size":"auto","background-attachment":"scroll","background-type":"","background-media":"","overlay-type":"","overlay-color":"","overlay-opacity":"","overlay-gradient":""}}},"pwb-brand":[4119],"product_brand":[],"product_cat":[3815],"product_tag":[5962],"class_list":{"0":"post-87576","1":"product","2":"type-product","3":"status-publish","4":"has-post-thumbnail","6":"pwb-brand-besafe","7":"product_cat-accesorios-es-2","8":"product_tag-flex-fix","9":"desktop-align-left","10":"tablet-align-left","11":"mobile-align-left","13":"first","14":"instock","15":"taxable","16":"shipping-taxable","17":"purchasable","18":"product-type-simple"},"acf":[],"yoast_head":"<!-- This site is optimized with the Yoast SEO Premium plugin v18.3 (Yoast SEO v27.4) - https:\/\/yoast.com\/product\/yoast-seo-premium-wordpress\/ -->\n<title>Funda TOKYO para silla de coche Besafe iZi-Flex Fix \u00ae - Fundas BCN &#8212; Som Llavors<\/title>\n<meta name=\"description\" content=\"Funda para silla de coche Besafe iZi-Flex \u00ae e iZi Flex FIX i-Size \u00ae que aportar\u00e1 a tu beb\u00e9 una sentada suave y c\u00f3moda mientras protege el tapizado original de la sillita de inc\u00f3modas manchas, manteni\u00e9ndola como nueva para que puedas reutilizarla en un futuro. Est\u00e1 confeccionada a mano en nuestro taller, con tejido 100% algod\u00f3n de alta calidad. L\u00e1vala siempre que lo necesites y estrena sillita todos los d\u00edas!\" \/>\n<meta name=\"robots\" content=\"index, follow, max-snippet:-1, max-image-preview:large, max-video-preview:-1\" \/>\n<link rel=\"canonical\" href=\"https:\/\/somllavors.com\/es\/producte\/funda-tokyo-para-silla-de-coche-besafe-izi-flex-fix-fundas-bcn\" \/>\n<meta property=\"og:locale\" content=\"es_ES\" \/>\n<meta property=\"og:type\" content=\"article\" \/>\n<meta property=\"og:title\" content=\"Funda TOKYO para silla de coche Besafe iZi-Flex Fix \u00ae - Fundas BCN\" \/>\n<meta property=\"og:description\" content=\"La teva botiga d\u2019ecocrian\u00e7a i espai d\u2019acompanyament a la maternitat\" \/>\n<meta property=\"og:url\" content=\"https:\/\/somllavors.com\/es\/producte\/funda-tokyo-para-silla-de-coche-besafe-izi-flex-fix-fundas-bcn\" \/>\n<meta property=\"og:site_name\" content=\"Som Llavors\" \/>\n<meta property=\"article:publisher\" content=\"https:\/\/www.facebook.com\/somllavorsvng\/?locale=ca_ES\" \/>\n<meta property=\"og:image\" content=\"https:\/\/somllavors.com\/wp-content\/uploads\/2026\/01\/funda-para-silla-de-coche-besafe-izi-flex-2-1.jpg\" \/>\n\t<meta property=\"og:image:width\" content=\"1000\" \/>\n\t<meta property=\"og:image:height\" content=\"1125\" \/>\n\t<meta property=\"og:image:type\" content=\"image\/jpeg\" \/>\n<meta name=\"twitter:card\" content=\"summary_large_image\" \/>\n<meta name=\"twitter:label1\" content=\"Precio\" \/>\n\t<meta name=\"twitter:data1\" content=\"65,95&euro; Iva incl\u00f2s\" \/>\n\t<meta name=\"twitter:label2\" content=\"Availability\" \/>\n\t<meta name=\"twitter:data2\" content=\"Hay existencias\" \/>\n<script type=\"application\/ld+json\" class=\"yoast-schema-graph\">{\"@context\":\"https:\\\/\\\/schema.org\",\"@graph\":[{\"@type\":\"WebPage\",\"@id\":\"https:\\\/\\\/somllavors.com\\\/es\\\/producte\\\/funda-tokyo-para-silla-de-coche-besafe-izi-flex-fix-fundas-bcn\",\"url\":\"https:\\\/\\\/somllavors.com\\\/es\\\/producte\\\/funda-tokyo-para-silla-de-coche-besafe-izi-flex-fix-fundas-bcn\",\"name\":\"Funda TOKYO para silla de coche Besafe iZi-Flex Fix \u00ae - Fundas BCN &#8212; Som Llavors\",\"isPartOf\":{\"@id\":\"https:\\\/\\\/somllavors.com\\\/es#website\"},\"primaryImageOfPage\":{\"@id\":\"https:\\\/\\\/somllavors.com\\\/es\\\/producte\\\/funda-tokyo-para-silla-de-coche-besafe-izi-flex-fix-fundas-bcn#primaryimage\"},\"image\":{\"@id\":\"https:\\\/\\\/somllavors.com\\\/es\\\/producte\\\/funda-tokyo-para-silla-de-coche-besafe-izi-flex-fix-fundas-bcn#primaryimage\"},\"thumbnailUrl\":\"https:\\\/\\\/somllavors.com\\\/wp-content\\\/uploads\\\/2026\\\/01\\\/funda-para-silla-de-coche-besafe-izi-flex-2-1.jpg\",\"datePublished\":\"2026-01-10T12:17:43+00:00\",\"description\":\"Funda para silla de coche Besafe iZi-Flex \u00ae e iZi Flex FIX i-Size \u00ae que aportar\u00e1 a tu beb\u00e9 una sentada suave y c\u00f3moda mientras protege el tapizado original de la sillita de inc\u00f3modas manchas, manteni\u00e9ndola como nueva para que puedas reutilizarla en un futuro. Est\u00e1 confeccionada a mano en nuestro taller, con tejido 100% algod\u00f3n de alta calidad. L\u00e1vala siempre que lo necesites y estrena sillita todos los d\u00edas!\",\"breadcrumb\":{\"@id\":\"https:\\\/\\\/somllavors.com\\\/es\\\/producte\\\/funda-tokyo-para-silla-de-coche-besafe-izi-flex-fix-fundas-bcn#breadcrumb\"},\"inLanguage\":\"es\",\"potentialAction\":[{\"@type\":\"ReadAction\",\"target\":[\"https:\\\/\\\/somllavors.com\\\/es\\\/producte\\\/funda-tokyo-para-silla-de-coche-besafe-izi-flex-fix-fundas-bcn\"]}]},{\"@type\":\"ImageObject\",\"inLanguage\":\"es\",\"@id\":\"https:\\\/\\\/somllavors.com\\\/es\\\/producte\\\/funda-tokyo-para-silla-de-coche-besafe-izi-flex-fix-fundas-bcn#primaryimage\",\"url\":\"https:\\\/\\\/somllavors.com\\\/wp-content\\\/uploads\\\/2026\\\/01\\\/funda-para-silla-de-coche-besafe-izi-flex-2-1.jpg\",\"contentUrl\":\"https:\\\/\\\/somllavors.com\\\/wp-content\\\/uploads\\\/2026\\\/01\\\/funda-para-silla-de-coche-besafe-izi-flex-2-1.jpg\",\"width\":1000,\"height\":1125,\"caption\":\"funda flex fix 2 BeSafe\"},{\"@type\":\"BreadcrumbList\",\"@id\":\"https:\\\/\\\/somllavors.com\\\/es\\\/producte\\\/funda-tokyo-para-silla-de-coche-besafe-izi-flex-fix-fundas-bcn#breadcrumb\",\"itemListElement\":[{\"@type\":\"ListItem\",\"position\":1,\"name\":\"Inici\",\"item\":\"https:\\\/\\\/somllavors.com\\\/es\"},{\"@type\":\"ListItem\",\"position\":2,\"name\":\"Tienda\",\"item\":\"https:\\\/\\\/somllavors.com\\\/es\\\/botiga-2\"},{\"@type\":\"ListItem\",\"position\":3,\"name\":\"Funda TOKYO para silla de coche Besafe iZi-Flex Fix \u00ae &#8211; Fundas BCN\"}]},{\"@type\":\"WebSite\",\"@id\":\"https:\\\/\\\/somllavors.com\\\/es#website\",\"url\":\"https:\\\/\\\/somllavors.com\\\/es\",\"name\":\"Som Llavors\",\"description\":\"Botiga de crian\u00e7a natural\",\"publisher\":{\"@id\":\"https:\\\/\\\/somllavors.com\\\/es#organization\"},\"alternateName\":\"Crian\u00e7a Natural i Sostenible\",\"potentialAction\":[{\"@type\":\"SearchAction\",\"target\":{\"@type\":\"EntryPoint\",\"urlTemplate\":\"https:\\\/\\\/somllavors.com\\\/es?s={search_term_string}\"},\"query-input\":{\"@type\":\"PropertyValueSpecification\",\"valueRequired\":true,\"valueName\":\"search_term_string\"}}],\"inLanguage\":\"es\"},{\"@type\":[\"Organization\",\"Place\",\"Store\"],\"@id\":\"https:\\\/\\\/somllavors.com\\\/es#organization\",\"name\":\"Som Llavors\",\"alternateName\":\"Crian\u00e7a Natural i Sostenible\",\"url\":\"https:\\\/\\\/somllavors.com\\\/es\",\"logo\":{\"@id\":\"https:\\\/\\\/somllavors.com\\\/es\\\/producte\\\/funda-tokyo-para-silla-de-coche-besafe-izi-flex-fix-fundas-bcn#local-main-organization-logo\"},\"image\":{\"@id\":\"https:\\\/\\\/somllavors.com\\\/es\\\/producte\\\/funda-tokyo-para-silla-de-coche-besafe-izi-flex-fix-fundas-bcn#local-main-organization-logo\"},\"sameAs\":[\"https:\\\/\\\/www.facebook.com\\\/somllavorsvng\\\/?locale=ca_ES\",\"https:\\\/\\\/www.instagram.com\\\/somllavors_vng\\\/\",\"https:\\\/\\\/www.youtube.com\\\/@somllavors\"],\"address\":{\"@id\":\"https:\\\/\\\/somllavors.com\\\/es\\\/producte\\\/funda-tokyo-para-silla-de-coche-besafe-izi-flex-fix-fundas-bcn#local-main-place-address\"},\"geo\":{\"@type\":\"GeoCoordinates\",\"latitude\":\"41.2257737\",\"longitude\":\"1.723258859\"},\"telephone\":[\"623152704\"],\"openingHoursSpecification\":[{\"@type\":\"OpeningHoursSpecification\",\"dayOfWeek\":[\"Monday\",\"Sunday\"],\"opens\":\"00:00\",\"closes\":\"00:00\"},{\"@type\":\"OpeningHoursSpecification\",\"dayOfWeek\":[\"Tuesday\",\"Wednesday\",\"Thursday\",\"Friday\"],\"opens\":\"10:00\",\"closes\":\"20:00\"},{\"@type\":\"OpeningHoursSpecification\",\"dayOfWeek\":[\"Saturday\"],\"opens\":\"10:00\",\"closes\":\"13:30\"}],\"email\":\"info@somllavors.com\"},{\"@type\":\"PostalAddress\",\"@id\":\"https:\\\/\\\/somllavors.com\\\/es\\\/producte\\\/funda-tokyo-para-silla-de-coche-besafe-izi-flex-fix-fundas-bcn#local-main-place-address\",\"streetAddress\":\"Carrer de l'aigua, 6\",\"addressLocality\":\"Vilanova i la Geltr\u00fa\",\"postalCode\":\"08800\",\"addressRegion\":\"Barcelona\",\"addressCountry\":\"ES\"},{\"@type\":\"ImageObject\",\"inLanguage\":\"es\",\"@id\":\"https:\\\/\\\/somllavors.com\\\/es\\\/producte\\\/funda-tokyo-para-silla-de-coche-besafe-izi-flex-fix-fundas-bcn#local-main-organization-logo\",\"url\":\"https:\\\/\\\/somllavors.com\\\/wp-content\\\/uploads\\\/Logotip-Som-Llavors.jpg\",\"contentUrl\":\"https:\\\/\\\/somllavors.com\\\/wp-content\\\/uploads\\\/Logotip-Som-Llavors.jpg\",\"width\":1444,\"height\":1323,\"caption\":\"Som Llavors\"}]}<\/script>\n<meta property=\"product:price:amount\" content=\"65.95\" \/>\n<meta property=\"product:price:currency\" content=\"EUR\" \/>\n<meta property=\"og:availability\" content=\"instock\" \/>\n<meta property=\"product:availability\" content=\"instock\" \/>\n<meta property=\"product:condition\" content=\"new\" \/>\n<meta name=\"geo.placename\" content=\"Vilanova i la Geltr\u00fa\" \/>\n<meta name=\"geo.position\" content=\"41.2257737;1.723258859\" \/>\n<meta name=\"geo.region\" content=\"Espa\u00f1a\" \/>\n<!-- \/ Yoast SEO Premium plugin. -->","yoast_head_json":{"title":"Funda TOKYO para silla de coche Besafe iZi-Flex Fix \u00ae - Fundas BCN &#8212; Som Llavors","description":"Funda para silla de coche Besafe iZi-Flex \u00ae e iZi Flex FIX i-Size \u00ae que aportar\u00e1 a tu beb\u00e9 una sentada suave y c\u00f3moda mientras protege el tapizado original de la sillita de inc\u00f3modas manchas, manteni\u00e9ndola como nueva para que puedas reutilizarla en un futuro. Est\u00e1 confeccionada a mano en nuestro taller, con tejido 100% algod\u00f3n de alta calidad. L\u00e1vala siempre que lo necesites y estrena sillita todos los d\u00edas!","robots":{"index":"index","follow":"follow","max-snippet":"max-snippet:-1","max-image-preview":"max-image-preview:large","max-video-preview":"max-video-preview:-1"},"canonical":"https:\/\/somllavors.com\/es\/producte\/funda-tokyo-para-silla-de-coche-besafe-izi-flex-fix-fundas-bcn","og_locale":"es_ES","og_type":"article","og_title":"Funda TOKYO para silla de coche Besafe iZi-Flex Fix \u00ae - Fundas BCN","og_description":"La teva botiga d\u2019ecocrian\u00e7a i espai d\u2019acompanyament a la maternitat","og_url":"https:\/\/somllavors.com\/es\/producte\/funda-tokyo-para-silla-de-coche-besafe-izi-flex-fix-fundas-bcn","og_site_name":"Som Llavors","article_publisher":"https:\/\/www.facebook.com\/somllavorsvng\/?locale=ca_ES","og_image":[{"width":1000,"height":1125,"url":"https:\/\/somllavors.com\/wp-content\/uploads\/2026\/01\/funda-para-silla-de-coche-besafe-izi-flex-2-1.jpg","type":"image\/jpeg"}],"twitter_card":"summary_large_image","twitter_misc":{"Precio":"65,95&euro; Iva incl\u00f2s","Availability":"Hay existencias"},"schema":{"@context":"https:\/\/schema.org","@graph":[{"@type":"WebPage","@id":"https:\/\/somllavors.com\/es\/producte\/funda-tokyo-para-silla-de-coche-besafe-izi-flex-fix-fundas-bcn","url":"https:\/\/somllavors.com\/es\/producte\/funda-tokyo-para-silla-de-coche-besafe-izi-flex-fix-fundas-bcn","name":"Funda TOKYO para silla de coche Besafe iZi-Flex Fix \u00ae - Fundas BCN &#8212; Som Llavors","isPartOf":{"@id":"https:\/\/somllavors.com\/es#website"},"primaryImageOfPage":{"@id":"https:\/\/somllavors.com\/es\/producte\/funda-tokyo-para-silla-de-coche-besafe-izi-flex-fix-fundas-bcn#primaryimage"},"image":{"@id":"https:\/\/somllavors.com\/es\/producte\/funda-tokyo-para-silla-de-coche-besafe-izi-flex-fix-fundas-bcn#primaryimage"},"thumbnailUrl":"https:\/\/somllavors.com\/wp-content\/uploads\/2026\/01\/funda-para-silla-de-coche-besafe-izi-flex-2-1.jpg","datePublished":"2026-01-10T12:17:43+00:00","description":"Funda para silla de coche Besafe iZi-Flex \u00ae e iZi Flex FIX i-Size \u00ae que aportar\u00e1 a tu beb\u00e9 una sentada suave y c\u00f3moda mientras protege el tapizado original de la sillita de inc\u00f3modas manchas, manteni\u00e9ndola como nueva para que puedas reutilizarla en un futuro. Est\u00e1 confeccionada a mano en nuestro taller, con tejido 100% algod\u00f3n de alta calidad. L\u00e1vala siempre que lo necesites y estrena sillita todos los d\u00edas!","breadcrumb":{"@id":"https:\/\/somllavors.com\/es\/producte\/funda-tokyo-para-silla-de-coche-besafe-izi-flex-fix-fundas-bcn#breadcrumb"},"inLanguage":"es","potentialAction":[{"@type":"ReadAction","target":["https:\/\/somllavors.com\/es\/producte\/funda-tokyo-para-silla-de-coche-besafe-izi-flex-fix-fundas-bcn"]}]},{"@type":"ImageObject","inLanguage":"es","@id":"https:\/\/somllavors.com\/es\/producte\/funda-tokyo-para-silla-de-coche-besafe-izi-flex-fix-fundas-bcn#primaryimage","url":"https:\/\/somllavors.com\/wp-content\/uploads\/2026\/01\/funda-para-silla-de-coche-besafe-izi-flex-2-1.jpg","contentUrl":"https:\/\/somllavors.com\/wp-content\/uploads\/2026\/01\/funda-para-silla-de-coche-besafe-izi-flex-2-1.jpg","width":1000,"height":1125,"caption":"funda flex fix 2 BeSafe"},{"@type":"BreadcrumbList","@id":"https:\/\/somllavors.com\/es\/producte\/funda-tokyo-para-silla-de-coche-besafe-izi-flex-fix-fundas-bcn#breadcrumb","itemListElement":[{"@type":"ListItem","position":1,"name":"Inici","item":"https:\/\/somllavors.com\/es"},{"@type":"ListItem","position":2,"name":"Tienda","item":"https:\/\/somllavors.com\/es\/botiga-2"},{"@type":"ListItem","position":3,"name":"Funda TOKYO para silla de coche Besafe iZi-Flex Fix \u00ae &#8211; Fundas BCN"}]},{"@type":"WebSite","@id":"https:\/\/somllavors.com\/es#website","url":"https:\/\/somllavors.com\/es","name":"Som Llavors","description":"Botiga de crian\u00e7a natural","publisher":{"@id":"https:\/\/somllavors.com\/es#organization"},"alternateName":"Crian\u00e7a Natural i Sostenible","potentialAction":[{"@type":"SearchAction","target":{"@type":"EntryPoint","urlTemplate":"https:\/\/somllavors.com\/es?s={search_term_string}"},"query-input":{"@type":"PropertyValueSpecification","valueRequired":true,"valueName":"search_term_string"}}],"inLanguage":"es"},{"@type":["Organization","Place","Store"],"@id":"https:\/\/somllavors.com\/es#organization","name":"Som Llavors","alternateName":"Crian\u00e7a Natural i Sostenible","url":"https:\/\/somllavors.com\/es","logo":{"@id":"https:\/\/somllavors.com\/es\/producte\/funda-tokyo-para-silla-de-coche-besafe-izi-flex-fix-fundas-bcn#local-main-organization-logo"},"image":{"@id":"https:\/\/somllavors.com\/es\/producte\/funda-tokyo-para-silla-de-coche-besafe-izi-flex-fix-fundas-bcn#local-main-organization-logo"},"sameAs":["https:\/\/www.facebook.com\/somllavorsvng\/?locale=ca_ES","https:\/\/www.instagram.com\/somllavors_vng\/","https:\/\/www.youtube.com\/@somllavors"],"address":{"@id":"https:\/\/somllavors.com\/es\/producte\/funda-tokyo-para-silla-de-coche-besafe-izi-flex-fix-fundas-bcn#local-main-place-address"},"geo":{"@type":"GeoCoordinates","latitude":"41.2257737","longitude":"1.723258859"},"telephone":["623152704","623152704"],"openingHoursSpecification":[{"@type":"OpeningHoursSpecification","dayOfWeek":["Monday","Sunday"],"opens":"00:00","closes":"00:00"},{"@type":"OpeningHoursSpecification","dayOfWeek":["Tuesday","Wednesday","Thursday","Friday"],"opens":"10:00","closes":"20:00"},{"@type":"OpeningHoursSpecification","dayOfWeek":["Saturday"],"opens":"10:00","closes":"13:30"}],"email":"info@somllavors.com"},{"@type":"PostalAddress","@id":"https:\/\/somllavors.com\/es\/producte\/funda-tokyo-para-silla-de-coche-besafe-izi-flex-fix-fundas-bcn#local-main-place-address","streetAddress":"Carrer de l'aigua, 6","addressLocality":"Vilanova i la Geltr\u00fa","postalCode":"08800","addressRegion":"Barcelona","addressCountry":"ES"},{"@type":"ImageObject","inLanguage":"es","@id":"https:\/\/somllavors.com\/es\/producte\/funda-tokyo-para-silla-de-coche-besafe-izi-flex-fix-fundas-bcn#local-main-organization-logo","url":"https:\/\/somllavors.com\/wp-content\/uploads\/Logotip-Som-Llavors.jpg","contentUrl":"https:\/\/somllavors.com\/wp-content\/uploads\/Logotip-Som-Llavors.jpg","width":1444,"height":1323,"caption":"Som Llavors"}]},"product_price_amount":"65.95","product_price_currency":"EUR","og_availability":"instock","product_availability":"instock","product_condition":"new","geo.placename":"Vilanova i la Geltr\u00fa","geo.position":{"lat":"41.2257737","long":"1.723258859"},"geo.region":"Espa\u00f1a"},"brands":[{"id":4119,"name":"BeSafe","slug":"besafe"}],"_links":{"self":[{"href":"https:\/\/somllavors.com\/es\/wp-json\/wp\/v2\/product\/87576","targetHints":{"allow":["GET"]}}],"collection":[{"href":"https:\/\/somllavors.com\/es\/wp-json\/wp\/v2\/product"}],"about":[{"href":"https:\/\/somllavors.com\/es\/wp-json\/wp\/v2\/types\/product"}],"wp:featuredmedia":[{"embeddable":true,"href":"https:\/\/somllavors.com\/es\/wp-json\/wp\/v2\/media\/87497"}],"wp:attachment":[{"href":"https:\/\/somllavors.com\/es\/wp-json\/wp\/v2\/media?parent=87576"}],"wp:term":[{"taxonomy":"pwb-brand","embeddable":true,"href":"https:\/\/somllavors.com\/es\/wp-json\/wp\/v2\/pwb-brand?post=87576"},{"taxonomy":"product_brand","embeddable":true,"href":"https:\/\/somllavors.com\/es\/wp-json\/wp\/v2\/product_brand?post=87576"},{"taxonomy":"product_cat","embeddable":true,"href":"https:\/\/somllavors.com\/es\/wp-json\/wp\/v2\/product_cat?post=87576"},{"taxonomy":"product_tag","embeddable":true,"href":"https:\/\/somllavors.com\/es\/wp-json\/wp\/v2\/product_tag?post=87576"}],"curies":[{"name":"wp","href":"https:\/\/api.w.org\/{rel}","templated":true}]}}