{"id":87649,"date":"2025-10-10T16:14:23","date_gmt":"2025-10-10T14:14:23","guid":{"rendered":"https:\/\/somllavors.com\/producte\/set-de-cocina-2-cazuelas-y-1-sarten-goki"},"modified":"2025-10-10T16:14:23","modified_gmt":"2025-10-10T14:14:23","slug":"set-de-cocina-2-cazuelas-y-1-sarten-goki","status":"publish","type":"product","link":"https:\/\/somllavors.com\/es\/producte\/set-de-cocina-2-cazuelas-y-1-sarten-goki","title":{"rendered":"Set de cocina: 2 cazuelas y 1 sart\u00e9n &#8211; Goki"},"content":{"rendered":"<h4 data-start=\"513\" data-end=\"550\"><strong data-start=\"518\" data-end=\"550\">Caracter\u00edsticas principales:<\/strong><\/h4>\n<ul data-start=\"552\" data-end=\"1011\">\n<li data-start=\"552\" data-end=\"626\">\n<p data-start=\"554\" data-end=\"626\">Recomendado a partir de 3 a\u00f1os<\/p>\n<\/li>\n<li data-start=\"627\" data-end=\"740\">\n<p data-start=\"629\" data-end=\"740\">Materiales: madera y metal<\/p>\n<\/li>\n<li data-start=\"741\" data-end=\"837\">\n<p data-start=\"743\" data-end=\"837\">N\u00famero de piezas: 5 piezas (cazuelas, sart\u00e9n, tapas)<\/p>\n<\/li>\n<li data-start=\"838\" data-end=\"934\">\n<p data-start=\"840\" data-end=\"934\">Di\u00e1metro de la cazuela grande: 9cm (aproximadamente)<\/p>\n<\/li>\n<\/ul>\n<h4 data-start=\"1018\" data-end=\"1045\"><strong data-start=\"1023\" data-end=\"1045\">Beneficios del juego:<\/strong><\/h4>\n<ul data-start=\"1047\" data-end=\"1459\">\n<li data-start=\"1047\" data-end=\"1186\">\n<p data-start=\"1049\" data-end=\"1186\">Estimula la creatividad y el juego simb\u00f3lico, permitiendo representar situaciones cotidianas como cocinar comida para su familia o amigos.<\/p>\n<\/li>\n<li data-start=\"1187\" data-end=\"1273\">\n<p data-start=\"1189\" data-end=\"1273\">Fomenta la motricidad fina al manipular cazuelas, tapas y sart\u00e9n con precisi\u00f3n.<\/p>\n<\/li>\n<li data-start=\"1274\" data-end=\"1372\">\n<p data-start=\"1276\" data-end=\"1372\">Ayuda a las criaturas a familiarizarse con los utensilios b\u00e1sicos de la cocina y sus funciones.<\/p>\n<\/li>\n<li data-start=\"1373\" data-end=\"1459\">\n<p data-start=\"1375\" data-end=\"1459\">Complemento perfecto para enriquecer la cocinita de juguete y los espacios de juego culinario.<\/p>\n<\/li>\n<\/ul>\n","protected":false},"excerpt":{"rendered":"<p>Deja que las criaturas asuman el papel de chefs con este set de cocina b\u00e1sico y vers\u00e1til, que incluye 2 cazuelas de diferentes tama\u00f1os y 1 sart\u00e9n, m\u00e1s las tapas correspondientes para completar la experiencia.<\/p>\n<ul>\n<li>Un conjunto ideal para que puedan cocinar sus platos favoritos en su cocinita.<\/li>\n<\/ul>\n","protected":false},"featured_media":83759,"template":"","meta":{"_acf_changed":false,"site-sidebar-layout":"default","site-content-layout":"","ast-site-content-layout":"default","site-content-style":"default","site-sidebar-style":"default","ast-global-header-display":"","ast-banner-title-visibility":"","ast-main-header-display":"","ast-hfb-above-header-display":"","ast-hfb-below-header-display":"","ast-hfb-mobile-header-display":"","site-post-title":"","ast-breadcrumbs-content":"","ast-featured-img":"","footer-sml-layout":"","ast-disable-related-posts":"","theme-transparent-header-meta":"default","adv-header-id-meta":"","stick-header-meta":"","header-above-stick-meta":"","header-main-stick-meta":"","header-below-stick-meta":"","astra-migrate-meta-layouts":"default","ast-page-background-enabled":"default","ast-page-background-meta":{"desktop":{"background-color":"","background-image":"","background-repeat":"repeat","background-position":"center center","background-size":"auto","background-attachment":"scroll","background-type":"","background-media":"","overlay-type":"","overlay-color":"","overlay-opacity":"","overlay-gradient":""},"tablet":{"background-color":"","background-image":"","background-repeat":"repeat","background-position":"center center","background-size":"auto","background-attachment":"scroll","background-type":"","background-media":"","overlay-type":"","overlay-color":"","overlay-opacity":"","overlay-gradient":""},"mobile":{"background-color":"","background-image":"","background-repeat":"repeat","background-position":"center center","background-size":"auto","background-attachment":"scroll","background-type":"","background-media":"","overlay-type":"","overlay-color":"","overlay-opacity":"","overlay-gradient":""}},"ast-content-background-meta":{"desktop":{"background-color":"var(--ast-global-color-5)","background-image":"","background-repeat":"repeat","background-position":"center center","background-size":"auto","background-attachment":"scroll","background-type":"","background-media":"","overlay-type":"","overlay-color":"","overlay-opacity":"","overlay-gradient":""},"tablet":{"background-color":"var(--ast-global-color-5)","background-image":"","background-repeat":"repeat","background-position":"center center","background-size":"auto","background-attachment":"scroll","background-type":"","background-media":"","overlay-type":"","overlay-color":"","overlay-opacity":"","overlay-gradient":""},"mobile":{"background-color":"var(--ast-global-color-5)","background-image":"","background-repeat":"repeat","background-position":"center center","background-size":"auto","background-attachment":"scroll","background-type":"","background-media":"","overlay-type":"","overlay-color":"","overlay-opacity":"","overlay-gradient":""}}},"pwb-brand":[4407],"product_brand":[],"product_cat":[3373,3376,3377,3546],"product_tag":[5864,5964],"class_list":{"0":"post-87649","1":"product","2":"type-product","3":"status-publish","4":"has-post-thumbnail","6":"pwb-brand-goki","7":"product_cat-3-anos","8":"product_cat-4-anos","9":"product_cat-6-anos","10":"product_cat-juego-simbolico","11":"product_tag-goki","12":"product_tag-juego-de-cocina","13":"desktop-align-left","14":"tablet-align-left","15":"mobile-align-left","17":"first","18":"instock","19":"taxable","20":"shipping-taxable","21":"purchasable","22":"product-type-simple"},"acf":[],"yoast_head":"<!-- This site is optimized with the Yoast SEO Premium plugin v18.3 (Yoast SEO v27.4) - https:\/\/yoast.com\/product\/yoast-seo-premium-wordpress\/ -->\n<title>Set de cocina: 2 cazuelas y 1 sart\u00e9n - Goki &#8212; Som Llavors<\/title>\n<meta name=\"description\" content=\"Deja que las criaturas asuman el papel de chefs con este set de cocina b\u00e1sico y vers\u00e1til, que incluye 2 cazuelas de diferentes tama\u00f1os y 1 sart\u00e9n, m\u00e1s las tapas correspondientes para completar la experiencia.  Un conjunto ideal para que puedan cocinar sus platos favoritos en su cocinita.\" \/>\n<meta name=\"robots\" content=\"index, follow, max-snippet:-1, max-image-preview:large, max-video-preview:-1\" \/>\n<link rel=\"canonical\" href=\"https:\/\/somllavors.com\/es\/producte\/set-de-cocina-2-cazuelas-y-1-sarten-goki\" \/>\n<meta property=\"og:locale\" content=\"es_ES\" \/>\n<meta property=\"og:type\" content=\"article\" \/>\n<meta property=\"og:title\" content=\"Set de cocina: 2 cazuelas y 1 sart\u00e9n - Goki\" \/>\n<meta property=\"og:description\" content=\"La teva botiga d\u2019ecocrian\u00e7a i espai d\u2019acompanyament a la maternitat\" \/>\n<meta property=\"og:url\" content=\"https:\/\/somllavors.com\/es\/producte\/set-de-cocina-2-cazuelas-y-1-sarten-goki\" \/>\n<meta property=\"og:site_name\" content=\"Som Llavors\" \/>\n<meta property=\"article:publisher\" content=\"https:\/\/www.facebook.com\/somllavorsvng\/?locale=ca_ES\" \/>\n<meta property=\"og:image\" content=\"https:\/\/somllavors.com\/wp-content\/uploads\/2025\/10\/Som-Llavors-Joc-de-cuina-Goki-51509.jpg\" \/>\n\t<meta property=\"og:image:width\" content=\"500\" \/>\n\t<meta property=\"og:image:height\" content=\"500\" \/>\n\t<meta property=\"og:image:type\" content=\"image\/jpeg\" \/>\n<meta name=\"twitter:card\" content=\"summary_large_image\" \/>\n<meta name=\"twitter:label1\" content=\"Precio\" \/>\n\t<meta name=\"twitter:data1\" content=\"19,50&euro; Iva incl\u00f2s\" \/>\n\t<meta name=\"twitter:label2\" content=\"Availability\" \/>\n\t<meta name=\"twitter:data2\" content=\"Hay existencias\" \/>\n<script type=\"application\/ld+json\" class=\"yoast-schema-graph\">{\"@context\":\"https:\\\/\\\/schema.org\",\"@graph\":[{\"@type\":\"WebPage\",\"@id\":\"https:\\\/\\\/somllavors.com\\\/es\\\/producte\\\/set-de-cocina-2-cazuelas-y-1-sarten-goki\",\"url\":\"https:\\\/\\\/somllavors.com\\\/es\\\/producte\\\/set-de-cocina-2-cazuelas-y-1-sarten-goki\",\"name\":\"Set de cocina: 2 cazuelas y 1 sart\u00e9n - Goki &#8212; Som Llavors\",\"isPartOf\":{\"@id\":\"https:\\\/\\\/somllavors.com\\\/es#website\"},\"primaryImageOfPage\":{\"@id\":\"https:\\\/\\\/somllavors.com\\\/es\\\/producte\\\/set-de-cocina-2-cazuelas-y-1-sarten-goki#primaryimage\"},\"image\":{\"@id\":\"https:\\\/\\\/somllavors.com\\\/es\\\/producte\\\/set-de-cocina-2-cazuelas-y-1-sarten-goki#primaryimage\"},\"thumbnailUrl\":\"https:\\\/\\\/somllavors.com\\\/wp-content\\\/uploads\\\/2025\\\/10\\\/Som-Llavors-Joc-de-cuina-Goki-51509.jpg\",\"datePublished\":\"2025-10-10T14:14:23+00:00\",\"description\":\"Deja que las criaturas asuman el papel de chefs con este set de cocina b\u00e1sico y vers\u00e1til, que incluye 2 cazuelas de diferentes tama\u00f1os y 1 sart\u00e9n, m\u00e1s las tapas correspondientes para completar la experiencia. Un conjunto ideal para que puedan cocinar sus platos favoritos en su cocinita.\",\"breadcrumb\":{\"@id\":\"https:\\\/\\\/somllavors.com\\\/es\\\/producte\\\/set-de-cocina-2-cazuelas-y-1-sarten-goki#breadcrumb\"},\"inLanguage\":\"es\",\"potentialAction\":[{\"@type\":\"ReadAction\",\"target\":[\"https:\\\/\\\/somllavors.com\\\/es\\\/producte\\\/set-de-cocina-2-cazuelas-y-1-sarten-goki\"]}]},{\"@type\":\"ImageObject\",\"inLanguage\":\"es\",\"@id\":\"https:\\\/\\\/somllavors.com\\\/es\\\/producte\\\/set-de-cocina-2-cazuelas-y-1-sarten-goki#primaryimage\",\"url\":\"https:\\\/\\\/somllavors.com\\\/wp-content\\\/uploads\\\/2025\\\/10\\\/Som-Llavors-Joc-de-cuina-Goki-51509.jpg\",\"contentUrl\":\"https:\\\/\\\/somllavors.com\\\/wp-content\\\/uploads\\\/2025\\\/10\\\/Som-Llavors-Joc-de-cuina-Goki-51509.jpg\",\"width\":500,\"height\":500,\"caption\":\"joc de cuina\"},{\"@type\":\"BreadcrumbList\",\"@id\":\"https:\\\/\\\/somllavors.com\\\/es\\\/producte\\\/set-de-cocina-2-cazuelas-y-1-sarten-goki#breadcrumb\",\"itemListElement\":[{\"@type\":\"ListItem\",\"position\":1,\"name\":\"Inici\",\"item\":\"https:\\\/\\\/somllavors.com\\\/es\"},{\"@type\":\"ListItem\",\"position\":2,\"name\":\"Tienda\",\"item\":\"https:\\\/\\\/somllavors.com\\\/es\\\/botiga-2\"},{\"@type\":\"ListItem\",\"position\":3,\"name\":\"Set de cocina: 2 cazuelas y 1 sart\u00e9n &#8211; Goki\"}]},{\"@type\":\"WebSite\",\"@id\":\"https:\\\/\\\/somllavors.com\\\/es#website\",\"url\":\"https:\\\/\\\/somllavors.com\\\/es\",\"name\":\"Som Llavors\",\"description\":\"Botiga de crian\u00e7a natural\",\"publisher\":{\"@id\":\"https:\\\/\\\/somllavors.com\\\/es#organization\"},\"alternateName\":\"Crian\u00e7a Natural i Sostenible\",\"potentialAction\":[{\"@type\":\"SearchAction\",\"target\":{\"@type\":\"EntryPoint\",\"urlTemplate\":\"https:\\\/\\\/somllavors.com\\\/es?s={search_term_string}\"},\"query-input\":{\"@type\":\"PropertyValueSpecification\",\"valueRequired\":true,\"valueName\":\"search_term_string\"}}],\"inLanguage\":\"es\"},{\"@type\":[\"Organization\",\"Place\",\"Store\"],\"@id\":\"https:\\\/\\\/somllavors.com\\\/es#organization\",\"name\":\"Som Llavors\",\"alternateName\":\"Crian\u00e7a Natural i Sostenible\",\"url\":\"https:\\\/\\\/somllavors.com\\\/es\",\"logo\":{\"@id\":\"https:\\\/\\\/somllavors.com\\\/es\\\/producte\\\/set-de-cocina-2-cazuelas-y-1-sarten-goki#local-main-organization-logo\"},\"image\":{\"@id\":\"https:\\\/\\\/somllavors.com\\\/es\\\/producte\\\/set-de-cocina-2-cazuelas-y-1-sarten-goki#local-main-organization-logo\"},\"sameAs\":[\"https:\\\/\\\/www.facebook.com\\\/somllavorsvng\\\/?locale=ca_ES\",\"https:\\\/\\\/www.instagram.com\\\/somllavors_vng\\\/\",\"https:\\\/\\\/www.youtube.com\\\/@somllavors\"],\"address\":{\"@id\":\"https:\\\/\\\/somllavors.com\\\/es\\\/producte\\\/set-de-cocina-2-cazuelas-y-1-sarten-goki#local-main-place-address\"},\"geo\":{\"@type\":\"GeoCoordinates\",\"latitude\":\"41.2257737\",\"longitude\":\"1.723258859\"},\"telephone\":[\"623152704\"],\"openingHoursSpecification\":[{\"@type\":\"OpeningHoursSpecification\",\"dayOfWeek\":[\"Monday\",\"Sunday\"],\"opens\":\"00:00\",\"closes\":\"00:00\"},{\"@type\":\"OpeningHoursSpecification\",\"dayOfWeek\":[\"Tuesday\",\"Wednesday\",\"Thursday\",\"Friday\"],\"opens\":\"10:00\",\"closes\":\"20:00\"},{\"@type\":\"OpeningHoursSpecification\",\"dayOfWeek\":[\"Saturday\"],\"opens\":\"10:00\",\"closes\":\"13:30\"}],\"email\":\"info@somllavors.com\"},{\"@type\":\"PostalAddress\",\"@id\":\"https:\\\/\\\/somllavors.com\\\/es\\\/producte\\\/set-de-cocina-2-cazuelas-y-1-sarten-goki#local-main-place-address\",\"streetAddress\":\"Carrer de l'aigua, 6\",\"addressLocality\":\"Vilanova i la Geltr\u00fa\",\"postalCode\":\"08800\",\"addressRegion\":\"Barcelona\",\"addressCountry\":\"ES\"},{\"@type\":\"ImageObject\",\"inLanguage\":\"es\",\"@id\":\"https:\\\/\\\/somllavors.com\\\/es\\\/producte\\\/set-de-cocina-2-cazuelas-y-1-sarten-goki#local-main-organization-logo\",\"url\":\"https:\\\/\\\/somllavors.com\\\/wp-content\\\/uploads\\\/Logotip-Som-Llavors.jpg\",\"contentUrl\":\"https:\\\/\\\/somllavors.com\\\/wp-content\\\/uploads\\\/Logotip-Som-Llavors.jpg\",\"width\":1444,\"height\":1323,\"caption\":\"Som Llavors\"}]}<\/script>\n<meta property=\"product:price:amount\" content=\"19.50\" \/>\n<meta property=\"product:price:currency\" content=\"EUR\" \/>\n<meta property=\"og:availability\" content=\"instock\" \/>\n<meta property=\"product:availability\" content=\"instock\" \/>\n<meta property=\"product:retailer_item_id\" content=\"51509\" \/>\n<meta property=\"product:condition\" content=\"new\" \/>\n<meta name=\"geo.placename\" content=\"Vilanova i la Geltr\u00fa\" \/>\n<meta name=\"geo.position\" content=\"41.2257737;1.723258859\" \/>\n<meta name=\"geo.region\" content=\"Espa\u00f1a\" \/>\n<!-- \/ Yoast SEO Premium plugin. -->","yoast_head_json":{"title":"Set de cocina: 2 cazuelas y 1 sart\u00e9n - Goki &#8212; Som Llavors","description":"Deja que las criaturas asuman el papel de chefs con este set de cocina b\u00e1sico y vers\u00e1til, que incluye 2 cazuelas de diferentes tama\u00f1os y 1 sart\u00e9n, m\u00e1s las tapas correspondientes para completar la experiencia.  Un conjunto ideal para que puedan cocinar sus platos favoritos en su cocinita.","robots":{"index":"index","follow":"follow","max-snippet":"max-snippet:-1","max-image-preview":"max-image-preview:large","max-video-preview":"max-video-preview:-1"},"canonical":"https:\/\/somllavors.com\/es\/producte\/set-de-cocina-2-cazuelas-y-1-sarten-goki","og_locale":"es_ES","og_type":"article","og_title":"Set de cocina: 2 cazuelas y 1 sart\u00e9n - Goki","og_description":"La teva botiga d\u2019ecocrian\u00e7a i espai d\u2019acompanyament a la maternitat","og_url":"https:\/\/somllavors.com\/es\/producte\/set-de-cocina-2-cazuelas-y-1-sarten-goki","og_site_name":"Som Llavors","article_publisher":"https:\/\/www.facebook.com\/somllavorsvng\/?locale=ca_ES","og_image":[{"width":500,"height":500,"url":"https:\/\/somllavors.com\/wp-content\/uploads\/2025\/10\/Som-Llavors-Joc-de-cuina-Goki-51509.jpg","type":"image\/jpeg"}],"twitter_card":"summary_large_image","twitter_misc":{"Precio":"19,50&euro; Iva incl\u00f2s","Availability":"Hay existencias"},"schema":{"@context":"https:\/\/schema.org","@graph":[{"@type":"WebPage","@id":"https:\/\/somllavors.com\/es\/producte\/set-de-cocina-2-cazuelas-y-1-sarten-goki","url":"https:\/\/somllavors.com\/es\/producte\/set-de-cocina-2-cazuelas-y-1-sarten-goki","name":"Set de cocina: 2 cazuelas y 1 sart\u00e9n - Goki &#8212; Som Llavors","isPartOf":{"@id":"https:\/\/somllavors.com\/es#website"},"primaryImageOfPage":{"@id":"https:\/\/somllavors.com\/es\/producte\/set-de-cocina-2-cazuelas-y-1-sarten-goki#primaryimage"},"image":{"@id":"https:\/\/somllavors.com\/es\/producte\/set-de-cocina-2-cazuelas-y-1-sarten-goki#primaryimage"},"thumbnailUrl":"https:\/\/somllavors.com\/wp-content\/uploads\/2025\/10\/Som-Llavors-Joc-de-cuina-Goki-51509.jpg","datePublished":"2025-10-10T14:14:23+00:00","description":"Deja que las criaturas asuman el papel de chefs con este set de cocina b\u00e1sico y vers\u00e1til, que incluye 2 cazuelas de diferentes tama\u00f1os y 1 sart\u00e9n, m\u00e1s las tapas correspondientes para completar la experiencia. Un conjunto ideal para que puedan cocinar sus platos favoritos en su cocinita.","breadcrumb":{"@id":"https:\/\/somllavors.com\/es\/producte\/set-de-cocina-2-cazuelas-y-1-sarten-goki#breadcrumb"},"inLanguage":"es","potentialAction":[{"@type":"ReadAction","target":["https:\/\/somllavors.com\/es\/producte\/set-de-cocina-2-cazuelas-y-1-sarten-goki"]}]},{"@type":"ImageObject","inLanguage":"es","@id":"https:\/\/somllavors.com\/es\/producte\/set-de-cocina-2-cazuelas-y-1-sarten-goki#primaryimage","url":"https:\/\/somllavors.com\/wp-content\/uploads\/2025\/10\/Som-Llavors-Joc-de-cuina-Goki-51509.jpg","contentUrl":"https:\/\/somllavors.com\/wp-content\/uploads\/2025\/10\/Som-Llavors-Joc-de-cuina-Goki-51509.jpg","width":500,"height":500,"caption":"joc de cuina"},{"@type":"BreadcrumbList","@id":"https:\/\/somllavors.com\/es\/producte\/set-de-cocina-2-cazuelas-y-1-sarten-goki#breadcrumb","itemListElement":[{"@type":"ListItem","position":1,"name":"Inici","item":"https:\/\/somllavors.com\/es"},{"@type":"ListItem","position":2,"name":"Tienda","item":"https:\/\/somllavors.com\/es\/botiga-2"},{"@type":"ListItem","position":3,"name":"Set de cocina: 2 cazuelas y 1 sart\u00e9n &#8211; Goki"}]},{"@type":"WebSite","@id":"https:\/\/somllavors.com\/es#website","url":"https:\/\/somllavors.com\/es","name":"Som Llavors","description":"Botiga de crian\u00e7a natural","publisher":{"@id":"https:\/\/somllavors.com\/es#organization"},"alternateName":"Crian\u00e7a Natural i Sostenible","potentialAction":[{"@type":"SearchAction","target":{"@type":"EntryPoint","urlTemplate":"https:\/\/somllavors.com\/es?s={search_term_string}"},"query-input":{"@type":"PropertyValueSpecification","valueRequired":true,"valueName":"search_term_string"}}],"inLanguage":"es"},{"@type":["Organization","Place","Store"],"@id":"https:\/\/somllavors.com\/es#organization","name":"Som Llavors","alternateName":"Crian\u00e7a Natural i Sostenible","url":"https:\/\/somllavors.com\/es","logo":{"@id":"https:\/\/somllavors.com\/es\/producte\/set-de-cocina-2-cazuelas-y-1-sarten-goki#local-main-organization-logo"},"image":{"@id":"https:\/\/somllavors.com\/es\/producte\/set-de-cocina-2-cazuelas-y-1-sarten-goki#local-main-organization-logo"},"sameAs":["https:\/\/www.facebook.com\/somllavorsvng\/?locale=ca_ES","https:\/\/www.instagram.com\/somllavors_vng\/","https:\/\/www.youtube.com\/@somllavors"],"address":{"@id":"https:\/\/somllavors.com\/es\/producte\/set-de-cocina-2-cazuelas-y-1-sarten-goki#local-main-place-address"},"geo":{"@type":"GeoCoordinates","latitude":"41.2257737","longitude":"1.723258859"},"telephone":["623152704","623152704"],"openingHoursSpecification":[{"@type":"OpeningHoursSpecification","dayOfWeek":["Monday","Sunday"],"opens":"00:00","closes":"00:00"},{"@type":"OpeningHoursSpecification","dayOfWeek":["Tuesday","Wednesday","Thursday","Friday"],"opens":"10:00","closes":"20:00"},{"@type":"OpeningHoursSpecification","dayOfWeek":["Saturday"],"opens":"10:00","closes":"13:30"}],"email":"info@somllavors.com"},{"@type":"PostalAddress","@id":"https:\/\/somllavors.com\/es\/producte\/set-de-cocina-2-cazuelas-y-1-sarten-goki#local-main-place-address","streetAddress":"Carrer de l'aigua, 6","addressLocality":"Vilanova i la Geltr\u00fa","postalCode":"08800","addressRegion":"Barcelona","addressCountry":"ES"},{"@type":"ImageObject","inLanguage":"es","@id":"https:\/\/somllavors.com\/es\/producte\/set-de-cocina-2-cazuelas-y-1-sarten-goki#local-main-organization-logo","url":"https:\/\/somllavors.com\/wp-content\/uploads\/Logotip-Som-Llavors.jpg","contentUrl":"https:\/\/somllavors.com\/wp-content\/uploads\/Logotip-Som-Llavors.jpg","width":1444,"height":1323,"caption":"Som Llavors"}]},"product_price_amount":"19.50","product_price_currency":"EUR","og_availability":"instock","product_availability":"instock","product_retailer_item_id":"51509","product_condition":"new","geo.placename":"Vilanova i la Geltr\u00fa","geo.position":{"lat":"41.2257737","long":"1.723258859"},"geo.region":"Espa\u00f1a"},"brands":[{"id":4407,"name":"Goki","slug":"goki"}],"_links":{"self":[{"href":"https:\/\/somllavors.com\/es\/wp-json\/wp\/v2\/product\/87649","targetHints":{"allow":["GET"]}}],"collection":[{"href":"https:\/\/somllavors.com\/es\/wp-json\/wp\/v2\/product"}],"about":[{"href":"https:\/\/somllavors.com\/es\/wp-json\/wp\/v2\/types\/product"}],"wp:featuredmedia":[{"embeddable":true,"href":"https:\/\/somllavors.com\/es\/wp-json\/wp\/v2\/media\/83759"}],"wp:attachment":[{"href":"https:\/\/somllavors.com\/es\/wp-json\/wp\/v2\/media?parent=87649"}],"wp:term":[{"taxonomy":"pwb-brand","embeddable":true,"href":"https:\/\/somllavors.com\/es\/wp-json\/wp\/v2\/pwb-brand?post=87649"},{"taxonomy":"product_brand","embeddable":true,"href":"https:\/\/somllavors.com\/es\/wp-json\/wp\/v2\/product_brand?post=87649"},{"taxonomy":"product_cat","embeddable":true,"href":"https:\/\/somllavors.com\/es\/wp-json\/wp\/v2\/product_cat?post=87649"},{"taxonomy":"product_tag","embeddable":true,"href":"https:\/\/somllavors.com\/es\/wp-json\/wp\/v2\/product_tag?post=87649"}],"curies":[{"name":"wp","href":"https:\/\/api.w.org\/{rel}","templated":true}]}}