{"id":87719,"date":"2024-03-13T18:12:58","date_gmt":"2024-03-13T17:12:58","guid":{"rendered":"https:\/\/somllavors.com\/producte\/mochila-portabebes-love-and-carry-one-leo"},"modified":"2024-03-13T18:12:58","modified_gmt":"2024-03-13T17:12:58","slug":"mochila-portabebes-love-and-carry-one-leo","status":"publish","type":"product","link":"https:\/\/somllavors.com\/es\/producte\/mochila-portabebes-love-and-carry-one-leo","title":{"rendered":"Mochila portabeb\u00e9s Love and Carry ONE &#8211; Leo"},"content":{"rendered":"<div class=\"elementor-widget elementor-element elementor-element-xvckkes elementor-widget-heading\" data-element_type=\"heading\">\n<div class=\"elementor-widget-container\">\n<h2 class=\"elementor-heading-title elementor-size-large none\">Caracter\u00edsticas de Love and Carry One<\/h2>\n<\/div>\n<p><img loading=\"lazy\" decoding=\"async\" class=\"alignnone size-full wp-image-58155\" src=\"https:\/\/somllavors.com\/wp-content\/uploads\/2024\/04\/ONE-2022-Sketch.jpg\" alt=\"Caracter\u00edsticas love and carry\" width=\"1251\" height=\"1135\" srcset=\"https:\/\/somllavors.com\/wp-content\/uploads\/2024\/04\/ONE-2022-Sketch.jpg 1251w, https:\/\/somllavors.com\/wp-content\/uploads\/2024\/04\/ONE-2022-Sketch-300x272.jpg 300w, https:\/\/somllavors.com\/wp-content\/uploads\/2024\/04\/ONE-2022-Sketch-1024x929.jpg 1024w, https:\/\/somllavors.com\/wp-content\/uploads\/2024\/04\/ONE-2022-Sketch-768x697.jpg 768w, https:\/\/somllavors.com\/wp-content\/uploads\/2024\/04\/ONE-2022-Sketch-1200x1089.jpg 1200w\" sizes=\"auto, (max-width: 1251px) 100vw, 1251px\" \/><\/p>\n<\/div>\n<ol>\n<li>Toma regulable para capucha<\/li>\n<li>Opciones de tirantes acolchados en posici\u00f3n H y X<\/li>\n<li>Capucha protectora para el sol y dormir<\/li>\n<li>Correa de pecho ajustable para amamantar y dar espacio<\/li>\n<li>Hebillas superiores (4 meses en adelante)<\/li>\n<li>Ajustadores de altura<\/li>\n<li>Hebillas inferiores (0-4 meses)<\/li>\n<li>Panel trasero con ajuste de ancho<\/li>\n<li>Enganche para hebilla superior<\/li>\n<li>Uni\u00f3n tirantes superiores regulable<\/li>\n<li>Broche de seguridad Cintur\u00f3n con soporte lumbar (67-140 cm)<\/li>\n<li>Malla oculta en la espalda para clima c\u00e1lido<\/li>\n<li>Bolsillo con cremallera<\/li>\n<\/ol>\n<p>&nbsp;<\/p>\n<h2>Especificidades:<\/h2>\n<ul>\n<li>Ancho y alto totalmente ajustable.<\/li>\n<li>Mantiene una forma ergon\u00f3mica de las caderas del beb\u00e9, la llamada posici\u00f3n M<\/li>\n<li>Apoya las curvas naturales de la columna vertebral del beb\u00e9.<\/li>\n<li>Posiciones de hebilla superior e inferior para un soporte perfecto de la columna en todas las edades.<\/li>\n<li>Cintur\u00f3n ancho con soporte lumbar.<\/li>\n<li>Versatilidad en varias posiciones: posici\u00f3n delante y tambi\u00e9n en la espalda<\/li>\n<li>Opciones de correas para hombros &#8220;X&#8221; y &#8220;H&#8221;<\/li>\n<li>Capucha cosida para dormir y protegerse del sol.<\/li>\n<li>Bolsillo con cremallera en el cintur\u00f3n<\/li>\n<li>Cumple la norma de seguridad europea CEN TR 16512<\/li>\n<li>Reconocido como saludable para la cadera por el Instituto Internacional de Displasia de cadera (IHDI)<\/li>\n<\/ul>\n<h2><strong>\u00a1La mejor opci\u00f3n para portear en verano!<\/strong><\/h2>\n<p>Gracias a su sistema de apertura con cremalleras, se puede abrir completamente la parte central del panel para que quede la espalda del beb\u00e9 con la m\u00e1xima ventilaci\u00f3n. De esta forma se puede minimizar al m\u00e1ximo la sensaci\u00f3n de calor durante los meses de verano sin renunciar al confort ni del adulto ni del beb\u00e9. <\/p>\n","protected":false},"excerpt":{"rendered":"<p>Portanadones ideal para los d\u00edas de verano que incluye el panel de malla para una transpirabilidad \u00f3ptima. Hecha con tejido jacquard premium, 100% algod\u00f3n org\u00e1nico. <\/p>\n<ul>\n<li>Para beb\u00e9s de aproximadamente 0 a 24 meses, con un peso de 3,5 a 15 kg.<\/li>\n<\/ul>\n<p>&nbsp;<\/p>\n","protected":false},"featured_media":54278,"template":"","meta":{"_acf_changed":false,"site-sidebar-layout":"default","site-content-layout":"default","ast-site-content-layout":"default","site-content-style":"default","site-sidebar-style":"default","ast-global-header-display":"","ast-banner-title-visibility":"","ast-main-header-display":"","ast-hfb-above-header-display":"","ast-hfb-below-header-display":"","ast-hfb-mobile-header-display":"","site-post-title":"","ast-breadcrumbs-content":"","ast-featured-img":"","footer-sml-layout":"","theme-transparent-header-meta":"default","adv-header-id-meta":"","stick-header-meta":"","header-above-stick-meta":"","header-main-stick-meta":"","header-below-stick-meta":"","astra-migrate-meta-layouts":"default","ast-page-background-enabled":"default","ast-page-background-meta":{"desktop":{"background-color":"","background-image":"","background-repeat":"repeat","background-position":"center center","background-size":"auto","background-attachment":"scroll","background-type":"","background-media":"","overlay-type":"","overlay-color":"","overlay-opacity":"","overlay-gradient":""},"tablet":{"background-color":"","background-image":"","background-repeat":"repeat","background-position":"center center","background-size":"auto","background-attachment":"scroll","background-type":"","background-media":"","overlay-type":"","overlay-color":"","overlay-opacity":"","overlay-gradient":""},"mobile":{"background-color":"","background-image":"","background-repeat":"repeat","background-position":"center center","background-size":"auto","background-attachment":"scroll","background-type":"","background-media":"","overlay-type":"","overlay-color":"","overlay-opacity":"","overlay-gradient":""}},"ast-content-background-meta":{"desktop":{"background-color":"var(--ast-global-color-5)","background-image":"","background-repeat":"repeat","background-position":"center center","background-size":"auto","background-attachment":"scroll","background-type":"","background-media":"","overlay-type":"","overlay-color":"","overlay-opacity":"","overlay-gradient":""},"tablet":{"background-color":"var(--ast-global-color-5)","background-image":"","background-repeat":"repeat","background-position":"center center","background-size":"auto","background-attachment":"scroll","background-type":"","background-media":"","overlay-type":"","overlay-color":"","overlay-opacity":"","overlay-gradient":""},"mobile":{"background-color":"var(--ast-global-color-5)","background-image":"","background-repeat":"repeat","background-position":"center center","background-size":"auto","background-attachment":"scroll","background-type":"","background-media":"","overlay-type":"","overlay-color":"","overlay-opacity":"","overlay-gradient":""}}},"pwb-brand":[4600],"product_brand":[],"product_cat":[3606],"product_tag":[],"class_list":{"0":"post-87719","1":"product","2":"type-product","3":"status-publish","4":"has-post-thumbnail","6":"pwb-brand-love-and-carry","7":"product_cat-mochilas-ergonomicas","8":"desktop-align-left","9":"tablet-align-left","10":"mobile-align-left","12":"first","13":"instock","14":"taxable","15":"shipping-taxable","16":"purchasable","17":"product-type-simple"},"acf":[],"yoast_head":"<!-- This site is optimized with the Yoast SEO Premium plugin v18.3 (Yoast SEO v26.2) - https:\/\/yoast.com\/wordpress\/plugins\/seo\/ -->\n<title>Mochila portabeb\u00e9s Love and Carry ONE - Leo &#8212; Som Llavors<\/title>\n<meta name=\"description\" content=\"Portanadones ideal para los d\u00edas de verano que incluye el panel de malla para una transpirabilidad \u00f3ptima. Hecha con tejido jacquard premium, 100% algod\u00f3n org\u00e1nico.   Para beb\u00e9s de aproximadamente 0 a 24 meses, con un peso de 3,5 a 15 kg. &nbsp;\" \/>\n<meta name=\"robots\" content=\"index, follow, max-snippet:-1, max-image-preview:large, max-video-preview:-1\" \/>\n<link rel=\"canonical\" href=\"https:\/\/somllavors.com\/es\/producte\/mochila-portabebes-love-and-carry-one-leo\" \/>\n<meta property=\"og:locale\" content=\"es_ES\" \/>\n<meta property=\"og:type\" content=\"article\" \/>\n<meta property=\"og:title\" content=\"Mochila portabeb\u00e9s Love and Carry ONE - Leo\" \/>\n<meta property=\"og:description\" content=\"La teva botiga d\u2019ecocrian\u00e7a i espai d\u2019acompanyament a la maternitat\" \/>\n<meta property=\"og:url\" content=\"https:\/\/somllavors.com\/es\/producte\/mochila-portabebes-love-and-carry-one-leo\" \/>\n<meta property=\"og:site_name\" content=\"Som Llavors\" \/>\n<meta property=\"article:publisher\" content=\"https:\/\/www.facebook.com\/somllavorsvng\/?locale=ca_ES\" \/>\n<meta property=\"og:image\" content=\"https:\/\/somllavors.com\/wp-content\/uploads\/2024\/03\/love-and-carry-mochila-portabebes-one-monsoon-9.jpg\" \/>\n\t<meta property=\"og:image:width\" content=\"1100\" \/>\n\t<meta property=\"og:image:height\" content=\"1422\" \/>\n\t<meta property=\"og:image:type\" content=\"image\/jpeg\" \/>\n<meta name=\"twitter:card\" content=\"summary_large_image\" \/>\n<meta name=\"twitter:label1\" content=\"Precio\" \/>\n\t<meta name=\"twitter:data1\" content=\"159,00&euro; Iva incl\u00f2s\" \/>\n\t<meta name=\"twitter:label2\" content=\"Availability\" \/>\n\t<meta name=\"twitter:data2\" content=\"Hay existencias\" \/>\n<script type=\"application\/ld+json\" class=\"yoast-schema-graph\">{\"@context\":\"https:\/\/schema.org\",\"@graph\":[{\"@type\":\"WebPage\",\"@id\":\"https:\/\/somllavors.com\/es\/producte\/mochila-portabebes-love-and-carry-one-leo\",\"url\":\"https:\/\/somllavors.com\/es\/producte\/mochila-portabebes-love-and-carry-one-leo\",\"name\":\"Mochila portabeb\u00e9s Love and Carry ONE - Leo &#8212; Som Llavors\",\"isPartOf\":{\"@id\":\"https:\/\/somllavors.com\/es#website\"},\"primaryImageOfPage\":{\"@id\":\"https:\/\/somllavors.com\/es\/producte\/mochila-portabebes-love-and-carry-one-leo#primaryimage\"},\"image\":{\"@id\":\"https:\/\/somllavors.com\/es\/producte\/mochila-portabebes-love-and-carry-one-leo#primaryimage\"},\"thumbnailUrl\":\"https:\/\/somllavors.com\/wp-content\/uploads\/2024\/03\/love-and-carry-mochila-portabebes-one-monsoon-9.jpg\",\"datePublished\":\"2024-03-13T17:12:58+00:00\",\"description\":\"Portanadones ideal para los d\u00edas de verano que incluye el panel de malla para una transpirabilidad \u00f3ptima. Hecha con tejido jacquard premium, 100% algod\u00f3n org\u00e1nico. Para beb\u00e9s de aproximadamente 0 a 24 meses, con un peso de 3,5 a 15 kg. &nbsp;\",\"breadcrumb\":{\"@id\":\"https:\/\/somllavors.com\/es\/producte\/mochila-portabebes-love-and-carry-one-leo#breadcrumb\"},\"inLanguage\":\"es\",\"potentialAction\":[{\"@type\":\"ReadAction\",\"target\":[\"https:\/\/somllavors.com\/es\/producte\/mochila-portabebes-love-and-carry-one-leo\"]}]},{\"@type\":\"ImageObject\",\"inLanguage\":\"es\",\"@id\":\"https:\/\/somllavors.com\/es\/producte\/mochila-portabebes-love-and-carry-one-leo#primaryimage\",\"url\":\"https:\/\/somllavors.com\/wp-content\/uploads\/2024\/03\/love-and-carry-mochila-portabebes-one-monsoon-9.jpg\",\"contentUrl\":\"https:\/\/somllavors.com\/wp-content\/uploads\/2024\/03\/love-and-carry-mochila-portabebes-one-monsoon-9.jpg\",\"width\":1100,\"height\":1422,\"caption\":\"Love & Carry mochila ergonomica porteo\"},{\"@type\":\"BreadcrumbList\",\"@id\":\"https:\/\/somllavors.com\/es\/producte\/mochila-portabebes-love-and-carry-one-leo#breadcrumb\",\"itemListElement\":[{\"@type\":\"ListItem\",\"position\":1,\"name\":\"Inici\",\"item\":\"https:\/\/somllavors.com\/es\"},{\"@type\":\"ListItem\",\"position\":2,\"name\":\"Tienda\",\"item\":\"https:\/\/somllavors.com\/es\/botiga-2\"},{\"@type\":\"ListItem\",\"position\":3,\"name\":\"Mochila portabeb\u00e9s Love and Carry ONE &#8211; Leo\"}]},{\"@type\":\"WebSite\",\"@id\":\"https:\/\/somllavors.com\/es#website\",\"url\":\"https:\/\/somllavors.com\/es\",\"name\":\"Som Llavors\",\"description\":\"Botiga de crian\u00e7a natural\",\"publisher\":{\"@id\":\"https:\/\/somllavors.com\/es#organization\"},\"alternateName\":\"Crian\u00e7a Natural i Sostenible\",\"potentialAction\":[{\"@type\":\"SearchAction\",\"target\":{\"@type\":\"EntryPoint\",\"urlTemplate\":\"https:\/\/somllavors.com\/es?s={search_term_string}\"},\"query-input\":{\"@type\":\"PropertyValueSpecification\",\"valueRequired\":true,\"valueName\":\"search_term_string\"}}],\"inLanguage\":\"es\"},{\"@type\":[\"Organization\",\"Place\",\"Store\"],\"@id\":\"https:\/\/somllavors.com\/es#organization\",\"name\":\"Som Llavors\",\"alternateName\":\"Crian\u00e7a Natural i Sostenible\",\"url\":\"https:\/\/somllavors.com\/es\",\"logo\":{\"@id\":\"https:\/\/somllavors.com\/es\/producte\/mochila-portabebes-love-and-carry-one-leo#local-main-organization-logo\"},\"image\":{\"@id\":\"https:\/\/somllavors.com\/es\/producte\/mochila-portabebes-love-and-carry-one-leo#local-main-organization-logo\"},\"sameAs\":[\"https:\/\/www.facebook.com\/somllavorsvng\/?locale=ca_ES\",\"https:\/\/www.instagram.com\/somllavors_vng\/\",\"https:\/\/www.youtube.com\/@somllavors\"],\"address\":{\"@id\":\"https:\/\/somllavors.com\/es\/producte\/mochila-portabebes-love-and-carry-one-leo#local-main-place-address\"},\"geo\":{\"@type\":\"GeoCoordinates\",\"latitude\":\"41.2257737\",\"longitude\":\"1.723258859\"},\"telephone\":[\"623152704\"],\"openingHoursSpecification\":[{\"@type\":\"OpeningHoursSpecification\",\"dayOfWeek\":[\"Monday\",\"Sunday\"],\"opens\":\"00:00\",\"closes\":\"00:00\"},{\"@type\":\"OpeningHoursSpecification\",\"dayOfWeek\":[\"Tuesday\",\"Wednesday\",\"Thursday\",\"Friday\"],\"opens\":\"10:00\",\"closes\":\"20:00\"},{\"@type\":\"OpeningHoursSpecification\",\"dayOfWeek\":[\"Saturday\"],\"opens\":\"10:00\",\"closes\":\"13:30\"}],\"email\":\"info@somllavors.com\"},{\"@type\":\"PostalAddress\",\"@id\":\"https:\/\/somllavors.com\/es\/producte\/mochila-portabebes-love-and-carry-one-leo#local-main-place-address\",\"streetAddress\":\"Carrer de l'aigua, 6\",\"addressLocality\":\"Vilanova i la Geltr\u00fa\",\"postalCode\":\"08800\",\"addressRegion\":\"Barcelona\",\"addressCountry\":\"ES\"},{\"@type\":\"ImageObject\",\"inLanguage\":\"es\",\"@id\":\"https:\/\/somllavors.com\/es\/producte\/mochila-portabebes-love-and-carry-one-leo#local-main-organization-logo\",\"url\":\"https:\/\/somllavors.com\/wp-content\/uploads\/Logotip-Som-Llavors.jpg\",\"contentUrl\":\"https:\/\/somllavors.com\/wp-content\/uploads\/Logotip-Som-Llavors.jpg\",\"width\":1444,\"height\":1323,\"caption\":\"Som Llavors\"}]}<\/script>\n<meta property=\"product:price:amount\" content=\"159.00\" \/>\n<meta property=\"product:price:currency\" content=\"EUR\" \/>\n<meta property=\"og:availability\" content=\"instock\" \/>\n<meta property=\"product:availability\" content=\"instock\" \/>\n<meta property=\"product:retailer_item_id\" content=\"LC563\" \/>\n<meta property=\"product:condition\" content=\"new\" \/>\n<meta name=\"geo.placename\" content=\"Vilanova i la Geltr\u00fa\" \/>\n<meta name=\"geo.position\" content=\"41.2257737;1.723258859\" \/>\n<meta name=\"geo.region\" content=\"Espa\u00f1a\" \/>\n<!-- \/ Yoast SEO Premium plugin. -->","yoast_head_json":{"title":"Mochila portabeb\u00e9s Love and Carry ONE - Leo &#8212; Som Llavors","description":"Portanadones ideal para los d\u00edas de verano que incluye el panel de malla para una transpirabilidad \u00f3ptima. Hecha con tejido jacquard premium, 100% algod\u00f3n org\u00e1nico.   Para beb\u00e9s de aproximadamente 0 a 24 meses, con un peso de 3,5 a 15 kg. &nbsp;","robots":{"index":"index","follow":"follow","max-snippet":"max-snippet:-1","max-image-preview":"max-image-preview:large","max-video-preview":"max-video-preview:-1"},"canonical":"https:\/\/somllavors.com\/es\/producte\/mochila-portabebes-love-and-carry-one-leo","og_locale":"es_ES","og_type":"article","og_title":"Mochila portabeb\u00e9s Love and Carry ONE - Leo","og_description":"La teva botiga d\u2019ecocrian\u00e7a i espai d\u2019acompanyament a la maternitat","og_url":"https:\/\/somllavors.com\/es\/producte\/mochila-portabebes-love-and-carry-one-leo","og_site_name":"Som Llavors","article_publisher":"https:\/\/www.facebook.com\/somllavorsvng\/?locale=ca_ES","og_image":[{"width":1100,"height":1422,"url":"https:\/\/somllavors.com\/wp-content\/uploads\/2024\/03\/love-and-carry-mochila-portabebes-one-monsoon-9.jpg","type":"image\/jpeg"}],"twitter_card":"summary_large_image","twitter_misc":{"Precio":"159,00&euro; Iva incl\u00f2s","Availability":"Hay existencias"},"schema":{"@context":"https:\/\/schema.org","@graph":[{"@type":"WebPage","@id":"https:\/\/somllavors.com\/es\/producte\/mochila-portabebes-love-and-carry-one-leo","url":"https:\/\/somllavors.com\/es\/producte\/mochila-portabebes-love-and-carry-one-leo","name":"Mochila portabeb\u00e9s Love and Carry ONE - Leo &#8212; Som Llavors","isPartOf":{"@id":"https:\/\/somllavors.com\/es#website"},"primaryImageOfPage":{"@id":"https:\/\/somllavors.com\/es\/producte\/mochila-portabebes-love-and-carry-one-leo#primaryimage"},"image":{"@id":"https:\/\/somllavors.com\/es\/producte\/mochila-portabebes-love-and-carry-one-leo#primaryimage"},"thumbnailUrl":"https:\/\/somllavors.com\/wp-content\/uploads\/2024\/03\/love-and-carry-mochila-portabebes-one-monsoon-9.jpg","datePublished":"2024-03-13T17:12:58+00:00","description":"Portanadones ideal para los d\u00edas de verano que incluye el panel de malla para una transpirabilidad \u00f3ptima. Hecha con tejido jacquard premium, 100% algod\u00f3n org\u00e1nico. Para beb\u00e9s de aproximadamente 0 a 24 meses, con un peso de 3,5 a 15 kg. &nbsp;","breadcrumb":{"@id":"https:\/\/somllavors.com\/es\/producte\/mochila-portabebes-love-and-carry-one-leo#breadcrumb"},"inLanguage":"es","potentialAction":[{"@type":"ReadAction","target":["https:\/\/somllavors.com\/es\/producte\/mochila-portabebes-love-and-carry-one-leo"]}]},{"@type":"ImageObject","inLanguage":"es","@id":"https:\/\/somllavors.com\/es\/producte\/mochila-portabebes-love-and-carry-one-leo#primaryimage","url":"https:\/\/somllavors.com\/wp-content\/uploads\/2024\/03\/love-and-carry-mochila-portabebes-one-monsoon-9.jpg","contentUrl":"https:\/\/somllavors.com\/wp-content\/uploads\/2024\/03\/love-and-carry-mochila-portabebes-one-monsoon-9.jpg","width":1100,"height":1422,"caption":"Love & Carry mochila ergonomica porteo"},{"@type":"BreadcrumbList","@id":"https:\/\/somllavors.com\/es\/producte\/mochila-portabebes-love-and-carry-one-leo#breadcrumb","itemListElement":[{"@type":"ListItem","position":1,"name":"Inici","item":"https:\/\/somllavors.com\/es"},{"@type":"ListItem","position":2,"name":"Tienda","item":"https:\/\/somllavors.com\/es\/botiga-2"},{"@type":"ListItem","position":3,"name":"Mochila portabeb\u00e9s Love and Carry ONE &#8211; Leo"}]},{"@type":"WebSite","@id":"https:\/\/somllavors.com\/es#website","url":"https:\/\/somllavors.com\/es","name":"Som Llavors","description":"Botiga de crian\u00e7a natural","publisher":{"@id":"https:\/\/somllavors.com\/es#organization"},"alternateName":"Crian\u00e7a Natural i Sostenible","potentialAction":[{"@type":"SearchAction","target":{"@type":"EntryPoint","urlTemplate":"https:\/\/somllavors.com\/es?s={search_term_string}"},"query-input":{"@type":"PropertyValueSpecification","valueRequired":true,"valueName":"search_term_string"}}],"inLanguage":"es"},{"@type":["Organization","Place","Store"],"@id":"https:\/\/somllavors.com\/es#organization","name":"Som Llavors","alternateName":"Crian\u00e7a Natural i Sostenible","url":"https:\/\/somllavors.com\/es","logo":{"@id":"https:\/\/somllavors.com\/es\/producte\/mochila-portabebes-love-and-carry-one-leo#local-main-organization-logo"},"image":{"@id":"https:\/\/somllavors.com\/es\/producte\/mochila-portabebes-love-and-carry-one-leo#local-main-organization-logo"},"sameAs":["https:\/\/www.facebook.com\/somllavorsvng\/?locale=ca_ES","https:\/\/www.instagram.com\/somllavors_vng\/","https:\/\/www.youtube.com\/@somllavors"],"address":{"@id":"https:\/\/somllavors.com\/es\/producte\/mochila-portabebes-love-and-carry-one-leo#local-main-place-address"},"geo":{"@type":"GeoCoordinates","latitude":"41.2257737","longitude":"1.723258859"},"telephone":["623152704","623152704"],"openingHoursSpecification":[{"@type":"OpeningHoursSpecification","dayOfWeek":["Monday","Sunday"],"opens":"00:00","closes":"00:00"},{"@type":"OpeningHoursSpecification","dayOfWeek":["Tuesday","Wednesday","Thursday","Friday"],"opens":"10:00","closes":"20:00"},{"@type":"OpeningHoursSpecification","dayOfWeek":["Saturday"],"opens":"10:00","closes":"13:30"}],"email":"info@somllavors.com"},{"@type":"PostalAddress","@id":"https:\/\/somllavors.com\/es\/producte\/mochila-portabebes-love-and-carry-one-leo#local-main-place-address","streetAddress":"Carrer de l'aigua, 6","addressLocality":"Vilanova i la Geltr\u00fa","postalCode":"08800","addressRegion":"Barcelona","addressCountry":"ES"},{"@type":"ImageObject","inLanguage":"es","@id":"https:\/\/somllavors.com\/es\/producte\/mochila-portabebes-love-and-carry-one-leo#local-main-organization-logo","url":"https:\/\/somllavors.com\/wp-content\/uploads\/Logotip-Som-Llavors.jpg","contentUrl":"https:\/\/somllavors.com\/wp-content\/uploads\/Logotip-Som-Llavors.jpg","width":1444,"height":1323,"caption":"Som Llavors"}]},"product_price_amount":"159.00","product_price_currency":"EUR","og_availability":"instock","product_availability":"instock","product_retailer_item_id":"LC563","product_condition":"new","geo.placename":"Vilanova i la Geltr\u00fa","geo.position":{"lat":"41.2257737","long":"1.723258859"},"geo.region":"Espa\u00f1a"},"brands":[{"id":4600,"name":"Love and Carry","slug":"love-and-carry"}],"_links":{"self":[{"href":"https:\/\/somllavors.com\/es\/wp-json\/wp\/v2\/product\/87719","targetHints":{"allow":["GET"]}}],"collection":[{"href":"https:\/\/somllavors.com\/es\/wp-json\/wp\/v2\/product"}],"about":[{"href":"https:\/\/somllavors.com\/es\/wp-json\/wp\/v2\/types\/product"}],"wp:featuredmedia":[{"embeddable":true,"href":"https:\/\/somllavors.com\/es\/wp-json\/wp\/v2\/media\/54278"}],"wp:attachment":[{"href":"https:\/\/somllavors.com\/es\/wp-json\/wp\/v2\/media?parent=87719"}],"wp:term":[{"taxonomy":"pwb-brand","embeddable":true,"href":"https:\/\/somllavors.com\/es\/wp-json\/wp\/v2\/pwb-brand?post=87719"},{"taxonomy":"product_brand","embeddable":true,"href":"https:\/\/somllavors.com\/es\/wp-json\/wp\/v2\/product_brand?post=87719"},{"taxonomy":"product_cat","embeddable":true,"href":"https:\/\/somllavors.com\/es\/wp-json\/wp\/v2\/product_cat?post=87719"},{"taxonomy":"product_tag","embeddable":true,"href":"https:\/\/somllavors.com\/es\/wp-json\/wp\/v2\/product_tag?post=87719"}],"curies":[{"name":"wp","href":"https:\/\/api.w.org\/{rel}","templated":true}]}}