{"id":87727,"date":"2021-07-02T14:58:49","date_gmt":"2021-07-02T12:58:49","guid":{"rendered":"https:\/\/somllavors.com\/producte\/caboo-organico-blueberry"},"modified":"2021-07-02T14:58:49","modified_gmt":"2021-07-02T12:58:49","slug":"caboo-organico-blueberry","status":"publish","type":"product","link":"https:\/\/somllavors.com\/es\/producte\/caboo-organico-blueberry","title":{"rendered":"Caboo Org\u00e1nico Blueberry"},"content":{"rendered":"<ul>\n<li>Puede utilizarse desde los 2.3 kg.<\/li>\n<li>Vers\u00e1til como un fular y pr\u00e1ctica como una mochila.<\/li>\n<li>Muy f\u00e1cil de utilizar, se pone y se quita como una camiseta, sin cierres a presi\u00f3n ni nudos.<\/li>\n<li>Tirando de las anillas ajustamos el Caboo a nuestro cuerpo. Para sacarlo s\u00f3lo debemos aflojar las anillas.<\/li>\n<li>Dise\u00f1o ergon\u00f3mico: el Caboo se ajusta a tu beb\u00e9 y no al contrario, sin elementos r\u00edgidos. El beb\u00e9 est\u00e1 sujeto en posici\u00f3n de rana.<\/li>\n<li>Tirantes anchos para mejor distribuci\u00f3n del peso y para ofrecer mejor soporte y suaves para sujetar correcta y c\u00f3modamente la cabeza del beb\u00e9.<\/li>\n<li>La cruz acolchada en la espalda ayuda a distribuir correctamente el peso.<\/li>\n<li>Las anillas son de gran calidad para que los tirantes se desplacen suavemente.<\/li>\n<li>Refuerzo horizontal que ofrece mayor soporte a columna y caderas. Cuando el peque\u00f1o crece nos ayudar\u00e1 a tener mayor fuerza de sujeci\u00f3n.<\/li>\n<li>Su dise\u00f1o en la parte superior permite que los peque\u00f1os puedan sacar los brazos permitiendo que tengan mayor movimiento.<\/li>\n<li>El refuerzo se utiliza tambi\u00e9n como bolsa para guardar el Caboo cuando no est\u00e1 en uso. Dispone de bolsillo cerrado con cremallera.<\/li>\n<li>Material: 100% algod\u00f3n org\u00e1nico<\/li>\n<\/ul>\n<ul>\n<li style=\"list-style-type: none;\">\n<\/li>\n<\/ul>\n<p>&nbsp;<\/p>\n","protected":false},"excerpt":{"rendered":"<p>El portabeb\u00e9s Caboo de algod\u00f3n org\u00e1nico es incre\u00edblemente c\u00f3modo y f\u00e1cil de usar, de algod\u00f3n org\u00e1nico muy suave y ligeramente el\u00e1stico para mayor comodidad, sentir\u00e1s que abrazas a tu beb\u00e9.<\/p>\n<p>Ergon\u00f3micamente dise\u00f1ada para ofrecer el soporte perfecto al reci\u00e9n nacido.<\/p>\n","protected":false},"featured_media":23985,"template":"","meta":{"_acf_changed":false,"site-sidebar-layout":"default","site-content-layout":"default","ast-site-content-layout":"default","site-content-style":"default","site-sidebar-style":"default","ast-global-header-display":"","ast-banner-title-visibility":"","ast-main-header-display":"","ast-hfb-above-header-display":"","ast-hfb-below-header-display":"","ast-hfb-mobile-header-display":"","site-post-title":"","ast-breadcrumbs-content":"","ast-featured-img":"","footer-sml-layout":"","theme-transparent-header-meta":"default","adv-header-id-meta":"","stick-header-meta":"","header-above-stick-meta":"","header-main-stick-meta":"","header-below-stick-meta":"","astra-migrate-meta-layouts":"default","ast-page-background-enabled":"default","ast-page-background-meta":{"desktop":{"background-color":"","background-image":"","background-repeat":"repeat","background-position":"center center","background-size":"auto","background-attachment":"scroll","background-type":"","background-media":"","overlay-type":"","overlay-color":"","overlay-opacity":"","overlay-gradient":""},"tablet":{"background-color":"","background-image":"","background-repeat":"repeat","background-position":"center center","background-size":"auto","background-attachment":"scroll","background-type":"","background-media":"","overlay-type":"","overlay-color":"","overlay-opacity":"","overlay-gradient":""},"mobile":{"background-color":"","background-image":"","background-repeat":"repeat","background-position":"center center","background-size":"auto","background-attachment":"scroll","background-type":"","background-media":"","overlay-type":"","overlay-color":"","overlay-opacity":"","overlay-gradient":""}},"ast-content-background-meta":{"desktop":{"background-color":"var(--ast-global-color-5)","background-image":"","background-repeat":"repeat","background-position":"center center","background-size":"auto","background-attachment":"scroll","background-type":"","background-media":"","overlay-type":"","overlay-color":"","overlay-opacity":"","overlay-gradient":""},"tablet":{"background-color":"var(--ast-global-color-5)","background-image":"","background-repeat":"repeat","background-position":"center center","background-size":"auto","background-attachment":"scroll","background-type":"","background-media":"","overlay-type":"","overlay-color":"","overlay-opacity":"","overlay-gradient":""},"mobile":{"background-color":"var(--ast-global-color-5)","background-image":"","background-repeat":"repeat","background-position":"center center","background-size":"auto","background-attachment":"scroll","background-type":"","background-media":"","overlay-type":"","overlay-color":"","overlay-opacity":"","overlay-gradient":""}}},"pwb-brand":[],"product_brand":[],"product_cat":[3602,3603,3605,3606],"product_tag":[3989,3988,3081,3987],"class_list":{"0":"post-87727","1":"product","2":"type-product","3":"status-publish","4":"has-post-thumbnail","6":"product_cat-bandoleras-de-anillas","7":"product_cat-fulares","8":"product_cat-mei-tais","9":"product_cat-mochilas-ergonomicas","10":"product_tag-caboo-es","11":"product_tag-fular-es","12":"product_tag-mochila-ergonomica-es","13":"product_tag-organic-es","14":"desktop-align-left","15":"tablet-align-left","16":"mobile-align-left","18":"first","19":"instock","20":"taxable","21":"shipping-taxable","22":"purchasable","23":"product-type-simple"},"acf":[],"yoast_head":"<!-- This site is optimized with the Yoast SEO Premium plugin v18.3 (Yoast SEO v27.4) - https:\/\/yoast.com\/product\/yoast-seo-premium-wordpress\/ -->\n<title>Caboo Org\u00e1nico Blueberry &#8212; Som Llavors<\/title>\n<meta name=\"description\" content=\"El portabeb\u00e9s Caboo de algod\u00f3n org\u00e1nico es incre\u00edblemente c\u00f3modo y f\u00e1cil de usar, de algod\u00f3n org\u00e1nico muy suave y ligeramente el\u00e1stico para mayor comodidad, sentir\u00e1s que abrazas a tu beb\u00e9. Ergon\u00f3micamente dise\u00f1ada para ofrecer el soporte perfecto al reci\u00e9n nacido.\" \/>\n<meta name=\"robots\" content=\"index, follow, max-snippet:-1, max-image-preview:large, max-video-preview:-1\" \/>\n<link rel=\"canonical\" href=\"https:\/\/somllavors.com\/es\/producte\/caboo-organico-blueberry\" \/>\n<meta property=\"og:locale\" content=\"es_ES\" \/>\n<meta property=\"og:type\" content=\"article\" \/>\n<meta property=\"og:title\" content=\"Caboo Org\u00e1nico Blueberry\" \/>\n<meta property=\"og:description\" content=\"La teva botiga d\u2019ecocrian\u00e7a i espai d\u2019acompanyament a la maternitat\" \/>\n<meta property=\"og:url\" content=\"https:\/\/somllavors.com\/es\/producte\/caboo-organico-blueberry\" \/>\n<meta property=\"og:site_name\" content=\"Som Llavors\" \/>\n<meta property=\"article:publisher\" content=\"https:\/\/www.facebook.com\/somllavorsvng\/?locale=ca_ES\" \/>\n<meta property=\"og:image\" content=\"https:\/\/somllavors.com\/wp-content\/uploads\/caboo-organic-blueberry.jpg\" \/>\n\t<meta property=\"og:image:width\" content=\"458\" \/>\n\t<meta property=\"og:image:height\" content=\"458\" \/>\n\t<meta property=\"og:image:type\" content=\"image\/jpeg\" \/>\n<meta name=\"twitter:card\" content=\"summary_large_image\" \/>\n<meta name=\"twitter:label1\" content=\"Precio\" \/>\n\t<meta name=\"twitter:data1\" content=\"99,95&euro; Iva incl\u00f2s\" \/>\n\t<meta name=\"twitter:label2\" content=\"Availability\" \/>\n\t<meta name=\"twitter:data2\" content=\"Hay existencias\" \/>\n<script type=\"application\/ld+json\" class=\"yoast-schema-graph\">{\"@context\":\"https:\\\/\\\/schema.org\",\"@graph\":[{\"@type\":\"WebPage\",\"@id\":\"https:\\\/\\\/somllavors.com\\\/es\\\/producte\\\/caboo-organico-blueberry\",\"url\":\"https:\\\/\\\/somllavors.com\\\/es\\\/producte\\\/caboo-organico-blueberry\",\"name\":\"Caboo Org\u00e1nico Blueberry &#8212; Som Llavors\",\"isPartOf\":{\"@id\":\"https:\\\/\\\/somllavors.com\\\/es#website\"},\"primaryImageOfPage\":{\"@id\":\"https:\\\/\\\/somllavors.com\\\/es\\\/producte\\\/caboo-organico-blueberry#primaryimage\"},\"image\":{\"@id\":\"https:\\\/\\\/somllavors.com\\\/es\\\/producte\\\/caboo-organico-blueberry#primaryimage\"},\"thumbnailUrl\":\"https:\\\/\\\/somllavors.com\\\/wp-content\\\/uploads\\\/caboo-organic-blueberry.jpg\",\"datePublished\":\"2021-07-02T12:58:49+00:00\",\"description\":\"El portabeb\u00e9s Caboo de algod\u00f3n org\u00e1nico es incre\u00edblemente c\u00f3modo y f\u00e1cil de usar, de algod\u00f3n org\u00e1nico muy suave y ligeramente el\u00e1stico para mayor comodidad, sentir\u00e1s que abrazas a tu beb\u00e9. Ergon\u00f3micamente dise\u00f1ada para ofrecer el soporte perfecto al reci\u00e9n nacido.\",\"breadcrumb\":{\"@id\":\"https:\\\/\\\/somllavors.com\\\/es\\\/producte\\\/caboo-organico-blueberry#breadcrumb\"},\"inLanguage\":\"es\",\"potentialAction\":[{\"@type\":\"ReadAction\",\"target\":[\"https:\\\/\\\/somllavors.com\\\/es\\\/producte\\\/caboo-organico-blueberry\"]}]},{\"@type\":\"ImageObject\",\"inLanguage\":\"es\",\"@id\":\"https:\\\/\\\/somllavors.com\\\/es\\\/producte\\\/caboo-organico-blueberry#primaryimage\",\"url\":\"https:\\\/\\\/somllavors.com\\\/wp-content\\\/uploads\\\/caboo-organic-blueberry.jpg\",\"contentUrl\":\"https:\\\/\\\/somllavors.com\\\/wp-content\\\/uploads\\\/caboo-organic-blueberry.jpg\",\"width\":458,\"height\":458},{\"@type\":\"BreadcrumbList\",\"@id\":\"https:\\\/\\\/somllavors.com\\\/es\\\/producte\\\/caboo-organico-blueberry#breadcrumb\",\"itemListElement\":[{\"@type\":\"ListItem\",\"position\":1,\"name\":\"Inici\",\"item\":\"https:\\\/\\\/somllavors.com\\\/es\"},{\"@type\":\"ListItem\",\"position\":2,\"name\":\"Tienda\",\"item\":\"https:\\\/\\\/somllavors.com\\\/es\\\/botiga-2\"},{\"@type\":\"ListItem\",\"position\":3,\"name\":\"Caboo Org\u00e1nico Blueberry\"}]},{\"@type\":\"WebSite\",\"@id\":\"https:\\\/\\\/somllavors.com\\\/es#website\",\"url\":\"https:\\\/\\\/somllavors.com\\\/es\",\"name\":\"Som Llavors\",\"description\":\"Botiga de crian\u00e7a natural\",\"publisher\":{\"@id\":\"https:\\\/\\\/somllavors.com\\\/es#organization\"},\"alternateName\":\"Crian\u00e7a Natural i Sostenible\",\"potentialAction\":[{\"@type\":\"SearchAction\",\"target\":{\"@type\":\"EntryPoint\",\"urlTemplate\":\"https:\\\/\\\/somllavors.com\\\/es?s={search_term_string}\"},\"query-input\":{\"@type\":\"PropertyValueSpecification\",\"valueRequired\":true,\"valueName\":\"search_term_string\"}}],\"inLanguage\":\"es\"},{\"@type\":[\"Organization\",\"Place\",\"Store\"],\"@id\":\"https:\\\/\\\/somllavors.com\\\/es#organization\",\"name\":\"Som Llavors\",\"alternateName\":\"Crian\u00e7a Natural i Sostenible\",\"url\":\"https:\\\/\\\/somllavors.com\\\/es\",\"logo\":{\"@id\":\"https:\\\/\\\/somllavors.com\\\/es\\\/producte\\\/caboo-organico-blueberry#local-main-organization-logo\"},\"image\":{\"@id\":\"https:\\\/\\\/somllavors.com\\\/es\\\/producte\\\/caboo-organico-blueberry#local-main-organization-logo\"},\"sameAs\":[\"https:\\\/\\\/www.facebook.com\\\/somllavorsvng\\\/?locale=ca_ES\",\"https:\\\/\\\/www.instagram.com\\\/somllavors_vng\\\/\",\"https:\\\/\\\/www.youtube.com\\\/@somllavors\"],\"address\":{\"@id\":\"https:\\\/\\\/somllavors.com\\\/es\\\/producte\\\/caboo-organico-blueberry#local-main-place-address\"},\"geo\":{\"@type\":\"GeoCoordinates\",\"latitude\":\"41.2257737\",\"longitude\":\"1.723258859\"},\"telephone\":[\"623152704\"],\"openingHoursSpecification\":[{\"@type\":\"OpeningHoursSpecification\",\"dayOfWeek\":[\"Monday\",\"Sunday\"],\"opens\":\"00:00\",\"closes\":\"00:00\"},{\"@type\":\"OpeningHoursSpecification\",\"dayOfWeek\":[\"Tuesday\",\"Wednesday\",\"Thursday\",\"Friday\"],\"opens\":\"10:00\",\"closes\":\"20:00\"},{\"@type\":\"OpeningHoursSpecification\",\"dayOfWeek\":[\"Saturday\"],\"opens\":\"10:00\",\"closes\":\"13:30\"}],\"email\":\"info@somllavors.com\"},{\"@type\":\"PostalAddress\",\"@id\":\"https:\\\/\\\/somllavors.com\\\/es\\\/producte\\\/caboo-organico-blueberry#local-main-place-address\",\"streetAddress\":\"Carrer de l'aigua, 6\",\"addressLocality\":\"Vilanova i la Geltr\u00fa\",\"postalCode\":\"08800\",\"addressRegion\":\"Barcelona\",\"addressCountry\":\"ES\"},{\"@type\":\"ImageObject\",\"inLanguage\":\"es\",\"@id\":\"https:\\\/\\\/somllavors.com\\\/es\\\/producte\\\/caboo-organico-blueberry#local-main-organization-logo\",\"url\":\"https:\\\/\\\/somllavors.com\\\/wp-content\\\/uploads\\\/Logotip-Som-Llavors.jpg\",\"contentUrl\":\"https:\\\/\\\/somllavors.com\\\/wp-content\\\/uploads\\\/Logotip-Som-Llavors.jpg\",\"width\":1444,\"height\":1323,\"caption\":\"Som Llavors\"}]}<\/script>\n<meta property=\"product:price:amount\" content=\"99.95\" \/>\n<meta property=\"product:price:currency\" content=\"EUR\" \/>\n<meta property=\"og:availability\" content=\"instock\" \/>\n<meta property=\"product:availability\" content=\"instock\" \/>\n<meta property=\"product:retailer_item_id\" content=\"CABOO-BLUEB\" \/>\n<meta property=\"product:condition\" content=\"new\" \/>\n<meta name=\"geo.placename\" content=\"Vilanova i la Geltr\u00fa\" \/>\n<meta name=\"geo.position\" content=\"41.2257737;1.723258859\" \/>\n<meta name=\"geo.region\" content=\"Espa\u00f1a\" \/>\n<!-- \/ Yoast SEO Premium plugin. -->","yoast_head_json":{"title":"Caboo Org\u00e1nico Blueberry &#8212; Som Llavors","description":"El portabeb\u00e9s Caboo de algod\u00f3n org\u00e1nico es incre\u00edblemente c\u00f3modo y f\u00e1cil de usar, de algod\u00f3n org\u00e1nico muy suave y ligeramente el\u00e1stico para mayor comodidad, sentir\u00e1s que abrazas a tu beb\u00e9. Ergon\u00f3micamente dise\u00f1ada para ofrecer el soporte perfecto al reci\u00e9n nacido.","robots":{"index":"index","follow":"follow","max-snippet":"max-snippet:-1","max-image-preview":"max-image-preview:large","max-video-preview":"max-video-preview:-1"},"canonical":"https:\/\/somllavors.com\/es\/producte\/caboo-organico-blueberry","og_locale":"es_ES","og_type":"article","og_title":"Caboo Org\u00e1nico Blueberry","og_description":"La teva botiga d\u2019ecocrian\u00e7a i espai d\u2019acompanyament a la maternitat","og_url":"https:\/\/somllavors.com\/es\/producte\/caboo-organico-blueberry","og_site_name":"Som Llavors","article_publisher":"https:\/\/www.facebook.com\/somllavorsvng\/?locale=ca_ES","og_image":[{"width":458,"height":458,"url":"https:\/\/somllavors.com\/wp-content\/uploads\/caboo-organic-blueberry.jpg","type":"image\/jpeg"}],"twitter_card":"summary_large_image","twitter_misc":{"Precio":"99,95&euro; Iva incl\u00f2s","Availability":"Hay existencias"},"schema":{"@context":"https:\/\/schema.org","@graph":[{"@type":"WebPage","@id":"https:\/\/somllavors.com\/es\/producte\/caboo-organico-blueberry","url":"https:\/\/somllavors.com\/es\/producte\/caboo-organico-blueberry","name":"Caboo Org\u00e1nico Blueberry &#8212; Som Llavors","isPartOf":{"@id":"https:\/\/somllavors.com\/es#website"},"primaryImageOfPage":{"@id":"https:\/\/somllavors.com\/es\/producte\/caboo-organico-blueberry#primaryimage"},"image":{"@id":"https:\/\/somllavors.com\/es\/producte\/caboo-organico-blueberry#primaryimage"},"thumbnailUrl":"https:\/\/somllavors.com\/wp-content\/uploads\/caboo-organic-blueberry.jpg","datePublished":"2021-07-02T12:58:49+00:00","description":"El portabeb\u00e9s Caboo de algod\u00f3n org\u00e1nico es incre\u00edblemente c\u00f3modo y f\u00e1cil de usar, de algod\u00f3n org\u00e1nico muy suave y ligeramente el\u00e1stico para mayor comodidad, sentir\u00e1s que abrazas a tu beb\u00e9. Ergon\u00f3micamente dise\u00f1ada para ofrecer el soporte perfecto al reci\u00e9n nacido.","breadcrumb":{"@id":"https:\/\/somllavors.com\/es\/producte\/caboo-organico-blueberry#breadcrumb"},"inLanguage":"es","potentialAction":[{"@type":"ReadAction","target":["https:\/\/somllavors.com\/es\/producte\/caboo-organico-blueberry"]}]},{"@type":"ImageObject","inLanguage":"es","@id":"https:\/\/somllavors.com\/es\/producte\/caboo-organico-blueberry#primaryimage","url":"https:\/\/somllavors.com\/wp-content\/uploads\/caboo-organic-blueberry.jpg","contentUrl":"https:\/\/somllavors.com\/wp-content\/uploads\/caboo-organic-blueberry.jpg","width":458,"height":458},{"@type":"BreadcrumbList","@id":"https:\/\/somllavors.com\/es\/producte\/caboo-organico-blueberry#breadcrumb","itemListElement":[{"@type":"ListItem","position":1,"name":"Inici","item":"https:\/\/somllavors.com\/es"},{"@type":"ListItem","position":2,"name":"Tienda","item":"https:\/\/somllavors.com\/es\/botiga-2"},{"@type":"ListItem","position":3,"name":"Caboo Org\u00e1nico Blueberry"}]},{"@type":"WebSite","@id":"https:\/\/somllavors.com\/es#website","url":"https:\/\/somllavors.com\/es","name":"Som Llavors","description":"Botiga de crian\u00e7a natural","publisher":{"@id":"https:\/\/somllavors.com\/es#organization"},"alternateName":"Crian\u00e7a Natural i Sostenible","potentialAction":[{"@type":"SearchAction","target":{"@type":"EntryPoint","urlTemplate":"https:\/\/somllavors.com\/es?s={search_term_string}"},"query-input":{"@type":"PropertyValueSpecification","valueRequired":true,"valueName":"search_term_string"}}],"inLanguage":"es"},{"@type":["Organization","Place","Store"],"@id":"https:\/\/somllavors.com\/es#organization","name":"Som Llavors","alternateName":"Crian\u00e7a Natural i Sostenible","url":"https:\/\/somllavors.com\/es","logo":{"@id":"https:\/\/somllavors.com\/es\/producte\/caboo-organico-blueberry#local-main-organization-logo"},"image":{"@id":"https:\/\/somllavors.com\/es\/producte\/caboo-organico-blueberry#local-main-organization-logo"},"sameAs":["https:\/\/www.facebook.com\/somllavorsvng\/?locale=ca_ES","https:\/\/www.instagram.com\/somllavors_vng\/","https:\/\/www.youtube.com\/@somllavors"],"address":{"@id":"https:\/\/somllavors.com\/es\/producte\/caboo-organico-blueberry#local-main-place-address"},"geo":{"@type":"GeoCoordinates","latitude":"41.2257737","longitude":"1.723258859"},"telephone":["623152704","623152704"],"openingHoursSpecification":[{"@type":"OpeningHoursSpecification","dayOfWeek":["Monday","Sunday"],"opens":"00:00","closes":"00:00"},{"@type":"OpeningHoursSpecification","dayOfWeek":["Tuesday","Wednesday","Thursday","Friday"],"opens":"10:00","closes":"20:00"},{"@type":"OpeningHoursSpecification","dayOfWeek":["Saturday"],"opens":"10:00","closes":"13:30"}],"email":"info@somllavors.com"},{"@type":"PostalAddress","@id":"https:\/\/somllavors.com\/es\/producte\/caboo-organico-blueberry#local-main-place-address","streetAddress":"Carrer de l'aigua, 6","addressLocality":"Vilanova i la Geltr\u00fa","postalCode":"08800","addressRegion":"Barcelona","addressCountry":"ES"},{"@type":"ImageObject","inLanguage":"es","@id":"https:\/\/somllavors.com\/es\/producte\/caboo-organico-blueberry#local-main-organization-logo","url":"https:\/\/somllavors.com\/wp-content\/uploads\/Logotip-Som-Llavors.jpg","contentUrl":"https:\/\/somllavors.com\/wp-content\/uploads\/Logotip-Som-Llavors.jpg","width":1444,"height":1323,"caption":"Som Llavors"}]},"product_price_amount":"99.95","product_price_currency":"EUR","og_availability":"instock","product_availability":"instock","product_retailer_item_id":"CABOO-BLUEB","product_condition":"new","geo.placename":"Vilanova i la Geltr\u00fa","geo.position":{"lat":"41.2257737","long":"1.723258859"},"geo.region":"Espa\u00f1a"},"brands":[],"_links":{"self":[{"href":"https:\/\/somllavors.com\/es\/wp-json\/wp\/v2\/product\/87727","targetHints":{"allow":["GET"]}}],"collection":[{"href":"https:\/\/somllavors.com\/es\/wp-json\/wp\/v2\/product"}],"about":[{"href":"https:\/\/somllavors.com\/es\/wp-json\/wp\/v2\/types\/product"}],"wp:featuredmedia":[{"embeddable":true,"href":"https:\/\/somllavors.com\/es\/wp-json\/wp\/v2\/media\/23985"}],"wp:attachment":[{"href":"https:\/\/somllavors.com\/es\/wp-json\/wp\/v2\/media?parent=87727"}],"wp:term":[{"taxonomy":"pwb-brand","embeddable":true,"href":"https:\/\/somllavors.com\/es\/wp-json\/wp\/v2\/pwb-brand?post=87727"},{"taxonomy":"product_brand","embeddable":true,"href":"https:\/\/somllavors.com\/es\/wp-json\/wp\/v2\/product_brand?post=87727"},{"taxonomy":"product_cat","embeddable":true,"href":"https:\/\/somllavors.com\/es\/wp-json\/wp\/v2\/product_cat?post=87727"},{"taxonomy":"product_tag","embeddable":true,"href":"https:\/\/somllavors.com\/es\/wp-json\/wp\/v2\/product_tag?post=87727"}],"curies":[{"name":"wp","href":"https:\/\/api.w.org\/{rel}","templated":true}]}}