{"id":87739,"date":"2023-10-04T12:10:41","date_gmt":"2023-10-04T10:10:41","guid":{"rendered":"https:\/\/somllavors.com\/producte\/abric-de-porteig-4-en-1-negre-wombatshell-wombat-london-co"},"modified":"2023-10-04T12:10:41","modified_gmt":"2023-10-04T10:10:41","slug":"abric-de-porteig-4-en-1-negre-wombatshell-wombat-london-co","status":"publish","type":"product","link":"https:\/\/somllavors.com\/es\/producte\/abric-de-porteig-4-en-1-negre-wombatshell-wombat-london-co","title":{"rendered":"Abric de porteig 4 en 1 Negre Wombatshell &#8211; Wombat London &amp; Co"},"content":{"rendered":"<ul>\n<li>El disseny exclusiu de la seva pe\u00e7a central inserible permet que s&#8217;adapti a totes les necessitats de la maternitat. L&#8217;inserible compta amb tres ajustaments per adaptar-lo al creixement de la panxa durant l&#8217;embar\u00e0s, aix\u00ed com a la mida del nad\u00f3 durant el porteig. <\/li>\n<li>Si est\u00e1s embarazada, puedes utilizar Wombat Shell como abrigo de embarazo. Cuando ya no te cierren tus abrigos, puedes colocar la prenda inserible, que se ir\u00e1 adaptando al crecimiento del cuerpo. <\/li>\n<li>La cintura interna ajustable puede ce\u00f1irse. El abrigo premam\u00e1 softshell de Wombat tiene un corte ligeramente acampanado. Una prenda dise\u00f1ada para que te sientas c\u00f3moda.  <\/li>\n<li>La gran ventaja de Wombat Shell es que no se trata de un abrigo premam\u00e1 con un uso limitado al per\u00edodo de embarazo. Cuando sacas la prenda inserible, tendr\u00e1s un abrigo softshell con un bonito dise\u00f1o, que podr\u00e1s utilizar como abrigo normal, hecho para durar. <\/li>\n<\/ul>\n","protected":false},"excerpt":{"rendered":"<p>El abrigo porteo Wombat Shell es 4 en 1: uso como abrigo de embarazada, abrigo porteo delante y espalda, y normal. Fabricado con tejido softshell, impermeable y biombos, es ideal para el clima mediterr\u00e1neo. <\/p>\n","protected":false},"featured_media":46508,"template":"","meta":{"_acf_changed":false,"site-sidebar-layout":"default","site-content-layout":"default","ast-site-content-layout":"default","site-content-style":"default","site-sidebar-style":"default","ast-global-header-display":"","ast-banner-title-visibility":"","ast-main-header-display":"","ast-hfb-above-header-display":"","ast-hfb-below-header-display":"","ast-hfb-mobile-header-display":"","site-post-title":"","ast-breadcrumbs-content":"","ast-featured-img":"","footer-sml-layout":"","ast-disable-related-posts":"","theme-transparent-header-meta":"default","adv-header-id-meta":"","stick-header-meta":"","header-above-stick-meta":"","header-main-stick-meta":"","header-below-stick-meta":"","astra-migrate-meta-layouts":"default","ast-page-background-enabled":"default","ast-page-background-meta":{"desktop":{"background-color":"","background-image":"","background-repeat":"repeat","background-position":"center center","background-size":"auto","background-attachment":"scroll","background-type":"","background-media":"","overlay-type":"","overlay-color":"","overlay-opacity":"","overlay-gradient":""},"tablet":{"background-color":"","background-image":"","background-repeat":"repeat","background-position":"center center","background-size":"auto","background-attachment":"scroll","background-type":"","background-media":"","overlay-type":"","overlay-color":"","overlay-opacity":"","overlay-gradient":""},"mobile":{"background-color":"","background-image":"","background-repeat":"repeat","background-position":"center center","background-size":"auto","background-attachment":"scroll","background-type":"","background-media":"","overlay-type":"","overlay-color":"","overlay-opacity":"","overlay-gradient":""}},"ast-content-background-meta":{"desktop":{"background-color":"var(--ast-global-color-5)","background-image":"","background-repeat":"repeat","background-position":"center center","background-size":"auto","background-attachment":"scroll","background-type":"","background-media":"","overlay-type":"","overlay-color":"","overlay-opacity":"","overlay-gradient":""},"tablet":{"background-color":"var(--ast-global-color-5)","background-image":"","background-repeat":"repeat","background-position":"center center","background-size":"auto","background-attachment":"scroll","background-type":"","background-media":"","overlay-type":"","overlay-color":"","overlay-opacity":"","overlay-gradient":""},"mobile":{"background-color":"var(--ast-global-color-5)","background-image":"","background-repeat":"repeat","background-position":"center center","background-size":"auto","background-attachment":"scroll","background-type":"","background-media":"","overlay-type":"","overlay-color":"","overlay-opacity":"","overlay-gradient":""}}},"pwb-brand":[4322],"product_brand":[],"product_cat":[3604],"product_tag":[3994,5927,3995,3854,5896],"class_list":{"0":"post-87739","1":"product","2":"type-product","3":"status-publish","4":"has-post-thumbnail","6":"pwb-brand-wombat-london-co","7":"product_cat-chaquetas-abrigos-y-cobertores","8":"product_tag-abrigo-es","9":"product_tag-caramelo","10":"product_tag-embarazo-es","11":"product_tag-porteo-es","12":"product_tag-wombatshell","13":"pa_talla-l-es","14":"pa_talla-m-es","15":"pa_talla-s-es","16":"pa_talla-xl-es","17":"desktop-align-left","18":"tablet-align-left","19":"mobile-align-left","21":"first","22":"instock","23":"taxable","24":"shipping-taxable","25":"purchasable","26":"product-type-variable"},"acf":[],"yoast_head":"<!-- This site is optimized with the Yoast SEO Premium plugin v18.3 (Yoast SEO v27.4) - https:\/\/yoast.com\/product\/yoast-seo-premium-wordpress\/ -->\n<title>Abric de porteig 4 en 1 Negre Wombatshell - Wombat London &amp; Co &#8212; Som Llavors<\/title>\n<meta name=\"description\" content=\"El abrigo porteo Wombat Shell es 4 en 1: uso como abrigo de embarazada, abrigo porteo delante y espalda, y normal. Fabricado con tejido softshell, impermeable y biombos, es ideal para el clima mediterr\u00e1neo.\" \/>\n<meta name=\"robots\" content=\"index, follow, max-snippet:-1, max-image-preview:large, max-video-preview:-1\" \/>\n<link rel=\"canonical\" href=\"https:\/\/somllavors.com\/es\/producte\/abric-de-porteig-4-en-1-negre-wombatshell-wombat-london-co\" \/>\n<meta property=\"og:locale\" content=\"es_ES\" \/>\n<meta property=\"og:type\" content=\"article\" \/>\n<meta property=\"og:title\" content=\"Abric de porteig 4 en 1 Negre Wombatshell - Wombat London &amp; Co\" \/>\n<meta property=\"og:description\" content=\"La teva botiga d\u2019ecocrian\u00e7a i espai d\u2019acompanyament a la maternitat\" \/>\n<meta property=\"og:url\" content=\"https:\/\/somllavors.com\/es\/producte\/abric-de-porteig-4-en-1-negre-wombatshell-wombat-london-co\" \/>\n<meta property=\"og:site_name\" content=\"Som Llavors\" \/>\n<meta property=\"article:publisher\" content=\"https:\/\/www.facebook.com\/somllavorsvng\/?locale=ca_ES\" \/>\n<meta property=\"og:image\" content=\"https:\/\/somllavors.com\/wp-content\/uploads\/2023\/10\/Som-Llavors-comprar-abrigo-porteo-premama-wombat-shell-negro.jpg\" \/>\n\t<meta property=\"og:image:width\" content=\"1100\" \/>\n\t<meta property=\"og:image:height\" content=\"1422\" \/>\n\t<meta property=\"og:image:type\" content=\"image\/jpeg\" \/>\n<meta name=\"twitter:card\" content=\"summary_large_image\" \/>\n<meta name=\"twitter:label1\" content=\"Availability\" \/>\n\t<meta name=\"twitter:data1\" content=\"Hay existencias\" \/>\n<script type=\"application\/ld+json\" class=\"yoast-schema-graph\">{\"@context\":\"https:\\\/\\\/schema.org\",\"@graph\":[{\"@type\":\"WebPage\",\"@id\":\"https:\\\/\\\/somllavors.com\\\/es\\\/producte\\\/abric-de-porteig-4-en-1-negre-wombatshell-wombat-london-co\",\"url\":\"https:\\\/\\\/somllavors.com\\\/es\\\/producte\\\/abric-de-porteig-4-en-1-negre-wombatshell-wombat-london-co\",\"name\":\"Abric de porteig 4 en 1 Negre Wombatshell - Wombat London &amp; Co &#8212; Som Llavors\",\"isPartOf\":{\"@id\":\"https:\\\/\\\/somllavors.com\\\/es#website\"},\"primaryImageOfPage\":{\"@id\":\"https:\\\/\\\/somllavors.com\\\/es\\\/producte\\\/abric-de-porteig-4-en-1-negre-wombatshell-wombat-london-co#primaryimage\"},\"image\":{\"@id\":\"https:\\\/\\\/somllavors.com\\\/es\\\/producte\\\/abric-de-porteig-4-en-1-negre-wombatshell-wombat-london-co#primaryimage\"},\"thumbnailUrl\":\"https:\\\/\\\/somllavors.com\\\/wp-content\\\/uploads\\\/2023\\\/10\\\/Som-Llavors-comprar-abrigo-porteo-premama-wombat-shell-negro.jpg\",\"datePublished\":\"2023-10-04T10:10:41+00:00\",\"description\":\"El abrigo porteo Wombat Shell es 4 en 1: uso como abrigo de embarazada, abrigo porteo delante y espalda, y normal. Fabricado con tejido softshell, impermeable y biombos, es ideal para el clima mediterr\u00e1neo.\",\"breadcrumb\":{\"@id\":\"https:\\\/\\\/somllavors.com\\\/es\\\/producte\\\/abric-de-porteig-4-en-1-negre-wombatshell-wombat-london-co#breadcrumb\"},\"inLanguage\":\"es\",\"potentialAction\":[{\"@type\":\"ReadAction\",\"target\":[\"https:\\\/\\\/somllavors.com\\\/es\\\/producte\\\/abric-de-porteig-4-en-1-negre-wombatshell-wombat-london-co\"]}]},{\"@type\":\"ImageObject\",\"inLanguage\":\"es\",\"@id\":\"https:\\\/\\\/somllavors.com\\\/es\\\/producte\\\/abric-de-porteig-4-en-1-negre-wombatshell-wombat-london-co#primaryimage\",\"url\":\"https:\\\/\\\/somllavors.com\\\/wp-content\\\/uploads\\\/2023\\\/10\\\/Som-Llavors-comprar-abrigo-porteo-premama-wombat-shell-negro.jpg\",\"contentUrl\":\"https:\\\/\\\/somllavors.com\\\/wp-content\\\/uploads\\\/2023\\\/10\\\/Som-Llavors-comprar-abrigo-porteo-premama-wombat-shell-negro.jpg\",\"width\":1100,\"height\":1422,\"caption\":\"abrigo de porteo\"},{\"@type\":\"BreadcrumbList\",\"@id\":\"https:\\\/\\\/somllavors.com\\\/es\\\/producte\\\/abric-de-porteig-4-en-1-negre-wombatshell-wombat-london-co#breadcrumb\",\"itemListElement\":[{\"@type\":\"ListItem\",\"position\":1,\"name\":\"Inici\",\"item\":\"https:\\\/\\\/somllavors.com\\\/es\"},{\"@type\":\"ListItem\",\"position\":2,\"name\":\"Tienda\",\"item\":\"https:\\\/\\\/somllavors.com\\\/es\\\/botiga-2\"},{\"@type\":\"ListItem\",\"position\":3,\"name\":\"Abric de porteig 4 en 1 Negre Wombatshell &#8211; Wombat London &amp; Co\"}]},{\"@type\":\"WebSite\",\"@id\":\"https:\\\/\\\/somllavors.com\\\/es#website\",\"url\":\"https:\\\/\\\/somllavors.com\\\/es\",\"name\":\"Som Llavors\",\"description\":\"Botiga de crian\u00e7a natural\",\"publisher\":{\"@id\":\"https:\\\/\\\/somllavors.com\\\/es#organization\"},\"alternateName\":\"Crian\u00e7a Natural i Sostenible\",\"potentialAction\":[{\"@type\":\"SearchAction\",\"target\":{\"@type\":\"EntryPoint\",\"urlTemplate\":\"https:\\\/\\\/somllavors.com\\\/es?s={search_term_string}\"},\"query-input\":{\"@type\":\"PropertyValueSpecification\",\"valueRequired\":true,\"valueName\":\"search_term_string\"}}],\"inLanguage\":\"es\"},{\"@type\":[\"Organization\",\"Place\",\"Store\"],\"@id\":\"https:\\\/\\\/somllavors.com\\\/es#organization\",\"name\":\"Som Llavors\",\"alternateName\":\"Crian\u00e7a Natural i Sostenible\",\"url\":\"https:\\\/\\\/somllavors.com\\\/es\",\"logo\":{\"@id\":\"https:\\\/\\\/somllavors.com\\\/es\\\/producte\\\/abric-de-porteig-4-en-1-negre-wombatshell-wombat-london-co#local-main-organization-logo\"},\"image\":{\"@id\":\"https:\\\/\\\/somllavors.com\\\/es\\\/producte\\\/abric-de-porteig-4-en-1-negre-wombatshell-wombat-london-co#local-main-organization-logo\"},\"sameAs\":[\"https:\\\/\\\/www.facebook.com\\\/somllavorsvng\\\/?locale=ca_ES\",\"https:\\\/\\\/www.instagram.com\\\/somllavors_vng\\\/\",\"https:\\\/\\\/www.youtube.com\\\/@somllavors\"],\"address\":{\"@id\":\"https:\\\/\\\/somllavors.com\\\/es\\\/producte\\\/abric-de-porteig-4-en-1-negre-wombatshell-wombat-london-co#local-main-place-address\"},\"geo\":{\"@type\":\"GeoCoordinates\",\"latitude\":\"41.2257737\",\"longitude\":\"1.723258859\"},\"telephone\":[\"623152704\"],\"openingHoursSpecification\":[{\"@type\":\"OpeningHoursSpecification\",\"dayOfWeek\":[\"Monday\",\"Sunday\"],\"opens\":\"00:00\",\"closes\":\"00:00\"},{\"@type\":\"OpeningHoursSpecification\",\"dayOfWeek\":[\"Tuesday\",\"Wednesday\",\"Thursday\",\"Friday\"],\"opens\":\"10:00\",\"closes\":\"20:00\"},{\"@type\":\"OpeningHoursSpecification\",\"dayOfWeek\":[\"Saturday\"],\"opens\":\"10:00\",\"closes\":\"13:30\"}],\"email\":\"info@somllavors.com\"},{\"@type\":\"PostalAddress\",\"@id\":\"https:\\\/\\\/somllavors.com\\\/es\\\/producte\\\/abric-de-porteig-4-en-1-negre-wombatshell-wombat-london-co#local-main-place-address\",\"streetAddress\":\"Carrer de l'aigua, 6\",\"addressLocality\":\"Vilanova i la Geltr\u00fa\",\"postalCode\":\"08800\",\"addressRegion\":\"Barcelona\",\"addressCountry\":\"ES\"},{\"@type\":\"ImageObject\",\"inLanguage\":\"es\",\"@id\":\"https:\\\/\\\/somllavors.com\\\/es\\\/producte\\\/abric-de-porteig-4-en-1-negre-wombatshell-wombat-london-co#local-main-organization-logo\",\"url\":\"https:\\\/\\\/somllavors.com\\\/wp-content\\\/uploads\\\/Logotip-Som-Llavors.jpg\",\"contentUrl\":\"https:\\\/\\\/somllavors.com\\\/wp-content\\\/uploads\\\/Logotip-Som-Llavors.jpg\",\"width\":1444,\"height\":1323,\"caption\":\"Som Llavors\"}]}<\/script>\n<meta property=\"og:availability\" content=\"instock\" \/>\n<meta property=\"product:availability\" content=\"instock\" \/>\n<meta property=\"product:retailer_item_id\" content=\"WS-BLK\" \/>\n<meta property=\"product:condition\" content=\"new\" \/>\n<meta name=\"geo.placename\" content=\"Vilanova i la Geltr\u00fa\" \/>\n<meta name=\"geo.position\" content=\"41.2257737;1.723258859\" \/>\n<meta name=\"geo.region\" content=\"Espa\u00f1a\" \/>\n<!-- \/ Yoast SEO Premium plugin. -->","yoast_head_json":{"title":"Abric de porteig 4 en 1 Negre Wombatshell - Wombat London &amp; Co &#8212; Som Llavors","description":"El abrigo porteo Wombat Shell es 4 en 1: uso como abrigo de embarazada, abrigo porteo delante y espalda, y normal. Fabricado con tejido softshell, impermeable y biombos, es ideal para el clima mediterr\u00e1neo.","robots":{"index":"index","follow":"follow","max-snippet":"max-snippet:-1","max-image-preview":"max-image-preview:large","max-video-preview":"max-video-preview:-1"},"canonical":"https:\/\/somllavors.com\/es\/producte\/abric-de-porteig-4-en-1-negre-wombatshell-wombat-london-co","og_locale":"es_ES","og_type":"article","og_title":"Abric de porteig 4 en 1 Negre Wombatshell - Wombat London &amp; Co","og_description":"La teva botiga d\u2019ecocrian\u00e7a i espai d\u2019acompanyament a la maternitat","og_url":"https:\/\/somllavors.com\/es\/producte\/abric-de-porteig-4-en-1-negre-wombatshell-wombat-london-co","og_site_name":"Som Llavors","article_publisher":"https:\/\/www.facebook.com\/somllavorsvng\/?locale=ca_ES","og_image":[{"width":1100,"height":1422,"url":"https:\/\/somllavors.com\/wp-content\/uploads\/2023\/10\/Som-Llavors-comprar-abrigo-porteo-premama-wombat-shell-negro.jpg","type":"image\/jpeg"}],"twitter_card":"summary_large_image","twitter_misc":{"Availability":"Hay existencias"},"schema":{"@context":"https:\/\/schema.org","@graph":[{"@type":"WebPage","@id":"https:\/\/somllavors.com\/es\/producte\/abric-de-porteig-4-en-1-negre-wombatshell-wombat-london-co","url":"https:\/\/somllavors.com\/es\/producte\/abric-de-porteig-4-en-1-negre-wombatshell-wombat-london-co","name":"Abric de porteig 4 en 1 Negre Wombatshell - Wombat London &amp; Co &#8212; Som Llavors","isPartOf":{"@id":"https:\/\/somllavors.com\/es#website"},"primaryImageOfPage":{"@id":"https:\/\/somllavors.com\/es\/producte\/abric-de-porteig-4-en-1-negre-wombatshell-wombat-london-co#primaryimage"},"image":{"@id":"https:\/\/somllavors.com\/es\/producte\/abric-de-porteig-4-en-1-negre-wombatshell-wombat-london-co#primaryimage"},"thumbnailUrl":"https:\/\/somllavors.com\/wp-content\/uploads\/2023\/10\/Som-Llavors-comprar-abrigo-porteo-premama-wombat-shell-negro.jpg","datePublished":"2023-10-04T10:10:41+00:00","description":"El abrigo porteo Wombat Shell es 4 en 1: uso como abrigo de embarazada, abrigo porteo delante y espalda, y normal. Fabricado con tejido softshell, impermeable y biombos, es ideal para el clima mediterr\u00e1neo.","breadcrumb":{"@id":"https:\/\/somllavors.com\/es\/producte\/abric-de-porteig-4-en-1-negre-wombatshell-wombat-london-co#breadcrumb"},"inLanguage":"es","potentialAction":[{"@type":"ReadAction","target":["https:\/\/somllavors.com\/es\/producte\/abric-de-porteig-4-en-1-negre-wombatshell-wombat-london-co"]}]},{"@type":"ImageObject","inLanguage":"es","@id":"https:\/\/somllavors.com\/es\/producte\/abric-de-porteig-4-en-1-negre-wombatshell-wombat-london-co#primaryimage","url":"https:\/\/somllavors.com\/wp-content\/uploads\/2023\/10\/Som-Llavors-comprar-abrigo-porteo-premama-wombat-shell-negro.jpg","contentUrl":"https:\/\/somllavors.com\/wp-content\/uploads\/2023\/10\/Som-Llavors-comprar-abrigo-porteo-premama-wombat-shell-negro.jpg","width":1100,"height":1422,"caption":"abrigo de porteo"},{"@type":"BreadcrumbList","@id":"https:\/\/somllavors.com\/es\/producte\/abric-de-porteig-4-en-1-negre-wombatshell-wombat-london-co#breadcrumb","itemListElement":[{"@type":"ListItem","position":1,"name":"Inici","item":"https:\/\/somllavors.com\/es"},{"@type":"ListItem","position":2,"name":"Tienda","item":"https:\/\/somllavors.com\/es\/botiga-2"},{"@type":"ListItem","position":3,"name":"Abric de porteig 4 en 1 Negre Wombatshell &#8211; Wombat London &amp; Co"}]},{"@type":"WebSite","@id":"https:\/\/somllavors.com\/es#website","url":"https:\/\/somllavors.com\/es","name":"Som Llavors","description":"Botiga de crian\u00e7a natural","publisher":{"@id":"https:\/\/somllavors.com\/es#organization"},"alternateName":"Crian\u00e7a Natural i Sostenible","potentialAction":[{"@type":"SearchAction","target":{"@type":"EntryPoint","urlTemplate":"https:\/\/somllavors.com\/es?s={search_term_string}"},"query-input":{"@type":"PropertyValueSpecification","valueRequired":true,"valueName":"search_term_string"}}],"inLanguage":"es"},{"@type":["Organization","Place","Store"],"@id":"https:\/\/somllavors.com\/es#organization","name":"Som Llavors","alternateName":"Crian\u00e7a Natural i Sostenible","url":"https:\/\/somllavors.com\/es","logo":{"@id":"https:\/\/somllavors.com\/es\/producte\/abric-de-porteig-4-en-1-negre-wombatshell-wombat-london-co#local-main-organization-logo"},"image":{"@id":"https:\/\/somllavors.com\/es\/producte\/abric-de-porteig-4-en-1-negre-wombatshell-wombat-london-co#local-main-organization-logo"},"sameAs":["https:\/\/www.facebook.com\/somllavorsvng\/?locale=ca_ES","https:\/\/www.instagram.com\/somllavors_vng\/","https:\/\/www.youtube.com\/@somllavors"],"address":{"@id":"https:\/\/somllavors.com\/es\/producte\/abric-de-porteig-4-en-1-negre-wombatshell-wombat-london-co#local-main-place-address"},"geo":{"@type":"GeoCoordinates","latitude":"41.2257737","longitude":"1.723258859"},"telephone":["623152704","623152704"],"openingHoursSpecification":[{"@type":"OpeningHoursSpecification","dayOfWeek":["Monday","Sunday"],"opens":"00:00","closes":"00:00"},{"@type":"OpeningHoursSpecification","dayOfWeek":["Tuesday","Wednesday","Thursday","Friday"],"opens":"10:00","closes":"20:00"},{"@type":"OpeningHoursSpecification","dayOfWeek":["Saturday"],"opens":"10:00","closes":"13:30"}],"email":"info@somllavors.com"},{"@type":"PostalAddress","@id":"https:\/\/somllavors.com\/es\/producte\/abric-de-porteig-4-en-1-negre-wombatshell-wombat-london-co#local-main-place-address","streetAddress":"Carrer de l'aigua, 6","addressLocality":"Vilanova i la Geltr\u00fa","postalCode":"08800","addressRegion":"Barcelona","addressCountry":"ES"},{"@type":"ImageObject","inLanguage":"es","@id":"https:\/\/somllavors.com\/es\/producte\/abric-de-porteig-4-en-1-negre-wombatshell-wombat-london-co#local-main-organization-logo","url":"https:\/\/somllavors.com\/wp-content\/uploads\/Logotip-Som-Llavors.jpg","contentUrl":"https:\/\/somllavors.com\/wp-content\/uploads\/Logotip-Som-Llavors.jpg","width":1444,"height":1323,"caption":"Som Llavors"}]},"og_availability":"instock","product_availability":"instock","product_retailer_item_id":"WS-BLK","product_condition":"new","geo.placename":"Vilanova i la Geltr\u00fa","geo.position":{"lat":"41.2257737","long":"1.723258859"},"geo.region":"Espa\u00f1a"},"brands":[{"id":4322,"name":"Wombat London &amp; Co","slug":"wombat-london-co"}],"_links":{"self":[{"href":"https:\/\/somllavors.com\/es\/wp-json\/wp\/v2\/product\/87739","targetHints":{"allow":["GET"]}}],"collection":[{"href":"https:\/\/somllavors.com\/es\/wp-json\/wp\/v2\/product"}],"about":[{"href":"https:\/\/somllavors.com\/es\/wp-json\/wp\/v2\/types\/product"}],"wp:featuredmedia":[{"embeddable":true,"href":"https:\/\/somllavors.com\/es\/wp-json\/wp\/v2\/media\/46508"}],"wp:attachment":[{"href":"https:\/\/somllavors.com\/es\/wp-json\/wp\/v2\/media?parent=87739"}],"wp:term":[{"taxonomy":"pwb-brand","embeddable":true,"href":"https:\/\/somllavors.com\/es\/wp-json\/wp\/v2\/pwb-brand?post=87739"},{"taxonomy":"product_brand","embeddable":true,"href":"https:\/\/somllavors.com\/es\/wp-json\/wp\/v2\/product_brand?post=87739"},{"taxonomy":"product_cat","embeddable":true,"href":"https:\/\/somllavors.com\/es\/wp-json\/wp\/v2\/product_cat?post=87739"},{"taxonomy":"product_tag","embeddable":true,"href":"https:\/\/somllavors.com\/es\/wp-json\/wp\/v2\/product_tag?post=87739"}],"curies":[{"name":"wp","href":"https:\/\/api.w.org\/{rel}","templated":true}]}}