{"id":88063,"date":"2026-02-02T18:41:46","date_gmt":"2026-02-02T17:41:46","guid":{"rendered":"https:\/\/somllavors.com\/?post_type=product&#038;p=88063"},"modified":"2026-02-02T18:44:35","modified_gmt":"2026-02-02T17:44:35","slug":"mente-vacuna-piensa-como-el-rebano","status":"publish","type":"product","link":"https:\/\/somllavors.com\/es\/producte\/mente-vacuna-piensa-como-el-rebano","title":{"rendered":"Mente vacuna \u00a1Piensa como el reba\u00f1o!"},"content":{"rendered":"<p data-start=\"424\" data-end=\"737\">A cada ronda, es llegeix una pregunta i tothom escriu la seva resposta en secret. Si coincideixes amb la resposta m\u00e9s repetida, guanyes una fitxa de vaca. Per\u00f2 si la teva resposta \u00e9s diferent\u2026 et tocar\u00e0 la temuda <strong data-start=\"637\" data-end=\"650\">vaca rosa<\/strong>! El primer jugador o jugadora que aconsegueixi <strong data-start=\"698\" data-end=\"718\">8 fitxes de vaca<\/strong> guanya la partida.<\/p>\n<p data-start=\"739\" data-end=\"854\">Un joc r\u00e0pid, f\u00e0cil d\u2019explicar i perfecte per generar rialles, fomentar la participaci\u00f3 i crear moments compartits.<\/p>\n<p data-start=\"856\" data-end=\"877\"><strong data-start=\"856\" data-end=\"877\">Caracter\u00edstiques:<\/strong><\/p>\n<ul data-start=\"878\" data-end=\"1076\">\n<li data-start=\"878\" data-end=\"918\">\n<p data-start=\"880\" data-end=\"918\">Edat recomanada: a partir de 10 anys<\/p>\n<\/li>\n<li data-start=\"919\" data-end=\"952\">\n<p data-start=\"921\" data-end=\"952\">Nombre de jugadors: de 4 a 20<\/p>\n<\/li>\n<li data-start=\"953\" data-end=\"1002\">\n<p data-start=\"955\" data-end=\"1002\">Durada aproximada de la partida: 15\u201320 minuts<\/p>\n<\/li>\n<li data-start=\"1003\" data-end=\"1055\">\n<p data-start=\"1005\" data-end=\"1055\">Tipus de joc: Party game \/ preguntes i respostes<\/p>\n<\/li>\n<li data-start=\"1056\" data-end=\"1076\">\n<p data-start=\"1058\" data-end=\"1076\">Idioma: castell\u00e0<\/p>\n<\/li>\n<\/ul>\n<p data-start=\"1078\" data-end=\"1104\"><strong data-start=\"1078\" data-end=\"1104\">Contingut de la capsa:<\/strong><\/p>\n<ul data-start=\"1105\" data-end=\"1211\">\n<li data-start=\"1105\" data-end=\"1131\">\n<p data-start=\"1107\" data-end=\"1131\">80 cartes de preguntes<\/p>\n<\/li>\n<li data-start=\"1132\" data-end=\"1153\">\n<p data-start=\"1134\" data-end=\"1153\">60 fitxes de vaca<\/p>\n<\/li>\n<li data-start=\"1154\" data-end=\"1178\">\n<p data-start=\"1156\" data-end=\"1178\">2 blocs de respostes<\/p>\n<\/li>\n<li data-start=\"1179\" data-end=\"1194\">\n<p data-start=\"1181\" data-end=\"1194\">1 vaca rosa<\/p>\n<\/li>\n<li data-start=\"1195\" data-end=\"1211\">\n<p data-start=\"1197\" data-end=\"1211\">Instruccions<\/p>\n<\/li>\n<\/ul>\n<p data-start=\"1213\" data-end=\"1349\">Un joc ideal per a fam\u00edlies, amistats i grups que vulguin passar una estona divertida pensant, rient i intentant no sortir del ramat.<\/p>\n<div class=\"ast-oembed-container \" style=\"height: 100%;\"><iframe loading=\"lazy\" title=\"C\u00f3mo jugar a Mente Vacuna\" width=\"500\" height=\"281\" src=\"https:\/\/www.youtube.com\/embed\/sPsxNkJLhoA?feature=oembed\" frameborder=\"0\" allow=\"accelerometer; autoplay; clipboard-write; encrypted-media; gyroscope; picture-in-picture; web-share\" referrerpolicy=\"strict-origin-when-cross-origin\" allowfullscreen><\/iframe><\/div>\n","protected":false},"excerpt":{"rendered":"<div class=\"et_pb_module et_pb_text et_pb_text_3 et_pb_text_align_left et_pb_bg_layout_light et_had_animation\">\n<div class=\"et_pb_text_inner\">\n<p data-start=\"133\" data-end=\"422\"><strong data-start=\"133\" data-end=\"149\">Mente Vacuna<\/strong> \u00e9s un divertit joc de cartes tipus <em data-start=\"185\" data-end=\"197\">party game<\/em> on l\u2019objectiu no \u00e9s encertar la resposta correcta, sin\u00f3 <strong data-start=\"254\" data-end=\"285\">pensar com pensa la majoria<\/strong>. Ideal per a riures, trobades familiars i grups grans, posa a prova la intu\u00efci\u00f3 i la capacitat de connectar amb el pensament col\u00b7lectiu.<\/p>\n<\/div>\n<\/div>\n","protected":false},"featured_media":0,"template":"","meta":{"_acf_changed":false,"site-sidebar-layout":"default","site-content-layout":"","ast-site-content-layout":"default","site-content-style":"default","site-sidebar-style":"default","ast-global-header-display":"","ast-banner-title-visibility":"","ast-main-header-display":"","ast-hfb-above-header-display":"","ast-hfb-below-header-display":"","ast-hfb-mobile-header-display":"","site-post-title":"","ast-breadcrumbs-content":"","ast-featured-img":"","footer-sml-layout":"","theme-transparent-header-meta":"default","adv-header-id-meta":"","stick-header-meta":"","header-above-stick-meta":"","header-main-stick-meta":"","header-below-stick-meta":"","astra-migrate-meta-layouts":"set","ast-page-background-enabled":"default","ast-page-background-meta":{"desktop":{"background-color":"","background-image":"","background-repeat":"repeat","background-position":"center center","background-size":"auto","background-attachment":"scroll","background-type":"","background-media":"","overlay-type":"","overlay-color":"","overlay-opacity":"","overlay-gradient":""},"tablet":{"background-color":"","background-image":"","background-repeat":"repeat","background-position":"center center","background-size":"auto","background-attachment":"scroll","background-type":"","background-media":"","overlay-type":"","overlay-color":"","overlay-opacity":"","overlay-gradient":""},"mobile":{"background-color":"","background-image":"","background-repeat":"repeat","background-position":"center center","background-size":"auto","background-attachment":"scroll","background-type":"","background-media":"","overlay-type":"","overlay-color":"","overlay-opacity":"","overlay-gradient":""}},"ast-content-background-meta":{"desktop":{"background-color":"var(--ast-global-color-5)","background-image":"","background-repeat":"repeat","background-position":"center center","background-size":"auto","background-attachment":"scroll","background-type":"","background-media":"","overlay-type":"","overlay-color":"","overlay-opacity":"","overlay-gradient":""},"tablet":{"background-color":"var(--ast-global-color-5)","background-image":"","background-repeat":"repeat","background-position":"center center","background-size":"auto","background-attachment":"scroll","background-type":"","background-media":"","overlay-type":"","overlay-color":"","overlay-opacity":"","overlay-gradient":""},"mobile":{"background-color":"var(--ast-global-color-5)","background-image":"","background-repeat":"repeat","background-position":"center center","background-size":"auto","background-attachment":"scroll","background-type":"","background-media":"","overlay-type":"","overlay-color":"","overlay-opacity":"","overlay-gradient":""}}},"pwb-brand":[],"product_brand":[],"product_cat":[16],"product_tag":[],"class_list":{"0":"post-88063","1":"product","2":"type-product","3":"status-publish","5":"product_cat-sin-categorizar","6":"desktop-align-left","7":"tablet-align-left","8":"mobile-align-left","10":"first","11":"instock","12":"taxable","13":"shipping-taxable","14":"purchasable","15":"product-type-simple"},"acf":[],"yoast_head":"<!-- This site is optimized with the Yoast SEO Premium plugin v18.3 (Yoast SEO v27.4) - https:\/\/yoast.com\/product\/yoast-seo-premium-wordpress\/ -->\n<title>Mente vacuna \u00a1Piensa como el reba\u00f1o! &#8212; Som Llavors<\/title>\n<meta name=\"description\" content=\"Mente Vacuna \u00e9s un divertit joc de cartes tipus party game on l\u2019objectiu no \u00e9s encertar la resposta correcta, sin\u00f3 pensar com pensa la majoria. Ideal per a riures, trobades familiars i grups grans, posa a prova la intu\u00efci\u00f3 i la capacitat de connectar amb el pensament col\u00b7lectiu.\" \/>\n<meta name=\"robots\" content=\"index, follow, max-snippet:-1, max-image-preview:large, max-video-preview:-1\" \/>\n<link rel=\"canonical\" href=\"https:\/\/somllavors.com\/es\/producte\/mente-vacuna-piensa-como-el-rebano\" \/>\n<meta property=\"og:locale\" content=\"es_ES\" \/>\n<meta property=\"og:type\" content=\"article\" \/>\n<meta property=\"og:title\" content=\"Mente vacuna \u00a1Piensa como el reba\u00f1o!\" \/>\n<meta property=\"og:description\" content=\"La teva botiga d\u2019ecocrian\u00e7a i espai d\u2019acompanyament a la maternitat\" \/>\n<meta property=\"og:url\" content=\"https:\/\/somllavors.com\/es\/producte\/mente-vacuna-piensa-como-el-rebano\" \/>\n<meta property=\"og:site_name\" content=\"Som Llavors\" \/>\n<meta property=\"article:publisher\" content=\"https:\/\/www.facebook.com\/somllavorsvng\/?locale=ca_ES\" \/>\n<meta property=\"article:modified_time\" content=\"2026-02-02T17:44:35+00:00\" \/>\n<meta property=\"og:image\" content=\"https:\/\/somllavors.com\/wp-content\/uploads\/Logotip-Som-Llavors.jpg\" \/>\n\t<meta property=\"og:image:width\" content=\"1444\" \/>\n\t<meta property=\"og:image:height\" content=\"1323\" \/>\n\t<meta property=\"og:image:type\" content=\"image\/jpeg\" \/>\n<meta name=\"twitter:card\" content=\"summary_large_image\" \/>\n<meta name=\"twitter:label1\" content=\"Precio\" \/>\n\t<meta name=\"twitter:data1\" content=\"20,95&euro; Iva incl\u00f2s\" \/>\n\t<meta name=\"twitter:label2\" content=\"Availability\" \/>\n\t<meta name=\"twitter:data2\" content=\"Hay existencias\" \/>\n<script type=\"application\/ld+json\" class=\"yoast-schema-graph\">{\"@context\":\"https:\\\/\\\/schema.org\",\"@graph\":[{\"@type\":\"WebPage\",\"@id\":\"https:\\\/\\\/somllavors.com\\\/es\\\/producte\\\/mente-vacuna-piensa-como-el-rebano\",\"url\":\"https:\\\/\\\/somllavors.com\\\/es\\\/producte\\\/mente-vacuna-piensa-como-el-rebano\",\"name\":\"Mente vacuna \u00a1Piensa como el reba\u00f1o! &#8212; Som Llavors\",\"isPartOf\":{\"@id\":\"https:\\\/\\\/somllavors.com\\\/es#website\"},\"datePublished\":\"2026-02-02T17:41:46+00:00\",\"dateModified\":\"2026-02-02T17:44:35+00:00\",\"description\":\"Mente Vacuna \u00e9s un divertit joc de cartes tipus party game on l\u2019objectiu no \u00e9s encertar la resposta correcta, sin\u00f3 pensar com pensa la majoria. Ideal per a riures, trobades familiars i grups grans, posa a prova la intu\u00efci\u00f3 i la capacitat de connectar amb el pensament col\u00b7lectiu.\",\"breadcrumb\":{\"@id\":\"https:\\\/\\\/somllavors.com\\\/es\\\/producte\\\/mente-vacuna-piensa-como-el-rebano#breadcrumb\"},\"inLanguage\":\"es\",\"potentialAction\":[{\"@type\":\"ReadAction\",\"target\":[\"https:\\\/\\\/somllavors.com\\\/es\\\/producte\\\/mente-vacuna-piensa-como-el-rebano\"]}]},{\"@type\":\"BreadcrumbList\",\"@id\":\"https:\\\/\\\/somllavors.com\\\/es\\\/producte\\\/mente-vacuna-piensa-como-el-rebano#breadcrumb\",\"itemListElement\":[{\"@type\":\"ListItem\",\"position\":1,\"name\":\"Inici\",\"item\":\"https:\\\/\\\/somllavors.com\\\/es\"},{\"@type\":\"ListItem\",\"position\":2,\"name\":\"Tienda\",\"item\":\"https:\\\/\\\/somllavors.com\\\/es\\\/botiga-2\"},{\"@type\":\"ListItem\",\"position\":3,\"name\":\"Mente vacuna \u00a1Piensa como el reba\u00f1o!\"}]},{\"@type\":\"WebSite\",\"@id\":\"https:\\\/\\\/somllavors.com\\\/es#website\",\"url\":\"https:\\\/\\\/somllavors.com\\\/es\",\"name\":\"Som Llavors\",\"description\":\"Botiga de crian\u00e7a natural\",\"publisher\":{\"@id\":\"https:\\\/\\\/somllavors.com\\\/es#organization\"},\"alternateName\":\"Crian\u00e7a Natural i Sostenible\",\"potentialAction\":[{\"@type\":\"SearchAction\",\"target\":{\"@type\":\"EntryPoint\",\"urlTemplate\":\"https:\\\/\\\/somllavors.com\\\/es?s={search_term_string}\"},\"query-input\":{\"@type\":\"PropertyValueSpecification\",\"valueRequired\":true,\"valueName\":\"search_term_string\"}}],\"inLanguage\":\"es\"},{\"@type\":[\"Organization\",\"Place\",\"Store\"],\"@id\":\"https:\\\/\\\/somllavors.com\\\/es#organization\",\"name\":\"Som Llavors\",\"alternateName\":\"Crian\u00e7a Natural i Sostenible\",\"url\":\"https:\\\/\\\/somllavors.com\\\/es\",\"logo\":{\"@id\":\"https:\\\/\\\/somllavors.com\\\/es\\\/producte\\\/mente-vacuna-piensa-como-el-rebano#local-main-organization-logo\"},\"image\":{\"@id\":\"https:\\\/\\\/somllavors.com\\\/es\\\/producte\\\/mente-vacuna-piensa-como-el-rebano#local-main-organization-logo\"},\"sameAs\":[\"https:\\\/\\\/www.facebook.com\\\/somllavorsvng\\\/?locale=ca_ES\",\"https:\\\/\\\/www.instagram.com\\\/somllavors_vng\\\/\",\"https:\\\/\\\/www.youtube.com\\\/@somllavors\"],\"address\":{\"@id\":\"https:\\\/\\\/somllavors.com\\\/es\\\/producte\\\/mente-vacuna-piensa-como-el-rebano#local-main-place-address\"},\"geo\":{\"@type\":\"GeoCoordinates\",\"latitude\":\"41.2257737\",\"longitude\":\"1.723258859\"},\"telephone\":[\"623152704\"],\"openingHoursSpecification\":[{\"@type\":\"OpeningHoursSpecification\",\"dayOfWeek\":[\"Monday\",\"Sunday\"],\"opens\":\"00:00\",\"closes\":\"00:00\"},{\"@type\":\"OpeningHoursSpecification\",\"dayOfWeek\":[\"Tuesday\",\"Wednesday\",\"Thursday\",\"Friday\"],\"opens\":\"10:00\",\"closes\":\"20:00\"},{\"@type\":\"OpeningHoursSpecification\",\"dayOfWeek\":[\"Saturday\"],\"opens\":\"10:00\",\"closes\":\"13:30\"}],\"email\":\"info@somllavors.com\"},{\"@type\":\"PostalAddress\",\"@id\":\"https:\\\/\\\/somllavors.com\\\/es\\\/producte\\\/mente-vacuna-piensa-como-el-rebano#local-main-place-address\",\"streetAddress\":\"Carrer de l'aigua, 6\",\"addressLocality\":\"Vilanova i la Geltr\u00fa\",\"postalCode\":\"08800\",\"addressRegion\":\"Barcelona\",\"addressCountry\":\"ES\"},{\"@type\":\"ImageObject\",\"inLanguage\":\"es\",\"@id\":\"https:\\\/\\\/somllavors.com\\\/es\\\/producte\\\/mente-vacuna-piensa-como-el-rebano#local-main-organization-logo\",\"url\":\"https:\\\/\\\/somllavors.com\\\/wp-content\\\/uploads\\\/Logotip-Som-Llavors.jpg\",\"contentUrl\":\"https:\\\/\\\/somllavors.com\\\/wp-content\\\/uploads\\\/Logotip-Som-Llavors.jpg\",\"width\":1444,\"height\":1323,\"caption\":\"Som Llavors\"}]}<\/script>\n<meta property=\"product:price:amount\" content=\"20.95\" \/>\n<meta property=\"product:price:currency\" content=\"EUR\" \/>\n<meta property=\"og:availability\" content=\"instock\" \/>\n<meta property=\"product:availability\" content=\"instock\" \/>\n<meta property=\"product:retailer_item_id\" content=\"8437020827249\" \/>\n<meta property=\"product:condition\" content=\"new\" \/>\n<meta name=\"geo.placename\" content=\"Vilanova i la Geltr\u00fa\" \/>\n<meta name=\"geo.position\" content=\"41.2257737;1.723258859\" \/>\n<meta name=\"geo.region\" content=\"Espa\u00f1a\" \/>\n<!-- \/ Yoast SEO Premium plugin. -->","yoast_head_json":{"title":"Mente vacuna \u00a1Piensa como el reba\u00f1o! &#8212; Som Llavors","description":"Mente Vacuna \u00e9s un divertit joc de cartes tipus party game on l\u2019objectiu no \u00e9s encertar la resposta correcta, sin\u00f3 pensar com pensa la majoria. Ideal per a riures, trobades familiars i grups grans, posa a prova la intu\u00efci\u00f3 i la capacitat de connectar amb el pensament col\u00b7lectiu.","robots":{"index":"index","follow":"follow","max-snippet":"max-snippet:-1","max-image-preview":"max-image-preview:large","max-video-preview":"max-video-preview:-1"},"canonical":"https:\/\/somllavors.com\/es\/producte\/mente-vacuna-piensa-como-el-rebano","og_locale":"es_ES","og_type":"article","og_title":"Mente vacuna \u00a1Piensa como el reba\u00f1o!","og_description":"La teva botiga d\u2019ecocrian\u00e7a i espai d\u2019acompanyament a la maternitat","og_url":"https:\/\/somllavors.com\/es\/producte\/mente-vacuna-piensa-como-el-rebano","og_site_name":"Som Llavors","article_publisher":"https:\/\/www.facebook.com\/somllavorsvng\/?locale=ca_ES","article_modified_time":"2026-02-02T17:44:35+00:00","og_image":[{"width":1444,"height":1323,"url":"https:\/\/somllavors.com\/wp-content\/uploads\/Logotip-Som-Llavors.jpg","type":"image\/jpeg"}],"twitter_card":"summary_large_image","twitter_misc":{"Precio":"20,95&euro; Iva incl\u00f2s","Availability":"Hay existencias"},"schema":{"@context":"https:\/\/schema.org","@graph":[{"@type":"WebPage","@id":"https:\/\/somllavors.com\/es\/producte\/mente-vacuna-piensa-como-el-rebano","url":"https:\/\/somllavors.com\/es\/producte\/mente-vacuna-piensa-como-el-rebano","name":"Mente vacuna \u00a1Piensa como el reba\u00f1o! &#8212; Som Llavors","isPartOf":{"@id":"https:\/\/somllavors.com\/es#website"},"datePublished":"2026-02-02T17:41:46+00:00","dateModified":"2026-02-02T17:44:35+00:00","description":"Mente Vacuna \u00e9s un divertit joc de cartes tipus party game on l\u2019objectiu no \u00e9s encertar la resposta correcta, sin\u00f3 pensar com pensa la majoria. Ideal per a riures, trobades familiars i grups grans, posa a prova la intu\u00efci\u00f3 i la capacitat de connectar amb el pensament col\u00b7lectiu.","breadcrumb":{"@id":"https:\/\/somllavors.com\/es\/producte\/mente-vacuna-piensa-como-el-rebano#breadcrumb"},"inLanguage":"es","potentialAction":[{"@type":"ReadAction","target":["https:\/\/somllavors.com\/es\/producte\/mente-vacuna-piensa-como-el-rebano"]}]},{"@type":"BreadcrumbList","@id":"https:\/\/somllavors.com\/es\/producte\/mente-vacuna-piensa-como-el-rebano#breadcrumb","itemListElement":[{"@type":"ListItem","position":1,"name":"Inici","item":"https:\/\/somllavors.com\/es"},{"@type":"ListItem","position":2,"name":"Tienda","item":"https:\/\/somllavors.com\/es\/botiga-2"},{"@type":"ListItem","position":3,"name":"Mente vacuna \u00a1Piensa como el reba\u00f1o!"}]},{"@type":"WebSite","@id":"https:\/\/somllavors.com\/es#website","url":"https:\/\/somllavors.com\/es","name":"Som Llavors","description":"Botiga de crian\u00e7a natural","publisher":{"@id":"https:\/\/somllavors.com\/es#organization"},"alternateName":"Crian\u00e7a Natural i Sostenible","potentialAction":[{"@type":"SearchAction","target":{"@type":"EntryPoint","urlTemplate":"https:\/\/somllavors.com\/es?s={search_term_string}"},"query-input":{"@type":"PropertyValueSpecification","valueRequired":true,"valueName":"search_term_string"}}],"inLanguage":"es"},{"@type":["Organization","Place","Store"],"@id":"https:\/\/somllavors.com\/es#organization","name":"Som Llavors","alternateName":"Crian\u00e7a Natural i Sostenible","url":"https:\/\/somllavors.com\/es","logo":{"@id":"https:\/\/somllavors.com\/es\/producte\/mente-vacuna-piensa-como-el-rebano#local-main-organization-logo"},"image":{"@id":"https:\/\/somllavors.com\/es\/producte\/mente-vacuna-piensa-como-el-rebano#local-main-organization-logo"},"sameAs":["https:\/\/www.facebook.com\/somllavorsvng\/?locale=ca_ES","https:\/\/www.instagram.com\/somllavors_vng\/","https:\/\/www.youtube.com\/@somllavors"],"address":{"@id":"https:\/\/somllavors.com\/es\/producte\/mente-vacuna-piensa-como-el-rebano#local-main-place-address"},"geo":{"@type":"GeoCoordinates","latitude":"41.2257737","longitude":"1.723258859"},"telephone":["623152704","623152704"],"openingHoursSpecification":[{"@type":"OpeningHoursSpecification","dayOfWeek":["Monday","Sunday"],"opens":"00:00","closes":"00:00"},{"@type":"OpeningHoursSpecification","dayOfWeek":["Tuesday","Wednesday","Thursday","Friday"],"opens":"10:00","closes":"20:00"},{"@type":"OpeningHoursSpecification","dayOfWeek":["Saturday"],"opens":"10:00","closes":"13:30"}],"email":"info@somllavors.com"},{"@type":"PostalAddress","@id":"https:\/\/somllavors.com\/es\/producte\/mente-vacuna-piensa-como-el-rebano#local-main-place-address","streetAddress":"Carrer de l'aigua, 6","addressLocality":"Vilanova i la Geltr\u00fa","postalCode":"08800","addressRegion":"Barcelona","addressCountry":"ES"},{"@type":"ImageObject","inLanguage":"es","@id":"https:\/\/somllavors.com\/es\/producte\/mente-vacuna-piensa-como-el-rebano#local-main-organization-logo","url":"https:\/\/somllavors.com\/wp-content\/uploads\/Logotip-Som-Llavors.jpg","contentUrl":"https:\/\/somllavors.com\/wp-content\/uploads\/Logotip-Som-Llavors.jpg","width":1444,"height":1323,"caption":"Som Llavors"}]},"product_price_amount":"20.95","product_price_currency":"EUR","og_availability":"instock","product_availability":"instock","product_retailer_item_id":"8437020827249","product_condition":"new","geo.placename":"Vilanova i la Geltr\u00fa","geo.position":{"lat":"41.2257737","long":"1.723258859"},"geo.region":"Espa\u00f1a"},"brands":[],"_links":{"self":[{"href":"https:\/\/somllavors.com\/es\/wp-json\/wp\/v2\/product\/88063","targetHints":{"allow":["GET"]}}],"collection":[{"href":"https:\/\/somllavors.com\/es\/wp-json\/wp\/v2\/product"}],"about":[{"href":"https:\/\/somllavors.com\/es\/wp-json\/wp\/v2\/types\/product"}],"wp:attachment":[{"href":"https:\/\/somllavors.com\/es\/wp-json\/wp\/v2\/media?parent=88063"}],"wp:term":[{"taxonomy":"pwb-brand","embeddable":true,"href":"https:\/\/somllavors.com\/es\/wp-json\/wp\/v2\/pwb-brand?post=88063"},{"taxonomy":"product_brand","embeddable":true,"href":"https:\/\/somllavors.com\/es\/wp-json\/wp\/v2\/product_brand?post=88063"},{"taxonomy":"product_cat","embeddable":true,"href":"https:\/\/somllavors.com\/es\/wp-json\/wp\/v2\/product_cat?post=88063"},{"taxonomy":"product_tag","embeddable":true,"href":"https:\/\/somllavors.com\/es\/wp-json\/wp\/v2\/product_tag?post=88063"}],"curies":[{"name":"wp","href":"https:\/\/api.w.org\/{rel}","templated":true}]}}