{"id":88129,"date":"2025-12-24T15:32:59","date_gmt":"2025-12-24T14:32:59","guid":{"rendered":"https:\/\/somllavors.com\/producte\/esmalte-de-unas-en-el-agua-peach-namaki"},"modified":"2026-02-03T15:30:25","modified_gmt":"2026-02-03T14:30:25","slug":"esmalte-de-unas-en-el-agua-peach-namaki","status":"publish","type":"product","link":"https:\/\/somllavors.com\/es\/producte\/esmalte-de-unas-en-el-agua-peach-namaki","title":{"rendered":"Esmalte de u\u00f1as en el agua Peach &#8211; Namaki"},"content":{"rendered":"<ul>\n<li>Esmalte de u\u00f1as a base de agua dise\u00f1ado, especialmente para ni\u00f1os.<\/li>\n<li>F\u00e1cil de usar, se seca r\u00e1pidamente y se puede quitar sin disolvente como un adhesivo.<\/li>\n<li>Modo de empleo: Agitar el frasco antes de abrir. Aplique el esmalte y deje que se seque durante un minuto o dos.<br \/>\nNamaki es una marca que naci\u00f3 con la idea de crear un maquillaje que respete la piel de las criaturas y el medio ambiente, dermatol\u00f3gicamente probados y no testados en animales. <\/li>\n<li>Composici\u00f3n: agua, copol\u00edmero de acrilatos, \u00e9ter met\u00edlico de PPG-2, cocoato de glicerilo PEG-7, glutarato de siisob\u00fatil, fluorflogopita, sint\u00e9tica, disiloxano, copol\u00edmero de PEG-150, \u00f3xido de esta\u00f1o, hectorita,2 adipo mica, copol\u00edmero de estireno, tocoferol, CE 77492, CE 77499, CE 77891<\/li>\n<li>El esmalte puede conservarse durante 12 meses despu\u00e9s de abrir<\/li>\n<li>Para ser usado por un adulto<\/li>\n<li>Sin parabenos, sin formaldeh\u00eddo, sin ftalatos, sin tolueno, sin alcanfor y sin nanopart\u00edculas<\/li>\n<li>Hecho en Francia<\/li>\n<li>Se recomienda utilizar bajo la supervisi\u00f3n de un adulto<\/li>\n<li>Este producto incluye marcado CE de conformidad con la legislaci\u00f3n de la Uni\u00f3n Europea<\/li>\n<\/ul>\n","protected":false},"excerpt":{"rendered":"<p>Esmalte de u\u00f1as a base de agua dise\u00f1ado, especialmente para ni\u00f1os.<\/p>\n<ul>\n<li>F\u00e1cil de usar, se seca r\u00e1pidamente y se puede quitar sin disolvente como un adhesivo.<\/li>\n<\/ul>\n","protected":false},"featured_media":87085,"template":"","meta":{"_acf_changed":false,"site-sidebar-layout":"default","site-content-layout":"","ast-site-content-layout":"default","site-content-style":"default","site-sidebar-style":"default","ast-global-header-display":"","ast-banner-title-visibility":"","ast-main-header-display":"","ast-hfb-above-header-display":"","ast-hfb-below-header-display":"","ast-hfb-mobile-header-display":"","site-post-title":"","ast-breadcrumbs-content":"","ast-featured-img":"","footer-sml-layout":"","theme-transparent-header-meta":"default","adv-header-id-meta":"","stick-header-meta":"","header-above-stick-meta":"","header-main-stick-meta":"","header-below-stick-meta":"","astra-migrate-meta-layouts":"default","ast-page-background-enabled":"default","ast-page-background-meta":{"desktop":{"background-color":"","background-image":"","background-repeat":"repeat","background-position":"center center","background-size":"auto","background-attachment":"scroll","background-type":"","background-media":"","overlay-type":"","overlay-color":"","overlay-opacity":"","overlay-gradient":""},"tablet":{"background-color":"","background-image":"","background-repeat":"repeat","background-position":"center center","background-size":"auto","background-attachment":"scroll","background-type":"","background-media":"","overlay-type":"","overlay-color":"","overlay-opacity":"","overlay-gradient":""},"mobile":{"background-color":"","background-image":"","background-repeat":"repeat","background-position":"center center","background-size":"auto","background-attachment":"scroll","background-type":"","background-media":"","overlay-type":"","overlay-color":"","overlay-opacity":"","overlay-gradient":""}},"ast-content-background-meta":{"desktop":{"background-color":"var(--ast-global-color-5)","background-image":"","background-repeat":"repeat","background-position":"center center","background-size":"auto","background-attachment":"scroll","background-type":"","background-media":"","overlay-type":"","overlay-color":"","overlay-opacity":"","overlay-gradient":""},"tablet":{"background-color":"var(--ast-global-color-5)","background-image":"","background-repeat":"repeat","background-position":"center center","background-size":"auto","background-attachment":"scroll","background-type":"","background-media":"","overlay-type":"","overlay-color":"","overlay-opacity":"","overlay-gradient":""},"mobile":{"background-color":"var(--ast-global-color-5)","background-image":"","background-repeat":"repeat","background-position":"center center","background-size":"auto","background-attachment":"scroll","background-type":"","background-media":"","overlay-type":"","overlay-color":"","overlay-opacity":"","overlay-gradient":""}}},"pwb-brand":[4599],"product_brand":[],"product_cat":[3373,3376,3377,3382,4618],"product_tag":[5993,5168,2092],"class_list":{"0":"post-88129","1":"product","2":"type-product","3":"status-publish","4":"has-post-thumbnail","6":"pwb-brand-namaki","7":"product_cat-3-anos","8":"product_cat-4-anos","9":"product_cat-6-anos","10":"product_cat-8-anos","11":"product_cat-maquillaje-natural","12":"product_tag-esmalte-unas-2","13":"product_tag-esmalte-unas","14":"product_tag-namaki-es","15":"desktop-align-left","16":"tablet-align-left","17":"mobile-align-left","19":"first","20":"instock","21":"taxable","22":"shipping-taxable","23":"purchasable","24":"product-type-simple"},"acf":[],"yoast_head":"<!-- This site is optimized with the Yoast SEO Premium plugin v18.3 (Yoast SEO v27.4) - https:\/\/yoast.com\/product\/yoast-seo-premium-wordpress\/ -->\n<title>Esmalte de u\u00f1as en el agua Peach - Namaki &#8212; Som Llavors<\/title>\n<meta name=\"description\" content=\"Esmalte de u\u00f1as a base de agua dise\u00f1ado, especialmente para ni\u00f1os.  F\u00e1cil de usar, se seca r\u00e1pidamente y se puede quitar sin disolvente como un adhesivo.\" \/>\n<meta name=\"robots\" content=\"index, follow, max-snippet:-1, max-image-preview:large, max-video-preview:-1\" \/>\n<link rel=\"canonical\" href=\"https:\/\/somllavors.com\/es\/producte\/esmalte-de-unas-en-el-agua-peach-namaki\" \/>\n<meta property=\"og:locale\" content=\"es_ES\" \/>\n<meta property=\"og:type\" content=\"article\" \/>\n<meta property=\"og:title\" content=\"Esmalte de u\u00f1as en el agua Peach - Namaki\" \/>\n<meta property=\"og:description\" content=\"La teva botiga d\u2019ecocrian\u00e7a i espai d\u2019acompanyament a la maternitat\" \/>\n<meta property=\"og:url\" content=\"https:\/\/somllavors.com\/es\/producte\/esmalte-de-unas-en-el-agua-peach-namaki\" \/>\n<meta property=\"og:site_name\" content=\"Som Llavors\" \/>\n<meta property=\"article:publisher\" content=\"https:\/\/www.facebook.com\/somllavorsvng\/?locale=ca_ES\" \/>\n<meta property=\"article:modified_time\" content=\"2026-02-03T14:30:25+00:00\" \/>\n<meta property=\"og:image\" content=\"https:\/\/somllavors.com\/wp-content\/uploads\/2025\/12\/Som-Llavors-esmalte-de-unas-al-agua-peach.jpg\" \/>\n\t<meta property=\"og:image:width\" content=\"1080\" \/>\n\t<meta property=\"og:image:height\" content=\"1080\" \/>\n\t<meta property=\"og:image:type\" content=\"image\/jpeg\" \/>\n<meta name=\"twitter:card\" content=\"summary_large_image\" \/>\n<meta name=\"twitter:label1\" content=\"Precio\" \/>\n\t<meta name=\"twitter:data1\" content=\"6,50&euro; Iva incl\u00f2s\" \/>\n\t<meta name=\"twitter:label2\" content=\"Availability\" \/>\n\t<meta name=\"twitter:data2\" content=\"Hay existencias\" \/>\n<script type=\"application\/ld+json\" class=\"yoast-schema-graph\">{\"@context\":\"https:\\\/\\\/schema.org\",\"@graph\":[{\"@type\":\"WebPage\",\"@id\":\"https:\\\/\\\/somllavors.com\\\/es\\\/producte\\\/esmalte-de-unas-en-el-agua-peach-namaki\",\"url\":\"https:\\\/\\\/somllavors.com\\\/es\\\/producte\\\/esmalte-de-unas-en-el-agua-peach-namaki\",\"name\":\"Esmalte de u\u00f1as en el agua Peach - Namaki &#8212; Som Llavors\",\"isPartOf\":{\"@id\":\"https:\\\/\\\/somllavors.com\\\/es#website\"},\"primaryImageOfPage\":{\"@id\":\"https:\\\/\\\/somllavors.com\\\/es\\\/producte\\\/esmalte-de-unas-en-el-agua-peach-namaki#primaryimage\"},\"image\":{\"@id\":\"https:\\\/\\\/somllavors.com\\\/es\\\/producte\\\/esmalte-de-unas-en-el-agua-peach-namaki#primaryimage\"},\"thumbnailUrl\":\"https:\\\/\\\/somllavors.com\\\/wp-content\\\/uploads\\\/2025\\\/12\\\/Som-Llavors-esmalte-de-unas-al-agua-peach.jpg\",\"datePublished\":\"2025-12-24T14:32:59+00:00\",\"dateModified\":\"2026-02-03T14:30:25+00:00\",\"description\":\"Esmalte de u\u00f1as a base de agua dise\u00f1ado, especialmente para ni\u00f1os. F\u00e1cil de usar, se seca r\u00e1pidamente y se puede quitar sin disolvente como un adhesivo.\",\"breadcrumb\":{\"@id\":\"https:\\\/\\\/somllavors.com\\\/es\\\/producte\\\/esmalte-de-unas-en-el-agua-peach-namaki#breadcrumb\"},\"inLanguage\":\"es\",\"potentialAction\":[{\"@type\":\"ReadAction\",\"target\":[\"https:\\\/\\\/somllavors.com\\\/es\\\/producte\\\/esmalte-de-unas-en-el-agua-peach-namaki\"]}]},{\"@type\":\"ImageObject\",\"inLanguage\":\"es\",\"@id\":\"https:\\\/\\\/somllavors.com\\\/es\\\/producte\\\/esmalte-de-unas-en-el-agua-peach-namaki#primaryimage\",\"url\":\"https:\\\/\\\/somllavors.com\\\/wp-content\\\/uploads\\\/2025\\\/12\\\/Som-Llavors-esmalte-de-unas-al-agua-peach.jpg\",\"contentUrl\":\"https:\\\/\\\/somllavors.com\\\/wp-content\\\/uploads\\\/2025\\\/12\\\/Som-Llavors-esmalte-de-unas-al-agua-peach.jpg\",\"width\":1080,\"height\":1080,\"caption\":\"esmalte u\u00f1as namaki\"},{\"@type\":\"BreadcrumbList\",\"@id\":\"https:\\\/\\\/somllavors.com\\\/es\\\/producte\\\/esmalte-de-unas-en-el-agua-peach-namaki#breadcrumb\",\"itemListElement\":[{\"@type\":\"ListItem\",\"position\":1,\"name\":\"Inici\",\"item\":\"https:\\\/\\\/somllavors.com\\\/es\"},{\"@type\":\"ListItem\",\"position\":2,\"name\":\"Tienda\",\"item\":\"https:\\\/\\\/somllavors.com\\\/es\\\/botiga-2\"},{\"@type\":\"ListItem\",\"position\":3,\"name\":\"Esmalte de u\u00f1as en el agua Peach &#8211; Namaki\"}]},{\"@type\":\"WebSite\",\"@id\":\"https:\\\/\\\/somllavors.com\\\/es#website\",\"url\":\"https:\\\/\\\/somllavors.com\\\/es\",\"name\":\"Som Llavors\",\"description\":\"Botiga de crian\u00e7a natural\",\"publisher\":{\"@id\":\"https:\\\/\\\/somllavors.com\\\/es#organization\"},\"alternateName\":\"Crian\u00e7a Natural i Sostenible\",\"potentialAction\":[{\"@type\":\"SearchAction\",\"target\":{\"@type\":\"EntryPoint\",\"urlTemplate\":\"https:\\\/\\\/somllavors.com\\\/es?s={search_term_string}\"},\"query-input\":{\"@type\":\"PropertyValueSpecification\",\"valueRequired\":true,\"valueName\":\"search_term_string\"}}],\"inLanguage\":\"es\"},{\"@type\":[\"Organization\",\"Place\",\"Store\"],\"@id\":\"https:\\\/\\\/somllavors.com\\\/es#organization\",\"name\":\"Som Llavors\",\"alternateName\":\"Crian\u00e7a Natural i Sostenible\",\"url\":\"https:\\\/\\\/somllavors.com\\\/es\",\"logo\":{\"@id\":\"https:\\\/\\\/somllavors.com\\\/es\\\/producte\\\/esmalte-de-unas-en-el-agua-peach-namaki#local-main-organization-logo\"},\"image\":{\"@id\":\"https:\\\/\\\/somllavors.com\\\/es\\\/producte\\\/esmalte-de-unas-en-el-agua-peach-namaki#local-main-organization-logo\"},\"sameAs\":[\"https:\\\/\\\/www.facebook.com\\\/somllavorsvng\\\/?locale=ca_ES\",\"https:\\\/\\\/www.instagram.com\\\/somllavors_vng\\\/\",\"https:\\\/\\\/www.youtube.com\\\/@somllavors\"],\"address\":{\"@id\":\"https:\\\/\\\/somllavors.com\\\/es\\\/producte\\\/esmalte-de-unas-en-el-agua-peach-namaki#local-main-place-address\"},\"geo\":{\"@type\":\"GeoCoordinates\",\"latitude\":\"41.2257737\",\"longitude\":\"1.723258859\"},\"telephone\":[\"623152704\"],\"openingHoursSpecification\":[{\"@type\":\"OpeningHoursSpecification\",\"dayOfWeek\":[\"Monday\",\"Sunday\"],\"opens\":\"00:00\",\"closes\":\"00:00\"},{\"@type\":\"OpeningHoursSpecification\",\"dayOfWeek\":[\"Tuesday\",\"Wednesday\",\"Thursday\",\"Friday\"],\"opens\":\"10:00\",\"closes\":\"20:00\"},{\"@type\":\"OpeningHoursSpecification\",\"dayOfWeek\":[\"Saturday\"],\"opens\":\"10:00\",\"closes\":\"13:30\"}],\"email\":\"info@somllavors.com\"},{\"@type\":\"PostalAddress\",\"@id\":\"https:\\\/\\\/somllavors.com\\\/es\\\/producte\\\/esmalte-de-unas-en-el-agua-peach-namaki#local-main-place-address\",\"streetAddress\":\"Carrer de l'aigua, 6\",\"addressLocality\":\"Vilanova i la Geltr\u00fa\",\"postalCode\":\"08800\",\"addressRegion\":\"Barcelona\",\"addressCountry\":\"ES\"},{\"@type\":\"ImageObject\",\"inLanguage\":\"es\",\"@id\":\"https:\\\/\\\/somllavors.com\\\/es\\\/producte\\\/esmalte-de-unas-en-el-agua-peach-namaki#local-main-organization-logo\",\"url\":\"https:\\\/\\\/somllavors.com\\\/wp-content\\\/uploads\\\/Logotip-Som-Llavors.jpg\",\"contentUrl\":\"https:\\\/\\\/somllavors.com\\\/wp-content\\\/uploads\\\/Logotip-Som-Llavors.jpg\",\"width\":1444,\"height\":1323,\"caption\":\"Som Llavors\"}]}<\/script>\n<meta property=\"product:price:amount\" content=\"6.50\" \/>\n<meta property=\"product:price:currency\" content=\"EUR\" \/>\n<meta property=\"og:availability\" content=\"instock\" \/>\n<meta property=\"product:availability\" content=\"instock\" \/>\n<meta property=\"product:retailer_item_id\" content=\"110229\" \/>\n<meta property=\"product:condition\" content=\"new\" \/>\n<meta name=\"geo.placename\" content=\"Vilanova i la Geltr\u00fa\" \/>\n<meta name=\"geo.position\" content=\"41.2257737;1.723258859\" \/>\n<meta name=\"geo.region\" content=\"Espa\u00f1a\" \/>\n<!-- \/ Yoast SEO Premium plugin. -->","yoast_head_json":{"title":"Esmalte de u\u00f1as en el agua Peach - Namaki &#8212; Som Llavors","description":"Esmalte de u\u00f1as a base de agua dise\u00f1ado, especialmente para ni\u00f1os.  F\u00e1cil de usar, se seca r\u00e1pidamente y se puede quitar sin disolvente como un adhesivo.","robots":{"index":"index","follow":"follow","max-snippet":"max-snippet:-1","max-image-preview":"max-image-preview:large","max-video-preview":"max-video-preview:-1"},"canonical":"https:\/\/somllavors.com\/es\/producte\/esmalte-de-unas-en-el-agua-peach-namaki","og_locale":"es_ES","og_type":"article","og_title":"Esmalte de u\u00f1as en el agua Peach - Namaki","og_description":"La teva botiga d\u2019ecocrian\u00e7a i espai d\u2019acompanyament a la maternitat","og_url":"https:\/\/somllavors.com\/es\/producte\/esmalte-de-unas-en-el-agua-peach-namaki","og_site_name":"Som Llavors","article_publisher":"https:\/\/www.facebook.com\/somllavorsvng\/?locale=ca_ES","article_modified_time":"2026-02-03T14:30:25+00:00","og_image":[{"width":1080,"height":1080,"url":"https:\/\/somllavors.com\/wp-content\/uploads\/2025\/12\/Som-Llavors-esmalte-de-unas-al-agua-peach.jpg","type":"image\/jpeg"}],"twitter_card":"summary_large_image","twitter_misc":{"Precio":"6,50&euro; Iva incl\u00f2s","Availability":"Hay existencias"},"schema":{"@context":"https:\/\/schema.org","@graph":[{"@type":"WebPage","@id":"https:\/\/somllavors.com\/es\/producte\/esmalte-de-unas-en-el-agua-peach-namaki","url":"https:\/\/somllavors.com\/es\/producte\/esmalte-de-unas-en-el-agua-peach-namaki","name":"Esmalte de u\u00f1as en el agua Peach - Namaki &#8212; Som Llavors","isPartOf":{"@id":"https:\/\/somllavors.com\/es#website"},"primaryImageOfPage":{"@id":"https:\/\/somllavors.com\/es\/producte\/esmalte-de-unas-en-el-agua-peach-namaki#primaryimage"},"image":{"@id":"https:\/\/somllavors.com\/es\/producte\/esmalte-de-unas-en-el-agua-peach-namaki#primaryimage"},"thumbnailUrl":"https:\/\/somllavors.com\/wp-content\/uploads\/2025\/12\/Som-Llavors-esmalte-de-unas-al-agua-peach.jpg","datePublished":"2025-12-24T14:32:59+00:00","dateModified":"2026-02-03T14:30:25+00:00","description":"Esmalte de u\u00f1as a base de agua dise\u00f1ado, especialmente para ni\u00f1os. F\u00e1cil de usar, se seca r\u00e1pidamente y se puede quitar sin disolvente como un adhesivo.","breadcrumb":{"@id":"https:\/\/somllavors.com\/es\/producte\/esmalte-de-unas-en-el-agua-peach-namaki#breadcrumb"},"inLanguage":"es","potentialAction":[{"@type":"ReadAction","target":["https:\/\/somllavors.com\/es\/producte\/esmalte-de-unas-en-el-agua-peach-namaki"]}]},{"@type":"ImageObject","inLanguage":"es","@id":"https:\/\/somllavors.com\/es\/producte\/esmalte-de-unas-en-el-agua-peach-namaki#primaryimage","url":"https:\/\/somllavors.com\/wp-content\/uploads\/2025\/12\/Som-Llavors-esmalte-de-unas-al-agua-peach.jpg","contentUrl":"https:\/\/somllavors.com\/wp-content\/uploads\/2025\/12\/Som-Llavors-esmalte-de-unas-al-agua-peach.jpg","width":1080,"height":1080,"caption":"esmalte u\u00f1as namaki"},{"@type":"BreadcrumbList","@id":"https:\/\/somllavors.com\/es\/producte\/esmalte-de-unas-en-el-agua-peach-namaki#breadcrumb","itemListElement":[{"@type":"ListItem","position":1,"name":"Inici","item":"https:\/\/somllavors.com\/es"},{"@type":"ListItem","position":2,"name":"Tienda","item":"https:\/\/somllavors.com\/es\/botiga-2"},{"@type":"ListItem","position":3,"name":"Esmalte de u\u00f1as en el agua Peach &#8211; Namaki"}]},{"@type":"WebSite","@id":"https:\/\/somllavors.com\/es#website","url":"https:\/\/somllavors.com\/es","name":"Som Llavors","description":"Botiga de crian\u00e7a natural","publisher":{"@id":"https:\/\/somllavors.com\/es#organization"},"alternateName":"Crian\u00e7a Natural i Sostenible","potentialAction":[{"@type":"SearchAction","target":{"@type":"EntryPoint","urlTemplate":"https:\/\/somllavors.com\/es?s={search_term_string}"},"query-input":{"@type":"PropertyValueSpecification","valueRequired":true,"valueName":"search_term_string"}}],"inLanguage":"es"},{"@type":["Organization","Place","Store"],"@id":"https:\/\/somllavors.com\/es#organization","name":"Som Llavors","alternateName":"Crian\u00e7a Natural i Sostenible","url":"https:\/\/somllavors.com\/es","logo":{"@id":"https:\/\/somllavors.com\/es\/producte\/esmalte-de-unas-en-el-agua-peach-namaki#local-main-organization-logo"},"image":{"@id":"https:\/\/somllavors.com\/es\/producte\/esmalte-de-unas-en-el-agua-peach-namaki#local-main-organization-logo"},"sameAs":["https:\/\/www.facebook.com\/somllavorsvng\/?locale=ca_ES","https:\/\/www.instagram.com\/somllavors_vng\/","https:\/\/www.youtube.com\/@somllavors"],"address":{"@id":"https:\/\/somllavors.com\/es\/producte\/esmalte-de-unas-en-el-agua-peach-namaki#local-main-place-address"},"geo":{"@type":"GeoCoordinates","latitude":"41.2257737","longitude":"1.723258859"},"telephone":["623152704","623152704"],"openingHoursSpecification":[{"@type":"OpeningHoursSpecification","dayOfWeek":["Monday","Sunday"],"opens":"00:00","closes":"00:00"},{"@type":"OpeningHoursSpecification","dayOfWeek":["Tuesday","Wednesday","Thursday","Friday"],"opens":"10:00","closes":"20:00"},{"@type":"OpeningHoursSpecification","dayOfWeek":["Saturday"],"opens":"10:00","closes":"13:30"}],"email":"info@somllavors.com"},{"@type":"PostalAddress","@id":"https:\/\/somllavors.com\/es\/producte\/esmalte-de-unas-en-el-agua-peach-namaki#local-main-place-address","streetAddress":"Carrer de l'aigua, 6","addressLocality":"Vilanova i la Geltr\u00fa","postalCode":"08800","addressRegion":"Barcelona","addressCountry":"ES"},{"@type":"ImageObject","inLanguage":"es","@id":"https:\/\/somllavors.com\/es\/producte\/esmalte-de-unas-en-el-agua-peach-namaki#local-main-organization-logo","url":"https:\/\/somllavors.com\/wp-content\/uploads\/Logotip-Som-Llavors.jpg","contentUrl":"https:\/\/somllavors.com\/wp-content\/uploads\/Logotip-Som-Llavors.jpg","width":1444,"height":1323,"caption":"Som Llavors"}]},"product_price_amount":"6.50","product_price_currency":"EUR","og_availability":"instock","product_availability":"instock","product_retailer_item_id":"110229","product_condition":"new","geo.placename":"Vilanova i la Geltr\u00fa","geo.position":{"lat":"41.2257737","long":"1.723258859"},"geo.region":"Espa\u00f1a"},"brands":[{"id":4599,"name":"Namaki","slug":"namaki"}],"_links":{"self":[{"href":"https:\/\/somllavors.com\/es\/wp-json\/wp\/v2\/product\/88129","targetHints":{"allow":["GET"]}}],"collection":[{"href":"https:\/\/somllavors.com\/es\/wp-json\/wp\/v2\/product"}],"about":[{"href":"https:\/\/somllavors.com\/es\/wp-json\/wp\/v2\/types\/product"}],"wp:featuredmedia":[{"embeddable":true,"href":"https:\/\/somllavors.com\/es\/wp-json\/wp\/v2\/media\/87085"}],"wp:attachment":[{"href":"https:\/\/somllavors.com\/es\/wp-json\/wp\/v2\/media?parent=88129"}],"wp:term":[{"taxonomy":"pwb-brand","embeddable":true,"href":"https:\/\/somllavors.com\/es\/wp-json\/wp\/v2\/pwb-brand?post=88129"},{"taxonomy":"product_brand","embeddable":true,"href":"https:\/\/somllavors.com\/es\/wp-json\/wp\/v2\/product_brand?post=88129"},{"taxonomy":"product_cat","embeddable":true,"href":"https:\/\/somllavors.com\/es\/wp-json\/wp\/v2\/product_cat?post=88129"},{"taxonomy":"product_tag","embeddable":true,"href":"https:\/\/somllavors.com\/es\/wp-json\/wp\/v2\/product_tag?post=88129"}],"curies":[{"name":"wp","href":"https:\/\/api.w.org\/{rel}","templated":true}]}}