{"id":88199,"date":"2025-09-16T22:32:59","date_gmt":"2025-09-16T20:32:59","guid":{"rendered":"https:\/\/somllavors.com\/producte\/pack-cupula-47-piezas-cleverclixx"},"modified":"2025-09-16T22:32:59","modified_gmt":"2025-09-16T20:32:59","slug":"pack-cupula-47-piezas-cleverclixx","status":"publish","type":"product","link":"https:\/\/somllavors.com\/es\/producte\/pack-cupula-47-piezas-cleverclixx","title":{"rendered":"Pack c\u00fapula 47 piezas &#8211; Cleverclixx"},"content":{"rendered":"<ul>\n<li>El paquete de c\u00fapula curva es una forma divertida para que las criaturas aprendan sobre nuevas formas, que pueden utilizarse inmediatamente en nuevas creaciones. Las piezas curvas les desaf\u00edan a pensar de forma innovadora y utilizar su imaginaci\u00f3n. <\/li>\n<li>Todo esto hace que este conjunto sea divertido y educativo, porque ayuda a desarrollar la conciencia espacial y las habilidades para resolver problemas.<\/li>\n<li>Ya sea que construya c\u00fapulas, arcos u otras estructuras intrigantes, este conjunto es el complemento perfecto para cualquier colecci\u00f3n de bloques de construcci\u00f3n.<\/li>\n<li>\u00a1El paquete de c\u00fapula curva convierte cada sesi\u00f3n de construcci\u00f3n en una aventura llena de creatividad, innovaci\u00f3n y diversi\u00f3n!<\/li>\n<li>A partir de los 3 a\u00f1os, pueden empezar a aprender el concepto de construcci\u00f3n en 3D.<\/li>\n<li>A medida que las criaturas van creciendo, se pueden realizar construcciones m\u00e1s complejas y, en primaria, es incluso una herramienta \u00fatil para ejercicios matem\u00e1ticos.<\/li>\n<li>\u00a1Mejor todav\u00eda! Construye contra el radiador u otras superficies magn\u00e9ticas y crea obra vertical. O dibuja todo tipo de letras y n\u00fameros con rotuladores borrables y s\u00e9 creativo\/a con los juegos de construcci\u00f3n magn\u00e9ticos Cleverclixx.  <\/li>\n<li>Jugar solo\/a o en grupo con las piezas magn\u00e9ticas Cleverclixx estimula el aprendizaje STEAM y ayuda a la criatura a desarrollar las habilidades motoras.<\/li>\n<li>Tambi\u00e9n se utiliza cada vez m\u00e1s en las escuelas de infantil y primaria.<\/li>\n<li>\u00bfQu\u00e9 es STEAM y por qu\u00e9 es tan popular? STEAM significa ciencia, tecnolog\u00eda, ingenier\u00eda, artes y matem\u00e1ticas.\n<ul>\n<li>STEAM no es una mera tendencia, sino que refleja un importante cambio en la educaci\u00f3n. Por tanto, el objetivo es hacer que el aprendizaje sea m\u00e1s pr\u00e1ctico. <\/li>\n<li>De esta forma, las criaturas pueden crecer con las habilidades necesarias para encontrar un buen trabajo y ayudar a mejorar la sociedad en el futuro.<\/li>\n<li>En Cleverclixx, nuestra pasi\u00f3n es crear juguetes educativos que inspiren curiosidad, creatividad y un amor por el aprendizaje que dure toda la vida. Creemos que el aprendizaje debe ser l\u00fadico, accesible e innovador. <\/li>\n<li>Por eso, Cleverclixx se esfuerza por dise\u00f1ar juguetes que no s\u00f3lo sean divertidos, sino que tambi\u00e9n ofrezcan las criaturas oportunidades de descubrir y aprender nuevas habilidades. Y desde Som Llavors queremos acompa\u00f1arles en este camino. <\/li>\n<\/ul>\n<\/li>\n<\/ul>\n","protected":false},"excerpt":{"rendered":"<p>El paquete de c\u00fapula curva Cleverclixx contiene piezas curvas triangulares \u00fanicas.<\/p>\n<ul>\n<li>Las piezas curvas especialmente dise\u00f1adas a\u00f1aden una nueva capa de creatividad, lo que significa que las construcciones no s\u00f3lo ser\u00e1n mayores, sino tambi\u00e9n mucho m\u00e1s \u00fanicas.<\/li>\n<\/ul>\n","protected":false},"featured_media":83071,"template":"","meta":{"_acf_changed":false,"site-sidebar-layout":"default","site-content-layout":"","ast-site-content-layout":"default","site-content-style":"default","site-sidebar-style":"default","ast-global-header-display":"","ast-banner-title-visibility":"","ast-main-header-display":"","ast-hfb-above-header-display":"","ast-hfb-below-header-display":"","ast-hfb-mobile-header-display":"","site-post-title":"","ast-breadcrumbs-content":"","ast-featured-img":"","footer-sml-layout":"","ast-disable-related-posts":"","theme-transparent-header-meta":"default","adv-header-id-meta":"","stick-header-meta":"","header-above-stick-meta":"","header-main-stick-meta":"","header-below-stick-meta":"","astra-migrate-meta-layouts":"default","ast-page-background-enabled":"default","ast-page-background-meta":{"desktop":{"background-color":"","background-image":"","background-repeat":"repeat","background-position":"center center","background-size":"auto","background-attachment":"scroll","background-type":"","background-media":"","overlay-type":"","overlay-color":"","overlay-opacity":"","overlay-gradient":""},"tablet":{"background-color":"","background-image":"","background-repeat":"repeat","background-position":"center center","background-size":"auto","background-attachment":"scroll","background-type":"","background-media":"","overlay-type":"","overlay-color":"","overlay-opacity":"","overlay-gradient":""},"mobile":{"background-color":"","background-image":"","background-repeat":"repeat","background-position":"center center","background-size":"auto","background-attachment":"scroll","background-type":"","background-media":"","overlay-type":"","overlay-color":"","overlay-opacity":"","overlay-gradient":""}},"ast-content-background-meta":{"desktop":{"background-color":"var(--ast-global-color-5)","background-image":"","background-repeat":"repeat","background-position":"center center","background-size":"auto","background-attachment":"scroll","background-type":"","background-media":"","overlay-type":"","overlay-color":"","overlay-opacity":"","overlay-gradient":""},"tablet":{"background-color":"var(--ast-global-color-5)","background-image":"","background-repeat":"repeat","background-position":"center center","background-size":"auto","background-attachment":"scroll","background-type":"","background-media":"","overlay-type":"","overlay-color":"","overlay-opacity":"","overlay-gradient":""},"mobile":{"background-color":"var(--ast-global-color-5)","background-image":"","background-repeat":"repeat","background-position":"center center","background-size":"auto","background-attachment":"scroll","background-type":"","background-media":"","overlay-type":"","overlay-color":"","overlay-opacity":"","overlay-gradient":""}}},"pwb-brand":[5774],"product_brand":[],"product_cat":[3373,3376,3377,3382,3539,3547],"product_tag":[6000,6001],"class_list":{"0":"post-88199","1":"product","2":"type-product","3":"status-publish","4":"has-post-thumbnail","6":"pwb-brand-cleverclixx","7":"product_cat-3-anos","8":"product_cat-4-anos","9":"product_cat-6-anos","10":"product_cat-8-anos","11":"product_cat-encajables-apilables-equilibrio-y-construcciones","12":"product_cat-juegos-magneticos","13":"product_tag-cleverclixx","14":"product_tag-juego-magnetico","15":"desktop-align-left","16":"tablet-align-left","17":"mobile-align-left","19":"first","20":"instock","21":"taxable","22":"shipping-taxable","23":"purchasable","24":"product-type-simple"},"acf":[],"yoast_head":"<!-- This site is optimized with the Yoast SEO Premium plugin v18.3 (Yoast SEO v27.4) - https:\/\/yoast.com\/product\/yoast-seo-premium-wordpress\/ -->\n<title>Pack c\u00fapula 47 piezas - Cleverclixx &#8212; Som Llavors<\/title>\n<meta name=\"description\" content=\"El paquete de c\u00fapula curva Cleverclixx contiene piezas curvas triangulares \u00fanicas.  Las piezas curvas especialmente dise\u00f1adas a\u00f1aden una nueva capa de creatividad, lo que significa que las construcciones no s\u00f3lo ser\u00e1n mayores, sino tambi\u00e9n mucho m\u00e1s \u00fanicas.\" \/>\n<meta name=\"robots\" content=\"index, follow, max-snippet:-1, max-image-preview:large, max-video-preview:-1\" \/>\n<link rel=\"canonical\" href=\"https:\/\/somllavors.com\/es\/producte\/pack-cupula-47-piezas-cleverclixx\" \/>\n<meta property=\"og:locale\" content=\"es_ES\" \/>\n<meta property=\"og:type\" content=\"article\" \/>\n<meta property=\"og:title\" content=\"Pack c\u00fapula 47 piezas - Cleverclixx\" \/>\n<meta property=\"og:description\" content=\"La teva botiga d\u2019ecocrian\u00e7a i espai d\u2019acompanyament a la maternitat\" \/>\n<meta property=\"og:url\" content=\"https:\/\/somllavors.com\/es\/producte\/pack-cupula-47-piezas-cleverclixx\" \/>\n<meta property=\"og:site_name\" content=\"Som Llavors\" \/>\n<meta property=\"article:publisher\" content=\"https:\/\/www.facebook.com\/somllavorsvng\/?locale=ca_ES\" \/>\n<meta property=\"og:image\" content=\"https:\/\/somllavors.com\/wp-content\/uploads\/2025\/09\/Som-Llavors-pack-cupula-cleverclixx-.webp\" \/>\n\t<meta property=\"og:image:width\" content=\"580\" \/>\n\t<meta property=\"og:image:height\" content=\"580\" \/>\n\t<meta property=\"og:image:type\" content=\"image\/webp\" \/>\n<meta name=\"twitter:card\" content=\"summary_large_image\" \/>\n<meta name=\"twitter:label1\" content=\"Precio\" \/>\n\t<meta name=\"twitter:data1\" content=\"69,95&euro; Iva incl\u00f2s\" \/>\n\t<meta name=\"twitter:label2\" content=\"Availability\" \/>\n\t<meta name=\"twitter:data2\" content=\"Hay existencias\" \/>\n<script type=\"application\/ld+json\" class=\"yoast-schema-graph\">{\"@context\":\"https:\\\/\\\/schema.org\",\"@graph\":[{\"@type\":\"WebPage\",\"@id\":\"https:\\\/\\\/somllavors.com\\\/es\\\/producte\\\/pack-cupula-47-piezas-cleverclixx\",\"url\":\"https:\\\/\\\/somllavors.com\\\/es\\\/producte\\\/pack-cupula-47-piezas-cleverclixx\",\"name\":\"Pack c\u00fapula 47 piezas - Cleverclixx &#8212; Som Llavors\",\"isPartOf\":{\"@id\":\"https:\\\/\\\/somllavors.com\\\/es#website\"},\"primaryImageOfPage\":{\"@id\":\"https:\\\/\\\/somllavors.com\\\/es\\\/producte\\\/pack-cupula-47-piezas-cleverclixx#primaryimage\"},\"image\":{\"@id\":\"https:\\\/\\\/somllavors.com\\\/es\\\/producte\\\/pack-cupula-47-piezas-cleverclixx#primaryimage\"},\"thumbnailUrl\":\"https:\\\/\\\/somllavors.com\\\/wp-content\\\/uploads\\\/2025\\\/09\\\/Som-Llavors-pack-cupula-cleverclixx-.webp\",\"datePublished\":\"2025-09-16T20:32:59+00:00\",\"description\":\"El paquete de c\u00fapula curva Cleverclixx contiene piezas curvas triangulares \u00fanicas. Las piezas curvas especialmente dise\u00f1adas a\u00f1aden una nueva capa de creatividad, lo que significa que las construcciones no s\u00f3lo ser\u00e1n mayores, sino tambi\u00e9n mucho m\u00e1s \u00fanicas.\",\"breadcrumb\":{\"@id\":\"https:\\\/\\\/somllavors.com\\\/es\\\/producte\\\/pack-cupula-47-piezas-cleverclixx#breadcrumb\"},\"inLanguage\":\"es\",\"potentialAction\":[{\"@type\":\"ReadAction\",\"target\":[\"https:\\\/\\\/somllavors.com\\\/es\\\/producte\\\/pack-cupula-47-piezas-cleverclixx\"]}]},{\"@type\":\"ImageObject\",\"inLanguage\":\"es\",\"@id\":\"https:\\\/\\\/somllavors.com\\\/es\\\/producte\\\/pack-cupula-47-piezas-cleverclixx#primaryimage\",\"url\":\"https:\\\/\\\/somllavors.com\\\/wp-content\\\/uploads\\\/2025\\\/09\\\/Som-Llavors-pack-cupula-cleverclixx-.webp\",\"contentUrl\":\"https:\\\/\\\/somllavors.com\\\/wp-content\\\/uploads\\\/2025\\\/09\\\/Som-Llavors-pack-cupula-cleverclixx-.webp\",\"width\":580,\"height\":580,\"caption\":\"pack cupula cleverclixx\"},{\"@type\":\"BreadcrumbList\",\"@id\":\"https:\\\/\\\/somllavors.com\\\/es\\\/producte\\\/pack-cupula-47-piezas-cleverclixx#breadcrumb\",\"itemListElement\":[{\"@type\":\"ListItem\",\"position\":1,\"name\":\"Inici\",\"item\":\"https:\\\/\\\/somllavors.com\\\/es\"},{\"@type\":\"ListItem\",\"position\":2,\"name\":\"Tienda\",\"item\":\"https:\\\/\\\/somllavors.com\\\/es\\\/botiga-2\"},{\"@type\":\"ListItem\",\"position\":3,\"name\":\"Pack c\u00fapula 47 piezas &#8211; Cleverclixx\"}]},{\"@type\":\"WebSite\",\"@id\":\"https:\\\/\\\/somllavors.com\\\/es#website\",\"url\":\"https:\\\/\\\/somllavors.com\\\/es\",\"name\":\"Som Llavors\",\"description\":\"Botiga de crian\u00e7a natural\",\"publisher\":{\"@id\":\"https:\\\/\\\/somllavors.com\\\/es#organization\"},\"alternateName\":\"Crian\u00e7a Natural i Sostenible\",\"potentialAction\":[{\"@type\":\"SearchAction\",\"target\":{\"@type\":\"EntryPoint\",\"urlTemplate\":\"https:\\\/\\\/somllavors.com\\\/es?s={search_term_string}\"},\"query-input\":{\"@type\":\"PropertyValueSpecification\",\"valueRequired\":true,\"valueName\":\"search_term_string\"}}],\"inLanguage\":\"es\"},{\"@type\":[\"Organization\",\"Place\",\"Store\"],\"@id\":\"https:\\\/\\\/somllavors.com\\\/es#organization\",\"name\":\"Som Llavors\",\"alternateName\":\"Crian\u00e7a Natural i Sostenible\",\"url\":\"https:\\\/\\\/somllavors.com\\\/es\",\"logo\":{\"@id\":\"https:\\\/\\\/somllavors.com\\\/es\\\/producte\\\/pack-cupula-47-piezas-cleverclixx#local-main-organization-logo\"},\"image\":{\"@id\":\"https:\\\/\\\/somllavors.com\\\/es\\\/producte\\\/pack-cupula-47-piezas-cleverclixx#local-main-organization-logo\"},\"sameAs\":[\"https:\\\/\\\/www.facebook.com\\\/somllavorsvng\\\/?locale=ca_ES\",\"https:\\\/\\\/www.instagram.com\\\/somllavors_vng\\\/\",\"https:\\\/\\\/www.youtube.com\\\/@somllavors\"],\"address\":{\"@id\":\"https:\\\/\\\/somllavors.com\\\/es\\\/producte\\\/pack-cupula-47-piezas-cleverclixx#local-main-place-address\"},\"geo\":{\"@type\":\"GeoCoordinates\",\"latitude\":\"41.2257737\",\"longitude\":\"1.723258859\"},\"telephone\":[\"623152704\"],\"openingHoursSpecification\":[{\"@type\":\"OpeningHoursSpecification\",\"dayOfWeek\":[\"Monday\",\"Sunday\"],\"opens\":\"00:00\",\"closes\":\"00:00\"},{\"@type\":\"OpeningHoursSpecification\",\"dayOfWeek\":[\"Tuesday\",\"Wednesday\",\"Thursday\",\"Friday\"],\"opens\":\"10:00\",\"closes\":\"20:00\"},{\"@type\":\"OpeningHoursSpecification\",\"dayOfWeek\":[\"Saturday\"],\"opens\":\"10:00\",\"closes\":\"13:30\"}],\"email\":\"info@somllavors.com\"},{\"@type\":\"PostalAddress\",\"@id\":\"https:\\\/\\\/somllavors.com\\\/es\\\/producte\\\/pack-cupula-47-piezas-cleverclixx#local-main-place-address\",\"streetAddress\":\"Carrer de l'aigua, 6\",\"addressLocality\":\"Vilanova i la Geltr\u00fa\",\"postalCode\":\"08800\",\"addressRegion\":\"Barcelona\",\"addressCountry\":\"ES\"},{\"@type\":\"ImageObject\",\"inLanguage\":\"es\",\"@id\":\"https:\\\/\\\/somllavors.com\\\/es\\\/producte\\\/pack-cupula-47-piezas-cleverclixx#local-main-organization-logo\",\"url\":\"https:\\\/\\\/somllavors.com\\\/wp-content\\\/uploads\\\/Logotip-Som-Llavors.jpg\",\"contentUrl\":\"https:\\\/\\\/somllavors.com\\\/wp-content\\\/uploads\\\/Logotip-Som-Llavors.jpg\",\"width\":1444,\"height\":1323,\"caption\":\"Som Llavors\"}]}<\/script>\n<meta property=\"product:price:amount\" content=\"69.95\" \/>\n<meta property=\"product:price:currency\" content=\"EUR\" \/>\n<meta property=\"og:availability\" content=\"instock\" \/>\n<meta property=\"product:availability\" content=\"instock\" \/>\n<meta property=\"product:retailer_item_id\" content=\"CC-3024\" \/>\n<meta property=\"product:condition\" content=\"new\" \/>\n<meta name=\"geo.placename\" content=\"Vilanova i la Geltr\u00fa\" \/>\n<meta name=\"geo.position\" content=\"41.2257737;1.723258859\" \/>\n<meta name=\"geo.region\" content=\"Espa\u00f1a\" \/>\n<!-- \/ Yoast SEO Premium plugin. -->","yoast_head_json":{"title":"Pack c\u00fapula 47 piezas - Cleverclixx &#8212; Som Llavors","description":"El paquete de c\u00fapula curva Cleverclixx contiene piezas curvas triangulares \u00fanicas.  Las piezas curvas especialmente dise\u00f1adas a\u00f1aden una nueva capa de creatividad, lo que significa que las construcciones no s\u00f3lo ser\u00e1n mayores, sino tambi\u00e9n mucho m\u00e1s \u00fanicas.","robots":{"index":"index","follow":"follow","max-snippet":"max-snippet:-1","max-image-preview":"max-image-preview:large","max-video-preview":"max-video-preview:-1"},"canonical":"https:\/\/somllavors.com\/es\/producte\/pack-cupula-47-piezas-cleverclixx","og_locale":"es_ES","og_type":"article","og_title":"Pack c\u00fapula 47 piezas - Cleverclixx","og_description":"La teva botiga d\u2019ecocrian\u00e7a i espai d\u2019acompanyament a la maternitat","og_url":"https:\/\/somllavors.com\/es\/producte\/pack-cupula-47-piezas-cleverclixx","og_site_name":"Som Llavors","article_publisher":"https:\/\/www.facebook.com\/somllavorsvng\/?locale=ca_ES","og_image":[{"width":580,"height":580,"url":"https:\/\/somllavors.com\/wp-content\/uploads\/2025\/09\/Som-Llavors-pack-cupula-cleverclixx-.webp","type":"image\/webp"}],"twitter_card":"summary_large_image","twitter_misc":{"Precio":"69,95&euro; Iva incl\u00f2s","Availability":"Hay existencias"},"schema":{"@context":"https:\/\/schema.org","@graph":[{"@type":"WebPage","@id":"https:\/\/somllavors.com\/es\/producte\/pack-cupula-47-piezas-cleverclixx","url":"https:\/\/somllavors.com\/es\/producte\/pack-cupula-47-piezas-cleverclixx","name":"Pack c\u00fapula 47 piezas - Cleverclixx &#8212; Som Llavors","isPartOf":{"@id":"https:\/\/somllavors.com\/es#website"},"primaryImageOfPage":{"@id":"https:\/\/somllavors.com\/es\/producte\/pack-cupula-47-piezas-cleverclixx#primaryimage"},"image":{"@id":"https:\/\/somllavors.com\/es\/producte\/pack-cupula-47-piezas-cleverclixx#primaryimage"},"thumbnailUrl":"https:\/\/somllavors.com\/wp-content\/uploads\/2025\/09\/Som-Llavors-pack-cupula-cleverclixx-.webp","datePublished":"2025-09-16T20:32:59+00:00","description":"El paquete de c\u00fapula curva Cleverclixx contiene piezas curvas triangulares \u00fanicas. Las piezas curvas especialmente dise\u00f1adas a\u00f1aden una nueva capa de creatividad, lo que significa que las construcciones no s\u00f3lo ser\u00e1n mayores, sino tambi\u00e9n mucho m\u00e1s \u00fanicas.","breadcrumb":{"@id":"https:\/\/somllavors.com\/es\/producte\/pack-cupula-47-piezas-cleverclixx#breadcrumb"},"inLanguage":"es","potentialAction":[{"@type":"ReadAction","target":["https:\/\/somllavors.com\/es\/producte\/pack-cupula-47-piezas-cleverclixx"]}]},{"@type":"ImageObject","inLanguage":"es","@id":"https:\/\/somllavors.com\/es\/producte\/pack-cupula-47-piezas-cleverclixx#primaryimage","url":"https:\/\/somllavors.com\/wp-content\/uploads\/2025\/09\/Som-Llavors-pack-cupula-cleverclixx-.webp","contentUrl":"https:\/\/somllavors.com\/wp-content\/uploads\/2025\/09\/Som-Llavors-pack-cupula-cleverclixx-.webp","width":580,"height":580,"caption":"pack cupula cleverclixx"},{"@type":"BreadcrumbList","@id":"https:\/\/somllavors.com\/es\/producte\/pack-cupula-47-piezas-cleverclixx#breadcrumb","itemListElement":[{"@type":"ListItem","position":1,"name":"Inici","item":"https:\/\/somllavors.com\/es"},{"@type":"ListItem","position":2,"name":"Tienda","item":"https:\/\/somllavors.com\/es\/botiga-2"},{"@type":"ListItem","position":3,"name":"Pack c\u00fapula 47 piezas &#8211; Cleverclixx"}]},{"@type":"WebSite","@id":"https:\/\/somllavors.com\/es#website","url":"https:\/\/somllavors.com\/es","name":"Som Llavors","description":"Botiga de crian\u00e7a natural","publisher":{"@id":"https:\/\/somllavors.com\/es#organization"},"alternateName":"Crian\u00e7a Natural i Sostenible","potentialAction":[{"@type":"SearchAction","target":{"@type":"EntryPoint","urlTemplate":"https:\/\/somllavors.com\/es?s={search_term_string}"},"query-input":{"@type":"PropertyValueSpecification","valueRequired":true,"valueName":"search_term_string"}}],"inLanguage":"es"},{"@type":["Organization","Place","Store"],"@id":"https:\/\/somllavors.com\/es#organization","name":"Som Llavors","alternateName":"Crian\u00e7a Natural i Sostenible","url":"https:\/\/somllavors.com\/es","logo":{"@id":"https:\/\/somllavors.com\/es\/producte\/pack-cupula-47-piezas-cleverclixx#local-main-organization-logo"},"image":{"@id":"https:\/\/somllavors.com\/es\/producte\/pack-cupula-47-piezas-cleverclixx#local-main-organization-logo"},"sameAs":["https:\/\/www.facebook.com\/somllavorsvng\/?locale=ca_ES","https:\/\/www.instagram.com\/somllavors_vng\/","https:\/\/www.youtube.com\/@somllavors"],"address":{"@id":"https:\/\/somllavors.com\/es\/producte\/pack-cupula-47-piezas-cleverclixx#local-main-place-address"},"geo":{"@type":"GeoCoordinates","latitude":"41.2257737","longitude":"1.723258859"},"telephone":["623152704","623152704"],"openingHoursSpecification":[{"@type":"OpeningHoursSpecification","dayOfWeek":["Monday","Sunday"],"opens":"00:00","closes":"00:00"},{"@type":"OpeningHoursSpecification","dayOfWeek":["Tuesday","Wednesday","Thursday","Friday"],"opens":"10:00","closes":"20:00"},{"@type":"OpeningHoursSpecification","dayOfWeek":["Saturday"],"opens":"10:00","closes":"13:30"}],"email":"info@somllavors.com"},{"@type":"PostalAddress","@id":"https:\/\/somllavors.com\/es\/producte\/pack-cupula-47-piezas-cleverclixx#local-main-place-address","streetAddress":"Carrer de l'aigua, 6","addressLocality":"Vilanova i la Geltr\u00fa","postalCode":"08800","addressRegion":"Barcelona","addressCountry":"ES"},{"@type":"ImageObject","inLanguage":"es","@id":"https:\/\/somllavors.com\/es\/producte\/pack-cupula-47-piezas-cleverclixx#local-main-organization-logo","url":"https:\/\/somllavors.com\/wp-content\/uploads\/Logotip-Som-Llavors.jpg","contentUrl":"https:\/\/somllavors.com\/wp-content\/uploads\/Logotip-Som-Llavors.jpg","width":1444,"height":1323,"caption":"Som Llavors"}]},"product_price_amount":"69.95","product_price_currency":"EUR","og_availability":"instock","product_availability":"instock","product_retailer_item_id":"CC-3024","product_condition":"new","geo.placename":"Vilanova i la Geltr\u00fa","geo.position":{"lat":"41.2257737","long":"1.723258859"},"geo.region":"Espa\u00f1a"},"brands":[{"id":5774,"name":"CleverClixx","slug":"cleverclixx"}],"_links":{"self":[{"href":"https:\/\/somllavors.com\/es\/wp-json\/wp\/v2\/product\/88199","targetHints":{"allow":["GET"]}}],"collection":[{"href":"https:\/\/somllavors.com\/es\/wp-json\/wp\/v2\/product"}],"about":[{"href":"https:\/\/somllavors.com\/es\/wp-json\/wp\/v2\/types\/product"}],"wp:featuredmedia":[{"embeddable":true,"href":"https:\/\/somllavors.com\/es\/wp-json\/wp\/v2\/media\/83071"}],"wp:attachment":[{"href":"https:\/\/somllavors.com\/es\/wp-json\/wp\/v2\/media?parent=88199"}],"wp:term":[{"taxonomy":"pwb-brand","embeddable":true,"href":"https:\/\/somllavors.com\/es\/wp-json\/wp\/v2\/pwb-brand?post=88199"},{"taxonomy":"product_brand","embeddable":true,"href":"https:\/\/somllavors.com\/es\/wp-json\/wp\/v2\/product_brand?post=88199"},{"taxonomy":"product_cat","embeddable":true,"href":"https:\/\/somllavors.com\/es\/wp-json\/wp\/v2\/product_cat?post=88199"},{"taxonomy":"product_tag","embeddable":true,"href":"https:\/\/somllavors.com\/es\/wp-json\/wp\/v2\/product_tag?post=88199"}],"curies":[{"name":"wp","href":"https:\/\/api.w.org\/{rel}","templated":true}]}}