{"id":88207,"date":"2025-09-12T13:28:43","date_gmt":"2025-09-12T11:28:43","guid":{"rendered":"https:\/\/somllavors.com\/producte\/termometro-de-bano-suavinex"},"modified":"2025-09-12T13:28:43","modified_gmt":"2025-09-12T11:28:43","slug":"termometro-de-bano-suavinex","status":"publish","type":"product","link":"https:\/\/somllavors.com\/es\/producte\/termometro-de-bano-suavinex","title":{"rendered":"Term\u00f3metro de ba\u00f1o &#8211; Suavinex"},"content":{"rendered":"<p>Caracter\u00edsticas:<\/p>\n<ul>\n<li>Sin Mercurio<\/li>\n<li>Sin contenido t\u00f3xico totalmente seguros.<\/li>\n<li>Edad recomendada: desde 0 a 36 meses<\/li>\n<\/ul>\n","protected":false},"excerpt":{"rendered":"<p>Term\u00f3metro de ba\u00f1o Suavinex para beb\u00e9s. Term\u00f3metro de beb\u00e9 sin mercurio. Sin contenido t\u00f3xico totalmente seguros. Mide de forma precisa la temperatura del agua del ba\u00f1o del beb\u00e9. Escalera de color: Rojo = agua demasiado caliente, Verde = temperatura id\u00f3nea y Azul = agua demasiado fr\u00eda. La temperatura ideal del agua debe ser de aprox. 37\u00baC \/ 98,5\u00baF.<br \/>\nMODO DE USO: sumerge el term\u00f3metro en el ba\u00f1o y comprueba que la temperatura marcada en la escalera no supera los 38\u00baC. En la escalera, el rango de temperatura \u00f3ptima est\u00e1 marcado entre 35 y 38\u00baC (en color verde).       <\/p>\n<p>Mide la temperatura del agua<\/p>\n<p>Mide de forma precisa la temperatura del agua del ba\u00f1o del beb\u00e9. Escalera de color: Rojo = agua demasiado caliente, Verde = temperatura id\u00f3nea y Azul = agua demasiado fr\u00eda. La temperatura ideal del agua debe ser de aprox. 37\u00baC \/ 98,5\u00baF.   <\/p>\n","protected":false},"featured_media":82844,"template":"","meta":{"_acf_changed":false,"site-sidebar-layout":"default","site-content-layout":"","ast-site-content-layout":"default","site-content-style":"default","site-sidebar-style":"default","ast-global-header-display":"","ast-banner-title-visibility":"","ast-main-header-display":"","ast-hfb-above-header-display":"","ast-hfb-below-header-display":"","ast-hfb-mobile-header-display":"","site-post-title":"","ast-breadcrumbs-content":"","ast-featured-img":"","footer-sml-layout":"","theme-transparent-header-meta":"default","adv-header-id-meta":"","stick-header-meta":"","header-above-stick-meta":"","header-main-stick-meta":"","header-below-stick-meta":"","astra-migrate-meta-layouts":"default","ast-page-background-enabled":"default","ast-page-background-meta":{"desktop":{"background-color":"","background-image":"","background-repeat":"repeat","background-position":"center center","background-size":"auto","background-attachment":"scroll","background-type":"","background-media":"","overlay-type":"","overlay-color":"","overlay-opacity":"","overlay-gradient":""},"tablet":{"background-color":"","background-image":"","background-repeat":"repeat","background-position":"center center","background-size":"auto","background-attachment":"scroll","background-type":"","background-media":"","overlay-type":"","overlay-color":"","overlay-opacity":"","overlay-gradient":""},"mobile":{"background-color":"","background-image":"","background-repeat":"repeat","background-position":"center center","background-size":"auto","background-attachment":"scroll","background-type":"","background-media":"","overlay-type":"","overlay-color":"","overlay-opacity":"","overlay-gradient":""}},"ast-content-background-meta":{"desktop":{"background-color":"var(--ast-global-color-5)","background-image":"","background-repeat":"repeat","background-position":"center center","background-size":"auto","background-attachment":"scroll","background-type":"","background-media":"","overlay-type":"","overlay-color":"","overlay-opacity":"","overlay-gradient":""},"tablet":{"background-color":"var(--ast-global-color-5)","background-image":"","background-repeat":"repeat","background-position":"center center","background-size":"auto","background-attachment":"scroll","background-type":"","background-media":"","overlay-type":"","overlay-color":"","overlay-opacity":"","overlay-gradient":""},"mobile":{"background-color":"var(--ast-global-color-5)","background-image":"","background-repeat":"repeat","background-position":"center center","background-size":"auto","background-attachment":"scroll","background-type":"","background-media":"","overlay-type":"","overlay-color":"","overlay-opacity":"","overlay-gradient":""}}},"pwb-brand":[],"product_brand":[],"product_cat":[3551,4621],"product_tag":[],"class_list":{"0":"post-88207","1":"product","2":"type-product","3":"status-publish","4":"has-post-thumbnail","6":"product_cat-la-hora-del-bano","7":"product_cat-termometro","8":"desktop-align-left","9":"tablet-align-left","10":"mobile-align-left","12":"first","13":"instock","14":"taxable","15":"shipping-taxable","16":"purchasable","17":"product-type-simple"},"acf":[],"yoast_head":"<!-- This site is optimized with the Yoast SEO Premium plugin v18.3 (Yoast SEO v27.4) - https:\/\/yoast.com\/product\/yoast-seo-premium-wordpress\/ -->\n<title>Term\u00f3metro de ba\u00f1o - Suavinex &#8212; Som Llavors<\/title>\n<meta name=\"description\" content=\"Term\u00f3metro de ba\u00f1o Suavinex para beb\u00e9s. Term\u00f3metro de beb\u00e9 sin mercurio. Sin contenido t\u00f3xico totalmente seguros. Mide de forma precisa la temperatura del agua del ba\u00f1o del beb\u00e9. Escalera de color: Rojo = agua demasiado caliente, Verde = temperatura id\u00f3nea y Azul = agua demasiado fr\u00eda. La temperatura ideal del agua debe ser de aprox. 37\u00baC \/ 98,5\u00baF. MODO DE USO: sumerge el term\u00f3metro en el ba\u00f1o y comprueba que la temperatura marcada en la escalera no supera los 38\u00baC. En la escalera, el rango de temperatura \u00f3ptima est\u00e1 marcado entre 35 y 38\u00baC (en color verde).     Mide la temperatura del agua Mide de forma precisa la temperatura del agua del ba\u00f1o del beb\u00e9. Escalera de color: Rojo = agua demasiado caliente, Verde = temperatura id\u00f3nea y Azul = agua demasiado fr\u00eda. La temperatura ideal del agua debe ser de aprox. 37\u00baC \/ 98,5\u00baF.\" \/>\n<meta name=\"robots\" content=\"index, follow, max-snippet:-1, max-image-preview:large, max-video-preview:-1\" \/>\n<link rel=\"canonical\" href=\"https:\/\/somllavors.com\/es\/producte\/termometro-de-bano-suavinex\" \/>\n<meta property=\"og:locale\" content=\"es_ES\" \/>\n<meta property=\"og:type\" content=\"article\" \/>\n<meta property=\"og:title\" content=\"Term\u00f3metro de ba\u00f1o - Suavinex\" \/>\n<meta property=\"og:description\" content=\"La teva botiga d\u2019ecocrian\u00e7a i espai d\u2019acompanyament a la maternitat\" \/>\n<meta property=\"og:url\" content=\"https:\/\/somllavors.com\/es\/producte\/termometro-de-bano-suavinex\" \/>\n<meta property=\"og:site_name\" content=\"Som Llavors\" \/>\n<meta property=\"article:publisher\" content=\"https:\/\/www.facebook.com\/somllavorsvng\/?locale=ca_ES\" \/>\n<meta property=\"og:image\" content=\"https:\/\/somllavors.com\/wp-content\/uploads\/2025\/09\/8426420303996_7-scaled.jpg\" \/>\n\t<meta property=\"og:image:width\" content=\"2560\" \/>\n\t<meta property=\"og:image:height\" content=\"2560\" \/>\n\t<meta property=\"og:image:type\" content=\"image\/jpeg\" \/>\n<meta name=\"twitter:card\" content=\"summary_large_image\" \/>\n<meta name=\"twitter:label1\" content=\"Precio\" \/>\n\t<meta name=\"twitter:data1\" content=\"6,95&euro; Iva incl\u00f2s\" \/>\n\t<meta name=\"twitter:label2\" content=\"Availability\" \/>\n\t<meta name=\"twitter:data2\" content=\"Hay existencias\" \/>\n<script type=\"application\/ld+json\" class=\"yoast-schema-graph\">{\"@context\":\"https:\\\/\\\/schema.org\",\"@graph\":[{\"@type\":\"WebPage\",\"@id\":\"https:\\\/\\\/somllavors.com\\\/es\\\/producte\\\/termometro-de-bano-suavinex\",\"url\":\"https:\\\/\\\/somllavors.com\\\/es\\\/producte\\\/termometro-de-bano-suavinex\",\"name\":\"Term\u00f3metro de ba\u00f1o - Suavinex &#8212; Som Llavors\",\"isPartOf\":{\"@id\":\"https:\\\/\\\/somllavors.com\\\/es#website\"},\"primaryImageOfPage\":{\"@id\":\"https:\\\/\\\/somllavors.com\\\/es\\\/producte\\\/termometro-de-bano-suavinex#primaryimage\"},\"image\":{\"@id\":\"https:\\\/\\\/somllavors.com\\\/es\\\/producte\\\/termometro-de-bano-suavinex#primaryimage\"},\"thumbnailUrl\":\"https:\\\/\\\/somllavors.com\\\/wp-content\\\/uploads\\\/2025\\\/09\\\/8426420303996_7-scaled.jpg\",\"datePublished\":\"2025-09-12T11:28:43+00:00\",\"description\":\"Term\u00f3metro de ba\u00f1o Suavinex para beb\u00e9s. Term\u00f3metro de beb\u00e9 sin mercurio. Sin contenido t\u00f3xico totalmente seguros. Mide de forma precisa la temperatura del agua del ba\u00f1o del beb\u00e9. Escalera de color: Rojo = agua demasiado caliente, Verde = temperatura id\u00f3nea y Azul = agua demasiado fr\u00eda. La temperatura ideal del agua debe ser de aprox. 37\u00baC \\\/ 98,5\u00baF. MODO DE USO: sumerge el term\u00f3metro en el ba\u00f1o y comprueba que la temperatura marcada en la escalera no supera los 38\u00baC. En la escalera, el rango de temperatura \u00f3ptima est\u00e1 marcado entre 35 y 38\u00baC (en color verde). Mide la temperatura del agua Mide de forma precisa la temperatura del agua del ba\u00f1o del beb\u00e9. Escalera de color: Rojo = agua demasiado caliente, Verde = temperatura id\u00f3nea y Azul = agua demasiado fr\u00eda. La temperatura ideal del agua debe ser de aprox. 37\u00baC \\\/ 98,5\u00baF.\",\"breadcrumb\":{\"@id\":\"https:\\\/\\\/somllavors.com\\\/es\\\/producte\\\/termometro-de-bano-suavinex#breadcrumb\"},\"inLanguage\":\"es\",\"potentialAction\":[{\"@type\":\"ReadAction\",\"target\":[\"https:\\\/\\\/somllavors.com\\\/es\\\/producte\\\/termometro-de-bano-suavinex\"]}]},{\"@type\":\"ImageObject\",\"inLanguage\":\"es\",\"@id\":\"https:\\\/\\\/somllavors.com\\\/es\\\/producte\\\/termometro-de-bano-suavinex#primaryimage\",\"url\":\"https:\\\/\\\/somllavors.com\\\/wp-content\\\/uploads\\\/2025\\\/09\\\/8426420303996_7-scaled.jpg\",\"contentUrl\":\"https:\\\/\\\/somllavors.com\\\/wp-content\\\/uploads\\\/2025\\\/09\\\/8426420303996_7-scaled.jpg\",\"width\":2560,\"height\":2560,\"caption\":\"termometro ba\u00f1o beb\u00e9\"},{\"@type\":\"BreadcrumbList\",\"@id\":\"https:\\\/\\\/somllavors.com\\\/es\\\/producte\\\/termometro-de-bano-suavinex#breadcrumb\",\"itemListElement\":[{\"@type\":\"ListItem\",\"position\":1,\"name\":\"Inici\",\"item\":\"https:\\\/\\\/somllavors.com\\\/es\"},{\"@type\":\"ListItem\",\"position\":2,\"name\":\"Tienda\",\"item\":\"https:\\\/\\\/somllavors.com\\\/es\\\/botiga-2\"},{\"@type\":\"ListItem\",\"position\":3,\"name\":\"Term\u00f3metro de ba\u00f1o &#8211; Suavinex\"}]},{\"@type\":\"WebSite\",\"@id\":\"https:\\\/\\\/somllavors.com\\\/es#website\",\"url\":\"https:\\\/\\\/somllavors.com\\\/es\",\"name\":\"Som Llavors\",\"description\":\"Botiga de crian\u00e7a natural\",\"publisher\":{\"@id\":\"https:\\\/\\\/somllavors.com\\\/es#organization\"},\"alternateName\":\"Crian\u00e7a Natural i Sostenible\",\"potentialAction\":[{\"@type\":\"SearchAction\",\"target\":{\"@type\":\"EntryPoint\",\"urlTemplate\":\"https:\\\/\\\/somllavors.com\\\/es?s={search_term_string}\"},\"query-input\":{\"@type\":\"PropertyValueSpecification\",\"valueRequired\":true,\"valueName\":\"search_term_string\"}}],\"inLanguage\":\"es\"},{\"@type\":[\"Organization\",\"Place\",\"Store\"],\"@id\":\"https:\\\/\\\/somllavors.com\\\/es#organization\",\"name\":\"Som Llavors\",\"alternateName\":\"Crian\u00e7a Natural i Sostenible\",\"url\":\"https:\\\/\\\/somllavors.com\\\/es\",\"logo\":{\"@id\":\"https:\\\/\\\/somllavors.com\\\/es\\\/producte\\\/termometro-de-bano-suavinex#local-main-organization-logo\"},\"image\":{\"@id\":\"https:\\\/\\\/somllavors.com\\\/es\\\/producte\\\/termometro-de-bano-suavinex#local-main-organization-logo\"},\"sameAs\":[\"https:\\\/\\\/www.facebook.com\\\/somllavorsvng\\\/?locale=ca_ES\",\"https:\\\/\\\/www.instagram.com\\\/somllavors_vng\\\/\",\"https:\\\/\\\/www.youtube.com\\\/@somllavors\"],\"address\":{\"@id\":\"https:\\\/\\\/somllavors.com\\\/es\\\/producte\\\/termometro-de-bano-suavinex#local-main-place-address\"},\"geo\":{\"@type\":\"GeoCoordinates\",\"latitude\":\"41.2257737\",\"longitude\":\"1.723258859\"},\"telephone\":[\"623152704\"],\"openingHoursSpecification\":[{\"@type\":\"OpeningHoursSpecification\",\"dayOfWeek\":[\"Monday\",\"Sunday\"],\"opens\":\"00:00\",\"closes\":\"00:00\"},{\"@type\":\"OpeningHoursSpecification\",\"dayOfWeek\":[\"Tuesday\",\"Wednesday\",\"Thursday\",\"Friday\"],\"opens\":\"10:00\",\"closes\":\"20:00\"},{\"@type\":\"OpeningHoursSpecification\",\"dayOfWeek\":[\"Saturday\"],\"opens\":\"10:00\",\"closes\":\"13:30\"}],\"email\":\"info@somllavors.com\"},{\"@type\":\"PostalAddress\",\"@id\":\"https:\\\/\\\/somllavors.com\\\/es\\\/producte\\\/termometro-de-bano-suavinex#local-main-place-address\",\"streetAddress\":\"Carrer de l'aigua, 6\",\"addressLocality\":\"Vilanova i la Geltr\u00fa\",\"postalCode\":\"08800\",\"addressRegion\":\"Barcelona\",\"addressCountry\":\"ES\"},{\"@type\":\"ImageObject\",\"inLanguage\":\"es\",\"@id\":\"https:\\\/\\\/somllavors.com\\\/es\\\/producte\\\/termometro-de-bano-suavinex#local-main-organization-logo\",\"url\":\"https:\\\/\\\/somllavors.com\\\/wp-content\\\/uploads\\\/Logotip-Som-Llavors.jpg\",\"contentUrl\":\"https:\\\/\\\/somllavors.com\\\/wp-content\\\/uploads\\\/Logotip-Som-Llavors.jpg\",\"width\":1444,\"height\":1323,\"caption\":\"Som Llavors\"}]}<\/script>\n<meta property=\"product:price:amount\" content=\"6.95\" \/>\n<meta property=\"product:price:currency\" content=\"EUR\" \/>\n<meta property=\"og:availability\" content=\"instock\" \/>\n<meta property=\"product:availability\" content=\"instock\" \/>\n<meta property=\"product:retailer_item_id\" content=\"402612\" \/>\n<meta property=\"product:condition\" content=\"new\" \/>\n<meta name=\"geo.placename\" content=\"Vilanova i la Geltr\u00fa\" \/>\n<meta name=\"geo.position\" content=\"41.2257737;1.723258859\" \/>\n<meta name=\"geo.region\" content=\"Espa\u00f1a\" \/>\n<!-- \/ Yoast SEO Premium plugin. -->","yoast_head_json":{"title":"Term\u00f3metro de ba\u00f1o - Suavinex &#8212; Som Llavors","description":"Term\u00f3metro de ba\u00f1o Suavinex para beb\u00e9s. Term\u00f3metro de beb\u00e9 sin mercurio. Sin contenido t\u00f3xico totalmente seguros. Mide de forma precisa la temperatura del agua del ba\u00f1o del beb\u00e9. Escalera de color: Rojo = agua demasiado caliente, Verde = temperatura id\u00f3nea y Azul = agua demasiado fr\u00eda. La temperatura ideal del agua debe ser de aprox. 37\u00baC \/ 98,5\u00baF. MODO DE USO: sumerge el term\u00f3metro en el ba\u00f1o y comprueba que la temperatura marcada en la escalera no supera los 38\u00baC. En la escalera, el rango de temperatura \u00f3ptima est\u00e1 marcado entre 35 y 38\u00baC (en color verde).     Mide la temperatura del agua Mide de forma precisa la temperatura del agua del ba\u00f1o del beb\u00e9. Escalera de color: Rojo = agua demasiado caliente, Verde = temperatura id\u00f3nea y Azul = agua demasiado fr\u00eda. La temperatura ideal del agua debe ser de aprox. 37\u00baC \/ 98,5\u00baF.","robots":{"index":"index","follow":"follow","max-snippet":"max-snippet:-1","max-image-preview":"max-image-preview:large","max-video-preview":"max-video-preview:-1"},"canonical":"https:\/\/somllavors.com\/es\/producte\/termometro-de-bano-suavinex","og_locale":"es_ES","og_type":"article","og_title":"Term\u00f3metro de ba\u00f1o - Suavinex","og_description":"La teva botiga d\u2019ecocrian\u00e7a i espai d\u2019acompanyament a la maternitat","og_url":"https:\/\/somllavors.com\/es\/producte\/termometro-de-bano-suavinex","og_site_name":"Som Llavors","article_publisher":"https:\/\/www.facebook.com\/somllavorsvng\/?locale=ca_ES","og_image":[{"width":2560,"height":2560,"url":"https:\/\/somllavors.com\/wp-content\/uploads\/2025\/09\/8426420303996_7-scaled.jpg","type":"image\/jpeg"}],"twitter_card":"summary_large_image","twitter_misc":{"Precio":"6,95&euro; Iva incl\u00f2s","Availability":"Hay existencias"},"schema":{"@context":"https:\/\/schema.org","@graph":[{"@type":"WebPage","@id":"https:\/\/somllavors.com\/es\/producte\/termometro-de-bano-suavinex","url":"https:\/\/somllavors.com\/es\/producte\/termometro-de-bano-suavinex","name":"Term\u00f3metro de ba\u00f1o - Suavinex &#8212; Som Llavors","isPartOf":{"@id":"https:\/\/somllavors.com\/es#website"},"primaryImageOfPage":{"@id":"https:\/\/somllavors.com\/es\/producte\/termometro-de-bano-suavinex#primaryimage"},"image":{"@id":"https:\/\/somllavors.com\/es\/producte\/termometro-de-bano-suavinex#primaryimage"},"thumbnailUrl":"https:\/\/somllavors.com\/wp-content\/uploads\/2025\/09\/8426420303996_7-scaled.jpg","datePublished":"2025-09-12T11:28:43+00:00","description":"Term\u00f3metro de ba\u00f1o Suavinex para beb\u00e9s. Term\u00f3metro de beb\u00e9 sin mercurio. Sin contenido t\u00f3xico totalmente seguros. Mide de forma precisa la temperatura del agua del ba\u00f1o del beb\u00e9. Escalera de color: Rojo = agua demasiado caliente, Verde = temperatura id\u00f3nea y Azul = agua demasiado fr\u00eda. La temperatura ideal del agua debe ser de aprox. 37\u00baC \/ 98,5\u00baF. MODO DE USO: sumerge el term\u00f3metro en el ba\u00f1o y comprueba que la temperatura marcada en la escalera no supera los 38\u00baC. En la escalera, el rango de temperatura \u00f3ptima est\u00e1 marcado entre 35 y 38\u00baC (en color verde). Mide la temperatura del agua Mide de forma precisa la temperatura del agua del ba\u00f1o del beb\u00e9. Escalera de color: Rojo = agua demasiado caliente, Verde = temperatura id\u00f3nea y Azul = agua demasiado fr\u00eda. La temperatura ideal del agua debe ser de aprox. 37\u00baC \/ 98,5\u00baF.","breadcrumb":{"@id":"https:\/\/somllavors.com\/es\/producte\/termometro-de-bano-suavinex#breadcrumb"},"inLanguage":"es","potentialAction":[{"@type":"ReadAction","target":["https:\/\/somllavors.com\/es\/producte\/termometro-de-bano-suavinex"]}]},{"@type":"ImageObject","inLanguage":"es","@id":"https:\/\/somllavors.com\/es\/producte\/termometro-de-bano-suavinex#primaryimage","url":"https:\/\/somllavors.com\/wp-content\/uploads\/2025\/09\/8426420303996_7-scaled.jpg","contentUrl":"https:\/\/somllavors.com\/wp-content\/uploads\/2025\/09\/8426420303996_7-scaled.jpg","width":2560,"height":2560,"caption":"termometro ba\u00f1o beb\u00e9"},{"@type":"BreadcrumbList","@id":"https:\/\/somllavors.com\/es\/producte\/termometro-de-bano-suavinex#breadcrumb","itemListElement":[{"@type":"ListItem","position":1,"name":"Inici","item":"https:\/\/somllavors.com\/es"},{"@type":"ListItem","position":2,"name":"Tienda","item":"https:\/\/somllavors.com\/es\/botiga-2"},{"@type":"ListItem","position":3,"name":"Term\u00f3metro de ba\u00f1o &#8211; Suavinex"}]},{"@type":"WebSite","@id":"https:\/\/somllavors.com\/es#website","url":"https:\/\/somllavors.com\/es","name":"Som Llavors","description":"Botiga de crian\u00e7a natural","publisher":{"@id":"https:\/\/somllavors.com\/es#organization"},"alternateName":"Crian\u00e7a Natural i Sostenible","potentialAction":[{"@type":"SearchAction","target":{"@type":"EntryPoint","urlTemplate":"https:\/\/somllavors.com\/es?s={search_term_string}"},"query-input":{"@type":"PropertyValueSpecification","valueRequired":true,"valueName":"search_term_string"}}],"inLanguage":"es"},{"@type":["Organization","Place","Store"],"@id":"https:\/\/somllavors.com\/es#organization","name":"Som Llavors","alternateName":"Crian\u00e7a Natural i Sostenible","url":"https:\/\/somllavors.com\/es","logo":{"@id":"https:\/\/somllavors.com\/es\/producte\/termometro-de-bano-suavinex#local-main-organization-logo"},"image":{"@id":"https:\/\/somllavors.com\/es\/producte\/termometro-de-bano-suavinex#local-main-organization-logo"},"sameAs":["https:\/\/www.facebook.com\/somllavorsvng\/?locale=ca_ES","https:\/\/www.instagram.com\/somllavors_vng\/","https:\/\/www.youtube.com\/@somllavors"],"address":{"@id":"https:\/\/somllavors.com\/es\/producte\/termometro-de-bano-suavinex#local-main-place-address"},"geo":{"@type":"GeoCoordinates","latitude":"41.2257737","longitude":"1.723258859"},"telephone":["623152704","623152704"],"openingHoursSpecification":[{"@type":"OpeningHoursSpecification","dayOfWeek":["Monday","Sunday"],"opens":"00:00","closes":"00:00"},{"@type":"OpeningHoursSpecification","dayOfWeek":["Tuesday","Wednesday","Thursday","Friday"],"opens":"10:00","closes":"20:00"},{"@type":"OpeningHoursSpecification","dayOfWeek":["Saturday"],"opens":"10:00","closes":"13:30"}],"email":"info@somllavors.com"},{"@type":"PostalAddress","@id":"https:\/\/somllavors.com\/es\/producte\/termometro-de-bano-suavinex#local-main-place-address","streetAddress":"Carrer de l'aigua, 6","addressLocality":"Vilanova i la Geltr\u00fa","postalCode":"08800","addressRegion":"Barcelona","addressCountry":"ES"},{"@type":"ImageObject","inLanguage":"es","@id":"https:\/\/somllavors.com\/es\/producte\/termometro-de-bano-suavinex#local-main-organization-logo","url":"https:\/\/somllavors.com\/wp-content\/uploads\/Logotip-Som-Llavors.jpg","contentUrl":"https:\/\/somllavors.com\/wp-content\/uploads\/Logotip-Som-Llavors.jpg","width":1444,"height":1323,"caption":"Som Llavors"}]},"product_price_amount":"6.95","product_price_currency":"EUR","og_availability":"instock","product_availability":"instock","product_retailer_item_id":"402612","product_condition":"new","geo.placename":"Vilanova i la Geltr\u00fa","geo.position":{"lat":"41.2257737","long":"1.723258859"},"geo.region":"Espa\u00f1a"},"brands":[],"_links":{"self":[{"href":"https:\/\/somllavors.com\/es\/wp-json\/wp\/v2\/product\/88207","targetHints":{"allow":["GET"]}}],"collection":[{"href":"https:\/\/somllavors.com\/es\/wp-json\/wp\/v2\/product"}],"about":[{"href":"https:\/\/somllavors.com\/es\/wp-json\/wp\/v2\/types\/product"}],"wp:featuredmedia":[{"embeddable":true,"href":"https:\/\/somllavors.com\/es\/wp-json\/wp\/v2\/media\/82844"}],"wp:attachment":[{"href":"https:\/\/somllavors.com\/es\/wp-json\/wp\/v2\/media?parent=88207"}],"wp:term":[{"taxonomy":"pwb-brand","embeddable":true,"href":"https:\/\/somllavors.com\/es\/wp-json\/wp\/v2\/pwb-brand?post=88207"},{"taxonomy":"product_brand","embeddable":true,"href":"https:\/\/somllavors.com\/es\/wp-json\/wp\/v2\/product_brand?post=88207"},{"taxonomy":"product_cat","embeddable":true,"href":"https:\/\/somllavors.com\/es\/wp-json\/wp\/v2\/product_cat?post=88207"},{"taxonomy":"product_tag","embeddable":true,"href":"https:\/\/somllavors.com\/es\/wp-json\/wp\/v2\/product_tag?post=88207"}],"curies":[{"name":"wp","href":"https:\/\/api.w.org\/{rel}","templated":true}]}}